{"id":9174,"date":"2021-12-23T08:54:20","date_gmt":"2021-12-23T08:54:20","guid":{"rendered":"https:\/\/cheliastore.com\/?post_type=product&#038;p=9174"},"modified":"2024-04-15T13:12:34","modified_gmt":"2024-04-15T13:12:34","slug":"robinet-eau-dn15-energical","status":"publish","type":"product","link":"https:\/\/cheliastore.dz\/ar\/product\/robinet-eau-dn15-energical\/","title":{"rendered":"Robinet eau DN15 (ENERGICAL)"},"content":{"rendered":"","protected":false},"excerpt":{"rendered":"<h2>INFORMATIONS COMPL\u00c9MENTAIRES<\/h2>\n<table class=\"woocommerce-product-attributes shop_attributes\">\n<tbody>\n<tr class=\"woocommerce-product-attributes-item woocommerce-product-attributes-item--weight\">\n<th class=\"woocommerce-product-attributes-item__label\">Poids<\/th>\n<td class=\"woocommerce-product-attributes-item__value\">ND<\/td>\n<\/tr>\n<tr class=\"woocommerce-product-attributes-item woocommerce-product-attributes-item--dimensions\">\n<th class=\"woocommerce-product-attributes-item__label\">Dimensions<\/th>\n<td class=\"woocommerce-product-attributes-item__value\">ND<\/td>\n<\/tr>\n<tr class=\"woocommerce-product-attributes-item woocommerce-product-attributes-item--attribute_exigences-de-la-mati%c3%a8re\">\n<th class=\"woocommerce-product-attributes-item__label\">Exigences de la mati\u00e8re:<\/th>\n<td class=\"woocommerce-product-attributes-item__value\">Le corps en laiton.La manette en alliage en zinc.<\/td>\n<\/tr>\n<tr class=\"woocommerce-product-attributes-item woocommerce-product-attributes-item--attribute_exigences-d%e2%80%99inscription-ind%c3%a9l%c3%a9bile-et-visible\">\n<th class=\"woocommerce-product-attributes-item__label\">Exigences d\u2019inscription (ind\u00e9l\u00e9bile et visible):<\/th>\n<td class=\"woocommerce-product-attributes-item__value\">Nom ou initiale de l\u2019organisme.D\u00e9nomination 1\/2. DN15.Date de fabrication ou code calendaire.<\/td>\n<\/tr>\n<tr class=\"woocommerce-product-attributes-item woocommerce-product-attributes-item--attribute_exigences-techniques-requises\">\n<th class=\"woocommerce-product-attributes-item__label\">Exigences techniques requises :<\/th>\n<td class=\"woocommerce-product-attributes-item__value\">Test d\u2019\u00e9tanch\u00e9it\u00e9 \u00e0 6 bars.Chromage.Tol\u00e9rance d\u2019usinage en conformit\u00e9 avec cellede la conception.<\/td>\n<\/tr>\n<tr class=\"woocommerce-product-attributes-item woocommerce-product-attributes-item--attribute_norme-de-r%c3%a9f%c3%a9rence\">\n<th class=\"woocommerce-product-attributes-item__label\">Norme de r\u00e9f\u00e9rence :<\/th>\n<td class=\"woocommerce-product-attributes-item__value\">normes europ\u00e9ennes :NF EN 12164.NF EN 13828.<\/td>\n<\/tr>\n<tr class=\"woocommerce-product-attributes-item woocommerce-product-attributes-item--attribute_nombre-des-pi%c3%a8ces-dans-la-bo%c3%aete\">\n<th class=\"woocommerce-product-attributes-item__label\">Nombre des pi\u00e8ces dans la Bo\u00eete<\/th>\n<td class=\"woocommerce-product-attributes-item__value\">16<\/td>\n<\/tr>\n<tr class=\"woocommerce-product-attributes-item woocommerce-product-attributes-item--attribute_nombre-des-pi%c3%a8ces-dans-le-carton\">\n<th class=\"woocommerce-product-attributes-item__label\">Nombre des pi\u00e8ces dans le carton<\/th>\n<td class=\"woocommerce-product-attributes-item__value\">96<\/td>\n<\/tr>\n<\/tbody>\n<\/table>\n","protected":false},"featured_media":9175,"comment_status":"open","ping_status":"open","template":"","meta":{"_editorskit_title_hidden":false,"_editorskit_reading_time":0,"_editorskit_is_block_options_detached":false,"_editorskit_block_options_position":"{}"},"product_brand":[],"product_cat":[97,109],"product_tag":[],"class_list":{"0":"post-9174","1":"product","2":"type-product","3":"status-publish","4":"has-post-thumbnail","6":"product_cat-plomberie","7":"product_cat-raccordement-multicouche","8":"pa_brand-energical","10":"first","11":"outofstock","12":"shipping-taxable","13":"purchasable","14":"product-type-simple"},"yoast_head":"<!-- This site is optimized with the Yoast SEO Premium plugin v25.4 (Yoast SEO v27.6) - https:\/\/yoast.com\/product\/yoast-seo-premium-wordpress\/ -->\n<title>Robinet eau DN15 (ENERGICAL) - CHELIA STORE<\/title>\n<meta name=\"robots\" content=\"index, follow, max-snippet:-1, max-image-preview:large, max-video-preview:-1\" \/>\n<link rel=\"canonical\" href=\"https:\/\/cheliastore.dz\/product\/robinet-eau-dn15-energical\/\" \/>\n<meta property=\"og:locale\" content=\"ar_AR\" \/>\n<meta property=\"og:type\" content=\"article\" \/>\n<meta property=\"og:title\" content=\"Robinet eau DN15 (ENERGICAL)\" \/>\n<meta property=\"og:description\" content=\"INFORMATIONS COMPL\u00c9MENTAIRES    Poids ND   Dimensions ND   Exigences de la mati\u00e8re: Le corps en laiton.La manette en alliage en zinc.   Exigences d\u2019inscription (ind\u00e9l\u00e9bile et visible): Nom ou initiale de l\u2019organisme.D\u00e9nomination 1\/2. DN15.Date de fabrication ou code calendaire.   Exigences techniques requises : Test d\u2019\u00e9tanch\u00e9it\u00e9 \u00e0 6 bars.Chromage.Tol\u00e9rance d\u2019usinage en conformit\u00e9 avec cellede la conception.   Norme de r\u00e9f\u00e9rence : normes europ\u00e9ennes :NF EN 12164.NF EN 13828.   Nombre des pi\u00e8ces dans la Bo\u00eete 16   Nombre des pi\u00e8ces dans le carton 96\" \/>\n<meta property=\"og:url\" content=\"https:\/\/cheliastore.dz\/product\/robinet-eau-dn15-energical\/\" \/>\n<meta property=\"og:site_name\" content=\"CHELIA STORE\" \/>\n<meta property=\"article:publisher\" content=\"https:\/\/web.facebook.com\/cheliastore\" \/>\n<meta property=\"article:modified_time\" content=\"2024-04-15T13:12:34+00:00\" \/>\n<meta property=\"og:image\" content=\"https:\/\/cheliastore.dz\/wp-content\/uploads\/2021\/12\/Robinet-eau-DN15.png\" \/>\n\t<meta property=\"og:image:width\" content=\"324\" \/>\n\t<meta property=\"og:image:height\" content=\"345\" \/>\n\t<meta property=\"og:image:type\" content=\"image\/png\" \/>\n<meta name=\"twitter:card\" content=\"summary_large_image\" \/>\n<script type=\"application\/ld+json\" class=\"yoast-schema-graph\">{\"@context\":\"https:\\\/\\\/schema.org\",\"@graph\":[{\"@type\":\"WebPage\",\"@id\":\"https:\\\/\\\/cheliastore.dz\\\/product\\\/robinet-eau-dn15-energical\\\/\",\"url\":\"https:\\\/\\\/cheliastore.dz\\\/product\\\/robinet-eau-dn15-energical\\\/\",\"name\":\"Robinet eau DN15 (ENERGICAL) - CHELIA STORE\",\"isPartOf\":{\"@id\":\"https:\\\/\\\/cheliastore.dz\\\/#website\"},\"primaryImageOfPage\":{\"@id\":\"https:\\\/\\\/cheliastore.dz\\\/product\\\/robinet-eau-dn15-energical\\\/#primaryimage\"},\"image\":{\"@id\":\"https:\\\/\\\/cheliastore.dz\\\/product\\\/robinet-eau-dn15-energical\\\/#primaryimage\"},\"thumbnailUrl\":\"https:\\\/\\\/cheliastore.dz\\\/wp-content\\\/uploads\\\/2021\\\/12\\\/Robinet-eau-DN15.png\",\"datePublished\":\"2021-12-23T08:54:20+00:00\",\"dateModified\":\"2024-04-15T13:12:34+00:00\",\"breadcrumb\":{\"@id\":\"https:\\\/\\\/cheliastore.dz\\\/product\\\/robinet-eau-dn15-energical\\\/#breadcrumb\"},\"inLanguage\":\"ar\",\"potentialAction\":[{\"@type\":\"ReadAction\",\"target\":[\"https:\\\/\\\/cheliastore.dz\\\/product\\\/robinet-eau-dn15-energical\\\/\"]}]},{\"@type\":\"ImageObject\",\"inLanguage\":\"ar\",\"@id\":\"https:\\\/\\\/cheliastore.dz\\\/product\\\/robinet-eau-dn15-energical\\\/#primaryimage\",\"url\":\"https:\\\/\\\/cheliastore.dz\\\/wp-content\\\/uploads\\\/2021\\\/12\\\/Robinet-eau-DN15.png\",\"contentUrl\":\"https:\\\/\\\/cheliastore.dz\\\/wp-content\\\/uploads\\\/2021\\\/12\\\/Robinet-eau-DN15.png\",\"width\":324,\"height\":345},{\"@type\":\"BreadcrumbList\",\"@id\":\"https:\\\/\\\/cheliastore.dz\\\/product\\\/robinet-eau-dn15-energical\\\/#breadcrumb\",\"itemListElement\":[{\"@type\":\"ListItem\",\"position\":1,\"name\":\"\u0627\u0644\u0631\u0626\u064a\u0633\u064a\u0629\",\"item\":\"https:\\\/\\\/cheliastore.dz\\\/ar\\\/\"},{\"@type\":\"ListItem\",\"position\":2,\"name\":\"Boutique\",\"item\":\"https:\\\/\\\/cheliastore.dz\\\/ar\\\/shop\\\/\"},{\"@type\":\"ListItem\",\"position\":3,\"name\":\"Robinet eau DN15 (ENERGICAL)\"}]},{\"@type\":\"WebSite\",\"@id\":\"https:\\\/\\\/cheliastore.dz\\\/#website\",\"url\":\"https:\\\/\\\/cheliastore.dz\\\/\",\"name\":\"CHELIA STORE\",\"description\":\"CHELIA STORE\",\"publisher\":{\"@id\":\"https:\\\/\\\/cheliastore.dz\\\/#organization\"},\"potentialAction\":[{\"@type\":\"SearchAction\",\"target\":{\"@type\":\"EntryPoint\",\"urlTemplate\":\"https:\\\/\\\/cheliastore.dz\\\/?s={search_term_string}\"},\"query-input\":{\"@type\":\"PropertyValueSpecification\",\"valueRequired\":true,\"valueName\":\"search_term_string\"}}],\"inLanguage\":\"ar\"},{\"@type\":\"Organization\",\"@id\":\"https:\\\/\\\/cheliastore.dz\\\/#organization\",\"name\":\"Chelia Store\",\"url\":\"https:\\\/\\\/cheliastore.dz\\\/\",\"logo\":{\"@type\":\"ImageObject\",\"inLanguage\":\"ar\",\"@id\":\"https:\\\/\\\/cheliastore.dz\\\/#\\\/schema\\\/logo\\\/image\\\/\",\"url\":\"https:\\\/\\\/cheliastore.dz\\\/wp-content\\\/uploads\\\/2022\\\/01\\\/logo-final-250.png\",\"contentUrl\":\"https:\\\/\\\/cheliastore.dz\\\/wp-content\\\/uploads\\\/2022\\\/01\\\/logo-final-250.png\",\"width\":250,\"height\":78,\"caption\":\"Chelia Store\"},\"image\":{\"@id\":\"https:\\\/\\\/cheliastore.dz\\\/#\\\/schema\\\/logo\\\/image\\\/\"},\"sameAs\":[\"https:\\\/\\\/web.facebook.com\\\/cheliastore\",\"https:\\\/\\\/www.instagram.com\\\/quincaillerie.chelia\\\/\"]}]}<\/script>\n<!-- \/ Yoast SEO Premium plugin. -->","yoast_head_json":{"title":"Robinet eau DN15 (ENERGICAL) - CHELIA STORE","robots":{"index":"index","follow":"follow","max-snippet":"max-snippet:-1","max-image-preview":"max-image-preview:large","max-video-preview":"max-video-preview:-1"},"canonical":"https:\/\/cheliastore.dz\/product\/robinet-eau-dn15-energical\/","og_locale":"ar_AR","og_type":"article","og_title":"Robinet eau DN15 (ENERGICAL)","og_description":"INFORMATIONS COMPL\u00c9MENTAIRES    Poids ND   Dimensions ND   Exigences de la mati\u00e8re: Le corps en laiton.La manette en alliage en zinc.   Exigences d\u2019inscription (ind\u00e9l\u00e9bile et visible): Nom ou initiale de l\u2019organisme.D\u00e9nomination 1\/2. DN15.Date de fabrication ou code calendaire.   Exigences techniques requises : Test d\u2019\u00e9tanch\u00e9it\u00e9 \u00e0 6 bars.Chromage.Tol\u00e9rance d\u2019usinage en conformit\u00e9 avec cellede la conception.   Norme de r\u00e9f\u00e9rence : normes europ\u00e9ennes :NF EN 12164.NF EN 13828.   Nombre des pi\u00e8ces dans la Bo\u00eete 16   Nombre des pi\u00e8ces dans le carton 96","og_url":"https:\/\/cheliastore.dz\/product\/robinet-eau-dn15-energical\/","og_site_name":"CHELIA STORE","article_publisher":"https:\/\/web.facebook.com\/cheliastore","article_modified_time":"2024-04-15T13:12:34+00:00","og_image":[{"width":324,"height":345,"url":"https:\/\/cheliastore.dz\/wp-content\/uploads\/2021\/12\/Robinet-eau-DN15.png","type":"image\/png"}],"twitter_card":"summary_large_image","schema":{"@context":"https:\/\/schema.org","@graph":[{"@type":"WebPage","@id":"https:\/\/cheliastore.dz\/product\/robinet-eau-dn15-energical\/","url":"https:\/\/cheliastore.dz\/product\/robinet-eau-dn15-energical\/","name":"Robinet eau DN15 (ENERGICAL) - CHELIA STORE","isPartOf":{"@id":"https:\/\/cheliastore.dz\/#website"},"primaryImageOfPage":{"@id":"https:\/\/cheliastore.dz\/product\/robinet-eau-dn15-energical\/#primaryimage"},"image":{"@id":"https:\/\/cheliastore.dz\/product\/robinet-eau-dn15-energical\/#primaryimage"},"thumbnailUrl":"https:\/\/cheliastore.dz\/wp-content\/uploads\/2021\/12\/Robinet-eau-DN15.png","datePublished":"2021-12-23T08:54:20+00:00","dateModified":"2024-04-15T13:12:34+00:00","breadcrumb":{"@id":"https:\/\/cheliastore.dz\/product\/robinet-eau-dn15-energical\/#breadcrumb"},"inLanguage":"ar","potentialAction":[{"@type":"ReadAction","target":["https:\/\/cheliastore.dz\/product\/robinet-eau-dn15-energical\/"]}]},{"@type":"ImageObject","inLanguage":"ar","@id":"https:\/\/cheliastore.dz\/product\/robinet-eau-dn15-energical\/#primaryimage","url":"https:\/\/cheliastore.dz\/wp-content\/uploads\/2021\/12\/Robinet-eau-DN15.png","contentUrl":"https:\/\/cheliastore.dz\/wp-content\/uploads\/2021\/12\/Robinet-eau-DN15.png","width":324,"height":345},{"@type":"BreadcrumbList","@id":"https:\/\/cheliastore.dz\/product\/robinet-eau-dn15-energical\/#breadcrumb","itemListElement":[{"@type":"ListItem","position":1,"name":"\u0627\u0644\u0631\u0626\u064a\u0633\u064a\u0629","item":"https:\/\/cheliastore.dz\/ar\/"},{"@type":"ListItem","position":2,"name":"Boutique","item":"https:\/\/cheliastore.dz\/ar\/shop\/"},{"@type":"ListItem","position":3,"name":"Robinet eau DN15 (ENERGICAL)"}]},{"@type":"WebSite","@id":"https:\/\/cheliastore.dz\/#website","url":"https:\/\/cheliastore.dz\/","name":"CHELIA STORE","description":"CHELIA STORE","publisher":{"@id":"https:\/\/cheliastore.dz\/#organization"},"potentialAction":[{"@type":"SearchAction","target":{"@type":"EntryPoint","urlTemplate":"https:\/\/cheliastore.dz\/?s={search_term_string}"},"query-input":{"@type":"PropertyValueSpecification","valueRequired":true,"valueName":"search_term_string"}}],"inLanguage":"ar"},{"@type":"Organization","@id":"https:\/\/cheliastore.dz\/#organization","name":"Chelia Store","url":"https:\/\/cheliastore.dz\/","logo":{"@type":"ImageObject","inLanguage":"ar","@id":"https:\/\/cheliastore.dz\/#\/schema\/logo\/image\/","url":"https:\/\/cheliastore.dz\/wp-content\/uploads\/2022\/01\/logo-final-250.png","contentUrl":"https:\/\/cheliastore.dz\/wp-content\/uploads\/2022\/01\/logo-final-250.png","width":250,"height":78,"caption":"Chelia Store"},"image":{"@id":"https:\/\/cheliastore.dz\/#\/schema\/logo\/image\/"},"sameAs":["https:\/\/web.facebook.com\/cheliastore","https:\/\/www.instagram.com\/quincaillerie.chelia\/"]}]}},"_links":{"self":[{"href":"https:\/\/cheliastore.dz\/ar\/wp-json\/wp\/v2\/product\/9174","targetHints":{"allow":["GET"]}}],"collection":[{"href":"https:\/\/cheliastore.dz\/ar\/wp-json\/wp\/v2\/product"}],"about":[{"href":"https:\/\/cheliastore.dz\/ar\/wp-json\/wp\/v2\/types\/product"}],"replies":[{"embeddable":true,"href":"https:\/\/cheliastore.dz\/ar\/wp-json\/wp\/v2\/comments?post=9174"}],"version-history":[{"count":0,"href":"https:\/\/cheliastore.dz\/ar\/wp-json\/wp\/v2\/product\/9174\/revisions"}],"wp:featuredmedia":[{"embeddable":true,"href":"https:\/\/cheliastore.dz\/ar\/wp-json\/wp\/v2\/media\/9175"}],"wp:attachment":[{"href":"https:\/\/cheliastore.dz\/ar\/wp-json\/wp\/v2\/media?parent=9174"}],"wp:term":[{"taxonomy":"product_brand","embeddable":true,"href":"https:\/\/cheliastore.dz\/ar\/wp-json\/wp\/v2\/product_brand?post=9174"},{"taxonomy":"product_cat","embeddable":true,"href":"https:\/\/cheliastore.dz\/ar\/wp-json\/wp\/v2\/product_cat?post=9174"},{"taxonomy":"product_tag","embeddable":true,"href":"https:\/\/cheliastore.dz\/ar\/wp-json\/wp\/v2\/product_tag?post=9174"}],"curies":[{"name":"wp","href":"https:\/\/api.w.org\/{rel}","templated":true}]}}