{"id":9137,"date":"2021-12-23T07:56:29","date_gmt":"2021-12-23T07:56:29","guid":{"rendered":"https:\/\/cheliastore.com\/?post_type=product&#038;p=9137"},"modified":"2026-02-11T16:08:40","modified_gmt":"2026-02-11T16:08:40","slug":"robinet-cuisiniere-g1-2-energical-2","status":"publish","type":"product","link":"https:\/\/cheliastore.dz\/ar\/product\/robinet-cuisiniere-g1-2-energical-2\/","title":{"rendered":"Robinet cuisini\u00e8re (G1\/2) (ENERGICAL)"},"content":{"rendered":"<h1><strong><span style=\"color: red;\">Robinet Cuisini\u00e8re G1\/2 ENERGICAL<\/span><\/strong><\/h1>\n<p><strong><span style=\"color: red;\">Le robinet cuisini\u00e8re G1\/2 ENERGICAL<\/span><\/strong> est un robinet d\u2019arr\u00eat sp\u00e9cialement con\u00e7u pour alimenter en toute s\u00e9curit\u00e9 les cuisini\u00e8res et \u00e9quipements domestiques raccord\u00e9s au r\u00e9seau d\u2019eau ou de gaz (selon installation). Fabriqu\u00e9 en laiton haute qualit\u00e9, il offre une excellente r\u00e9sistance \u00e0 la pression, \u00e0 la corrosion et aux variations de temp\u00e9rature.<\/p>\n<p>Gr\u00e2ce \u00e0 son filetage standard G1\/2, ce robinet d\u2019arr\u00eat pour cuisini\u00e8re garantit une installation simple, rapide et parfaitement \u00e9tanche. Il constitue un \u00e9l\u00e9ment essentiel pour s\u00e9curiser et contr\u00f4ler l\u2019alimentation de vos \u00e9quipements de cuisine, aussi bien en installation domestique que professionnelle.<\/p>\n<h2><span style=\"color: red;\">\u27a4<\/span> Caract\u00e9ristiques techniques<\/h2>\n<table>\n<tbody>\n<tr>\n<td><strong>Type de produit<\/strong><\/td>\n<td>Robinet d\u2019arr\u00eat pour cuisini\u00e8re<\/td>\n<\/tr>\n<tr>\n<td><strong>Filetage<\/strong><\/td>\n<td>G1\/2 standard<\/td>\n<\/tr>\n<tr>\n<td><strong>Marque<\/strong><\/td>\n<td>ENERGICAL<\/td>\n<\/tr>\n<tr>\n<td><strong>Mat\u00e9riau<\/strong><\/td>\n<td>Laiton haute r\u00e9sistance<\/td>\n<\/tr>\n<tr>\n<td><strong>Utilisation<\/strong><\/td>\n<td>Alimentation et coupure pour cuisini\u00e8re<\/td>\n<\/tr>\n<tr>\n<td><strong>Installation<\/strong><\/td>\n<td>Murale ou sortie filet\u00e9e standard<\/td>\n<\/tr>\n<\/tbody>\n<\/table>\n<h2><span style=\"color: red;\">\u27a4<\/span> Avantages du robinet cuisini\u00e8re G1\/2 ENERGICAL<\/h2>\n<ul>\n<li>Assure une coupure rapide et s\u00e9curis\u00e9e de l\u2019alimentation<\/li>\n<li>Excellente \u00e9tanch\u00e9it\u00e9 gr\u00e2ce au filetage G1\/2 standard<\/li>\n<li>R\u00e9sistance \u00e9lev\u00e9e \u00e0 la pression et \u00e0 la corrosion<\/li>\n<li>Installation simple et compatible avec les standards plomberie<\/li>\n<li>Longue dur\u00e9e de vie pour usage domestique et professionnel<\/li>\n<\/ul>\n<h2><span style=\"color: red;\">\u25c6<\/span> Utilisations recommand\u00e9es<\/h2>\n<ul>\n<li>Raccordement de cuisini\u00e8res domestiques<\/li>\n<li>Installations de cuisine r\u00e9sidentielle<\/li>\n<li>\u00c9quipements de restauration l\u00e9g\u00e8re<\/li>\n<li>Contr\u00f4le d\u2019alimentation sur r\u00e9seaux d\u2019eau ou gaz adapt\u00e9s<\/li>\n<\/ul>\n<h2>&#x2753; FAQ<\/h2>\n<ul>\n<li><strong>Ce robinet est-il compatible avec les installations standards ?<\/strong><\/li>\n<\/ul>\n<p>Le filetage G1\/2 respecte les standards couramment utilis\u00e9s en plomberie et cuisine.<\/p>\n<ul>\n<li><strong>Peut-il \u00eatre utilis\u00e9 pour une installation domestique ?<\/strong><\/li>\n<\/ul>\n<p>Oui, il convient parfaitement aux cuisines r\u00e9sidentielles et professionnelles.<\/p>\n<ul>\n<li><strong>Assure-t-il une bonne \u00e9tanch\u00e9it\u00e9 ?<\/strong><\/li>\n<\/ul>\n<p>I<strong>l garantit une \u00e9tanch\u00e9it\u00e9 fiable et durable<\/strong> lorsqu\u2019on l\u2019installe correctement avec un joint ou un produit d\u2019\u00e9tanch\u00e9it\u00e9 adapt\u00e9.<\/p>\n<ul>\n<li><strong>Est-il facile \u00e0 installer ?<\/strong><\/li>\n<\/ul>\n<p>Oui, son filetage standard permet un montage rapide avec un outillage classique.<\/p>\n<h3><strong>&#x1f6d2; O\u00f9 acheter le robinet cuisini\u00e8re G1\/2 ENERGICAL en Alg\u00e9rie ?<\/strong><\/h3>\n<p>Commandez le <strong><span style=\"color: red;\">robinet cuisini\u00e8re G1\/2 ENERGICAL<\/span><\/strong> sur<br \/>\n<a href=\"https:\/\/cheliastore.dz\/\"><strong><span style=\"color: red;\">Chelia Store<\/span><\/strong><\/a>, votre sp\u00e9cialiste en robinetterie et accessoires plomberie en Alg\u00e9rie.<\/p>\n<p>&#x2714; Produit ENERGICAL de qualit\u00e9 professionnelle<br \/>\n&#x2714; Compatible installations standards<br \/>\n&#x2714; Livraison rapide partout en Alg\u00e9rie<br \/>\n&#x2714; Service client r\u00e9actif<\/p>\n<p>&#x1f449; Consultez le site officiel de <a href=\"https:\/\/energical.com\/fr\/?srsltid=AfmBOoqWSqMLRXTPR7CJiWt25NnWUi-szDq0fCur634sr2ybvbKsCSrX\">ENERGICAL<\/a> pour plus d\u2019informations techniques.<\/p>\n","protected":false},"excerpt":{"rendered":"<p>Le robinet cuisini\u00e8re G1\/2 ENERGICAL est un robinet d\u2019arr\u00eat en laiton haute r\u00e9sistance con\u00e7u pour s\u00e9curiser l\u2019alimentation des \u00e9quipements de cuisine. Compatible avec les filetages standards, il garantit une \u00e9tanch\u00e9it\u00e9 optimale, une installation facile et une excellente durabilit\u00e9 pour usage domestique ou professionnel.<\/p>\n","protected":false},"featured_media":9138,"comment_status":"open","ping_status":"closed","template":"","meta":{"_editorskit_title_hidden":false,"_editorskit_reading_time":0,"_editorskit_is_block_options_detached":false,"_editorskit_block_options_position":"{}"},"product_brand":[],"product_cat":[97],"product_tag":[],"class_list":{"0":"post-9137","1":"product","2":"type-product","3":"status-publish","4":"has-post-thumbnail","6":"product_cat-plomberie","7":"pa_brand-energical","9":"first","10":"instock","11":"shipping-taxable","12":"purchasable","13":"product-type-simple"},"yoast_head":"<!-- This site is optimized with the Yoast SEO Premium plugin v25.4 (Yoast SEO v27.6) - https:\/\/yoast.com\/product\/yoast-seo-premium-wordpress\/ -->\n<title>Robinet Cuisini\u00e8re G1\/2 ENERGICAL | Chelia Store<\/title>\n<meta name=\"description\" content=\"Achetez le Robinet Cuisini\u00e8re G1\/2 ENERGICAL chez Chelia Store. Robinet d\u2019arr\u00eat fiable, filetage standard, qualit\u00e9 professionnelle, livraison rapide.\" \/>\n<meta name=\"robots\" content=\"index, follow, max-snippet:-1, max-image-preview:large, max-video-preview:-1\" \/>\n<link rel=\"canonical\" href=\"https:\/\/cheliastore.dz\/product\/robinet-cuisiniere-g1-2-energical-2\/\" \/>\n<meta property=\"og:locale\" content=\"ar_AR\" \/>\n<meta property=\"og:type\" content=\"article\" \/>\n<meta property=\"og:title\" content=\"Robinet cuisini\u00e8re (G1\/2) (ENERGICAL)\" \/>\n<meta property=\"og:description\" content=\"Achetez le Robinet Cuisini\u00e8re G1\/2 ENERGICAL chez Chelia Store. Robinet d\u2019arr\u00eat fiable, filetage standard, qualit\u00e9 professionnelle, livraison rapide.\" \/>\n<meta property=\"og:url\" content=\"https:\/\/cheliastore.dz\/product\/robinet-cuisiniere-g1-2-energical-2\/\" \/>\n<meta property=\"og:site_name\" content=\"CHELIA STORE\" \/>\n<meta property=\"article:publisher\" content=\"https:\/\/web.facebook.com\/cheliastore\" \/>\n<meta property=\"article:modified_time\" content=\"2026-02-11T16:08:40+00:00\" \/>\n<meta property=\"og:image\" content=\"https:\/\/cheliastore.dz\/wp-content\/uploads\/2021\/12\/Robinet-cuisinier.png\" \/>\n\t<meta property=\"og:image:width\" content=\"456\" \/>\n\t<meta property=\"og:image:height\" content=\"226\" \/>\n\t<meta property=\"og:image:type\" content=\"image\/png\" \/>\n<meta name=\"twitter:card\" content=\"summary_large_image\" \/>\n<meta name=\"twitter:label1\" content=\"\u0648\u0642\u062a \u0627\u0644\u0642\u0631\u0627\u0621\u0629 \u0627\u0644\u0645\u064f\u0642\u062f\u0651\u0631\" \/>\n\t<meta name=\"twitter:data1\" content=\"\u062f\u0642\u064a\u0642\u062a\u0627\u0646\" \/>\n<script type=\"application\/ld+json\" class=\"yoast-schema-graph\">{\"@context\":\"https:\\\/\\\/schema.org\",\"@graph\":[{\"@type\":\"WebPage\",\"@id\":\"https:\\\/\\\/cheliastore.dz\\\/product\\\/robinet-cuisiniere-g1-2-energical-2\\\/\",\"url\":\"https:\\\/\\\/cheliastore.dz\\\/product\\\/robinet-cuisiniere-g1-2-energical-2\\\/\",\"name\":\"Robinet Cuisini\u00e8re G1\\\/2 ENERGICAL | Chelia Store\",\"isPartOf\":{\"@id\":\"https:\\\/\\\/cheliastore.dz\\\/#website\"},\"primaryImageOfPage\":{\"@id\":\"https:\\\/\\\/cheliastore.dz\\\/product\\\/robinet-cuisiniere-g1-2-energical-2\\\/#primaryimage\"},\"image\":{\"@id\":\"https:\\\/\\\/cheliastore.dz\\\/product\\\/robinet-cuisiniere-g1-2-energical-2\\\/#primaryimage\"},\"thumbnailUrl\":\"https:\\\/\\\/cheliastore.dz\\\/wp-content\\\/uploads\\\/2021\\\/12\\\/Robinet-cuisinier.png\",\"datePublished\":\"2021-12-23T07:56:29+00:00\",\"dateModified\":\"2026-02-11T16:08:40+00:00\",\"description\":\"Achetez le Robinet Cuisini\u00e8re G1\\\/2 ENERGICAL chez Chelia Store. Robinet d\u2019arr\u00eat fiable, filetage standard, qualit\u00e9 professionnelle, livraison rapide.\",\"breadcrumb\":{\"@id\":\"https:\\\/\\\/cheliastore.dz\\\/product\\\/robinet-cuisiniere-g1-2-energical-2\\\/#breadcrumb\"},\"inLanguage\":\"ar\",\"potentialAction\":[{\"@type\":\"ReadAction\",\"target\":[\"https:\\\/\\\/cheliastore.dz\\\/product\\\/robinet-cuisiniere-g1-2-energical-2\\\/\"]}]},{\"@type\":\"ImageObject\",\"inLanguage\":\"ar\",\"@id\":\"https:\\\/\\\/cheliastore.dz\\\/product\\\/robinet-cuisiniere-g1-2-energical-2\\\/#primaryimage\",\"url\":\"https:\\\/\\\/cheliastore.dz\\\/wp-content\\\/uploads\\\/2021\\\/12\\\/Robinet-cuisinier.png\",\"contentUrl\":\"https:\\\/\\\/cheliastore.dz\\\/wp-content\\\/uploads\\\/2021\\\/12\\\/Robinet-cuisinier.png\",\"width\":456,\"height\":226,\"caption\":\"Robinet cuisini\u00e8re (G1\\\/2) (ENERGICAL)\"},{\"@type\":\"BreadcrumbList\",\"@id\":\"https:\\\/\\\/cheliastore.dz\\\/product\\\/robinet-cuisiniere-g1-2-energical-2\\\/#breadcrumb\",\"itemListElement\":[{\"@type\":\"ListItem\",\"position\":1,\"name\":\"\u0627\u0644\u0631\u0626\u064a\u0633\u064a\u0629\",\"item\":\"https:\\\/\\\/cheliastore.dz\\\/ar\\\/\"},{\"@type\":\"ListItem\",\"position\":2,\"name\":\"Boutique\",\"item\":\"https:\\\/\\\/cheliastore.dz\\\/ar\\\/shop\\\/\"},{\"@type\":\"ListItem\",\"position\":3,\"name\":\"Robinet cuisini\u00e8re (G1\\\/2) (ENERGICAL)\"}]},{\"@type\":\"WebSite\",\"@id\":\"https:\\\/\\\/cheliastore.dz\\\/#website\",\"url\":\"https:\\\/\\\/cheliastore.dz\\\/\",\"name\":\"CHELIA STORE\",\"description\":\"CHELIA STORE\",\"publisher\":{\"@id\":\"https:\\\/\\\/cheliastore.dz\\\/#organization\"},\"potentialAction\":[{\"@type\":\"SearchAction\",\"target\":{\"@type\":\"EntryPoint\",\"urlTemplate\":\"https:\\\/\\\/cheliastore.dz\\\/?s={search_term_string}\"},\"query-input\":{\"@type\":\"PropertyValueSpecification\",\"valueRequired\":true,\"valueName\":\"search_term_string\"}}],\"inLanguage\":\"ar\"},{\"@type\":\"Organization\",\"@id\":\"https:\\\/\\\/cheliastore.dz\\\/#organization\",\"name\":\"Chelia Store\",\"url\":\"https:\\\/\\\/cheliastore.dz\\\/\",\"logo\":{\"@type\":\"ImageObject\",\"inLanguage\":\"ar\",\"@id\":\"https:\\\/\\\/cheliastore.dz\\\/#\\\/schema\\\/logo\\\/image\\\/\",\"url\":\"https:\\\/\\\/cheliastore.dz\\\/wp-content\\\/uploads\\\/2022\\\/01\\\/logo-final-250.png\",\"contentUrl\":\"https:\\\/\\\/cheliastore.dz\\\/wp-content\\\/uploads\\\/2022\\\/01\\\/logo-final-250.png\",\"width\":250,\"height\":78,\"caption\":\"Chelia Store\"},\"image\":{\"@id\":\"https:\\\/\\\/cheliastore.dz\\\/#\\\/schema\\\/logo\\\/image\\\/\"},\"sameAs\":[\"https:\\\/\\\/web.facebook.com\\\/cheliastore\",\"https:\\\/\\\/www.instagram.com\\\/quincaillerie.chelia\\\/\"]}]}<\/script>\n<!-- \/ Yoast SEO Premium plugin. -->","yoast_head_json":{"title":"Robinet Cuisini\u00e8re G1\/2 ENERGICAL | Chelia Store","description":"Achetez le Robinet Cuisini\u00e8re G1\/2 ENERGICAL chez Chelia Store. Robinet d\u2019arr\u00eat fiable, filetage standard, qualit\u00e9 professionnelle, livraison rapide.","robots":{"index":"index","follow":"follow","max-snippet":"max-snippet:-1","max-image-preview":"max-image-preview:large","max-video-preview":"max-video-preview:-1"},"canonical":"https:\/\/cheliastore.dz\/product\/robinet-cuisiniere-g1-2-energical-2\/","og_locale":"ar_AR","og_type":"article","og_title":"Robinet cuisini\u00e8re (G1\/2) (ENERGICAL)","og_description":"Achetez le Robinet Cuisini\u00e8re G1\/2 ENERGICAL chez Chelia Store. Robinet d\u2019arr\u00eat fiable, filetage standard, qualit\u00e9 professionnelle, livraison rapide.","og_url":"https:\/\/cheliastore.dz\/product\/robinet-cuisiniere-g1-2-energical-2\/","og_site_name":"CHELIA STORE","article_publisher":"https:\/\/web.facebook.com\/cheliastore","article_modified_time":"2026-02-11T16:08:40+00:00","og_image":[{"width":456,"height":226,"url":"https:\/\/cheliastore.dz\/wp-content\/uploads\/2021\/12\/Robinet-cuisinier.png","type":"image\/png"}],"twitter_card":"summary_large_image","twitter_misc":{"\u0648\u0642\u062a \u0627\u0644\u0642\u0631\u0627\u0621\u0629 \u0627\u0644\u0645\u064f\u0642\u062f\u0651\u0631":"\u062f\u0642\u064a\u0642\u062a\u0627\u0646"},"schema":{"@context":"https:\/\/schema.org","@graph":[{"@type":"WebPage","@id":"https:\/\/cheliastore.dz\/product\/robinet-cuisiniere-g1-2-energical-2\/","url":"https:\/\/cheliastore.dz\/product\/robinet-cuisiniere-g1-2-energical-2\/","name":"Robinet Cuisini\u00e8re G1\/2 ENERGICAL | Chelia Store","isPartOf":{"@id":"https:\/\/cheliastore.dz\/#website"},"primaryImageOfPage":{"@id":"https:\/\/cheliastore.dz\/product\/robinet-cuisiniere-g1-2-energical-2\/#primaryimage"},"image":{"@id":"https:\/\/cheliastore.dz\/product\/robinet-cuisiniere-g1-2-energical-2\/#primaryimage"},"thumbnailUrl":"https:\/\/cheliastore.dz\/wp-content\/uploads\/2021\/12\/Robinet-cuisinier.png","datePublished":"2021-12-23T07:56:29+00:00","dateModified":"2026-02-11T16:08:40+00:00","description":"Achetez le Robinet Cuisini\u00e8re G1\/2 ENERGICAL chez Chelia Store. Robinet d\u2019arr\u00eat fiable, filetage standard, qualit\u00e9 professionnelle, livraison rapide.","breadcrumb":{"@id":"https:\/\/cheliastore.dz\/product\/robinet-cuisiniere-g1-2-energical-2\/#breadcrumb"},"inLanguage":"ar","potentialAction":[{"@type":"ReadAction","target":["https:\/\/cheliastore.dz\/product\/robinet-cuisiniere-g1-2-energical-2\/"]}]},{"@type":"ImageObject","inLanguage":"ar","@id":"https:\/\/cheliastore.dz\/product\/robinet-cuisiniere-g1-2-energical-2\/#primaryimage","url":"https:\/\/cheliastore.dz\/wp-content\/uploads\/2021\/12\/Robinet-cuisinier.png","contentUrl":"https:\/\/cheliastore.dz\/wp-content\/uploads\/2021\/12\/Robinet-cuisinier.png","width":456,"height":226,"caption":"Robinet cuisini\u00e8re (G1\/2) (ENERGICAL)"},{"@type":"BreadcrumbList","@id":"https:\/\/cheliastore.dz\/product\/robinet-cuisiniere-g1-2-energical-2\/#breadcrumb","itemListElement":[{"@type":"ListItem","position":1,"name":"\u0627\u0644\u0631\u0626\u064a\u0633\u064a\u0629","item":"https:\/\/cheliastore.dz\/ar\/"},{"@type":"ListItem","position":2,"name":"Boutique","item":"https:\/\/cheliastore.dz\/ar\/shop\/"},{"@type":"ListItem","position":3,"name":"Robinet cuisini\u00e8re (G1\/2) (ENERGICAL)"}]},{"@type":"WebSite","@id":"https:\/\/cheliastore.dz\/#website","url":"https:\/\/cheliastore.dz\/","name":"CHELIA STORE","description":"CHELIA STORE","publisher":{"@id":"https:\/\/cheliastore.dz\/#organization"},"potentialAction":[{"@type":"SearchAction","target":{"@type":"EntryPoint","urlTemplate":"https:\/\/cheliastore.dz\/?s={search_term_string}"},"query-input":{"@type":"PropertyValueSpecification","valueRequired":true,"valueName":"search_term_string"}}],"inLanguage":"ar"},{"@type":"Organization","@id":"https:\/\/cheliastore.dz\/#organization","name":"Chelia Store","url":"https:\/\/cheliastore.dz\/","logo":{"@type":"ImageObject","inLanguage":"ar","@id":"https:\/\/cheliastore.dz\/#\/schema\/logo\/image\/","url":"https:\/\/cheliastore.dz\/wp-content\/uploads\/2022\/01\/logo-final-250.png","contentUrl":"https:\/\/cheliastore.dz\/wp-content\/uploads\/2022\/01\/logo-final-250.png","width":250,"height":78,"caption":"Chelia Store"},"image":{"@id":"https:\/\/cheliastore.dz\/#\/schema\/logo\/image\/"},"sameAs":["https:\/\/web.facebook.com\/cheliastore","https:\/\/www.instagram.com\/quincaillerie.chelia\/"]}]}},"_links":{"self":[{"href":"https:\/\/cheliastore.dz\/ar\/wp-json\/wp\/v2\/product\/9137","targetHints":{"allow":["GET"]}}],"collection":[{"href":"https:\/\/cheliastore.dz\/ar\/wp-json\/wp\/v2\/product"}],"about":[{"href":"https:\/\/cheliastore.dz\/ar\/wp-json\/wp\/v2\/types\/product"}],"replies":[{"embeddable":true,"href":"https:\/\/cheliastore.dz\/ar\/wp-json\/wp\/v2\/comments?post=9137"}],"version-history":[{"count":2,"href":"https:\/\/cheliastore.dz\/ar\/wp-json\/wp\/v2\/product\/9137\/revisions"}],"predecessor-version":[{"id":79387,"href":"https:\/\/cheliastore.dz\/ar\/wp-json\/wp\/v2\/product\/9137\/revisions\/79387"}],"wp:featuredmedia":[{"embeddable":true,"href":"https:\/\/cheliastore.dz\/ar\/wp-json\/wp\/v2\/media\/9138"}],"wp:attachment":[{"href":"https:\/\/cheliastore.dz\/ar\/wp-json\/wp\/v2\/media?parent=9137"}],"wp:term":[{"taxonomy":"product_brand","embeddable":true,"href":"https:\/\/cheliastore.dz\/ar\/wp-json\/wp\/v2\/product_brand?post=9137"},{"taxonomy":"product_cat","embeddable":true,"href":"https:\/\/cheliastore.dz\/ar\/wp-json\/wp\/v2\/product_cat?post=9137"},{"taxonomy":"product_tag","embeddable":true,"href":"https:\/\/cheliastore.dz\/ar\/wp-json\/wp\/v2\/product_tag?post=9137"}],"curies":[{"name":"wp","href":"https:\/\/api.w.org\/{rel}","templated":true}]}}