{"id":8813,"date":"2021-12-22T07:56:29","date_gmt":"2021-12-22T07:56:29","guid":{"rendered":"https:\/\/cheliastore.com\/?post_type=product&#038;p=8813"},"modified":"2025-07-02T11:32:25","modified_gmt":"2025-07-02T11:32:25","slug":"vannes-spheriques-pex-20-20-flr","status":"publish","type":"product","link":"https:\/\/cheliastore.dz\/ar\/product\/vannes-spheriques-pex-20-20-flr\/","title":{"rendered":"Vanne sph\u00e9rique PEX 20  20 FLR"},"content":{"rendered":"<h1>Vanne sph\u00e9rique PEX 20 20 FLR<\/h1>\n<p>Vanne sph\u00e9rique PEX 20 20 FLR sont choix de qualit\u00e9 pour toutes vos installations multicouche en apparent comme en encastr\u00e9. fiable et robuste<\/p>\n<ul class=\"a-unordered-list a-vertical a-spacing-none\">\n<li>Les savoirs faire de FLR, recouvrent les m\u00e9tiers de la m\u00e9canique, l\u2019usinage, la fonderie et le traitement de surface.D\u2019autre part, un contr\u00f4le de qualit\u00e9 est r\u00e9alis\u00e9 \u00e0 tous les niveaux de la production ; les tests en ateliers et contr\u00f4les garantissent la conformit\u00e9 des produits aux normes de qualit\u00e9 et de s\u00e9curit\u00e9 exig\u00e9es.Aujourd\u2019hui, FLR pr\u00e9sente sur le march\u00e9 plusieurs gammes de m\u00e9langeurs, mitigeurs et de robinetteries sanitaires ainsi qu\u2019une s\u00e9rie de robinets de gaz<\/li>\n<li>Depuis sa cr\u00e9ation, FLR a su b\u00e2tir jour apr\u00e8s jour des fondations solides pour assurer une qualit\u00e9 durable pour une client\u00e8le toujours plus s\u00e9lective et exigeante.Pour atteindre ses objectifs, FLR continue \u00e0 investir dans la formation de son personnel et dans le d\u00e9veloppement et la mise \u00e0 jour de son parc de machines performants associ\u00e9 \u00e0 un processus flexible pour mieux renforcer sa r\u00e9activit\u00e9 et optimiser sa production.<\/li>\n<li>FLR met un point d&#8217;honneur \u00e0 vous fournir un service irr\u00e9prochable.Notre objectif est de vous accompagner au mieux pour vos projets individuels en \u00e9tant pour vous un partenaire comp\u00e9tent et fiable. S\u00fbrs, robustes, durables et \u00e9l\u00e9gants : quelles que soient vos exigences en mati\u00e8re de robinet ou de douche, nous avons la solution dont vous avez besoin.<\/li>\n<\/ul>\n<ul>\n<li>veuillez vister notre site web <a href=\"http:\/\/www.cheliastore.com\">chelia<\/a>visitez aussi le site web <a href=\"https:\/\/www.flr.dz\/categories\">flr\u00a0<\/a><a href=\"http:\/\/www.cheliastore.com\">cheliastore<\/a><a href=\"https:\/\/cheliastore.com\/wp-admin\/post.php?post=8983&amp;action=edit\">cheliastoreflr<\/a><\/li>\n<\/ul>\n","protected":false},"excerpt":{"rendered":"<h1>Vannes sph\u00e9riques PEX 20 * 20 (VS2004)<\/h1>\n<table class=\"table table-striped\" style=\"height: 219px\" width=\"609\">\n<tbody>\n<tr>\n<td>REF<\/td>\n<td>VS2004<\/td>\n<\/tr>\n<tr>\n<td>Gamme<\/td>\n<td>Vannes Multicouche<\/td>\n<\/tr>\n<tr>\n<td>Axe<\/td>\n<td>Sph\u00e9rique<\/td>\n<\/tr>\n<tr>\n<td>Format<\/td>\n<td>20 * 20<\/td>\n<\/tr>\n<\/tbody>\n<\/table>\n","protected":false},"featured_media":8814,"comment_status":"open","ping_status":"open","template":"","meta":{"_editorskit_title_hidden":false,"_editorskit_reading_time":0,"_editorskit_is_block_options_detached":false,"_editorskit_block_options_position":"{}"},"product_brand":[],"product_cat":[97,109],"product_tag":[],"class_list":{"0":"post-8813","1":"product","2":"type-product","3":"status-publish","4":"has-post-thumbnail","6":"product_cat-plomberie","7":"product_cat-raccordement-multicouche","8":"product_shipping_class-livraison-58-wilayas","9":"pa_brand-flr","11":"first","12":"outofstock","13":"shipping-taxable","14":"purchasable","15":"product-type-simple"},"yoast_head":"<!-- This site is optimized with the Yoast SEO Premium plugin v25.4 (Yoast SEO v27.5) - https:\/\/yoast.com\/product\/yoast-seo-premium-wordpress\/ -->\n<title>Vanne sph\u00e9rique PEX 20 20 FLR - CHELIA STORE<\/title>\n<meta name=\"description\" content=\"Vanne sph\u00e9rique PEX 20 20 FLR sont choix de qualit\u00e9 pour toutes vos installations multicouche en apparent comme en encastr\u00e9. fiable et robuste\" \/>\n<meta name=\"robots\" content=\"index, follow, max-snippet:-1, max-image-preview:large, max-video-preview:-1\" \/>\n<link rel=\"canonical\" href=\"https:\/\/cheliastore.dz\/product\/vannes-spheriques-pex-20-20-flr\/\" \/>\n<meta property=\"og:locale\" content=\"ar_AR\" \/>\n<meta property=\"og:type\" content=\"article\" \/>\n<meta property=\"og:title\" content=\"Vanne sph\u00e9rique PEX 20 20 FLR\" \/>\n<meta property=\"og:description\" content=\"Vanne sph\u00e9rique PEX 20 20 FLR sont choix de qualit\u00e9 pour toutes vos installations multicouche en apparent comme en encastr\u00e9. fiable et robuste\" \/>\n<meta property=\"og:url\" content=\"https:\/\/cheliastore.dz\/product\/vannes-spheriques-pex-20-20-flr\/\" \/>\n<meta property=\"og:site_name\" content=\"CHELIA STORE\" \/>\n<meta property=\"article:publisher\" content=\"https:\/\/web.facebook.com\/cheliastore\" \/>\n<meta property=\"article:modified_time\" content=\"2025-07-02T11:32:25+00:00\" \/>\n<meta property=\"og:image\" content=\"https:\/\/cheliastore.dz\/wp-content\/uploads\/2021\/12\/VS2004.png\" \/>\n\t<meta property=\"og:image:width\" content=\"1500\" \/>\n\t<meta property=\"og:image:height\" content=\"1000\" \/>\n\t<meta property=\"og:image:type\" content=\"image\/png\" \/>\n<meta name=\"twitter:card\" content=\"summary_large_image\" \/>\n<meta name=\"twitter:label1\" content=\"\u0648\u0642\u062a \u0627\u0644\u0642\u0631\u0627\u0621\u0629 \u0627\u0644\u0645\u064f\u0642\u062f\u0651\u0631\" \/>\n\t<meta name=\"twitter:data1\" content=\"1 \u062f\u0642\u064a\u0642\u0629\" \/>\n<script type=\"application\/ld+json\" class=\"yoast-schema-graph\">{\"@context\":\"https:\\\/\\\/schema.org\",\"@graph\":[{\"@type\":\"WebPage\",\"@id\":\"https:\\\/\\\/cheliastore.dz\\\/product\\\/vannes-spheriques-pex-20-20-flr\\\/\",\"url\":\"https:\\\/\\\/cheliastore.dz\\\/product\\\/vannes-spheriques-pex-20-20-flr\\\/\",\"name\":\"Vanne sph\u00e9rique PEX 20 20 FLR - CHELIA STORE\",\"isPartOf\":{\"@id\":\"https:\\\/\\\/cheliastore.dz\\\/#website\"},\"primaryImageOfPage\":{\"@id\":\"https:\\\/\\\/cheliastore.dz\\\/product\\\/vannes-spheriques-pex-20-20-flr\\\/#primaryimage\"},\"image\":{\"@id\":\"https:\\\/\\\/cheliastore.dz\\\/product\\\/vannes-spheriques-pex-20-20-flr\\\/#primaryimage\"},\"thumbnailUrl\":\"https:\\\/\\\/cheliastore.dz\\\/wp-content\\\/uploads\\\/2021\\\/12\\\/VS2004.png\",\"datePublished\":\"2021-12-22T07:56:29+00:00\",\"dateModified\":\"2025-07-02T11:32:25+00:00\",\"description\":\"Vanne sph\u00e9rique PEX 20 20 FLR sont choix de qualit\u00e9 pour toutes vos installations multicouche en apparent comme en encastr\u00e9. fiable et robuste\",\"breadcrumb\":{\"@id\":\"https:\\\/\\\/cheliastore.dz\\\/product\\\/vannes-spheriques-pex-20-20-flr\\\/#breadcrumb\"},\"inLanguage\":\"ar\",\"potentialAction\":[{\"@type\":\"ReadAction\",\"target\":[\"https:\\\/\\\/cheliastore.dz\\\/product\\\/vannes-spheriques-pex-20-20-flr\\\/\"]}]},{\"@type\":\"ImageObject\",\"inLanguage\":\"ar\",\"@id\":\"https:\\\/\\\/cheliastore.dz\\\/product\\\/vannes-spheriques-pex-20-20-flr\\\/#primaryimage\",\"url\":\"https:\\\/\\\/cheliastore.dz\\\/wp-content\\\/uploads\\\/2021\\\/12\\\/VS2004.png\",\"contentUrl\":\"https:\\\/\\\/cheliastore.dz\\\/wp-content\\\/uploads\\\/2021\\\/12\\\/VS2004.png\",\"width\":1500,\"height\":1000,\"caption\":\"Vanne sph\u00e9rique PEX 20 20 FLR\"},{\"@type\":\"BreadcrumbList\",\"@id\":\"https:\\\/\\\/cheliastore.dz\\\/product\\\/vannes-spheriques-pex-20-20-flr\\\/#breadcrumb\",\"itemListElement\":[{\"@type\":\"ListItem\",\"position\":1,\"name\":\"\u0627\u0644\u0631\u0626\u064a\u0633\u064a\u0629\",\"item\":\"https:\\\/\\\/cheliastore.dz\\\/ar\\\/\"},{\"@type\":\"ListItem\",\"position\":2,\"name\":\"Boutique\",\"item\":\"https:\\\/\\\/cheliastore.dz\\\/ar\\\/shop\\\/\"},{\"@type\":\"ListItem\",\"position\":3,\"name\":\"Vanne sph\u00e9rique PEX 20 20 FLR\"}]},{\"@type\":\"WebSite\",\"@id\":\"https:\\\/\\\/cheliastore.dz\\\/#website\",\"url\":\"https:\\\/\\\/cheliastore.dz\\\/\",\"name\":\"CHELIA STORE\",\"description\":\"CHELIA STORE\",\"publisher\":{\"@id\":\"https:\\\/\\\/cheliastore.dz\\\/#organization\"},\"potentialAction\":[{\"@type\":\"SearchAction\",\"target\":{\"@type\":\"EntryPoint\",\"urlTemplate\":\"https:\\\/\\\/cheliastore.dz\\\/?s={search_term_string}\"},\"query-input\":{\"@type\":\"PropertyValueSpecification\",\"valueRequired\":true,\"valueName\":\"search_term_string\"}}],\"inLanguage\":\"ar\"},{\"@type\":\"Organization\",\"@id\":\"https:\\\/\\\/cheliastore.dz\\\/#organization\",\"name\":\"Chelia Store\",\"url\":\"https:\\\/\\\/cheliastore.dz\\\/\",\"logo\":{\"@type\":\"ImageObject\",\"inLanguage\":\"ar\",\"@id\":\"https:\\\/\\\/cheliastore.dz\\\/#\\\/schema\\\/logo\\\/image\\\/\",\"url\":\"https:\\\/\\\/cheliastore.dz\\\/wp-content\\\/uploads\\\/2022\\\/01\\\/logo-final-250.png\",\"contentUrl\":\"https:\\\/\\\/cheliastore.dz\\\/wp-content\\\/uploads\\\/2022\\\/01\\\/logo-final-250.png\",\"width\":250,\"height\":78,\"caption\":\"Chelia Store\"},\"image\":{\"@id\":\"https:\\\/\\\/cheliastore.dz\\\/#\\\/schema\\\/logo\\\/image\\\/\"},\"sameAs\":[\"https:\\\/\\\/web.facebook.com\\\/cheliastore\",\"https:\\\/\\\/www.instagram.com\\\/quincaillerie.chelia\\\/\"]}]}<\/script>\n<!-- \/ Yoast SEO Premium plugin. -->","yoast_head_json":{"title":"Vanne sph\u00e9rique PEX 20 20 FLR - CHELIA STORE","description":"Vanne sph\u00e9rique PEX 20 20 FLR sont choix de qualit\u00e9 pour toutes vos installations multicouche en apparent comme en encastr\u00e9. fiable et robuste","robots":{"index":"index","follow":"follow","max-snippet":"max-snippet:-1","max-image-preview":"max-image-preview:large","max-video-preview":"max-video-preview:-1"},"canonical":"https:\/\/cheliastore.dz\/product\/vannes-spheriques-pex-20-20-flr\/","og_locale":"ar_AR","og_type":"article","og_title":"Vanne sph\u00e9rique PEX 20 20 FLR","og_description":"Vanne sph\u00e9rique PEX 20 20 FLR sont choix de qualit\u00e9 pour toutes vos installations multicouche en apparent comme en encastr\u00e9. fiable et robuste","og_url":"https:\/\/cheliastore.dz\/product\/vannes-spheriques-pex-20-20-flr\/","og_site_name":"CHELIA STORE","article_publisher":"https:\/\/web.facebook.com\/cheliastore","article_modified_time":"2025-07-02T11:32:25+00:00","og_image":[{"width":1500,"height":1000,"url":"https:\/\/cheliastore.dz\/wp-content\/uploads\/2021\/12\/VS2004.png","type":"image\/png"}],"twitter_card":"summary_large_image","twitter_misc":{"\u0648\u0642\u062a \u0627\u0644\u0642\u0631\u0627\u0621\u0629 \u0627\u0644\u0645\u064f\u0642\u062f\u0651\u0631":"1 \u062f\u0642\u064a\u0642\u0629"},"schema":{"@context":"https:\/\/schema.org","@graph":[{"@type":"WebPage","@id":"https:\/\/cheliastore.dz\/product\/vannes-spheriques-pex-20-20-flr\/","url":"https:\/\/cheliastore.dz\/product\/vannes-spheriques-pex-20-20-flr\/","name":"Vanne sph\u00e9rique PEX 20 20 FLR - CHELIA STORE","isPartOf":{"@id":"https:\/\/cheliastore.dz\/#website"},"primaryImageOfPage":{"@id":"https:\/\/cheliastore.dz\/product\/vannes-spheriques-pex-20-20-flr\/#primaryimage"},"image":{"@id":"https:\/\/cheliastore.dz\/product\/vannes-spheriques-pex-20-20-flr\/#primaryimage"},"thumbnailUrl":"https:\/\/cheliastore.dz\/wp-content\/uploads\/2021\/12\/VS2004.png","datePublished":"2021-12-22T07:56:29+00:00","dateModified":"2025-07-02T11:32:25+00:00","description":"Vanne sph\u00e9rique PEX 20 20 FLR sont choix de qualit\u00e9 pour toutes vos installations multicouche en apparent comme en encastr\u00e9. fiable et robuste","breadcrumb":{"@id":"https:\/\/cheliastore.dz\/product\/vannes-spheriques-pex-20-20-flr\/#breadcrumb"},"inLanguage":"ar","potentialAction":[{"@type":"ReadAction","target":["https:\/\/cheliastore.dz\/product\/vannes-spheriques-pex-20-20-flr\/"]}]},{"@type":"ImageObject","inLanguage":"ar","@id":"https:\/\/cheliastore.dz\/product\/vannes-spheriques-pex-20-20-flr\/#primaryimage","url":"https:\/\/cheliastore.dz\/wp-content\/uploads\/2021\/12\/VS2004.png","contentUrl":"https:\/\/cheliastore.dz\/wp-content\/uploads\/2021\/12\/VS2004.png","width":1500,"height":1000,"caption":"Vanne sph\u00e9rique PEX 20 20 FLR"},{"@type":"BreadcrumbList","@id":"https:\/\/cheliastore.dz\/product\/vannes-spheriques-pex-20-20-flr\/#breadcrumb","itemListElement":[{"@type":"ListItem","position":1,"name":"\u0627\u0644\u0631\u0626\u064a\u0633\u064a\u0629","item":"https:\/\/cheliastore.dz\/ar\/"},{"@type":"ListItem","position":2,"name":"Boutique","item":"https:\/\/cheliastore.dz\/ar\/shop\/"},{"@type":"ListItem","position":3,"name":"Vanne sph\u00e9rique PEX 20 20 FLR"}]},{"@type":"WebSite","@id":"https:\/\/cheliastore.dz\/#website","url":"https:\/\/cheliastore.dz\/","name":"CHELIA STORE","description":"CHELIA STORE","publisher":{"@id":"https:\/\/cheliastore.dz\/#organization"},"potentialAction":[{"@type":"SearchAction","target":{"@type":"EntryPoint","urlTemplate":"https:\/\/cheliastore.dz\/?s={search_term_string}"},"query-input":{"@type":"PropertyValueSpecification","valueRequired":true,"valueName":"search_term_string"}}],"inLanguage":"ar"},{"@type":"Organization","@id":"https:\/\/cheliastore.dz\/#organization","name":"Chelia Store","url":"https:\/\/cheliastore.dz\/","logo":{"@type":"ImageObject","inLanguage":"ar","@id":"https:\/\/cheliastore.dz\/#\/schema\/logo\/image\/","url":"https:\/\/cheliastore.dz\/wp-content\/uploads\/2022\/01\/logo-final-250.png","contentUrl":"https:\/\/cheliastore.dz\/wp-content\/uploads\/2022\/01\/logo-final-250.png","width":250,"height":78,"caption":"Chelia Store"},"image":{"@id":"https:\/\/cheliastore.dz\/#\/schema\/logo\/image\/"},"sameAs":["https:\/\/web.facebook.com\/cheliastore","https:\/\/www.instagram.com\/quincaillerie.chelia\/"]}]}},"_links":{"self":[{"href":"https:\/\/cheliastore.dz\/ar\/wp-json\/wp\/v2\/product\/8813","targetHints":{"allow":["GET"]}}],"collection":[{"href":"https:\/\/cheliastore.dz\/ar\/wp-json\/wp\/v2\/product"}],"about":[{"href":"https:\/\/cheliastore.dz\/ar\/wp-json\/wp\/v2\/types\/product"}],"replies":[{"embeddable":true,"href":"https:\/\/cheliastore.dz\/ar\/wp-json\/wp\/v2\/comments?post=8813"}],"version-history":[{"count":1,"href":"https:\/\/cheliastore.dz\/ar\/wp-json\/wp\/v2\/product\/8813\/revisions"}],"predecessor-version":[{"id":56867,"href":"https:\/\/cheliastore.dz\/ar\/wp-json\/wp\/v2\/product\/8813\/revisions\/56867"}],"wp:featuredmedia":[{"embeddable":true,"href":"https:\/\/cheliastore.dz\/ar\/wp-json\/wp\/v2\/media\/8814"}],"wp:attachment":[{"href":"https:\/\/cheliastore.dz\/ar\/wp-json\/wp\/v2\/media?parent=8813"}],"wp:term":[{"taxonomy":"product_brand","embeddable":true,"href":"https:\/\/cheliastore.dz\/ar\/wp-json\/wp\/v2\/product_brand?post=8813"},{"taxonomy":"product_cat","embeddable":true,"href":"https:\/\/cheliastore.dz\/ar\/wp-json\/wp\/v2\/product_cat?post=8813"},{"taxonomy":"product_tag","embeddable":true,"href":"https:\/\/cheliastore.dz\/ar\/wp-json\/wp\/v2\/product_tag?post=8813"}],"curies":[{"name":"wp","href":"https:\/\/api.w.org\/{rel}","templated":true}]}}