{"id":8681,"date":"2021-12-21T07:52:48","date_gmt":"2021-12-21T07:52:48","guid":{"rendered":"https:\/\/cheliastore.com\/?post_type=product&#038;p=8681"},"modified":"2025-04-26T12:33:55","modified_gmt":"2025-04-26T12:33:55","slug":"pompe-a-eaux-usees-2hp-3hp-leo-xsp","status":"publish","type":"product","link":"https:\/\/cheliastore.dz\/ar\/product\/pompe-a-eaux-usees-2hp-3hp-leo-xsp\/","title":{"rendered":"Pompe \u00e0 eaux us\u00e9es 2HP 3HP LEO | XSP"},"content":{"rendered":"<article class=\"w-full text-token-text-primary focus-visible:outline-2 focus-visible:outline-offset-[-4px]\" dir=\"auto\" tabindex=\"0\" data-testid=\"conversation-turn-431\" data-scroll-anchor=\"false\">\n<div class=\"text-base py-[18px] px-3 md:px-4 m-auto md:px-5\">\n<div class=\"mx-auto flex flex-1 gap-4 text-base md:gap-5 lg:gap-6 md:max-w-3xl lg:max-w-[40rem] xl:max-w-[48rem]\">\n<div class=\"group\/conversation-turn relative flex w-full min-w-0 flex-col agent-turn\">\n<div class=\"flex-col gap-1 md:gap-3\">\n<div class=\"flex max-w-full flex-col flex-grow\">\n<div class=\"min-h-[20px] text-message flex w-full flex-col items-end gap-2 whitespace-pre-wrap break-words [.text-message+&amp;]:mt-5 overflow-x-auto\" dir=\"auto\" data-message-author-role=\"assistant\" data-message-id=\"537019d1-0807-40fd-9634-77c3fa11e532\">\n<div class=\"flex w-full flex-col gap-1 empty:hidden first:pt-[3px]\">\n<div class=\"markdown prose w-full break-words dark:prose-invert light\">\n<h1>Pompe \u00e0 eaux us\u00e9es 2HP 3HP LEO | XSP<\/h1>\n<p>La Pompe \u00e0 eaux us\u00e9es 2HP 3HP LEO | XSP est con\u00e7ue pour traiter efficacement dans diverses applications industrielles, commerciales et domestiques. Elle est disponible en deux puissances : 2 HP et 3 HP, ce qui permet de choisir le mod\u00e8le le mieux adapt\u00e9 \u00e0 vos besoins de pompage.<\/p>\n<div class=\"flex max-w-full flex-col flex-grow\">\n<div class=\"min-h-[20px] text-message flex w-full flex-col items-end gap-2 whitespace-pre-wrap break-words [.text-message+&amp;]:mt-5 overflow-x-auto\" dir=\"auto\" data-message-author-role=\"assistant\" data-message-id=\"d3e055f2-a4de-480e-a06f-9062d81e9354\">\n<div class=\"flex w-full flex-col gap-1 empty:hidden first:pt-[3px]\">\n<div class=\"markdown prose w-full break-words dark:prose-invert light\">\n<p>Une solution polyvalente pour diverses situations o\u00f9 le pompage de liquides contamin\u00e9s est n\u00e9cessaire, offrant robustesse et efficacit\u00e9 dans les environnements r\u00e9sidentiels, commerciaux et industriels.<\/p>\n<blockquote class=\"wp-embedded-content\" data-secret=\"H989RbC23G\"><p><a href=\"https:\/\/cheliastore.dz\/product\/pompe-immergee-xqs-leo-1-0hp-1-5hp-2-0hp\/\">Pompe vide cave XQS LEO | 1.0HP 1.5HP 2.0HP<\/a><\/p><\/blockquote>\n<p><iframe class=\"wp-embedded-content\" sandbox=\"allow-scripts\" security=\"restricted\" style=\"position: absolute; visibility: hidden;\" title=\"\u00ab\u00a0Pompe vide cave XQS LEO | 1.0HP 1.5HP 2.0HP\u00a0\u00bb &#8212; CHELIA STORE\" src=\"https:\/\/cheliastore.dz\/product\/pompe-immergee-xqs-leo-1-0hp-1-5hp-2-0hp\/embed\/#?secret=7hVTSzGtTw#?secret=H989RbC23G\" data-secret=\"H989RbC23G\" width=\"500\" height=\"282\" frameborder=\"0\" marginwidth=\"0\" marginheight=\"0\" scrolling=\"no\"><\/iframe><\/p>\n<\/div>\n<\/div>\n<\/div>\n<\/div>\n<h2><strong>Caract\u00e9ristiques de Pompe \u00e0 eaux us\u00e9es<\/strong><\/h2>\n<ul>\n<li><strong>Type de Pompe :<\/strong> Pompe adapt\u00e9e pour \u00eatre immerg\u00e9e dans les liquides \u00e0 pomper.<\/li>\n<li><strong>Mat\u00e9riaux de Construction :<\/strong> G\u00e9n\u00e9ralement fabriqu\u00e9e en fonte robuste et en acier inoxydable pour garantir une longue dur\u00e9e de vie et une r\u00e9sistance accrue \u00e0 l&#8217;usure.<\/li>\n<li><strong>Puissance :<\/strong> Disponible en deux puissances :\n<ul>\n<li><strong>2 HP<\/strong> (environ 1,5 kW) : Convient pour des applications de pompage de moyenne capacit\u00e9.<\/li>\n<li><strong>3 HP<\/strong> (environ 2,2 kW) : Id\u00e9ale pour des applications n\u00e9cessitant une plus grande capacit\u00e9 de pompage.<\/li>\n<\/ul>\n<\/li>\n<li><strong>D\u00e9bit :<\/strong> Con\u00e7ue pour g\u00e9rer des d\u00e9bits \u00e9lev\u00e9s et des liquides charg\u00e9s.<\/li>\n<li><strong>Pression :<\/strong> Adapt\u00e9e pour des applications n\u00e9cessitant une pression importante pour le transport des eaux us\u00e9es.<\/li>\n<li><strong>Applications :<\/strong> Utilis\u00e9e dans les syst\u00e8mes de gestion des eaux us\u00e9es, les stations de pompage, et les installations industrielles pour le traitement des eaux us\u00e9es.<\/li>\n<\/ul>\n<blockquote><p><span style=\"font-weight: 400;\">Vous pouvez trouver des produits similaires sur notre site Web<\/span><a href=\"https:\/\/cheliastore.dz\/\"><span style=\"font-weight: 400;\"> chelia store<\/span><\/a><\/p><\/blockquote>\n<\/div>\n<\/div>\n<\/div>\n<\/div>\n<\/div>\n<\/div>\n<\/div>\n<\/div>\n<\/article>\n","protected":false},"excerpt":{"rendered":"<p>D\u00e9couvrez la Pompe \u00e0 eaux us\u00e9es 2HP 3HP LEO | XSP au meilleur prix en Algerie. Con\u00e7ue pour offrir une performance fiable et durable dans des conditions difficiles, tout en \u00e9tant facile \u00e0 entretenir.<\/p>\n<p>&nbsp;<\/p>\n","protected":false},"featured_media":50149,"comment_status":"open","ping_status":"closed","template":"","meta":{"_editorskit_title_hidden":false,"_editorskit_reading_time":0,"_editorskit_is_block_options_detached":false,"_editorskit_block_options_position":"{}"},"product_brand":[],"product_cat":[97,118],"product_tag":[],"class_list":{"0":"post-8681","1":"product","2":"type-product","3":"status-publish","4":"has-post-thumbnail","6":"product_cat-plomberie","7":"product_cat-pompe-eau-surpresseur","8":"pa_brand-leo","10":"first","11":"outofstock","12":"shipping-taxable","13":"purchasable","14":"product-type-simple"},"yoast_head":"<!-- This site is optimized with the Yoast SEO Premium plugin v25.4 (Yoast SEO v27.4) - https:\/\/yoast.com\/product\/yoast-seo-premium-wordpress\/ -->\n<title>Pompe \u00e0 eaux us\u00e9es 2HP 3HP LEO | XSP - CHELIA STORE<\/title>\n<meta name=\"description\" content=\"D\u00e9couvrez la Pompe \u00e0 eaux us\u00e9es 2HP 3HP LEO | XSP au meilleur prix en Algerie. Con\u00e7ue pour offrir une performance fiable et durable.\" \/>\n<meta name=\"robots\" content=\"index, follow, max-snippet:-1, max-image-preview:large, max-video-preview:-1\" \/>\n<link rel=\"canonical\" href=\"https:\/\/cheliastore.dz\/product\/pompe-a-eaux-usees-2hp-3hp-leo-xsp\/\" \/>\n<meta property=\"og:locale\" content=\"ar_AR\" \/>\n<meta property=\"og:type\" content=\"article\" \/>\n<meta property=\"og:title\" content=\"Pompe \u00e0 eaux us\u00e9es 2HP 3HP LEO | XSP\" \/>\n<meta property=\"og:description\" content=\"D\u00e9couvrez la Pompe \u00e0 eaux us\u00e9es 2HP 3HP LEO | XSP au meilleur prix en Algerie. Con\u00e7ue pour offrir une performance fiable et durable.\" \/>\n<meta property=\"og:url\" content=\"https:\/\/cheliastore.dz\/product\/pompe-a-eaux-usees-2hp-3hp-leo-xsp\/\" \/>\n<meta property=\"og:site_name\" content=\"CHELIA STORE\" \/>\n<meta property=\"article:publisher\" content=\"https:\/\/web.facebook.com\/cheliastore\" \/>\n<meta property=\"article:modified_time\" content=\"2025-04-26T12:33:55+00:00\" \/>\n<meta property=\"og:image\" content=\"https:\/\/cheliastore.dz\/wp-content\/uploads\/2021\/12\/Pompe-a-eaux-usees.jpg\" \/>\n\t<meta property=\"og:image:width\" content=\"1000\" \/>\n\t<meta property=\"og:image:height\" content=\"1000\" \/>\n\t<meta property=\"og:image:type\" content=\"image\/jpeg\" \/>\n<meta name=\"twitter:card\" content=\"summary_large_image\" \/>\n<meta name=\"twitter:label1\" content=\"\u0648\u0642\u062a \u0627\u0644\u0642\u0631\u0627\u0621\u0629 \u0627\u0644\u0645\u064f\u0642\u062f\u0651\u0631\" \/>\n\t<meta name=\"twitter:data1\" content=\"\u062f\u0642\u064a\u0642\u062a\u0627\u0646\" \/>\n<script type=\"application\/ld+json\" class=\"yoast-schema-graph\">{\"@context\":\"https:\\\/\\\/schema.org\",\"@graph\":[{\"@type\":\"WebPage\",\"@id\":\"https:\\\/\\\/cheliastore.dz\\\/product\\\/pompe-a-eaux-usees-2hp-3hp-leo-xsp\\\/\",\"url\":\"https:\\\/\\\/cheliastore.dz\\\/product\\\/pompe-a-eaux-usees-2hp-3hp-leo-xsp\\\/\",\"name\":\"Pompe \u00e0 eaux us\u00e9es 2HP 3HP LEO | XSP - CHELIA STORE\",\"isPartOf\":{\"@id\":\"https:\\\/\\\/cheliastore.dz\\\/#website\"},\"primaryImageOfPage\":{\"@id\":\"https:\\\/\\\/cheliastore.dz\\\/product\\\/pompe-a-eaux-usees-2hp-3hp-leo-xsp\\\/#primaryimage\"},\"image\":{\"@id\":\"https:\\\/\\\/cheliastore.dz\\\/product\\\/pompe-a-eaux-usees-2hp-3hp-leo-xsp\\\/#primaryimage\"},\"thumbnailUrl\":\"https:\\\/\\\/cheliastore.dz\\\/wp-content\\\/uploads\\\/2021\\\/12\\\/Pompe-a-eaux-usees.jpg\",\"datePublished\":\"2021-12-21T07:52:48+00:00\",\"dateModified\":\"2025-04-26T12:33:55+00:00\",\"description\":\"D\u00e9couvrez la Pompe \u00e0 eaux us\u00e9es 2HP 3HP LEO | XSP au meilleur prix en Algerie. Con\u00e7ue pour offrir une performance fiable et durable.\",\"breadcrumb\":{\"@id\":\"https:\\\/\\\/cheliastore.dz\\\/product\\\/pompe-a-eaux-usees-2hp-3hp-leo-xsp\\\/#breadcrumb\"},\"inLanguage\":\"ar\",\"potentialAction\":[{\"@type\":\"ReadAction\",\"target\":[\"https:\\\/\\\/cheliastore.dz\\\/product\\\/pompe-a-eaux-usees-2hp-3hp-leo-xsp\\\/\"]}]},{\"@type\":\"ImageObject\",\"inLanguage\":\"ar\",\"@id\":\"https:\\\/\\\/cheliastore.dz\\\/product\\\/pompe-a-eaux-usees-2hp-3hp-leo-xsp\\\/#primaryimage\",\"url\":\"https:\\\/\\\/cheliastore.dz\\\/wp-content\\\/uploads\\\/2021\\\/12\\\/Pompe-a-eaux-usees.jpg\",\"contentUrl\":\"https:\\\/\\\/cheliastore.dz\\\/wp-content\\\/uploads\\\/2021\\\/12\\\/Pompe-a-eaux-usees.jpg\",\"width\":1000,\"height\":1000,\"caption\":\"Pompe \u00e0 eaux us\u00e9es 2HP 3HP LEO | XSP\"},{\"@type\":\"BreadcrumbList\",\"@id\":\"https:\\\/\\\/cheliastore.dz\\\/product\\\/pompe-a-eaux-usees-2hp-3hp-leo-xsp\\\/#breadcrumb\",\"itemListElement\":[{\"@type\":\"ListItem\",\"position\":1,\"name\":\"\u0627\u0644\u0631\u0626\u064a\u0633\u064a\u0629\",\"item\":\"https:\\\/\\\/cheliastore.dz\\\/ar\\\/\"},{\"@type\":\"ListItem\",\"position\":2,\"name\":\"Boutique\",\"item\":\"https:\\\/\\\/cheliastore.dz\\\/ar\\\/shop\\\/\"},{\"@type\":\"ListItem\",\"position\":3,\"name\":\"Pompe \u00e0 eaux us\u00e9es 2HP 3HP LEO | XSP\"}]},{\"@type\":\"WebSite\",\"@id\":\"https:\\\/\\\/cheliastore.dz\\\/#website\",\"url\":\"https:\\\/\\\/cheliastore.dz\\\/\",\"name\":\"CHELIA STORE\",\"description\":\"CHELIA STORE\",\"publisher\":{\"@id\":\"https:\\\/\\\/cheliastore.dz\\\/#organization\"},\"potentialAction\":[{\"@type\":\"SearchAction\",\"target\":{\"@type\":\"EntryPoint\",\"urlTemplate\":\"https:\\\/\\\/cheliastore.dz\\\/?s={search_term_string}\"},\"query-input\":{\"@type\":\"PropertyValueSpecification\",\"valueRequired\":true,\"valueName\":\"search_term_string\"}}],\"inLanguage\":\"ar\"},{\"@type\":\"Organization\",\"@id\":\"https:\\\/\\\/cheliastore.dz\\\/#organization\",\"name\":\"Chelia Store\",\"url\":\"https:\\\/\\\/cheliastore.dz\\\/\",\"logo\":{\"@type\":\"ImageObject\",\"inLanguage\":\"ar\",\"@id\":\"https:\\\/\\\/cheliastore.dz\\\/#\\\/schema\\\/logo\\\/image\\\/\",\"url\":\"https:\\\/\\\/cheliastore.dz\\\/wp-content\\\/uploads\\\/2022\\\/01\\\/logo-final-250.png\",\"contentUrl\":\"https:\\\/\\\/cheliastore.dz\\\/wp-content\\\/uploads\\\/2022\\\/01\\\/logo-final-250.png\",\"width\":250,\"height\":78,\"caption\":\"Chelia Store\"},\"image\":{\"@id\":\"https:\\\/\\\/cheliastore.dz\\\/#\\\/schema\\\/logo\\\/image\\\/\"},\"sameAs\":[\"https:\\\/\\\/web.facebook.com\\\/cheliastore\",\"https:\\\/\\\/www.instagram.com\\\/quincaillerie.chelia\\\/\"]}]}<\/script>\n<!-- \/ Yoast SEO Premium plugin. -->","yoast_head_json":{"title":"Pompe \u00e0 eaux us\u00e9es 2HP 3HP LEO | XSP - CHELIA STORE","description":"D\u00e9couvrez la Pompe \u00e0 eaux us\u00e9es 2HP 3HP LEO | XSP au meilleur prix en Algerie. Con\u00e7ue pour offrir une performance fiable et durable.","robots":{"index":"index","follow":"follow","max-snippet":"max-snippet:-1","max-image-preview":"max-image-preview:large","max-video-preview":"max-video-preview:-1"},"canonical":"https:\/\/cheliastore.dz\/product\/pompe-a-eaux-usees-2hp-3hp-leo-xsp\/","og_locale":"ar_AR","og_type":"article","og_title":"Pompe \u00e0 eaux us\u00e9es 2HP 3HP LEO | XSP","og_description":"D\u00e9couvrez la Pompe \u00e0 eaux us\u00e9es 2HP 3HP LEO | XSP au meilleur prix en Algerie. Con\u00e7ue pour offrir une performance fiable et durable.","og_url":"https:\/\/cheliastore.dz\/product\/pompe-a-eaux-usees-2hp-3hp-leo-xsp\/","og_site_name":"CHELIA STORE","article_publisher":"https:\/\/web.facebook.com\/cheliastore","article_modified_time":"2025-04-26T12:33:55+00:00","og_image":[{"width":1000,"height":1000,"url":"https:\/\/cheliastore.dz\/wp-content\/uploads\/2021\/12\/Pompe-a-eaux-usees.jpg","type":"image\/jpeg"}],"twitter_card":"summary_large_image","twitter_misc":{"\u0648\u0642\u062a \u0627\u0644\u0642\u0631\u0627\u0621\u0629 \u0627\u0644\u0645\u064f\u0642\u062f\u0651\u0631":"\u062f\u0642\u064a\u0642\u062a\u0627\u0646"},"schema":{"@context":"https:\/\/schema.org","@graph":[{"@type":"WebPage","@id":"https:\/\/cheliastore.dz\/product\/pompe-a-eaux-usees-2hp-3hp-leo-xsp\/","url":"https:\/\/cheliastore.dz\/product\/pompe-a-eaux-usees-2hp-3hp-leo-xsp\/","name":"Pompe \u00e0 eaux us\u00e9es 2HP 3HP LEO | XSP - CHELIA STORE","isPartOf":{"@id":"https:\/\/cheliastore.dz\/#website"},"primaryImageOfPage":{"@id":"https:\/\/cheliastore.dz\/product\/pompe-a-eaux-usees-2hp-3hp-leo-xsp\/#primaryimage"},"image":{"@id":"https:\/\/cheliastore.dz\/product\/pompe-a-eaux-usees-2hp-3hp-leo-xsp\/#primaryimage"},"thumbnailUrl":"https:\/\/cheliastore.dz\/wp-content\/uploads\/2021\/12\/Pompe-a-eaux-usees.jpg","datePublished":"2021-12-21T07:52:48+00:00","dateModified":"2025-04-26T12:33:55+00:00","description":"D\u00e9couvrez la Pompe \u00e0 eaux us\u00e9es 2HP 3HP LEO | XSP au meilleur prix en Algerie. Con\u00e7ue pour offrir une performance fiable et durable.","breadcrumb":{"@id":"https:\/\/cheliastore.dz\/product\/pompe-a-eaux-usees-2hp-3hp-leo-xsp\/#breadcrumb"},"inLanguage":"ar","potentialAction":[{"@type":"ReadAction","target":["https:\/\/cheliastore.dz\/product\/pompe-a-eaux-usees-2hp-3hp-leo-xsp\/"]}]},{"@type":"ImageObject","inLanguage":"ar","@id":"https:\/\/cheliastore.dz\/product\/pompe-a-eaux-usees-2hp-3hp-leo-xsp\/#primaryimage","url":"https:\/\/cheliastore.dz\/wp-content\/uploads\/2021\/12\/Pompe-a-eaux-usees.jpg","contentUrl":"https:\/\/cheliastore.dz\/wp-content\/uploads\/2021\/12\/Pompe-a-eaux-usees.jpg","width":1000,"height":1000,"caption":"Pompe \u00e0 eaux us\u00e9es 2HP 3HP LEO | XSP"},{"@type":"BreadcrumbList","@id":"https:\/\/cheliastore.dz\/product\/pompe-a-eaux-usees-2hp-3hp-leo-xsp\/#breadcrumb","itemListElement":[{"@type":"ListItem","position":1,"name":"\u0627\u0644\u0631\u0626\u064a\u0633\u064a\u0629","item":"https:\/\/cheliastore.dz\/ar\/"},{"@type":"ListItem","position":2,"name":"Boutique","item":"https:\/\/cheliastore.dz\/ar\/shop\/"},{"@type":"ListItem","position":3,"name":"Pompe \u00e0 eaux us\u00e9es 2HP 3HP LEO | XSP"}]},{"@type":"WebSite","@id":"https:\/\/cheliastore.dz\/#website","url":"https:\/\/cheliastore.dz\/","name":"CHELIA STORE","description":"CHELIA STORE","publisher":{"@id":"https:\/\/cheliastore.dz\/#organization"},"potentialAction":[{"@type":"SearchAction","target":{"@type":"EntryPoint","urlTemplate":"https:\/\/cheliastore.dz\/?s={search_term_string}"},"query-input":{"@type":"PropertyValueSpecification","valueRequired":true,"valueName":"search_term_string"}}],"inLanguage":"ar"},{"@type":"Organization","@id":"https:\/\/cheliastore.dz\/#organization","name":"Chelia Store","url":"https:\/\/cheliastore.dz\/","logo":{"@type":"ImageObject","inLanguage":"ar","@id":"https:\/\/cheliastore.dz\/#\/schema\/logo\/image\/","url":"https:\/\/cheliastore.dz\/wp-content\/uploads\/2022\/01\/logo-final-250.png","contentUrl":"https:\/\/cheliastore.dz\/wp-content\/uploads\/2022\/01\/logo-final-250.png","width":250,"height":78,"caption":"Chelia Store"},"image":{"@id":"https:\/\/cheliastore.dz\/#\/schema\/logo\/image\/"},"sameAs":["https:\/\/web.facebook.com\/cheliastore","https:\/\/www.instagram.com\/quincaillerie.chelia\/"]}]}},"_links":{"self":[{"href":"https:\/\/cheliastore.dz\/ar\/wp-json\/wp\/v2\/product\/8681","targetHints":{"allow":["GET"]}}],"collection":[{"href":"https:\/\/cheliastore.dz\/ar\/wp-json\/wp\/v2\/product"}],"about":[{"href":"https:\/\/cheliastore.dz\/ar\/wp-json\/wp\/v2\/types\/product"}],"replies":[{"embeddable":true,"href":"https:\/\/cheliastore.dz\/ar\/wp-json\/wp\/v2\/comments?post=8681"}],"version-history":[{"count":1,"href":"https:\/\/cheliastore.dz\/ar\/wp-json\/wp\/v2\/product\/8681\/revisions"}],"predecessor-version":[{"id":73895,"href":"https:\/\/cheliastore.dz\/ar\/wp-json\/wp\/v2\/product\/8681\/revisions\/73895"}],"wp:featuredmedia":[{"embeddable":true,"href":"https:\/\/cheliastore.dz\/ar\/wp-json\/wp\/v2\/media\/50149"}],"wp:attachment":[{"href":"https:\/\/cheliastore.dz\/ar\/wp-json\/wp\/v2\/media?parent=8681"}],"wp:term":[{"taxonomy":"product_brand","embeddable":true,"href":"https:\/\/cheliastore.dz\/ar\/wp-json\/wp\/v2\/product_brand?post=8681"},{"taxonomy":"product_cat","embeddable":true,"href":"https:\/\/cheliastore.dz\/ar\/wp-json\/wp\/v2\/product_cat?post=8681"},{"taxonomy":"product_tag","embeddable":true,"href":"https:\/\/cheliastore.dz\/ar\/wp-json\/wp\/v2\/product_tag?post=8681"}],"curies":[{"name":"wp","href":"https:\/\/api.w.org\/{rel}","templated":true}]}}