{"id":72443,"date":"2025-03-30T10:14:52","date_gmt":"2025-03-30T10:14:52","guid":{"rendered":"https:\/\/cheliastore.dz\/?post_type=product&#038;p=72443"},"modified":"2026-01-11T03:27:31","modified_gmt":"2026-01-11T03:27:31","slug":"filtre-eau-autonettoyant-hydra-big-10-atlas-filtri","status":"publish","type":"product","link":"https:\/\/cheliastore.dz\/ar\/product\/filtre-eau-autonettoyant-hydra-big-10-atlas-filtri\/","title":{"rendered":"Filtre \u00e0 eau autonettoyant HYDRA Big 10&#8243; ATLAS FILTRI"},"content":{"rendered":"<h1 data-start=\"436\" data-end=\"469\">Filtre \u00e0 eau autonettoyant HYDRA Big 10&#8243; ATLAS FILTRI<\/h1>\n<h4 data-start=\"436\" data-end=\"469\">&#x1f4a7; Optez pour une filtration durable et efficace avec le <strong data-start=\"2707\" data-end=\"2743\">filtre \u00e0 eau autonettoyant HYDRA<\/strong>, disponible sur <a href=\"https:\/\/cheliastore.dz\/page\/5\/?s=FILTRE&amp;post_type=product&amp;dgwt_wcas=1&amp;lang=fr\"><span style=\"color: #ff0000;\"><strong data-start=\"2760\" data-end=\"2775\">CHELIASTORE<\/strong><\/span><\/a>. Profitez d\u2019une <strong data-start=\"2792\" data-end=\"2828\">livraison rapide en Alg\u00e9rie &#x1f1e9;&#x1f1ff;<\/strong> et d\u2019un <strong data-start=\"2837\" data-end=\"2866\">service client \u00e0 l\u2019\u00e9coute<\/strong> de vos besoins en plomberie.<\/h4>\n<h2 data-start=\"436\" data-end=\"469\">&#x2705;Description d\u00e9taill\u00e9e : Filtre \u00e0 eau autonettoyant HYDRA<\/h2>\n<p data-start=\"470\" data-end=\"860\">Le <strong data-start=\"473\" data-end=\"509\">filtre \u00e0 eau autonettoyant HYDRA<\/strong> est une solution haut de gamme con\u00e7ue pour le <strong data-start=\"556\" data-end=\"639\">pr\u00e9traitement de l\u2019eau contenant des s\u00e9diments, impuret\u00e9s ou particules solides<\/strong>. Gr\u00e2ce \u00e0 son <strong data-start=\"653\" data-end=\"695\">syst\u00e8me autonettoyant \u00e0 contre-courant<\/strong>, il assure un <strong data-start=\"710\" data-end=\"740\">entretien facile et rapide<\/strong>, soit <strong data-start=\"747\" data-end=\"763\">manuellement<\/strong> via un robinet de vidange, soit <strong data-start=\"796\" data-end=\"815\">automatiquement<\/strong> avec un <strong data-start=\"824\" data-end=\"849\">kit de nettoyage auto<\/strong> en option.<\/p>\n<p data-start=\"862\" data-end=\"994\">Le syst\u00e8me de vidange est ing\u00e9nieusement con\u00e7u pour emp\u00eacher tout reflux d\u2019eau, garantissant ainsi une <strong data-start=\"965\" data-end=\"993\">purge propre et efficace<\/strong>.<\/p>\n<p data-start=\"996\" data-end=\"1081\">Ce filtre est <strong data-start=\"1010\" data-end=\"1077\">compatible avec trois cartouches sp\u00e9cifiques au format SX (DOE)<\/strong> :<\/p>\n<ul data-start=\"1082\" data-end=\"1278\">\n<li data-start=\"1082\" data-end=\"1165\">\n<p data-start=\"1084\" data-end=\"1165\"><strong data-start=\"1084\" data-end=\"1091\">RAH<\/strong> : filet en acier inoxydable pour une filtration robuste et r\u00e9utilisable<\/p>\n<\/li>\n<li data-start=\"1166\" data-end=\"1206\">\n<p data-start=\"1168\" data-end=\"1206\"><strong data-start=\"1168\" data-end=\"1175\">RLH<\/strong> : filet en polyester lavable<\/p>\n<\/li>\n<li data-start=\"1207\" data-end=\"1278\">\n<p data-start=\"1209\" data-end=\"1278\"><strong data-start=\"1209\" data-end=\"1216\">RSH<\/strong> : filet en polypropyl\u00e8ne pliss\u00e9 pour une filtration plus fine<\/p>\n<\/li>\n<\/ul>\n<p data-start=\"1280\" data-end=\"1453\">Les <strong data-start=\"1284\" data-end=\"1310\">raccords entr\u00e9e\/sortie<\/strong> sont disponibles en plusieurs dimensions :<br data-start=\"1353\" data-end=\"1356\" \/>1\/2&#8243;, 3\/4&#8243;, 1&#8243;, 1&#8243;1\/4, 1&#8243;1\/2 \u2013 avec filetage <strong data-start=\"1401\" data-end=\"1431\">BSP en laiton ou plastique<\/strong> ou <strong data-start=\"1435\" data-end=\"1452\">NPT plastique<\/strong>.<\/p>\n<p data-start=\"1455\" data-end=\"1681\">Le d\u00e9bit peut varier de <strong data-start=\"1479\" data-end=\"1514\">3 000 \u00e0 10 000 litres par heure<\/strong>, selon la configuration. Le <strong data-start=\"1543\" data-end=\"1561\">mod\u00e8le HYDRA M<\/strong> inclut \u00e9galement deux manom\u00e8tres int\u00e9gr\u00e9s et est compatible avec une large <strong data-start=\"1637\" data-end=\"1680\">gamme d\u2019accessoires et pi\u00e8ces d\u00e9tach\u00e9es<\/strong>.<\/p>\n<p data-start=\"1683\" data-end=\"1822\">Tous les mod\u00e8les HYDRA sont <strong data-start=\"1711\" data-end=\"1758\">certifi\u00e9s par des organismes internationaux<\/strong> reconnus pour leur qualit\u00e9 et conformit\u00e9 aux normes en vigueur.<\/p>\n<blockquote class=\"wp-embedded-content\" data-secret=\"mkjMTyOmQE\"><p><a href=\"https:\/\/cheliastore.dz\/comment-installer-correctement-filtre-eau\/\">\u0643\u064a\u0641\u064a\u0629 \u062a\u0631\u0643\u064a\u0628 \u0641\u0644\u062a\u0631 \u0627\u0644\u0645\u064a\u0627\u0647 \u0628\u0634\u0643\u0644 \u0635\u062d\u064a\u062d\u061f<\/a><\/p><\/blockquote>\n<p><iframe class=\"wp-embedded-content\" sandbox=\"allow-scripts\" security=\"restricted\" style=\"position: absolute; visibility: hidden;\" title=\"\u00ab\u00a0\u0643\u064a\u0641\u064a\u0629 \u062a\u0631\u0643\u064a\u0628 \u0641\u0644\u062a\u0631 \u0627\u0644\u0645\u064a\u0627\u0647 \u0628\u0634\u0643\u0644 \u0635\u062d\u064a\u062d\u061f\u00a0\u00bb &#8212; CHELIA STORE\" src=\"https:\/\/cheliastore.dz\/comment-installer-correctement-filtre-eau\/embed\/#?secret=icv9ytuMU2#?secret=mkjMTyOmQE\" data-secret=\"mkjMTyOmQE\" width=\"500\" height=\"282\" frameborder=\"0\" marginwidth=\"0\" marginheight=\"0\" scrolling=\"no\"><\/iframe><\/p>\n<h3 data-start=\"1829\" data-end=\"1871\">&#x1f527; <strong data-start=\"1836\" data-end=\"1869\">Caract\u00e9ristiques techniques :<\/strong><\/h3>\n<ul data-start=\"1872\" data-end=\"2350\">\n<li data-start=\"1872\" data-end=\"1913\">\n<p data-start=\"1874\" data-end=\"1913\"><strong data-start=\"1874\" data-end=\"1884\">Type :<\/strong> Filtre \u00e0 eau autonettoyant,<\/p>\n<\/li>\n<li data-start=\"1914\" data-end=\"1982\">\n<p data-start=\"1916\" data-end=\"1982\"><strong data-start=\"1916\" data-end=\"1929\">Syst\u00e8me :<\/strong> Nettoyage \u00e0 contre-courant (manuel ou automatique),<\/p>\n<\/li>\n<li data-start=\"1983\" data-end=\"2064\">\n<p data-start=\"1985\" data-end=\"2064\"><strong data-start=\"1985\" data-end=\"2013\">Cartouches compatibles :<\/strong> RAH (inox), RLH (polyester), RSH (polypropyl\u00e8ne),<\/p>\n<\/li>\n<li data-start=\"2065\" data-end=\"2100\">\n<p data-start=\"2067\" data-end=\"2100\"><strong data-start=\"2067\" data-end=\"2089\">Format cartouche :<\/strong> SX (DOE),<\/p>\n<\/li>\n<li data-start=\"2101\" data-end=\"2161\">\n<p data-start=\"2103\" data-end=\"2161\"><strong data-start=\"2103\" data-end=\"2129\">Raccords disponibles :<\/strong> 1\/2&#8243;, 3\/4&#8243;, 1&#8243;, 1&#8243;1\/4&#8243;, 1&#8243;1\/2,<\/p>\n<\/li>\n<li data-start=\"2162\" data-end=\"2199\">\n<p data-start=\"2164\" data-end=\"2199\"><strong data-start=\"2164\" data-end=\"2175\">D\u00e9bit :<\/strong> De 3 000 \u00e0 10 000 l\/h,<\/p>\n<\/li>\n<li data-start=\"2200\" data-end=\"2260\">\n<p data-start=\"2202\" data-end=\"2260\"><strong data-start=\"2202\" data-end=\"2219\">Accessoires :<\/strong> Kit auto, manom\u00e8tres, pi\u00e8ces d\u00e9tach\u00e9es,<\/p>\n<\/li>\n<li data-start=\"2261\" data-end=\"2322\">\n<p data-start=\"2263\" data-end=\"2322\"><strong data-start=\"2263\" data-end=\"2283\">Certifications :<\/strong> Conformes aux normes internationales,<\/p>\n<\/li>\n<li data-start=\"2323\" data-end=\"2350\">\n<p data-start=\"2325\" data-end=\"2350\"><strong data-start=\"2325\" data-end=\"2337\">Marque : <a href=\"https:\/\/www.atlasfiltri.com\/fr\/produits\/filtres-autonettoyants\/stade-simple\/hydra\"><em><span style=\"color: #0000ff;\">ATLAS FILTRI<\/span><\/em><\/a><\/strong>.<\/p>\n<\/li>\n<\/ul>\n<blockquote class=\"wp-embedded-content\" data-secret=\"Y0grFWdOru\"><p><a href=\"https:\/\/cheliastore.dz\/product\/cartouche-filtre-5-a-fil-atlas-filtri\/\">Cartouche Filtre 5 a Fil ATLAS Filtri<\/a><\/p><\/blockquote>\n<p><iframe class=\"wp-embedded-content\" sandbox=\"allow-scripts\" security=\"restricted\" style=\"position: absolute; visibility: hidden;\" title=\"\u00ab\u00a0Cartouche Filtre 5 a Fil ATLAS Filtri\u00a0\u00bb &#8212; CHELIA STORE\" src=\"https:\/\/cheliastore.dz\/product\/cartouche-filtre-5-a-fil-atlas-filtri\/embed\/#?secret=CUdVXX4rxy#?secret=Y0grFWdOru\" data-secret=\"Y0grFWdOru\" width=\"500\" height=\"282\" frameborder=\"0\" marginwidth=\"0\" marginheight=\"0\" scrolling=\"no\"><\/iframe><\/p>\n<p>&nbsp;<\/p>\n<h3 data-start=\"2357\" data-end=\"2389\">&#x1f4a1; <strong data-start=\"2364\" data-end=\"2387\">Avantages produit :<\/strong><\/h3>\n<p data-start=\"2390\" data-end=\"2643\">&#x2714; Nettoyage rapide sans d\u00e9montage<br data-start=\"2423\" data-end=\"2426\" \/>&#x2714; Fonctionne manuellement ou automatiquement<br data-start=\"2470\" data-end=\"2473\" \/>&#x2714; \u00c9vite le gaspillage d\u2019eau par reflux<br data-start=\"2511\" data-end=\"2514\" \/>&#x2714; Compatible avec plusieurs types de cartouches<br data-start=\"2561\" data-end=\"2564\" \/>&#x2714; Raccords multiples pour diff\u00e9rentes installations<br data-start=\"2615\" data-end=\"2618\" \/>&#x2714; Haute qualit\u00e9 certifi\u00e9e<\/p>\n<blockquote class=\"wp-embedded-content\" data-secret=\"1PWXKfedbu\"><p><a href=\"https:\/\/cheliastore.dz\/product\/filtre-eau-charbon-bleu-big-20-atlas-filtri\/\">Filtre \u00e0 eau au charbon BLEU BIG 20&Prime; ATLAS FILTRI<\/a><\/p><\/blockquote>\n<p><iframe class=\"wp-embedded-content\" sandbox=\"allow-scripts\" security=\"restricted\" style=\"position: absolute; visibility: hidden;\" title=\"\u00ab\u00a0Filtre \u00e0 eau au charbon BLEU BIG 20&Prime; ATLAS FILTRI\u00a0\u00bb &#8212; CHELIA STORE\" src=\"https:\/\/cheliastore.dz\/product\/filtre-eau-charbon-bleu-big-20-atlas-filtri\/embed\/#?secret=8Q53Ei9stl#?secret=1PWXKfedbu\" data-secret=\"1PWXKfedbu\" width=\"500\" height=\"282\" frameborder=\"0\" marginwidth=\"0\" marginheight=\"0\" scrolling=\"no\"><\/iframe><\/p>\n<p data-start=\"2650\" data-end=\"2895\">\n","protected":false},"excerpt":{"rendered":"<p>Filtre \u00e0 eau autonettoyant HYDRA d&#8217;Atlas Filtri avec syst\u00e8me \u00e0 contre-courant. Nettoyage manuel ou automatique. Compatible avec cartouches SX inox, polyester ou polypropyl\u00e8ne. <strong>D\u00e9bit jusqu\u2019\u00e0 10 000 L\/h.<\/strong><\/p>\n","protected":false},"featured_media":73128,"comment_status":"closed","ping_status":"closed","template":"","meta":{"_editorskit_title_hidden":false,"_editorskit_reading_time":0,"_editorskit_is_block_options_detached":false,"_editorskit_block_options_position":"{}"},"product_brand":[],"product_cat":[97,115],"product_tag":[],"class_list":{"0":"post-72443","1":"product","2":"type-product","3":"status-publish","4":"has-post-thumbnail","6":"product_cat-plomberie","7":"product_cat-filtre-eau","8":"pa_brand-atlas-filtri","10":"first","11":"instock","12":"shipping-taxable","13":"purchasable","14":"product-type-simple"},"yoast_head":"<!-- This site is optimized with the Yoast SEO Premium plugin v25.4 (Yoast SEO v27.5) - https:\/\/yoast.com\/product\/yoast-seo-premium-wordpress\/ -->\n<title>Filtre \u00e0 eau autonettoyant HYDRA Big 10&quot; ATLAS FILTRI - CHELIA STORE<\/title>\n<meta name=\"description\" content=\"D\u00e9couvrez le filtre \u00e0 eau autonettoyant HYDRA \u00e0 contre-courant. Nettoyage facile, d\u00e9bit \u00e9lev\u00e9. Commandez sur CHELIASTORE \u2013 Livraison en Alg\u00e9rie.\" \/>\n<meta name=\"robots\" content=\"index, follow, max-snippet:-1, max-image-preview:large, max-video-preview:-1\" \/>\n<link rel=\"canonical\" href=\"https:\/\/cheliastore.dz\/product\/filtre-eau-autonettoyant-hydra-big-10-atlas-filtri\/\" \/>\n<meta property=\"og:locale\" content=\"ar_AR\" \/>\n<meta property=\"og:type\" content=\"article\" \/>\n<meta property=\"og:title\" content=\"Filtre \u00e0 eau autonettoyant HYDRA Big 10&quot; ATLAS FILTRI\" \/>\n<meta property=\"og:description\" content=\"D\u00e9couvrez le filtre \u00e0 eau autonettoyant HYDRA \u00e0 contre-courant. Nettoyage facile, d\u00e9bit \u00e9lev\u00e9. Commandez sur CHELIASTORE \u2013 Livraison en Alg\u00e9rie.\" \/>\n<meta property=\"og:url\" content=\"https:\/\/cheliastore.dz\/product\/filtre-eau-autonettoyant-hydra-big-10-atlas-filtri\/\" \/>\n<meta property=\"og:site_name\" content=\"CHELIA STORE\" \/>\n<meta property=\"article:publisher\" content=\"https:\/\/web.facebook.com\/cheliastore\" \/>\n<meta property=\"article:modified_time\" content=\"2026-01-11T03:27:31+00:00\" \/>\n<meta property=\"og:image\" content=\"https:\/\/cheliastore.dz\/wp-content\/uploads\/2025\/03\/Filtre-a-eau-autonettoyant-HYDRA-Big-10-ATLAS-FILTRI.jpg\" \/>\n\t<meta property=\"og:image:width\" content=\"1080\" \/>\n\t<meta property=\"og:image:height\" content=\"1080\" \/>\n\t<meta property=\"og:image:type\" content=\"image\/jpeg\" \/>\n<meta name=\"twitter:card\" content=\"summary_large_image\" \/>\n<meta name=\"twitter:label1\" content=\"\u0648\u0642\u062a \u0627\u0644\u0642\u0631\u0627\u0621\u0629 \u0627\u0644\u0645\u064f\u0642\u062f\u0651\u0631\" \/>\n\t<meta name=\"twitter:data1\" content=\"\u062f\u0642\u064a\u0642\u062a\u0627\u0646\" \/>\n<script type=\"application\/ld+json\" class=\"yoast-schema-graph\">{\"@context\":\"https:\\\/\\\/schema.org\",\"@graph\":[{\"@type\":\"WebPage\",\"@id\":\"https:\\\/\\\/cheliastore.dz\\\/product\\\/filtre-eau-autonettoyant-hydra-big-10-atlas-filtri\\\/\",\"url\":\"https:\\\/\\\/cheliastore.dz\\\/product\\\/filtre-eau-autonettoyant-hydra-big-10-atlas-filtri\\\/\",\"name\":\"Filtre \u00e0 eau autonettoyant HYDRA Big 10\\\" ATLAS FILTRI - CHELIA STORE\",\"isPartOf\":{\"@id\":\"https:\\\/\\\/cheliastore.dz\\\/#website\"},\"primaryImageOfPage\":{\"@id\":\"https:\\\/\\\/cheliastore.dz\\\/product\\\/filtre-eau-autonettoyant-hydra-big-10-atlas-filtri\\\/#primaryimage\"},\"image\":{\"@id\":\"https:\\\/\\\/cheliastore.dz\\\/product\\\/filtre-eau-autonettoyant-hydra-big-10-atlas-filtri\\\/#primaryimage\"},\"thumbnailUrl\":\"https:\\\/\\\/cheliastore.dz\\\/wp-content\\\/uploads\\\/2025\\\/03\\\/Filtre-a-eau-autonettoyant-HYDRA-Big-10-ATLAS-FILTRI.jpg\",\"datePublished\":\"2025-03-30T10:14:52+00:00\",\"dateModified\":\"2026-01-11T03:27:31+00:00\",\"description\":\"D\u00e9couvrez le filtre \u00e0 eau autonettoyant HYDRA \u00e0 contre-courant. Nettoyage facile, d\u00e9bit \u00e9lev\u00e9. Commandez sur CHELIASTORE \u2013 Livraison en Alg\u00e9rie.\",\"breadcrumb\":{\"@id\":\"https:\\\/\\\/cheliastore.dz\\\/product\\\/filtre-eau-autonettoyant-hydra-big-10-atlas-filtri\\\/#breadcrumb\"},\"inLanguage\":\"ar\",\"potentialAction\":[{\"@type\":\"ReadAction\",\"target\":[\"https:\\\/\\\/cheliastore.dz\\\/product\\\/filtre-eau-autonettoyant-hydra-big-10-atlas-filtri\\\/\"]}]},{\"@type\":\"ImageObject\",\"inLanguage\":\"ar\",\"@id\":\"https:\\\/\\\/cheliastore.dz\\\/product\\\/filtre-eau-autonettoyant-hydra-big-10-atlas-filtri\\\/#primaryimage\",\"url\":\"https:\\\/\\\/cheliastore.dz\\\/wp-content\\\/uploads\\\/2025\\\/03\\\/Filtre-a-eau-autonettoyant-HYDRA-Big-10-ATLAS-FILTRI.jpg\",\"contentUrl\":\"https:\\\/\\\/cheliastore.dz\\\/wp-content\\\/uploads\\\/2025\\\/03\\\/Filtre-a-eau-autonettoyant-HYDRA-Big-10-ATLAS-FILTRI.jpg\",\"width\":1080,\"height\":1080,\"caption\":\"Filtre \u00e0 eau autonettoyant HYDRA Big 10 ATLAS FILTRI\"},{\"@type\":\"BreadcrumbList\",\"@id\":\"https:\\\/\\\/cheliastore.dz\\\/product\\\/filtre-eau-autonettoyant-hydra-big-10-atlas-filtri\\\/#breadcrumb\",\"itemListElement\":[{\"@type\":\"ListItem\",\"position\":1,\"name\":\"\u0627\u0644\u0631\u0626\u064a\u0633\u064a\u0629\",\"item\":\"https:\\\/\\\/cheliastore.dz\\\/ar\\\/\"},{\"@type\":\"ListItem\",\"position\":2,\"name\":\"Boutique\",\"item\":\"https:\\\/\\\/cheliastore.dz\\\/ar\\\/shop\\\/\"},{\"@type\":\"ListItem\",\"position\":3,\"name\":\"Filtre \u00e0 eau autonettoyant HYDRA Big 10&Prime; ATLAS FILTRI\"}]},{\"@type\":\"WebSite\",\"@id\":\"https:\\\/\\\/cheliastore.dz\\\/#website\",\"url\":\"https:\\\/\\\/cheliastore.dz\\\/\",\"name\":\"CHELIA STORE\",\"description\":\"CHELIA STORE\",\"publisher\":{\"@id\":\"https:\\\/\\\/cheliastore.dz\\\/#organization\"},\"potentialAction\":[{\"@type\":\"SearchAction\",\"target\":{\"@type\":\"EntryPoint\",\"urlTemplate\":\"https:\\\/\\\/cheliastore.dz\\\/?s={search_term_string}\"},\"query-input\":{\"@type\":\"PropertyValueSpecification\",\"valueRequired\":true,\"valueName\":\"search_term_string\"}}],\"inLanguage\":\"ar\"},{\"@type\":\"Organization\",\"@id\":\"https:\\\/\\\/cheliastore.dz\\\/#organization\",\"name\":\"Chelia Store\",\"url\":\"https:\\\/\\\/cheliastore.dz\\\/\",\"logo\":{\"@type\":\"ImageObject\",\"inLanguage\":\"ar\",\"@id\":\"https:\\\/\\\/cheliastore.dz\\\/#\\\/schema\\\/logo\\\/image\\\/\",\"url\":\"https:\\\/\\\/cheliastore.dz\\\/wp-content\\\/uploads\\\/2022\\\/01\\\/logo-final-250.png\",\"contentUrl\":\"https:\\\/\\\/cheliastore.dz\\\/wp-content\\\/uploads\\\/2022\\\/01\\\/logo-final-250.png\",\"width\":250,\"height\":78,\"caption\":\"Chelia Store\"},\"image\":{\"@id\":\"https:\\\/\\\/cheliastore.dz\\\/#\\\/schema\\\/logo\\\/image\\\/\"},\"sameAs\":[\"https:\\\/\\\/web.facebook.com\\\/cheliastore\",\"https:\\\/\\\/www.instagram.com\\\/quincaillerie.chelia\\\/\"]}]}<\/script>\n<!-- \/ Yoast SEO Premium plugin. -->","yoast_head_json":{"title":"Filtre \u00e0 eau autonettoyant HYDRA Big 10\" ATLAS FILTRI - CHELIA STORE","description":"D\u00e9couvrez le filtre \u00e0 eau autonettoyant HYDRA \u00e0 contre-courant. Nettoyage facile, d\u00e9bit \u00e9lev\u00e9. Commandez sur CHELIASTORE \u2013 Livraison en Alg\u00e9rie.","robots":{"index":"index","follow":"follow","max-snippet":"max-snippet:-1","max-image-preview":"max-image-preview:large","max-video-preview":"max-video-preview:-1"},"canonical":"https:\/\/cheliastore.dz\/product\/filtre-eau-autonettoyant-hydra-big-10-atlas-filtri\/","og_locale":"ar_AR","og_type":"article","og_title":"Filtre \u00e0 eau autonettoyant HYDRA Big 10\" ATLAS FILTRI","og_description":"D\u00e9couvrez le filtre \u00e0 eau autonettoyant HYDRA \u00e0 contre-courant. Nettoyage facile, d\u00e9bit \u00e9lev\u00e9. Commandez sur CHELIASTORE \u2013 Livraison en Alg\u00e9rie.","og_url":"https:\/\/cheliastore.dz\/product\/filtre-eau-autonettoyant-hydra-big-10-atlas-filtri\/","og_site_name":"CHELIA STORE","article_publisher":"https:\/\/web.facebook.com\/cheliastore","article_modified_time":"2026-01-11T03:27:31+00:00","og_image":[{"width":1080,"height":1080,"url":"https:\/\/cheliastore.dz\/wp-content\/uploads\/2025\/03\/Filtre-a-eau-autonettoyant-HYDRA-Big-10-ATLAS-FILTRI.jpg","type":"image\/jpeg"}],"twitter_card":"summary_large_image","twitter_misc":{"\u0648\u0642\u062a \u0627\u0644\u0642\u0631\u0627\u0621\u0629 \u0627\u0644\u0645\u064f\u0642\u062f\u0651\u0631":"\u062f\u0642\u064a\u0642\u062a\u0627\u0646"},"schema":{"@context":"https:\/\/schema.org","@graph":[{"@type":"WebPage","@id":"https:\/\/cheliastore.dz\/product\/filtre-eau-autonettoyant-hydra-big-10-atlas-filtri\/","url":"https:\/\/cheliastore.dz\/product\/filtre-eau-autonettoyant-hydra-big-10-atlas-filtri\/","name":"Filtre \u00e0 eau autonettoyant HYDRA Big 10\" ATLAS FILTRI - CHELIA STORE","isPartOf":{"@id":"https:\/\/cheliastore.dz\/#website"},"primaryImageOfPage":{"@id":"https:\/\/cheliastore.dz\/product\/filtre-eau-autonettoyant-hydra-big-10-atlas-filtri\/#primaryimage"},"image":{"@id":"https:\/\/cheliastore.dz\/product\/filtre-eau-autonettoyant-hydra-big-10-atlas-filtri\/#primaryimage"},"thumbnailUrl":"https:\/\/cheliastore.dz\/wp-content\/uploads\/2025\/03\/Filtre-a-eau-autonettoyant-HYDRA-Big-10-ATLAS-FILTRI.jpg","datePublished":"2025-03-30T10:14:52+00:00","dateModified":"2026-01-11T03:27:31+00:00","description":"D\u00e9couvrez le filtre \u00e0 eau autonettoyant HYDRA \u00e0 contre-courant. Nettoyage facile, d\u00e9bit \u00e9lev\u00e9. Commandez sur CHELIASTORE \u2013 Livraison en Alg\u00e9rie.","breadcrumb":{"@id":"https:\/\/cheliastore.dz\/product\/filtre-eau-autonettoyant-hydra-big-10-atlas-filtri\/#breadcrumb"},"inLanguage":"ar","potentialAction":[{"@type":"ReadAction","target":["https:\/\/cheliastore.dz\/product\/filtre-eau-autonettoyant-hydra-big-10-atlas-filtri\/"]}]},{"@type":"ImageObject","inLanguage":"ar","@id":"https:\/\/cheliastore.dz\/product\/filtre-eau-autonettoyant-hydra-big-10-atlas-filtri\/#primaryimage","url":"https:\/\/cheliastore.dz\/wp-content\/uploads\/2025\/03\/Filtre-a-eau-autonettoyant-HYDRA-Big-10-ATLAS-FILTRI.jpg","contentUrl":"https:\/\/cheliastore.dz\/wp-content\/uploads\/2025\/03\/Filtre-a-eau-autonettoyant-HYDRA-Big-10-ATLAS-FILTRI.jpg","width":1080,"height":1080,"caption":"Filtre \u00e0 eau autonettoyant HYDRA Big 10 ATLAS FILTRI"},{"@type":"BreadcrumbList","@id":"https:\/\/cheliastore.dz\/product\/filtre-eau-autonettoyant-hydra-big-10-atlas-filtri\/#breadcrumb","itemListElement":[{"@type":"ListItem","position":1,"name":"\u0627\u0644\u0631\u0626\u064a\u0633\u064a\u0629","item":"https:\/\/cheliastore.dz\/ar\/"},{"@type":"ListItem","position":2,"name":"Boutique","item":"https:\/\/cheliastore.dz\/ar\/shop\/"},{"@type":"ListItem","position":3,"name":"Filtre \u00e0 eau autonettoyant HYDRA Big 10&Prime; ATLAS FILTRI"}]},{"@type":"WebSite","@id":"https:\/\/cheliastore.dz\/#website","url":"https:\/\/cheliastore.dz\/","name":"CHELIA STORE","description":"CHELIA STORE","publisher":{"@id":"https:\/\/cheliastore.dz\/#organization"},"potentialAction":[{"@type":"SearchAction","target":{"@type":"EntryPoint","urlTemplate":"https:\/\/cheliastore.dz\/?s={search_term_string}"},"query-input":{"@type":"PropertyValueSpecification","valueRequired":true,"valueName":"search_term_string"}}],"inLanguage":"ar"},{"@type":"Organization","@id":"https:\/\/cheliastore.dz\/#organization","name":"Chelia Store","url":"https:\/\/cheliastore.dz\/","logo":{"@type":"ImageObject","inLanguage":"ar","@id":"https:\/\/cheliastore.dz\/#\/schema\/logo\/image\/","url":"https:\/\/cheliastore.dz\/wp-content\/uploads\/2022\/01\/logo-final-250.png","contentUrl":"https:\/\/cheliastore.dz\/wp-content\/uploads\/2022\/01\/logo-final-250.png","width":250,"height":78,"caption":"Chelia Store"},"image":{"@id":"https:\/\/cheliastore.dz\/#\/schema\/logo\/image\/"},"sameAs":["https:\/\/web.facebook.com\/cheliastore","https:\/\/www.instagram.com\/quincaillerie.chelia\/"]}]}},"_links":{"self":[{"href":"https:\/\/cheliastore.dz\/ar\/wp-json\/wp\/v2\/product\/72443","targetHints":{"allow":["GET"]}}],"collection":[{"href":"https:\/\/cheliastore.dz\/ar\/wp-json\/wp\/v2\/product"}],"about":[{"href":"https:\/\/cheliastore.dz\/ar\/wp-json\/wp\/v2\/types\/product"}],"replies":[{"embeddable":true,"href":"https:\/\/cheliastore.dz\/ar\/wp-json\/wp\/v2\/comments?post=72443"}],"version-history":[{"count":6,"href":"https:\/\/cheliastore.dz\/ar\/wp-json\/wp\/v2\/product\/72443\/revisions"}],"predecessor-version":[{"id":77954,"href":"https:\/\/cheliastore.dz\/ar\/wp-json\/wp\/v2\/product\/72443\/revisions\/77954"}],"wp:featuredmedia":[{"embeddable":true,"href":"https:\/\/cheliastore.dz\/ar\/wp-json\/wp\/v2\/media\/73128"}],"wp:attachment":[{"href":"https:\/\/cheliastore.dz\/ar\/wp-json\/wp\/v2\/media?parent=72443"}],"wp:term":[{"taxonomy":"product_brand","embeddable":true,"href":"https:\/\/cheliastore.dz\/ar\/wp-json\/wp\/v2\/product_brand?post=72443"},{"taxonomy":"product_cat","embeddable":true,"href":"https:\/\/cheliastore.dz\/ar\/wp-json\/wp\/v2\/product_cat?post=72443"},{"taxonomy":"product_tag","embeddable":true,"href":"https:\/\/cheliastore.dz\/ar\/wp-json\/wp\/v2\/product_tag?post=72443"}],"curies":[{"name":"wp","href":"https:\/\/api.w.org\/{rel}","templated":true}]}}