{"id":64693,"date":"2021-12-30T08:24:14","date_gmt":"2021-12-30T08:24:14","guid":{"rendered":"https:\/\/cheliastore.dz\/product\/reduction-excentree-en-pvc-a-coller-80-63\/"},"modified":"2024-12-13T10:13:06","modified_gmt":"2024-12-13T10:13:06","slug":"reduction-excentree-en-pvc-a-coller-80-63","status":"publish","type":"product","link":"https:\/\/cheliastore.dz\/ar\/\u0627\u0644\u0645\u0646\u062a\u062c\/reduction-excentree-en-pvc-a-coller-80-63\/","title":{"rendered":"\u0645\u0648\u0635\u0644 \u062a\u062e\u0641\u064a\u0636 PVC \u0644\u0627\u0635\u0642 63\/80"},"content":{"rendered":"<h1><span style=\"color: #ff0000;\"><strong>\u0627\u0644\u062e\u0635\u0627\u0626\u0635 \u0627\u0644\u0631\u0626\u064a\u0633\u064a\u0629:<\/strong><\/span><\/h1>\n<ul>\n<li><strong>\u0627\u0644\u0645\u0627\u062f\u0629<\/strong>: PVC \u0639\u0627\u0644\u064a \u0627\u0644\u062c\u0648\u062f\u0629.<\/li>\n<li><strong>\u0642\u0637\u0631 \u062f\u062e\u0648\u0644 :80 \u0645\u0645<\/strong><\/li>\n<li><strong>\u0642\u0637\u0631 \u062e\u0631\u0648\u062c :63 \u0645\u0645<\/strong><\/li>\n<li><strong>\u0627\u0644\u062a\u0631\u0643\u064a\u0628<\/strong>: \u0628\u0627\u0644\u0644\u0635\u0642.<\/li>\n<li><strong>\u0627\u0644\u0645\u0632\u0627\u064a\u0627<\/strong>: \u0645\u0642\u0627\u0648\u0645 \u0644\u0644\u062a\u0622\u0643\u0644\u060c \u0633\u0647\u0644 \u0627\u0644\u062a\u0631\u0643\u064a\u0628\u060c \u064a\u0648\u0641\u0631 \u0627\u0646\u062a\u0642\u0627\u0644\u064b\u0627 \u0633\u0644\u0633\u064b\u0627 \u0628\u064a\u0646 \u0627\u0644\u0623\u0642\u0637\u0627\u0631.<\/li>\n<li><strong>\u0627\u0644\u0627\u0633\u062a\u062e\u062f\u0627\u0645<\/strong>: \u0623\u0646\u0638\u0645\u0629 \u0627\u0644\u0635\u0631\u0641 \u0627\u0644\u0635\u062d\u064a \u0648\u0627\u0644\u0645\u064a\u0627\u0647.<\/li>\n<\/ul>\n<blockquote><p>\u064a\u0645\u0643\u0646\u0643 \u0627\u0644\u0639\u062b\u0648\u0631 \u0639\u0644\u0649 \u0627\u0644\u0645\u0632\u064a\u062f \u0645\u0646 \u0627\u0644\u0645\u0646\u062a\u062c\u0627\u062a \u0639\u0644\u0649 \u0645\u0648\u0642\u0639\u0646\u0627 <strong><span style=\"color: #ff0000;\"><a style=\"color: #ff0000;\" href=\"https:\/\/cheliastore.dz\/ar\/product-category\/%d8%a7%d9%84%d8%aa%d8%b1%d8%b5%d9%8a%d8%b5-%d8%a7%d9%84%d8%b5%d8%ad%d9%8a-%d9%88-%d8%a7%d9%84%d8%b3%d8%a8%d8%a7%d9%83%d8%a9\/%d9%85%d9%88%d8%b5%d9%84%d8%a7%d8%aa-%d8%a7%d9%84%d8%a3%d9%86%d8%a7%d8%a8%d9%8a%d8%a8-%d8%a7%d9%84%d8%a8%d9%84%d8%a7%d8%b3%d8%aa%d9%8a%d9%83%d9%8a%d8%a9\/\" target=\"_blank\" rel=\"noopener\">Chelia Store.<\/a><\/span><\/strong><\/p><\/blockquote>\n","protected":false},"excerpt":{"rendered":"<p>\u0648\u0635\u0644\u0629 <strong><span style=\"color: #ff0000;\">PVC<\/span> <\/strong>\u0644\u062a\u062e\u0641\u064a\u0636 \u0627\u0644\u0642\u0637\u0631\u060c \u062d\u064a\u062b \u064a\u0643\u0648\u0646 \u0627\u0644\u062c\u0627\u0646\u0628 <strong>\u0627\u0644\u0631\u0626\u064a\u0633\u064a<\/strong> \u0628\u0642\u0637\u0631 <strong><span style=\"color: #ff0000;\">80\u0645\u0645<\/span> <\/strong>\u0648\u0627\u0644\u062c\u0627\u0646\u0628 \u0627\u0644\u0622\u062e\u0631 \u0628\u0642\u0637\u0631 <span style=\"color: #ff0000;\"><strong>63\u0645\u0645<\/strong><\/span>. \u064a\u062a\u0645 \u062a\u062b\u0628\u064a\u062a\u0647\u0627 \u0628\u0627\u0633\u062a\u062e\u062f\u0627\u0645 <strong>\u0627\u0644\u063a\u0631\u0627\u0621<\/strong> \u0627\u0644\u0645\u062e\u0635\u0635 \u0644\u0623\u0646\u0638\u0645\u0629 <span style=\"color: #ff0000;\"><strong>PVC<\/strong><\/span>\u060c \u0648\u062a\u0633\u062a\u062e\u062f\u0645 \u0641\u064a <strong>\u0623\u0646\u0638\u0645\u0629 \u0627\u0644\u0635\u0631\u0641 \u0627\u0644\u0635\u062d\u064a \u0648\u0627\u0644\u0645\u064a\u0627\u0647<\/strong> \u0644\u062a\u0642\u0644\u064a\u0644 \u0627\u0644\u062d\u062c\u0645 \u0628\u064a\u0646 \u0627\u0644\u0623\u0646\u0627\u0628\u064a\u0628 \u0628\u0623\u0642\u0637\u0627\u0631 \u0645\u062e\u062a\u0644\u0641\u0629<\/p>\n","protected":false},"featured_media":36642,"comment_status":"closed","ping_status":"open","template":"","meta":{"_editorskit_title_hidden":false,"_editorskit_reading_time":0,"_editorskit_is_block_options_detached":false,"_editorskit_block_options_position":"{}"},"product_brand":[],"product_cat":[6671,8574],"product_tag":[],"class_list":{"0":"post-64693","1":"product","2":"type-product","3":"status-publish","4":"has-post-thumbnail","6":"product_cat-6671","7":"product_cat-8574","8":"product_shipping_class-livraison-58-wilayas-ar","10":"first","11":"outofstock","12":"shipping-taxable","13":"purchasable","14":"product-type-simple"},"yoast_head":"<!-- This site is optimized with the Yoast SEO Premium plugin v25.4 (Yoast SEO v27.5) - https:\/\/yoast.com\/product\/yoast-seo-premium-wordpress\/ -->\n<title>\u0645\u0648\u0635\u0644 \u062a\u062e\u0641\u064a\u0636 PVC \u0644\u0627\u0635\u0642 63\/80 - CHELIA STORE<\/title>\n<meta name=\"description\" content=\"\u0627\u0643\u062a\u0634\u0641 \u0645\u0648\u0635\u0644 \u062a\u062e\u0641\u064a\u0636 PVC \u0644\u0627\u0635\u0642 63\/80 \u0644\u0631\u0628\u0637 \u0627\u0644\u0623\u0646\u0627\u0628\u064a\u0628 \u0628\u0642\u0637\u0631 80 \u0645\u0645 \u064863 \u0645\u0645\u060c \u0645\u0642\u0627\u0648\u0645\u0629 \u0644\u0644\u062a\u0622\u0643\u0644 \u0645\u062b\u0627\u0644\u064a\u0629 \u0644\u0623\u0646\u0638\u0645\u0629 \u0627\u0644\u0635\u0631\u0641 \u0627\u0644\u0635\u062d\u064a \u0648\u0627\u0644\u0645\u064a\u0627\u0647\/ \u0627\u0644\u062c\u0632\u0627\u0626\u0631.\" \/>\n<meta name=\"robots\" content=\"index, follow, max-snippet:-1, max-image-preview:large, max-video-preview:-1\" \/>\n<link rel=\"canonical\" href=\"https:\/\/cheliastore.dz\/\u0627\u0644\u0645\u0646\u062a\u062c\/reduction-excentree-en-pvc-a-coller-80-63\/\" \/>\n<meta property=\"og:locale\" content=\"ar_AR\" \/>\n<meta property=\"og:type\" content=\"article\" \/>\n<meta property=\"og:title\" content=\"\u0645\u0648\u0635\u0644 \u062a\u062e\u0641\u064a\u0636 PVC \u0644\u0627\u0635\u0642 63\/80\" \/>\n<meta property=\"og:description\" content=\"\u0627\u0643\u062a\u0634\u0641 \u0645\u0648\u0635\u0644 \u062a\u062e\u0641\u064a\u0636 PVC \u0644\u0627\u0635\u0642 63\/80 \u0644\u0631\u0628\u0637 \u0627\u0644\u0623\u0646\u0627\u0628\u064a\u0628 \u0628\u0642\u0637\u0631 80 \u0645\u0645 \u064863 \u0645\u0645\u060c \u0645\u0642\u0627\u0648\u0645\u0629 \u0644\u0644\u062a\u0622\u0643\u0644 \u0645\u062b\u0627\u0644\u064a\u0629 \u0644\u0623\u0646\u0638\u0645\u0629 \u0627\u0644\u0635\u0631\u0641 \u0627\u0644\u0635\u062d\u064a \u0648\u0627\u0644\u0645\u064a\u0627\u0647\/ \u0627\u0644\u062c\u0632\u0627\u0626\u0631.\" \/>\n<meta property=\"og:url\" content=\"https:\/\/cheliastore.dz\/\u0627\u0644\u0645\u0646\u062a\u062c\/reduction-excentree-en-pvc-a-coller-80-63\/\" \/>\n<meta property=\"og:site_name\" content=\"CHELIA STORE\" \/>\n<meta property=\"article:publisher\" content=\"https:\/\/web.facebook.com\/cheliastore\" \/>\n<meta property=\"article:modified_time\" content=\"2024-12-13T10:13:06+00:00\" \/>\n<meta property=\"og:image\" content=\"https:\/\/cheliastore.dz\/wp-content\/uploads\/2021\/12\/8063.jpg\" \/>\n\t<meta property=\"og:image:width\" content=\"470\" \/>\n\t<meta property=\"og:image:height\" content=\"470\" \/>\n\t<meta property=\"og:image:type\" content=\"image\/jpeg\" \/>\n<meta name=\"twitter:card\" content=\"summary_large_image\" \/>\n<script type=\"application\/ld+json\" class=\"yoast-schema-graph\">{\"@context\":\"https:\\\/\\\/schema.org\",\"@graph\":[{\"@type\":\"WebPage\",\"@id\":\"https:\\\/\\\/cheliastore.dz\\\/\u0627\u0644\u0645\u0646\u062a\u062c\\\/reduction-excentree-en-pvc-a-coller-80-63\\\/\",\"url\":\"https:\\\/\\\/cheliastore.dz\\\/\u0627\u0644\u0645\u0646\u062a\u062c\\\/reduction-excentree-en-pvc-a-coller-80-63\\\/\",\"name\":\"\u0645\u0648\u0635\u0644 \u062a\u062e\u0641\u064a\u0636 PVC \u0644\u0627\u0635\u0642 63\\\/80 - CHELIA STORE\",\"isPartOf\":{\"@id\":\"https:\\\/\\\/cheliastore.dz\\\/#website\"},\"primaryImageOfPage\":{\"@id\":\"https:\\\/\\\/cheliastore.dz\\\/\u0627\u0644\u0645\u0646\u062a\u062c\\\/reduction-excentree-en-pvc-a-coller-80-63\\\/#primaryimage\"},\"image\":{\"@id\":\"https:\\\/\\\/cheliastore.dz\\\/\u0627\u0644\u0645\u0646\u062a\u062c\\\/reduction-excentree-en-pvc-a-coller-80-63\\\/#primaryimage\"},\"thumbnailUrl\":\"https:\\\/\\\/cheliastore.dz\\\/wp-content\\\/uploads\\\/2021\\\/12\\\/8063.jpg\",\"datePublished\":\"2021-12-30T08:24:14+00:00\",\"dateModified\":\"2024-12-13T10:13:06+00:00\",\"description\":\"\u0627\u0643\u062a\u0634\u0641 \u0645\u0648\u0635\u0644 \u062a\u062e\u0641\u064a\u0636 PVC \u0644\u0627\u0635\u0642 63\\\/80 \u0644\u0631\u0628\u0637 \u0627\u0644\u0623\u0646\u0627\u0628\u064a\u0628 \u0628\u0642\u0637\u0631 80 \u0645\u0645 \u064863 \u0645\u0645\u060c \u0645\u0642\u0627\u0648\u0645\u0629 \u0644\u0644\u062a\u0622\u0643\u0644 \u0645\u062b\u0627\u0644\u064a\u0629 \u0644\u0623\u0646\u0638\u0645\u0629 \u0627\u0644\u0635\u0631\u0641 \u0627\u0644\u0635\u062d\u064a \u0648\u0627\u0644\u0645\u064a\u0627\u0647\\\/ \u0627\u0644\u062c\u0632\u0627\u0626\u0631.\",\"breadcrumb\":{\"@id\":\"https:\\\/\\\/cheliastore.dz\\\/\u0627\u0644\u0645\u0646\u062a\u062c\\\/reduction-excentree-en-pvc-a-coller-80-63\\\/#breadcrumb\"},\"inLanguage\":\"ar\",\"potentialAction\":[{\"@type\":\"ReadAction\",\"target\":[\"https:\\\/\\\/cheliastore.dz\\\/\u0627\u0644\u0645\u0646\u062a\u062c\\\/reduction-excentree-en-pvc-a-coller-80-63\\\/\"]}]},{\"@type\":\"ImageObject\",\"inLanguage\":\"ar\",\"@id\":\"https:\\\/\\\/cheliastore.dz\\\/\u0627\u0644\u0645\u0646\u062a\u062c\\\/reduction-excentree-en-pvc-a-coller-80-63\\\/#primaryimage\",\"url\":\"https:\\\/\\\/cheliastore.dz\\\/wp-content\\\/uploads\\\/2021\\\/12\\\/8063.jpg\",\"contentUrl\":\"https:\\\/\\\/cheliastore.dz\\\/wp-content\\\/uploads\\\/2021\\\/12\\\/8063.jpg\",\"width\":470,\"height\":470,\"caption\":\"R\u00e9duction excentr\u00e9e en pvc \u00e0 coller 80\\\/63\"},{\"@type\":\"BreadcrumbList\",\"@id\":\"https:\\\/\\\/cheliastore.dz\\\/\u0627\u0644\u0645\u0646\u062a\u062c\\\/reduction-excentree-en-pvc-a-coller-80-63\\\/#breadcrumb\",\"itemListElement\":[{\"@type\":\"ListItem\",\"position\":1,\"name\":\"\u0627\u0644\u0631\u0626\u064a\u0633\u064a\u0629\",\"item\":\"https:\\\/\\\/cheliastore.dz\\\/ar\\\/\"},{\"@type\":\"ListItem\",\"position\":2,\"name\":\"Boutique\",\"item\":\"https:\\\/\\\/cheliastore.dz\\\/ar\\\/shop\\\/\"},{\"@type\":\"ListItem\",\"position\":3,\"name\":\"\u0645\u0648\u0635\u0644 \u062a\u062e\u0641\u064a\u0636 PVC \u0644\u0627\u0635\u0642 63\\\/80\"}]},{\"@type\":\"WebSite\",\"@id\":\"https:\\\/\\\/cheliastore.dz\\\/#website\",\"url\":\"https:\\\/\\\/cheliastore.dz\\\/\",\"name\":\"CHELIA STORE\",\"description\":\"CHELIA STORE\",\"publisher\":{\"@id\":\"https:\\\/\\\/cheliastore.dz\\\/#organization\"},\"potentialAction\":[{\"@type\":\"SearchAction\",\"target\":{\"@type\":\"EntryPoint\",\"urlTemplate\":\"https:\\\/\\\/cheliastore.dz\\\/?s={search_term_string}\"},\"query-input\":{\"@type\":\"PropertyValueSpecification\",\"valueRequired\":true,\"valueName\":\"search_term_string\"}}],\"inLanguage\":\"ar\"},{\"@type\":\"Organization\",\"@id\":\"https:\\\/\\\/cheliastore.dz\\\/#organization\",\"name\":\"Chelia Store\",\"url\":\"https:\\\/\\\/cheliastore.dz\\\/\",\"logo\":{\"@type\":\"ImageObject\",\"inLanguage\":\"ar\",\"@id\":\"https:\\\/\\\/cheliastore.dz\\\/#\\\/schema\\\/logo\\\/image\\\/\",\"url\":\"https:\\\/\\\/cheliastore.dz\\\/wp-content\\\/uploads\\\/2022\\\/01\\\/logo-final-250.png\",\"contentUrl\":\"https:\\\/\\\/cheliastore.dz\\\/wp-content\\\/uploads\\\/2022\\\/01\\\/logo-final-250.png\",\"width\":250,\"height\":78,\"caption\":\"Chelia Store\"},\"image\":{\"@id\":\"https:\\\/\\\/cheliastore.dz\\\/#\\\/schema\\\/logo\\\/image\\\/\"},\"sameAs\":[\"https:\\\/\\\/web.facebook.com\\\/cheliastore\",\"https:\\\/\\\/www.instagram.com\\\/quincaillerie.chelia\\\/\"]}]}<\/script>\n<!-- \/ Yoast SEO Premium plugin. -->","yoast_head_json":{"title":"\u0645\u0648\u0635\u0644 \u062a\u062e\u0641\u064a\u0636 PVC \u0644\u0627\u0635\u0642 63\/80 - CHELIA STORE","description":"\u0627\u0643\u062a\u0634\u0641 \u0645\u0648\u0635\u0644 \u062a\u062e\u0641\u064a\u0636 PVC \u0644\u0627\u0635\u0642 63\/80 \u0644\u0631\u0628\u0637 \u0627\u0644\u0623\u0646\u0627\u0628\u064a\u0628 \u0628\u0642\u0637\u0631 80 \u0645\u0645 \u064863 \u0645\u0645\u060c \u0645\u0642\u0627\u0648\u0645\u0629 \u0644\u0644\u062a\u0622\u0643\u0644 \u0645\u062b\u0627\u0644\u064a\u0629 \u0644\u0623\u0646\u0638\u0645\u0629 \u0627\u0644\u0635\u0631\u0641 \u0627\u0644\u0635\u062d\u064a \u0648\u0627\u0644\u0645\u064a\u0627\u0647\/ \u0627\u0644\u062c\u0632\u0627\u0626\u0631.","robots":{"index":"index","follow":"follow","max-snippet":"max-snippet:-1","max-image-preview":"max-image-preview:large","max-video-preview":"max-video-preview:-1"},"canonical":"https:\/\/cheliastore.dz\/\u0627\u0644\u0645\u0646\u062a\u062c\/reduction-excentree-en-pvc-a-coller-80-63\/","og_locale":"ar_AR","og_type":"article","og_title":"\u0645\u0648\u0635\u0644 \u062a\u062e\u0641\u064a\u0636 PVC \u0644\u0627\u0635\u0642 63\/80","og_description":"\u0627\u0643\u062a\u0634\u0641 \u0645\u0648\u0635\u0644 \u062a\u062e\u0641\u064a\u0636 PVC \u0644\u0627\u0635\u0642 63\/80 \u0644\u0631\u0628\u0637 \u0627\u0644\u0623\u0646\u0627\u0628\u064a\u0628 \u0628\u0642\u0637\u0631 80 \u0645\u0645 \u064863 \u0645\u0645\u060c \u0645\u0642\u0627\u0648\u0645\u0629 \u0644\u0644\u062a\u0622\u0643\u0644 \u0645\u062b\u0627\u0644\u064a\u0629 \u0644\u0623\u0646\u0638\u0645\u0629 \u0627\u0644\u0635\u0631\u0641 \u0627\u0644\u0635\u062d\u064a \u0648\u0627\u0644\u0645\u064a\u0627\u0647\/ \u0627\u0644\u062c\u0632\u0627\u0626\u0631.","og_url":"https:\/\/cheliastore.dz\/\u0627\u0644\u0645\u0646\u062a\u062c\/reduction-excentree-en-pvc-a-coller-80-63\/","og_site_name":"CHELIA STORE","article_publisher":"https:\/\/web.facebook.com\/cheliastore","article_modified_time":"2024-12-13T10:13:06+00:00","og_image":[{"width":470,"height":470,"url":"https:\/\/cheliastore.dz\/wp-content\/uploads\/2021\/12\/8063.jpg","type":"image\/jpeg"}],"twitter_card":"summary_large_image","schema":{"@context":"https:\/\/schema.org","@graph":[{"@type":"WebPage","@id":"https:\/\/cheliastore.dz\/\u0627\u0644\u0645\u0646\u062a\u062c\/reduction-excentree-en-pvc-a-coller-80-63\/","url":"https:\/\/cheliastore.dz\/\u0627\u0644\u0645\u0646\u062a\u062c\/reduction-excentree-en-pvc-a-coller-80-63\/","name":"\u0645\u0648\u0635\u0644 \u062a\u062e\u0641\u064a\u0636 PVC \u0644\u0627\u0635\u0642 63\/80 - CHELIA STORE","isPartOf":{"@id":"https:\/\/cheliastore.dz\/#website"},"primaryImageOfPage":{"@id":"https:\/\/cheliastore.dz\/\u0627\u0644\u0645\u0646\u062a\u062c\/reduction-excentree-en-pvc-a-coller-80-63\/#primaryimage"},"image":{"@id":"https:\/\/cheliastore.dz\/\u0627\u0644\u0645\u0646\u062a\u062c\/reduction-excentree-en-pvc-a-coller-80-63\/#primaryimage"},"thumbnailUrl":"https:\/\/cheliastore.dz\/wp-content\/uploads\/2021\/12\/8063.jpg","datePublished":"2021-12-30T08:24:14+00:00","dateModified":"2024-12-13T10:13:06+00:00","description":"\u0627\u0643\u062a\u0634\u0641 \u0645\u0648\u0635\u0644 \u062a\u062e\u0641\u064a\u0636 PVC \u0644\u0627\u0635\u0642 63\/80 \u0644\u0631\u0628\u0637 \u0627\u0644\u0623\u0646\u0627\u0628\u064a\u0628 \u0628\u0642\u0637\u0631 80 \u0645\u0645 \u064863 \u0645\u0645\u060c \u0645\u0642\u0627\u0648\u0645\u0629 \u0644\u0644\u062a\u0622\u0643\u0644 \u0645\u062b\u0627\u0644\u064a\u0629 \u0644\u0623\u0646\u0638\u0645\u0629 \u0627\u0644\u0635\u0631\u0641 \u0627\u0644\u0635\u062d\u064a \u0648\u0627\u0644\u0645\u064a\u0627\u0647\/ \u0627\u0644\u062c\u0632\u0627\u0626\u0631.","breadcrumb":{"@id":"https:\/\/cheliastore.dz\/\u0627\u0644\u0645\u0646\u062a\u062c\/reduction-excentree-en-pvc-a-coller-80-63\/#breadcrumb"},"inLanguage":"ar","potentialAction":[{"@type":"ReadAction","target":["https:\/\/cheliastore.dz\/\u0627\u0644\u0645\u0646\u062a\u062c\/reduction-excentree-en-pvc-a-coller-80-63\/"]}]},{"@type":"ImageObject","inLanguage":"ar","@id":"https:\/\/cheliastore.dz\/\u0627\u0644\u0645\u0646\u062a\u062c\/reduction-excentree-en-pvc-a-coller-80-63\/#primaryimage","url":"https:\/\/cheliastore.dz\/wp-content\/uploads\/2021\/12\/8063.jpg","contentUrl":"https:\/\/cheliastore.dz\/wp-content\/uploads\/2021\/12\/8063.jpg","width":470,"height":470,"caption":"R\u00e9duction excentr\u00e9e en pvc \u00e0 coller 80\/63"},{"@type":"BreadcrumbList","@id":"https:\/\/cheliastore.dz\/\u0627\u0644\u0645\u0646\u062a\u062c\/reduction-excentree-en-pvc-a-coller-80-63\/#breadcrumb","itemListElement":[{"@type":"ListItem","position":1,"name":"\u0627\u0644\u0631\u0626\u064a\u0633\u064a\u0629","item":"https:\/\/cheliastore.dz\/ar\/"},{"@type":"ListItem","position":2,"name":"Boutique","item":"https:\/\/cheliastore.dz\/ar\/shop\/"},{"@type":"ListItem","position":3,"name":"\u0645\u0648\u0635\u0644 \u062a\u062e\u0641\u064a\u0636 PVC \u0644\u0627\u0635\u0642 63\/80"}]},{"@type":"WebSite","@id":"https:\/\/cheliastore.dz\/#website","url":"https:\/\/cheliastore.dz\/","name":"CHELIA STORE","description":"CHELIA STORE","publisher":{"@id":"https:\/\/cheliastore.dz\/#organization"},"potentialAction":[{"@type":"SearchAction","target":{"@type":"EntryPoint","urlTemplate":"https:\/\/cheliastore.dz\/?s={search_term_string}"},"query-input":{"@type":"PropertyValueSpecification","valueRequired":true,"valueName":"search_term_string"}}],"inLanguage":"ar"},{"@type":"Organization","@id":"https:\/\/cheliastore.dz\/#organization","name":"Chelia Store","url":"https:\/\/cheliastore.dz\/","logo":{"@type":"ImageObject","inLanguage":"ar","@id":"https:\/\/cheliastore.dz\/#\/schema\/logo\/image\/","url":"https:\/\/cheliastore.dz\/wp-content\/uploads\/2022\/01\/logo-final-250.png","contentUrl":"https:\/\/cheliastore.dz\/wp-content\/uploads\/2022\/01\/logo-final-250.png","width":250,"height":78,"caption":"Chelia Store"},"image":{"@id":"https:\/\/cheliastore.dz\/#\/schema\/logo\/image\/"},"sameAs":["https:\/\/web.facebook.com\/cheliastore","https:\/\/www.instagram.com\/quincaillerie.chelia\/"]}]}},"_links":{"self":[{"href":"https:\/\/cheliastore.dz\/ar\/wp-json\/wp\/v2\/product\/64693","targetHints":{"allow":["GET"]}}],"collection":[{"href":"https:\/\/cheliastore.dz\/ar\/wp-json\/wp\/v2\/product"}],"about":[{"href":"https:\/\/cheliastore.dz\/ar\/wp-json\/wp\/v2\/types\/product"}],"replies":[{"embeddable":true,"href":"https:\/\/cheliastore.dz\/ar\/wp-json\/wp\/v2\/comments?post=64693"}],"version-history":[{"count":3,"href":"https:\/\/cheliastore.dz\/ar\/wp-json\/wp\/v2\/product\/64693\/revisions"}],"predecessor-version":[{"id":64708,"href":"https:\/\/cheliastore.dz\/ar\/wp-json\/wp\/v2\/product\/64693\/revisions\/64708"}],"wp:featuredmedia":[{"embeddable":true,"href":"https:\/\/cheliastore.dz\/ar\/wp-json\/wp\/v2\/media\/36642"}],"wp:attachment":[{"href":"https:\/\/cheliastore.dz\/ar\/wp-json\/wp\/v2\/media?parent=64693"}],"wp:term":[{"taxonomy":"product_brand","embeddable":true,"href":"https:\/\/cheliastore.dz\/ar\/wp-json\/wp\/v2\/product_brand?post=64693"},{"taxonomy":"product_cat","embeddable":true,"href":"https:\/\/cheliastore.dz\/ar\/wp-json\/wp\/v2\/product_cat?post=64693"},{"taxonomy":"product_tag","embeddable":true,"href":"https:\/\/cheliastore.dz\/ar\/wp-json\/wp\/v2\/product_tag?post=64693"}],"curies":[{"name":"wp","href":"https:\/\/api.w.org\/{rel}","templated":true}]}}