{"id":55018,"date":"2023-08-31T13:21:48","date_gmt":"2023-08-31T13:21:48","guid":{"rendered":"https:\/\/cheliastore.dz\/product\/plaque-polystyrene-local\/"},"modified":"2024-12-02T18:27:07","modified_gmt":"2024-12-02T18:27:07","slug":"plaque-polystyrene-local","status":"publish","type":"product","link":"https:\/\/cheliastore.dz\/ar\/\u0627\u0644\u0645\u0646\u062a\u062c\/plaque-polystyrene-local\/","title":{"rendered":"\u0644\u0648\u062d \u0628\u0648\u0644\u064a\u0633\u062a\u0631\u064a\u0646 \u0645\u062d\u0644\u064a"},"content":{"rendered":"","protected":false},"excerpt":{"rendered":"<div class=\"flex flex-grow flex-col max-w-full\">\n<div class=\"min-h-[20px] text-message flex flex-col items-start whitespace-pre-wrap break-words [.text-message+&amp;]:mt-5 juice:w-full juice:items-end overflow-x-auto gap-2\" dir=\"auto\" data-message-author-role=\"assistant\" data-message-id=\"ea89a672-74fd-48db-b5c4-d36550749776\">\n<div class=\"flex w-full flex-col gap-1 juice:empty:hidden juice:first:pt-[3px]\">\n<div class=\"markdown prose w-full break-words dark:prose-invert light\">\n<p><span style=\"color: #ff0000;\"><strong>\u0644\u0648\u062d \u0628\u0648\u0644\u064a\u0633\u062a\u0631\u064a\u0646<\/strong><\/span> \u0645\u062d\u0644\u064a \u0644\u0644\u062a\u062f\u0641\u0626\u0629 \u0647\u0648 \u0645\u0627\u062f\u0629 \u0639\u0627\u0632\u0644\u0629 \u0645\u0635\u0645\u0645\u0629 \u062e\u0635\u064a\u0635\u0627\u064b \u0644\u062a\u062d\u0633\u064a\u0646 \u0643\u0641\u0627\u0621\u0629 \u0623\u0646\u0638\u0645\u0629 \u0627\u0644\u062a\u062f\u0641\u0626\u0629\u060c \u0645\u062b\u0644 <strong><span style=\"color: #ff0000;\">\u0627\u0644\u062a\u062f\u0641\u0626\u0629 \u0627\u0644\u0623\u0631\u0636\u064a\u0629<\/span><\/strong>. \u064a\u062a\u0645\u064a\u0632 \u0647\u0630\u0627 \u0627\u0644\u0644\u0648\u062d \u0628\u0642\u062f\u0631\u062a\u0647 \u0627\u0644\u0639\u0627\u0644\u064a\u0629 \u0639\u0644\u0649 \u0639\u0632\u0644 \u0627\u0644\u062d\u0631\u0627\u0631\u0629\u060c \u0645\u0645\u0627 \u064a\u0633\u0627\u0639\u062f \u0639\u0644\u0649 \u062a\u0648\u0632\u064a\u0639 \u0627\u0644\u062d\u0631\u0627\u0631\u0629 \u0628\u0634\u0643\u0644 \u0645\u062a\u0648\u0627\u0632\u0646 \u0641\u064a \u0627\u0644\u0645\u0633\u0627\u062d\u0629 \u0627\u0644\u0645\u0639\u0646\u064a\u0629 \u0648\u064a\u062d\u0633\u0646 \u0643\u0641\u0627\u0621\u0629 \u0627\u0633\u062a\u0647\u0644\u0627\u0643 \u0627\u0644\u0637\u0627\u0642\u0629<\/p>\n<\/div>\n<\/div>\n<\/div>\n<\/div>\n","protected":false},"featured_media":55304,"comment_status":"open","ping_status":"closed","template":"","meta":{"_editorskit_title_hidden":false,"_editorskit_reading_time":0,"_editorskit_is_block_options_detached":false,"_editorskit_block_options_position":"{}"},"product_brand":[],"product_cat":[87,511],"product_tag":[],"class_list":{"0":"post-55018","1":"product","2":"type-product","3":"status-publish","4":"has-post-thumbnail","6":"product_cat-chauffage","7":"product_cat-chauffage-au-sol","9":"first","10":"instock","11":"shipping-taxable","12":"purchasable","13":"product-type-simple"},"yoast_head":"<!-- This site is optimized with the Yoast SEO Premium plugin v25.4 (Yoast SEO v27.5) - https:\/\/yoast.com\/product\/yoast-seo-premium-wordpress\/ -->\n<title>\u0644\u0648\u062d \u0628\u0648\u0644\u064a\u0633\u062a\u0631\u064a\u0646 \u0645\u062d\u0644\u064a - CHELIA STORE ALGERIE<\/title>\n<meta name=\"description\" content=\"Les plaques de polystyr\u00e8nes local , offrant une isolation thermique optimale et des crampons int\u00e9gr\u00e9s pour un espacement r\u00e9gulier des tuyaux. Prix Alg\u00e9rie !\" \/>\n<meta name=\"robots\" content=\"index, follow, max-snippet:-1, max-image-preview:large, max-video-preview:-1\" \/>\n<link rel=\"canonical\" href=\"https:\/\/cheliastore.dz\/ar\/\u0627\u0644\u0645\u0646\u062a\u062c\/plaque-polystyrene-local\/\" \/>\n<meta property=\"og:locale\" content=\"ar_AR\" \/>\n<meta property=\"og:type\" content=\"article\" \/>\n<meta property=\"og:title\" content=\"\u0644\u0648\u062d \u0628\u0648\u0644\u064a\u0633\u062a\u0631\u064a\u0646 \u0645\u062d\u0644\u064a\" \/>\n<meta property=\"og:description\" content=\"Les plaques de polystyr\u00e8nes local , offrant une isolation thermique optimale et des crampons int\u00e9gr\u00e9s pour un espacement r\u00e9gulier des tuyaux. Prix Alg\u00e9rie !\" \/>\n<meta property=\"og:url\" content=\"https:\/\/cheliastore.dz\/ar\/\u0627\u0644\u0645\u0646\u062a\u062c\/plaque-polystyrene-local\/\" \/>\n<meta property=\"og:site_name\" content=\"CHELIA STORE\" \/>\n<meta property=\"article:publisher\" content=\"https:\/\/web.facebook.com\/cheliastore\" \/>\n<meta property=\"article:modified_time\" content=\"2024-12-02T18:27:07+00:00\" \/>\n<meta property=\"og:image\" content=\"https:\/\/cheliastore.dz\/wp-content\/uploads\/2023\/08\/450mm-28.jpg\" \/>\n\t<meta property=\"og:image:width\" content=\"1000\" \/>\n\t<meta property=\"og:image:height\" content=\"1000\" \/>\n\t<meta property=\"og:image:type\" content=\"image\/jpeg\" \/>\n<meta name=\"twitter:card\" content=\"summary_large_image\" \/>\n<script type=\"application\/ld+json\" class=\"yoast-schema-graph\">{\"@context\":\"https:\\\/\\\/schema.org\",\"@graph\":[{\"@type\":\"WebPage\",\"@id\":\"https:\\\/\\\/cheliastore.dz\\\/ar\\\/\u0627\u0644\u0645\u0646\u062a\u062c\\\/plaque-polystyrene-local\\\/\",\"url\":\"https:\\\/\\\/cheliastore.dz\\\/ar\\\/\u0627\u0644\u0645\u0646\u062a\u062c\\\/plaque-polystyrene-local\\\/\",\"name\":\"\u0644\u0648\u062d \u0628\u0648\u0644\u064a\u0633\u062a\u0631\u064a\u0646 \u0645\u062d\u0644\u064a - CHELIA STORE ALGERIE\",\"isPartOf\":{\"@id\":\"https:\\\/\\\/cheliastore.dz\\\/#website\"},\"primaryImageOfPage\":{\"@id\":\"https:\\\/\\\/cheliastore.dz\\\/ar\\\/\u0627\u0644\u0645\u0646\u062a\u062c\\\/plaque-polystyrene-local\\\/#primaryimage\"},\"image\":{\"@id\":\"https:\\\/\\\/cheliastore.dz\\\/ar\\\/\u0627\u0644\u0645\u0646\u062a\u062c\\\/plaque-polystyrene-local\\\/#primaryimage\"},\"thumbnailUrl\":\"https:\\\/\\\/cheliastore.dz\\\/wp-content\\\/uploads\\\/2023\\\/08\\\/450mm-28.jpg\",\"datePublished\":\"2023-08-31T13:21:48+00:00\",\"dateModified\":\"2024-12-02T18:27:07+00:00\",\"description\":\"Les plaques de polystyr\u00e8nes local , offrant une isolation thermique optimale et des crampons int\u00e9gr\u00e9s pour un espacement r\u00e9gulier des tuyaux. Prix Alg\u00e9rie !\",\"breadcrumb\":{\"@id\":\"https:\\\/\\\/cheliastore.dz\\\/ar\\\/\u0627\u0644\u0645\u0646\u062a\u062c\\\/plaque-polystyrene-local\\\/#breadcrumb\"},\"inLanguage\":\"ar\",\"potentialAction\":[{\"@type\":\"ReadAction\",\"target\":[\"https:\\\/\\\/cheliastore.dz\\\/ar\\\/\u0627\u0644\u0645\u0646\u062a\u062c\\\/plaque-polystyrene-local\\\/\"]}]},{\"@type\":\"ImageObject\",\"inLanguage\":\"ar\",\"@id\":\"https:\\\/\\\/cheliastore.dz\\\/ar\\\/\u0627\u0644\u0645\u0646\u062a\u062c\\\/plaque-polystyrene-local\\\/#primaryimage\",\"url\":\"https:\\\/\\\/cheliastore.dz\\\/wp-content\\\/uploads\\\/2023\\\/08\\\/450mm-28.jpg\",\"contentUrl\":\"https:\\\/\\\/cheliastore.dz\\\/wp-content\\\/uploads\\\/2023\\\/08\\\/450mm-28.jpg\",\"width\":1000,\"height\":1000,\"caption\":\"Plaque Polystyr\u00e8ne Local\"},{\"@type\":\"BreadcrumbList\",\"@id\":\"https:\\\/\\\/cheliastore.dz\\\/ar\\\/\u0627\u0644\u0645\u0646\u062a\u062c\\\/plaque-polystyrene-local\\\/#breadcrumb\",\"itemListElement\":[{\"@type\":\"ListItem\",\"position\":1,\"name\":\"\u0627\u0644\u0631\u0626\u064a\u0633\u064a\u0629\",\"item\":\"https:\\\/\\\/cheliastore.dz\\\/ar\\\/\"},{\"@type\":\"ListItem\",\"position\":2,\"name\":\"Boutique\",\"item\":\"https:\\\/\\\/cheliastore.dz\\\/ar\\\/shop\\\/\"},{\"@type\":\"ListItem\",\"position\":3,\"name\":\"\u0644\u0648\u062d \u0628\u0648\u0644\u064a\u0633\u062a\u0631\u064a\u0646 \u0645\u062d\u0644\u064a\"}]},{\"@type\":\"WebSite\",\"@id\":\"https:\\\/\\\/cheliastore.dz\\\/#website\",\"url\":\"https:\\\/\\\/cheliastore.dz\\\/\",\"name\":\"CHELIA STORE\",\"description\":\"CHELIA STORE\",\"publisher\":{\"@id\":\"https:\\\/\\\/cheliastore.dz\\\/#organization\"},\"potentialAction\":[{\"@type\":\"SearchAction\",\"target\":{\"@type\":\"EntryPoint\",\"urlTemplate\":\"https:\\\/\\\/cheliastore.dz\\\/?s={search_term_string}\"},\"query-input\":{\"@type\":\"PropertyValueSpecification\",\"valueRequired\":true,\"valueName\":\"search_term_string\"}}],\"inLanguage\":\"ar\"},{\"@type\":\"Organization\",\"@id\":\"https:\\\/\\\/cheliastore.dz\\\/#organization\",\"name\":\"Chelia Store\",\"url\":\"https:\\\/\\\/cheliastore.dz\\\/\",\"logo\":{\"@type\":\"ImageObject\",\"inLanguage\":\"ar\",\"@id\":\"https:\\\/\\\/cheliastore.dz\\\/#\\\/schema\\\/logo\\\/image\\\/\",\"url\":\"https:\\\/\\\/cheliastore.dz\\\/wp-content\\\/uploads\\\/2022\\\/01\\\/logo-final-250.png\",\"contentUrl\":\"https:\\\/\\\/cheliastore.dz\\\/wp-content\\\/uploads\\\/2022\\\/01\\\/logo-final-250.png\",\"width\":250,\"height\":78,\"caption\":\"Chelia Store\"},\"image\":{\"@id\":\"https:\\\/\\\/cheliastore.dz\\\/#\\\/schema\\\/logo\\\/image\\\/\"},\"sameAs\":[\"https:\\\/\\\/web.facebook.com\\\/cheliastore\",\"https:\\\/\\\/www.instagram.com\\\/quincaillerie.chelia\\\/\"]}]}<\/script>\n<!-- \/ Yoast SEO Premium plugin. -->","yoast_head_json":{"title":"\u0644\u0648\u062d \u0628\u0648\u0644\u064a\u0633\u062a\u0631\u064a\u0646 \u0645\u062d\u0644\u064a - CHELIA STORE ALGERIE","description":"Les plaques de polystyr\u00e8nes local , offrant une isolation thermique optimale et des crampons int\u00e9gr\u00e9s pour un espacement r\u00e9gulier des tuyaux. Prix Alg\u00e9rie !","robots":{"index":"index","follow":"follow","max-snippet":"max-snippet:-1","max-image-preview":"max-image-preview:large","max-video-preview":"max-video-preview:-1"},"canonical":"https:\/\/cheliastore.dz\/ar\/\u0627\u0644\u0645\u0646\u062a\u062c\/plaque-polystyrene-local\/","og_locale":"ar_AR","og_type":"article","og_title":"\u0644\u0648\u062d \u0628\u0648\u0644\u064a\u0633\u062a\u0631\u064a\u0646 \u0645\u062d\u0644\u064a","og_description":"Les plaques de polystyr\u00e8nes local , offrant une isolation thermique optimale et des crampons int\u00e9gr\u00e9s pour un espacement r\u00e9gulier des tuyaux. Prix Alg\u00e9rie !","og_url":"https:\/\/cheliastore.dz\/ar\/\u0627\u0644\u0645\u0646\u062a\u062c\/plaque-polystyrene-local\/","og_site_name":"CHELIA STORE","article_publisher":"https:\/\/web.facebook.com\/cheliastore","article_modified_time":"2024-12-02T18:27:07+00:00","og_image":[{"width":1000,"height":1000,"url":"https:\/\/cheliastore.dz\/wp-content\/uploads\/2023\/08\/450mm-28.jpg","type":"image\/jpeg"}],"twitter_card":"summary_large_image","schema":{"@context":"https:\/\/schema.org","@graph":[{"@type":"WebPage","@id":"https:\/\/cheliastore.dz\/ar\/\u0627\u0644\u0645\u0646\u062a\u062c\/plaque-polystyrene-local\/","url":"https:\/\/cheliastore.dz\/ar\/\u0627\u0644\u0645\u0646\u062a\u062c\/plaque-polystyrene-local\/","name":"\u0644\u0648\u062d \u0628\u0648\u0644\u064a\u0633\u062a\u0631\u064a\u0646 \u0645\u062d\u0644\u064a - CHELIA STORE ALGERIE","isPartOf":{"@id":"https:\/\/cheliastore.dz\/#website"},"primaryImageOfPage":{"@id":"https:\/\/cheliastore.dz\/ar\/\u0627\u0644\u0645\u0646\u062a\u062c\/plaque-polystyrene-local\/#primaryimage"},"image":{"@id":"https:\/\/cheliastore.dz\/ar\/\u0627\u0644\u0645\u0646\u062a\u062c\/plaque-polystyrene-local\/#primaryimage"},"thumbnailUrl":"https:\/\/cheliastore.dz\/wp-content\/uploads\/2023\/08\/450mm-28.jpg","datePublished":"2023-08-31T13:21:48+00:00","dateModified":"2024-12-02T18:27:07+00:00","description":"Les plaques de polystyr\u00e8nes local , offrant une isolation thermique optimale et des crampons int\u00e9gr\u00e9s pour un espacement r\u00e9gulier des tuyaux. Prix Alg\u00e9rie !","breadcrumb":{"@id":"https:\/\/cheliastore.dz\/ar\/\u0627\u0644\u0645\u0646\u062a\u062c\/plaque-polystyrene-local\/#breadcrumb"},"inLanguage":"ar","potentialAction":[{"@type":"ReadAction","target":["https:\/\/cheliastore.dz\/ar\/\u0627\u0644\u0645\u0646\u062a\u062c\/plaque-polystyrene-local\/"]}]},{"@type":"ImageObject","inLanguage":"ar","@id":"https:\/\/cheliastore.dz\/ar\/\u0627\u0644\u0645\u0646\u062a\u062c\/plaque-polystyrene-local\/#primaryimage","url":"https:\/\/cheliastore.dz\/wp-content\/uploads\/2023\/08\/450mm-28.jpg","contentUrl":"https:\/\/cheliastore.dz\/wp-content\/uploads\/2023\/08\/450mm-28.jpg","width":1000,"height":1000,"caption":"Plaque Polystyr\u00e8ne Local"},{"@type":"BreadcrumbList","@id":"https:\/\/cheliastore.dz\/ar\/\u0627\u0644\u0645\u0646\u062a\u062c\/plaque-polystyrene-local\/#breadcrumb","itemListElement":[{"@type":"ListItem","position":1,"name":"\u0627\u0644\u0631\u0626\u064a\u0633\u064a\u0629","item":"https:\/\/cheliastore.dz\/ar\/"},{"@type":"ListItem","position":2,"name":"Boutique","item":"https:\/\/cheliastore.dz\/ar\/shop\/"},{"@type":"ListItem","position":3,"name":"\u0644\u0648\u062d \u0628\u0648\u0644\u064a\u0633\u062a\u0631\u064a\u0646 \u0645\u062d\u0644\u064a"}]},{"@type":"WebSite","@id":"https:\/\/cheliastore.dz\/#website","url":"https:\/\/cheliastore.dz\/","name":"CHELIA STORE","description":"CHELIA STORE","publisher":{"@id":"https:\/\/cheliastore.dz\/#organization"},"potentialAction":[{"@type":"SearchAction","target":{"@type":"EntryPoint","urlTemplate":"https:\/\/cheliastore.dz\/?s={search_term_string}"},"query-input":{"@type":"PropertyValueSpecification","valueRequired":true,"valueName":"search_term_string"}}],"inLanguage":"ar"},{"@type":"Organization","@id":"https:\/\/cheliastore.dz\/#organization","name":"Chelia Store","url":"https:\/\/cheliastore.dz\/","logo":{"@type":"ImageObject","inLanguage":"ar","@id":"https:\/\/cheliastore.dz\/#\/schema\/logo\/image\/","url":"https:\/\/cheliastore.dz\/wp-content\/uploads\/2022\/01\/logo-final-250.png","contentUrl":"https:\/\/cheliastore.dz\/wp-content\/uploads\/2022\/01\/logo-final-250.png","width":250,"height":78,"caption":"Chelia Store"},"image":{"@id":"https:\/\/cheliastore.dz\/#\/schema\/logo\/image\/"},"sameAs":["https:\/\/web.facebook.com\/cheliastore","https:\/\/www.instagram.com\/quincaillerie.chelia\/"]}]}},"_links":{"self":[{"href":"https:\/\/cheliastore.dz\/ar\/wp-json\/wp\/v2\/product\/55018","targetHints":{"allow":["GET"]}}],"collection":[{"href":"https:\/\/cheliastore.dz\/ar\/wp-json\/wp\/v2\/product"}],"about":[{"href":"https:\/\/cheliastore.dz\/ar\/wp-json\/wp\/v2\/types\/product"}],"replies":[{"embeddable":true,"href":"https:\/\/cheliastore.dz\/ar\/wp-json\/wp\/v2\/comments?post=55018"}],"version-history":[{"count":3,"href":"https:\/\/cheliastore.dz\/ar\/wp-json\/wp\/v2\/product\/55018\/revisions"}],"predecessor-version":[{"id":63126,"href":"https:\/\/cheliastore.dz\/ar\/wp-json\/wp\/v2\/product\/55018\/revisions\/63126"}],"wp:featuredmedia":[{"embeddable":true,"href":"https:\/\/cheliastore.dz\/ar\/wp-json\/wp\/v2\/media\/55304"}],"wp:attachment":[{"href":"https:\/\/cheliastore.dz\/ar\/wp-json\/wp\/v2\/media?parent=55018"}],"wp:term":[{"taxonomy":"product_brand","embeddable":true,"href":"https:\/\/cheliastore.dz\/ar\/wp-json\/wp\/v2\/product_brand?post=55018"},{"taxonomy":"product_cat","embeddable":true,"href":"https:\/\/cheliastore.dz\/ar\/wp-json\/wp\/v2\/product_cat?post=55018"},{"taxonomy":"product_tag","embeddable":true,"href":"https:\/\/cheliastore.dz\/ar\/wp-json\/wp\/v2\/product_tag?post=55018"}],"curies":[{"name":"wp","href":"https:\/\/api.w.org\/{rel}","templated":true}]}}