{"id":50136,"date":"2021-12-21T09:15:55","date_gmt":"2021-12-21T09:15:55","guid":{"rendered":"https:\/\/cheliastore.dz\/product\/pompe-immergee-pedrollo\/"},"modified":"2025-04-26T11:13:02","modified_gmt":"2025-04-26T11:13:02","slug":"pompe-immergee-pedrollo","status":"publish","type":"product","link":"https:\/\/cheliastore.dz\/ar\/\u0627\u0644\u0645\u0646\u062a\u062c\/pompe-immergee-pedrollo\/","title":{"rendered":"Pompe \u00e0 eau immerg\u00e9e PEDROLLO"},"content":{"rendered":"<h1>Pompe immerg\u00e9e PEDROLLO<\/h1>\n<div class=\"flex-1 overflow-hidden\">\n<div class=\"h-full\">\n<div class=\"react-scroll-to-bottom--css-ykmfk-79elbk h-full\">\n<div class=\"react-scroll-to-bottom--css-ykmfk-1n7m0yu\">\n<div class=\"flex flex-col text-sm md:pb-9\">\n<article class=\"w-full text-token-text-primary focus-visible:outline-2 focus-visible:outline-offset-[-4px]\" dir=\"auto\" tabindex=\"0\" data-testid=\"conversation-turn-561\" data-scroll-anchor=\"true\">\n<div class=\"text-base py-[18px] px-3 md:px-4 m-auto md:px-5\">\n<div class=\"mx-auto flex flex-1 gap-4 text-base md:gap-5 lg:gap-6 md:max-w-3xl lg:max-w-[40rem] xl:max-w-[48rem]\">\n<div class=\"group\/conversation-turn relative flex w-full min-w-0 flex-col agent-turn\">\n<div class=\"flex-col gap-1 md:gap-3\">\n<div class=\"flex max-w-full flex-col flex-grow\">\n<div class=\"min-h-[20px] text-message flex w-full flex-col items-end gap-2 break-words [.text-message+&amp;]:mt-5 overflow-x-auto whitespace-pre-wrap\" dir=\"auto\" data-message-author-role=\"assistant\" data-message-id=\"6e85177b-1dec-451f-b2e8-65816cbf17c3\">\n<div class=\"flex w-full flex-col gap-1 empty:hidden first:pt-[3px]\">\n<div class=\"markdown prose w-full break-words dark:prose-invert light\">\n<p>La\u00a0Pompe immerg\u00e9e PEDROLLO sont con\u00e7ues pour des applications d&#8217;extraction et de drainage dans divers environnements, y compris r\u00e9sidentiels, commerciaux et industriels. Elles sont robustes, fiables et adapt\u00e9es pour fonctionner sous l&#8217;eau, offrant des solutions efficaces pour le pompage de l&#8217;eau propre, des eaux us\u00e9es et des liquides clairs.<\/p>\n<blockquote class=\"wp-embedded-content\" data-secret=\"O37TmjPBUe\"><p><a href=\"https:\/\/cheliastore.dz\/product\/pompe-eau-vertical-pedrollo\/\">Pompe \u00e0 eau vertical PEDROLLO<\/a><\/p><\/blockquote>\n<p><iframe class=\"wp-embedded-content\" sandbox=\"allow-scripts\" security=\"restricted\" style=\"position: absolute; visibility: hidden;\" title=\"&#8220;Pompe \u00e0 eau vertical PEDROLLO&#8221; &#8212; CHELIA STORE\" src=\"https:\/\/cheliastore.dz\/product\/pompe-eau-vertical-pedrollo\/embed\/#?secret=NiySmbkaMM#?secret=O37TmjPBUe\" data-secret=\"O37TmjPBUe\" width=\"500\" height=\"282\" frameborder=\"0\" marginwidth=\"0\" marginheight=\"0\" scrolling=\"no\"><\/iframe><\/p>\n<h2><strong>Sp\u00e9cifications Techniques<\/strong><\/h2>\n<ul>\n<li><strong>Type<\/strong>: Pompe immerg\u00e9e.<\/li>\n<li><strong>Puissance<\/strong>: Varie en fonction du mod\u00e8le, allant g\u00e9n\u00e9ralement de 0.5 kW \u00e0 5.5 kW.<\/li>\n<li><strong>D\u00e9bit<\/strong>: Con\u00e7u pour des d\u00e9bits allant de faible \u00e0 \u00e9lev\u00e9 selon le mod\u00e8le et les besoins sp\u00e9cifiques de l&#8217;application.<\/li>\n<li><strong>Pression Maximale<\/strong>: Adapt\u00e9e pour g\u00e9n\u00e9rer une pression suffisante pour des applications sp\u00e9cifiques, selon les caract\u00e9ristiques du mod\u00e8le.<\/li>\n<li><strong>Mat\u00e9riaux<\/strong>: Construit en acier inoxydable, fonte ou plastique renforc\u00e9, offrant une r\u00e9sistance accrue \u00e0 la corrosion et \u00e0 l&#8217;usure.<\/li>\n<li><strong>Temp\u00e9rature de Fonctionnement<\/strong>: Les pompes sont con\u00e7ues pour fonctionner dans une gamme sp\u00e9cifique de temp\u00e9ratures, souvent jusqu&#8217;\u00e0 40\u00b0C.<\/li>\n<\/ul>\n<h3><strong>Utilisation<\/strong><\/h3>\n<p>Les pompes immerg\u00e9es PEDROLLO sont id\u00e9ales pour :<\/p>\n<ul>\n<li><strong>Extraction d&#8217;Eau<\/strong>: Utilis\u00e9es pour puiser de l&#8217;eau depuis des puits, des r\u00e9servoirs ou des sources souterraines.<\/li>\n<li><strong>Drainage<\/strong>: Efficaces pour le drainage de l&#8217;eau des sous-sols, des chantiers de construction et des zones inond\u00e9es.<\/li>\n<li><strong>\u00c9vacuation des Eaux Us\u00e9es<\/strong>: Con\u00e7ues pour \u00e9vacuer les eaux us\u00e9es des syst\u00e8mes de traitement ou des installations domestiques.<\/li>\n<li><strong>Applications Agricoles<\/strong>: Utilis\u00e9es pour l&#8217;irrigation et l&#8217;approvisionnement en eau des cultures.<\/li>\n<\/ul>\n<h3><strong>Caract\u00e9ristiques Sp\u00e9ciales<\/strong><\/h3>\n<ul>\n<li><strong>Robustesse et Durabilit\u00e9<\/strong>: Construction en mat\u00e9riaux de haute qualit\u00e9 assurant une longue dur\u00e9e de vie m\u00eame dans des conditions difficiles.<\/li>\n<li><strong>Haute Performance<\/strong>: Con\u00e7ue pour des performances fiables et efficaces, m\u00eame dans des applications exigeantes.<\/li>\n<li><strong>Facilit\u00e9 d&#8217;Installation<\/strong>: Conception ergonomique permettant une installation rapide et simple dans divers environnements.<\/li>\n<li><strong>Efficacit\u00e9 \u00c9nerg\u00e9tique<\/strong>: Optimis\u00e9e pour une consommation \u00e9nerg\u00e9tique r\u00e9duite tout en maintenant une performance \u00e9lev\u00e9e.<\/li>\n<\/ul>\n<\/div>\n<\/div>\n<\/div>\n<\/div>\n<div class=\"mt-1 flex gap-3 empty:hidden -ml-2\">\n<div class=\"items-center justify-start rounded-xl p-1 flex\">\n<div class=\"flex items-center\">\n<div class=\"flex items-center pb-0\">\n<div class=\"[&amp;_svg]:h-full [&amp;_svg]:w-full icon-md h-4 w-4\">\n<blockquote><p><span style=\"font-weight: 400;\">Vous pouvez trouver des produits similaires sur notre site Web<\/span><a href=\"https:\/\/cheliastore.dz\/ar\/\"><span style=\"font-weight: 400;\"> chelia store<\/span><\/a><\/p><\/blockquote>\n<\/div>\n<\/div>\n<\/div>\n<\/div>\n<\/div>\n<\/div>\n<\/div>\n<\/div>\n<\/div>\n<\/article>\n<\/div>\n<\/div>\n<\/div>\n<\/div>\n<\/div>\n","protected":false},"excerpt":{"rendered":"<p><span style=\"font-weight: 400;\">D\u00e9couvrez la Pompe immerg\u00e9e PEDROLLO au meilleur prix en Algerie. Id\u00e9ales pour l&#8217;extraction d&#8217;eau, le drainage et l&#8217;\u00e9vacuation des eaux us\u00e9es. <\/span>Construites en mat\u00e9riaux de haute qualit\u00e9, elles offrent une performance \u00e9lev\u00e9e et une durabilit\u00e9 accrue dans des conditions difficiles. Adapt\u00e9es pour des applications r\u00e9sidentielles, commerciales et industrielles, elles assurent une solution efficace pour le pompage sous l&#8217;eau.<\/p>\n","protected":false},"featured_media":50134,"comment_status":"open","ping_status":"closed","template":"","meta":{"_editorskit_title_hidden":false,"_editorskit_reading_time":0,"_editorskit_is_block_options_detached":false,"_editorskit_block_options_position":"{}"},"product_brand":[],"product_cat":[6671,6842],"product_tag":[],"class_list":{"0":"post-50136","1":"product","2":"type-product","3":"status-publish","4":"has-post-thumbnail","6":"product_cat-6671","7":"product_cat-6842","8":"pa_brand-pedrollo-ar","10":"first","11":"outofstock","12":"shipping-taxable","13":"purchasable","14":"product-type-simple"},"yoast_head":"<!-- This site is optimized with the Yoast SEO Premium plugin v25.4 (Yoast SEO v27.4) - https:\/\/yoast.com\/product\/yoast-seo-premium-wordpress\/ -->\n<title>Pompe \u00e0 eau immerg\u00e9e PEDROLLO - CHELIA STORE<\/title>\n<meta name=\"description\" content=\"D\u00e9couvrez la Pompe immerg\u00e9e PEDROLLO au meilleur prix en Algerie. Id\u00e9ales pour l&#039;extraction d&#039;eau, le drainage et l&#039;\u00e9vacuation des eaux us\u00e9es.\" \/>\n<meta name=\"robots\" content=\"index, follow, max-snippet:-1, max-image-preview:large, max-video-preview:-1\" \/>\n<link rel=\"canonical\" href=\"https:\/\/cheliastore.dz\/ar\/\u0627\u0644\u0645\u0646\u062a\u062c\/pompe-immergee-pedrollo\/\" \/>\n<meta property=\"og:locale\" content=\"ar_AR\" \/>\n<meta property=\"og:type\" content=\"article\" \/>\n<meta property=\"og:title\" content=\"Pompe \u00e0 eau immerg\u00e9e PEDROLLO\" \/>\n<meta property=\"og:description\" content=\"D\u00e9couvrez la Pompe immerg\u00e9e PEDROLLO au meilleur prix en Algerie. Id\u00e9ales pour l&#039;extraction d&#039;eau, le drainage et l&#039;\u00e9vacuation des eaux us\u00e9es.\" \/>\n<meta property=\"og:url\" content=\"https:\/\/cheliastore.dz\/ar\/\u0627\u0644\u0645\u0646\u062a\u062c\/pompe-immergee-pedrollo\/\" \/>\n<meta property=\"og:site_name\" content=\"CHELIA STORE\" \/>\n<meta property=\"article:publisher\" content=\"https:\/\/web.facebook.com\/cheliastore\" \/>\n<meta property=\"article:modified_time\" content=\"2025-04-26T11:13:02+00:00\" \/>\n<meta property=\"og:image\" content=\"https:\/\/cheliastore.dz\/wp-content\/uploads\/2021\/12\/Pompe-immergee-PEDROLLO.jpg\" \/>\n\t<meta property=\"og:image:width\" content=\"1000\" \/>\n\t<meta property=\"og:image:height\" content=\"1000\" \/>\n\t<meta property=\"og:image:type\" content=\"image\/jpeg\" \/>\n<meta name=\"twitter:card\" content=\"summary_large_image\" \/>\n<meta name=\"twitter:label1\" content=\"\u0648\u0642\u062a \u0627\u0644\u0642\u0631\u0627\u0621\u0629 \u0627\u0644\u0645\u064f\u0642\u062f\u0651\u0631\" \/>\n\t<meta name=\"twitter:data1\" content=\"\u062f\u0642\u064a\u0642\u062a\u0627\u0646\" \/>\n<script type=\"application\/ld+json\" class=\"yoast-schema-graph\">{\"@context\":\"https:\\\/\\\/schema.org\",\"@graph\":[{\"@type\":\"WebPage\",\"@id\":\"https:\\\/\\\/cheliastore.dz\\\/ar\\\/\u0627\u0644\u0645\u0646\u062a\u062c\\\/pompe-immergee-pedrollo\\\/\",\"url\":\"https:\\\/\\\/cheliastore.dz\\\/ar\\\/\u0627\u0644\u0645\u0646\u062a\u062c\\\/pompe-immergee-pedrollo\\\/\",\"name\":\"Pompe \u00e0 eau immerg\u00e9e PEDROLLO - CHELIA STORE\",\"isPartOf\":{\"@id\":\"https:\\\/\\\/cheliastore.dz\\\/#website\"},\"primaryImageOfPage\":{\"@id\":\"https:\\\/\\\/cheliastore.dz\\\/ar\\\/\u0627\u0644\u0645\u0646\u062a\u062c\\\/pompe-immergee-pedrollo\\\/#primaryimage\"},\"image\":{\"@id\":\"https:\\\/\\\/cheliastore.dz\\\/ar\\\/\u0627\u0644\u0645\u0646\u062a\u062c\\\/pompe-immergee-pedrollo\\\/#primaryimage\"},\"thumbnailUrl\":\"https:\\\/\\\/cheliastore.dz\\\/wp-content\\\/uploads\\\/2021\\\/12\\\/Pompe-immergee-PEDROLLO.jpg\",\"datePublished\":\"2021-12-21T09:15:55+00:00\",\"dateModified\":\"2025-04-26T11:13:02+00:00\",\"description\":\"D\u00e9couvrez la Pompe immerg\u00e9e PEDROLLO au meilleur prix en Algerie. Id\u00e9ales pour l'extraction d'eau, le drainage et l'\u00e9vacuation des eaux us\u00e9es.\",\"breadcrumb\":{\"@id\":\"https:\\\/\\\/cheliastore.dz\\\/ar\\\/\u0627\u0644\u0645\u0646\u062a\u062c\\\/pompe-immergee-pedrollo\\\/#breadcrumb\"},\"inLanguage\":\"ar\",\"potentialAction\":[{\"@type\":\"ReadAction\",\"target\":[\"https:\\\/\\\/cheliastore.dz\\\/ar\\\/\u0627\u0644\u0645\u0646\u062a\u062c\\\/pompe-immergee-pedrollo\\\/\"]}]},{\"@type\":\"ImageObject\",\"inLanguage\":\"ar\",\"@id\":\"https:\\\/\\\/cheliastore.dz\\\/ar\\\/\u0627\u0644\u0645\u0646\u062a\u062c\\\/pompe-immergee-pedrollo\\\/#primaryimage\",\"url\":\"https:\\\/\\\/cheliastore.dz\\\/wp-content\\\/uploads\\\/2021\\\/12\\\/Pompe-immergee-PEDROLLO.jpg\",\"contentUrl\":\"https:\\\/\\\/cheliastore.dz\\\/wp-content\\\/uploads\\\/2021\\\/12\\\/Pompe-immergee-PEDROLLO.jpg\",\"width\":1000,\"height\":1000,\"caption\":\"Pompe immerg\u00e9e PEDROLLO\"},{\"@type\":\"BreadcrumbList\",\"@id\":\"https:\\\/\\\/cheliastore.dz\\\/ar\\\/\u0627\u0644\u0645\u0646\u062a\u062c\\\/pompe-immergee-pedrollo\\\/#breadcrumb\",\"itemListElement\":[{\"@type\":\"ListItem\",\"position\":1,\"name\":\"\u0627\u0644\u0631\u0626\u064a\u0633\u064a\u0629\",\"item\":\"https:\\\/\\\/cheliastore.dz\\\/ar\\\/\"},{\"@type\":\"ListItem\",\"position\":2,\"name\":\"Boutique\",\"item\":\"https:\\\/\\\/cheliastore.dz\\\/ar\\\/shop\\\/\"},{\"@type\":\"ListItem\",\"position\":3,\"name\":\"Pompe \u00e0 eau immerg\u00e9e PEDROLLO\"}]},{\"@type\":\"WebSite\",\"@id\":\"https:\\\/\\\/cheliastore.dz\\\/#website\",\"url\":\"https:\\\/\\\/cheliastore.dz\\\/\",\"name\":\"CHELIA STORE\",\"description\":\"CHELIA STORE\",\"publisher\":{\"@id\":\"https:\\\/\\\/cheliastore.dz\\\/#organization\"},\"potentialAction\":[{\"@type\":\"SearchAction\",\"target\":{\"@type\":\"EntryPoint\",\"urlTemplate\":\"https:\\\/\\\/cheliastore.dz\\\/?s={search_term_string}\"},\"query-input\":{\"@type\":\"PropertyValueSpecification\",\"valueRequired\":true,\"valueName\":\"search_term_string\"}}],\"inLanguage\":\"ar\"},{\"@type\":\"Organization\",\"@id\":\"https:\\\/\\\/cheliastore.dz\\\/#organization\",\"name\":\"Chelia Store\",\"url\":\"https:\\\/\\\/cheliastore.dz\\\/\",\"logo\":{\"@type\":\"ImageObject\",\"inLanguage\":\"ar\",\"@id\":\"https:\\\/\\\/cheliastore.dz\\\/#\\\/schema\\\/logo\\\/image\\\/\",\"url\":\"https:\\\/\\\/cheliastore.dz\\\/wp-content\\\/uploads\\\/2022\\\/01\\\/logo-final-250.png\",\"contentUrl\":\"https:\\\/\\\/cheliastore.dz\\\/wp-content\\\/uploads\\\/2022\\\/01\\\/logo-final-250.png\",\"width\":250,\"height\":78,\"caption\":\"Chelia Store\"},\"image\":{\"@id\":\"https:\\\/\\\/cheliastore.dz\\\/#\\\/schema\\\/logo\\\/image\\\/\"},\"sameAs\":[\"https:\\\/\\\/web.facebook.com\\\/cheliastore\",\"https:\\\/\\\/www.instagram.com\\\/quincaillerie.chelia\\\/\"]}]}<\/script>\n<!-- \/ Yoast SEO Premium plugin. -->","yoast_head_json":{"title":"Pompe \u00e0 eau immerg\u00e9e PEDROLLO - CHELIA STORE","description":"D\u00e9couvrez la Pompe immerg\u00e9e PEDROLLO au meilleur prix en Algerie. Id\u00e9ales pour l'extraction d'eau, le drainage et l'\u00e9vacuation des eaux us\u00e9es.","robots":{"index":"index","follow":"follow","max-snippet":"max-snippet:-1","max-image-preview":"max-image-preview:large","max-video-preview":"max-video-preview:-1"},"canonical":"https:\/\/cheliastore.dz\/ar\/\u0627\u0644\u0645\u0646\u062a\u062c\/pompe-immergee-pedrollo\/","og_locale":"ar_AR","og_type":"article","og_title":"Pompe \u00e0 eau immerg\u00e9e PEDROLLO","og_description":"D\u00e9couvrez la Pompe immerg\u00e9e PEDROLLO au meilleur prix en Algerie. Id\u00e9ales pour l'extraction d'eau, le drainage et l'\u00e9vacuation des eaux us\u00e9es.","og_url":"https:\/\/cheliastore.dz\/ar\/\u0627\u0644\u0645\u0646\u062a\u062c\/pompe-immergee-pedrollo\/","og_site_name":"CHELIA STORE","article_publisher":"https:\/\/web.facebook.com\/cheliastore","article_modified_time":"2025-04-26T11:13:02+00:00","og_image":[{"width":1000,"height":1000,"url":"https:\/\/cheliastore.dz\/wp-content\/uploads\/2021\/12\/Pompe-immergee-PEDROLLO.jpg","type":"image\/jpeg"}],"twitter_card":"summary_large_image","twitter_misc":{"\u0648\u0642\u062a \u0627\u0644\u0642\u0631\u0627\u0621\u0629 \u0627\u0644\u0645\u064f\u0642\u062f\u0651\u0631":"\u062f\u0642\u064a\u0642\u062a\u0627\u0646"},"schema":{"@context":"https:\/\/schema.org","@graph":[{"@type":"WebPage","@id":"https:\/\/cheliastore.dz\/ar\/\u0627\u0644\u0645\u0646\u062a\u062c\/pompe-immergee-pedrollo\/","url":"https:\/\/cheliastore.dz\/ar\/\u0627\u0644\u0645\u0646\u062a\u062c\/pompe-immergee-pedrollo\/","name":"Pompe \u00e0 eau immerg\u00e9e PEDROLLO - CHELIA STORE","isPartOf":{"@id":"https:\/\/cheliastore.dz\/#website"},"primaryImageOfPage":{"@id":"https:\/\/cheliastore.dz\/ar\/\u0627\u0644\u0645\u0646\u062a\u062c\/pompe-immergee-pedrollo\/#primaryimage"},"image":{"@id":"https:\/\/cheliastore.dz\/ar\/\u0627\u0644\u0645\u0646\u062a\u062c\/pompe-immergee-pedrollo\/#primaryimage"},"thumbnailUrl":"https:\/\/cheliastore.dz\/wp-content\/uploads\/2021\/12\/Pompe-immergee-PEDROLLO.jpg","datePublished":"2021-12-21T09:15:55+00:00","dateModified":"2025-04-26T11:13:02+00:00","description":"D\u00e9couvrez la Pompe immerg\u00e9e PEDROLLO au meilleur prix en Algerie. Id\u00e9ales pour l'extraction d'eau, le drainage et l'\u00e9vacuation des eaux us\u00e9es.","breadcrumb":{"@id":"https:\/\/cheliastore.dz\/ar\/\u0627\u0644\u0645\u0646\u062a\u062c\/pompe-immergee-pedrollo\/#breadcrumb"},"inLanguage":"ar","potentialAction":[{"@type":"ReadAction","target":["https:\/\/cheliastore.dz\/ar\/\u0627\u0644\u0645\u0646\u062a\u062c\/pompe-immergee-pedrollo\/"]}]},{"@type":"ImageObject","inLanguage":"ar","@id":"https:\/\/cheliastore.dz\/ar\/\u0627\u0644\u0645\u0646\u062a\u062c\/pompe-immergee-pedrollo\/#primaryimage","url":"https:\/\/cheliastore.dz\/wp-content\/uploads\/2021\/12\/Pompe-immergee-PEDROLLO.jpg","contentUrl":"https:\/\/cheliastore.dz\/wp-content\/uploads\/2021\/12\/Pompe-immergee-PEDROLLO.jpg","width":1000,"height":1000,"caption":"Pompe immerg\u00e9e PEDROLLO"},{"@type":"BreadcrumbList","@id":"https:\/\/cheliastore.dz\/ar\/\u0627\u0644\u0645\u0646\u062a\u062c\/pompe-immergee-pedrollo\/#breadcrumb","itemListElement":[{"@type":"ListItem","position":1,"name":"\u0627\u0644\u0631\u0626\u064a\u0633\u064a\u0629","item":"https:\/\/cheliastore.dz\/ar\/"},{"@type":"ListItem","position":2,"name":"Boutique","item":"https:\/\/cheliastore.dz\/ar\/shop\/"},{"@type":"ListItem","position":3,"name":"Pompe \u00e0 eau immerg\u00e9e PEDROLLO"}]},{"@type":"WebSite","@id":"https:\/\/cheliastore.dz\/#website","url":"https:\/\/cheliastore.dz\/","name":"CHELIA STORE","description":"CHELIA STORE","publisher":{"@id":"https:\/\/cheliastore.dz\/#organization"},"potentialAction":[{"@type":"SearchAction","target":{"@type":"EntryPoint","urlTemplate":"https:\/\/cheliastore.dz\/?s={search_term_string}"},"query-input":{"@type":"PropertyValueSpecification","valueRequired":true,"valueName":"search_term_string"}}],"inLanguage":"ar"},{"@type":"Organization","@id":"https:\/\/cheliastore.dz\/#organization","name":"Chelia Store","url":"https:\/\/cheliastore.dz\/","logo":{"@type":"ImageObject","inLanguage":"ar","@id":"https:\/\/cheliastore.dz\/#\/schema\/logo\/image\/","url":"https:\/\/cheliastore.dz\/wp-content\/uploads\/2022\/01\/logo-final-250.png","contentUrl":"https:\/\/cheliastore.dz\/wp-content\/uploads\/2022\/01\/logo-final-250.png","width":250,"height":78,"caption":"Chelia Store"},"image":{"@id":"https:\/\/cheliastore.dz\/#\/schema\/logo\/image\/"},"sameAs":["https:\/\/web.facebook.com\/cheliastore","https:\/\/www.instagram.com\/quincaillerie.chelia\/"]}]}},"_links":{"self":[{"href":"https:\/\/cheliastore.dz\/ar\/wp-json\/wp\/v2\/product\/50136","targetHints":{"allow":["GET"]}}],"collection":[{"href":"https:\/\/cheliastore.dz\/ar\/wp-json\/wp\/v2\/product"}],"about":[{"href":"https:\/\/cheliastore.dz\/ar\/wp-json\/wp\/v2\/types\/product"}],"replies":[{"embeddable":true,"href":"https:\/\/cheliastore.dz\/ar\/wp-json\/wp\/v2\/comments?post=50136"}],"version-history":[{"count":1,"href":"https:\/\/cheliastore.dz\/ar\/wp-json\/wp\/v2\/product\/50136\/revisions"}],"predecessor-version":[{"id":73822,"href":"https:\/\/cheliastore.dz\/ar\/wp-json\/wp\/v2\/product\/50136\/revisions\/73822"}],"wp:featuredmedia":[{"embeddable":true,"href":"https:\/\/cheliastore.dz\/ar\/wp-json\/wp\/v2\/media\/50134"}],"wp:attachment":[{"href":"https:\/\/cheliastore.dz\/ar\/wp-json\/wp\/v2\/media?parent=50136"}],"wp:term":[{"taxonomy":"product_brand","embeddable":true,"href":"https:\/\/cheliastore.dz\/ar\/wp-json\/wp\/v2\/product_brand?post=50136"},{"taxonomy":"product_cat","embeddable":true,"href":"https:\/\/cheliastore.dz\/ar\/wp-json\/wp\/v2\/product_cat?post=50136"},{"taxonomy":"product_tag","embeddable":true,"href":"https:\/\/cheliastore.dz\/ar\/wp-json\/wp\/v2\/product_tag?post=50136"}],"curies":[{"name":"wp","href":"https:\/\/api.w.org\/{rel}","templated":true}]}}