{"id":49879,"date":"2022-03-10T13:36:51","date_gmt":"2022-03-10T13:36:51","guid":{"rendered":"https:\/\/cheliastore.dz\/product\/pompe-a-eau-usee-80wq-leo-30-30-5-5\/"},"modified":"2025-04-26T12:35:30","modified_gmt":"2025-04-26T12:35:30","slug":"pompe-a-eau-usee-80wq-leo-30-30-5-5","status":"publish","type":"product","link":"https:\/\/cheliastore.dz\/ar\/\u0627\u0644\u0645\u0646\u062a\u062c\/pompe-a-eau-usee-80wq-leo-30-30-5-5\/","title":{"rendered":"Pompe \u00e0 eau us\u00e9e 80WQ LEO | 30-30-5.5"},"content":{"rendered":"<div class=\"names\">\n<h1>Pompe \u00e0 eau us\u00e9e 80WQ LEO | 30-30-5.5<\/h1>\n<p>La Pompe \u00e0 eau us\u00e9e 80WQ LEO | 30-30-5.5 submersible pour eaux us\u00e9es de type QW non obstru\u00e9e est compos\u00e9e d&#8217;un moteur et d&#8217;une pompe, qui sont s\u00e9par\u00e9s par une chambre d&#8217;isolation d&#8217;huile et une garniture m\u00e9canique, il est court que le moteur et elle partagent le m\u00eame essieu (rotor), la structure est compacte.<\/p>\n<blockquote class=\"wp-embedded-content\" data-secret=\"SAKf4D36Xt\"><p><a href=\"https:\/\/cheliastore.dz\/product\/pompe-a-eau-usees-leo-4kw-50swp12-30-4l-qg\/\">Pompe \u00e0 eau us\u00e9es\u00a0LEO 4kW | 50SWP12-30-4L\/QG<\/a><\/p><\/blockquote>\n<p><iframe class=\"wp-embedded-content\" sandbox=\"allow-scripts\" security=\"restricted\" style=\"position: absolute; visibility: hidden;\" title=\"&#8220;Pompe \u00e0 eau us\u00e9es\u00a0LEO 4kW | 50SWP12-30-4L\/QG&#8221; &#8212; CHELIA STORE\" src=\"https:\/\/cheliastore.dz\/product\/pompe-a-eau-usees-leo-4kw-50swp12-30-4l-qg\/embed\/#?secret=zmeUu5gRA5#?secret=SAKf4D36Xt\" data-secret=\"SAKf4D36Xt\" width=\"500\" height=\"282\" frameborder=\"0\" marginwidth=\"0\" marginheight=\"0\" scrolling=\"no\"><\/iframe><\/p>\n<\/div>\n<h2><strong>Applications<\/strong><\/h2>\n<p>Cette s\u00e9rie de pompes est principalement utilis\u00e9e dans l&#8217;ing\u00e9nierie municipale, les b\u00e2timents, le rejet des eaux us\u00e9es industrielles, le traitement des eaux us\u00e9es dans la protection de l&#8217;environnement, les usines et les mines pour livrer les eaux us\u00e9es, les eaux us\u00e9es et les eaux de pluie, etc., contenant des substances solides et des fibres longues.L&#8217;acier inoxydable peut \u00e9galement \u00eatre utilis\u00e9 pour fournir milieu corrosif.<\/p>\n<h3><strong>Caract\u00e9ristiques\u00a0<\/strong><\/h3>\n<ul>\n<li>\u00a0Profondeur d\u2019immersion max: 25 m.<\/li>\n<li>\u00a0Temp\u00e9rature max du liquide: +40\u2103.<\/li>\n<li>\u00a0Valeur pH du liquide: 5-9.<\/li>\n<li>\u00a0Densit\u00e9 maxi du liquide: 1.2&#215;10\u00b3kg\/m\u00b3<\/li>\n<\/ul>\n<h3><strong>Sp\u00e9cifications de la Pompe \u00e0 eau us\u00e9e 80WQ<\/strong><\/h3>\n<ul>\n<li>Enroulement en cuivre.<\/li>\n<li>Classe d\u2019isolation: B.<\/li>\n<li>Indice de protection: IP68.<\/li>\n<\/ul>\n<h4><strong>Avantages<\/strong><\/h4>\n<ul>\n<li><strong>Performance :<\/strong> Avec une puissance de 80W, elle est efficace pour les besoins de drainage l\u00e9ger \u00e0 mod\u00e9r\u00e9.<\/li>\n<li><strong>Construction Robuste :<\/strong> Con\u00e7ue pour r\u00e9sister \u00e0 l\u2019usure caus\u00e9e par les particules solides pr\u00e9sentes dans les eaux us\u00e9es.<\/li>\n<li><strong>Fonctionnalit\u00e9 Submersible :<\/strong> Permet un fonctionnement efficace sous l&#8217;eau, facilitant l&#8217;\u00e9vacuation des liquides depuis des r\u00e9servoirs ou des bassins.<\/li>\n<li><strong>Protection :<\/strong> \u00c9quip\u00e9e de protections contre la surchauffe et les surcharges pour une utilisation prolong\u00e9e.<\/li>\n<\/ul>\n<blockquote><p><span style=\"font-weight: 400;\">Vous pouvez trouver des produits similaires sur notre site Web<\/span><a href=\"https:\/\/cheliastore.dz\/ar\/\"><span style=\"font-weight: 400;\"> chelia store<\/span><\/a><\/p><\/blockquote>\n<div dir=\"auto\">\n<div class=\"alllightgallery\">\n<div class=\"table-responsive\"><\/div>\n<\/div>\n<\/div>\n","protected":false},"excerpt":{"rendered":"<div class=\"flex max-w-full flex-col flex-grow\">\n<div class=\"min-h-[20px] text-message flex w-full flex-col items-end gap-2 whitespace-pre-wrap break-words [.text-message+&amp;]:mt-5 overflow-x-auto\">\n<p>r=&#8221;auto&#8221; data-message-author-role=&#8221;assistant&#8221; data-message-id=&#8221;14f3ae04-6d0e-4eaf-9b6e-35be1fa0d4e1&#8243;&gt;<\/p>\n<div class=\"flex w-full flex-col gap-1 empty:hidden first:pt-[3px]\">\n<div class=\"markdown prose w-full break-words dark:prose-invert light\">\n<p>La Pompe \u00e0 Eau Us\u00e9e 80 WQ 30-30-5.5 LEO est une solution efficace pour le pompage d\u2019eaux us\u00e9es et de liquides charg\u00e9s. Sa construction robuste, combin\u00e9e \u00e0 ses caract\u00e9ristiques submersibles, la rend adapt\u00e9e \u00e0 divers environnements de drainage. Sa capacit\u00e9 \u00e0 g\u00e9rer des d\u00e9bits importants et sa conception durable en font un outil fiable pour les besoins de drainage et de gestion des eaux us\u00e9es.<\/p>\n<\/div>\n<\/div>\n<\/div>\n<\/div>\n","protected":false},"featured_media":49881,"comment_status":"open","ping_status":"closed","template":"","meta":{"_editorskit_title_hidden":false,"_editorskit_reading_time":0,"_editorskit_is_block_options_detached":false,"_editorskit_block_options_position":"{}"},"product_brand":[],"product_cat":[97,118],"product_tag":[],"class_list":{"0":"post-49879","1":"product","2":"type-product","3":"status-publish","4":"has-post-thumbnail","6":"product_cat-plomberie","7":"product_cat-pompe-eau-surpresseur","8":"pa_brand-leo","10":"first","11":"outofstock","12":"shipping-taxable","13":"purchasable","14":"product-type-simple"},"yoast_head":"<!-- This site is optimized with the Yoast SEO Premium plugin v25.4 (Yoast SEO v27.5) - https:\/\/yoast.com\/product\/yoast-seo-premium-wordpress\/ -->\n<title>Pompe \u00e0 eau us\u00e9e 80WQ LEO | 30-30-5.5 - CHELIA STORE<\/title>\n<meta name=\"description\" content=\"D\u00e9couvrez la Pompe \u00e0 eau us\u00e9e 80WQ LEO | 30-30-5.5 au meilleur prix en Algerie. Con\u00e7ue pour r\u00e9sister \u00e0 l\u2019usure caus\u00e9e par les particules solides dans l&#039;eau.\" \/>\n<meta name=\"robots\" content=\"index, follow, max-snippet:-1, max-image-preview:large, max-video-preview:-1\" \/>\n<link rel=\"canonical\" href=\"https:\/\/cheliastore.dz\/ar\/\u0627\u0644\u0645\u0646\u062a\u062c\/pompe-a-eau-usee-80wq-leo-30-30-5-5\/\" \/>\n<meta property=\"og:locale\" content=\"ar_AR\" \/>\n<meta property=\"og:type\" content=\"article\" \/>\n<meta property=\"og:title\" content=\"Pompe \u00e0 eau us\u00e9e 80WQ LEO | 30-30-5.5\" \/>\n<meta property=\"og:description\" content=\"D\u00e9couvrez la Pompe \u00e0 eau us\u00e9e 80WQ LEO | 30-30-5.5 au meilleur prix en Algerie. Con\u00e7ue pour r\u00e9sister \u00e0 l\u2019usure caus\u00e9e par les particules solides dans l&#039;eau.\" \/>\n<meta property=\"og:url\" content=\"https:\/\/cheliastore.dz\/ar\/\u0627\u0644\u0645\u0646\u062a\u062c\/pompe-a-eau-usee-80wq-leo-30-30-5-5\/\" \/>\n<meta property=\"og:site_name\" content=\"CHELIA STORE\" \/>\n<meta property=\"article:publisher\" content=\"https:\/\/web.facebook.com\/cheliastore\" \/>\n<meta property=\"article:modified_time\" content=\"2025-04-26T12:35:30+00:00\" \/>\n<meta property=\"og:image\" content=\"https:\/\/cheliastore.dz\/wp-content\/uploads\/2022\/03\/Pompe-a-eau-usee-100WQ-LEO-1.png\" \/>\n\t<meta property=\"og:image:width\" content=\"1000\" \/>\n\t<meta property=\"og:image:height\" content=\"1000\" \/>\n\t<meta property=\"og:image:type\" content=\"image\/png\" \/>\n<meta name=\"twitter:card\" content=\"summary_large_image\" \/>\n<meta name=\"twitter:label1\" content=\"\u0648\u0642\u062a \u0627\u0644\u0642\u0631\u0627\u0621\u0629 \u0627\u0644\u0645\u064f\u0642\u062f\u0651\u0631\" \/>\n\t<meta name=\"twitter:data1\" content=\"\u062f\u0642\u064a\u0642\u062a\u0627\u0646\" \/>\n<script type=\"application\/ld+json\" class=\"yoast-schema-graph\">{\"@context\":\"https:\\\/\\\/schema.org\",\"@graph\":[{\"@type\":\"WebPage\",\"@id\":\"https:\\\/\\\/cheliastore.dz\\\/ar\\\/\u0627\u0644\u0645\u0646\u062a\u062c\\\/pompe-a-eau-usee-80wq-leo-30-30-5-5\\\/\",\"url\":\"https:\\\/\\\/cheliastore.dz\\\/ar\\\/\u0627\u0644\u0645\u0646\u062a\u062c\\\/pompe-a-eau-usee-80wq-leo-30-30-5-5\\\/\",\"name\":\"Pompe \u00e0 eau us\u00e9e 80WQ LEO | 30-30-5.5 - CHELIA STORE\",\"isPartOf\":{\"@id\":\"https:\\\/\\\/cheliastore.dz\\\/#website\"},\"primaryImageOfPage\":{\"@id\":\"https:\\\/\\\/cheliastore.dz\\\/ar\\\/\u0627\u0644\u0645\u0646\u062a\u062c\\\/pompe-a-eau-usee-80wq-leo-30-30-5-5\\\/#primaryimage\"},\"image\":{\"@id\":\"https:\\\/\\\/cheliastore.dz\\\/ar\\\/\u0627\u0644\u0645\u0646\u062a\u062c\\\/pompe-a-eau-usee-80wq-leo-30-30-5-5\\\/#primaryimage\"},\"thumbnailUrl\":\"https:\\\/\\\/cheliastore.dz\\\/wp-content\\\/uploads\\\/2022\\\/03\\\/Pompe-a-eau-usee-100WQ-LEO-1.png\",\"datePublished\":\"2022-03-10T13:36:51+00:00\",\"dateModified\":\"2025-04-26T12:35:30+00:00\",\"description\":\"D\u00e9couvrez la Pompe \u00e0 eau us\u00e9e 80WQ LEO | 30-30-5.5 au meilleur prix en Algerie. Con\u00e7ue pour r\u00e9sister \u00e0 l\u2019usure caus\u00e9e par les particules solides dans l'eau.\",\"breadcrumb\":{\"@id\":\"https:\\\/\\\/cheliastore.dz\\\/ar\\\/\u0627\u0644\u0645\u0646\u062a\u062c\\\/pompe-a-eau-usee-80wq-leo-30-30-5-5\\\/#breadcrumb\"},\"inLanguage\":\"ar\",\"potentialAction\":[{\"@type\":\"ReadAction\",\"target\":[\"https:\\\/\\\/cheliastore.dz\\\/ar\\\/\u0627\u0644\u0645\u0646\u062a\u062c\\\/pompe-a-eau-usee-80wq-leo-30-30-5-5\\\/\"]}]},{\"@type\":\"ImageObject\",\"inLanguage\":\"ar\",\"@id\":\"https:\\\/\\\/cheliastore.dz\\\/ar\\\/\u0627\u0644\u0645\u0646\u062a\u062c\\\/pompe-a-eau-usee-80wq-leo-30-30-5-5\\\/#primaryimage\",\"url\":\"https:\\\/\\\/cheliastore.dz\\\/wp-content\\\/uploads\\\/2022\\\/03\\\/Pompe-a-eau-usee-100WQ-LEO-1.png\",\"contentUrl\":\"https:\\\/\\\/cheliastore.dz\\\/wp-content\\\/uploads\\\/2022\\\/03\\\/Pompe-a-eau-usee-100WQ-LEO-1.png\",\"width\":1000,\"height\":1000,\"caption\":\"Pompe \u00e0 eau us\u00e9e 80WQ LEO | 30-30-5.5\"},{\"@type\":\"BreadcrumbList\",\"@id\":\"https:\\\/\\\/cheliastore.dz\\\/ar\\\/\u0627\u0644\u0645\u0646\u062a\u062c\\\/pompe-a-eau-usee-80wq-leo-30-30-5-5\\\/#breadcrumb\",\"itemListElement\":[{\"@type\":\"ListItem\",\"position\":1,\"name\":\"\u0627\u0644\u0631\u0626\u064a\u0633\u064a\u0629\",\"item\":\"https:\\\/\\\/cheliastore.dz\\\/ar\\\/\"},{\"@type\":\"ListItem\",\"position\":2,\"name\":\"Boutique\",\"item\":\"https:\\\/\\\/cheliastore.dz\\\/ar\\\/shop\\\/\"},{\"@type\":\"ListItem\",\"position\":3,\"name\":\"Pompe \u00e0 eau us\u00e9e 80WQ LEO | 30-30-5.5\"}]},{\"@type\":\"WebSite\",\"@id\":\"https:\\\/\\\/cheliastore.dz\\\/#website\",\"url\":\"https:\\\/\\\/cheliastore.dz\\\/\",\"name\":\"CHELIA STORE\",\"description\":\"CHELIA STORE\",\"publisher\":{\"@id\":\"https:\\\/\\\/cheliastore.dz\\\/#organization\"},\"potentialAction\":[{\"@type\":\"SearchAction\",\"target\":{\"@type\":\"EntryPoint\",\"urlTemplate\":\"https:\\\/\\\/cheliastore.dz\\\/?s={search_term_string}\"},\"query-input\":{\"@type\":\"PropertyValueSpecification\",\"valueRequired\":true,\"valueName\":\"search_term_string\"}}],\"inLanguage\":\"ar\"},{\"@type\":\"Organization\",\"@id\":\"https:\\\/\\\/cheliastore.dz\\\/#organization\",\"name\":\"Chelia Store\",\"url\":\"https:\\\/\\\/cheliastore.dz\\\/\",\"logo\":{\"@type\":\"ImageObject\",\"inLanguage\":\"ar\",\"@id\":\"https:\\\/\\\/cheliastore.dz\\\/#\\\/schema\\\/logo\\\/image\\\/\",\"url\":\"https:\\\/\\\/cheliastore.dz\\\/wp-content\\\/uploads\\\/2022\\\/01\\\/logo-final-250.png\",\"contentUrl\":\"https:\\\/\\\/cheliastore.dz\\\/wp-content\\\/uploads\\\/2022\\\/01\\\/logo-final-250.png\",\"width\":250,\"height\":78,\"caption\":\"Chelia Store\"},\"image\":{\"@id\":\"https:\\\/\\\/cheliastore.dz\\\/#\\\/schema\\\/logo\\\/image\\\/\"},\"sameAs\":[\"https:\\\/\\\/web.facebook.com\\\/cheliastore\",\"https:\\\/\\\/www.instagram.com\\\/quincaillerie.chelia\\\/\"]}]}<\/script>\n<!-- \/ Yoast SEO Premium plugin. -->","yoast_head_json":{"title":"Pompe \u00e0 eau us\u00e9e 80WQ LEO | 30-30-5.5 - CHELIA STORE","description":"D\u00e9couvrez la Pompe \u00e0 eau us\u00e9e 80WQ LEO | 30-30-5.5 au meilleur prix en Algerie. Con\u00e7ue pour r\u00e9sister \u00e0 l\u2019usure caus\u00e9e par les particules solides dans l'eau.","robots":{"index":"index","follow":"follow","max-snippet":"max-snippet:-1","max-image-preview":"max-image-preview:large","max-video-preview":"max-video-preview:-1"},"canonical":"https:\/\/cheliastore.dz\/ar\/\u0627\u0644\u0645\u0646\u062a\u062c\/pompe-a-eau-usee-80wq-leo-30-30-5-5\/","og_locale":"ar_AR","og_type":"article","og_title":"Pompe \u00e0 eau us\u00e9e 80WQ LEO | 30-30-5.5","og_description":"D\u00e9couvrez la Pompe \u00e0 eau us\u00e9e 80WQ LEO | 30-30-5.5 au meilleur prix en Algerie. Con\u00e7ue pour r\u00e9sister \u00e0 l\u2019usure caus\u00e9e par les particules solides dans l'eau.","og_url":"https:\/\/cheliastore.dz\/ar\/\u0627\u0644\u0645\u0646\u062a\u062c\/pompe-a-eau-usee-80wq-leo-30-30-5-5\/","og_site_name":"CHELIA STORE","article_publisher":"https:\/\/web.facebook.com\/cheliastore","article_modified_time":"2025-04-26T12:35:30+00:00","og_image":[{"width":1000,"height":1000,"url":"https:\/\/cheliastore.dz\/wp-content\/uploads\/2022\/03\/Pompe-a-eau-usee-100WQ-LEO-1.png","type":"image\/png"}],"twitter_card":"summary_large_image","twitter_misc":{"\u0648\u0642\u062a \u0627\u0644\u0642\u0631\u0627\u0621\u0629 \u0627\u0644\u0645\u064f\u0642\u062f\u0651\u0631":"\u062f\u0642\u064a\u0642\u062a\u0627\u0646"},"schema":{"@context":"https:\/\/schema.org","@graph":[{"@type":"WebPage","@id":"https:\/\/cheliastore.dz\/ar\/\u0627\u0644\u0645\u0646\u062a\u062c\/pompe-a-eau-usee-80wq-leo-30-30-5-5\/","url":"https:\/\/cheliastore.dz\/ar\/\u0627\u0644\u0645\u0646\u062a\u062c\/pompe-a-eau-usee-80wq-leo-30-30-5-5\/","name":"Pompe \u00e0 eau us\u00e9e 80WQ LEO | 30-30-5.5 - CHELIA STORE","isPartOf":{"@id":"https:\/\/cheliastore.dz\/#website"},"primaryImageOfPage":{"@id":"https:\/\/cheliastore.dz\/ar\/\u0627\u0644\u0645\u0646\u062a\u062c\/pompe-a-eau-usee-80wq-leo-30-30-5-5\/#primaryimage"},"image":{"@id":"https:\/\/cheliastore.dz\/ar\/\u0627\u0644\u0645\u0646\u062a\u062c\/pompe-a-eau-usee-80wq-leo-30-30-5-5\/#primaryimage"},"thumbnailUrl":"https:\/\/cheliastore.dz\/wp-content\/uploads\/2022\/03\/Pompe-a-eau-usee-100WQ-LEO-1.png","datePublished":"2022-03-10T13:36:51+00:00","dateModified":"2025-04-26T12:35:30+00:00","description":"D\u00e9couvrez la Pompe \u00e0 eau us\u00e9e 80WQ LEO | 30-30-5.5 au meilleur prix en Algerie. Con\u00e7ue pour r\u00e9sister \u00e0 l\u2019usure caus\u00e9e par les particules solides dans l'eau.","breadcrumb":{"@id":"https:\/\/cheliastore.dz\/ar\/\u0627\u0644\u0645\u0646\u062a\u062c\/pompe-a-eau-usee-80wq-leo-30-30-5-5\/#breadcrumb"},"inLanguage":"ar","potentialAction":[{"@type":"ReadAction","target":["https:\/\/cheliastore.dz\/ar\/\u0627\u0644\u0645\u0646\u062a\u062c\/pompe-a-eau-usee-80wq-leo-30-30-5-5\/"]}]},{"@type":"ImageObject","inLanguage":"ar","@id":"https:\/\/cheliastore.dz\/ar\/\u0627\u0644\u0645\u0646\u062a\u062c\/pompe-a-eau-usee-80wq-leo-30-30-5-5\/#primaryimage","url":"https:\/\/cheliastore.dz\/wp-content\/uploads\/2022\/03\/Pompe-a-eau-usee-100WQ-LEO-1.png","contentUrl":"https:\/\/cheliastore.dz\/wp-content\/uploads\/2022\/03\/Pompe-a-eau-usee-100WQ-LEO-1.png","width":1000,"height":1000,"caption":"Pompe \u00e0 eau us\u00e9e 80WQ LEO | 30-30-5.5"},{"@type":"BreadcrumbList","@id":"https:\/\/cheliastore.dz\/ar\/\u0627\u0644\u0645\u0646\u062a\u062c\/pompe-a-eau-usee-80wq-leo-30-30-5-5\/#breadcrumb","itemListElement":[{"@type":"ListItem","position":1,"name":"\u0627\u0644\u0631\u0626\u064a\u0633\u064a\u0629","item":"https:\/\/cheliastore.dz\/ar\/"},{"@type":"ListItem","position":2,"name":"Boutique","item":"https:\/\/cheliastore.dz\/ar\/shop\/"},{"@type":"ListItem","position":3,"name":"Pompe \u00e0 eau us\u00e9e 80WQ LEO | 30-30-5.5"}]},{"@type":"WebSite","@id":"https:\/\/cheliastore.dz\/#website","url":"https:\/\/cheliastore.dz\/","name":"CHELIA STORE","description":"CHELIA STORE","publisher":{"@id":"https:\/\/cheliastore.dz\/#organization"},"potentialAction":[{"@type":"SearchAction","target":{"@type":"EntryPoint","urlTemplate":"https:\/\/cheliastore.dz\/?s={search_term_string}"},"query-input":{"@type":"PropertyValueSpecification","valueRequired":true,"valueName":"search_term_string"}}],"inLanguage":"ar"},{"@type":"Organization","@id":"https:\/\/cheliastore.dz\/#organization","name":"Chelia Store","url":"https:\/\/cheliastore.dz\/","logo":{"@type":"ImageObject","inLanguage":"ar","@id":"https:\/\/cheliastore.dz\/#\/schema\/logo\/image\/","url":"https:\/\/cheliastore.dz\/wp-content\/uploads\/2022\/01\/logo-final-250.png","contentUrl":"https:\/\/cheliastore.dz\/wp-content\/uploads\/2022\/01\/logo-final-250.png","width":250,"height":78,"caption":"Chelia Store"},"image":{"@id":"https:\/\/cheliastore.dz\/#\/schema\/logo\/image\/"},"sameAs":["https:\/\/web.facebook.com\/cheliastore","https:\/\/www.instagram.com\/quincaillerie.chelia\/"]}]}},"_links":{"self":[{"href":"https:\/\/cheliastore.dz\/ar\/wp-json\/wp\/v2\/product\/49879","targetHints":{"allow":["GET"]}}],"collection":[{"href":"https:\/\/cheliastore.dz\/ar\/wp-json\/wp\/v2\/product"}],"about":[{"href":"https:\/\/cheliastore.dz\/ar\/wp-json\/wp\/v2\/types\/product"}],"replies":[{"embeddable":true,"href":"https:\/\/cheliastore.dz\/ar\/wp-json\/wp\/v2\/comments?post=49879"}],"version-history":[{"count":1,"href":"https:\/\/cheliastore.dz\/ar\/wp-json\/wp\/v2\/product\/49879\/revisions"}],"predecessor-version":[{"id":73897,"href":"https:\/\/cheliastore.dz\/ar\/wp-json\/wp\/v2\/product\/49879\/revisions\/73897"}],"wp:featuredmedia":[{"embeddable":true,"href":"https:\/\/cheliastore.dz\/ar\/wp-json\/wp\/v2\/media\/49881"}],"wp:attachment":[{"href":"https:\/\/cheliastore.dz\/ar\/wp-json\/wp\/v2\/media?parent=49879"}],"wp:term":[{"taxonomy":"product_brand","embeddable":true,"href":"https:\/\/cheliastore.dz\/ar\/wp-json\/wp\/v2\/product_brand?post=49879"},{"taxonomy":"product_cat","embeddable":true,"href":"https:\/\/cheliastore.dz\/ar\/wp-json\/wp\/v2\/product_cat?post=49879"},{"taxonomy":"product_tag","embeddable":true,"href":"https:\/\/cheliastore.dz\/ar\/wp-json\/wp\/v2\/product_tag?post=49879"}],"curies":[{"name":"wp","href":"https:\/\/api.w.org\/{rel}","templated":true}]}}