{"id":49746,"date":"2022-03-12T11:50:50","date_gmt":"2022-03-12T11:50:50","guid":{"rendered":"https:\/\/cheliastore.dz\/product\/pompe-multicellulaire-horizontale-en-inox-edhm\/"},"modified":"2025-04-26T11:26:44","modified_gmt":"2025-04-26T11:26:44","slug":"pompe-multicellulaire-horizontale-en-inox-edhm","status":"publish","type":"product","link":"https:\/\/cheliastore.dz\/ar\/\u0627\u0644\u0645\u0646\u062a\u062c\/pompe-multicellulaire-horizontale-en-inox-edhm\/","title":{"rendered":"Pompe Horizontal inox LEO | EDHM"},"content":{"rendered":"<h1>Pompe Horizontal inox LEO | EDHM<\/h1>\n<div class=\"flex-1 overflow-hidden\">\n<div class=\"h-full\">\n<div class=\"react-scroll-to-bottom--css-ykmfk-79elbk h-full\">\n<div class=\"react-scroll-to-bottom--css-ykmfk-1n7m0yu\">\n<div class=\"flex flex-col text-sm md:pb-9\">\n<article class=\"w-full text-token-text-primary focus-visible:outline-2 focus-visible:outline-offset-[-4px]\" dir=\"auto\" tabindex=\"0\" data-testid=\"conversation-turn-545\" data-scroll-anchor=\"true\">\n<div class=\"text-base py-[18px] px-3 md:px-4 m-auto md:px-5\">\n<div class=\"mx-auto flex flex-1 gap-4 text-base md:gap-5 lg:gap-6 md:max-w-3xl lg:max-w-[40rem] xl:max-w-[48rem]\">\n<div class=\"group\/conversation-turn relative flex w-full min-w-0 flex-col agent-turn\">\n<div class=\"flex-col gap-1 md:gap-3\">\n<div class=\"flex max-w-full flex-col flex-grow\">\n<div class=\"min-h-[20px] text-message flex w-full flex-col items-end gap-2 break-words [.text-message+&amp;]:mt-5 overflow-x-auto whitespace-pre-wrap\" dir=\"auto\" data-message-author-role=\"assistant\" data-message-id=\"f995bd2d-6871-4443-a801-35d6f735b520\">\n<div class=\"flex w-full flex-col gap-1 empty:hidden first:pt-[3px]\">\n<div class=\"markdown prose w-full break-words dark:prose-invert light\">\n<p>La Pompe Horizontal inox LEO | EDHM\u00a0est con\u00e7ue pour des applications industrielles et commerciales n\u00e9cessitant une r\u00e9sistance accrue \u00e0 la corrosion et une performance fiable. Fabriqu\u00e9e en acier inoxydable de haute qualit\u00e9, cette pompe est adapt\u00e9e pour manipuler des fluides agressifs et est id\u00e9ale pour une utilisation dans des environnements exigeants.<\/p>\n<h2><strong>Sp\u00e9cifications Techniques<\/strong><\/h2>\n<ul>\n<li><strong>Mat\u00e9riau<\/strong>: Acier inoxydable, offrant une excellente r\u00e9sistance \u00e0 la corrosion et une durabilit\u00e9 accrue.<\/li>\n<li><strong>Type<\/strong>: Pompe centrifuge horizontale, id\u00e9ale pour des applications o\u00f9 un montage sur un socle est requis.<\/li>\n<li><strong>D\u00e9bit<\/strong>: Con\u00e7u pour des d\u00e9bits \u00e9lev\u00e9s, adapt\u00e9 \u00e0 des syst\u00e8mes n\u00e9cessitant une circulation importante de fluides.<\/li>\n<li><strong>Pression<\/strong>: Con\u00e7ue pour fonctionner sous des conditions de haute pression.<\/li>\n<li><strong>Temp\u00e9rature de Fonctionnement<\/strong>: Peut g\u00e9rer une large gamme de temp\u00e9ratures selon les sp\u00e9cifications du mod\u00e8le.<\/li>\n<\/ul>\n<blockquote class=\"wp-embedded-content\" data-secret=\"kqrUBfPFP5\"><p><a href=\"https:\/\/cheliastore.dz\/product\/pompe-fontaine-20w-leo-xkf-20p\/\">Pompe Fontaine 20W LEO | XKF-20P<\/a><\/p><\/blockquote>\n<p><iframe class=\"wp-embedded-content\" sandbox=\"allow-scripts\" security=\"restricted\" style=\"position: absolute; visibility: hidden;\" title=\"&#8220;Pompe Fontaine 20W LEO | XKF-20P&#8221; &#8212; CHELIA STORE\" src=\"https:\/\/cheliastore.dz\/product\/pompe-fontaine-20w-leo-xkf-20p\/embed\/#?secret=dDbHn5g7OB#?secret=kqrUBfPFP5\" data-secret=\"kqrUBfPFP5\" width=\"500\" height=\"282\" frameborder=\"0\" marginwidth=\"0\" marginheight=\"0\" scrolling=\"no\"><\/iframe><\/p>\n<h3><strong>Utilisation de Pompe Horizontal inox LEO<\/strong><\/h3>\n<p>La pompe horizontale inox EDHM est id\u00e9ale pour des applications industrielles telles que le transfert de produits chimiques, le traitement des eaux, et les syst\u00e8mes de refroidissement. Sa construction en acier inoxydable la rend adapt\u00e9e aux environnements corrosifs et \u00e0 des conditions de fonctionnement rigoureuses.<\/p>\n<h3><strong>Caract\u00e9ristiques Sp\u00e9ciales<\/strong><\/h3>\n<ul>\n<li><strong>Construction en Acier Inoxydable<\/strong>: Assure une longue dur\u00e9e de vie et une r\u00e9sistance sup\u00e9rieure \u00e0 la corrosion.<\/li>\n<li><strong>Conception Horizontale<\/strong>: Permet une installation stable et un acc\u00e8s facile pour la maintenance.<\/li>\n<li><strong>Haute Efficacit\u00e9<\/strong>: Optimis\u00e9e pour offrir un rendement \u00e9lev\u00e9 et une faible consommation d&#8217;\u00e9nergie.<\/li>\n<li><strong>Polyvalence<\/strong>: Adapt\u00e9e \u00e0 divers types de fluides, y compris les produits chimiques et les solutions corrosives.<\/li>\n<\/ul>\n<blockquote><p><span style=\"font-weight: 400;\">Vous pouvez trouver des produits similaires sur notre site Web<\/span><a href=\"https:\/\/cheliastore.dz\/ar\/\"><span style=\"font-weight: 400;\"> chelia store<\/span><\/a><\/p><\/blockquote>\n<\/div>\n<\/div>\n<\/div>\n<\/div>\n<\/div>\n<\/div>\n<\/div>\n<\/div>\n<\/article>\n<\/div>\n<\/div>\n<\/div>\n<\/div>\n<\/div>\n","protected":false},"excerpt":{"rendered":"<p><span style=\"font-weight: 400;\">D\u00e9couvrez la Pompe Horizontal inox LEO | EDHM au meilleur prix en Algerie. <\/span>Con\u00e7ue pour des applications industrielles exigeantes. Avec sa construction en acier inoxydable, elle offre une r\u00e9sistance exceptionnelle \u00e0 la corrosion et une performance fiable pour le transfert de fluides agressifs et le traitement des eaux. Id\u00e9ale pour des environnements rigoureux et des d\u00e9bits \u00e9lev\u00e9s.<\/p>\n","protected":false},"featured_media":49744,"comment_status":"open","ping_status":"closed","template":"","meta":{"_editorskit_title_hidden":false,"_editorskit_reading_time":0,"_editorskit_is_block_options_detached":false,"_editorskit_block_options_position":"{}"},"product_brand":[],"product_cat":[97,118],"product_tag":[],"class_list":{"0":"post-49746","1":"product","2":"type-product","3":"status-publish","4":"has-post-thumbnail","6":"product_cat-plomberie","7":"product_cat-pompe-eau-surpresseur","8":"pa_brand-leo","10":"first","11":"outofstock","12":"shipping-taxable","13":"purchasable","14":"product-type-simple"},"yoast_head":"<!-- This site is optimized with the Yoast SEO Premium plugin v25.4 (Yoast SEO v27.5) - https:\/\/yoast.com\/product\/yoast-seo-premium-wordpress\/ -->\n<title>Pompe Horizontal inox LEO | EDHM - CHELIA STORE<\/title>\n<meta name=\"description\" content=\"D\u00e9couvrez la Pompe Horizontal inox LEO | EDHM au meilleur prix en Algerie. Id\u00e9ale pour des environnements rigoureux et des d\u00e9bits \u00e9lev\u00e9s.\" \/>\n<meta name=\"robots\" content=\"index, follow, max-snippet:-1, max-image-preview:large, max-video-preview:-1\" \/>\n<link rel=\"canonical\" href=\"https:\/\/cheliastore.dz\/ar\/\u0627\u0644\u0645\u0646\u062a\u062c\/pompe-multicellulaire-horizontale-en-inox-edhm\/\" \/>\n<meta property=\"og:locale\" content=\"ar_AR\" \/>\n<meta property=\"og:type\" content=\"article\" \/>\n<meta property=\"og:title\" content=\"Pompe Horizontal inox LEO | EDHM\" \/>\n<meta property=\"og:description\" content=\"D\u00e9couvrez la Pompe Horizontal inox LEO | EDHM au meilleur prix en Algerie. Id\u00e9ale pour des environnements rigoureux et des d\u00e9bits \u00e9lev\u00e9s.\" \/>\n<meta property=\"og:url\" content=\"https:\/\/cheliastore.dz\/ar\/\u0627\u0644\u0645\u0646\u062a\u062c\/pompe-multicellulaire-horizontale-en-inox-edhm\/\" \/>\n<meta property=\"og:site_name\" content=\"CHELIA STORE\" \/>\n<meta property=\"article:publisher\" content=\"https:\/\/web.facebook.com\/cheliastore\" \/>\n<meta property=\"article:modified_time\" content=\"2025-04-26T11:26:44+00:00\" \/>\n<meta property=\"og:image\" content=\"https:\/\/cheliastore.dz\/wp-content\/uploads\/2022\/03\/Pompe-Horizontal-inox-LEO-EDHM.jpg\" \/>\n\t<meta property=\"og:image:width\" content=\"1000\" \/>\n\t<meta property=\"og:image:height\" content=\"1000\" \/>\n\t<meta property=\"og:image:type\" content=\"image\/jpeg\" \/>\n<meta name=\"twitter:card\" content=\"summary_large_image\" \/>\n<meta name=\"twitter:label1\" content=\"\u0648\u0642\u062a \u0627\u0644\u0642\u0631\u0627\u0621\u0629 \u0627\u0644\u0645\u064f\u0642\u062f\u0651\u0631\" \/>\n\t<meta name=\"twitter:data1\" content=\"\u062f\u0642\u064a\u0642\u062a\u0627\u0646\" \/>\n<script type=\"application\/ld+json\" class=\"yoast-schema-graph\">{\"@context\":\"https:\\\/\\\/schema.org\",\"@graph\":[{\"@type\":\"WebPage\",\"@id\":\"https:\\\/\\\/cheliastore.dz\\\/ar\\\/\u0627\u0644\u0645\u0646\u062a\u062c\\\/pompe-multicellulaire-horizontale-en-inox-edhm\\\/\",\"url\":\"https:\\\/\\\/cheliastore.dz\\\/ar\\\/\u0627\u0644\u0645\u0646\u062a\u062c\\\/pompe-multicellulaire-horizontale-en-inox-edhm\\\/\",\"name\":\"Pompe Horizontal inox LEO | EDHM - CHELIA STORE\",\"isPartOf\":{\"@id\":\"https:\\\/\\\/cheliastore.dz\\\/#website\"},\"primaryImageOfPage\":{\"@id\":\"https:\\\/\\\/cheliastore.dz\\\/ar\\\/\u0627\u0644\u0645\u0646\u062a\u062c\\\/pompe-multicellulaire-horizontale-en-inox-edhm\\\/#primaryimage\"},\"image\":{\"@id\":\"https:\\\/\\\/cheliastore.dz\\\/ar\\\/\u0627\u0644\u0645\u0646\u062a\u062c\\\/pompe-multicellulaire-horizontale-en-inox-edhm\\\/#primaryimage\"},\"thumbnailUrl\":\"https:\\\/\\\/cheliastore.dz\\\/wp-content\\\/uploads\\\/2022\\\/03\\\/Pompe-Horizontal-inox-LEO-EDHM.jpg\",\"datePublished\":\"2022-03-12T11:50:50+00:00\",\"dateModified\":\"2025-04-26T11:26:44+00:00\",\"description\":\"D\u00e9couvrez la Pompe Horizontal inox LEO | EDHM au meilleur prix en Algerie. Id\u00e9ale pour des environnements rigoureux et des d\u00e9bits \u00e9lev\u00e9s.\",\"breadcrumb\":{\"@id\":\"https:\\\/\\\/cheliastore.dz\\\/ar\\\/\u0627\u0644\u0645\u0646\u062a\u062c\\\/pompe-multicellulaire-horizontale-en-inox-edhm\\\/#breadcrumb\"},\"inLanguage\":\"ar\",\"potentialAction\":[{\"@type\":\"ReadAction\",\"target\":[\"https:\\\/\\\/cheliastore.dz\\\/ar\\\/\u0627\u0644\u0645\u0646\u062a\u062c\\\/pompe-multicellulaire-horizontale-en-inox-edhm\\\/\"]}]},{\"@type\":\"ImageObject\",\"inLanguage\":\"ar\",\"@id\":\"https:\\\/\\\/cheliastore.dz\\\/ar\\\/\u0627\u0644\u0645\u0646\u062a\u062c\\\/pompe-multicellulaire-horizontale-en-inox-edhm\\\/#primaryimage\",\"url\":\"https:\\\/\\\/cheliastore.dz\\\/wp-content\\\/uploads\\\/2022\\\/03\\\/Pompe-Horizontal-inox-LEO-EDHM.jpg\",\"contentUrl\":\"https:\\\/\\\/cheliastore.dz\\\/wp-content\\\/uploads\\\/2022\\\/03\\\/Pompe-Horizontal-inox-LEO-EDHM.jpg\",\"width\":1000,\"height\":1000,\"caption\":\"Pompe Horizontal inox LEO | EDHM\"},{\"@type\":\"BreadcrumbList\",\"@id\":\"https:\\\/\\\/cheliastore.dz\\\/ar\\\/\u0627\u0644\u0645\u0646\u062a\u062c\\\/pompe-multicellulaire-horizontale-en-inox-edhm\\\/#breadcrumb\",\"itemListElement\":[{\"@type\":\"ListItem\",\"position\":1,\"name\":\"\u0627\u0644\u0631\u0626\u064a\u0633\u064a\u0629\",\"item\":\"https:\\\/\\\/cheliastore.dz\\\/ar\\\/\"},{\"@type\":\"ListItem\",\"position\":2,\"name\":\"Boutique\",\"item\":\"https:\\\/\\\/cheliastore.dz\\\/ar\\\/shop\\\/\"},{\"@type\":\"ListItem\",\"position\":3,\"name\":\"Pompe Horizontal inox LEO | EDHM\"}]},{\"@type\":\"WebSite\",\"@id\":\"https:\\\/\\\/cheliastore.dz\\\/#website\",\"url\":\"https:\\\/\\\/cheliastore.dz\\\/\",\"name\":\"CHELIA STORE\",\"description\":\"CHELIA STORE\",\"publisher\":{\"@id\":\"https:\\\/\\\/cheliastore.dz\\\/#organization\"},\"potentialAction\":[{\"@type\":\"SearchAction\",\"target\":{\"@type\":\"EntryPoint\",\"urlTemplate\":\"https:\\\/\\\/cheliastore.dz\\\/?s={search_term_string}\"},\"query-input\":{\"@type\":\"PropertyValueSpecification\",\"valueRequired\":true,\"valueName\":\"search_term_string\"}}],\"inLanguage\":\"ar\"},{\"@type\":\"Organization\",\"@id\":\"https:\\\/\\\/cheliastore.dz\\\/#organization\",\"name\":\"Chelia Store\",\"url\":\"https:\\\/\\\/cheliastore.dz\\\/\",\"logo\":{\"@type\":\"ImageObject\",\"inLanguage\":\"ar\",\"@id\":\"https:\\\/\\\/cheliastore.dz\\\/#\\\/schema\\\/logo\\\/image\\\/\",\"url\":\"https:\\\/\\\/cheliastore.dz\\\/wp-content\\\/uploads\\\/2022\\\/01\\\/logo-final-250.png\",\"contentUrl\":\"https:\\\/\\\/cheliastore.dz\\\/wp-content\\\/uploads\\\/2022\\\/01\\\/logo-final-250.png\",\"width\":250,\"height\":78,\"caption\":\"Chelia Store\"},\"image\":{\"@id\":\"https:\\\/\\\/cheliastore.dz\\\/#\\\/schema\\\/logo\\\/image\\\/\"},\"sameAs\":[\"https:\\\/\\\/web.facebook.com\\\/cheliastore\",\"https:\\\/\\\/www.instagram.com\\\/quincaillerie.chelia\\\/\"]}]}<\/script>\n<!-- \/ Yoast SEO Premium plugin. -->","yoast_head_json":{"title":"Pompe Horizontal inox LEO | EDHM - CHELIA STORE","description":"D\u00e9couvrez la Pompe Horizontal inox LEO | EDHM au meilleur prix en Algerie. Id\u00e9ale pour des environnements rigoureux et des d\u00e9bits \u00e9lev\u00e9s.","robots":{"index":"index","follow":"follow","max-snippet":"max-snippet:-1","max-image-preview":"max-image-preview:large","max-video-preview":"max-video-preview:-1"},"canonical":"https:\/\/cheliastore.dz\/ar\/\u0627\u0644\u0645\u0646\u062a\u062c\/pompe-multicellulaire-horizontale-en-inox-edhm\/","og_locale":"ar_AR","og_type":"article","og_title":"Pompe Horizontal inox LEO | EDHM","og_description":"D\u00e9couvrez la Pompe Horizontal inox LEO | EDHM au meilleur prix en Algerie. Id\u00e9ale pour des environnements rigoureux et des d\u00e9bits \u00e9lev\u00e9s.","og_url":"https:\/\/cheliastore.dz\/ar\/\u0627\u0644\u0645\u0646\u062a\u062c\/pompe-multicellulaire-horizontale-en-inox-edhm\/","og_site_name":"CHELIA STORE","article_publisher":"https:\/\/web.facebook.com\/cheliastore","article_modified_time":"2025-04-26T11:26:44+00:00","og_image":[{"width":1000,"height":1000,"url":"https:\/\/cheliastore.dz\/wp-content\/uploads\/2022\/03\/Pompe-Horizontal-inox-LEO-EDHM.jpg","type":"image\/jpeg"}],"twitter_card":"summary_large_image","twitter_misc":{"\u0648\u0642\u062a \u0627\u0644\u0642\u0631\u0627\u0621\u0629 \u0627\u0644\u0645\u064f\u0642\u062f\u0651\u0631":"\u062f\u0642\u064a\u0642\u062a\u0627\u0646"},"schema":{"@context":"https:\/\/schema.org","@graph":[{"@type":"WebPage","@id":"https:\/\/cheliastore.dz\/ar\/\u0627\u0644\u0645\u0646\u062a\u062c\/pompe-multicellulaire-horizontale-en-inox-edhm\/","url":"https:\/\/cheliastore.dz\/ar\/\u0627\u0644\u0645\u0646\u062a\u062c\/pompe-multicellulaire-horizontale-en-inox-edhm\/","name":"Pompe Horizontal inox LEO | EDHM - CHELIA STORE","isPartOf":{"@id":"https:\/\/cheliastore.dz\/#website"},"primaryImageOfPage":{"@id":"https:\/\/cheliastore.dz\/ar\/\u0627\u0644\u0645\u0646\u062a\u062c\/pompe-multicellulaire-horizontale-en-inox-edhm\/#primaryimage"},"image":{"@id":"https:\/\/cheliastore.dz\/ar\/\u0627\u0644\u0645\u0646\u062a\u062c\/pompe-multicellulaire-horizontale-en-inox-edhm\/#primaryimage"},"thumbnailUrl":"https:\/\/cheliastore.dz\/wp-content\/uploads\/2022\/03\/Pompe-Horizontal-inox-LEO-EDHM.jpg","datePublished":"2022-03-12T11:50:50+00:00","dateModified":"2025-04-26T11:26:44+00:00","description":"D\u00e9couvrez la Pompe Horizontal inox LEO | EDHM au meilleur prix en Algerie. Id\u00e9ale pour des environnements rigoureux et des d\u00e9bits \u00e9lev\u00e9s.","breadcrumb":{"@id":"https:\/\/cheliastore.dz\/ar\/\u0627\u0644\u0645\u0646\u062a\u062c\/pompe-multicellulaire-horizontale-en-inox-edhm\/#breadcrumb"},"inLanguage":"ar","potentialAction":[{"@type":"ReadAction","target":["https:\/\/cheliastore.dz\/ar\/\u0627\u0644\u0645\u0646\u062a\u062c\/pompe-multicellulaire-horizontale-en-inox-edhm\/"]}]},{"@type":"ImageObject","inLanguage":"ar","@id":"https:\/\/cheliastore.dz\/ar\/\u0627\u0644\u0645\u0646\u062a\u062c\/pompe-multicellulaire-horizontale-en-inox-edhm\/#primaryimage","url":"https:\/\/cheliastore.dz\/wp-content\/uploads\/2022\/03\/Pompe-Horizontal-inox-LEO-EDHM.jpg","contentUrl":"https:\/\/cheliastore.dz\/wp-content\/uploads\/2022\/03\/Pompe-Horizontal-inox-LEO-EDHM.jpg","width":1000,"height":1000,"caption":"Pompe Horizontal inox LEO | EDHM"},{"@type":"BreadcrumbList","@id":"https:\/\/cheliastore.dz\/ar\/\u0627\u0644\u0645\u0646\u062a\u062c\/pompe-multicellulaire-horizontale-en-inox-edhm\/#breadcrumb","itemListElement":[{"@type":"ListItem","position":1,"name":"\u0627\u0644\u0631\u0626\u064a\u0633\u064a\u0629","item":"https:\/\/cheliastore.dz\/ar\/"},{"@type":"ListItem","position":2,"name":"Boutique","item":"https:\/\/cheliastore.dz\/ar\/shop\/"},{"@type":"ListItem","position":3,"name":"Pompe Horizontal inox LEO | EDHM"}]},{"@type":"WebSite","@id":"https:\/\/cheliastore.dz\/#website","url":"https:\/\/cheliastore.dz\/","name":"CHELIA STORE","description":"CHELIA STORE","publisher":{"@id":"https:\/\/cheliastore.dz\/#organization"},"potentialAction":[{"@type":"SearchAction","target":{"@type":"EntryPoint","urlTemplate":"https:\/\/cheliastore.dz\/?s={search_term_string}"},"query-input":{"@type":"PropertyValueSpecification","valueRequired":true,"valueName":"search_term_string"}}],"inLanguage":"ar"},{"@type":"Organization","@id":"https:\/\/cheliastore.dz\/#organization","name":"Chelia Store","url":"https:\/\/cheliastore.dz\/","logo":{"@type":"ImageObject","inLanguage":"ar","@id":"https:\/\/cheliastore.dz\/#\/schema\/logo\/image\/","url":"https:\/\/cheliastore.dz\/wp-content\/uploads\/2022\/01\/logo-final-250.png","contentUrl":"https:\/\/cheliastore.dz\/wp-content\/uploads\/2022\/01\/logo-final-250.png","width":250,"height":78,"caption":"Chelia Store"},"image":{"@id":"https:\/\/cheliastore.dz\/#\/schema\/logo\/image\/"},"sameAs":["https:\/\/web.facebook.com\/cheliastore","https:\/\/www.instagram.com\/quincaillerie.chelia\/"]}]}},"_links":{"self":[{"href":"https:\/\/cheliastore.dz\/ar\/wp-json\/wp\/v2\/product\/49746","targetHints":{"allow":["GET"]}}],"collection":[{"href":"https:\/\/cheliastore.dz\/ar\/wp-json\/wp\/v2\/product"}],"about":[{"href":"https:\/\/cheliastore.dz\/ar\/wp-json\/wp\/v2\/types\/product"}],"replies":[{"embeddable":true,"href":"https:\/\/cheliastore.dz\/ar\/wp-json\/wp\/v2\/comments?post=49746"}],"version-history":[{"count":1,"href":"https:\/\/cheliastore.dz\/ar\/wp-json\/wp\/v2\/product\/49746\/revisions"}],"predecessor-version":[{"id":73844,"href":"https:\/\/cheliastore.dz\/ar\/wp-json\/wp\/v2\/product\/49746\/revisions\/73844"}],"wp:featuredmedia":[{"embeddable":true,"href":"https:\/\/cheliastore.dz\/ar\/wp-json\/wp\/v2\/media\/49744"}],"wp:attachment":[{"href":"https:\/\/cheliastore.dz\/ar\/wp-json\/wp\/v2\/media?parent=49746"}],"wp:term":[{"taxonomy":"product_brand","embeddable":true,"href":"https:\/\/cheliastore.dz\/ar\/wp-json\/wp\/v2\/product_brand?post=49746"},{"taxonomy":"product_cat","embeddable":true,"href":"https:\/\/cheliastore.dz\/ar\/wp-json\/wp\/v2\/product_cat?post=49746"},{"taxonomy":"product_tag","embeddable":true,"href":"https:\/\/cheliastore.dz\/ar\/wp-json\/wp\/v2\/product_tag?post=49746"}],"curies":[{"name":"wp","href":"https:\/\/api.w.org\/{rel}","templated":true}]}}