{"id":49314,"date":"2022-03-12T10:05:40","date_gmt":"2022-03-12T10:05:40","guid":{"rendered":"https:\/\/cheliastore.dz\/product\/pompe-dassechement-de-chantier-kbz-23-7-leo\/"},"modified":"2025-04-21T12:03:03","modified_gmt":"2025-04-21T12:03:03","slug":"pompe-dassechement-de-chantier-leo-kbz-23-7","status":"publish","type":"product","link":"https:\/\/cheliastore.dz\/ar\/\u0627\u0644\u0645\u0646\u062a\u062c\/pompe-dassechement-de-chantier-leo-kbz-23-7\/","title":{"rendered":"Pompe d&#8217;ass\u00e8chement de chantier 2300W LEO | KBZ 23.7"},"content":{"rendered":"<div class=\"flex-1 overflow-hidden\">\n<div class=\"h-full\">\n<div class=\"react-scroll-to-bottom--css-gtabt-79elbk h-full\">\n<div class=\"react-scroll-to-bottom--css-gtabt-1n7m0yu\">\n<div class=\"flex flex-col text-sm md:pb-9\">\n<article class=\"w-full text-token-text-primary focus-visible:outline-2 focus-visible:outline-offset-[-4px]\" dir=\"auto\" tabindex=\"0\" data-testid=\"conversation-turn-611\" data-scroll-anchor=\"true\">\n<div class=\"text-base py-[18px] px-3 md:px-4 m-auto md:px-5\">\n<div class=\"mx-auto flex flex-1 gap-4 text-base md:gap-5 lg:gap-6 md:max-w-3xl lg:max-w-[40rem] xl:max-w-[48rem]\">\n<div class=\"group\/conversation-turn relative flex w-full min-w-0 flex-col agent-turn\">\n<div class=\"flex-col gap-1 md:gap-3\">\n<div class=\"flex max-w-full flex-col flex-grow\">\n<div class=\"min-h-[20px] text-message flex w-full flex-col items-end gap-2 break-words [.text-message+&amp;]:mt-5 overflow-x-auto whitespace-pre-wrap\" dir=\"auto\" data-message-author-role=\"assistant\" data-message-id=\"1a44505a-a95b-4c45-adfc-3447c7fcfc80\">\n<div class=\"flex w-full flex-col gap-1 empty:hidden first:pt-[3px]\">\n<div class=\"markdown prose w-full break-words dark:prose-invert light\">\n<h1>Pompe d&#8217;ass\u00e8chement de chantier LEO | KBZ 23.7<\/h1>\n<p>La Pompe d&#8217;ass\u00e8chement de chantier 2300W LEO | KBZ 23.7 est sp\u00e9cialement con\u00e7ue pour des applications de drainage intensives dans les chantiers de construction et les environnements industriels. Cette pompe est id\u00e9ale pour \u00e9liminer rapidement les grandes quantit\u00e9s d&#8217;eau, m\u00eame dans des conditions difficiles. Elle est particuli\u00e8rement adapt\u00e9e pour des travaux de d\u00e9shydratation et de vidange dans les sites de construction, les foss\u00e9s et les mines.<\/p>\n<blockquote class=\"wp-embedded-content\" data-secret=\"dpMKUqHzp7\"><p><a href=\"https:\/\/cheliastore.dz\/product\/pompe-dassechement-submersible-leo\/\">Pompe de relevage KBZ LEO | 21.5<\/a><\/p><\/blockquote>\n<p><iframe class=\"wp-embedded-content\" sandbox=\"allow-scripts\" security=\"restricted\" style=\"position: absolute; visibility: hidden;\" title=\"&#8220;Pompe de relevage KBZ LEO | 21.5&#8221; &#8212; CHELIA STORE\" src=\"https:\/\/cheliastore.dz\/product\/pompe-dassechement-submersible-leo\/embed\/#?secret=0SC6kOMOmL#?secret=dpMKUqHzp7\" data-secret=\"dpMKUqHzp7\" width=\"500\" height=\"282\" frameborder=\"0\" marginwidth=\"0\" marginheight=\"0\" scrolling=\"no\"><\/iframe><\/p>\n<h2><strong>Sp\u00e9cifications Techniques<\/strong><\/h2>\n<ul>\n<li><strong>Puissance :<\/strong> 2300 W<\/li>\n<li><strong>D\u00e9bit maximal :<\/strong> 23,000 L\/h<\/li>\n<li><strong>Hauteur de refoulement maximale :<\/strong> 20 m<\/li>\n<li><strong>Profondeur de submersion maximale :<\/strong> 10 m<\/li>\n<li><strong>Tension :<\/strong> 380 V \/ 50 Hz<\/li>\n<li><strong>Mat\u00e9riau du corps :<\/strong> Fonte<\/li>\n<li><strong>Mat\u00e9riau des parties en contact avec le liquide :<\/strong> Acier inoxydable<\/li>\n<li><strong>Temp\u00e9rature du liquide maximale :<\/strong> 40\u00b0C<\/li>\n<li><strong>Indice de protection :<\/strong> IP68<\/li>\n<li><strong>Type de moteur :<\/strong> Triphas\u00e9 avec protection thermique<\/li>\n<li><strong>Type de pompe :<\/strong> Submersible, pour eaux claires et l\u00e9g\u00e8rement charg\u00e9es<\/li>\n<\/ul>\n<h3><strong>Utilisation de Pompe d&#8217;ass\u00e8chement de chantier 2300W LEO | KBZ 23.7<\/strong><\/h3>\n<p>La <strong>Pompe d\u2019Ass\u00e8chement de Chantier KBZ 23.7 (LEO)<\/strong> est id\u00e9ale pour :<\/p>\n<ul>\n<li><strong>Drainage de Chantier :<\/strong> \u00c9vacuation rapide de l&#8217;eau dans les sites de construction, les tranch\u00e9es et les fouilles.<\/li>\n<li><strong>Vidange de Zones Inond\u00e9es :<\/strong> Utilis\u00e9e pour d\u00e9shydrater les zones inond\u00e9es en milieu industriel et les grands espaces.<\/li>\n<li><strong>Gestion des Eaux de Pluie :<\/strong> \u00c9limination des accumulations d&#8217;eau de pluie dans les sites de construction et les terrains bas.<\/li>\n<\/ul>\n<h3><strong>Caract\u00e9ristiques Sp\u00e9ciales<\/strong><\/h3>\n<ul>\n<li><strong>Haute Capacit\u00e9 de D\u00e9bit :<\/strong> Con\u00e7ue pour des d\u00e9bits \u00e9lev\u00e9s permettant une \u00e9vacuation rapide des grandes quantit\u00e9s d&#8217;eau.<\/li>\n<li><strong>Construction Robuste :<\/strong> Conception en fonte pour une durabilit\u00e9 accrue et une r\u00e9sistance optimale aux conditions de chantier.<\/li>\n<li><strong>Protection Avanc\u00e9e :<\/strong> Indice IP68 assurant une protection compl\u00e8te contre l&#8217;immersion et garantissant une utilisation dans des environnements humides.<\/li>\n<li><strong>Moteur Triphas\u00e9 :<\/strong> \u00c9quip\u00e9e d&#8217;un moteur triphas\u00e9 avec protection thermique int\u00e9gr\u00e9e pour pr\u00e9venir les surchauffes et assurer une performance fiable.<\/li>\n<\/ul>\n<\/div>\n<\/div>\n<\/div>\n<\/div>\n<\/div>\n<\/div>\n<\/div>\n<\/div>\n<\/article>\n<\/div>\n<\/div>\n<\/div>\n<\/div>\n<\/div>\n<div class=\"md:pt-0 dark:border-white\/20 md:border-transparent md:dark:border-transparent w-full\">\n<div class=\"text-base px-3 md:px-4 m-auto md:px-5\">\n<div class=\"mx-auto flex flex-1 gap-4 text-base md:gap-5 lg:gap-6 md:max-w-3xl lg:max-w-[40rem] xl:max-w-[48rem]\">\n<form class=\"w-full\" aria-haspopup=\"dialog\" aria-expanded=\"false\" aria-controls=\"radix-:r2:\" data-state=\"closed\">\n<div class=\"relative flex h-full max-w-full flex-1 flex-col\">\n<div class=\"group relative flex w-full items-center\">\n<div class=\"flex w-full flex-col gap-1.5 rounded-[26px] p-1.5 transition-colors bg-[#f4f4f4] dark:bg-token-main-surface-secondary\">\n<div class=\"flex items-end gap-1.5 md:gap-2\">\n<div class=\"flex min-w-0 flex-1 flex-col\">\n<blockquote><p><span style=\"font-weight: 400;\">Vous pouvez trouver des produits similaires sur notre site Web<\/span><a href=\"https:\/\/cheliastore.dz\/ar\/\"><span style=\"font-weight: 400;\"> chelia store<\/span><\/a><\/p><\/blockquote>\n<\/div>\n<\/div>\n<\/div>\n<\/div>\n<\/div>\n<\/form>\n<\/div>\n<\/div>\n<\/div>\n","protected":false},"excerpt":{"rendered":"<p>La Pompe d\u2019Ass\u00e8chement de Chantier KBZ 23.7 (LEO) est con\u00e7ue pour des applications intensives de drainage sur chantier. Avec un d\u00e9bit maximal de 23,000 L\/h et une construction robuste en fonte, elle est id\u00e9ale pour \u00e9liminer rapidement l&#8217;eau des sites de construction et des zones inond\u00e9es. Equip\u00e9e d&#8217;un moteur triphas\u00e9 avec protection thermique et un indice IP68, elle assure une performance fiable dans des environnements difficiles.<\/p>\n","protected":false},"featured_media":49804,"comment_status":"open","ping_status":"closed","template":"","meta":{"_editorskit_title_hidden":false,"_editorskit_reading_time":0,"_editorskit_is_block_options_detached":false,"_editorskit_block_options_position":"{}"},"product_brand":[],"product_cat":[97,118],"product_tag":[],"class_list":{"0":"post-49314","1":"product","2":"type-product","3":"status-publish","4":"has-post-thumbnail","6":"product_cat-plomberie","7":"product_cat-pompe-eau-surpresseur","8":"pa_brand-leo","10":"first","11":"outofstock","12":"shipping-taxable","13":"purchasable","14":"product-type-simple"},"yoast_head":"<!-- This site is optimized with the Yoast SEO Premium plugin v25.4 (Yoast SEO v27.6) - https:\/\/yoast.com\/product\/yoast-seo-premium-wordpress\/ -->\n<title>Pompe d&#039;ass\u00e8chement de chantier 2300W LEO | KBZ 23.7 - CHELIA STORE<\/title>\n<meta name=\"description\" content=\"D\u00e9couvrez la Pompe d&#039;ass\u00e8chement de chantier LEO | KBZ 23.7 au meilleur prix en Algerie. Con\u00e7ue pour des applications intensives de drainage sur chantier.\" \/>\n<meta name=\"robots\" content=\"index, follow, max-snippet:-1, max-image-preview:large, max-video-preview:-1\" \/>\n<link rel=\"canonical\" href=\"https:\/\/cheliastore.dz\/ar\/\u0627\u0644\u0645\u0646\u062a\u062c\/pompe-dassechement-de-chantier-leo-kbz-23-7\/\" \/>\n<meta property=\"og:locale\" content=\"ar_AR\" \/>\n<meta property=\"og:type\" content=\"article\" \/>\n<meta property=\"og:title\" content=\"Pompe d&#039;ass\u00e8chement de chantier 2300W LEO | KBZ 23.7\" \/>\n<meta property=\"og:description\" content=\"D\u00e9couvrez la Pompe d&#039;ass\u00e8chement de chantier LEO | KBZ 23.7 au meilleur prix en Algerie. Con\u00e7ue pour des applications intensives de drainage sur chantier.\" \/>\n<meta property=\"og:url\" content=\"https:\/\/cheliastore.dz\/ar\/\u0627\u0644\u0645\u0646\u062a\u062c\/pompe-dassechement-de-chantier-leo-kbz-23-7\/\" \/>\n<meta property=\"og:site_name\" content=\"CHELIA STORE\" \/>\n<meta property=\"article:publisher\" content=\"https:\/\/web.facebook.com\/cheliastore\" \/>\n<meta property=\"article:modified_time\" content=\"2025-04-21T12:03:03+00:00\" \/>\n<meta property=\"og:image\" content=\"https:\/\/cheliastore.dz\/wp-content\/uploads\/2022\/03\/Pompe-dassechement-de-chantier-LEO-2300W.jpg\" \/>\n\t<meta property=\"og:image:width\" content=\"1000\" \/>\n\t<meta property=\"og:image:height\" content=\"1000\" \/>\n\t<meta property=\"og:image:type\" content=\"image\/jpeg\" \/>\n<meta name=\"twitter:card\" content=\"summary_large_image\" \/>\n<meta name=\"twitter:label1\" content=\"\u0648\u0642\u062a \u0627\u0644\u0642\u0631\u0627\u0621\u0629 \u0627\u0644\u0645\u064f\u0642\u062f\u0651\u0631\" \/>\n\t<meta name=\"twitter:data1\" content=\"\u062f\u0642\u064a\u0642\u062a\u0627\u0646\" \/>\n<script type=\"application\/ld+json\" class=\"yoast-schema-graph\">{\"@context\":\"https:\\\/\\\/schema.org\",\"@graph\":[{\"@type\":\"WebPage\",\"@id\":\"https:\\\/\\\/cheliastore.dz\\\/ar\\\/\u0627\u0644\u0645\u0646\u062a\u062c\\\/pompe-dassechement-de-chantier-leo-kbz-23-7\\\/\",\"url\":\"https:\\\/\\\/cheliastore.dz\\\/ar\\\/\u0627\u0644\u0645\u0646\u062a\u062c\\\/pompe-dassechement-de-chantier-leo-kbz-23-7\\\/\",\"name\":\"Pompe d'ass\u00e8chement de chantier 2300W LEO | KBZ 23.7 - CHELIA STORE\",\"isPartOf\":{\"@id\":\"https:\\\/\\\/cheliastore.dz\\\/#website\"},\"primaryImageOfPage\":{\"@id\":\"https:\\\/\\\/cheliastore.dz\\\/ar\\\/\u0627\u0644\u0645\u0646\u062a\u062c\\\/pompe-dassechement-de-chantier-leo-kbz-23-7\\\/#primaryimage\"},\"image\":{\"@id\":\"https:\\\/\\\/cheliastore.dz\\\/ar\\\/\u0627\u0644\u0645\u0646\u062a\u062c\\\/pompe-dassechement-de-chantier-leo-kbz-23-7\\\/#primaryimage\"},\"thumbnailUrl\":\"https:\\\/\\\/cheliastore.dz\\\/wp-content\\\/uploads\\\/2022\\\/03\\\/Pompe-dassechement-de-chantier-LEO-2300W.jpg\",\"datePublished\":\"2022-03-12T10:05:40+00:00\",\"dateModified\":\"2025-04-21T12:03:03+00:00\",\"description\":\"D\u00e9couvrez la Pompe d'ass\u00e8chement de chantier LEO | KBZ 23.7 au meilleur prix en Algerie. Con\u00e7ue pour des applications intensives de drainage sur chantier.\",\"breadcrumb\":{\"@id\":\"https:\\\/\\\/cheliastore.dz\\\/ar\\\/\u0627\u0644\u0645\u0646\u062a\u062c\\\/pompe-dassechement-de-chantier-leo-kbz-23-7\\\/#breadcrumb\"},\"inLanguage\":\"ar\",\"potentialAction\":[{\"@type\":\"ReadAction\",\"target\":[\"https:\\\/\\\/cheliastore.dz\\\/ar\\\/\u0627\u0644\u0645\u0646\u062a\u062c\\\/pompe-dassechement-de-chantier-leo-kbz-23-7\\\/\"]}]},{\"@type\":\"ImageObject\",\"inLanguage\":\"ar\",\"@id\":\"https:\\\/\\\/cheliastore.dz\\\/ar\\\/\u0627\u0644\u0645\u0646\u062a\u062c\\\/pompe-dassechement-de-chantier-leo-kbz-23-7\\\/#primaryimage\",\"url\":\"https:\\\/\\\/cheliastore.dz\\\/wp-content\\\/uploads\\\/2022\\\/03\\\/Pompe-dassechement-de-chantier-LEO-2300W.jpg\",\"contentUrl\":\"https:\\\/\\\/cheliastore.dz\\\/wp-content\\\/uploads\\\/2022\\\/03\\\/Pompe-dassechement-de-chantier-LEO-2300W.jpg\",\"width\":1000,\"height\":1000,\"caption\":\"Pompe d'ass\u00e8chement de chantier LEO 2300W\"},{\"@type\":\"BreadcrumbList\",\"@id\":\"https:\\\/\\\/cheliastore.dz\\\/ar\\\/\u0627\u0644\u0645\u0646\u062a\u062c\\\/pompe-dassechement-de-chantier-leo-kbz-23-7\\\/#breadcrumb\",\"itemListElement\":[{\"@type\":\"ListItem\",\"position\":1,\"name\":\"\u0627\u0644\u0631\u0626\u064a\u0633\u064a\u0629\",\"item\":\"https:\\\/\\\/cheliastore.dz\\\/ar\\\/\"},{\"@type\":\"ListItem\",\"position\":2,\"name\":\"Boutique\",\"item\":\"https:\\\/\\\/cheliastore.dz\\\/ar\\\/shop\\\/\"},{\"@type\":\"ListItem\",\"position\":3,\"name\":\"Pompe d&#8217;ass\u00e8chement de chantier 2300W LEO | KBZ 23.7\"}]},{\"@type\":\"WebSite\",\"@id\":\"https:\\\/\\\/cheliastore.dz\\\/#website\",\"url\":\"https:\\\/\\\/cheliastore.dz\\\/\",\"name\":\"CHELIA STORE\",\"description\":\"CHELIA STORE\",\"publisher\":{\"@id\":\"https:\\\/\\\/cheliastore.dz\\\/#organization\"},\"potentialAction\":[{\"@type\":\"SearchAction\",\"target\":{\"@type\":\"EntryPoint\",\"urlTemplate\":\"https:\\\/\\\/cheliastore.dz\\\/?s={search_term_string}\"},\"query-input\":{\"@type\":\"PropertyValueSpecification\",\"valueRequired\":true,\"valueName\":\"search_term_string\"}}],\"inLanguage\":\"ar\"},{\"@type\":\"Organization\",\"@id\":\"https:\\\/\\\/cheliastore.dz\\\/#organization\",\"name\":\"Chelia Store\",\"url\":\"https:\\\/\\\/cheliastore.dz\\\/\",\"logo\":{\"@type\":\"ImageObject\",\"inLanguage\":\"ar\",\"@id\":\"https:\\\/\\\/cheliastore.dz\\\/#\\\/schema\\\/logo\\\/image\\\/\",\"url\":\"https:\\\/\\\/cheliastore.dz\\\/wp-content\\\/uploads\\\/2022\\\/01\\\/logo-final-250.png\",\"contentUrl\":\"https:\\\/\\\/cheliastore.dz\\\/wp-content\\\/uploads\\\/2022\\\/01\\\/logo-final-250.png\",\"width\":250,\"height\":78,\"caption\":\"Chelia Store\"},\"image\":{\"@id\":\"https:\\\/\\\/cheliastore.dz\\\/#\\\/schema\\\/logo\\\/image\\\/\"},\"sameAs\":[\"https:\\\/\\\/web.facebook.com\\\/cheliastore\",\"https:\\\/\\\/www.instagram.com\\\/quincaillerie.chelia\\\/\"]}]}<\/script>\n<!-- \/ Yoast SEO Premium plugin. -->","yoast_head_json":{"title":"Pompe d'ass\u00e8chement de chantier 2300W LEO | KBZ 23.7 - CHELIA STORE","description":"D\u00e9couvrez la Pompe d'ass\u00e8chement de chantier LEO | KBZ 23.7 au meilleur prix en Algerie. Con\u00e7ue pour des applications intensives de drainage sur chantier.","robots":{"index":"index","follow":"follow","max-snippet":"max-snippet:-1","max-image-preview":"max-image-preview:large","max-video-preview":"max-video-preview:-1"},"canonical":"https:\/\/cheliastore.dz\/ar\/\u0627\u0644\u0645\u0646\u062a\u062c\/pompe-dassechement-de-chantier-leo-kbz-23-7\/","og_locale":"ar_AR","og_type":"article","og_title":"Pompe d'ass\u00e8chement de chantier 2300W LEO | KBZ 23.7","og_description":"D\u00e9couvrez la Pompe d'ass\u00e8chement de chantier LEO | KBZ 23.7 au meilleur prix en Algerie. Con\u00e7ue pour des applications intensives de drainage sur chantier.","og_url":"https:\/\/cheliastore.dz\/ar\/\u0627\u0644\u0645\u0646\u062a\u062c\/pompe-dassechement-de-chantier-leo-kbz-23-7\/","og_site_name":"CHELIA STORE","article_publisher":"https:\/\/web.facebook.com\/cheliastore","article_modified_time":"2025-04-21T12:03:03+00:00","og_image":[{"width":1000,"height":1000,"url":"https:\/\/cheliastore.dz\/wp-content\/uploads\/2022\/03\/Pompe-dassechement-de-chantier-LEO-2300W.jpg","type":"image\/jpeg"}],"twitter_card":"summary_large_image","twitter_misc":{"\u0648\u0642\u062a \u0627\u0644\u0642\u0631\u0627\u0621\u0629 \u0627\u0644\u0645\u064f\u0642\u062f\u0651\u0631":"\u062f\u0642\u064a\u0642\u062a\u0627\u0646"},"schema":{"@context":"https:\/\/schema.org","@graph":[{"@type":"WebPage","@id":"https:\/\/cheliastore.dz\/ar\/\u0627\u0644\u0645\u0646\u062a\u062c\/pompe-dassechement-de-chantier-leo-kbz-23-7\/","url":"https:\/\/cheliastore.dz\/ar\/\u0627\u0644\u0645\u0646\u062a\u062c\/pompe-dassechement-de-chantier-leo-kbz-23-7\/","name":"Pompe d'ass\u00e8chement de chantier 2300W LEO | KBZ 23.7 - CHELIA STORE","isPartOf":{"@id":"https:\/\/cheliastore.dz\/#website"},"primaryImageOfPage":{"@id":"https:\/\/cheliastore.dz\/ar\/\u0627\u0644\u0645\u0646\u062a\u062c\/pompe-dassechement-de-chantier-leo-kbz-23-7\/#primaryimage"},"image":{"@id":"https:\/\/cheliastore.dz\/ar\/\u0627\u0644\u0645\u0646\u062a\u062c\/pompe-dassechement-de-chantier-leo-kbz-23-7\/#primaryimage"},"thumbnailUrl":"https:\/\/cheliastore.dz\/wp-content\/uploads\/2022\/03\/Pompe-dassechement-de-chantier-LEO-2300W.jpg","datePublished":"2022-03-12T10:05:40+00:00","dateModified":"2025-04-21T12:03:03+00:00","description":"D\u00e9couvrez la Pompe d'ass\u00e8chement de chantier LEO | KBZ 23.7 au meilleur prix en Algerie. Con\u00e7ue pour des applications intensives de drainage sur chantier.","breadcrumb":{"@id":"https:\/\/cheliastore.dz\/ar\/\u0627\u0644\u0645\u0646\u062a\u062c\/pompe-dassechement-de-chantier-leo-kbz-23-7\/#breadcrumb"},"inLanguage":"ar","potentialAction":[{"@type":"ReadAction","target":["https:\/\/cheliastore.dz\/ar\/\u0627\u0644\u0645\u0646\u062a\u062c\/pompe-dassechement-de-chantier-leo-kbz-23-7\/"]}]},{"@type":"ImageObject","inLanguage":"ar","@id":"https:\/\/cheliastore.dz\/ar\/\u0627\u0644\u0645\u0646\u062a\u062c\/pompe-dassechement-de-chantier-leo-kbz-23-7\/#primaryimage","url":"https:\/\/cheliastore.dz\/wp-content\/uploads\/2022\/03\/Pompe-dassechement-de-chantier-LEO-2300W.jpg","contentUrl":"https:\/\/cheliastore.dz\/wp-content\/uploads\/2022\/03\/Pompe-dassechement-de-chantier-LEO-2300W.jpg","width":1000,"height":1000,"caption":"Pompe d'ass\u00e8chement de chantier LEO 2300W"},{"@type":"BreadcrumbList","@id":"https:\/\/cheliastore.dz\/ar\/\u0627\u0644\u0645\u0646\u062a\u062c\/pompe-dassechement-de-chantier-leo-kbz-23-7\/#breadcrumb","itemListElement":[{"@type":"ListItem","position":1,"name":"\u0627\u0644\u0631\u0626\u064a\u0633\u064a\u0629","item":"https:\/\/cheliastore.dz\/ar\/"},{"@type":"ListItem","position":2,"name":"Boutique","item":"https:\/\/cheliastore.dz\/ar\/shop\/"},{"@type":"ListItem","position":3,"name":"Pompe d&#8217;ass\u00e8chement de chantier 2300W LEO | KBZ 23.7"}]},{"@type":"WebSite","@id":"https:\/\/cheliastore.dz\/#website","url":"https:\/\/cheliastore.dz\/","name":"CHELIA STORE","description":"CHELIA STORE","publisher":{"@id":"https:\/\/cheliastore.dz\/#organization"},"potentialAction":[{"@type":"SearchAction","target":{"@type":"EntryPoint","urlTemplate":"https:\/\/cheliastore.dz\/?s={search_term_string}"},"query-input":{"@type":"PropertyValueSpecification","valueRequired":true,"valueName":"search_term_string"}}],"inLanguage":"ar"},{"@type":"Organization","@id":"https:\/\/cheliastore.dz\/#organization","name":"Chelia Store","url":"https:\/\/cheliastore.dz\/","logo":{"@type":"ImageObject","inLanguage":"ar","@id":"https:\/\/cheliastore.dz\/#\/schema\/logo\/image\/","url":"https:\/\/cheliastore.dz\/wp-content\/uploads\/2022\/01\/logo-final-250.png","contentUrl":"https:\/\/cheliastore.dz\/wp-content\/uploads\/2022\/01\/logo-final-250.png","width":250,"height":78,"caption":"Chelia Store"},"image":{"@id":"https:\/\/cheliastore.dz\/#\/schema\/logo\/image\/"},"sameAs":["https:\/\/web.facebook.com\/cheliastore","https:\/\/www.instagram.com\/quincaillerie.chelia\/"]}]}},"_links":{"self":[{"href":"https:\/\/cheliastore.dz\/ar\/wp-json\/wp\/v2\/product\/49314","targetHints":{"allow":["GET"]}}],"collection":[{"href":"https:\/\/cheliastore.dz\/ar\/wp-json\/wp\/v2\/product"}],"about":[{"href":"https:\/\/cheliastore.dz\/ar\/wp-json\/wp\/v2\/types\/product"}],"replies":[{"embeddable":true,"href":"https:\/\/cheliastore.dz\/ar\/wp-json\/wp\/v2\/comments?post=49314"}],"version-history":[{"count":1,"href":"https:\/\/cheliastore.dz\/ar\/wp-json\/wp\/v2\/product\/49314\/revisions"}],"predecessor-version":[{"id":73716,"href":"https:\/\/cheliastore.dz\/ar\/wp-json\/wp\/v2\/product\/49314\/revisions\/73716"}],"wp:featuredmedia":[{"embeddable":true,"href":"https:\/\/cheliastore.dz\/ar\/wp-json\/wp\/v2\/media\/49804"}],"wp:attachment":[{"href":"https:\/\/cheliastore.dz\/ar\/wp-json\/wp\/v2\/media?parent=49314"}],"wp:term":[{"taxonomy":"product_brand","embeddable":true,"href":"https:\/\/cheliastore.dz\/ar\/wp-json\/wp\/v2\/product_brand?post=49314"},{"taxonomy":"product_cat","embeddable":true,"href":"https:\/\/cheliastore.dz\/ar\/wp-json\/wp\/v2\/product_cat?post=49314"},{"taxonomy":"product_tag","embeddable":true,"href":"https:\/\/cheliastore.dz\/ar\/wp-json\/wp\/v2\/product_tag?post=49314"}],"curies":[{"name":"wp","href":"https:\/\/api.w.org\/{rel}","templated":true}]}}