{"id":49274,"date":"2022-01-03T07:39:13","date_gmt":"2022-01-03T07:39:13","guid":{"rendered":"https:\/\/cheliastore.dz\/product\/pompe-a-eau-espa-2-turbine-prisma-15\/"},"modified":"2026-01-11T03:21:51","modified_gmt":"2026-01-11T03:21:51","slug":"pompe-silencieuse-2-turbines-espa","status":"publish","type":"product","link":"https:\/\/cheliastore.dz\/ar\/\u0627\u0644\u0645\u0646\u062a\u062c\/pompe-silencieuse-2-turbines-espa\/","title":{"rendered":"Pompe \u00e0 eau silencieuse 2 turbines ESPA"},"content":{"rendered":"<h1 data-start=\"857\" data-end=\"900\">Pompe \u00e0 eau silencieuse 2 turbines ESPA<\/h1>\n<p data-start=\"902\" data-end=\"1228\">La <strong data-start=\"905\" data-end=\"942\"><span style=\"color: red;\">Pompe silencieuse 2 turbines ESPA <\/span><\/strong>est une solution de pompage haut de gamme, con\u00e7ue pour fournir une <strong data-start=\"1010\" data-end=\"1038\">pression d\u2019eau constante<\/strong> tout en garantissant un <strong data-start=\"1063\" data-end=\"1104\">fonctionnement extr\u00eamement silencieux<\/strong>. Adapt\u00e9e aux environnements r\u00e9sidentiels et commerciaux, cette pompe allie performance, durabilit\u00e9 et \u00e9conomie d\u2019\u00e9nergie.<\/p>\n<p data-start=\"1230\" data-end=\"1603\">Gr\u00e2ce \u00e0 sa <strong data-start=\"1241\" data-end=\"1273\">technologie \u00e0 double turbine<\/strong>, elle assure une distribution homog\u00e8ne de l\u2019eau avec une efficacit\u00e9 maximale, m\u00eame dans les syst\u00e8mes exigeants. Fabriqu\u00e9e avec des mat\u00e9riaux r\u00e9sistants \u00e0 la corrosion, la pompe conserve ses performances sur le long terme tout en maintenant un faible niveau sonore, id\u00e9al pour les installations o\u00f9 la discr\u00e9tion est primordiale.<\/p>\n<h3 data-start=\"1605\" data-end=\"1661\">Applications de la Pompe<\/h3>\n<ul data-start=\"1662\" data-end=\"1895\">\n<li data-start=\"1662\" data-end=\"1744\">\n<p data-start=\"1664\" data-end=\"1744\">Distribution d\u2019eau dans maisons, appartements et petits immeubles r\u00e9sidentiels<\/p>\n<\/li>\n<li data-start=\"1745\" data-end=\"1833\">\n<p data-start=\"1747\" data-end=\"1833\">Applications commerciales n\u00e9cessitant une pression stable et un faible niveau sonore<\/p>\n<\/li>\n<li data-start=\"1834\" data-end=\"1895\">\n<p data-start=\"1836\" data-end=\"1895\">Syst\u00e8mes n\u00e9cessitant une consommation d\u2019\u00e9nergie optimis\u00e9e<\/p>\n<\/li>\n<\/ul>\n<h2 data-start=\"1897\" data-end=\"1928\"><span style=\"color: red;\">\u27a4 <\/span>Caract\u00e9ristiques techniques de la pompe \u00e0 eau ESPA double turbine<\/h2>\n<div class=\"TyagGW_tableContainer\">\n<div class=\"group TyagGW_tableWrapper flex w-fit flex-col-reverse\" tabindex=\"-1\">\n<table class=\"w-fit min-w-(--thread-content-width)\" data-start=\"1929\" data-end=\"2433\">\n<thead data-start=\"1929\" data-end=\"1962\">\n<tr data-start=\"1929\" data-end=\"1962\">\n<th data-start=\"1929\" data-end=\"1947\" data-col-size=\"sm\">Caract\u00e9ristique<\/th>\n<th data-start=\"1947\" data-end=\"1962\" data-col-size=\"md\">Description<\/th>\n<\/tr>\n<\/thead>\n<tbody data-start=\"1997\" data-end=\"2433\">\n<tr data-start=\"1997\" data-end=\"2026\">\n<td data-start=\"1997\" data-end=\"2009\" data-col-size=\"sm\">Puissance<\/td>\n<td data-col-size=\"md\" data-start=\"2009\" data-end=\"2026\">0,75 \u00e0 1,5 HP<\/td>\n<\/tr>\n<tr data-start=\"2027\" data-end=\"2063\">\n<td data-start=\"2027\" data-end=\"2043\" data-col-size=\"sm\">D\u00e9bit Maximum<\/td>\n<td data-col-size=\"md\" data-start=\"2043\" data-end=\"2063\">Jusqu\u2019\u00e0 70 L\/min<\/td>\n<\/tr>\n<tr data-start=\"2064\" data-end=\"2109\">\n<td data-start=\"2064\" data-end=\"2096\" data-col-size=\"sm\">Hauteur manom\u00e9trique maximale<\/td>\n<td data-col-size=\"md\" data-start=\"2096\" data-end=\"2109\">40 \u00e0 60 m<\/td>\n<\/tr>\n<tr data-start=\"2110\" data-end=\"2138\">\n<td data-start=\"2110\" data-end=\"2120\" data-col-size=\"sm\">Tension<\/td>\n<td data-col-size=\"md\" data-start=\"2120\" data-end=\"2138\">220-240V, 50Hz<\/td>\n<\/tr>\n<tr data-start=\"2139\" data-end=\"2188\">\n<td data-start=\"2139\" data-end=\"2159\" data-col-size=\"sm\">Mat\u00e9riau du corps<\/td>\n<td data-col-size=\"md\" data-start=\"2159\" data-end=\"2188\">Acier inoxydable ou fonte<\/td>\n<\/tr>\n<tr data-start=\"2189\" data-end=\"2266\">\n<td data-start=\"2189\" data-end=\"2205\" data-col-size=\"sm\">Niveau sonore<\/td>\n<td data-col-size=\"md\" data-start=\"2205\" data-end=\"2266\">Tr\u00e8s silencieuse, adapt\u00e9e aux environnements r\u00e9sidentiels<\/td>\n<\/tr>\n<tr data-start=\"2267\" data-end=\"2321\">\n<td data-start=\"2267\" data-end=\"2278\" data-col-size=\"sm\">Turbines<\/td>\n<td data-col-size=\"md\" data-start=\"2278\" data-end=\"2321\">Double turbine pour efficacit\u00e9 maximale<\/td>\n<\/tr>\n<tr data-start=\"2322\" data-end=\"2384\">\n<td data-start=\"2322\" data-end=\"2347\" data-col-size=\"sm\">Technologie anti-bruit<\/td>\n<td data-col-size=\"md\" data-start=\"2347\" data-end=\"2384\">R\u00e9duction des vibrations et bruit<\/td>\n<\/tr>\n<tr data-start=\"2385\" data-end=\"2433\">\n<td data-start=\"2385\" data-end=\"2400\" data-col-size=\"sm\">Installation<\/td>\n<td data-col-size=\"md\" data-start=\"2400\" data-end=\"2433\">Compacte et facile \u00e0 int\u00e9grer<\/td>\n<\/tr>\n<\/tbody>\n<\/table>\n<\/div>\n<\/div>\n<h2 data-start=\"2435\" data-end=\"2488\"><span style=\"color: red;\">\u27a4 <\/span>Avantages de la Pompe ESPA<\/h2>\n<p data-start=\"2489\" data-end=\"2790\">&#x2714; Fonctionnement silencieux pour un confort optimal<br data-start=\"2540\" data-end=\"2543\" \/>&#x2714; Pression constante et efficace pour tous types d\u2019applications<br data-start=\"2606\" data-end=\"2609\" \/>&#x2714; Consommation d\u2019\u00e9nergie r\u00e9duite<br data-start=\"2641\" data-end=\"2644\" \/>&#x2714; Mat\u00e9riaux durables et r\u00e9sistants \u00e0 la corrosion<br data-start=\"2693\" data-end=\"2696\" \/>&#x2714; Installation facile et compacte<br data-start=\"2729\" data-end=\"2732\" \/>&#x2714; Id\u00e9ale pour environnements r\u00e9sidentiels et commerciaux<\/p>\n<h2 data-start=\"3446\" data-end=\"3481\">&#x2753;FAQ \u2013 Questions fr\u00e9quentes<\/h2>\n<p data-start=\"2824\" data-end=\"3006\"><strong data-start=\"2824\" data-end=\"2885\">La pompe convient-elle pour une maison de grande taille ?<\/strong><br data-start=\"2885\" data-end=\"2888\" \/>Oui, la pompe silencieuse 2 turbines ESPA assure une pression constante m\u00eame pour des syst\u00e8mes r\u00e9sidentiels \u00e9tendus.<\/p>\n<p data-start=\"3008\" data-end=\"3166\"><strong data-start=\"3008\" data-end=\"3062\">Peut-elle \u00eatre utilis\u00e9e dans un local commercial ?<\/strong><br data-start=\"3062\" data-end=\"3065\" \/>Absolument, sa performance et son faible niveau sonore la rendent adapt\u00e9e aux commerces et bureaux.<\/p>\n<p data-start=\"3168\" data-end=\"3343\"><strong data-start=\"3168\" data-end=\"3205\">Quel est le niveau sonore exact ?<\/strong><br data-start=\"3205\" data-end=\"3208\" \/>Elle est con\u00e7ue pour \u00eatre tr\u00e8s silencieuse, minimisant les vibrations et le bruit, id\u00e9ale pour les environnements sensibles au bruit.<\/p>\n<p data-start=\"3345\" data-end=\"3491\"><strong data-start=\"3345\" data-end=\"3378\">Est-elle facile \u00e0 installer ?<\/strong><br data-start=\"3378\" data-end=\"3381\" \/>Oui, sa conception compacte facilite l\u2019installation dans diff\u00e9rents types de syst\u00e8mes de distribution d\u2019eau.<\/p>\n<h2 data-start=\"4211\" data-end=\"4282\">&#x1f6d2;O\u00f9 acheter la Pompe silencieuse 2 turbines ESPA en Alg\u00e9rie ?<\/h2>\n<p data-start=\"3560\" data-end=\"3725\">La <strong data-start=\"3563\" data-end=\"3600\"><span style=\"color: red;\">Pompe silencieuse 2 turbines ESPA <\/span><\/strong>est disponible chez <strong data-start=\"3621\" data-end=\"3637\"><a href=\"https:\/\/cheliastore.dz\/ar\/\">CHELIASTORE<\/a><\/strong>, votre sp\u00e9cialiste en solutions de pompage et \u00e9quipements domestiques et commerciaux.<\/p>\n<p data-start=\"3727\" data-end=\"3844\">&#x2714; Produits certifi\u00e9s et fiables<br data-start=\"3758\" data-end=\"3761\" \/>&#x2714; Livraison rapide partout en Alg\u00e9rie<\/p>\n<p data-start=\"3727\" data-end=\"3844\">&#x1f449; Pour plus d\u2019informations techniques, consultez le site officiel<a href=\"https:\/\/www.espa.com\/corp-fr\/\"> <strong data-start=\"3563\" data-end=\"3600\"> ESPA<\/strong><\/a><\/p>\n","protected":false},"excerpt":{"rendered":"<p>D\u00e9couvrez la Pompe \u00e0 eau silencieuse 2 turbines ESPA au meilleur prix en Alg\u00e9rie. Parfaite pour les usages domestiques et professionnels n\u00e9cessitant un d\u00e9bit constant avec un fonctionnement ultra-silencieux.<\/p>\n","protected":false},"featured_media":50104,"comment_status":"open","ping_status":"closed","template":"","meta":{"_editorskit_title_hidden":false,"_editorskit_reading_time":0,"_editorskit_is_block_options_detached":false,"_editorskit_block_options_position":"{}"},"product_brand":[],"product_cat":[6671,6842],"product_tag":[],"class_list":{"0":"post-49274","1":"product","2":"type-product","3":"status-publish","4":"has-post-thumbnail","6":"product_cat-6671","7":"product_cat-6842","8":"pa_brand-espa-ar","10":"first","11":"instock","12":"shipping-taxable","13":"purchasable","14":"product-type-simple"},"yoast_head":"<!-- This site is optimized with the Yoast SEO Premium plugin v25.4 (Yoast SEO v27.3) - https:\/\/yoast.com\/product\/yoast-seo-premium-wordpress\/ -->\n<title>Pompe silencieuse 2 turbines ESPA | Chelia Store Alg\u00e9rie<\/title>\n<meta name=\"description\" content=\"D\u00e9couvrez la Pompe silencieuse 2 turbines ESPA au meilleur prix en Algerie. parfaite pour les applications r\u00e9sidentielles et commerciales.\" \/>\n<meta name=\"robots\" content=\"index, follow, max-snippet:-1, max-image-preview:large, max-video-preview:-1\" \/>\n<link rel=\"canonical\" href=\"https:\/\/cheliastore.dz\/ar\/\u0627\u0644\u0645\u0646\u062a\u062c\/pompe-silencieuse-2-turbines-espa\/\" \/>\n<meta property=\"og:locale\" content=\"ar_AR\" \/>\n<meta property=\"og:type\" content=\"article\" \/>\n<meta property=\"og:title\" content=\"Pompe \u00e0 eau silencieuse 2 turbines ESPA\" \/>\n<meta property=\"og:description\" content=\"D\u00e9couvrez la Pompe silencieuse 2 turbines ESPA au meilleur prix en Algerie. parfaite pour les applications r\u00e9sidentielles et commerciales.\" \/>\n<meta property=\"og:url\" content=\"https:\/\/cheliastore.dz\/ar\/\u0627\u0644\u0645\u0646\u062a\u062c\/pompe-silencieuse-2-turbines-espa\/\" \/>\n<meta property=\"og:site_name\" content=\"CHELIA STORE\" \/>\n<meta property=\"article:publisher\" content=\"https:\/\/web.facebook.com\/cheliastore\" \/>\n<meta property=\"article:modified_time\" content=\"2026-01-11T03:21:51+00:00\" \/>\n<meta property=\"og:image\" content=\"https:\/\/cheliastore.dz\/wp-content\/uploads\/2022\/01\/Pompe-ESPA-3.jpg\" \/>\n\t<meta property=\"og:image:width\" content=\"1000\" \/>\n\t<meta property=\"og:image:height\" content=\"1000\" \/>\n\t<meta property=\"og:image:type\" content=\"image\/jpeg\" \/>\n<meta name=\"twitter:card\" content=\"summary_large_image\" \/>\n<meta name=\"twitter:label1\" content=\"\u0648\u0642\u062a \u0627\u0644\u0642\u0631\u0627\u0621\u0629 \u0627\u0644\u0645\u064f\u0642\u062f\u0651\u0631\" \/>\n\t<meta name=\"twitter:data1\" content=\"\u062f\u0642\u064a\u0642\u062a\u0627\u0646\" \/>\n<script type=\"application\/ld+json\" class=\"yoast-schema-graph\">{\"@context\":\"https:\\\/\\\/schema.org\",\"@graph\":[{\"@type\":\"WebPage\",\"@id\":\"https:\\\/\\\/cheliastore.dz\\\/ar\\\/\u0627\u0644\u0645\u0646\u062a\u062c\\\/pompe-silencieuse-2-turbines-espa\\\/\",\"url\":\"https:\\\/\\\/cheliastore.dz\\\/ar\\\/\u0627\u0644\u0645\u0646\u062a\u062c\\\/pompe-silencieuse-2-turbines-espa\\\/\",\"name\":\"Pompe silencieuse 2 turbines ESPA | Chelia Store Alg\u00e9rie\",\"isPartOf\":{\"@id\":\"https:\\\/\\\/cheliastore.dz\\\/#website\"},\"primaryImageOfPage\":{\"@id\":\"https:\\\/\\\/cheliastore.dz\\\/ar\\\/\u0627\u0644\u0645\u0646\u062a\u062c\\\/pompe-silencieuse-2-turbines-espa\\\/#primaryimage\"},\"image\":{\"@id\":\"https:\\\/\\\/cheliastore.dz\\\/ar\\\/\u0627\u0644\u0645\u0646\u062a\u062c\\\/pompe-silencieuse-2-turbines-espa\\\/#primaryimage\"},\"thumbnailUrl\":\"https:\\\/\\\/cheliastore.dz\\\/wp-content\\\/uploads\\\/2022\\\/01\\\/Pompe-ESPA-3.jpg\",\"datePublished\":\"2022-01-03T07:39:13+00:00\",\"dateModified\":\"2026-01-11T03:21:51+00:00\",\"description\":\"D\u00e9couvrez la Pompe silencieuse 2 turbines ESPA au meilleur prix en Algerie. parfaite pour les applications r\u00e9sidentielles et commerciales.\",\"breadcrumb\":{\"@id\":\"https:\\\/\\\/cheliastore.dz\\\/ar\\\/\u0627\u0644\u0645\u0646\u062a\u062c\\\/pompe-silencieuse-2-turbines-espa\\\/#breadcrumb\"},\"inLanguage\":\"ar\",\"potentialAction\":[{\"@type\":\"ReadAction\",\"target\":[\"https:\\\/\\\/cheliastore.dz\\\/ar\\\/\u0627\u0644\u0645\u0646\u062a\u062c\\\/pompe-silencieuse-2-turbines-espa\\\/\"]}]},{\"@type\":\"ImageObject\",\"inLanguage\":\"ar\",\"@id\":\"https:\\\/\\\/cheliastore.dz\\\/ar\\\/\u0627\u0644\u0645\u0646\u062a\u062c\\\/pompe-silencieuse-2-turbines-espa\\\/#primaryimage\",\"url\":\"https:\\\/\\\/cheliastore.dz\\\/wp-content\\\/uploads\\\/2022\\\/01\\\/Pompe-ESPA-3.jpg\",\"contentUrl\":\"https:\\\/\\\/cheliastore.dz\\\/wp-content\\\/uploads\\\/2022\\\/01\\\/Pompe-ESPA-3.jpg\",\"width\":1000,\"height\":1000,\"caption\":\"pompe silencieuse 2 turbines ESPA\"},{\"@type\":\"BreadcrumbList\",\"@id\":\"https:\\\/\\\/cheliastore.dz\\\/ar\\\/\u0627\u0644\u0645\u0646\u062a\u062c\\\/pompe-silencieuse-2-turbines-espa\\\/#breadcrumb\",\"itemListElement\":[{\"@type\":\"ListItem\",\"position\":1,\"name\":\"\u0627\u0644\u0631\u0626\u064a\u0633\u064a\u0629\",\"item\":\"https:\\\/\\\/cheliastore.dz\\\/ar\\\/\"},{\"@type\":\"ListItem\",\"position\":2,\"name\":\"Boutique\",\"item\":\"https:\\\/\\\/cheliastore.dz\\\/ar\\\/shop\\\/\"},{\"@type\":\"ListItem\",\"position\":3,\"name\":\"Pompe \u00e0 eau silencieuse 2 turbines ESPA\"}]},{\"@type\":\"WebSite\",\"@id\":\"https:\\\/\\\/cheliastore.dz\\\/#website\",\"url\":\"https:\\\/\\\/cheliastore.dz\\\/\",\"name\":\"CHELIA STORE\",\"description\":\"CHELIA STORE\",\"publisher\":{\"@id\":\"https:\\\/\\\/cheliastore.dz\\\/#organization\"},\"potentialAction\":[{\"@type\":\"SearchAction\",\"target\":{\"@type\":\"EntryPoint\",\"urlTemplate\":\"https:\\\/\\\/cheliastore.dz\\\/?s={search_term_string}\"},\"query-input\":{\"@type\":\"PropertyValueSpecification\",\"valueRequired\":true,\"valueName\":\"search_term_string\"}}],\"inLanguage\":\"ar\"},{\"@type\":\"Organization\",\"@id\":\"https:\\\/\\\/cheliastore.dz\\\/#organization\",\"name\":\"Chelia Store\",\"url\":\"https:\\\/\\\/cheliastore.dz\\\/\",\"logo\":{\"@type\":\"ImageObject\",\"inLanguage\":\"ar\",\"@id\":\"https:\\\/\\\/cheliastore.dz\\\/#\\\/schema\\\/logo\\\/image\\\/\",\"url\":\"https:\\\/\\\/cheliastore.dz\\\/wp-content\\\/uploads\\\/2022\\\/01\\\/logo-final-250.png\",\"contentUrl\":\"https:\\\/\\\/cheliastore.dz\\\/wp-content\\\/uploads\\\/2022\\\/01\\\/logo-final-250.png\",\"width\":250,\"height\":78,\"caption\":\"Chelia Store\"},\"image\":{\"@id\":\"https:\\\/\\\/cheliastore.dz\\\/#\\\/schema\\\/logo\\\/image\\\/\"},\"sameAs\":[\"https:\\\/\\\/web.facebook.com\\\/cheliastore\",\"https:\\\/\\\/www.instagram.com\\\/quincaillerie.chelia\\\/\"]}]}<\/script>\n<!-- \/ Yoast SEO Premium plugin. -->","yoast_head_json":{"title":"Pompe silencieuse 2 turbines ESPA | Chelia Store Alg\u00e9rie","description":"D\u00e9couvrez la Pompe silencieuse 2 turbines ESPA au meilleur prix en Algerie. parfaite pour les applications r\u00e9sidentielles et commerciales.","robots":{"index":"index","follow":"follow","max-snippet":"max-snippet:-1","max-image-preview":"max-image-preview:large","max-video-preview":"max-video-preview:-1"},"canonical":"https:\/\/cheliastore.dz\/ar\/\u0627\u0644\u0645\u0646\u062a\u062c\/pompe-silencieuse-2-turbines-espa\/","og_locale":"ar_AR","og_type":"article","og_title":"Pompe \u00e0 eau silencieuse 2 turbines ESPA","og_description":"D\u00e9couvrez la Pompe silencieuse 2 turbines ESPA au meilleur prix en Algerie. parfaite pour les applications r\u00e9sidentielles et commerciales.","og_url":"https:\/\/cheliastore.dz\/ar\/\u0627\u0644\u0645\u0646\u062a\u062c\/pompe-silencieuse-2-turbines-espa\/","og_site_name":"CHELIA STORE","article_publisher":"https:\/\/web.facebook.com\/cheliastore","article_modified_time":"2026-01-11T03:21:51+00:00","og_image":[{"width":1000,"height":1000,"url":"https:\/\/cheliastore.dz\/wp-content\/uploads\/2022\/01\/Pompe-ESPA-3.jpg","type":"image\/jpeg"}],"twitter_card":"summary_large_image","twitter_misc":{"\u0648\u0642\u062a \u0627\u0644\u0642\u0631\u0627\u0621\u0629 \u0627\u0644\u0645\u064f\u0642\u062f\u0651\u0631":"\u062f\u0642\u064a\u0642\u062a\u0627\u0646"},"schema":{"@context":"https:\/\/schema.org","@graph":[{"@type":"WebPage","@id":"https:\/\/cheliastore.dz\/ar\/\u0627\u0644\u0645\u0646\u062a\u062c\/pompe-silencieuse-2-turbines-espa\/","url":"https:\/\/cheliastore.dz\/ar\/\u0627\u0644\u0645\u0646\u062a\u062c\/pompe-silencieuse-2-turbines-espa\/","name":"Pompe silencieuse 2 turbines ESPA | Chelia Store Alg\u00e9rie","isPartOf":{"@id":"https:\/\/cheliastore.dz\/#website"},"primaryImageOfPage":{"@id":"https:\/\/cheliastore.dz\/ar\/\u0627\u0644\u0645\u0646\u062a\u062c\/pompe-silencieuse-2-turbines-espa\/#primaryimage"},"image":{"@id":"https:\/\/cheliastore.dz\/ar\/\u0627\u0644\u0645\u0646\u062a\u062c\/pompe-silencieuse-2-turbines-espa\/#primaryimage"},"thumbnailUrl":"https:\/\/cheliastore.dz\/wp-content\/uploads\/2022\/01\/Pompe-ESPA-3.jpg","datePublished":"2022-01-03T07:39:13+00:00","dateModified":"2026-01-11T03:21:51+00:00","description":"D\u00e9couvrez la Pompe silencieuse 2 turbines ESPA au meilleur prix en Algerie. parfaite pour les applications r\u00e9sidentielles et commerciales.","breadcrumb":{"@id":"https:\/\/cheliastore.dz\/ar\/\u0627\u0644\u0645\u0646\u062a\u062c\/pompe-silencieuse-2-turbines-espa\/#breadcrumb"},"inLanguage":"ar","potentialAction":[{"@type":"ReadAction","target":["https:\/\/cheliastore.dz\/ar\/\u0627\u0644\u0645\u0646\u062a\u062c\/pompe-silencieuse-2-turbines-espa\/"]}]},{"@type":"ImageObject","inLanguage":"ar","@id":"https:\/\/cheliastore.dz\/ar\/\u0627\u0644\u0645\u0646\u062a\u062c\/pompe-silencieuse-2-turbines-espa\/#primaryimage","url":"https:\/\/cheliastore.dz\/wp-content\/uploads\/2022\/01\/Pompe-ESPA-3.jpg","contentUrl":"https:\/\/cheliastore.dz\/wp-content\/uploads\/2022\/01\/Pompe-ESPA-3.jpg","width":1000,"height":1000,"caption":"pompe silencieuse 2 turbines ESPA"},{"@type":"BreadcrumbList","@id":"https:\/\/cheliastore.dz\/ar\/\u0627\u0644\u0645\u0646\u062a\u062c\/pompe-silencieuse-2-turbines-espa\/#breadcrumb","itemListElement":[{"@type":"ListItem","position":1,"name":"\u0627\u0644\u0631\u0626\u064a\u0633\u064a\u0629","item":"https:\/\/cheliastore.dz\/ar\/"},{"@type":"ListItem","position":2,"name":"Boutique","item":"https:\/\/cheliastore.dz\/ar\/shop\/"},{"@type":"ListItem","position":3,"name":"Pompe \u00e0 eau silencieuse 2 turbines ESPA"}]},{"@type":"WebSite","@id":"https:\/\/cheliastore.dz\/#website","url":"https:\/\/cheliastore.dz\/","name":"CHELIA STORE","description":"CHELIA STORE","publisher":{"@id":"https:\/\/cheliastore.dz\/#organization"},"potentialAction":[{"@type":"SearchAction","target":{"@type":"EntryPoint","urlTemplate":"https:\/\/cheliastore.dz\/?s={search_term_string}"},"query-input":{"@type":"PropertyValueSpecification","valueRequired":true,"valueName":"search_term_string"}}],"inLanguage":"ar"},{"@type":"Organization","@id":"https:\/\/cheliastore.dz\/#organization","name":"Chelia Store","url":"https:\/\/cheliastore.dz\/","logo":{"@type":"ImageObject","inLanguage":"ar","@id":"https:\/\/cheliastore.dz\/#\/schema\/logo\/image\/","url":"https:\/\/cheliastore.dz\/wp-content\/uploads\/2022\/01\/logo-final-250.png","contentUrl":"https:\/\/cheliastore.dz\/wp-content\/uploads\/2022\/01\/logo-final-250.png","width":250,"height":78,"caption":"Chelia Store"},"image":{"@id":"https:\/\/cheliastore.dz\/#\/schema\/logo\/image\/"},"sameAs":["https:\/\/web.facebook.com\/cheliastore","https:\/\/www.instagram.com\/quincaillerie.chelia\/"]}]}},"_links":{"self":[{"href":"https:\/\/cheliastore.dz\/ar\/wp-json\/wp\/v2\/product\/49274","targetHints":{"allow":["GET"]}}],"collection":[{"href":"https:\/\/cheliastore.dz\/ar\/wp-json\/wp\/v2\/product"}],"about":[{"href":"https:\/\/cheliastore.dz\/ar\/wp-json\/wp\/v2\/types\/product"}],"replies":[{"embeddable":true,"href":"https:\/\/cheliastore.dz\/ar\/wp-json\/wp\/v2\/comments?post=49274"}],"version-history":[{"count":4,"href":"https:\/\/cheliastore.dz\/ar\/wp-json\/wp\/v2\/product\/49274\/revisions"}],"predecessor-version":[{"id":78311,"href":"https:\/\/cheliastore.dz\/ar\/wp-json\/wp\/v2\/product\/49274\/revisions\/78311"}],"wp:featuredmedia":[{"embeddable":true,"href":"https:\/\/cheliastore.dz\/ar\/wp-json\/wp\/v2\/media\/50104"}],"wp:attachment":[{"href":"https:\/\/cheliastore.dz\/ar\/wp-json\/wp\/v2\/media?parent=49274"}],"wp:term":[{"taxonomy":"product_brand","embeddable":true,"href":"https:\/\/cheliastore.dz\/ar\/wp-json\/wp\/v2\/product_brand?post=49274"},{"taxonomy":"product_cat","embeddable":true,"href":"https:\/\/cheliastore.dz\/ar\/wp-json\/wp\/v2\/product_cat?post=49274"},{"taxonomy":"product_tag","embeddable":true,"href":"https:\/\/cheliastore.dz\/ar\/wp-json\/wp\/v2\/product_tag?post=49274"}],"curies":[{"name":"wp","href":"https:\/\/api.w.org\/{rel}","templated":true}]}}