{"id":49181,"date":"2021-12-21T09:17:43","date_gmt":"2021-12-21T09:17:43","guid":{"rendered":"https:\/\/cheliastore.dz\/product\/electropompes-avec-roue-peripherique-pedrollo\/"},"modified":"2026-01-11T03:14:26","modified_gmt":"2026-01-11T03:14:26","slug":"pompe-pk-pedrollo","status":"publish","type":"product","link":"https:\/\/cheliastore.dz\/ar\/\u0627\u0644\u0645\u0646\u062a\u062c\/pompe-pk-pedrollo\/","title":{"rendered":"Pompe PK PEDROLLO"},"content":{"rendered":"<div class=\"features-container\">\n<article class=\"w-full text-token-text-primary focus-visible:outline-2 focus-visible:outline-offset-[-4px]\" dir=\"auto\" tabindex=\"0\" data-testid=\"conversation-turn-567\" data-scroll-anchor=\"false\">\n<div class=\"text-base py-[18px] px-3 md:px-4 m-auto md:px-5\">\n<div class=\"mx-auto flex flex-1 gap-4 text-base md:gap-5 lg:gap-6 md:max-w-3xl lg:max-w-[40rem] xl:max-w-[48rem]\">\n<div class=\"group\/conversation-turn relative flex w-full min-w-0 flex-col agent-turn\">\n<div class=\"flex-col gap-1 md:gap-3\">\n<div class=\"flex max-w-full flex-col flex-grow\">\n<div class=\"min-h-[20px] text-message flex w-full flex-col items-end gap-2 break-words [.text-message+&amp;]:mt-5 overflow-x-auto whitespace-pre-wrap\" dir=\"auto\" data-message-author-role=\"assistant\" data-message-id=\"c7832ee3-7955-471c-b196-7438b09ff704\">\n<div class=\"flex w-full flex-col gap-1 empty:hidden first:pt-[3px]\">\n<div class=\"markdown prose w-full break-words dark:prose-invert light\">\n<h1>Pompe PK PEDROLLO<\/h1>\n<p>La Pompe P\u00e9riph\u00e9rique PK PEDROLLO est une pompe \u00e0 eau compacte et robuste, con\u00e7ue pour r\u00e9pondre aux besoins domestiques et industriels. Elle est principalement utilis\u00e9e pour l&#8217;alimentation en eau, le pressurage, et d&#8217;autres applications n\u00e9cessitant une pression d&#8217;eau stable. La pompe PK est connue pour sa durabilit\u00e9 et sa capacit\u00e9 \u00e0 fournir une pression \u00e9lev\u00e9e m\u00eame avec de faibles d\u00e9bits.<\/p>\n<blockquote class=\"wp-embedded-content\" data-secret=\"DEqtGKsVO1\"><p><a href=\"https:\/\/cheliastore.dz\/product\/pompe-silencieuse-3-turbines-pedrollo\/\">pompe silencieuse 3 turbines PEDROLLO<\/a><\/p><\/blockquote>\n<p><iframe class=\"wp-embedded-content\" sandbox=\"allow-scripts\" security=\"restricted\" style=\"position: absolute; visibility: hidden;\" title=\"&#8220;pompe silencieuse 3 turbines PEDROLLO&#8221; &#8212; CHELIA STORE\" src=\"https:\/\/cheliastore.dz\/product\/pompe-silencieuse-3-turbines-pedrollo\/embed\/#?secret=M2vNJJAE90#?secret=DEqtGKsVO1\" data-secret=\"DEqtGKsVO1\" width=\"500\" height=\"282\" frameborder=\"0\" marginwidth=\"0\" marginheight=\"0\" scrolling=\"no\"><\/iframe><\/p>\n<h2><strong>Sp\u00e9cifications Techniques<\/strong><\/h2>\n<ul>\n<li><strong>Puissance<\/strong>: Disponible en diff\u00e9rentes puissances, g\u00e9n\u00e9ralement autour de 370W \u00e0 750W.<\/li>\n<li><strong>D\u00e9bit Maximum<\/strong>: Varie selon le mod\u00e8le, typiquement entre 30 et 50 litres par minute.<\/li>\n<li><strong>Hauteur Manom\u00e9trique Maximale<\/strong>: Jusqu&#8217;\u00e0 80 m\u00e8tres, selon le mod\u00e8le.<\/li>\n<li><strong>Aspiration Maximale<\/strong>: 8 m\u00e8tres.<\/li>\n<li><strong>Mat\u00e9riau du Corps de la Pompe<\/strong>: Fonte pour une r\u00e9sistance et une durabilit\u00e9 accrues.<\/li>\n<li><strong>Tension<\/strong>: 220-240V, 50Hz.<\/li>\n<li><strong>Temp\u00e9rature du Liquide<\/strong>: Jusqu&#8217;\u00e0 90\u00b0C pour les applications n\u00e9cessitant le pompage d&#8217;eau chaude.<\/li>\n<\/ul>\n<blockquote class=\"wp-embedded-content\" data-secret=\"V1i3pcuAvF\"><p><a href=\"https:\/\/cheliastore.dz\/product\/pompe-silencieuse-2-turbines-pedrollo\/\">Pompe silencieuse 2 turbines PEDROLLO<\/a><\/p><\/blockquote>\n<p><iframe class=\"wp-embedded-content\" sandbox=\"allow-scripts\" security=\"restricted\" style=\"position: absolute; visibility: hidden;\" title=\"&#8220;Pompe silencieuse 2 turbines PEDROLLO&#8221; &#8212; CHELIA STORE\" src=\"https:\/\/cheliastore.dz\/product\/pompe-silencieuse-2-turbines-pedrollo\/embed\/#?secret=ie0RXQ0uB4#?secret=V1i3pcuAvF\" data-secret=\"V1i3pcuAvF\" width=\"500\" height=\"282\" frameborder=\"0\" marginwidth=\"0\" marginheight=\"0\" scrolling=\"no\"><\/iframe><\/p>\n<h3><strong>Utilisation de Pompe PK PEDROLLO<\/strong><\/h3>\n<p>Cette pompe est id\u00e9ale pour :<\/p>\n<ul>\n<li><strong>Alimentation en Eau Domestique<\/strong>: Approvisionnement en eau pour les maisons, les fermes, et les petits b\u00e2timents industriels.<\/li>\n<li><strong>Irrigation<\/strong>: Arrosage de jardins, pelouses et petites exploitations agricoles.<\/li>\n<li><strong>Augmentation de la Pression<\/strong>: Utilis\u00e9e pour augmenter la pression de l&#8217;eau dans les syst\u00e8mes de distribution.<\/li>\n<\/ul>\n<h3><strong>Caract\u00e9ristiques Sp\u00e9ciales<\/strong><\/h3>\n<ul>\n<li><strong>Haute Pression<\/strong>: Capable de fournir une pression \u00e9lev\u00e9e m\u00eame avec un d\u00e9bit r\u00e9duit, id\u00e9ale pour les syst\u00e8mes n\u00e9cessitant une haute pression.<\/li>\n<li><strong>Construction Solide<\/strong>: Corps en fonte pour une durabilit\u00e9 maximale et une longue dur\u00e9e de vie.<\/li>\n<li><strong>Maintenance Facile<\/strong>: Conception qui permet un entretien simple et rapide.<\/li>\n<li><strong>Efficacit\u00e9 Energ\u00e9tique<\/strong>: Optimis\u00e9e pour une consommation \u00e9lectrique r\u00e9duite tout en maintenant des performances \u00e9lev\u00e9es.<\/li>\n<\/ul>\n<\/div>\n<\/div>\n<\/div>\n<\/div>\n<\/div>\n<\/div>\n<\/div>\n<\/div>\n<\/article>\n<article class=\"w-full text-token-text-primary focus-visible:outline-2 focus-visible:outline-offset-[-4px]\" dir=\"auto\" tabindex=\"0\" data-testid=\"conversation-turn-569\" data-scroll-anchor=\"false\">\n<blockquote><p><span style=\"font-weight: 400;\">Vous pouvez trouver des produits similaires sur notre site Web<\/span><a href=\"https:\/\/cheliastore.dz\/ar\/\"><span style=\"font-weight: 400;\"> chelia store<\/span><\/a><\/p><\/blockquote>\n<\/article>\n<\/div>\n","protected":false},"excerpt":{"rendered":"<p><span style=\"font-weight: 400;\">D\u00e9couvrez la Pompe PK PEDROLLO au meilleur prix en Algerie. Id\u00e9ale pour l&#8217;alimentation en eau domestique et industrielle.<\/span> Elle offre une pression \u00e9lev\u00e9e et une durabilit\u00e9 exceptionnelle gr\u00e2ce \u00e0 sa construction en fonte. Parfaite pour les applications n\u00e9cessitant un d\u00e9bit stable et une pression accrue.<\/p>\n","protected":false},"featured_media":50131,"comment_status":"open","ping_status":"closed","template":"","meta":{"_editorskit_title_hidden":false,"_editorskit_reading_time":0,"_editorskit_is_block_options_detached":false,"_editorskit_block_options_position":"{}"},"product_brand":[],"product_cat":[6671,6842],"product_tag":[],"class_list":{"0":"post-49181","1":"product","2":"type-product","3":"status-publish","4":"has-post-thumbnail","6":"product_cat-6671","7":"product_cat-6842","8":"pa_brand-pedrollo-ar","10":"first","11":"outofstock","12":"shipping-taxable","13":"purchasable","14":"product-type-simple"},"yoast_head":"<!-- This site is optimized with the Yoast SEO Premium plugin v25.4 (Yoast SEO v27.5) - https:\/\/yoast.com\/product\/yoast-seo-premium-wordpress\/ -->\n<title>Pompe PK PEDROLLO - CHELIA STORE<\/title>\n<meta name=\"description\" content=\"D\u00e9couvrez la Pompe PK PEDROLLO au meilleur prix en Algerie. Id\u00e9ale pour l&#039;alimentation en eau domestique et industrielle.\" \/>\n<meta name=\"robots\" content=\"index, follow, max-snippet:-1, max-image-preview:large, max-video-preview:-1\" \/>\n<link rel=\"canonical\" href=\"https:\/\/cheliastore.dz\/ar\/\u0627\u0644\u0645\u0646\u062a\u062c\/pompe-pk-pedrollo\/\" \/>\n<meta property=\"og:locale\" content=\"ar_AR\" \/>\n<meta property=\"og:type\" content=\"article\" \/>\n<meta property=\"og:title\" content=\"Pompe PK PEDROLLO\" \/>\n<meta property=\"og:description\" content=\"D\u00e9couvrez la Pompe PK PEDROLLO au meilleur prix en Algerie. Id\u00e9ale pour l&#039;alimentation en eau domestique et industrielle.\" \/>\n<meta property=\"og:url\" content=\"https:\/\/cheliastore.dz\/ar\/\u0627\u0644\u0645\u0646\u062a\u062c\/pompe-pk-pedrollo\/\" \/>\n<meta property=\"og:site_name\" content=\"CHELIA STORE\" \/>\n<meta property=\"article:publisher\" content=\"https:\/\/web.facebook.com\/cheliastore\" \/>\n<meta property=\"article:modified_time\" content=\"2026-01-11T03:14:26+00:00\" \/>\n<meta property=\"og:image\" content=\"https:\/\/cheliastore.dz\/wp-content\/uploads\/2021\/12\/Pompe-PK.jpg\" \/>\n\t<meta property=\"og:image:width\" content=\"1000\" \/>\n\t<meta property=\"og:image:height\" content=\"1000\" \/>\n\t<meta property=\"og:image:type\" content=\"image\/jpeg\" \/>\n<meta name=\"twitter:card\" content=\"summary_large_image\" \/>\n<meta name=\"twitter:label1\" content=\"\u0648\u0642\u062a \u0627\u0644\u0642\u0631\u0627\u0621\u0629 \u0627\u0644\u0645\u064f\u0642\u062f\u0651\u0631\" \/>\n\t<meta name=\"twitter:data1\" content=\"1 \u062f\u0642\u064a\u0642\u0629\" \/>\n<script type=\"application\/ld+json\" class=\"yoast-schema-graph\">{\"@context\":\"https:\\\/\\\/schema.org\",\"@graph\":[{\"@type\":\"WebPage\",\"@id\":\"https:\\\/\\\/cheliastore.dz\\\/ar\\\/\u0627\u0644\u0645\u0646\u062a\u062c\\\/pompe-pk-pedrollo\\\/\",\"url\":\"https:\\\/\\\/cheliastore.dz\\\/ar\\\/\u0627\u0644\u0645\u0646\u062a\u062c\\\/pompe-pk-pedrollo\\\/\",\"name\":\"Pompe PK PEDROLLO - CHELIA STORE\",\"isPartOf\":{\"@id\":\"https:\\\/\\\/cheliastore.dz\\\/#website\"},\"primaryImageOfPage\":{\"@id\":\"https:\\\/\\\/cheliastore.dz\\\/ar\\\/\u0627\u0644\u0645\u0646\u062a\u062c\\\/pompe-pk-pedrollo\\\/#primaryimage\"},\"image\":{\"@id\":\"https:\\\/\\\/cheliastore.dz\\\/ar\\\/\u0627\u0644\u0645\u0646\u062a\u062c\\\/pompe-pk-pedrollo\\\/#primaryimage\"},\"thumbnailUrl\":\"https:\\\/\\\/cheliastore.dz\\\/wp-content\\\/uploads\\\/2021\\\/12\\\/Pompe-PK.jpg\",\"datePublished\":\"2021-12-21T09:17:43+00:00\",\"dateModified\":\"2026-01-11T03:14:26+00:00\",\"description\":\"D\u00e9couvrez la Pompe PK PEDROLLO au meilleur prix en Algerie. Id\u00e9ale pour l'alimentation en eau domestique et industrielle.\",\"breadcrumb\":{\"@id\":\"https:\\\/\\\/cheliastore.dz\\\/ar\\\/\u0627\u0644\u0645\u0646\u062a\u062c\\\/pompe-pk-pedrollo\\\/#breadcrumb\"},\"inLanguage\":\"ar\",\"potentialAction\":[{\"@type\":\"ReadAction\",\"target\":[\"https:\\\/\\\/cheliastore.dz\\\/ar\\\/\u0627\u0644\u0645\u0646\u062a\u062c\\\/pompe-pk-pedrollo\\\/\"]}]},{\"@type\":\"ImageObject\",\"inLanguage\":\"ar\",\"@id\":\"https:\\\/\\\/cheliastore.dz\\\/ar\\\/\u0627\u0644\u0645\u0646\u062a\u062c\\\/pompe-pk-pedrollo\\\/#primaryimage\",\"url\":\"https:\\\/\\\/cheliastore.dz\\\/wp-content\\\/uploads\\\/2021\\\/12\\\/Pompe-PK.jpg\",\"contentUrl\":\"https:\\\/\\\/cheliastore.dz\\\/wp-content\\\/uploads\\\/2021\\\/12\\\/Pompe-PK.jpg\",\"width\":1000,\"height\":1000,\"caption\":\"Pompe PK PEDROLLO\"},{\"@type\":\"BreadcrumbList\",\"@id\":\"https:\\\/\\\/cheliastore.dz\\\/ar\\\/\u0627\u0644\u0645\u0646\u062a\u062c\\\/pompe-pk-pedrollo\\\/#breadcrumb\",\"itemListElement\":[{\"@type\":\"ListItem\",\"position\":1,\"name\":\"\u0627\u0644\u0631\u0626\u064a\u0633\u064a\u0629\",\"item\":\"https:\\\/\\\/cheliastore.dz\\\/ar\\\/\"},{\"@type\":\"ListItem\",\"position\":2,\"name\":\"Boutique\",\"item\":\"https:\\\/\\\/cheliastore.dz\\\/ar\\\/shop\\\/\"},{\"@type\":\"ListItem\",\"position\":3,\"name\":\"Pompe PK PEDROLLO\"}]},{\"@type\":\"WebSite\",\"@id\":\"https:\\\/\\\/cheliastore.dz\\\/#website\",\"url\":\"https:\\\/\\\/cheliastore.dz\\\/\",\"name\":\"CHELIA STORE\",\"description\":\"CHELIA STORE\",\"publisher\":{\"@id\":\"https:\\\/\\\/cheliastore.dz\\\/#organization\"},\"potentialAction\":[{\"@type\":\"SearchAction\",\"target\":{\"@type\":\"EntryPoint\",\"urlTemplate\":\"https:\\\/\\\/cheliastore.dz\\\/?s={search_term_string}\"},\"query-input\":{\"@type\":\"PropertyValueSpecification\",\"valueRequired\":true,\"valueName\":\"search_term_string\"}}],\"inLanguage\":\"ar\"},{\"@type\":\"Organization\",\"@id\":\"https:\\\/\\\/cheliastore.dz\\\/#organization\",\"name\":\"Chelia Store\",\"url\":\"https:\\\/\\\/cheliastore.dz\\\/\",\"logo\":{\"@type\":\"ImageObject\",\"inLanguage\":\"ar\",\"@id\":\"https:\\\/\\\/cheliastore.dz\\\/#\\\/schema\\\/logo\\\/image\\\/\",\"url\":\"https:\\\/\\\/cheliastore.dz\\\/wp-content\\\/uploads\\\/2022\\\/01\\\/logo-final-250.png\",\"contentUrl\":\"https:\\\/\\\/cheliastore.dz\\\/wp-content\\\/uploads\\\/2022\\\/01\\\/logo-final-250.png\",\"width\":250,\"height\":78,\"caption\":\"Chelia Store\"},\"image\":{\"@id\":\"https:\\\/\\\/cheliastore.dz\\\/#\\\/schema\\\/logo\\\/image\\\/\"},\"sameAs\":[\"https:\\\/\\\/web.facebook.com\\\/cheliastore\",\"https:\\\/\\\/www.instagram.com\\\/quincaillerie.chelia\\\/\"]}]}<\/script>\n<!-- \/ Yoast SEO Premium plugin. -->","yoast_head_json":{"title":"Pompe PK PEDROLLO - CHELIA STORE","description":"D\u00e9couvrez la Pompe PK PEDROLLO au meilleur prix en Algerie. Id\u00e9ale pour l'alimentation en eau domestique et industrielle.","robots":{"index":"index","follow":"follow","max-snippet":"max-snippet:-1","max-image-preview":"max-image-preview:large","max-video-preview":"max-video-preview:-1"},"canonical":"https:\/\/cheliastore.dz\/ar\/\u0627\u0644\u0645\u0646\u062a\u062c\/pompe-pk-pedrollo\/","og_locale":"ar_AR","og_type":"article","og_title":"Pompe PK PEDROLLO","og_description":"D\u00e9couvrez la Pompe PK PEDROLLO au meilleur prix en Algerie. Id\u00e9ale pour l'alimentation en eau domestique et industrielle.","og_url":"https:\/\/cheliastore.dz\/ar\/\u0627\u0644\u0645\u0646\u062a\u062c\/pompe-pk-pedrollo\/","og_site_name":"CHELIA STORE","article_publisher":"https:\/\/web.facebook.com\/cheliastore","article_modified_time":"2026-01-11T03:14:26+00:00","og_image":[{"width":1000,"height":1000,"url":"https:\/\/cheliastore.dz\/wp-content\/uploads\/2021\/12\/Pompe-PK.jpg","type":"image\/jpeg"}],"twitter_card":"summary_large_image","twitter_misc":{"\u0648\u0642\u062a \u0627\u0644\u0642\u0631\u0627\u0621\u0629 \u0627\u0644\u0645\u064f\u0642\u062f\u0651\u0631":"1 \u062f\u0642\u064a\u0642\u0629"},"schema":{"@context":"https:\/\/schema.org","@graph":[{"@type":"WebPage","@id":"https:\/\/cheliastore.dz\/ar\/\u0627\u0644\u0645\u0646\u062a\u062c\/pompe-pk-pedrollo\/","url":"https:\/\/cheliastore.dz\/ar\/\u0627\u0644\u0645\u0646\u062a\u062c\/pompe-pk-pedrollo\/","name":"Pompe PK PEDROLLO - CHELIA STORE","isPartOf":{"@id":"https:\/\/cheliastore.dz\/#website"},"primaryImageOfPage":{"@id":"https:\/\/cheliastore.dz\/ar\/\u0627\u0644\u0645\u0646\u062a\u062c\/pompe-pk-pedrollo\/#primaryimage"},"image":{"@id":"https:\/\/cheliastore.dz\/ar\/\u0627\u0644\u0645\u0646\u062a\u062c\/pompe-pk-pedrollo\/#primaryimage"},"thumbnailUrl":"https:\/\/cheliastore.dz\/wp-content\/uploads\/2021\/12\/Pompe-PK.jpg","datePublished":"2021-12-21T09:17:43+00:00","dateModified":"2026-01-11T03:14:26+00:00","description":"D\u00e9couvrez la Pompe PK PEDROLLO au meilleur prix en Algerie. Id\u00e9ale pour l'alimentation en eau domestique et industrielle.","breadcrumb":{"@id":"https:\/\/cheliastore.dz\/ar\/\u0627\u0644\u0645\u0646\u062a\u062c\/pompe-pk-pedrollo\/#breadcrumb"},"inLanguage":"ar","potentialAction":[{"@type":"ReadAction","target":["https:\/\/cheliastore.dz\/ar\/\u0627\u0644\u0645\u0646\u062a\u062c\/pompe-pk-pedrollo\/"]}]},{"@type":"ImageObject","inLanguage":"ar","@id":"https:\/\/cheliastore.dz\/ar\/\u0627\u0644\u0645\u0646\u062a\u062c\/pompe-pk-pedrollo\/#primaryimage","url":"https:\/\/cheliastore.dz\/wp-content\/uploads\/2021\/12\/Pompe-PK.jpg","contentUrl":"https:\/\/cheliastore.dz\/wp-content\/uploads\/2021\/12\/Pompe-PK.jpg","width":1000,"height":1000,"caption":"Pompe PK PEDROLLO"},{"@type":"BreadcrumbList","@id":"https:\/\/cheliastore.dz\/ar\/\u0627\u0644\u0645\u0646\u062a\u062c\/pompe-pk-pedrollo\/#breadcrumb","itemListElement":[{"@type":"ListItem","position":1,"name":"\u0627\u0644\u0631\u0626\u064a\u0633\u064a\u0629","item":"https:\/\/cheliastore.dz\/ar\/"},{"@type":"ListItem","position":2,"name":"Boutique","item":"https:\/\/cheliastore.dz\/ar\/shop\/"},{"@type":"ListItem","position":3,"name":"Pompe PK PEDROLLO"}]},{"@type":"WebSite","@id":"https:\/\/cheliastore.dz\/#website","url":"https:\/\/cheliastore.dz\/","name":"CHELIA STORE","description":"CHELIA STORE","publisher":{"@id":"https:\/\/cheliastore.dz\/#organization"},"potentialAction":[{"@type":"SearchAction","target":{"@type":"EntryPoint","urlTemplate":"https:\/\/cheliastore.dz\/?s={search_term_string}"},"query-input":{"@type":"PropertyValueSpecification","valueRequired":true,"valueName":"search_term_string"}}],"inLanguage":"ar"},{"@type":"Organization","@id":"https:\/\/cheliastore.dz\/#organization","name":"Chelia Store","url":"https:\/\/cheliastore.dz\/","logo":{"@type":"ImageObject","inLanguage":"ar","@id":"https:\/\/cheliastore.dz\/#\/schema\/logo\/image\/","url":"https:\/\/cheliastore.dz\/wp-content\/uploads\/2022\/01\/logo-final-250.png","contentUrl":"https:\/\/cheliastore.dz\/wp-content\/uploads\/2022\/01\/logo-final-250.png","width":250,"height":78,"caption":"Chelia Store"},"image":{"@id":"https:\/\/cheliastore.dz\/#\/schema\/logo\/image\/"},"sameAs":["https:\/\/web.facebook.com\/cheliastore","https:\/\/www.instagram.com\/quincaillerie.chelia\/"]}]}},"_links":{"self":[{"href":"https:\/\/cheliastore.dz\/ar\/wp-json\/wp\/v2\/product\/49181","targetHints":{"allow":["GET"]}}],"collection":[{"href":"https:\/\/cheliastore.dz\/ar\/wp-json\/wp\/v2\/product"}],"about":[{"href":"https:\/\/cheliastore.dz\/ar\/wp-json\/wp\/v2\/types\/product"}],"replies":[{"embeddable":true,"href":"https:\/\/cheliastore.dz\/ar\/wp-json\/wp\/v2\/comments?post=49181"}],"version-history":[{"count":2,"href":"https:\/\/cheliastore.dz\/ar\/wp-json\/wp\/v2\/product\/49181\/revisions"}],"predecessor-version":[{"id":73805,"href":"https:\/\/cheliastore.dz\/ar\/wp-json\/wp\/v2\/product\/49181\/revisions\/73805"}],"wp:featuredmedia":[{"embeddable":true,"href":"https:\/\/cheliastore.dz\/ar\/wp-json\/wp\/v2\/media\/50131"}],"wp:attachment":[{"href":"https:\/\/cheliastore.dz\/ar\/wp-json\/wp\/v2\/media?parent=49181"}],"wp:term":[{"taxonomy":"product_brand","embeddable":true,"href":"https:\/\/cheliastore.dz\/ar\/wp-json\/wp\/v2\/product_brand?post=49181"},{"taxonomy":"product_cat","embeddable":true,"href":"https:\/\/cheliastore.dz\/ar\/wp-json\/wp\/v2\/product_cat?post=49181"},{"taxonomy":"product_tag","embeddable":true,"href":"https:\/\/cheliastore.dz\/ar\/wp-json\/wp\/v2\/product_tag?post=49181"}],"curies":[{"name":"wp","href":"https:\/\/api.w.org\/{rel}","templated":true}]}}