{"id":49020,"date":"2022-03-12T10:22:28","date_gmt":"2022-03-12T10:22:28","guid":{"rendered":"https:\/\/cheliastore.dz\/product\/pompe-submersible-pour-eaux-usees-50swp12-22-3l-qg\/"},"modified":"2025-04-21T12:00:44","modified_gmt":"2025-04-21T12:00:44","slug":"pompe-a-eau-usees-leo-50swp12-22-3l-qg","status":"publish","type":"product","link":"https:\/\/cheliastore.dz\/ar\/\u0627\u0644\u0645\u0646\u062a\u062c\/pompe-a-eau-usees-leo-50swp12-22-3l-qg\/","title":{"rendered":"Pompe \u00e0 eau us\u00e9es\u00a03kW LEO | 50SWP12-22-3L\/QG"},"content":{"rendered":"<h1>Pompe \u00e0 eau us\u00e9es\u00a03kW LEO | 50SWP12-22-3L\/QG<\/h1>\n<p>D\u00e9couvrez la Pompe \u00e0 eau us\u00e9es LEO | 50SWP12-22-3L\/QG au meilleur prix en Algerie. Convient pour le pompage des eaux us\u00e9es domestiques. Est une pompe con\u00e7ue pour des performances \u00e9lev\u00e9es dans des environnements industriels et commerciaux. Sa capacit\u00e9 \u00e0 g\u00e9rer des eaux us\u00e9es avec des charges importantes en fait un choix fiable pour des applications exigeantes. Sa conception compacte et silencieuse en fait une option id\u00e9ale pour une installation dans des espaces restreints, sans perturber l&#8217;environnement.<\/p>\n<blockquote class=\"wp-embedded-content\" data-secret=\"TVPQEgztEk\"><p><a href=\"https:\/\/cheliastore.dz\/product\/pompe-de-surface-3kw-leo-ac300b3\/\">Pompe de surface 3KW LEO | AC300B3<\/a><\/p><\/blockquote>\n<p><iframe class=\"wp-embedded-content\" sandbox=\"allow-scripts\" security=\"restricted\" style=\"position: absolute; visibility: hidden;\" title=\"&#8220;Pompe de surface 3KW LEO | AC300B3&#8221; &#8212; CHELIA STORE\" src=\"https:\/\/cheliastore.dz\/product\/pompe-de-surface-3kw-leo-ac300b3\/embed\/#?secret=4TRwjSui1U#?secret=TVPQEgztEk\" data-secret=\"TVPQEgztEk\" width=\"500\" height=\"282\" frameborder=\"0\" marginwidth=\"0\" marginheight=\"0\" scrolling=\"no\"><\/iframe><\/p>\n<h2>Sp\u00e9cifications Techniques<\/h2>\n<ul>\n<li><strong>D\u00e9bit maximal<\/strong>: 12 m\u00b3\/h<\/li>\n<li><strong>Hauteur de refoulement maximale<\/strong>: 22 m\u00e8tres<\/li>\n<li><strong>Puissance<\/strong>: 3 kW<\/li>\n<li><strong>Temp\u00e9rature de l&#8217;eau<\/strong>: Jusqu&#8217;\u00e0 50\u00b0C<\/li>\n<li><strong>Mat\u00e9riau du corps<\/strong>: Fonte<\/li>\n<li><strong>Indice de protection<\/strong>: IP68<\/li>\n<\/ul>\n<h3>Utilisation de Pompe us\u00e9es\u00a0LEO<\/h3>\n<p>Convient aux grandes installations industrielles, aux stations de pompage, et aux syst\u00e8mes de drainage o\u00f9 des performances \u00e9lev\u00e9es sont cruciales. Elle convient particuli\u00e8rement aux installations r\u00e9sidentielles, aux syst\u00e8mes de jardinage, et aux petites applications industrielles o\u00f9 une pression d&#8217;eau stable est n\u00e9cessaire.<\/p>\n<blockquote class=\"wp-embedded-content\" data-secret=\"RSlBVkgga4\"><p><a href=\"https:\/\/cheliastore.dz\/product\/pompe-immergee-pedrollo\/\">Pompe immerg\u00e9e PEDROLLO<\/a><\/p><\/blockquote>\n<p><iframe class=\"wp-embedded-content\" sandbox=\"allow-scripts\" security=\"restricted\" style=\"position: absolute; visibility: hidden;\" title=\"&#8220;Pompe immerg\u00e9e PEDROLLO&#8221; &#8212; CHELIA STORE\" src=\"https:\/\/cheliastore.dz\/product\/pompe-immergee-pedrollo\/embed\/#?secret=JYOY33zUJg#?secret=RSlBVkgga4\" data-secret=\"RSlBVkgga4\" width=\"500\" height=\"282\" frameborder=\"0\" marginwidth=\"0\" marginheight=\"0\" scrolling=\"no\"><\/iframe><\/p>\n<h3>Caract\u00e9ristiques Sp\u00e9ciales<\/h3>\n<ul>\n<li><strong>Conception robuste<\/strong> pour des performances durables.<\/li>\n<li><strong>Protection contre la surchauffe<\/strong> et les dommages li\u00e9s \u00e0 une surcharge.<\/li>\n<li><strong>Facilit\u00e9 d&#8217;entretien<\/strong> avec un acc\u00e8s simplifi\u00e9 aux composants internes.<\/li>\n<li><strong>Capacit\u00e9 \u00e9lev\u00e9e<\/strong> pour des d\u00e9bits importants.<\/li>\n<li><strong>Conception durable<\/strong> pour r\u00e9sister aux conditions les plus difficiles.<\/li>\n<\/ul>\n<blockquote><p><span style=\"font-weight: 400;\">Vous pouvez trouver des produits similaires sur notre site Web<\/span><a href=\"https:\/\/cheliastore.dz\/ar\/\"><span style=\"font-weight: 400;\"> chelia store<\/span><\/a><\/p><\/blockquote>\n","protected":false},"excerpt":{"rendered":"<p>La Pompe \u00e0 eau us\u00e9es LEO | 50SWP12-22-3L\/QG Convient aux grandes installations industrielles, aux stations de pompage, et aux syst\u00e8mes de drainage o\u00f9 des performances \u00e9lev\u00e9es sont cruciales. Sa conception robuste assure une performance fiable m\u00eame dans des conditions difficiles.<\/p>\n","protected":false},"featured_media":49793,"comment_status":"open","ping_status":"closed","template":"","meta":{"_editorskit_title_hidden":false,"_editorskit_reading_time":0,"_editorskit_is_block_options_detached":false,"_editorskit_block_options_position":"{}"},"product_brand":[],"product_cat":[97,118],"product_tag":[],"class_list":{"0":"post-49020","1":"product","2":"type-product","3":"status-publish","4":"has-post-thumbnail","6":"product_cat-plomberie","7":"product_cat-pompe-eau-surpresseur","8":"pa_brand-leo","10":"first","11":"outofstock","12":"shipping-taxable","13":"purchasable","14":"product-type-simple"},"yoast_head":"<!-- This site is optimized with the Yoast SEO Premium plugin v25.4 (Yoast SEO v27.5) - https:\/\/yoast.com\/product\/yoast-seo-premium-wordpress\/ -->\n<title>Pompe \u00e0 eau us\u00e9es\u00a03kW LEO | 50SWP12-22-3L\/QG - CHELIA STORE<\/title>\n<meta name=\"description\" content=\"D\u00e9couvrez la Pompe \u00e0 eau us\u00e9es LEO | 50SWP12-22-3L\/QG au meilleur prix en Algerie. Convient pour le pompage des eaux us\u00e9es domestiques.\" \/>\n<meta name=\"robots\" content=\"index, follow, max-snippet:-1, max-image-preview:large, max-video-preview:-1\" \/>\n<link rel=\"canonical\" href=\"https:\/\/cheliastore.dz\/ar\/\u0627\u0644\u0645\u0646\u062a\u062c\/pompe-a-eau-usees-leo-50swp12-22-3l-qg\/\" \/>\n<meta property=\"og:locale\" content=\"ar_AR\" \/>\n<meta property=\"og:type\" content=\"article\" \/>\n<meta property=\"og:title\" content=\"Pompe \u00e0 eau us\u00e9es\u00a03kW LEO | 50SWP12-22-3L\/QG\" \/>\n<meta property=\"og:description\" content=\"D\u00e9couvrez la Pompe \u00e0 eau us\u00e9es LEO | 50SWP12-22-3L\/QG au meilleur prix en Algerie. Convient pour le pompage des eaux us\u00e9es domestiques.\" \/>\n<meta property=\"og:url\" content=\"https:\/\/cheliastore.dz\/ar\/\u0627\u0644\u0645\u0646\u062a\u062c\/pompe-a-eau-usees-leo-50swp12-22-3l-qg\/\" \/>\n<meta property=\"og:site_name\" content=\"CHELIA STORE\" \/>\n<meta property=\"article:publisher\" content=\"https:\/\/web.facebook.com\/cheliastore\" \/>\n<meta property=\"article:modified_time\" content=\"2025-04-21T12:00:44+00:00\" \/>\n<meta property=\"og:image\" content=\"https:\/\/cheliastore.dz\/wp-content\/uploads\/2022\/03\/Pompe-a-eau-usees-3kW-LEO-50SWP12-22-3LQG.jpg\" \/>\n\t<meta property=\"og:image:width\" content=\"1000\" \/>\n\t<meta property=\"og:image:height\" content=\"1000\" \/>\n\t<meta property=\"og:image:type\" content=\"image\/jpeg\" \/>\n<meta name=\"twitter:card\" content=\"summary_large_image\" \/>\n<meta name=\"twitter:label1\" content=\"\u0648\u0642\u062a \u0627\u0644\u0642\u0631\u0627\u0621\u0629 \u0627\u0644\u0645\u064f\u0642\u062f\u0651\u0631\" \/>\n\t<meta name=\"twitter:data1\" content=\"\u062f\u0642\u064a\u0642\u062a\u0627\u0646\" \/>\n<script type=\"application\/ld+json\" class=\"yoast-schema-graph\">{\"@context\":\"https:\\\/\\\/schema.org\",\"@graph\":[{\"@type\":\"WebPage\",\"@id\":\"https:\\\/\\\/cheliastore.dz\\\/ar\\\/\u0627\u0644\u0645\u0646\u062a\u062c\\\/pompe-a-eau-usees-leo-50swp12-22-3l-qg\\\/\",\"url\":\"https:\\\/\\\/cheliastore.dz\\\/ar\\\/\u0627\u0644\u0645\u0646\u062a\u062c\\\/pompe-a-eau-usees-leo-50swp12-22-3l-qg\\\/\",\"name\":\"Pompe \u00e0 eau us\u00e9es\u00a03kW LEO | 50SWP12-22-3L\\\/QG - CHELIA STORE\",\"isPartOf\":{\"@id\":\"https:\\\/\\\/cheliastore.dz\\\/#website\"},\"primaryImageOfPage\":{\"@id\":\"https:\\\/\\\/cheliastore.dz\\\/ar\\\/\u0627\u0644\u0645\u0646\u062a\u062c\\\/pompe-a-eau-usees-leo-50swp12-22-3l-qg\\\/#primaryimage\"},\"image\":{\"@id\":\"https:\\\/\\\/cheliastore.dz\\\/ar\\\/\u0627\u0644\u0645\u0646\u062a\u062c\\\/pompe-a-eau-usees-leo-50swp12-22-3l-qg\\\/#primaryimage\"},\"thumbnailUrl\":\"https:\\\/\\\/cheliastore.dz\\\/wp-content\\\/uploads\\\/2022\\\/03\\\/Pompe-a-eau-usees-3kW-LEO-50SWP12-22-3LQG.jpg\",\"datePublished\":\"2022-03-12T10:22:28+00:00\",\"dateModified\":\"2025-04-21T12:00:44+00:00\",\"description\":\"D\u00e9couvrez la Pompe \u00e0 eau us\u00e9es LEO | 50SWP12-22-3L\\\/QG au meilleur prix en Algerie. Convient pour le pompage des eaux us\u00e9es domestiques.\",\"breadcrumb\":{\"@id\":\"https:\\\/\\\/cheliastore.dz\\\/ar\\\/\u0627\u0644\u0645\u0646\u062a\u062c\\\/pompe-a-eau-usees-leo-50swp12-22-3l-qg\\\/#breadcrumb\"},\"inLanguage\":\"ar\",\"potentialAction\":[{\"@type\":\"ReadAction\",\"target\":[\"https:\\\/\\\/cheliastore.dz\\\/ar\\\/\u0627\u0644\u0645\u0646\u062a\u062c\\\/pompe-a-eau-usees-leo-50swp12-22-3l-qg\\\/\"]}]},{\"@type\":\"ImageObject\",\"inLanguage\":\"ar\",\"@id\":\"https:\\\/\\\/cheliastore.dz\\\/ar\\\/\u0627\u0644\u0645\u0646\u062a\u062c\\\/pompe-a-eau-usees-leo-50swp12-22-3l-qg\\\/#primaryimage\",\"url\":\"https:\\\/\\\/cheliastore.dz\\\/wp-content\\\/uploads\\\/2022\\\/03\\\/Pompe-a-eau-usees-3kW-LEO-50SWP12-22-3LQG.jpg\",\"contentUrl\":\"https:\\\/\\\/cheliastore.dz\\\/wp-content\\\/uploads\\\/2022\\\/03\\\/Pompe-a-eau-usees-3kW-LEO-50SWP12-22-3LQG.jpg\",\"width\":1000,\"height\":1000,\"caption\":\"Pompe \u00e0 eau us\u00e9es\u00a03kW LEO | 50SWP12-22-3L\\\/QG\"},{\"@type\":\"BreadcrumbList\",\"@id\":\"https:\\\/\\\/cheliastore.dz\\\/ar\\\/\u0627\u0644\u0645\u0646\u062a\u062c\\\/pompe-a-eau-usees-leo-50swp12-22-3l-qg\\\/#breadcrumb\",\"itemListElement\":[{\"@type\":\"ListItem\",\"position\":1,\"name\":\"\u0627\u0644\u0631\u0626\u064a\u0633\u064a\u0629\",\"item\":\"https:\\\/\\\/cheliastore.dz\\\/ar\\\/\"},{\"@type\":\"ListItem\",\"position\":2,\"name\":\"Boutique\",\"item\":\"https:\\\/\\\/cheliastore.dz\\\/ar\\\/shop\\\/\"},{\"@type\":\"ListItem\",\"position\":3,\"name\":\"Pompe \u00e0 eau us\u00e9es\u00a03kW LEO | 50SWP12-22-3L\\\/QG\"}]},{\"@type\":\"WebSite\",\"@id\":\"https:\\\/\\\/cheliastore.dz\\\/#website\",\"url\":\"https:\\\/\\\/cheliastore.dz\\\/\",\"name\":\"CHELIA STORE\",\"description\":\"CHELIA STORE\",\"publisher\":{\"@id\":\"https:\\\/\\\/cheliastore.dz\\\/#organization\"},\"potentialAction\":[{\"@type\":\"SearchAction\",\"target\":{\"@type\":\"EntryPoint\",\"urlTemplate\":\"https:\\\/\\\/cheliastore.dz\\\/?s={search_term_string}\"},\"query-input\":{\"@type\":\"PropertyValueSpecification\",\"valueRequired\":true,\"valueName\":\"search_term_string\"}}],\"inLanguage\":\"ar\"},{\"@type\":\"Organization\",\"@id\":\"https:\\\/\\\/cheliastore.dz\\\/#organization\",\"name\":\"Chelia Store\",\"url\":\"https:\\\/\\\/cheliastore.dz\\\/\",\"logo\":{\"@type\":\"ImageObject\",\"inLanguage\":\"ar\",\"@id\":\"https:\\\/\\\/cheliastore.dz\\\/#\\\/schema\\\/logo\\\/image\\\/\",\"url\":\"https:\\\/\\\/cheliastore.dz\\\/wp-content\\\/uploads\\\/2022\\\/01\\\/logo-final-250.png\",\"contentUrl\":\"https:\\\/\\\/cheliastore.dz\\\/wp-content\\\/uploads\\\/2022\\\/01\\\/logo-final-250.png\",\"width\":250,\"height\":78,\"caption\":\"Chelia Store\"},\"image\":{\"@id\":\"https:\\\/\\\/cheliastore.dz\\\/#\\\/schema\\\/logo\\\/image\\\/\"},\"sameAs\":[\"https:\\\/\\\/web.facebook.com\\\/cheliastore\",\"https:\\\/\\\/www.instagram.com\\\/quincaillerie.chelia\\\/\"]}]}<\/script>\n<!-- \/ Yoast SEO Premium plugin. -->","yoast_head_json":{"title":"Pompe \u00e0 eau us\u00e9es\u00a03kW LEO | 50SWP12-22-3L\/QG - CHELIA STORE","description":"D\u00e9couvrez la Pompe \u00e0 eau us\u00e9es LEO | 50SWP12-22-3L\/QG au meilleur prix en Algerie. Convient pour le pompage des eaux us\u00e9es domestiques.","robots":{"index":"index","follow":"follow","max-snippet":"max-snippet:-1","max-image-preview":"max-image-preview:large","max-video-preview":"max-video-preview:-1"},"canonical":"https:\/\/cheliastore.dz\/ar\/\u0627\u0644\u0645\u0646\u062a\u062c\/pompe-a-eau-usees-leo-50swp12-22-3l-qg\/","og_locale":"ar_AR","og_type":"article","og_title":"Pompe \u00e0 eau us\u00e9es\u00a03kW LEO | 50SWP12-22-3L\/QG","og_description":"D\u00e9couvrez la Pompe \u00e0 eau us\u00e9es LEO | 50SWP12-22-3L\/QG au meilleur prix en Algerie. Convient pour le pompage des eaux us\u00e9es domestiques.","og_url":"https:\/\/cheliastore.dz\/ar\/\u0627\u0644\u0645\u0646\u062a\u062c\/pompe-a-eau-usees-leo-50swp12-22-3l-qg\/","og_site_name":"CHELIA STORE","article_publisher":"https:\/\/web.facebook.com\/cheliastore","article_modified_time":"2025-04-21T12:00:44+00:00","og_image":[{"width":1000,"height":1000,"url":"https:\/\/cheliastore.dz\/wp-content\/uploads\/2022\/03\/Pompe-a-eau-usees-3kW-LEO-50SWP12-22-3LQG.jpg","type":"image\/jpeg"}],"twitter_card":"summary_large_image","twitter_misc":{"\u0648\u0642\u062a \u0627\u0644\u0642\u0631\u0627\u0621\u0629 \u0627\u0644\u0645\u064f\u0642\u062f\u0651\u0631":"\u062f\u0642\u064a\u0642\u062a\u0627\u0646"},"schema":{"@context":"https:\/\/schema.org","@graph":[{"@type":"WebPage","@id":"https:\/\/cheliastore.dz\/ar\/\u0627\u0644\u0645\u0646\u062a\u062c\/pompe-a-eau-usees-leo-50swp12-22-3l-qg\/","url":"https:\/\/cheliastore.dz\/ar\/\u0627\u0644\u0645\u0646\u062a\u062c\/pompe-a-eau-usees-leo-50swp12-22-3l-qg\/","name":"Pompe \u00e0 eau us\u00e9es\u00a03kW LEO | 50SWP12-22-3L\/QG - CHELIA STORE","isPartOf":{"@id":"https:\/\/cheliastore.dz\/#website"},"primaryImageOfPage":{"@id":"https:\/\/cheliastore.dz\/ar\/\u0627\u0644\u0645\u0646\u062a\u062c\/pompe-a-eau-usees-leo-50swp12-22-3l-qg\/#primaryimage"},"image":{"@id":"https:\/\/cheliastore.dz\/ar\/\u0627\u0644\u0645\u0646\u062a\u062c\/pompe-a-eau-usees-leo-50swp12-22-3l-qg\/#primaryimage"},"thumbnailUrl":"https:\/\/cheliastore.dz\/wp-content\/uploads\/2022\/03\/Pompe-a-eau-usees-3kW-LEO-50SWP12-22-3LQG.jpg","datePublished":"2022-03-12T10:22:28+00:00","dateModified":"2025-04-21T12:00:44+00:00","description":"D\u00e9couvrez la Pompe \u00e0 eau us\u00e9es LEO | 50SWP12-22-3L\/QG au meilleur prix en Algerie. Convient pour le pompage des eaux us\u00e9es domestiques.","breadcrumb":{"@id":"https:\/\/cheliastore.dz\/ar\/\u0627\u0644\u0645\u0646\u062a\u062c\/pompe-a-eau-usees-leo-50swp12-22-3l-qg\/#breadcrumb"},"inLanguage":"ar","potentialAction":[{"@type":"ReadAction","target":["https:\/\/cheliastore.dz\/ar\/\u0627\u0644\u0645\u0646\u062a\u062c\/pompe-a-eau-usees-leo-50swp12-22-3l-qg\/"]}]},{"@type":"ImageObject","inLanguage":"ar","@id":"https:\/\/cheliastore.dz\/ar\/\u0627\u0644\u0645\u0646\u062a\u062c\/pompe-a-eau-usees-leo-50swp12-22-3l-qg\/#primaryimage","url":"https:\/\/cheliastore.dz\/wp-content\/uploads\/2022\/03\/Pompe-a-eau-usees-3kW-LEO-50SWP12-22-3LQG.jpg","contentUrl":"https:\/\/cheliastore.dz\/wp-content\/uploads\/2022\/03\/Pompe-a-eau-usees-3kW-LEO-50SWP12-22-3LQG.jpg","width":1000,"height":1000,"caption":"Pompe \u00e0 eau us\u00e9es\u00a03kW LEO | 50SWP12-22-3L\/QG"},{"@type":"BreadcrumbList","@id":"https:\/\/cheliastore.dz\/ar\/\u0627\u0644\u0645\u0646\u062a\u062c\/pompe-a-eau-usees-leo-50swp12-22-3l-qg\/#breadcrumb","itemListElement":[{"@type":"ListItem","position":1,"name":"\u0627\u0644\u0631\u0626\u064a\u0633\u064a\u0629","item":"https:\/\/cheliastore.dz\/ar\/"},{"@type":"ListItem","position":2,"name":"Boutique","item":"https:\/\/cheliastore.dz\/ar\/shop\/"},{"@type":"ListItem","position":3,"name":"Pompe \u00e0 eau us\u00e9es\u00a03kW LEO | 50SWP12-22-3L\/QG"}]},{"@type":"WebSite","@id":"https:\/\/cheliastore.dz\/#website","url":"https:\/\/cheliastore.dz\/","name":"CHELIA STORE","description":"CHELIA STORE","publisher":{"@id":"https:\/\/cheliastore.dz\/#organization"},"potentialAction":[{"@type":"SearchAction","target":{"@type":"EntryPoint","urlTemplate":"https:\/\/cheliastore.dz\/?s={search_term_string}"},"query-input":{"@type":"PropertyValueSpecification","valueRequired":true,"valueName":"search_term_string"}}],"inLanguage":"ar"},{"@type":"Organization","@id":"https:\/\/cheliastore.dz\/#organization","name":"Chelia Store","url":"https:\/\/cheliastore.dz\/","logo":{"@type":"ImageObject","inLanguage":"ar","@id":"https:\/\/cheliastore.dz\/#\/schema\/logo\/image\/","url":"https:\/\/cheliastore.dz\/wp-content\/uploads\/2022\/01\/logo-final-250.png","contentUrl":"https:\/\/cheliastore.dz\/wp-content\/uploads\/2022\/01\/logo-final-250.png","width":250,"height":78,"caption":"Chelia Store"},"image":{"@id":"https:\/\/cheliastore.dz\/#\/schema\/logo\/image\/"},"sameAs":["https:\/\/web.facebook.com\/cheliastore","https:\/\/www.instagram.com\/quincaillerie.chelia\/"]}]}},"_links":{"self":[{"href":"https:\/\/cheliastore.dz\/ar\/wp-json\/wp\/v2\/product\/49020","targetHints":{"allow":["GET"]}}],"collection":[{"href":"https:\/\/cheliastore.dz\/ar\/wp-json\/wp\/v2\/product"}],"about":[{"href":"https:\/\/cheliastore.dz\/ar\/wp-json\/wp\/v2\/types\/product"}],"replies":[{"embeddable":true,"href":"https:\/\/cheliastore.dz\/ar\/wp-json\/wp\/v2\/comments?post=49020"}],"version-history":[{"count":1,"href":"https:\/\/cheliastore.dz\/ar\/wp-json\/wp\/v2\/product\/49020\/revisions"}],"predecessor-version":[{"id":73709,"href":"https:\/\/cheliastore.dz\/ar\/wp-json\/wp\/v2\/product\/49020\/revisions\/73709"}],"wp:featuredmedia":[{"embeddable":true,"href":"https:\/\/cheliastore.dz\/ar\/wp-json\/wp\/v2\/media\/49793"}],"wp:attachment":[{"href":"https:\/\/cheliastore.dz\/ar\/wp-json\/wp\/v2\/media?parent=49020"}],"wp:term":[{"taxonomy":"product_brand","embeddable":true,"href":"https:\/\/cheliastore.dz\/ar\/wp-json\/wp\/v2\/product_brand?post=49020"},{"taxonomy":"product_cat","embeddable":true,"href":"https:\/\/cheliastore.dz\/ar\/wp-json\/wp\/v2\/product_cat?post=49020"},{"taxonomy":"product_tag","embeddable":true,"href":"https:\/\/cheliastore.dz\/ar\/wp-json\/wp\/v2\/product_tag?post=49020"}],"curies":[{"name":"wp","href":"https:\/\/api.w.org\/{rel}","templated":true}]}}