{"id":48867,"date":"2022-03-10T09:57:52","date_gmt":"2022-03-10T09:57:52","guid":{"rendered":"https:\/\/cheliastore.dz\/product\/pompe-de-relevage-leo-xsp20-9-1-1l\/"},"modified":"2026-01-11T03:06:10","modified_gmt":"2026-01-11T03:06:10","slug":"pompe-de-relevage-1-1kw-leo-xsp20-9-1-1l","status":"publish","type":"product","link":"https:\/\/cheliastore.dz\/ar\/\u0627\u0644\u0645\u0646\u062a\u062c\/pompe-de-relevage-1-1kw-leo-xsp20-9-1-1l\/","title":{"rendered":"Pompe de relevage 1.1kW LEO | XSP20-9\/1.1l"},"content":{"rendered":"<div class=\"names\">\n<div class=\"flex-1 overflow-hidden\">\n<div class=\"h-full\">\n<div class=\"react-scroll-to-bottom--css-ydyca-79elbk h-full\">\n<div class=\"react-scroll-to-bottom--css-ydyca-1n7m0yu\">\n<div class=\"flex flex-col text-sm md:pb-9\">\n<article class=\"w-full text-token-text-primary focus-visible:outline-2 focus-visible:outline-offset-[-4px]\" dir=\"auto\" tabindex=\"0\" data-testid=\"conversation-turn-479\" data-scroll-anchor=\"true\">\n<div class=\"text-base py-[18px] px-3 md:px-4 m-auto md:px-5\">\n<div class=\"mx-auto flex flex-1 gap-4 text-base md:gap-5 lg:gap-6 md:max-w-3xl lg:max-w-[40rem] xl:max-w-[48rem]\">\n<div class=\"group\/conversation-turn relative flex w-full min-w-0 flex-col agent-turn\">\n<div class=\"flex-col gap-1 md:gap-3\">\n<div class=\"flex max-w-full flex-col flex-grow\">\n<div class=\"min-h-[20px] text-message flex w-full flex-col items-end gap-2 whitespace-pre-wrap break-words [.text-message+&amp;]:mt-5 overflow-x-auto\" dir=\"auto\" data-message-author-role=\"assistant\" data-message-id=\"fe504538-9d40-41c1-a0b0-dce99f393a8f\">\n<div class=\"flex w-full flex-col gap-1 empty:hidden first:pt-[3px]\">\n<div class=\"markdown prose w-full break-words dark:prose-invert light\">\n<h1>Pompe de relevage 1.1kW LEO | XSP20-9\/1.1l<\/h1>\n<p>La Pompe de relevage 1.1kW LEO | XSP20-9\/1.1l est id\u00e9ale pour les situations o\u00f9 un d\u00e9bit \u00e9lev\u00e9 est crucial, avec une capacit\u00e9 de 20 m\u00b3\/h et une hauteur de relevage maximale de 9 m\u00e8tres. Avec une puissance de 1.1 kW, elle est parfaite pour les chantiers, le drainage rapide des zones inond\u00e9es, et d&#8217;autres applications o\u00f9 un pompage efficace est n\u00e9cessaire.<\/p>\n<p>Con\u00e7ue pour maximiser le d\u00e9bit avec une faible hauteur de relevage, cette pompe est id\u00e9ale pour des applications o\u00f9 un drainage rapide est crucial, comme dans les chantiers ou les grandes zones inond\u00e9es.<\/p>\n<h2><strong>Caract\u00e9ristiques Pompe de relevage 1.1kW LEO<\/strong><\/h2>\n<ul>\n<li><strong>Type :<\/strong> Pompe de relevage<\/li>\n<li><strong>Applications :<\/strong>Con\u00e7ue pour maximiser le d\u00e9bit avec une faible hauteur de relevage, cette pompe est id\u00e9ale pour des applications o\u00f9 un drainage rapide est crucial, comme dans les chantiers ou les grandes zones inond\u00e9es.<\/li>\n<li><strong>Construction :<\/strong> Robustesse et fiabilit\u00e9, adapt\u00e9e aux conditions de fonctionnement s\u00e9v\u00e8res avec une construction en mat\u00e9riaux r\u00e9sistants \u00e0 la corrosion.<\/li>\n<\/ul>\n<h3><strong>Sp\u00e9cifications technique\u00a0<\/strong><\/h3>\n<ul>\n<li><strong>D\u00e9bit Maximal :<\/strong> 20 m\u00b3\/h<\/li>\n<li><strong>Hauteur de Relevage Maximal :<\/strong> 9 m\u00e8tres<\/li>\n<li><strong>Puissance :<\/strong> 1.1 kW<\/li>\n<\/ul>\n<p><strong style=\"color: #1b1919; font-size: 22px;\">Conditions de Fonctionnement\u00a0<\/strong><\/p>\n<ul>\n<li><strong>Temp\u00e9rature du Liquide :<\/strong> G\u00e9n\u00e9ralement adapt\u00e9e aux temp\u00e9ratures jusqu\u2019\u00e0 40\u00b0C, mais cela peut varier selon le mod\u00e8le sp\u00e9cifique.<\/li>\n<li><strong>Type de Liquide :<\/strong> Convient pour les eaux us\u00e9es contenant des solides et des fibres. Certains mod\u00e8les peuvent traiter des liquides avec des particules solides.<\/li>\n<\/ul>\n<\/div>\n<\/div>\n<\/div>\n<\/div>\n<\/div>\n<\/div>\n<\/div>\n<\/div>\n<\/article>\n<\/div>\n<\/div>\n<\/div>\n<\/div>\n<\/div>\n<div class=\"md:pt-0 dark:border-white\/20 md:border-transparent md:dark:border-transparent w-full\">\n<div class=\"text-base px-3 md:px-4 m-auto md:px-5\">\n<div class=\"mx-auto flex flex-1 gap-4 text-base md:gap-5 lg:gap-6 md:max-w-3xl lg:max-w-[40rem] xl:max-w-[48rem]\">\n<form class=\"w-full\" aria-haspopup=\"dialog\" aria-expanded=\"false\" aria-controls=\"radix-:r44:\" data-state=\"closed\">\n<div class=\"relative flex h-full max-w-full flex-1 flex-col\">\n<div class=\"flex w-full items-center\">\n<div class=\"flex w-full flex-col gap-1.5 rounded-[26px] p-1.5 transition-colors bg-[#f4f4f4] dark:bg-token-main-surface-secondary\">\n<div class=\"flex items-end gap-1.5 md:gap-2\">\n<div class=\"flex min-w-0 flex-1 flex-col\">\n<blockquote><p><span style=\"font-weight: 400;\">Vous pouvez trouver des produits similaires sur notre site Web<\/span><a href=\"https:\/\/cheliastore.dz\/ar\/\"><span style=\"font-weight: 400;\"> chelia store<\/span><\/a><\/p><\/blockquote>\n<\/div>\n<\/div>\n<\/div>\n<\/div>\n<\/div>\n<\/form>\n<\/div>\n<\/div>\n<\/div>\n<\/div>\n","protected":false},"excerpt":{"rendered":"<p>Cette pompe est une solution fiable pour les situations Con\u00e7ue pour maximiser le d\u00e9bit avec une faible hauteur de relevage.<\/p>\n","protected":false},"featured_media":49959,"comment_status":"open","ping_status":"closed","template":"","meta":{"_editorskit_title_hidden":false,"_editorskit_reading_time":0,"_editorskit_is_block_options_detached":false,"_editorskit_block_options_position":"{}"},"product_brand":[],"product_cat":[97,118],"product_tag":[],"class_list":{"0":"post-48867","1":"product","2":"type-product","3":"status-publish","4":"has-post-thumbnail","6":"product_cat-plomberie","7":"product_cat-pompe-eau-surpresseur","8":"pa_brand-leo","10":"first","11":"outofstock","12":"shipping-taxable","13":"purchasable","14":"product-type-simple"},"yoast_head":"<!-- This site is optimized with the Yoast SEO Premium plugin v25.4 (Yoast SEO v27.5) - https:\/\/yoast.com\/product\/yoast-seo-premium-wordpress\/ -->\n<title>Pompe de relevage 1.1kW LEO | XSP20-9\/1.1l - CHELIA STORE<\/title>\n<meta name=\"description\" content=\"D\u00e9couvrez la Pompe de relevage 1.1kW LEO | XSP20-9\/1.1l au meilleur prix en Algerie. Con\u00e7ue pour maximiser le d\u00e9bit avec une faible hauteur de relevage.\" \/>\n<meta name=\"robots\" content=\"index, follow, max-snippet:-1, max-image-preview:large, max-video-preview:-1\" \/>\n<link rel=\"canonical\" href=\"https:\/\/cheliastore.dz\/ar\/\u0627\u0644\u0645\u0646\u062a\u062c\/pompe-de-relevage-1-1kw-leo-xsp20-9-1-1l\/\" \/>\n<meta property=\"og:locale\" content=\"ar_AR\" \/>\n<meta property=\"og:type\" content=\"article\" \/>\n<meta property=\"og:title\" content=\"Pompe de relevage 1.1kW LEO | XSP20-9\/1.1l\" \/>\n<meta property=\"og:description\" content=\"D\u00e9couvrez la Pompe de relevage 1.1kW LEO | XSP20-9\/1.1l au meilleur prix en Algerie. Con\u00e7ue pour maximiser le d\u00e9bit avec une faible hauteur de relevage.\" \/>\n<meta property=\"og:url\" content=\"https:\/\/cheliastore.dz\/ar\/\u0627\u0644\u0645\u0646\u062a\u062c\/pompe-de-relevage-1-1kw-leo-xsp20-9-1-1l\/\" \/>\n<meta property=\"og:site_name\" content=\"CHELIA STORE\" \/>\n<meta property=\"article:publisher\" content=\"https:\/\/web.facebook.com\/cheliastore\" \/>\n<meta property=\"article:modified_time\" content=\"2026-01-11T03:06:10+00:00\" \/>\n<meta property=\"og:image\" content=\"https:\/\/cheliastore.dz\/wp-content\/uploads\/2022\/03\/Pompe-de-relevage-1.1kW-LEO.png\" \/>\n\t<meta property=\"og:image:width\" content=\"1000\" \/>\n\t<meta property=\"og:image:height\" content=\"1000\" \/>\n\t<meta property=\"og:image:type\" content=\"image\/png\" \/>\n<meta name=\"twitter:card\" content=\"summary_large_image\" \/>\n<meta name=\"twitter:label1\" content=\"\u0648\u0642\u062a \u0627\u0644\u0642\u0631\u0627\u0621\u0629 \u0627\u0644\u0645\u064f\u0642\u062f\u0651\u0631\" \/>\n\t<meta name=\"twitter:data1\" content=\"1 \u062f\u0642\u064a\u0642\u0629\" \/>\n<script type=\"application\/ld+json\" class=\"yoast-schema-graph\">{\"@context\":\"https:\\\/\\\/schema.org\",\"@graph\":[{\"@type\":\"WebPage\",\"@id\":\"https:\\\/\\\/cheliastore.dz\\\/ar\\\/\u0627\u0644\u0645\u0646\u062a\u062c\\\/pompe-de-relevage-1-1kw-leo-xsp20-9-1-1l\\\/\",\"url\":\"https:\\\/\\\/cheliastore.dz\\\/ar\\\/\u0627\u0644\u0645\u0646\u062a\u062c\\\/pompe-de-relevage-1-1kw-leo-xsp20-9-1-1l\\\/\",\"name\":\"Pompe de relevage 1.1kW LEO | XSP20-9\\\/1.1l - CHELIA STORE\",\"isPartOf\":{\"@id\":\"https:\\\/\\\/cheliastore.dz\\\/#website\"},\"primaryImageOfPage\":{\"@id\":\"https:\\\/\\\/cheliastore.dz\\\/ar\\\/\u0627\u0644\u0645\u0646\u062a\u062c\\\/pompe-de-relevage-1-1kw-leo-xsp20-9-1-1l\\\/#primaryimage\"},\"image\":{\"@id\":\"https:\\\/\\\/cheliastore.dz\\\/ar\\\/\u0627\u0644\u0645\u0646\u062a\u062c\\\/pompe-de-relevage-1-1kw-leo-xsp20-9-1-1l\\\/#primaryimage\"},\"thumbnailUrl\":\"https:\\\/\\\/cheliastore.dz\\\/wp-content\\\/uploads\\\/2022\\\/03\\\/Pompe-de-relevage-1.1kW-LEO.png\",\"datePublished\":\"2022-03-10T09:57:52+00:00\",\"dateModified\":\"2026-01-11T03:06:10+00:00\",\"description\":\"D\u00e9couvrez la Pompe de relevage 1.1kW LEO | XSP20-9\\\/1.1l au meilleur prix en Algerie. Con\u00e7ue pour maximiser le d\u00e9bit avec une faible hauteur de relevage.\",\"breadcrumb\":{\"@id\":\"https:\\\/\\\/cheliastore.dz\\\/ar\\\/\u0627\u0644\u0645\u0646\u062a\u062c\\\/pompe-de-relevage-1-1kw-leo-xsp20-9-1-1l\\\/#breadcrumb\"},\"inLanguage\":\"ar\",\"potentialAction\":[{\"@type\":\"ReadAction\",\"target\":[\"https:\\\/\\\/cheliastore.dz\\\/ar\\\/\u0627\u0644\u0645\u0646\u062a\u062c\\\/pompe-de-relevage-1-1kw-leo-xsp20-9-1-1l\\\/\"]}]},{\"@type\":\"ImageObject\",\"inLanguage\":\"ar\",\"@id\":\"https:\\\/\\\/cheliastore.dz\\\/ar\\\/\u0627\u0644\u0645\u0646\u062a\u062c\\\/pompe-de-relevage-1-1kw-leo-xsp20-9-1-1l\\\/#primaryimage\",\"url\":\"https:\\\/\\\/cheliastore.dz\\\/wp-content\\\/uploads\\\/2022\\\/03\\\/Pompe-de-relevage-1.1kW-LEO.png\",\"contentUrl\":\"https:\\\/\\\/cheliastore.dz\\\/wp-content\\\/uploads\\\/2022\\\/03\\\/Pompe-de-relevage-1.1kW-LEO.png\",\"width\":1000,\"height\":1000,\"caption\":\"Pompe de relevage 1.1kW LEO | XSP20-9\\\/1.1l\"},{\"@type\":\"BreadcrumbList\",\"@id\":\"https:\\\/\\\/cheliastore.dz\\\/ar\\\/\u0627\u0644\u0645\u0646\u062a\u062c\\\/pompe-de-relevage-1-1kw-leo-xsp20-9-1-1l\\\/#breadcrumb\",\"itemListElement\":[{\"@type\":\"ListItem\",\"position\":1,\"name\":\"\u0627\u0644\u0631\u0626\u064a\u0633\u064a\u0629\",\"item\":\"https:\\\/\\\/cheliastore.dz\\\/ar\\\/\"},{\"@type\":\"ListItem\",\"position\":2,\"name\":\"Boutique\",\"item\":\"https:\\\/\\\/cheliastore.dz\\\/ar\\\/shop\\\/\"},{\"@type\":\"ListItem\",\"position\":3,\"name\":\"Pompe de relevage 1.1kW LEO | XSP20-9\\\/1.1l\"}]},{\"@type\":\"WebSite\",\"@id\":\"https:\\\/\\\/cheliastore.dz\\\/#website\",\"url\":\"https:\\\/\\\/cheliastore.dz\\\/\",\"name\":\"CHELIA STORE\",\"description\":\"CHELIA STORE\",\"publisher\":{\"@id\":\"https:\\\/\\\/cheliastore.dz\\\/#organization\"},\"potentialAction\":[{\"@type\":\"SearchAction\",\"target\":{\"@type\":\"EntryPoint\",\"urlTemplate\":\"https:\\\/\\\/cheliastore.dz\\\/?s={search_term_string}\"},\"query-input\":{\"@type\":\"PropertyValueSpecification\",\"valueRequired\":true,\"valueName\":\"search_term_string\"}}],\"inLanguage\":\"ar\"},{\"@type\":\"Organization\",\"@id\":\"https:\\\/\\\/cheliastore.dz\\\/#organization\",\"name\":\"Chelia Store\",\"url\":\"https:\\\/\\\/cheliastore.dz\\\/\",\"logo\":{\"@type\":\"ImageObject\",\"inLanguage\":\"ar\",\"@id\":\"https:\\\/\\\/cheliastore.dz\\\/#\\\/schema\\\/logo\\\/image\\\/\",\"url\":\"https:\\\/\\\/cheliastore.dz\\\/wp-content\\\/uploads\\\/2022\\\/01\\\/logo-final-250.png\",\"contentUrl\":\"https:\\\/\\\/cheliastore.dz\\\/wp-content\\\/uploads\\\/2022\\\/01\\\/logo-final-250.png\",\"width\":250,\"height\":78,\"caption\":\"Chelia Store\"},\"image\":{\"@id\":\"https:\\\/\\\/cheliastore.dz\\\/#\\\/schema\\\/logo\\\/image\\\/\"},\"sameAs\":[\"https:\\\/\\\/web.facebook.com\\\/cheliastore\",\"https:\\\/\\\/www.instagram.com\\\/quincaillerie.chelia\\\/\"]}]}<\/script>\n<!-- \/ Yoast SEO Premium plugin. -->","yoast_head_json":{"title":"Pompe de relevage 1.1kW LEO | XSP20-9\/1.1l - CHELIA STORE","description":"D\u00e9couvrez la Pompe de relevage 1.1kW LEO | XSP20-9\/1.1l au meilleur prix en Algerie. Con\u00e7ue pour maximiser le d\u00e9bit avec une faible hauteur de relevage.","robots":{"index":"index","follow":"follow","max-snippet":"max-snippet:-1","max-image-preview":"max-image-preview:large","max-video-preview":"max-video-preview:-1"},"canonical":"https:\/\/cheliastore.dz\/ar\/\u0627\u0644\u0645\u0646\u062a\u062c\/pompe-de-relevage-1-1kw-leo-xsp20-9-1-1l\/","og_locale":"ar_AR","og_type":"article","og_title":"Pompe de relevage 1.1kW LEO | XSP20-9\/1.1l","og_description":"D\u00e9couvrez la Pompe de relevage 1.1kW LEO | XSP20-9\/1.1l au meilleur prix en Algerie. Con\u00e7ue pour maximiser le d\u00e9bit avec une faible hauteur de relevage.","og_url":"https:\/\/cheliastore.dz\/ar\/\u0627\u0644\u0645\u0646\u062a\u062c\/pompe-de-relevage-1-1kw-leo-xsp20-9-1-1l\/","og_site_name":"CHELIA STORE","article_publisher":"https:\/\/web.facebook.com\/cheliastore","article_modified_time":"2026-01-11T03:06:10+00:00","og_image":[{"width":1000,"height":1000,"url":"https:\/\/cheliastore.dz\/wp-content\/uploads\/2022\/03\/Pompe-de-relevage-1.1kW-LEO.png","type":"image\/png"}],"twitter_card":"summary_large_image","twitter_misc":{"\u0648\u0642\u062a \u0627\u0644\u0642\u0631\u0627\u0621\u0629 \u0627\u0644\u0645\u064f\u0642\u062f\u0651\u0631":"1 \u062f\u0642\u064a\u0642\u0629"},"schema":{"@context":"https:\/\/schema.org","@graph":[{"@type":"WebPage","@id":"https:\/\/cheliastore.dz\/ar\/\u0627\u0644\u0645\u0646\u062a\u062c\/pompe-de-relevage-1-1kw-leo-xsp20-9-1-1l\/","url":"https:\/\/cheliastore.dz\/ar\/\u0627\u0644\u0645\u0646\u062a\u062c\/pompe-de-relevage-1-1kw-leo-xsp20-9-1-1l\/","name":"Pompe de relevage 1.1kW LEO | XSP20-9\/1.1l - CHELIA STORE","isPartOf":{"@id":"https:\/\/cheliastore.dz\/#website"},"primaryImageOfPage":{"@id":"https:\/\/cheliastore.dz\/ar\/\u0627\u0644\u0645\u0646\u062a\u062c\/pompe-de-relevage-1-1kw-leo-xsp20-9-1-1l\/#primaryimage"},"image":{"@id":"https:\/\/cheliastore.dz\/ar\/\u0627\u0644\u0645\u0646\u062a\u062c\/pompe-de-relevage-1-1kw-leo-xsp20-9-1-1l\/#primaryimage"},"thumbnailUrl":"https:\/\/cheliastore.dz\/wp-content\/uploads\/2022\/03\/Pompe-de-relevage-1.1kW-LEO.png","datePublished":"2022-03-10T09:57:52+00:00","dateModified":"2026-01-11T03:06:10+00:00","description":"D\u00e9couvrez la Pompe de relevage 1.1kW LEO | XSP20-9\/1.1l au meilleur prix en Algerie. Con\u00e7ue pour maximiser le d\u00e9bit avec une faible hauteur de relevage.","breadcrumb":{"@id":"https:\/\/cheliastore.dz\/ar\/\u0627\u0644\u0645\u0646\u062a\u062c\/pompe-de-relevage-1-1kw-leo-xsp20-9-1-1l\/#breadcrumb"},"inLanguage":"ar","potentialAction":[{"@type":"ReadAction","target":["https:\/\/cheliastore.dz\/ar\/\u0627\u0644\u0645\u0646\u062a\u062c\/pompe-de-relevage-1-1kw-leo-xsp20-9-1-1l\/"]}]},{"@type":"ImageObject","inLanguage":"ar","@id":"https:\/\/cheliastore.dz\/ar\/\u0627\u0644\u0645\u0646\u062a\u062c\/pompe-de-relevage-1-1kw-leo-xsp20-9-1-1l\/#primaryimage","url":"https:\/\/cheliastore.dz\/wp-content\/uploads\/2022\/03\/Pompe-de-relevage-1.1kW-LEO.png","contentUrl":"https:\/\/cheliastore.dz\/wp-content\/uploads\/2022\/03\/Pompe-de-relevage-1.1kW-LEO.png","width":1000,"height":1000,"caption":"Pompe de relevage 1.1kW LEO | XSP20-9\/1.1l"},{"@type":"BreadcrumbList","@id":"https:\/\/cheliastore.dz\/ar\/\u0627\u0644\u0645\u0646\u062a\u062c\/pompe-de-relevage-1-1kw-leo-xsp20-9-1-1l\/#breadcrumb","itemListElement":[{"@type":"ListItem","position":1,"name":"\u0627\u0644\u0631\u0626\u064a\u0633\u064a\u0629","item":"https:\/\/cheliastore.dz\/ar\/"},{"@type":"ListItem","position":2,"name":"Boutique","item":"https:\/\/cheliastore.dz\/ar\/shop\/"},{"@type":"ListItem","position":3,"name":"Pompe de relevage 1.1kW LEO | XSP20-9\/1.1l"}]},{"@type":"WebSite","@id":"https:\/\/cheliastore.dz\/#website","url":"https:\/\/cheliastore.dz\/","name":"CHELIA STORE","description":"CHELIA STORE","publisher":{"@id":"https:\/\/cheliastore.dz\/#organization"},"potentialAction":[{"@type":"SearchAction","target":{"@type":"EntryPoint","urlTemplate":"https:\/\/cheliastore.dz\/?s={search_term_string}"},"query-input":{"@type":"PropertyValueSpecification","valueRequired":true,"valueName":"search_term_string"}}],"inLanguage":"ar"},{"@type":"Organization","@id":"https:\/\/cheliastore.dz\/#organization","name":"Chelia Store","url":"https:\/\/cheliastore.dz\/","logo":{"@type":"ImageObject","inLanguage":"ar","@id":"https:\/\/cheliastore.dz\/#\/schema\/logo\/image\/","url":"https:\/\/cheliastore.dz\/wp-content\/uploads\/2022\/01\/logo-final-250.png","contentUrl":"https:\/\/cheliastore.dz\/wp-content\/uploads\/2022\/01\/logo-final-250.png","width":250,"height":78,"caption":"Chelia Store"},"image":{"@id":"https:\/\/cheliastore.dz\/#\/schema\/logo\/image\/"},"sameAs":["https:\/\/web.facebook.com\/cheliastore","https:\/\/www.instagram.com\/quincaillerie.chelia\/"]}]}},"_links":{"self":[{"href":"https:\/\/cheliastore.dz\/ar\/wp-json\/wp\/v2\/product\/48867","targetHints":{"allow":["GET"]}}],"collection":[{"href":"https:\/\/cheliastore.dz\/ar\/wp-json\/wp\/v2\/product"}],"about":[{"href":"https:\/\/cheliastore.dz\/ar\/wp-json\/wp\/v2\/types\/product"}],"replies":[{"embeddable":true,"href":"https:\/\/cheliastore.dz\/ar\/wp-json\/wp\/v2\/comments?post=48867"}],"version-history":[{"count":1,"href":"https:\/\/cheliastore.dz\/ar\/wp-json\/wp\/v2\/product\/48867\/revisions"}],"predecessor-version":[{"id":57073,"href":"https:\/\/cheliastore.dz\/ar\/wp-json\/wp\/v2\/product\/48867\/revisions\/57073"}],"wp:featuredmedia":[{"embeddable":true,"href":"https:\/\/cheliastore.dz\/ar\/wp-json\/wp\/v2\/media\/49959"}],"wp:attachment":[{"href":"https:\/\/cheliastore.dz\/ar\/wp-json\/wp\/v2\/media?parent=48867"}],"wp:term":[{"taxonomy":"product_brand","embeddable":true,"href":"https:\/\/cheliastore.dz\/ar\/wp-json\/wp\/v2\/product_brand?post=48867"},{"taxonomy":"product_cat","embeddable":true,"href":"https:\/\/cheliastore.dz\/ar\/wp-json\/wp\/v2\/product_cat?post=48867"},{"taxonomy":"product_tag","embeddable":true,"href":"https:\/\/cheliastore.dz\/ar\/wp-json\/wp\/v2\/product_tag?post=48867"}],"curies":[{"name":"wp","href":"https:\/\/api.w.org\/{rel}","templated":true}]}}