{"id":48750,"date":"2022-03-09T15:18:08","date_gmt":"2022-03-09T15:18:08","guid":{"rendered":"https:\/\/cheliastore.dz\/product\/pompe-centrifuge-de-surface-acm150b2\/"},"modified":"2026-01-11T03:21:02","modified_gmt":"2026-01-11T03:21:02","slug":"pompe-centrifuge-de-surface-1-1kw-leo-acm150b2","status":"publish","type":"product","link":"https:\/\/cheliastore.dz\/ar\/\u0627\u0644\u0645\u0646\u062a\u062c\/pompe-centrifuge-de-surface-1-1kw-leo-acm150b2\/","title":{"rendered":"Pompe Centrifuge de Surface 1.1kW LEO | ACm150B2"},"content":{"rendered":"<h1>Pompe Centrifuge de Surface 1.1kW LEO | ACm150B2<\/h1>\n<p>La Pompe Centrifuge de Surface 1.1 kW LEO | ACm150B2 est con\u00e7ue pour des applications de pompage dans divers environnements o\u00f9 une performance fiable et une capacit\u00e9 \u00e9lev\u00e9e sont requises. Ce mod\u00e8le est particuli\u00e8rement adapt\u00e9 pour des installations domestiques et industrielles l\u00e9g\u00e8res n\u00e9cessitant une pompe de surface efficace.<\/p>\n<h2><strong>Applications<\/strong><\/h2>\n<ul>\n<li>Peut \u00eatre utilis\u00e9e pour transf\u00e9rer l&#8217;eau propre ou autres liquides similaires \u00e0 l&#8217;eau en termes de propri\u00e9t\u00e9s physiques et chimiques.<\/li>\n<li>\u00a0Convient pour une utilisation dans l&#8217;industrie et l&#8217;approvisionnement en eaux en milieu urbain, la surpression pour b\u00e2timents de grande hauteur, l\u2019irrigation des jardins, la lutte contre l&#8217;incendie, le transfert d&#8217;eau \u00e0 longue distance, la ventilation de chauffage, le contr\u00f4le de l&#8217;air, la circulation, la surpression de l&#8217;eau froide et chaude, l&#8217;\u00e9quipement de support, etc.<\/li>\n<\/ul>\n<h3>Caract\u00e9ristique de Pompe Centrifuge de Surface 1.1kW LEO<\/h3>\n<div class=\"alllightgallery\">\n<div class=\"table-responsive\">\n<ul>\n<li><strong>Type de Pompe :<\/strong> Centrifuge de surface, ce qui signifie qu&#8217;elle est con\u00e7ue pour \u00eatre install\u00e9e en dehors du liquide \u00e0 pomper et utilise un rotor centrifuge pour d\u00e9placer le liquide.<\/li>\n<li><strong>Puissance :<\/strong> 1.1 kW (1.5 HP), offrant une puissance suffisante pour des applications de pompage vari\u00e9es.<\/li>\n<li><strong>D\u00e9bit :<\/strong> Capable de fournir un d\u00e9bit \u00e9lev\u00e9, id\u00e9al pour des syst\u00e8mes n\u00e9cessitant une circulation ou un transfert rapide de liquides.<\/li>\n<li><strong>Hauteur de Refoulement :<\/strong> Con\u00e7ue pour une hauteur de refoulement importante, permettant le pompage \u00e0 des hauteurs \u00e9lev\u00e9es.<\/li>\n<\/ul>\n<blockquote><p><span style=\"font-weight: 400;\">Vous pouvez trouver des produits similaires sur notre site Web<\/span><a href=\"https:\/\/cheliastore.dz\/ar\/\"><span style=\"font-weight: 400;\"> chelia store<\/span><\/a><\/p><\/blockquote>\n<\/div>\n<\/div>\n","protected":false},"excerpt":{"rendered":"<div class=\"flex max-w-full flex-col flex-grow\">\n<div class=\"min-h-[20px] text-message flex w-full flex-col items-end gap-2 whitespace-pre-wrap break-words [.text-message+&amp;]:mt-5 overflow-x-auto\" dir=\"auto\" data-message-author-role=\"assistant\" data-message-id=\"01e993a7-4201-4953-aba5-0611918c562d\">\n<div class=\"flex w-full flex-col gap-1 empty:hidden first:pt-[3px]\">\n<div class=\"markdown prose w-full break-words dark:prose-invert light\">\n<p>La Pompe Centrifuge de Surface ACm150B2 est une solution efficace et durable pour le pompage de liquides clairs dans diverses applications. Sa puissance, son d\u00e9bit \u00e9lev\u00e9 et sa construction robuste en font un choix fiable pour les installations domestiques et industrielles l\u00e9g\u00e8res. Pour des sp\u00e9cifications techniques plus d\u00e9taill\u00e9es et des conseils sur l&#8217;installation, veuillez consulter le site officiel du fabricant ou contacter un distributeur agr\u00e9\u00e9.<\/p>\n<\/div>\n<\/div>\n<\/div>\n<\/div>\n","protected":false},"featured_media":50004,"comment_status":"open","ping_status":"closed","template":"","meta":{"_editorskit_title_hidden":false,"_editorskit_reading_time":0,"_editorskit_is_block_options_detached":false,"_editorskit_block_options_position":"{}"},"product_brand":[],"product_cat":[97,118],"product_tag":[],"class_list":{"0":"post-48750","1":"product","2":"type-product","3":"status-publish","4":"has-post-thumbnail","6":"product_cat-plomberie","7":"product_cat-pompe-eau-surpresseur","8":"pa_brand-leo","10":"first","11":"instock","12":"shipping-taxable","13":"purchasable","14":"product-type-simple"},"yoast_head":"<!-- This site is optimized with the Yoast SEO Premium plugin v25.4 (Yoast SEO v27.5) - https:\/\/yoast.com\/product\/yoast-seo-premium-wordpress\/ -->\n<title>Pompe Centrifuge de Surface 1.1kW LEO | ACm150B2 - CHELIA STORE<\/title>\n<meta name=\"description\" content=\"D\u00e9couvrez la Pompe Centrifuge de Surface 1.1kW LEO | ACm150B2 au meilleur prix en Algerie. De syst\u00e8me avec circulation ou un transfert rapide de liquide.\" \/>\n<meta name=\"robots\" content=\"index, follow, max-snippet:-1, max-image-preview:large, max-video-preview:-1\" \/>\n<link rel=\"canonical\" href=\"https:\/\/cheliastore.dz\/ar\/\u0627\u0644\u0645\u0646\u062a\u062c\/pompe-centrifuge-de-surface-1-1kw-leo-acm150b2\/\" \/>\n<meta property=\"og:locale\" content=\"ar_AR\" \/>\n<meta property=\"og:type\" content=\"article\" \/>\n<meta property=\"og:title\" content=\"Pompe Centrifuge de Surface 1.1kW LEO | ACm150B2\" \/>\n<meta property=\"og:description\" content=\"D\u00e9couvrez la Pompe Centrifuge de Surface 1.1kW LEO | ACm150B2 au meilleur prix en Algerie. De syst\u00e8me avec circulation ou un transfert rapide de liquide.\" \/>\n<meta property=\"og:url\" content=\"https:\/\/cheliastore.dz\/ar\/\u0627\u0644\u0645\u0646\u062a\u062c\/pompe-centrifuge-de-surface-1-1kw-leo-acm150b2\/\" \/>\n<meta property=\"og:site_name\" content=\"CHELIA STORE\" \/>\n<meta property=\"article:publisher\" content=\"https:\/\/web.facebook.com\/cheliastore\" \/>\n<meta property=\"article:modified_time\" content=\"2026-01-11T03:21:02+00:00\" \/>\n<meta property=\"og:image\" content=\"https:\/\/cheliastore.dz\/wp-content\/uploads\/2022\/03\/Pompe-de-surface-4.jpg\" \/>\n\t<meta property=\"og:image:width\" content=\"1000\" \/>\n\t<meta property=\"og:image:height\" content=\"1000\" \/>\n\t<meta property=\"og:image:type\" content=\"image\/jpeg\" \/>\n<meta name=\"twitter:card\" content=\"summary_large_image\" \/>\n<meta name=\"twitter:label1\" content=\"\u0648\u0642\u062a \u0627\u0644\u0642\u0631\u0627\u0621\u0629 \u0627\u0644\u0645\u064f\u0642\u062f\u0651\u0631\" \/>\n\t<meta name=\"twitter:data1\" content=\"\u062f\u0642\u064a\u0642\u062a\u0627\u0646\" \/>\n<script type=\"application\/ld+json\" class=\"yoast-schema-graph\">{\"@context\":\"https:\\\/\\\/schema.org\",\"@graph\":[{\"@type\":\"WebPage\",\"@id\":\"https:\\\/\\\/cheliastore.dz\\\/ar\\\/\u0627\u0644\u0645\u0646\u062a\u062c\\\/pompe-centrifuge-de-surface-1-1kw-leo-acm150b2\\\/\",\"url\":\"https:\\\/\\\/cheliastore.dz\\\/ar\\\/\u0627\u0644\u0645\u0646\u062a\u062c\\\/pompe-centrifuge-de-surface-1-1kw-leo-acm150b2\\\/\",\"name\":\"Pompe Centrifuge de Surface 1.1kW LEO | ACm150B2 - CHELIA STORE\",\"isPartOf\":{\"@id\":\"https:\\\/\\\/cheliastore.dz\\\/#website\"},\"primaryImageOfPage\":{\"@id\":\"https:\\\/\\\/cheliastore.dz\\\/ar\\\/\u0627\u0644\u0645\u0646\u062a\u062c\\\/pompe-centrifuge-de-surface-1-1kw-leo-acm150b2\\\/#primaryimage\"},\"image\":{\"@id\":\"https:\\\/\\\/cheliastore.dz\\\/ar\\\/\u0627\u0644\u0645\u0646\u062a\u062c\\\/pompe-centrifuge-de-surface-1-1kw-leo-acm150b2\\\/#primaryimage\"},\"thumbnailUrl\":\"https:\\\/\\\/cheliastore.dz\\\/wp-content\\\/uploads\\\/2022\\\/03\\\/Pompe-de-surface-4.jpg\",\"datePublished\":\"2022-03-09T15:18:08+00:00\",\"dateModified\":\"2026-01-11T03:21:02+00:00\",\"description\":\"D\u00e9couvrez la Pompe Centrifuge de Surface 1.1kW LEO | ACm150B2 au meilleur prix en Algerie. De syst\u00e8me avec circulation ou un transfert rapide de liquide.\",\"breadcrumb\":{\"@id\":\"https:\\\/\\\/cheliastore.dz\\\/ar\\\/\u0627\u0644\u0645\u0646\u062a\u062c\\\/pompe-centrifuge-de-surface-1-1kw-leo-acm150b2\\\/#breadcrumb\"},\"inLanguage\":\"ar\",\"potentialAction\":[{\"@type\":\"ReadAction\",\"target\":[\"https:\\\/\\\/cheliastore.dz\\\/ar\\\/\u0627\u0644\u0645\u0646\u062a\u062c\\\/pompe-centrifuge-de-surface-1-1kw-leo-acm150b2\\\/\"]}]},{\"@type\":\"ImageObject\",\"inLanguage\":\"ar\",\"@id\":\"https:\\\/\\\/cheliastore.dz\\\/ar\\\/\u0627\u0644\u0645\u0646\u062a\u062c\\\/pompe-centrifuge-de-surface-1-1kw-leo-acm150b2\\\/#primaryimage\",\"url\":\"https:\\\/\\\/cheliastore.dz\\\/wp-content\\\/uploads\\\/2022\\\/03\\\/Pompe-de-surface-4.jpg\",\"contentUrl\":\"https:\\\/\\\/cheliastore.dz\\\/wp-content\\\/uploads\\\/2022\\\/03\\\/Pompe-de-surface-4.jpg\",\"width\":1000,\"height\":1000,\"caption\":\"Pompe Centrifuge de Surface 1.1kW LEO | ACm150B2\"},{\"@type\":\"BreadcrumbList\",\"@id\":\"https:\\\/\\\/cheliastore.dz\\\/ar\\\/\u0627\u0644\u0645\u0646\u062a\u062c\\\/pompe-centrifuge-de-surface-1-1kw-leo-acm150b2\\\/#breadcrumb\",\"itemListElement\":[{\"@type\":\"ListItem\",\"position\":1,\"name\":\"\u0627\u0644\u0631\u0626\u064a\u0633\u064a\u0629\",\"item\":\"https:\\\/\\\/cheliastore.dz\\\/ar\\\/\"},{\"@type\":\"ListItem\",\"position\":2,\"name\":\"Boutique\",\"item\":\"https:\\\/\\\/cheliastore.dz\\\/ar\\\/shop\\\/\"},{\"@type\":\"ListItem\",\"position\":3,\"name\":\"Pompe Centrifuge de Surface 1.1kW LEO | ACm150B2\"}]},{\"@type\":\"WebSite\",\"@id\":\"https:\\\/\\\/cheliastore.dz\\\/#website\",\"url\":\"https:\\\/\\\/cheliastore.dz\\\/\",\"name\":\"CHELIA STORE\",\"description\":\"CHELIA STORE\",\"publisher\":{\"@id\":\"https:\\\/\\\/cheliastore.dz\\\/#organization\"},\"potentialAction\":[{\"@type\":\"SearchAction\",\"target\":{\"@type\":\"EntryPoint\",\"urlTemplate\":\"https:\\\/\\\/cheliastore.dz\\\/?s={search_term_string}\"},\"query-input\":{\"@type\":\"PropertyValueSpecification\",\"valueRequired\":true,\"valueName\":\"search_term_string\"}}],\"inLanguage\":\"ar\"},{\"@type\":\"Organization\",\"@id\":\"https:\\\/\\\/cheliastore.dz\\\/#organization\",\"name\":\"Chelia Store\",\"url\":\"https:\\\/\\\/cheliastore.dz\\\/\",\"logo\":{\"@type\":\"ImageObject\",\"inLanguage\":\"ar\",\"@id\":\"https:\\\/\\\/cheliastore.dz\\\/#\\\/schema\\\/logo\\\/image\\\/\",\"url\":\"https:\\\/\\\/cheliastore.dz\\\/wp-content\\\/uploads\\\/2022\\\/01\\\/logo-final-250.png\",\"contentUrl\":\"https:\\\/\\\/cheliastore.dz\\\/wp-content\\\/uploads\\\/2022\\\/01\\\/logo-final-250.png\",\"width\":250,\"height\":78,\"caption\":\"Chelia Store\"},\"image\":{\"@id\":\"https:\\\/\\\/cheliastore.dz\\\/#\\\/schema\\\/logo\\\/image\\\/\"},\"sameAs\":[\"https:\\\/\\\/web.facebook.com\\\/cheliastore\",\"https:\\\/\\\/www.instagram.com\\\/quincaillerie.chelia\\\/\"]}]}<\/script>\n<!-- \/ Yoast SEO Premium plugin. -->","yoast_head_json":{"title":"Pompe Centrifuge de Surface 1.1kW LEO | ACm150B2 - CHELIA STORE","description":"D\u00e9couvrez la Pompe Centrifuge de Surface 1.1kW LEO | ACm150B2 au meilleur prix en Algerie. De syst\u00e8me avec circulation ou un transfert rapide de liquide.","robots":{"index":"index","follow":"follow","max-snippet":"max-snippet:-1","max-image-preview":"max-image-preview:large","max-video-preview":"max-video-preview:-1"},"canonical":"https:\/\/cheliastore.dz\/ar\/\u0627\u0644\u0645\u0646\u062a\u062c\/pompe-centrifuge-de-surface-1-1kw-leo-acm150b2\/","og_locale":"ar_AR","og_type":"article","og_title":"Pompe Centrifuge de Surface 1.1kW LEO | ACm150B2","og_description":"D\u00e9couvrez la Pompe Centrifuge de Surface 1.1kW LEO | ACm150B2 au meilleur prix en Algerie. De syst\u00e8me avec circulation ou un transfert rapide de liquide.","og_url":"https:\/\/cheliastore.dz\/ar\/\u0627\u0644\u0645\u0646\u062a\u062c\/pompe-centrifuge-de-surface-1-1kw-leo-acm150b2\/","og_site_name":"CHELIA STORE","article_publisher":"https:\/\/web.facebook.com\/cheliastore","article_modified_time":"2026-01-11T03:21:02+00:00","og_image":[{"width":1000,"height":1000,"url":"https:\/\/cheliastore.dz\/wp-content\/uploads\/2022\/03\/Pompe-de-surface-4.jpg","type":"image\/jpeg"}],"twitter_card":"summary_large_image","twitter_misc":{"\u0648\u0642\u062a \u0627\u0644\u0642\u0631\u0627\u0621\u0629 \u0627\u0644\u0645\u064f\u0642\u062f\u0651\u0631":"\u062f\u0642\u064a\u0642\u062a\u0627\u0646"},"schema":{"@context":"https:\/\/schema.org","@graph":[{"@type":"WebPage","@id":"https:\/\/cheliastore.dz\/ar\/\u0627\u0644\u0645\u0646\u062a\u062c\/pompe-centrifuge-de-surface-1-1kw-leo-acm150b2\/","url":"https:\/\/cheliastore.dz\/ar\/\u0627\u0644\u0645\u0646\u062a\u062c\/pompe-centrifuge-de-surface-1-1kw-leo-acm150b2\/","name":"Pompe Centrifuge de Surface 1.1kW LEO | ACm150B2 - CHELIA STORE","isPartOf":{"@id":"https:\/\/cheliastore.dz\/#website"},"primaryImageOfPage":{"@id":"https:\/\/cheliastore.dz\/ar\/\u0627\u0644\u0645\u0646\u062a\u062c\/pompe-centrifuge-de-surface-1-1kw-leo-acm150b2\/#primaryimage"},"image":{"@id":"https:\/\/cheliastore.dz\/ar\/\u0627\u0644\u0645\u0646\u062a\u062c\/pompe-centrifuge-de-surface-1-1kw-leo-acm150b2\/#primaryimage"},"thumbnailUrl":"https:\/\/cheliastore.dz\/wp-content\/uploads\/2022\/03\/Pompe-de-surface-4.jpg","datePublished":"2022-03-09T15:18:08+00:00","dateModified":"2026-01-11T03:21:02+00:00","description":"D\u00e9couvrez la Pompe Centrifuge de Surface 1.1kW LEO | ACm150B2 au meilleur prix en Algerie. De syst\u00e8me avec circulation ou un transfert rapide de liquide.","breadcrumb":{"@id":"https:\/\/cheliastore.dz\/ar\/\u0627\u0644\u0645\u0646\u062a\u062c\/pompe-centrifuge-de-surface-1-1kw-leo-acm150b2\/#breadcrumb"},"inLanguage":"ar","potentialAction":[{"@type":"ReadAction","target":["https:\/\/cheliastore.dz\/ar\/\u0627\u0644\u0645\u0646\u062a\u062c\/pompe-centrifuge-de-surface-1-1kw-leo-acm150b2\/"]}]},{"@type":"ImageObject","inLanguage":"ar","@id":"https:\/\/cheliastore.dz\/ar\/\u0627\u0644\u0645\u0646\u062a\u062c\/pompe-centrifuge-de-surface-1-1kw-leo-acm150b2\/#primaryimage","url":"https:\/\/cheliastore.dz\/wp-content\/uploads\/2022\/03\/Pompe-de-surface-4.jpg","contentUrl":"https:\/\/cheliastore.dz\/wp-content\/uploads\/2022\/03\/Pompe-de-surface-4.jpg","width":1000,"height":1000,"caption":"Pompe Centrifuge de Surface 1.1kW LEO | ACm150B2"},{"@type":"BreadcrumbList","@id":"https:\/\/cheliastore.dz\/ar\/\u0627\u0644\u0645\u0646\u062a\u062c\/pompe-centrifuge-de-surface-1-1kw-leo-acm150b2\/#breadcrumb","itemListElement":[{"@type":"ListItem","position":1,"name":"\u0627\u0644\u0631\u0626\u064a\u0633\u064a\u0629","item":"https:\/\/cheliastore.dz\/ar\/"},{"@type":"ListItem","position":2,"name":"Boutique","item":"https:\/\/cheliastore.dz\/ar\/shop\/"},{"@type":"ListItem","position":3,"name":"Pompe Centrifuge de Surface 1.1kW LEO | ACm150B2"}]},{"@type":"WebSite","@id":"https:\/\/cheliastore.dz\/#website","url":"https:\/\/cheliastore.dz\/","name":"CHELIA STORE","description":"CHELIA STORE","publisher":{"@id":"https:\/\/cheliastore.dz\/#organization"},"potentialAction":[{"@type":"SearchAction","target":{"@type":"EntryPoint","urlTemplate":"https:\/\/cheliastore.dz\/?s={search_term_string}"},"query-input":{"@type":"PropertyValueSpecification","valueRequired":true,"valueName":"search_term_string"}}],"inLanguage":"ar"},{"@type":"Organization","@id":"https:\/\/cheliastore.dz\/#organization","name":"Chelia Store","url":"https:\/\/cheliastore.dz\/","logo":{"@type":"ImageObject","inLanguage":"ar","@id":"https:\/\/cheliastore.dz\/#\/schema\/logo\/image\/","url":"https:\/\/cheliastore.dz\/wp-content\/uploads\/2022\/01\/logo-final-250.png","contentUrl":"https:\/\/cheliastore.dz\/wp-content\/uploads\/2022\/01\/logo-final-250.png","width":250,"height":78,"caption":"Chelia Store"},"image":{"@id":"https:\/\/cheliastore.dz\/#\/schema\/logo\/image\/"},"sameAs":["https:\/\/web.facebook.com\/cheliastore","https:\/\/www.instagram.com\/quincaillerie.chelia\/"]}]}},"_links":{"self":[{"href":"https:\/\/cheliastore.dz\/ar\/wp-json\/wp\/v2\/product\/48750","targetHints":{"allow":["GET"]}}],"collection":[{"href":"https:\/\/cheliastore.dz\/ar\/wp-json\/wp\/v2\/product"}],"about":[{"href":"https:\/\/cheliastore.dz\/ar\/wp-json\/wp\/v2\/types\/product"}],"replies":[{"embeddable":true,"href":"https:\/\/cheliastore.dz\/ar\/wp-json\/wp\/v2\/comments?post=48750"}],"version-history":[{"count":1,"href":"https:\/\/cheliastore.dz\/ar\/wp-json\/wp\/v2\/product\/48750\/revisions"}],"predecessor-version":[{"id":58174,"href":"https:\/\/cheliastore.dz\/ar\/wp-json\/wp\/v2\/product\/48750\/revisions\/58174"}],"wp:featuredmedia":[{"embeddable":true,"href":"https:\/\/cheliastore.dz\/ar\/wp-json\/wp\/v2\/media\/50004"}],"wp:attachment":[{"href":"https:\/\/cheliastore.dz\/ar\/wp-json\/wp\/v2\/media?parent=48750"}],"wp:term":[{"taxonomy":"product_brand","embeddable":true,"href":"https:\/\/cheliastore.dz\/ar\/wp-json\/wp\/v2\/product_brand?post=48750"},{"taxonomy":"product_cat","embeddable":true,"href":"https:\/\/cheliastore.dz\/ar\/wp-json\/wp\/v2\/product_cat?post=48750"},{"taxonomy":"product_tag","embeddable":true,"href":"https:\/\/cheliastore.dz\/ar\/wp-json\/wp\/v2\/product_tag?post=48750"}],"curies":[{"name":"wp","href":"https:\/\/api.w.org\/{rel}","templated":true}]}}