{"id":48720,"date":"2021-12-20T13:41:06","date_gmt":"2021-12-20T13:41:06","guid":{"rendered":"https:\/\/cheliastore.dz\/product\/pompe-peripherique-aqm-leo\/"},"modified":"2025-04-26T11:04:13","modified_gmt":"2025-04-26T11:04:13","slug":"pompe-aqm-leo","status":"publish","type":"product","link":"https:\/\/cheliastore.dz\/ar\/\u0627\u0644\u0645\u0646\u062a\u062c\/pompe-aqm-leo\/","title":{"rendered":"Pompe AQm LEO"},"content":{"rendered":"<h1><span data-sheets-root=\"1\">Pompe AQm LEO<\/span><\/h1>\n<div class=\"flex-1 overflow-hidden\">\n<div class=\"h-full\">\n<div class=\"react-scroll-to-bottom--css-jurnr-79elbk h-full\">\n<div class=\"react-scroll-to-bottom--css-jurnr-1n7m0yu\">\n<div class=\"flex flex-col text-sm md:pb-9\">\n<article class=\"w-full text-token-text-primary focus-visible:outline-2 focus-visible:outline-offset-[-4px]\" dir=\"auto\" tabindex=\"0\" data-testid=\"conversation-turn-455\" data-scroll-anchor=\"true\">\n<div class=\"text-base py-[18px] px-3 md:px-4 m-auto md:px-5\">\n<div class=\"mx-auto flex flex-1 gap-4 text-base md:gap-5 lg:gap-6 md:max-w-3xl lg:max-w-[40rem] xl:max-w-[48rem]\">\n<div class=\"group\/conversation-turn relative flex w-full min-w-0 flex-col agent-turn\">\n<div class=\"flex-col gap-1 md:gap-3\">\n<div class=\"flex max-w-full flex-col flex-grow\">\n<div class=\"min-h-[20px] text-message flex w-full flex-col items-end gap-2 whitespace-pre-wrap break-words [.text-message+&amp;]:mt-5 overflow-x-auto\" dir=\"auto\" data-message-author-role=\"assistant\" data-message-id=\"6f4de8bf-e349-45c3-b5ee-72bf1e701f2c\">\n<div class=\"flex w-full flex-col gap-1 empty:hidden first:pt-[3px]\">\n<div class=\"markdown prose w-full break-words dark:prose-invert light\">\n<p>La Pompe AQm LEO est une solution polyvalente et fiable pour divers besoins de pompage. Son design compact, son moteur efficace, et sa durabilit\u00e9 en font un choix id\u00e9al pour les applications domestiques et les petites installations industrielles. Facile \u00e0 installer et \u00e0 entretenir, elle garantit une performance constante et une longue dur\u00e9e de vie, r\u00e9pondant ainsi aux exigences des utilisateurs exigeants.<\/p>\n<h2><strong>Caract\u00e9ristiques <\/strong><\/h2>\n<ul>\n<li><strong>Conception Compacte :<\/strong> La pompe <strong>AQm<\/strong> est con\u00e7ue pour \u00eatre compacte, ce qui la rend facile \u00e0 installer dans des espaces restreints. Son design permet une int\u00e9gration discr\u00e8te dans les syst\u00e8mes d&#8217;alimentation en eau.<\/li>\n<li><strong>Moteur Performant :<\/strong> Dot\u00e9e d&#8217;un moteur \u00e9lectrique performant, cette pompe offre une puissance suffisante pour garantir un d\u00e9bit constant et une pression stable. Elle est adapt\u00e9e pour des t\u00e2ches de pompage d&#8217;eau claire dans des environnements domestiques ou professionnels.<\/li>\n<\/ul>\n<blockquote class=\"wp-embedded-content\" data-secret=\"Ds1a67QL0F\"><p><a href=\"https:\/\/cheliastore.dz\/product\/pompe-fontaine-100w-leo-xkf-110p\/\">Pompe Fontaine 100W LEO | XKF-110P<\/a><\/p><\/blockquote>\n<p><iframe class=\"wp-embedded-content\" sandbox=\"allow-scripts\" security=\"restricted\" style=\"position: absolute; visibility: hidden;\" title=\"&#8220;Pompe Fontaine 100W LEO | XKF-110P&#8221; &#8212; CHELIA STORE\" src=\"https:\/\/cheliastore.dz\/product\/pompe-fontaine-100w-leo-xkf-110p\/embed\/#?secret=tIEBI59OBt#?secret=Ds1a67QL0F\" data-secret=\"Ds1a67QL0F\" width=\"500\" height=\"282\" frameborder=\"0\" marginwidth=\"0\" marginheight=\"0\" scrolling=\"no\"><\/iframe><\/p>\n<ul>\n<li><strong>Corps Robuste :<\/strong> Le corps de la pompe est g\u00e9n\u00e9ralement fabriqu\u00e9 en fonte ou en aluminium, assurant ainsi une grande r\u00e9sistance \u00e0 la corrosion et une longue dur\u00e9e de vie, m\u00eame en utilisation r\u00e9guli\u00e8re.<\/li>\n<li><strong>Protection Thermique :<\/strong> Comme de nombreuses pompes <strong>LEO<\/strong>, le mod\u00e8le <strong>AQm<\/strong> est \u00e9quip\u00e9 d&#8217;une protection thermique int\u00e9gr\u00e9e pour pr\u00e9venir les risques de surchauffe, ce qui prot\u00e8ge le moteur et prolonge sa dur\u00e9e de vie.<\/li>\n<li><strong>Pompage Efficace :<\/strong> La technologie p\u00e9riph\u00e9rique de cette pompe permet un pompage efficace avec une consommation d&#8217;\u00e9nergie mod\u00e9r\u00e9e, ce qui en fait une solution \u00e9conomique pour diverses applications.<\/li>\n<\/ul>\n<h3><strong>Applications\u00a0<\/strong><\/h3>\n<ul>\n<li><strong>Alimentation en Eau Domestique :<\/strong> Parfaitement adapt\u00e9e pour les syst\u00e8mes d&#8217;alimentation en eau dans les maisons individuelles, les petits immeubles, et les jardins. Elle peut \u00eatre utilis\u00e9e pour l&#8217;irrigation, le transfert d&#8217;eau, et l&#8217;augmentation de la pression dans des circuits domestiques.<\/li>\n<li><strong>Irrigation :<\/strong> Convient pour l&#8217;irrigation des jardins et des petites exploitations agricoles, offrant une distribution d&#8217;eau fiable et sous pression.<\/li>\n<\/ul>\n<blockquote class=\"wp-embedded-content\" data-secret=\"genzYrxxiF\"><p><a href=\"https:\/\/cheliastore.dz\/product\/pompe-eau-vertical-pedrollo\/\">Pompe \u00e0 eau vertical PEDROLLO<\/a><\/p><\/blockquote>\n<p><iframe class=\"wp-embedded-content\" sandbox=\"allow-scripts\" security=\"restricted\" style=\"position: absolute; visibility: hidden;\" title=\"&#8220;Pompe \u00e0 eau vertical PEDROLLO&#8221; &#8212; CHELIA STORE\" src=\"https:\/\/cheliastore.dz\/product\/pompe-eau-vertical-pedrollo\/embed\/#?secret=aIjINbxkNd#?secret=genzYrxxiF\" data-secret=\"genzYrxxiF\" width=\"500\" height=\"282\" frameborder=\"0\" marginwidth=\"0\" marginheight=\"0\" scrolling=\"no\"><\/iframe><\/p>\n<ul>\n<li><strong>Applications Industrielles L\u00e9g\u00e8res :<\/strong> Peut \u00eatre utilis\u00e9e dans des environnements industriels l\u00e9gers, tels que le transfert de liquides non corrosifs dans de petites usines ou ateliers.<\/li>\n<li><strong>Syst\u00e8mes de Chauffage et de Climatisation :<\/strong> Gr\u00e2ce \u00e0 sa capacit\u00e9 \u00e0 maintenir une pression stable, la pompe <strong>AQm<\/strong> peut \u00eatre int\u00e9gr\u00e9e dans des syst\u00e8mes de chauffage central ou de climatisation, assurant une circulation efficace de l&#8217;eau.<\/li>\n<\/ul>\n<\/div>\n<\/div>\n<\/div>\n<\/div>\n<\/div>\n<\/div>\n<\/div>\n<\/div>\n<\/article>\n<\/div>\n<\/div>\n<\/div>\n<\/div>\n<\/div>\n<div class=\"md:pt-0 dark:border-white\/20 md:border-transparent md:dark:border-transparent w-full\">\n<div class=\"text-base px-3 md:px-4 m-auto md:px-5\">\n<div class=\"mx-auto flex flex-1 gap-4 text-base md:gap-5 lg:gap-6 md:max-w-3xl lg:max-w-[40rem] xl:max-w-[48rem]\">\n<form class=\"w-full\" aria-haspopup=\"dialog\" aria-expanded=\"false\" aria-controls=\"radix-:r2:\" data-state=\"closed\">\n<div class=\"relative flex h-full max-w-full flex-1 flex-col\">\n<div class=\"flex w-full items-center\">\n<div class=\"flex w-full flex-col gap-1.5 rounded-[26px] p-1.5 transition-colors bg-[#f4f4f4] dark:bg-token-main-surface-secondary\">\n<div class=\"flex items-end gap-1.5 md:gap-2\">\n<div class=\"flex min-w-0 flex-1 flex-col\">\n<blockquote><p><span style=\"font-weight: 400;\">Vous pouvez trouver des produits similaires sur notre site Web<\/span><a href=\"https:\/\/cheliastore.dz\/ar\/\"><span style=\"font-weight: 400;\"> chelia store<\/span><\/a><\/p><\/blockquote>\n<\/div>\n<\/div>\n<\/div>\n<\/div>\n<\/div>\n<\/form>\n<\/div>\n<\/div>\n<\/div>\n","protected":false},"excerpt":{"rendered":"<p>La Pompe AQm de LEO est une pompe p\u00e9riph\u00e9rique sp\u00e9cialement con\u00e7ue pour r\u00e9pondre \u00e0 une vari\u00e9t\u00e9 de besoins en mati\u00e8re de pompage d&#8217;eau. Compacte, efficace, et durable, cette pompe est id\u00e9ale pour une utilisation domestique ainsi que pour certaines applications industrielles l\u00e9g\u00e8res.<\/p>\n","protected":false},"featured_media":50189,"comment_status":"open","ping_status":"closed","template":"","meta":{"_editorskit_title_hidden":false,"_editorskit_reading_time":0,"_editorskit_is_block_options_detached":false,"_editorskit_block_options_position":"{}"},"product_brand":[],"product_cat":[6671,6842],"product_tag":[],"class_list":{"0":"post-48720","1":"product","2":"type-product","3":"status-publish","4":"has-post-thumbnail","6":"product_cat-6671","7":"product_cat-6842","8":"pa_brand-leo-ar","10":"first","11":"outofstock","12":"shipping-taxable","13":"purchasable","14":"product-type-simple"},"yoast_head":"<!-- This site is optimized with the Yoast SEO Premium plugin v25.4 (Yoast SEO v27.4) - https:\/\/yoast.com\/product\/yoast-seo-premium-wordpress\/ -->\n<title>Pompe AQm LEO - CHELIA STORE<\/title>\n<meta name=\"description\" content=\"D\u00e9couvrez la Pompe AQm LEO au meilleur prix en Algerie. id\u00e9al pour les applications domestiques et les petites installations industrielles.\" \/>\n<meta name=\"robots\" content=\"index, follow, max-snippet:-1, max-image-preview:large, max-video-preview:-1\" \/>\n<link rel=\"canonical\" href=\"https:\/\/cheliastore.dz\/\u0627\u0644\u0645\u0646\u062a\u062c\/pompe-aqm-leo\/\" \/>\n<meta property=\"og:locale\" content=\"ar_AR\" \/>\n<meta property=\"og:type\" content=\"article\" \/>\n<meta property=\"og:title\" content=\"Pompe AQm LEO\" \/>\n<meta property=\"og:description\" content=\"D\u00e9couvrez la Pompe AQm LEO au meilleur prix en Algerie. id\u00e9al pour les applications domestiques et les petites installations industrielles.\" \/>\n<meta property=\"og:url\" content=\"https:\/\/cheliastore.dz\/\u0627\u0644\u0645\u0646\u062a\u062c\/pompe-aqm-leo\/\" \/>\n<meta property=\"og:site_name\" content=\"CHELIA STORE\" \/>\n<meta property=\"article:publisher\" content=\"https:\/\/web.facebook.com\/cheliastore\" \/>\n<meta property=\"article:modified_time\" content=\"2025-04-26T11:04:13+00:00\" \/>\n<meta property=\"og:image\" content=\"https:\/\/cheliastore.dz\/wp-content\/uploads\/2021\/12\/Pompe-AQm-LEO.jpg\" \/>\n\t<meta property=\"og:image:width\" content=\"1000\" \/>\n\t<meta property=\"og:image:height\" content=\"1000\" \/>\n\t<meta property=\"og:image:type\" content=\"image\/jpeg\" \/>\n<meta name=\"twitter:card\" content=\"summary_large_image\" \/>\n<meta name=\"twitter:label1\" content=\"\u0648\u0642\u062a \u0627\u0644\u0642\u0631\u0627\u0621\u0629 \u0627\u0644\u0645\u064f\u0642\u062f\u0651\u0631\" \/>\n\t<meta name=\"twitter:data1\" content=\"\u062f\u0642\u064a\u0642\u062a\u0627\u0646\" \/>\n<script type=\"application\/ld+json\" class=\"yoast-schema-graph\">{\"@context\":\"https:\\\/\\\/schema.org\",\"@graph\":[{\"@type\":\"WebPage\",\"@id\":\"https:\\\/\\\/cheliastore.dz\\\/\u0627\u0644\u0645\u0646\u062a\u062c\\\/pompe-aqm-leo\\\/\",\"url\":\"https:\\\/\\\/cheliastore.dz\\\/\u0627\u0644\u0645\u0646\u062a\u062c\\\/pompe-aqm-leo\\\/\",\"name\":\"Pompe AQm LEO - CHELIA STORE\",\"isPartOf\":{\"@id\":\"https:\\\/\\\/cheliastore.dz\\\/#website\"},\"primaryImageOfPage\":{\"@id\":\"https:\\\/\\\/cheliastore.dz\\\/\u0627\u0644\u0645\u0646\u062a\u062c\\\/pompe-aqm-leo\\\/#primaryimage\"},\"image\":{\"@id\":\"https:\\\/\\\/cheliastore.dz\\\/\u0627\u0644\u0645\u0646\u062a\u062c\\\/pompe-aqm-leo\\\/#primaryimage\"},\"thumbnailUrl\":\"https:\\\/\\\/cheliastore.dz\\\/wp-content\\\/uploads\\\/2021\\\/12\\\/Pompe-AQm-LEO.jpg\",\"datePublished\":\"2021-12-20T13:41:06+00:00\",\"dateModified\":\"2025-04-26T11:04:13+00:00\",\"description\":\"D\u00e9couvrez la Pompe AQm LEO au meilleur prix en Algerie. id\u00e9al pour les applications domestiques et les petites installations industrielles.\",\"breadcrumb\":{\"@id\":\"https:\\\/\\\/cheliastore.dz\\\/\u0627\u0644\u0645\u0646\u062a\u062c\\\/pompe-aqm-leo\\\/#breadcrumb\"},\"inLanguage\":\"ar\",\"potentialAction\":[{\"@type\":\"ReadAction\",\"target\":[\"https:\\\/\\\/cheliastore.dz\\\/\u0627\u0644\u0645\u0646\u062a\u062c\\\/pompe-aqm-leo\\\/\"]}]},{\"@type\":\"ImageObject\",\"inLanguage\":\"ar\",\"@id\":\"https:\\\/\\\/cheliastore.dz\\\/\u0627\u0644\u0645\u0646\u062a\u062c\\\/pompe-aqm-leo\\\/#primaryimage\",\"url\":\"https:\\\/\\\/cheliastore.dz\\\/wp-content\\\/uploads\\\/2021\\\/12\\\/Pompe-AQm-LEO.jpg\",\"contentUrl\":\"https:\\\/\\\/cheliastore.dz\\\/wp-content\\\/uploads\\\/2021\\\/12\\\/Pompe-AQm-LEO.jpg\",\"width\":1000,\"height\":1000,\"caption\":\"Pompe AQm LEO\"},{\"@type\":\"BreadcrumbList\",\"@id\":\"https:\\\/\\\/cheliastore.dz\\\/\u0627\u0644\u0645\u0646\u062a\u062c\\\/pompe-aqm-leo\\\/#breadcrumb\",\"itemListElement\":[{\"@type\":\"ListItem\",\"position\":1,\"name\":\"\u0627\u0644\u0631\u0626\u064a\u0633\u064a\u0629\",\"item\":\"https:\\\/\\\/cheliastore.dz\\\/ar\\\/\"},{\"@type\":\"ListItem\",\"position\":2,\"name\":\"Boutique\",\"item\":\"https:\\\/\\\/cheliastore.dz\\\/ar\\\/shop\\\/\"},{\"@type\":\"ListItem\",\"position\":3,\"name\":\"Pompe AQm LEO\"}]},{\"@type\":\"WebSite\",\"@id\":\"https:\\\/\\\/cheliastore.dz\\\/#website\",\"url\":\"https:\\\/\\\/cheliastore.dz\\\/\",\"name\":\"CHELIA STORE\",\"description\":\"CHELIA STORE\",\"publisher\":{\"@id\":\"https:\\\/\\\/cheliastore.dz\\\/#organization\"},\"potentialAction\":[{\"@type\":\"SearchAction\",\"target\":{\"@type\":\"EntryPoint\",\"urlTemplate\":\"https:\\\/\\\/cheliastore.dz\\\/?s={search_term_string}\"},\"query-input\":{\"@type\":\"PropertyValueSpecification\",\"valueRequired\":true,\"valueName\":\"search_term_string\"}}],\"inLanguage\":\"ar\"},{\"@type\":\"Organization\",\"@id\":\"https:\\\/\\\/cheliastore.dz\\\/#organization\",\"name\":\"Chelia Store\",\"url\":\"https:\\\/\\\/cheliastore.dz\\\/\",\"logo\":{\"@type\":\"ImageObject\",\"inLanguage\":\"ar\",\"@id\":\"https:\\\/\\\/cheliastore.dz\\\/#\\\/schema\\\/logo\\\/image\\\/\",\"url\":\"https:\\\/\\\/cheliastore.dz\\\/wp-content\\\/uploads\\\/2022\\\/01\\\/logo-final-250.png\",\"contentUrl\":\"https:\\\/\\\/cheliastore.dz\\\/wp-content\\\/uploads\\\/2022\\\/01\\\/logo-final-250.png\",\"width\":250,\"height\":78,\"caption\":\"Chelia Store\"},\"image\":{\"@id\":\"https:\\\/\\\/cheliastore.dz\\\/#\\\/schema\\\/logo\\\/image\\\/\"},\"sameAs\":[\"https:\\\/\\\/web.facebook.com\\\/cheliastore\",\"https:\\\/\\\/www.instagram.com\\\/quincaillerie.chelia\\\/\"]}]}<\/script>\n<!-- \/ Yoast SEO Premium plugin. -->","yoast_head_json":{"title":"Pompe AQm LEO - CHELIA STORE","description":"D\u00e9couvrez la Pompe AQm LEO au meilleur prix en Algerie. id\u00e9al pour les applications domestiques et les petites installations industrielles.","robots":{"index":"index","follow":"follow","max-snippet":"max-snippet:-1","max-image-preview":"max-image-preview:large","max-video-preview":"max-video-preview:-1"},"canonical":"https:\/\/cheliastore.dz\/\u0627\u0644\u0645\u0646\u062a\u062c\/pompe-aqm-leo\/","og_locale":"ar_AR","og_type":"article","og_title":"Pompe AQm LEO","og_description":"D\u00e9couvrez la Pompe AQm LEO au meilleur prix en Algerie. id\u00e9al pour les applications domestiques et les petites installations industrielles.","og_url":"https:\/\/cheliastore.dz\/\u0627\u0644\u0645\u0646\u062a\u062c\/pompe-aqm-leo\/","og_site_name":"CHELIA STORE","article_publisher":"https:\/\/web.facebook.com\/cheliastore","article_modified_time":"2025-04-26T11:04:13+00:00","og_image":[{"width":1000,"height":1000,"url":"https:\/\/cheliastore.dz\/wp-content\/uploads\/2021\/12\/Pompe-AQm-LEO.jpg","type":"image\/jpeg"}],"twitter_card":"summary_large_image","twitter_misc":{"\u0648\u0642\u062a \u0627\u0644\u0642\u0631\u0627\u0621\u0629 \u0627\u0644\u0645\u064f\u0642\u062f\u0651\u0631":"\u062f\u0642\u064a\u0642\u062a\u0627\u0646"},"schema":{"@context":"https:\/\/schema.org","@graph":[{"@type":"WebPage","@id":"https:\/\/cheliastore.dz\/\u0627\u0644\u0645\u0646\u062a\u062c\/pompe-aqm-leo\/","url":"https:\/\/cheliastore.dz\/\u0627\u0644\u0645\u0646\u062a\u062c\/pompe-aqm-leo\/","name":"Pompe AQm LEO - CHELIA STORE","isPartOf":{"@id":"https:\/\/cheliastore.dz\/#website"},"primaryImageOfPage":{"@id":"https:\/\/cheliastore.dz\/\u0627\u0644\u0645\u0646\u062a\u062c\/pompe-aqm-leo\/#primaryimage"},"image":{"@id":"https:\/\/cheliastore.dz\/\u0627\u0644\u0645\u0646\u062a\u062c\/pompe-aqm-leo\/#primaryimage"},"thumbnailUrl":"https:\/\/cheliastore.dz\/wp-content\/uploads\/2021\/12\/Pompe-AQm-LEO.jpg","datePublished":"2021-12-20T13:41:06+00:00","dateModified":"2025-04-26T11:04:13+00:00","description":"D\u00e9couvrez la Pompe AQm LEO au meilleur prix en Algerie. id\u00e9al pour les applications domestiques et les petites installations industrielles.","breadcrumb":{"@id":"https:\/\/cheliastore.dz\/\u0627\u0644\u0645\u0646\u062a\u062c\/pompe-aqm-leo\/#breadcrumb"},"inLanguage":"ar","potentialAction":[{"@type":"ReadAction","target":["https:\/\/cheliastore.dz\/\u0627\u0644\u0645\u0646\u062a\u062c\/pompe-aqm-leo\/"]}]},{"@type":"ImageObject","inLanguage":"ar","@id":"https:\/\/cheliastore.dz\/\u0627\u0644\u0645\u0646\u062a\u062c\/pompe-aqm-leo\/#primaryimage","url":"https:\/\/cheliastore.dz\/wp-content\/uploads\/2021\/12\/Pompe-AQm-LEO.jpg","contentUrl":"https:\/\/cheliastore.dz\/wp-content\/uploads\/2021\/12\/Pompe-AQm-LEO.jpg","width":1000,"height":1000,"caption":"Pompe AQm LEO"},{"@type":"BreadcrumbList","@id":"https:\/\/cheliastore.dz\/\u0627\u0644\u0645\u0646\u062a\u062c\/pompe-aqm-leo\/#breadcrumb","itemListElement":[{"@type":"ListItem","position":1,"name":"\u0627\u0644\u0631\u0626\u064a\u0633\u064a\u0629","item":"https:\/\/cheliastore.dz\/ar\/"},{"@type":"ListItem","position":2,"name":"Boutique","item":"https:\/\/cheliastore.dz\/ar\/shop\/"},{"@type":"ListItem","position":3,"name":"Pompe AQm LEO"}]},{"@type":"WebSite","@id":"https:\/\/cheliastore.dz\/#website","url":"https:\/\/cheliastore.dz\/","name":"CHELIA STORE","description":"CHELIA STORE","publisher":{"@id":"https:\/\/cheliastore.dz\/#organization"},"potentialAction":[{"@type":"SearchAction","target":{"@type":"EntryPoint","urlTemplate":"https:\/\/cheliastore.dz\/?s={search_term_string}"},"query-input":{"@type":"PropertyValueSpecification","valueRequired":true,"valueName":"search_term_string"}}],"inLanguage":"ar"},{"@type":"Organization","@id":"https:\/\/cheliastore.dz\/#organization","name":"Chelia Store","url":"https:\/\/cheliastore.dz\/","logo":{"@type":"ImageObject","inLanguage":"ar","@id":"https:\/\/cheliastore.dz\/#\/schema\/logo\/image\/","url":"https:\/\/cheliastore.dz\/wp-content\/uploads\/2022\/01\/logo-final-250.png","contentUrl":"https:\/\/cheliastore.dz\/wp-content\/uploads\/2022\/01\/logo-final-250.png","width":250,"height":78,"caption":"Chelia Store"},"image":{"@id":"https:\/\/cheliastore.dz\/#\/schema\/logo\/image\/"},"sameAs":["https:\/\/web.facebook.com\/cheliastore","https:\/\/www.instagram.com\/quincaillerie.chelia\/"]}]}},"_links":{"self":[{"href":"https:\/\/cheliastore.dz\/ar\/wp-json\/wp\/v2\/product\/48720","targetHints":{"allow":["GET"]}}],"collection":[{"href":"https:\/\/cheliastore.dz\/ar\/wp-json\/wp\/v2\/product"}],"about":[{"href":"https:\/\/cheliastore.dz\/ar\/wp-json\/wp\/v2\/types\/product"}],"replies":[{"embeddable":true,"href":"https:\/\/cheliastore.dz\/ar\/wp-json\/wp\/v2\/comments?post=48720"}],"version-history":[{"count":1,"href":"https:\/\/cheliastore.dz\/ar\/wp-json\/wp\/v2\/product\/48720\/revisions"}],"predecessor-version":[{"id":73803,"href":"https:\/\/cheliastore.dz\/ar\/wp-json\/wp\/v2\/product\/48720\/revisions\/73803"}],"wp:featuredmedia":[{"embeddable":true,"href":"https:\/\/cheliastore.dz\/ar\/wp-json\/wp\/v2\/media\/50189"}],"wp:attachment":[{"href":"https:\/\/cheliastore.dz\/ar\/wp-json\/wp\/v2\/media?parent=48720"}],"wp:term":[{"taxonomy":"product_brand","embeddable":true,"href":"https:\/\/cheliastore.dz\/ar\/wp-json\/wp\/v2\/product_brand?post=48720"},{"taxonomy":"product_cat","embeddable":true,"href":"https:\/\/cheliastore.dz\/ar\/wp-json\/wp\/v2\/product_cat?post=48720"},{"taxonomy":"product_tag","embeddable":true,"href":"https:\/\/cheliastore.dz\/ar\/wp-json\/wp\/v2\/product_tag?post=48720"}],"curies":[{"name":"wp","href":"https:\/\/api.w.org\/{rel}","templated":true}]}}