{"id":48554,"date":"2022-05-10T08:12:50","date_gmt":"2022-05-10T08:12:50","guid":{"rendered":"https:\/\/cheliastore.dz\/product\/pompe-2-turbine-shimge-silencieuse\/"},"modified":"2026-01-11T03:08:29","modified_gmt":"2026-01-11T03:08:29","slug":"pompe-2-turbine-silencieuse-shimge","status":"publish","type":"product","link":"https:\/\/cheliastore.dz\/ar\/\u0627\u0644\u0645\u0646\u062a\u062c\/pompe-2-turbine-silencieuse-shimge\/","title":{"rendered":"Pompe \u00e0 eau 2 turbine silencieuse SHIMGE"},"content":{"rendered":"<h1>Pompe 2 turbine silencieuse SHIMGE<\/h1>\n<div class=\"flex max-w-full flex-col flex-grow\">\n<div class=\"min-h-[20px] text-message flex w-full flex-col items-end gap-2 whitespace-pre-wrap break-words [.text-message+&amp;]:mt-5 overflow-x-auto\" dir=\"auto\" data-message-author-role=\"assistant\" data-message-id=\"a2df283d-8b9a-4829-a309-6738ae76c2ba\">\n<div class=\"flex w-full flex-col gap-1 empty:hidden first:pt-[3px]\">\n<div class=\"markdown prose w-full break-words dark:prose-invert light\">\n<p>La Pompe 2 turbine silencieuse SHIMGE est con\u00e7ue pour offrir une performance fiable tout en minimisant le bruit, ce qui en fait un choix excellent pour les applications o\u00f9 le confort et l&#8217;efficacit\u00e9 sont primordiaux. Permet de maintenir une bonne pression de l&#8217;eau tout en garantissant un fonctionnement efficace. Le design silencieux en fait un choix id\u00e9al pour les environnements o\u00f9 le bruit doit \u00eatre minimis\u00e9, comme dans les r\u00e9sidences ou les espaces publics.<\/p>\n<blockquote class=\"wp-embedded-content\" data-secret=\"Xu49gb4pYJ\"><p><a href=\"https:\/\/cheliastore.dz\/product\/pompe-a-eau-silencieuse-3-turbines-shimge\/\">Pompe \u00e0 eau silencieuse 3 turbines SHIMGE<\/a><\/p><\/blockquote>\n<p><iframe class=\"wp-embedded-content\" sandbox=\"allow-scripts\" security=\"restricted\" style=\"position: absolute; visibility: hidden;\" title=\"&#8220;Pompe \u00e0 eau silencieuse 3 turbines SHIMGE&#8221; &#8212; CHELIA STORE\" src=\"https:\/\/cheliastore.dz\/product\/pompe-a-eau-silencieuse-3-turbines-shimge\/embed\/#?secret=LuiSa3tZlp#?secret=Xu49gb4pYJ\" data-secret=\"Xu49gb4pYJ\" width=\"500\" height=\"282\" frameborder=\"0\" marginwidth=\"0\" marginheight=\"0\" scrolling=\"no\"><\/iframe><\/p>\n<\/div>\n<\/div>\n<\/div>\n<\/div>\n<h2><strong>Applications\u00a0<\/strong><\/h2>\n<ul>\n<li>Approvisionnement en eau pour les maisons et les petits b\u00e2timents commerciaux.<\/li>\n<li>Syst\u00e8mes d&#8217;irrigation pour jardins et petites exploitations agricoles.<\/li>\n<li>Syst\u00e8mes de pompage dans les petites installations industrielles.<\/li>\n<li>Renforcement de la pression dans les syst\u00e8mes de plomberie domestiques.<\/li>\n<\/ul>\n<h3><strong>Caract\u00e9ristiques de la Pompe\u00a0\u00a0<\/strong><\/h3>\n<ul>\n<li><strong>Monophas\u00e9<\/strong> 220V\/50Hz<\/li>\n<li><strong>Triphas\u00e9 :<\/strong> 380V\/50Hz<\/li>\n<li><strong>Moteur :<\/strong>\u00a0moteur asynchrone \u00e0 2 p\u00f4les, fils de cuivre, protecteur thermique int\u00e9gr\u00e9, refroidissement par ventilateur enti\u00e8rement ferm\u00e9, fonctionnement continu<\/li>\n<li><strong>Protection :<\/strong>\u00a0IP44<\/li>\n<li><strong>Isolation :<\/strong> Classe B.<\/li>\n<\/ul>\n<blockquote class=\"wp-embedded-content\" data-secret=\"vn69nl1stb\"><p><a href=\"https:\/\/cheliastore.dz\/product\/pompe-silencieuse-5-turbines-pedrollo\/\">Pompe silencieuse 5 turbines PEDROLLO<\/a><\/p><\/blockquote>\n<p><iframe class=\"wp-embedded-content\" sandbox=\"allow-scripts\" security=\"restricted\" style=\"position: absolute; visibility: hidden;\" title=\"&#8220;Pompe silencieuse 5 turbines PEDROLLO&#8221; &#8212; CHELIA STORE\" src=\"https:\/\/cheliastore.dz\/product\/pompe-silencieuse-5-turbines-pedrollo\/embed\/#?secret=2Hhm3k4lQO#?secret=vn69nl1stb\" data-secret=\"vn69nl1stb\" width=\"500\" height=\"282\" frameborder=\"0\" marginwidth=\"0\" marginheight=\"0\" scrolling=\"no\"><\/iframe><\/p>\n<h3>Avantages de Pompe 2 turbine silencieuse<\/h3>\n<ul>\n<li><strong>Silencieuse :<\/strong> Fonctionnement \u00e0 faible bruit, parfait pour les environnements domestiques.<\/li>\n<li><strong>Bonne pression :<\/strong> Maintient une pression ad\u00e9quate pour la plupart des applications r\u00e9sidentielles.<\/li>\n<li><strong>Compacte et durable :<\/strong> Design robuste pour une longue dur\u00e9e de vie.<\/li>\n<li><strong>Polyvalente :<\/strong> Convient \u00e0 une vari\u00e9t\u00e9 d&#8217;applications, y compris les syst\u00e8mes r\u00e9sidentiels, agricoles, et industriels l\u00e9gers.<\/li>\n<\/ul>\n<blockquote><p><span style=\"font-weight: 400;\">Vous pouvez trouver des produits similaires sur notre site Web<\/span><a href=\"https:\/\/cheliastore.dz\/ar\/\"><span style=\"font-weight: 400;\"> chelia store<\/span><\/a><\/p><\/blockquote>\n","protected":false},"excerpt":{"rendered":"<p>La Pompe 2 Turbine Shimge Silencieuse est une pompe \u00e0 eau performante et fiable, con\u00e7ue pour offrir une pression d&#8217;eau stable avec un fonctionnement silencieux. Elle est adapt\u00e9e pour une utilisation dans les syst\u00e8mes domestiques, agricoles et industriels.<\/p>\n<p>Fonctionnalit\u00e9s<br \/>\nCorps de pompe de traction press\u00e9 en acier inoxydable 304 et couvercle de pompe<br \/>\nConception d\u2019optimisation hydraulique, excellentes performances<br \/>\nBuse, palette de guidage et la roue PPO en plastique technique<br \/>\nLes produits sont complets dans les sp\u00e9cifications, r\u00e9pondent aux normes de l\u2019eau potable<\/p>\n<p>Moteur<br \/>\nMonophas\u00e9 220V\/50Hz<br \/>\nTriphas\u00e9 380V\/50Hz<br \/>\nMoteur: moteur asynchrone \u00e0 2 p\u00f4les, fils de cuivre, protecteur thermique int\u00e9gr\u00e9, refroidissement par ventilateur enti\u00e8rement ferm\u00e9, fonctionnement continu<br \/>\nProtection: IP44<br \/>\nIsolation : Classe B<\/p>\n<p>Disponible en option sur demande<br \/>\nRoulement NSK<br \/>\nMoteur dont la classe d\u2019isolation est F<br \/>\nL\u2019autre tension ou fr\u00e9quence est de 60Hz<\/p>\n","protected":false},"featured_media":49715,"comment_status":"open","ping_status":"closed","template":"","meta":{"_editorskit_title_hidden":false,"_editorskit_reading_time":0,"_editorskit_is_block_options_detached":false,"_editorskit_block_options_position":"{}"},"product_brand":[],"product_cat":[6671,6842],"product_tag":[],"class_list":{"0":"post-48554","1":"product","2":"type-product","3":"status-publish","4":"has-post-thumbnail","6":"product_cat-6671","7":"product_cat-6842","8":"pa_brand-shimge-ar","10":"first","11":"outofstock","12":"shipping-taxable","13":"purchasable","14":"product-type-simple"},"yoast_head":"<!-- This site is optimized with the Yoast SEO Premium plugin v25.4 (Yoast SEO v27.4) - https:\/\/yoast.com\/product\/yoast-seo-premium-wordpress\/ -->\n<title>Pompe \u00e0 eau 2 turbine silencieuse SHIMGE - CHELIA STORE<\/title>\n<meta name=\"description\" content=\"D\u00e9couvrez le Pompe 2 turbine silencieuse SHIMGE au meilleur prix en Algerie. Pour une utilisation dans les syst\u00e8mes domestiques, agricoles et industriels.\" \/>\n<meta name=\"robots\" content=\"index, follow, max-snippet:-1, max-image-preview:large, max-video-preview:-1\" \/>\n<link rel=\"canonical\" href=\"https:\/\/cheliastore.dz\/ar\/\u0627\u0644\u0645\u0646\u062a\u062c\/pompe-2-turbine-silencieuse-shimge\/\" \/>\n<meta property=\"og:locale\" content=\"ar_AR\" \/>\n<meta property=\"og:type\" content=\"article\" \/>\n<meta property=\"og:title\" content=\"Pompe \u00e0 eau 2 turbine silencieuse SHIMGE\" \/>\n<meta property=\"og:description\" content=\"D\u00e9couvrez le Pompe 2 turbine silencieuse SHIMGE au meilleur prix en Algerie. Pour une utilisation dans les syst\u00e8mes domestiques, agricoles et industriels.\" \/>\n<meta property=\"og:url\" content=\"https:\/\/cheliastore.dz\/ar\/\u0627\u0644\u0645\u0646\u062a\u062c\/pompe-2-turbine-silencieuse-shimge\/\" \/>\n<meta property=\"og:site_name\" content=\"CHELIA STORE\" \/>\n<meta property=\"article:publisher\" content=\"https:\/\/web.facebook.com\/cheliastore\" \/>\n<meta property=\"article:modified_time\" content=\"2026-01-11T03:08:29+00:00\" \/>\n<meta property=\"og:image\" content=\"https:\/\/cheliastore.dz\/wp-content\/uploads\/2022\/05\/Pompe-2-turbine-silencieuse-SHIMGE.jpg\" \/>\n\t<meta property=\"og:image:width\" content=\"1000\" \/>\n\t<meta property=\"og:image:height\" content=\"1000\" \/>\n\t<meta property=\"og:image:type\" content=\"image\/jpeg\" \/>\n<meta name=\"twitter:card\" content=\"summary_large_image\" \/>\n<meta name=\"twitter:label1\" content=\"\u0648\u0642\u062a \u0627\u0644\u0642\u0631\u0627\u0621\u0629 \u0627\u0644\u0645\u064f\u0642\u062f\u0651\u0631\" \/>\n\t<meta name=\"twitter:data1\" content=\"\u062f\u0642\u064a\u0642\u062a\u0627\u0646\" \/>\n<script type=\"application\/ld+json\" class=\"yoast-schema-graph\">{\"@context\":\"https:\\\/\\\/schema.org\",\"@graph\":[{\"@type\":\"WebPage\",\"@id\":\"https:\\\/\\\/cheliastore.dz\\\/ar\\\/\u0627\u0644\u0645\u0646\u062a\u062c\\\/pompe-2-turbine-silencieuse-shimge\\\/\",\"url\":\"https:\\\/\\\/cheliastore.dz\\\/ar\\\/\u0627\u0644\u0645\u0646\u062a\u062c\\\/pompe-2-turbine-silencieuse-shimge\\\/\",\"name\":\"Pompe \u00e0 eau 2 turbine silencieuse SHIMGE - CHELIA STORE\",\"isPartOf\":{\"@id\":\"https:\\\/\\\/cheliastore.dz\\\/#website\"},\"primaryImageOfPage\":{\"@id\":\"https:\\\/\\\/cheliastore.dz\\\/ar\\\/\u0627\u0644\u0645\u0646\u062a\u062c\\\/pompe-2-turbine-silencieuse-shimge\\\/#primaryimage\"},\"image\":{\"@id\":\"https:\\\/\\\/cheliastore.dz\\\/ar\\\/\u0627\u0644\u0645\u0646\u062a\u062c\\\/pompe-2-turbine-silencieuse-shimge\\\/#primaryimage\"},\"thumbnailUrl\":\"https:\\\/\\\/cheliastore.dz\\\/wp-content\\\/uploads\\\/2022\\\/05\\\/Pompe-2-turbine-silencieuse-SHIMGE.jpg\",\"datePublished\":\"2022-05-10T08:12:50+00:00\",\"dateModified\":\"2026-01-11T03:08:29+00:00\",\"description\":\"D\u00e9couvrez le Pompe 2 turbine silencieuse SHIMGE au meilleur prix en Algerie. Pour une utilisation dans les syst\u00e8mes domestiques, agricoles et industriels.\",\"breadcrumb\":{\"@id\":\"https:\\\/\\\/cheliastore.dz\\\/ar\\\/\u0627\u0644\u0645\u0646\u062a\u062c\\\/pompe-2-turbine-silencieuse-shimge\\\/#breadcrumb\"},\"inLanguage\":\"ar\",\"potentialAction\":[{\"@type\":\"ReadAction\",\"target\":[\"https:\\\/\\\/cheliastore.dz\\\/ar\\\/\u0627\u0644\u0645\u0646\u062a\u062c\\\/pompe-2-turbine-silencieuse-shimge\\\/\"]}]},{\"@type\":\"ImageObject\",\"inLanguage\":\"ar\",\"@id\":\"https:\\\/\\\/cheliastore.dz\\\/ar\\\/\u0627\u0644\u0645\u0646\u062a\u062c\\\/pompe-2-turbine-silencieuse-shimge\\\/#primaryimage\",\"url\":\"https:\\\/\\\/cheliastore.dz\\\/wp-content\\\/uploads\\\/2022\\\/05\\\/Pompe-2-turbine-silencieuse-SHIMGE.jpg\",\"contentUrl\":\"https:\\\/\\\/cheliastore.dz\\\/wp-content\\\/uploads\\\/2022\\\/05\\\/Pompe-2-turbine-silencieuse-SHIMGE.jpg\",\"width\":1000,\"height\":1000,\"caption\":\"Pompe 2 turbine silencieuse SHIMGE\"},{\"@type\":\"BreadcrumbList\",\"@id\":\"https:\\\/\\\/cheliastore.dz\\\/ar\\\/\u0627\u0644\u0645\u0646\u062a\u062c\\\/pompe-2-turbine-silencieuse-shimge\\\/#breadcrumb\",\"itemListElement\":[{\"@type\":\"ListItem\",\"position\":1,\"name\":\"\u0627\u0644\u0631\u0626\u064a\u0633\u064a\u0629\",\"item\":\"https:\\\/\\\/cheliastore.dz\\\/ar\\\/\"},{\"@type\":\"ListItem\",\"position\":2,\"name\":\"Boutique\",\"item\":\"https:\\\/\\\/cheliastore.dz\\\/ar\\\/shop\\\/\"},{\"@type\":\"ListItem\",\"position\":3,\"name\":\"Pompe \u00e0 eau 2 turbine silencieuse SHIMGE\"}]},{\"@type\":\"WebSite\",\"@id\":\"https:\\\/\\\/cheliastore.dz\\\/#website\",\"url\":\"https:\\\/\\\/cheliastore.dz\\\/\",\"name\":\"CHELIA STORE\",\"description\":\"CHELIA STORE\",\"publisher\":{\"@id\":\"https:\\\/\\\/cheliastore.dz\\\/#organization\"},\"potentialAction\":[{\"@type\":\"SearchAction\",\"target\":{\"@type\":\"EntryPoint\",\"urlTemplate\":\"https:\\\/\\\/cheliastore.dz\\\/?s={search_term_string}\"},\"query-input\":{\"@type\":\"PropertyValueSpecification\",\"valueRequired\":true,\"valueName\":\"search_term_string\"}}],\"inLanguage\":\"ar\"},{\"@type\":\"Organization\",\"@id\":\"https:\\\/\\\/cheliastore.dz\\\/#organization\",\"name\":\"Chelia Store\",\"url\":\"https:\\\/\\\/cheliastore.dz\\\/\",\"logo\":{\"@type\":\"ImageObject\",\"inLanguage\":\"ar\",\"@id\":\"https:\\\/\\\/cheliastore.dz\\\/#\\\/schema\\\/logo\\\/image\\\/\",\"url\":\"https:\\\/\\\/cheliastore.dz\\\/wp-content\\\/uploads\\\/2022\\\/01\\\/logo-final-250.png\",\"contentUrl\":\"https:\\\/\\\/cheliastore.dz\\\/wp-content\\\/uploads\\\/2022\\\/01\\\/logo-final-250.png\",\"width\":250,\"height\":78,\"caption\":\"Chelia Store\"},\"image\":{\"@id\":\"https:\\\/\\\/cheliastore.dz\\\/#\\\/schema\\\/logo\\\/image\\\/\"},\"sameAs\":[\"https:\\\/\\\/web.facebook.com\\\/cheliastore\",\"https:\\\/\\\/www.instagram.com\\\/quincaillerie.chelia\\\/\"]}]}<\/script>\n<!-- \/ Yoast SEO Premium plugin. -->","yoast_head_json":{"title":"Pompe \u00e0 eau 2 turbine silencieuse SHIMGE - CHELIA STORE","description":"D\u00e9couvrez le Pompe 2 turbine silencieuse SHIMGE au meilleur prix en Algerie. Pour une utilisation dans les syst\u00e8mes domestiques, agricoles et industriels.","robots":{"index":"index","follow":"follow","max-snippet":"max-snippet:-1","max-image-preview":"max-image-preview:large","max-video-preview":"max-video-preview:-1"},"canonical":"https:\/\/cheliastore.dz\/ar\/\u0627\u0644\u0645\u0646\u062a\u062c\/pompe-2-turbine-silencieuse-shimge\/","og_locale":"ar_AR","og_type":"article","og_title":"Pompe \u00e0 eau 2 turbine silencieuse SHIMGE","og_description":"D\u00e9couvrez le Pompe 2 turbine silencieuse SHIMGE au meilleur prix en Algerie. Pour une utilisation dans les syst\u00e8mes domestiques, agricoles et industriels.","og_url":"https:\/\/cheliastore.dz\/ar\/\u0627\u0644\u0645\u0646\u062a\u062c\/pompe-2-turbine-silencieuse-shimge\/","og_site_name":"CHELIA STORE","article_publisher":"https:\/\/web.facebook.com\/cheliastore","article_modified_time":"2026-01-11T03:08:29+00:00","og_image":[{"width":1000,"height":1000,"url":"https:\/\/cheliastore.dz\/wp-content\/uploads\/2022\/05\/Pompe-2-turbine-silencieuse-SHIMGE.jpg","type":"image\/jpeg"}],"twitter_card":"summary_large_image","twitter_misc":{"\u0648\u0642\u062a \u0627\u0644\u0642\u0631\u0627\u0621\u0629 \u0627\u0644\u0645\u064f\u0642\u062f\u0651\u0631":"\u062f\u0642\u064a\u0642\u062a\u0627\u0646"},"schema":{"@context":"https:\/\/schema.org","@graph":[{"@type":"WebPage","@id":"https:\/\/cheliastore.dz\/ar\/\u0627\u0644\u0645\u0646\u062a\u062c\/pompe-2-turbine-silencieuse-shimge\/","url":"https:\/\/cheliastore.dz\/ar\/\u0627\u0644\u0645\u0646\u062a\u062c\/pompe-2-turbine-silencieuse-shimge\/","name":"Pompe \u00e0 eau 2 turbine silencieuse SHIMGE - CHELIA STORE","isPartOf":{"@id":"https:\/\/cheliastore.dz\/#website"},"primaryImageOfPage":{"@id":"https:\/\/cheliastore.dz\/ar\/\u0627\u0644\u0645\u0646\u062a\u062c\/pompe-2-turbine-silencieuse-shimge\/#primaryimage"},"image":{"@id":"https:\/\/cheliastore.dz\/ar\/\u0627\u0644\u0645\u0646\u062a\u062c\/pompe-2-turbine-silencieuse-shimge\/#primaryimage"},"thumbnailUrl":"https:\/\/cheliastore.dz\/wp-content\/uploads\/2022\/05\/Pompe-2-turbine-silencieuse-SHIMGE.jpg","datePublished":"2022-05-10T08:12:50+00:00","dateModified":"2026-01-11T03:08:29+00:00","description":"D\u00e9couvrez le Pompe 2 turbine silencieuse SHIMGE au meilleur prix en Algerie. Pour une utilisation dans les syst\u00e8mes domestiques, agricoles et industriels.","breadcrumb":{"@id":"https:\/\/cheliastore.dz\/ar\/\u0627\u0644\u0645\u0646\u062a\u062c\/pompe-2-turbine-silencieuse-shimge\/#breadcrumb"},"inLanguage":"ar","potentialAction":[{"@type":"ReadAction","target":["https:\/\/cheliastore.dz\/ar\/\u0627\u0644\u0645\u0646\u062a\u062c\/pompe-2-turbine-silencieuse-shimge\/"]}]},{"@type":"ImageObject","inLanguage":"ar","@id":"https:\/\/cheliastore.dz\/ar\/\u0627\u0644\u0645\u0646\u062a\u062c\/pompe-2-turbine-silencieuse-shimge\/#primaryimage","url":"https:\/\/cheliastore.dz\/wp-content\/uploads\/2022\/05\/Pompe-2-turbine-silencieuse-SHIMGE.jpg","contentUrl":"https:\/\/cheliastore.dz\/wp-content\/uploads\/2022\/05\/Pompe-2-turbine-silencieuse-SHIMGE.jpg","width":1000,"height":1000,"caption":"Pompe 2 turbine silencieuse SHIMGE"},{"@type":"BreadcrumbList","@id":"https:\/\/cheliastore.dz\/ar\/\u0627\u0644\u0645\u0646\u062a\u062c\/pompe-2-turbine-silencieuse-shimge\/#breadcrumb","itemListElement":[{"@type":"ListItem","position":1,"name":"\u0627\u0644\u0631\u0626\u064a\u0633\u064a\u0629","item":"https:\/\/cheliastore.dz\/ar\/"},{"@type":"ListItem","position":2,"name":"Boutique","item":"https:\/\/cheliastore.dz\/ar\/shop\/"},{"@type":"ListItem","position":3,"name":"Pompe \u00e0 eau 2 turbine silencieuse SHIMGE"}]},{"@type":"WebSite","@id":"https:\/\/cheliastore.dz\/#website","url":"https:\/\/cheliastore.dz\/","name":"CHELIA STORE","description":"CHELIA STORE","publisher":{"@id":"https:\/\/cheliastore.dz\/#organization"},"potentialAction":[{"@type":"SearchAction","target":{"@type":"EntryPoint","urlTemplate":"https:\/\/cheliastore.dz\/?s={search_term_string}"},"query-input":{"@type":"PropertyValueSpecification","valueRequired":true,"valueName":"search_term_string"}}],"inLanguage":"ar"},{"@type":"Organization","@id":"https:\/\/cheliastore.dz\/#organization","name":"Chelia Store","url":"https:\/\/cheliastore.dz\/","logo":{"@type":"ImageObject","inLanguage":"ar","@id":"https:\/\/cheliastore.dz\/#\/schema\/logo\/image\/","url":"https:\/\/cheliastore.dz\/wp-content\/uploads\/2022\/01\/logo-final-250.png","contentUrl":"https:\/\/cheliastore.dz\/wp-content\/uploads\/2022\/01\/logo-final-250.png","width":250,"height":78,"caption":"Chelia Store"},"image":{"@id":"https:\/\/cheliastore.dz\/#\/schema\/logo\/image\/"},"sameAs":["https:\/\/web.facebook.com\/cheliastore","https:\/\/www.instagram.com\/quincaillerie.chelia\/"]}]}},"_links":{"self":[{"href":"https:\/\/cheliastore.dz\/ar\/wp-json\/wp\/v2\/product\/48554","targetHints":{"allow":["GET"]}}],"collection":[{"href":"https:\/\/cheliastore.dz\/ar\/wp-json\/wp\/v2\/product"}],"about":[{"href":"https:\/\/cheliastore.dz\/ar\/wp-json\/wp\/v2\/types\/product"}],"replies":[{"embeddable":true,"href":"https:\/\/cheliastore.dz\/ar\/wp-json\/wp\/v2\/comments?post=48554"}],"version-history":[{"count":3,"href":"https:\/\/cheliastore.dz\/ar\/wp-json\/wp\/v2\/product\/48554\/revisions"}],"predecessor-version":[{"id":73881,"href":"https:\/\/cheliastore.dz\/ar\/wp-json\/wp\/v2\/product\/48554\/revisions\/73881"}],"wp:featuredmedia":[{"embeddable":true,"href":"https:\/\/cheliastore.dz\/ar\/wp-json\/wp\/v2\/media\/49715"}],"wp:attachment":[{"href":"https:\/\/cheliastore.dz\/ar\/wp-json\/wp\/v2\/media?parent=48554"}],"wp:term":[{"taxonomy":"product_brand","embeddable":true,"href":"https:\/\/cheliastore.dz\/ar\/wp-json\/wp\/v2\/product_brand?post=48554"},{"taxonomy":"product_cat","embeddable":true,"href":"https:\/\/cheliastore.dz\/ar\/wp-json\/wp\/v2\/product_cat?post=48554"},{"taxonomy":"product_tag","embeddable":true,"href":"https:\/\/cheliastore.dz\/ar\/wp-json\/wp\/v2\/product_tag?post=48554"}],"curies":[{"name":"wp","href":"https:\/\/api.w.org\/{rel}","templated":true}]}}