{"id":45920,"date":"2024-07-29T15:14:59","date_gmt":"2024-07-29T15:14:59","guid":{"rendered":"https:\/\/cheliastore.dz\/?post_type=product&#038;p=45920"},"modified":"2026-01-11T03:20:19","modified_gmt":"2026-01-11T03:20:19","slug":"filtre-osmos-trio-sanic-bw-pompe-atlas-filtri","status":"publish","type":"product","link":"https:\/\/cheliastore.dz\/ar\/product\/filtre-osmos-trio-sanic-bw-pompe-atlas-filtri\/","title":{"rendered":"FILTRE OSMOS TRIO SANIC BW + POMPE ATLAS FILTRI"},"content":{"rendered":"<h4>&#x1f4a7; Offrez-vous une eau saine, sans go\u00fbt ni odeur, avec le <strong data-start=\"2577\" data-end=\"2616\">filtre \u00e0 osmose inverse OASIS SANIC<\/strong> d\u2019<span style=\"color: #0000ff;\">ATLAS FILTRI<\/span>, disponible d\u00e8s maintenant sur <span style=\"color: #ff0000;\"><strong data-start=\"2663\" data-end=\"2678\">CHELIASTORE<\/strong><\/span>, avec <strong data-start=\"2685\" data-end=\"2721\">livraison rapide en Alg\u00e9rie &#x1f1e9;&#x1f1ff;<\/strong> !<\/h4>\n<p class=\"\" data-start=\"407\" data-end=\"773\">Le <strong data-start=\"410\" data-end=\"438\">filtre \u00e0 eau OASIS SANIC<\/strong> d\u2019ATLAS FILTRI est un syst\u00e8me d\u2019<strong data-start=\"471\" data-end=\"508\">osmose inverse compact sous \u00e9vier<\/strong> con\u00e7u pour fournir en continu une <strong data-start=\"543\" data-end=\"575\">eau potable de haute qualit\u00e9<\/strong> directement depuis le robinet. Gr\u00e2ce \u00e0 sa <strong data-start=\"618\" data-end=\"658\">technologie antimicrobienne int\u00e9gr\u00e9e<\/strong>, il \u00e9limine efficacement les contaminants tout en emp\u00eachant la prolif\u00e9ration bact\u00e9rienne \u00e0 l\u2019int\u00e9rieur du syst\u00e8me.<\/p>\n<p class=\"\" data-start=\"775\" data-end=\"1121\">Son syst\u00e8me de <strong data-start=\"790\" data-end=\"816\">filtration en 6 \u00e9tapes<\/strong> permet de r\u00e9duire ou \u00e9liminer les <strong data-start=\"851\" data-end=\"927\">s\u00e9diments, pesticides, nitrates, m\u00e9taux lourds, micro-organismes, chlore<\/strong> ainsi que les <strong data-start=\"942\" data-end=\"973\">mauvaises odeurs et saveurs<\/strong> souvent pr\u00e9sentes dans l\u2019eau du robinet. R\u00e9sultat : une eau plus saine, au go\u00fbt neutre, id\u00e9ale pour la consommation et la pr\u00e9paration des aliments.<\/p>\n<blockquote class=\"wp-embedded-content\" data-secret=\"94bNHPHdwU\"><p><a href=\"https:\/\/cheliastore.dz\/product\/osmos-filtration-simple-75-gpd-regent\/\">OSMOS FILTRATION SIMPLE 75 REGENT<\/a><\/p><\/blockquote>\n<p><iframe class=\"wp-embedded-content\" sandbox=\"allow-scripts\" security=\"restricted\" style=\"position: absolute; visibility: hidden;\" title=\"\u00ab\u00a0OSMOS FILTRATION SIMPLE 75 REGENT\u00a0\u00bb &#8212; CHELIA STORE\" src=\"https:\/\/cheliastore.dz\/product\/osmos-filtration-simple-75-gpd-regent\/embed\/#?secret=oS6yap3cxb#?secret=94bNHPHdwU\" data-secret=\"94bNHPHdwU\" width=\"500\" height=\"282\" frameborder=\"0\" marginwidth=\"0\" marginheight=\"0\" scrolling=\"no\"><\/iframe><\/p>\n<p class=\"\" data-start=\"1123\" data-end=\"1308\">Facile \u00e0 installer et discret, l\u2019OASIS SANIC s\u2019int\u00e8gre sous la plupart des \u00e9viers et permet de dire adieu aux bouteilles plastiques, pour une solution plus <strong data-start=\"1279\" data-end=\"1307\">\u00e9cologique et \u00e9conomique<\/strong>.<\/p>\n<hr class=\"\" data-start=\"1310\" data-end=\"1313\" \/>\n<h2 data-start=\"1315\" data-end=\"1357\">&#x1f527; <strong data-start=\"1322\" data-end=\"1355\">Caract\u00e9ristiques techniques :<\/strong><\/h2>\n<ul data-start=\"1358\" data-end=\"2081\">\n<li class=\"\" data-start=\"1358\" data-end=\"1400\">\n<p class=\"\" data-start=\"1360\" data-end=\"1400\"><strong data-start=\"1360\" data-end=\"1370\">Type :<\/strong> Osmoseur inverse sous \u00e9vier<\/p>\n<\/li>\n<li class=\"\" data-start=\"1401\" data-end=\"1517\">\n<p class=\"\" data-start=\"1403\" data-end=\"1517\"><strong data-start=\"1403\" data-end=\"1429\">\u00c9tapes de filtration :<\/strong> 6 (pr\u00e9filtration, membrane osmotique, post-filtration au charbon et remin\u00e9ralisation)<\/p>\n<\/li>\n<li class=\"\" data-start=\"1518\" data-end=\"1600\">\n<p class=\"\" data-start=\"1520\" data-end=\"1600\"><strong data-start=\"1520\" data-end=\"1553\">Technologie antimicrobienne :<\/strong> Argent Microban\u00ae int\u00e9gr\u00e9 dans les composants<\/p>\n<\/li>\n<li class=\"\" data-start=\"1601\" data-end=\"1668\">\n<p class=\"\" data-start=\"1603\" data-end=\"1668\"><strong data-start=\"1603\" data-end=\"1617\">Capacit\u00e9 :<\/strong> 3000 \u00e0 10000 L\/h selon pression et configuration<\/p>\n<\/li>\n<li class=\"\" data-start=\"1669\" data-end=\"1747\">\n<p class=\"\" data-start=\"1671\" data-end=\"1747\"><strong data-start=\"1671\" data-end=\"1696\">Pression de service :<\/strong> 3 \u00e0 8 bars (1 bar min. pour les mod\u00e8les \u00e0 pompe)<\/p>\n<\/li>\n<li class=\"\" data-start=\"1748\" data-end=\"1789\">\n<p class=\"\" data-start=\"1750\" data-end=\"1789\"><strong data-start=\"1750\" data-end=\"1776\">Temp\u00e9rature de l\u2019eau :<\/strong> 4\u00b0C \u00e0 45\u00b0C<\/p>\n<\/li>\n<li class=\"\" data-start=\"1790\" data-end=\"1830\">\n<p class=\"\" data-start=\"1792\" data-end=\"1830\"><strong data-start=\"1792\" data-end=\"1818\">pH de fonctionnement :<\/strong> 6,5 \u00e0 9,5<\/p>\n<\/li>\n<li class=\"\" data-start=\"1831\" data-end=\"1873\">\n<p class=\"\" data-start=\"1833\" data-end=\"1873\"><strong data-start=\"1833\" data-end=\"1849\">Duret\u00e9 max :<\/strong> 35 \u00b0F (350 ppm CaCO3)<\/p>\n<\/li>\n<li class=\"\" data-start=\"1874\" data-end=\"1900\">\n<p class=\"\" data-start=\"1876\" data-end=\"1900\"><strong data-start=\"1876\" data-end=\"1889\">TDS max :<\/strong> 1000 ppm<\/p>\n<\/li>\n<li class=\"\" data-start=\"1901\" data-end=\"1976\">\n<p class=\"\" data-start=\"1903\" data-end=\"1976\"><strong data-start=\"1903\" data-end=\"1916\">Fer max :<\/strong> 0,2 ppm | Mangan\u00e8se max : 0,05 ppm | Chlore max : 0,3 ppm<\/p>\n<\/li>\n<li class=\"\" data-start=\"1977\" data-end=\"2015\">\n<p class=\"\" data-start=\"1979\" data-end=\"2015\"><strong data-start=\"1979\" data-end=\"2000\">Aspect de l\u2019eau :<\/strong> Transparente<\/p>\n<\/li>\n<li class=\"\" data-start=\"2016\" data-end=\"2054\">\n<p class=\"\" data-start=\"2018\" data-end=\"2054\"><strong data-start=\"2018\" data-end=\"2030\">Marque :<\/strong> ATLAS FILTRI (Italie)<\/p>\n<\/li>\n<li class=\"\" data-start=\"2055\" data-end=\"2081\">\n<p class=\"\" data-start=\"2057\" data-end=\"2081\"><strong data-start=\"2057\" data-end=\"2069\">Mod\u00e8le :<\/strong> OASIS SANIC.<\/p>\n<\/li>\n<\/ul>\n<blockquote class=\"wp-embedded-content\" data-secret=\"117CAoDtvE\"><p><a href=\"https:\/\/cheliastore.dz\/product\/filtre-charbon-10-bleu-atlas-filtri\/\">Filtre \u00e0 eau au charbon 10&Prime; BLEU ATLAS FILTRI<\/a><\/p><\/blockquote>\n<p><iframe class=\"wp-embedded-content\" sandbox=\"allow-scripts\" security=\"restricted\" style=\"position: absolute; visibility: hidden;\" title=\"\u00ab\u00a0Filtre \u00e0 eau au charbon 10&Prime; BLEU ATLAS FILTRI\u00a0\u00bb &#8212; CHELIA STORE\" src=\"https:\/\/cheliastore.dz\/product\/filtre-charbon-10-bleu-atlas-filtri\/embed\/#?secret=9oZk8n590T#?secret=117CAoDtvE\" data-secret=\"117CAoDtvE\" width=\"500\" height=\"282\" frameborder=\"0\" marginwidth=\"0\" marginheight=\"0\" scrolling=\"no\"><\/iframe><\/p>\n<p>&nbsp;<\/p>\n<h3 class=\"\" data-start=\"2088\" data-end=\"2120\">&#x1f4a1; <strong data-start=\"2095\" data-end=\"2118\">Avantages produit :<\/strong><\/h3>\n<p class=\"\" data-start=\"2121\" data-end=\"2512\">&#x2714; Filtration compl\u00e8te en 6 \u00e9tapes<br data-start=\"2154\" data-end=\"2157\" \/>&#x2714; R\u00e9duction des contaminants chimiques et microbiens<br data-start=\"2209\" data-end=\"2212\" \/>&#x2714; Am\u00e9liore go\u00fbt, odeur et clart\u00e9 de l\u2019eau<br data-start=\"2253\" data-end=\"2256\" \/>&#x2714; Syst\u00e8me compact et discret sous \u00e9vier<br data-start=\"2295\" data-end=\"2298\" \/>&#x2714; Technologie SANIC avec protection antimicrobienne int\u00e9gr\u00e9e<br data-start=\"2358\" data-end=\"2361\" \/>&#x2714; Installation simple avec kit complet fourni<br data-start=\"2406\" data-end=\"2409\" \/>&#x2714; \u00c9conomique et \u00e9cologique \u2013 plus besoin d\u2019eau en bouteille<br data-start=\"2468\" data-end=\"2471\" \/>&#x2714; Id\u00e9al pour l\u2019usage domestique quotidien<\/p>\n","protected":false},"excerpt":{"rendered":"<p>Syst\u00e8me d\u2019osmose inverse sous \u00e9vier OASIS SANIC avec technologie antimicrobienne \u00e0 l\u2019argent. Filtration en 6 \u00e9tapes pour une eau pure, sans go\u00fbt ni odeur. Id\u00e9al pour un usage domestique.<\/p>\n","protected":false},"featured_media":45921,"comment_status":"open","ping_status":"closed","template":"","meta":{"_editorskit_title_hidden":false,"_editorskit_reading_time":0,"_editorskit_is_block_options_detached":false,"_editorskit_block_options_position":"{}"},"product_brand":[],"product_cat":[97,115],"product_tag":[],"class_list":{"0":"post-45920","1":"product","2":"type-product","3":"status-publish","4":"has-post-thumbnail","6":"product_cat-plomberie","7":"product_cat-filtre-eau","8":"pa_brand-atlas-filtri","10":"first","11":"outofstock","12":"shipping-taxable","13":"purchasable","14":"product-type-simple"},"yoast_head":"<!-- This site is optimized with the Yoast SEO Premium plugin v25.4 (Yoast SEO v27.5) - https:\/\/yoast.com\/product\/yoast-seo-premium-wordpress\/ -->\n<title>FILTRE OSMOS TRIO SANIC BW + POMPE ATLAS FILTRI - CHELIA STORE<\/title>\n<meta name=\"description\" content=\"Osmoseur inverse OASIS SANIC ATLAS FILTRI avec technologie antimicrobienne. Eau pure et sans go\u00fbt. Achetez en ligne en Alg\u00e9rie chez CHELIASTORE.\" \/>\n<meta name=\"robots\" content=\"index, follow, max-snippet:-1, max-image-preview:large, max-video-preview:-1\" \/>\n<link rel=\"canonical\" href=\"https:\/\/cheliastore.dz\/product\/filtre-osmos-trio-sanic-bw-pompe-atlas-filtri\/\" \/>\n<meta property=\"og:locale\" content=\"ar_AR\" \/>\n<meta property=\"og:type\" content=\"article\" \/>\n<meta property=\"og:title\" content=\"FILTRE OSMOS TRIO SANIC BW + POMPE ATLAS FILTRI\" \/>\n<meta property=\"og:description\" content=\"Osmoseur inverse OASIS SANIC ATLAS FILTRI avec technologie antimicrobienne. Eau pure et sans go\u00fbt. Achetez en ligne en Alg\u00e9rie chez CHELIASTORE.\" \/>\n<meta property=\"og:url\" content=\"https:\/\/cheliastore.dz\/product\/filtre-osmos-trio-sanic-bw-pompe-atlas-filtri\/\" \/>\n<meta property=\"og:site_name\" content=\"CHELIA STORE\" \/>\n<meta property=\"article:publisher\" content=\"https:\/\/web.facebook.com\/cheliastore\" \/>\n<meta property=\"article:modified_time\" content=\"2026-01-11T03:20:19+00:00\" \/>\n<meta property=\"og:image\" content=\"https:\/\/cheliastore.dz\/wp-content\/uploads\/2024\/07\/Icona_OasisDP_SANIC_0.jpg\" \/>\n\t<meta property=\"og:image:width\" content=\"270\" \/>\n\t<meta property=\"og:image:height\" content=\"220\" \/>\n\t<meta property=\"og:image:type\" content=\"image\/jpeg\" \/>\n<meta name=\"twitter:card\" content=\"summary_large_image\" \/>\n<meta name=\"twitter:label1\" content=\"\u0648\u0642\u062a \u0627\u0644\u0642\u0631\u0627\u0621\u0629 \u0627\u0644\u0645\u064f\u0642\u062f\u0651\u0631\" \/>\n\t<meta name=\"twitter:data1\" content=\"\u062f\u0642\u064a\u0642\u062a\u0627\u0646\" \/>\n<script type=\"application\/ld+json\" class=\"yoast-schema-graph\">{\"@context\":\"https:\\\/\\\/schema.org\",\"@graph\":[{\"@type\":\"WebPage\",\"@id\":\"https:\\\/\\\/cheliastore.dz\\\/product\\\/filtre-osmos-trio-sanic-bw-pompe-atlas-filtri\\\/\",\"url\":\"https:\\\/\\\/cheliastore.dz\\\/product\\\/filtre-osmos-trio-sanic-bw-pompe-atlas-filtri\\\/\",\"name\":\"FILTRE OSMOS TRIO SANIC BW + POMPE ATLAS FILTRI - CHELIA STORE\",\"isPartOf\":{\"@id\":\"https:\\\/\\\/cheliastore.dz\\\/#website\"},\"primaryImageOfPage\":{\"@id\":\"https:\\\/\\\/cheliastore.dz\\\/product\\\/filtre-osmos-trio-sanic-bw-pompe-atlas-filtri\\\/#primaryimage\"},\"image\":{\"@id\":\"https:\\\/\\\/cheliastore.dz\\\/product\\\/filtre-osmos-trio-sanic-bw-pompe-atlas-filtri\\\/#primaryimage\"},\"thumbnailUrl\":\"https:\\\/\\\/cheliastore.dz\\\/wp-content\\\/uploads\\\/2024\\\/07\\\/Icona_OasisDP_SANIC_0.jpg\",\"datePublished\":\"2024-07-29T15:14:59+00:00\",\"dateModified\":\"2026-01-11T03:20:19+00:00\",\"description\":\"Osmoseur inverse OASIS SANIC ATLAS FILTRI avec technologie antimicrobienne. Eau pure et sans go\u00fbt. Achetez en ligne en Alg\u00e9rie chez CHELIASTORE.\",\"breadcrumb\":{\"@id\":\"https:\\\/\\\/cheliastore.dz\\\/product\\\/filtre-osmos-trio-sanic-bw-pompe-atlas-filtri\\\/#breadcrumb\"},\"inLanguage\":\"ar\",\"potentialAction\":[{\"@type\":\"ReadAction\",\"target\":[\"https:\\\/\\\/cheliastore.dz\\\/product\\\/filtre-osmos-trio-sanic-bw-pompe-atlas-filtri\\\/\"]}]},{\"@type\":\"ImageObject\",\"inLanguage\":\"ar\",\"@id\":\"https:\\\/\\\/cheliastore.dz\\\/product\\\/filtre-osmos-trio-sanic-bw-pompe-atlas-filtri\\\/#primaryimage\",\"url\":\"https:\\\/\\\/cheliastore.dz\\\/wp-content\\\/uploads\\\/2024\\\/07\\\/Icona_OasisDP_SANIC_0.jpg\",\"contentUrl\":\"https:\\\/\\\/cheliastore.dz\\\/wp-content\\\/uploads\\\/2024\\\/07\\\/Icona_OasisDP_SANIC_0.jpg\",\"width\":270,\"height\":220,\"caption\":\"FILTRE OSMOS TRIO SANIC BW + POMPE ATLAS FILTRI\"},{\"@type\":\"BreadcrumbList\",\"@id\":\"https:\\\/\\\/cheliastore.dz\\\/product\\\/filtre-osmos-trio-sanic-bw-pompe-atlas-filtri\\\/#breadcrumb\",\"itemListElement\":[{\"@type\":\"ListItem\",\"position\":1,\"name\":\"\u0627\u0644\u0631\u0626\u064a\u0633\u064a\u0629\",\"item\":\"https:\\\/\\\/cheliastore.dz\\\/ar\\\/\"},{\"@type\":\"ListItem\",\"position\":2,\"name\":\"Boutique\",\"item\":\"https:\\\/\\\/cheliastore.dz\\\/ar\\\/shop\\\/\"},{\"@type\":\"ListItem\",\"position\":3,\"name\":\"FILTRE OSMOS TRIO SANIC BW + POMPE ATLAS FILTRI\"}]},{\"@type\":\"WebSite\",\"@id\":\"https:\\\/\\\/cheliastore.dz\\\/#website\",\"url\":\"https:\\\/\\\/cheliastore.dz\\\/\",\"name\":\"CHELIA STORE\",\"description\":\"CHELIA STORE\",\"publisher\":{\"@id\":\"https:\\\/\\\/cheliastore.dz\\\/#organization\"},\"potentialAction\":[{\"@type\":\"SearchAction\",\"target\":{\"@type\":\"EntryPoint\",\"urlTemplate\":\"https:\\\/\\\/cheliastore.dz\\\/?s={search_term_string}\"},\"query-input\":{\"@type\":\"PropertyValueSpecification\",\"valueRequired\":true,\"valueName\":\"search_term_string\"}}],\"inLanguage\":\"ar\"},{\"@type\":\"Organization\",\"@id\":\"https:\\\/\\\/cheliastore.dz\\\/#organization\",\"name\":\"Chelia Store\",\"url\":\"https:\\\/\\\/cheliastore.dz\\\/\",\"logo\":{\"@type\":\"ImageObject\",\"inLanguage\":\"ar\",\"@id\":\"https:\\\/\\\/cheliastore.dz\\\/#\\\/schema\\\/logo\\\/image\\\/\",\"url\":\"https:\\\/\\\/cheliastore.dz\\\/wp-content\\\/uploads\\\/2022\\\/01\\\/logo-final-250.png\",\"contentUrl\":\"https:\\\/\\\/cheliastore.dz\\\/wp-content\\\/uploads\\\/2022\\\/01\\\/logo-final-250.png\",\"width\":250,\"height\":78,\"caption\":\"Chelia Store\"},\"image\":{\"@id\":\"https:\\\/\\\/cheliastore.dz\\\/#\\\/schema\\\/logo\\\/image\\\/\"},\"sameAs\":[\"https:\\\/\\\/web.facebook.com\\\/cheliastore\",\"https:\\\/\\\/www.instagram.com\\\/quincaillerie.chelia\\\/\"]}]}<\/script>\n<!-- \/ Yoast SEO Premium plugin. -->","yoast_head_json":{"title":"FILTRE OSMOS TRIO SANIC BW + POMPE ATLAS FILTRI - CHELIA STORE","description":"Osmoseur inverse OASIS SANIC ATLAS FILTRI avec technologie antimicrobienne. Eau pure et sans go\u00fbt. Achetez en ligne en Alg\u00e9rie chez CHELIASTORE.","robots":{"index":"index","follow":"follow","max-snippet":"max-snippet:-1","max-image-preview":"max-image-preview:large","max-video-preview":"max-video-preview:-1"},"canonical":"https:\/\/cheliastore.dz\/product\/filtre-osmos-trio-sanic-bw-pompe-atlas-filtri\/","og_locale":"ar_AR","og_type":"article","og_title":"FILTRE OSMOS TRIO SANIC BW + POMPE ATLAS FILTRI","og_description":"Osmoseur inverse OASIS SANIC ATLAS FILTRI avec technologie antimicrobienne. Eau pure et sans go\u00fbt. Achetez en ligne en Alg\u00e9rie chez CHELIASTORE.","og_url":"https:\/\/cheliastore.dz\/product\/filtre-osmos-trio-sanic-bw-pompe-atlas-filtri\/","og_site_name":"CHELIA STORE","article_publisher":"https:\/\/web.facebook.com\/cheliastore","article_modified_time":"2026-01-11T03:20:19+00:00","og_image":[{"width":270,"height":220,"url":"https:\/\/cheliastore.dz\/wp-content\/uploads\/2024\/07\/Icona_OasisDP_SANIC_0.jpg","type":"image\/jpeg"}],"twitter_card":"summary_large_image","twitter_misc":{"\u0648\u0642\u062a \u0627\u0644\u0642\u0631\u0627\u0621\u0629 \u0627\u0644\u0645\u064f\u0642\u062f\u0651\u0631":"\u062f\u0642\u064a\u0642\u062a\u0627\u0646"},"schema":{"@context":"https:\/\/schema.org","@graph":[{"@type":"WebPage","@id":"https:\/\/cheliastore.dz\/product\/filtre-osmos-trio-sanic-bw-pompe-atlas-filtri\/","url":"https:\/\/cheliastore.dz\/product\/filtre-osmos-trio-sanic-bw-pompe-atlas-filtri\/","name":"FILTRE OSMOS TRIO SANIC BW + POMPE ATLAS FILTRI - CHELIA STORE","isPartOf":{"@id":"https:\/\/cheliastore.dz\/#website"},"primaryImageOfPage":{"@id":"https:\/\/cheliastore.dz\/product\/filtre-osmos-trio-sanic-bw-pompe-atlas-filtri\/#primaryimage"},"image":{"@id":"https:\/\/cheliastore.dz\/product\/filtre-osmos-trio-sanic-bw-pompe-atlas-filtri\/#primaryimage"},"thumbnailUrl":"https:\/\/cheliastore.dz\/wp-content\/uploads\/2024\/07\/Icona_OasisDP_SANIC_0.jpg","datePublished":"2024-07-29T15:14:59+00:00","dateModified":"2026-01-11T03:20:19+00:00","description":"Osmoseur inverse OASIS SANIC ATLAS FILTRI avec technologie antimicrobienne. Eau pure et sans go\u00fbt. Achetez en ligne en Alg\u00e9rie chez CHELIASTORE.","breadcrumb":{"@id":"https:\/\/cheliastore.dz\/product\/filtre-osmos-trio-sanic-bw-pompe-atlas-filtri\/#breadcrumb"},"inLanguage":"ar","potentialAction":[{"@type":"ReadAction","target":["https:\/\/cheliastore.dz\/product\/filtre-osmos-trio-sanic-bw-pompe-atlas-filtri\/"]}]},{"@type":"ImageObject","inLanguage":"ar","@id":"https:\/\/cheliastore.dz\/product\/filtre-osmos-trio-sanic-bw-pompe-atlas-filtri\/#primaryimage","url":"https:\/\/cheliastore.dz\/wp-content\/uploads\/2024\/07\/Icona_OasisDP_SANIC_0.jpg","contentUrl":"https:\/\/cheliastore.dz\/wp-content\/uploads\/2024\/07\/Icona_OasisDP_SANIC_0.jpg","width":270,"height":220,"caption":"FILTRE OSMOS TRIO SANIC BW + POMPE ATLAS FILTRI"},{"@type":"BreadcrumbList","@id":"https:\/\/cheliastore.dz\/product\/filtre-osmos-trio-sanic-bw-pompe-atlas-filtri\/#breadcrumb","itemListElement":[{"@type":"ListItem","position":1,"name":"\u0627\u0644\u0631\u0626\u064a\u0633\u064a\u0629","item":"https:\/\/cheliastore.dz\/ar\/"},{"@type":"ListItem","position":2,"name":"Boutique","item":"https:\/\/cheliastore.dz\/ar\/shop\/"},{"@type":"ListItem","position":3,"name":"FILTRE OSMOS TRIO SANIC BW + POMPE ATLAS FILTRI"}]},{"@type":"WebSite","@id":"https:\/\/cheliastore.dz\/#website","url":"https:\/\/cheliastore.dz\/","name":"CHELIA STORE","description":"CHELIA STORE","publisher":{"@id":"https:\/\/cheliastore.dz\/#organization"},"potentialAction":[{"@type":"SearchAction","target":{"@type":"EntryPoint","urlTemplate":"https:\/\/cheliastore.dz\/?s={search_term_string}"},"query-input":{"@type":"PropertyValueSpecification","valueRequired":true,"valueName":"search_term_string"}}],"inLanguage":"ar"},{"@type":"Organization","@id":"https:\/\/cheliastore.dz\/#organization","name":"Chelia Store","url":"https:\/\/cheliastore.dz\/","logo":{"@type":"ImageObject","inLanguage":"ar","@id":"https:\/\/cheliastore.dz\/#\/schema\/logo\/image\/","url":"https:\/\/cheliastore.dz\/wp-content\/uploads\/2022\/01\/logo-final-250.png","contentUrl":"https:\/\/cheliastore.dz\/wp-content\/uploads\/2022\/01\/logo-final-250.png","width":250,"height":78,"caption":"Chelia Store"},"image":{"@id":"https:\/\/cheliastore.dz\/#\/schema\/logo\/image\/"},"sameAs":["https:\/\/web.facebook.com\/cheliastore","https:\/\/www.instagram.com\/quincaillerie.chelia\/"]}]}},"_links":{"self":[{"href":"https:\/\/cheliastore.dz\/ar\/wp-json\/wp\/v2\/product\/45920","targetHints":{"allow":["GET"]}}],"collection":[{"href":"https:\/\/cheliastore.dz\/ar\/wp-json\/wp\/v2\/product"}],"about":[{"href":"https:\/\/cheliastore.dz\/ar\/wp-json\/wp\/v2\/types\/product"}],"replies":[{"embeddable":true,"href":"https:\/\/cheliastore.dz\/ar\/wp-json\/wp\/v2\/comments?post=45920"}],"version-history":[{"count":3,"href":"https:\/\/cheliastore.dz\/ar\/wp-json\/wp\/v2\/product\/45920\/revisions"}],"predecessor-version":[{"id":73141,"href":"https:\/\/cheliastore.dz\/ar\/wp-json\/wp\/v2\/product\/45920\/revisions\/73141"}],"wp:featuredmedia":[{"embeddable":true,"href":"https:\/\/cheliastore.dz\/ar\/wp-json\/wp\/v2\/media\/45921"}],"wp:attachment":[{"href":"https:\/\/cheliastore.dz\/ar\/wp-json\/wp\/v2\/media?parent=45920"}],"wp:term":[{"taxonomy":"product_brand","embeddable":true,"href":"https:\/\/cheliastore.dz\/ar\/wp-json\/wp\/v2\/product_brand?post=45920"},{"taxonomy":"product_cat","embeddable":true,"href":"https:\/\/cheliastore.dz\/ar\/wp-json\/wp\/v2\/product_cat?post=45920"},{"taxonomy":"product_tag","embeddable":true,"href":"https:\/\/cheliastore.dz\/ar\/wp-json\/wp\/v2\/product_tag?post=45920"}],"curies":[{"name":"wp","href":"https:\/\/api.w.org\/{rel}","templated":true}]}}