{"id":45818,"date":"2024-07-29T13:17:07","date_gmt":"2024-07-29T13:17:07","guid":{"rendered":"https:\/\/cheliastore.dz\/?post_type=product&#038;p=45818"},"modified":"2026-01-11T03:30:04","modified_gmt":"2026-01-11T03:30:04","slug":"filtre-eau-double-fil-cristaux-10-40-49-atlas-filtri","status":"publish","type":"product","link":"https:\/\/cheliastore.dz\/ar\/product\/filtre-eau-double-fil-cristaux-10-40-49-atlas-filtri\/","title":{"rendered":"Filtre \u00e0 eau double \u00e0 fil et cristaux BIG 10&#8243; 40\/49 ATLAS FILTRI"},"content":{"rendered":"<h2>&#x2705; <strong>Description D\u00e9taill\u00e9e :<\/strong><\/h2>\n<p>Le <strong>Filtre \u00e0 Eau Double BIG 10&#8243; 40\/49 ATLAS FILTRI<\/strong> est un syst\u00e8me de traitement de l\u2019eau performant qui r\u00e9unit deux technologies de filtration dans un m\u00eame ensemble :<\/p>\n<ol>\n<li style=\"list-style-type: none;\">\n<ol>\n<li class=\"\" data-start=\"822\" data-end=\"936\">\n<p class=\"\" data-start=\"825\" data-end=\"936\"><strong data-start=\"825\" data-end=\"857\">Une cartouche en fil enroul\u00e9<\/strong>, qui \u00e9limine les s\u00e9diments, la rouille, le sable et autres particules solides.<\/p>\n<\/li>\n<\/ol>\n<\/li>\n<\/ol>\n<blockquote class=\"wp-embedded-content\" data-secret=\"bAAtHlTSlU\"><p><a href=\"https:\/\/cheliastore.dz\/product\/cartouche-filtre-10-a-fil-atlas-filtri\/\">Cartouche Filtre 10 A Fil ATLAS Filtri<\/a><\/p><\/blockquote>\n<p><iframe class=\"wp-embedded-content\" sandbox=\"allow-scripts\" security=\"restricted\" style=\"position: absolute; visibility: hidden;\" title=\"\u00ab\u00a0Cartouche Filtre 10 A Fil ATLAS Filtri\u00a0\u00bb &#8212; CHELIA STORE\" src=\"https:\/\/cheliastore.dz\/product\/cartouche-filtre-10-a-fil-atlas-filtri\/embed\/#?secret=BAvzxE4qme#?secret=bAAtHlTSlU\" data-secret=\"bAAtHlTSlU\" width=\"500\" height=\"282\" frameborder=\"0\" marginwidth=\"0\" marginheight=\"0\" scrolling=\"no\"><\/iframe><\/p>\n<ol data-start=\"822\" data-end=\"1063\">\n<li class=\"\" data-start=\"937\" data-end=\"1063\">\n<p class=\"\" data-start=\"940\" data-end=\"1063\"><strong data-start=\"940\" data-end=\"985\">Une cartouche \u00e0 cristaux de polyphosphate<\/strong>, qui prot\u00e8ge efficacement vos \u00e9quipements contre le calcaire et l\u2019entartrage.<\/p>\n<\/li>\n<\/ol>\n<blockquote class=\"wp-embedded-content\" data-secret=\"tNmNtXfZvQ\"><p><a href=\"https:\/\/cheliastore.dz\/product\/cartouche-filtre-10-cristaux-atlas-filtri\/\">Cartouche Filtre 10 Cristaux ATLAS Filtri<\/a><\/p><\/blockquote>\n<p><iframe class=\"wp-embedded-content\" sandbox=\"allow-scripts\" security=\"restricted\" style=\"position: absolute; visibility: hidden;\" title=\"\u00ab\u00a0Cartouche Filtre 10 Cristaux ATLAS Filtri\u00a0\u00bb &#8212; CHELIA STORE\" src=\"https:\/\/cheliastore.dz\/product\/cartouche-filtre-10-cristaux-atlas-filtri\/embed\/#?secret=C9S4ZAF9pZ#?secret=tNmNtXfZvQ\" data-secret=\"tNmNtXfZvQ\" width=\"500\" height=\"282\" frameborder=\"0\" marginwidth=\"0\" marginheight=\"0\" scrolling=\"no\"><\/iframe><\/p>\n<p class=\"\" data-start=\"1065\" data-end=\"1325\">Son format <strong data-start=\"1076\" data-end=\"1093\">BIG 10 pouces<\/strong> et son <strong data-start=\"1101\" data-end=\"1126\">raccord 40\/49 (1&#8243;1\/2)<\/strong> permettent de traiter de <strong data-start=\"1152\" data-end=\"1175\">grands d\u00e9bits d\u2019eau<\/strong>, le rendant id\u00e9al pour les installations domestiques \u00e0 forte consommation ou les applications professionnelles l\u00e9g\u00e8res (restaurants, ateliers, etc.).<\/p>\n<h3 data-start=\"1332\" data-end=\"1375\">&#x1f527; <strong data-start=\"1340\" data-end=\"1373\">Caract\u00e9ristiques techniques :<\/strong><\/h3>\n<ul data-start=\"1376\" data-end=\"1838\">\n<li class=\"\" data-start=\"1376\" data-end=\"1438\">\n<p class=\"\" data-start=\"1378\" data-end=\"1438\">&#x2705; <strong data-start=\"1380\" data-end=\"1409\">Syst\u00e8me double filtration<\/strong> : m\u00e9canique + anticalcaire<\/p>\n<\/li>\n<li class=\"\" data-start=\"1439\" data-end=\"1529\">\n<p class=\"\" data-start=\"1441\" data-end=\"1529\">&#x2705; <strong data-start=\"1443\" data-end=\"1471\">Cartouche en fil enroul\u00e9<\/strong> : Retient les particules solides (sable, rouille, etc.)<\/p>\n<\/li>\n<li class=\"\" data-start=\"1530\" data-end=\"1601\">\n<p class=\"\" data-start=\"1532\" data-end=\"1601\">&#x2705; <strong data-start=\"1534\" data-end=\"1561\">Cartouche polyphosphate<\/strong> : Pr\u00e9vient l\u2019entartrage des appareils<\/p>\n<\/li>\n<li class=\"\" data-start=\"1602\" data-end=\"1658\">\n<p class=\"\" data-start=\"1604\" data-end=\"1658\">&#x2705; <strong data-start=\"1606\" data-end=\"1624\">Format BIG 10&#8243;<\/strong> : Grande capacit\u00e9 de filtration<\/p>\n<\/li>\n<li class=\"\" data-start=\"1659\" data-end=\"1719\">\n<p class=\"\" data-start=\"1661\" data-end=\"1719\">&#x2705; <strong data-start=\"1663\" data-end=\"1688\">Raccord 40\/49 (1&#8243;1\/2)<\/strong> : Compatible avec gros d\u00e9bit<\/p>\n<\/li>\n<li class=\"\" data-start=\"1720\" data-end=\"1787\">\n<p class=\"\" data-start=\"1722\" data-end=\"1787\">&#x2705; <strong data-start=\"1724\" data-end=\"1756\">Structure robuste et durable<\/strong> : Id\u00e9al pour pression \u00e9lev\u00e9e<\/p>\n<\/li>\n<li class=\"\" data-start=\"1788\" data-end=\"1838\">\n<p class=\"\" data-start=\"1790\" data-end=\"1838\">&#x2705; <strong data-start=\"1792\" data-end=\"1812\">Entretien facile<\/strong> : Cartouches rempla\u00e7ables<\/p>\n<\/li>\n<\/ul>\n<hr class=\"\" data-start=\"1840\" data-end=\"1843\" \/>\n<h3 data-start=\"1845\" data-end=\"1881\">&#x1f4a1; <strong data-start=\"1853\" data-end=\"1879\">Avantages du produit :<\/strong><\/h3>\n<p class=\"\" data-start=\"1882\" data-end=\"2227\">&#x1f539; Protection compl\u00e8te des installations contre les s\u00e9diments et le calcaire<br data-start=\"1958\" data-end=\"1961\" \/>&#x1f539; Am\u00e9liore la qualit\u00e9 de l\u2019eau pour un usage quotidien<br data-start=\"2016\" data-end=\"2019\" \/>&#x1f539; Prolonge la dur\u00e9e de vie des appareils \u00e9lectrom\u00e9nagers et sanitaires<br data-start=\"2090\" data-end=\"2093\" \/>&#x1f539; Syst\u00e8me compact et efficace pour d\u00e9bits moyens \u00e0 \u00e9lev\u00e9s<br data-start=\"2151\" data-end=\"2154\" \/>&#x1f539; Marque reconnue : <strong data-start=\"2175\" data-end=\"2191\">ATLAS FILTRI<\/strong>, sp\u00e9cialiste de la filtration d\u2019eau<\/p>\n<hr class=\"\" data-start=\"2229\" data-end=\"2232\" \/>\n<p class=\"\" data-start=\"2234\" data-end=\"2409\">&#x1f4a7;<strong data-start=\"2236\" data-end=\"2326\">Prot\u00e9gez votre r\u00e9seau d\u2019eau avec le Filtre Double \u00e0 Fil et Cristaux BIG ATLAS FILTRI !<\/strong> Disponible chez <a href=\"https:\/\/cheliastore.dz\/\" target=\"_blank\" rel=\"noopener\"><span style=\"color: #ff0000;\"><strong data-start=\"2343\" data-end=\"2358\">CHELIASTORE<\/strong><\/span><\/a> avec <strong data-start=\"2364\" data-end=\"2408\">livraison rapide partout en Alg\u00e9rie &#x1f1e9;&#x1f1ff;<\/strong>.<\/p>\n","protected":false},"excerpt":{"rendered":"<p>Le <strong data-start=\"171\" data-end=\"239\">Filtre \u00e0 Eau Double \u00e0 Fil et Cristaux BIG 10&#8243; 40\/49 <span style=\"color: #3366ff;\">ATLAS FILTRI<\/span><\/strong> combine <strong data-start=\"248\" data-end=\"272\">filtration m\u00e9canique<\/strong> et <strong data-start=\"276\" data-end=\"299\">action anticalcaire<\/strong>. Gr\u00e2ce \u00e0 ses deux cartouches \u2013 l\u2019une en fil enroul\u00e9 pour retenir les impuret\u00e9s, l\u2019autre en cristaux de polyphosphate pour limiter le tartre \u2013 il assure une <strong data-start=\"456\" data-end=\"479\">protection compl\u00e8te<\/strong> de vos installations.<\/p>\n","protected":false},"featured_media":45778,"comment_status":"open","ping_status":"closed","template":"","meta":{"_editorskit_title_hidden":false,"_editorskit_reading_time":0,"_editorskit_is_block_options_detached":false,"_editorskit_block_options_position":"{}"},"product_brand":[],"product_cat":[97,115],"product_tag":[],"class_list":{"0":"post-45818","1":"product","2":"type-product","3":"status-publish","4":"has-post-thumbnail","6":"product_cat-plomberie","7":"product_cat-filtre-eau","8":"pa_brand-atlas-filtri","10":"first","11":"outofstock","12":"shipping-taxable","13":"purchasable","14":"product-type-simple"},"yoast_head":"<!-- This site is optimized with the Yoast SEO Premium plugin v25.4 (Yoast SEO v27.5) - https:\/\/yoast.com\/product\/yoast-seo-premium-wordpress\/ -->\n<title>Filtre \u00e0 eau double \u00e0 fil et cristaux BIG 10&quot; 40\/49 ATLAS FILTRI - CHELIA STORE<\/title>\n<meta name=\"description\" content=\"Double protection avec le Filtre \u00e0 Eau \u00e0 Fil et Cristaux 10&quot; ATLAS FILTRI pour lutter contre le calcaire. Achetez-le sur CHELIASTORE, livraison en Alg\u00e9rie !\" \/>\n<meta name=\"robots\" content=\"index, follow, max-snippet:-1, max-image-preview:large, max-video-preview:-1\" \/>\n<link rel=\"canonical\" href=\"https:\/\/cheliastore.dz\/product\/filtre-eau-double-fil-cristaux-10-40-49-atlas-filtri\/\" \/>\n<meta property=\"og:locale\" content=\"ar_AR\" \/>\n<meta property=\"og:type\" content=\"article\" \/>\n<meta property=\"og:title\" content=\"Filtre \u00e0 eau double \u00e0 fil et cristaux BIG 10&quot; 40\/49 ATLAS FILTRI\" \/>\n<meta property=\"og:description\" content=\"Double protection avec le Filtre \u00e0 Eau \u00e0 Fil et Cristaux 10&quot; ATLAS FILTRI pour lutter contre le calcaire. Achetez-le sur CHELIASTORE, livraison en Alg\u00e9rie !\" \/>\n<meta property=\"og:url\" content=\"https:\/\/cheliastore.dz\/product\/filtre-eau-double-fil-cristaux-10-40-49-atlas-filtri\/\" \/>\n<meta property=\"og:site_name\" content=\"CHELIA STORE\" \/>\n<meta property=\"article:publisher\" content=\"https:\/\/web.facebook.com\/cheliastore\" \/>\n<meta property=\"article:modified_time\" content=\"2026-01-11T03:30:04+00:00\" \/>\n<meta property=\"og:image\" content=\"https:\/\/cheliastore.dz\/wp-content\/uploads\/2024\/07\/atlas-double.jpg\" \/>\n\t<meta property=\"og:image:width\" content=\"1000\" \/>\n\t<meta property=\"og:image:height\" content=\"1000\" \/>\n\t<meta property=\"og:image:type\" content=\"image\/jpeg\" \/>\n<meta name=\"twitter:card\" content=\"summary_large_image\" \/>\n<meta name=\"twitter:label1\" content=\"\u0648\u0642\u062a \u0627\u0644\u0642\u0631\u0627\u0621\u0629 \u0627\u0644\u0645\u064f\u0642\u062f\u0651\u0631\" \/>\n\t<meta name=\"twitter:data1\" content=\"\u062f\u0642\u064a\u0642\u062a\u0627\u0646\" \/>\n<script type=\"application\/ld+json\" class=\"yoast-schema-graph\">{\"@context\":\"https:\\\/\\\/schema.org\",\"@graph\":[{\"@type\":\"WebPage\",\"@id\":\"https:\\\/\\\/cheliastore.dz\\\/product\\\/filtre-eau-double-fil-cristaux-10-40-49-atlas-filtri\\\/\",\"url\":\"https:\\\/\\\/cheliastore.dz\\\/product\\\/filtre-eau-double-fil-cristaux-10-40-49-atlas-filtri\\\/\",\"name\":\"Filtre \u00e0 eau double \u00e0 fil et cristaux BIG 10\\\" 40\\\/49 ATLAS FILTRI - CHELIA STORE\",\"isPartOf\":{\"@id\":\"https:\\\/\\\/cheliastore.dz\\\/#website\"},\"primaryImageOfPage\":{\"@id\":\"https:\\\/\\\/cheliastore.dz\\\/product\\\/filtre-eau-double-fil-cristaux-10-40-49-atlas-filtri\\\/#primaryimage\"},\"image\":{\"@id\":\"https:\\\/\\\/cheliastore.dz\\\/product\\\/filtre-eau-double-fil-cristaux-10-40-49-atlas-filtri\\\/#primaryimage\"},\"thumbnailUrl\":\"https:\\\/\\\/cheliastore.dz\\\/wp-content\\\/uploads\\\/2024\\\/07\\\/atlas-double.jpg\",\"datePublished\":\"2024-07-29T13:17:07+00:00\",\"dateModified\":\"2026-01-11T03:30:04+00:00\",\"description\":\"Double protection avec le Filtre \u00e0 Eau \u00e0 Fil et Cristaux 10\\\" ATLAS FILTRI pour lutter contre le calcaire. Achetez-le sur CHELIASTORE, livraison en Alg\u00e9rie !\",\"breadcrumb\":{\"@id\":\"https:\\\/\\\/cheliastore.dz\\\/product\\\/filtre-eau-double-fil-cristaux-10-40-49-atlas-filtri\\\/#breadcrumb\"},\"inLanguage\":\"ar\",\"potentialAction\":[{\"@type\":\"ReadAction\",\"target\":[\"https:\\\/\\\/cheliastore.dz\\\/product\\\/filtre-eau-double-fil-cristaux-10-40-49-atlas-filtri\\\/\"]}]},{\"@type\":\"ImageObject\",\"inLanguage\":\"ar\",\"@id\":\"https:\\\/\\\/cheliastore.dz\\\/product\\\/filtre-eau-double-fil-cristaux-10-40-49-atlas-filtri\\\/#primaryimage\",\"url\":\"https:\\\/\\\/cheliastore.dz\\\/wp-content\\\/uploads\\\/2024\\\/07\\\/atlas-double.jpg\",\"contentUrl\":\"https:\\\/\\\/cheliastore.dz\\\/wp-content\\\/uploads\\\/2024\\\/07\\\/atlas-double.jpg\",\"width\":1000,\"height\":1000,\"caption\":\"FILTRE DOUBLE A FIL CHARBON BLEU BIG 10 40\\\/49 ATLAS FILTRI\"},{\"@type\":\"BreadcrumbList\",\"@id\":\"https:\\\/\\\/cheliastore.dz\\\/product\\\/filtre-eau-double-fil-cristaux-10-40-49-atlas-filtri\\\/#breadcrumb\",\"itemListElement\":[{\"@type\":\"ListItem\",\"position\":1,\"name\":\"\u0627\u0644\u0631\u0626\u064a\u0633\u064a\u0629\",\"item\":\"https:\\\/\\\/cheliastore.dz\\\/ar\\\/\"},{\"@type\":\"ListItem\",\"position\":2,\"name\":\"Boutique\",\"item\":\"https:\\\/\\\/cheliastore.dz\\\/ar\\\/shop\\\/\"},{\"@type\":\"ListItem\",\"position\":3,\"name\":\"Filtre \u00e0 eau double \u00e0 fil et cristaux BIG 10&Prime; 40\\\/49 ATLAS FILTRI\"}]},{\"@type\":\"WebSite\",\"@id\":\"https:\\\/\\\/cheliastore.dz\\\/#website\",\"url\":\"https:\\\/\\\/cheliastore.dz\\\/\",\"name\":\"CHELIA STORE\",\"description\":\"CHELIA STORE\",\"publisher\":{\"@id\":\"https:\\\/\\\/cheliastore.dz\\\/#organization\"},\"potentialAction\":[{\"@type\":\"SearchAction\",\"target\":{\"@type\":\"EntryPoint\",\"urlTemplate\":\"https:\\\/\\\/cheliastore.dz\\\/?s={search_term_string}\"},\"query-input\":{\"@type\":\"PropertyValueSpecification\",\"valueRequired\":true,\"valueName\":\"search_term_string\"}}],\"inLanguage\":\"ar\"},{\"@type\":\"Organization\",\"@id\":\"https:\\\/\\\/cheliastore.dz\\\/#organization\",\"name\":\"Chelia Store\",\"url\":\"https:\\\/\\\/cheliastore.dz\\\/\",\"logo\":{\"@type\":\"ImageObject\",\"inLanguage\":\"ar\",\"@id\":\"https:\\\/\\\/cheliastore.dz\\\/#\\\/schema\\\/logo\\\/image\\\/\",\"url\":\"https:\\\/\\\/cheliastore.dz\\\/wp-content\\\/uploads\\\/2022\\\/01\\\/logo-final-250.png\",\"contentUrl\":\"https:\\\/\\\/cheliastore.dz\\\/wp-content\\\/uploads\\\/2022\\\/01\\\/logo-final-250.png\",\"width\":250,\"height\":78,\"caption\":\"Chelia Store\"},\"image\":{\"@id\":\"https:\\\/\\\/cheliastore.dz\\\/#\\\/schema\\\/logo\\\/image\\\/\"},\"sameAs\":[\"https:\\\/\\\/web.facebook.com\\\/cheliastore\",\"https:\\\/\\\/www.instagram.com\\\/quincaillerie.chelia\\\/\"]}]}<\/script>\n<!-- \/ Yoast SEO Premium plugin. -->","yoast_head_json":{"title":"Filtre \u00e0 eau double \u00e0 fil et cristaux BIG 10\" 40\/49 ATLAS FILTRI - CHELIA STORE","description":"Double protection avec le Filtre \u00e0 Eau \u00e0 Fil et Cristaux 10\" ATLAS FILTRI pour lutter contre le calcaire. Achetez-le sur CHELIASTORE, livraison en Alg\u00e9rie !","robots":{"index":"index","follow":"follow","max-snippet":"max-snippet:-1","max-image-preview":"max-image-preview:large","max-video-preview":"max-video-preview:-1"},"canonical":"https:\/\/cheliastore.dz\/product\/filtre-eau-double-fil-cristaux-10-40-49-atlas-filtri\/","og_locale":"ar_AR","og_type":"article","og_title":"Filtre \u00e0 eau double \u00e0 fil et cristaux BIG 10\" 40\/49 ATLAS FILTRI","og_description":"Double protection avec le Filtre \u00e0 Eau \u00e0 Fil et Cristaux 10\" ATLAS FILTRI pour lutter contre le calcaire. Achetez-le sur CHELIASTORE, livraison en Alg\u00e9rie !","og_url":"https:\/\/cheliastore.dz\/product\/filtre-eau-double-fil-cristaux-10-40-49-atlas-filtri\/","og_site_name":"CHELIA STORE","article_publisher":"https:\/\/web.facebook.com\/cheliastore","article_modified_time":"2026-01-11T03:30:04+00:00","og_image":[{"width":1000,"height":1000,"url":"https:\/\/cheliastore.dz\/wp-content\/uploads\/2024\/07\/atlas-double.jpg","type":"image\/jpeg"}],"twitter_card":"summary_large_image","twitter_misc":{"\u0648\u0642\u062a \u0627\u0644\u0642\u0631\u0627\u0621\u0629 \u0627\u0644\u0645\u064f\u0642\u062f\u0651\u0631":"\u062f\u0642\u064a\u0642\u062a\u0627\u0646"},"schema":{"@context":"https:\/\/schema.org","@graph":[{"@type":"WebPage","@id":"https:\/\/cheliastore.dz\/product\/filtre-eau-double-fil-cristaux-10-40-49-atlas-filtri\/","url":"https:\/\/cheliastore.dz\/product\/filtre-eau-double-fil-cristaux-10-40-49-atlas-filtri\/","name":"Filtre \u00e0 eau double \u00e0 fil et cristaux BIG 10\" 40\/49 ATLAS FILTRI - CHELIA STORE","isPartOf":{"@id":"https:\/\/cheliastore.dz\/#website"},"primaryImageOfPage":{"@id":"https:\/\/cheliastore.dz\/product\/filtre-eau-double-fil-cristaux-10-40-49-atlas-filtri\/#primaryimage"},"image":{"@id":"https:\/\/cheliastore.dz\/product\/filtre-eau-double-fil-cristaux-10-40-49-atlas-filtri\/#primaryimage"},"thumbnailUrl":"https:\/\/cheliastore.dz\/wp-content\/uploads\/2024\/07\/atlas-double.jpg","datePublished":"2024-07-29T13:17:07+00:00","dateModified":"2026-01-11T03:30:04+00:00","description":"Double protection avec le Filtre \u00e0 Eau \u00e0 Fil et Cristaux 10\" ATLAS FILTRI pour lutter contre le calcaire. Achetez-le sur CHELIASTORE, livraison en Alg\u00e9rie !","breadcrumb":{"@id":"https:\/\/cheliastore.dz\/product\/filtre-eau-double-fil-cristaux-10-40-49-atlas-filtri\/#breadcrumb"},"inLanguage":"ar","potentialAction":[{"@type":"ReadAction","target":["https:\/\/cheliastore.dz\/product\/filtre-eau-double-fil-cristaux-10-40-49-atlas-filtri\/"]}]},{"@type":"ImageObject","inLanguage":"ar","@id":"https:\/\/cheliastore.dz\/product\/filtre-eau-double-fil-cristaux-10-40-49-atlas-filtri\/#primaryimage","url":"https:\/\/cheliastore.dz\/wp-content\/uploads\/2024\/07\/atlas-double.jpg","contentUrl":"https:\/\/cheliastore.dz\/wp-content\/uploads\/2024\/07\/atlas-double.jpg","width":1000,"height":1000,"caption":"FILTRE DOUBLE A FIL CHARBON BLEU BIG 10 40\/49 ATLAS FILTRI"},{"@type":"BreadcrumbList","@id":"https:\/\/cheliastore.dz\/product\/filtre-eau-double-fil-cristaux-10-40-49-atlas-filtri\/#breadcrumb","itemListElement":[{"@type":"ListItem","position":1,"name":"\u0627\u0644\u0631\u0626\u064a\u0633\u064a\u0629","item":"https:\/\/cheliastore.dz\/ar\/"},{"@type":"ListItem","position":2,"name":"Boutique","item":"https:\/\/cheliastore.dz\/ar\/shop\/"},{"@type":"ListItem","position":3,"name":"Filtre \u00e0 eau double \u00e0 fil et cristaux BIG 10&Prime; 40\/49 ATLAS FILTRI"}]},{"@type":"WebSite","@id":"https:\/\/cheliastore.dz\/#website","url":"https:\/\/cheliastore.dz\/","name":"CHELIA STORE","description":"CHELIA STORE","publisher":{"@id":"https:\/\/cheliastore.dz\/#organization"},"potentialAction":[{"@type":"SearchAction","target":{"@type":"EntryPoint","urlTemplate":"https:\/\/cheliastore.dz\/?s={search_term_string}"},"query-input":{"@type":"PropertyValueSpecification","valueRequired":true,"valueName":"search_term_string"}}],"inLanguage":"ar"},{"@type":"Organization","@id":"https:\/\/cheliastore.dz\/#organization","name":"Chelia Store","url":"https:\/\/cheliastore.dz\/","logo":{"@type":"ImageObject","inLanguage":"ar","@id":"https:\/\/cheliastore.dz\/#\/schema\/logo\/image\/","url":"https:\/\/cheliastore.dz\/wp-content\/uploads\/2022\/01\/logo-final-250.png","contentUrl":"https:\/\/cheliastore.dz\/wp-content\/uploads\/2022\/01\/logo-final-250.png","width":250,"height":78,"caption":"Chelia Store"},"image":{"@id":"https:\/\/cheliastore.dz\/#\/schema\/logo\/image\/"},"sameAs":["https:\/\/web.facebook.com\/cheliastore","https:\/\/www.instagram.com\/quincaillerie.chelia\/"]}]}},"_links":{"self":[{"href":"https:\/\/cheliastore.dz\/ar\/wp-json\/wp\/v2\/product\/45818","targetHints":{"allow":["GET"]}}],"collection":[{"href":"https:\/\/cheliastore.dz\/ar\/wp-json\/wp\/v2\/product"}],"about":[{"href":"https:\/\/cheliastore.dz\/ar\/wp-json\/wp\/v2\/types\/product"}],"replies":[{"embeddable":true,"href":"https:\/\/cheliastore.dz\/ar\/wp-json\/wp\/v2\/comments?post=45818"}],"version-history":[{"count":3,"href":"https:\/\/cheliastore.dz\/ar\/wp-json\/wp\/v2\/product\/45818\/revisions"}],"predecessor-version":[{"id":73034,"href":"https:\/\/cheliastore.dz\/ar\/wp-json\/wp\/v2\/product\/45818\/revisions\/73034"}],"wp:featuredmedia":[{"embeddable":true,"href":"https:\/\/cheliastore.dz\/ar\/wp-json\/wp\/v2\/media\/45778"}],"wp:attachment":[{"href":"https:\/\/cheliastore.dz\/ar\/wp-json\/wp\/v2\/media?parent=45818"}],"wp:term":[{"taxonomy":"product_brand","embeddable":true,"href":"https:\/\/cheliastore.dz\/ar\/wp-json\/wp\/v2\/product_brand?post=45818"},{"taxonomy":"product_cat","embeddable":true,"href":"https:\/\/cheliastore.dz\/ar\/wp-json\/wp\/v2\/product_cat?post=45818"},{"taxonomy":"product_tag","embeddable":true,"href":"https:\/\/cheliastore.dz\/ar\/wp-json\/wp\/v2\/product_tag?post=45818"}],"curies":[{"name":"wp","href":"https:\/\/api.w.org\/{rel}","templated":true}]}}