{"id":45758,"date":"2024-07-29T11:15:48","date_gmt":"2024-07-29T11:15:48","guid":{"rendered":"https:\/\/cheliastore.dz\/?post_type=product&#038;p=45758"},"modified":"2026-01-11T03:06:38","modified_gmt":"2026-01-11T03:06:38","slug":"filtre-charbon-5-atlas-filtri","status":"publish","type":"product","link":"https:\/\/cheliastore.dz\/ar\/product\/filtre-charbon-5-atlas-filtri\/","title":{"rendered":"Filtre \u00e0 eau avec cartouche CHARBON 5&#8243; ATLAS FILTRI"},"content":{"rendered":"<h2 data-start=\"424\" data-end=\"459\">&#x2705; <strong data-start=\"430\" data-end=\"457\">Description d\u00e9taill\u00e9e :<\/strong><\/h2>\n<p class=\"\" data-start=\"460\" data-end=\"854\">Le <strong data-start=\"463\" data-end=\"518\">Filtre \u00e0 eau avec cartouche charbon 5&#8243; <a href=\"https:\/\/cheliastore.dz\/?s=atlas+filtri&amp;post_type=product&amp;dgwt_wcas=1&amp;lang=fr\"><em><span style=\"color: #0000ff;\">ATLAS FILTRI<\/span><\/em><\/a><\/strong> est con\u00e7u pour am\u00e9liorer la qualit\u00e9 de l\u2019eau en supprimant les <strong data-start=\"582\" data-end=\"636\">mauvaises odeurs, le go\u00fbt d\u00e9sagr\u00e9able et le chlore<\/strong> souvent pr\u00e9sents dans l\u2019eau de robinet. Gr\u00e2ce \u00e0 sa <strong data-start=\"688\" data-end=\"718\">cartouche au charbon actif<\/strong>, il agit par adsorption pour retenir les compos\u00e9s organiques volatils et les substances chimiques responsables des alt\u00e9rations de go\u00fbt.<\/p>\n<p class=\"\" data-start=\"856\" data-end=\"1124\">Son <strong data-start=\"860\" data-end=\"881\">format compact 5&#8243;<\/strong> en fait un choix id\u00e9al pour les installations sous \u00e9vier, en amont d\u2019un robinet ou d\u2019un petit appareil \u00e9lectrom\u00e9nager (chauffe-eau, machine \u00e0 caf\u00e9, etc.). Il convient aussi comme filtre de finition dans une cha\u00eene de filtration plus complexe.<\/p>\n<blockquote class=\"wp-embedded-content\" data-secret=\"KmDmnnZSKP\"><p><a href=\"https:\/\/cheliastore.dz\/product\/cartouch-filtre-5-charbon-bloc-atlas-filtri\/\">Cartouche Filtre 5 Charbon Bloc ATLAS Filtri<\/a><\/p><\/blockquote>\n<p><iframe class=\"wp-embedded-content\" sandbox=\"allow-scripts\" security=\"restricted\" style=\"position: absolute; visibility: hidden;\" title=\"\u00ab\u00a0Cartouche Filtre 5 Charbon Bloc ATLAS Filtri\u00a0\u00bb &#8212; CHELIA STORE\" src=\"https:\/\/cheliastore.dz\/product\/cartouch-filtre-5-charbon-bloc-atlas-filtri\/embed\/#?secret=kaFjvjNpPm#?secret=KmDmnnZSKP\" data-secret=\"KmDmnnZSKP\" width=\"500\" height=\"282\" frameborder=\"0\" marginwidth=\"0\" marginheight=\"0\" scrolling=\"no\"><\/iframe><\/p>\n<hr class=\"\" data-start=\"1126\" data-end=\"1129\" \/>\n<h3 class=\"\" data-start=\"1131\" data-end=\"1173\">&#x1f527; <strong data-start=\"1138\" data-end=\"1171\">Caract\u00e9ristiques techniques :<\/strong><\/h3>\n<ul data-start=\"1174\" data-end=\"1519\">\n<li class=\"\" data-start=\"1174\" data-end=\"1199\">\n<p class=\"\" data-start=\"1176\" data-end=\"1199\"><strong data-start=\"1176\" data-end=\"1188\">Mod\u00e8le :<\/strong> 5 pouces<\/p>\n<\/li>\n<li class=\"\" data-start=\"1200\" data-end=\"1272\">\n<p class=\"\" data-start=\"1202\" data-end=\"1272\"><strong data-start=\"1202\" data-end=\"1225\">Type de cartouche :<\/strong> Charbon actif (bloc ou granul\u00e9 selon mod\u00e8le)<\/p>\n<\/li>\n<li class=\"\" data-start=\"1273\" data-end=\"1319\">\n<p class=\"\" data-start=\"1275\" data-end=\"1319\"><strong data-start=\"1275\" data-end=\"1292\">Application :<\/strong> Go\u00fbt, odeur, chlore, COV<\/p>\n<\/li>\n<li class=\"\" data-start=\"1320\" data-end=\"1398\">\n<p class=\"\" data-start=\"1322\" data-end=\"1398\"><strong data-start=\"1322\" data-end=\"1336\">Raccords :<\/strong> Filet\u00e9s 1\/2&#8243; ou 3\/4&#8243; selon version (souvent 15\/21 ou 20\/27)<\/p>\n<\/li>\n<li class=\"\" data-start=\"1399\" data-end=\"1435\">\n<p class=\"\" data-start=\"1401\" data-end=\"1435\"><strong data-start=\"1401\" data-end=\"1424\">Pression maximale :<\/strong> 6\u20138 bars<\/p>\n<\/li>\n<li class=\"\" data-start=\"1436\" data-end=\"1470\">\n<p class=\"\" data-start=\"1438\" data-end=\"1470\"><strong data-start=\"1438\" data-end=\"1455\">Temp\u00e9rature :<\/strong> Jusqu\u2019\u00e0 45\u00b0C<\/p>\n<\/li>\n<li class=\"\" data-start=\"1471\" data-end=\"1519\">\n<p class=\"\" data-start=\"1473\" data-end=\"1519\"><strong data-start=\"1473\" data-end=\"1485\">Marque :<\/strong> ATLAS FILTRI \u2013 Fabriqu\u00e9 en Italie<\/p>\n<\/li>\n<\/ul>\n<hr class=\"\" data-start=\"1521\" data-end=\"1524\" \/>\n<h3 class=\"\" data-start=\"1526\" data-end=\"1558\">&#x1f4a1; <strong data-start=\"1533\" data-end=\"1556\">Avantages produit :<\/strong><\/h3>\n<p class=\"\" data-start=\"1559\" data-end=\"1814\">&#x2714; \u00c9limination efficace des odeurs et du go\u00fbt de chlore<br data-start=\"1613\" data-end=\"1616\" \/>&#x2714; Format 5&#8243; compact pour les espaces r\u00e9duits<br data-start=\"1660\" data-end=\"1663\" \/>&#x2714; Installation rapide sous \u00e9vier ou sur r\u00e9seau secondaire<br data-start=\"1720\" data-end=\"1723\" \/>&#x2714; Id\u00e9al en pr\u00e9traitement ou en compl\u00e9ment d\u2019un osmoseur<br data-start=\"1778\" data-end=\"1781\" \/>&#x2714; Conception de qualit\u00e9 italienne<\/p>\n<hr class=\"\" data-start=\"1816\" data-end=\"1819\" \/>\n<p class=\"\" data-start=\"1821\" data-end=\"2004\">&#x1f4a7; <strong data-start=\"1824\" data-end=\"1848\">Commandez maintenant<\/strong> votre <strong data-start=\"1855\" data-end=\"1891\">filtre \u00e0 charbon 5&#8243; ATLAS FILTRI<\/strong> sur <strong data-start=\"1896\" data-end=\"1911\">CHELIASTORE<\/strong>, avec <strong data-start=\"1918\" data-end=\"1962\">livraison rapide partout en Alg\u00e9rie &#x1f1e9;&#x1f1ff;<\/strong> et au <strong data-start=\"1969\" data-end=\"2002\">meilleur rapport qualit\u00e9\/prix<\/strong> !<\/p>\n","protected":false},"excerpt":{"rendered":"<p>Compact et performant, le <strong data-start=\"196\" data-end=\"257\">filtre \u00e0 eau 5&#8243; ATLAS FILTRI avec cartouche charbon actif<\/strong> \u00e9limine efficacement le go\u00fbt, les odeurs et le chlore de l\u2019eau. Id\u00e9al pour les petits espaces et les points d\u2019usage domestique comme l\u2019\u00e9vier ou le chauffe-eau.<\/p>\n","protected":false},"featured_media":73091,"comment_status":"open","ping_status":"closed","template":"","meta":{"_editorskit_title_hidden":false,"_editorskit_reading_time":0,"_editorskit_is_block_options_detached":false,"_editorskit_block_options_position":"{}"},"product_brand":[],"product_cat":[97,115],"product_tag":[],"class_list":{"0":"post-45758","1":"product","2":"type-product","3":"status-publish","4":"has-post-thumbnail","6":"product_cat-plomberie","7":"product_cat-filtre-eau","8":"pa_brand-atlas-filtri","10":"first","11":"outofstock","12":"shipping-taxable","13":"purchasable","14":"product-type-simple"},"yoast_head":"<!-- This site is optimized with the Yoast SEO Premium plugin v25.4 (Yoast SEO v27.5) - https:\/\/yoast.com\/product\/yoast-seo-premium-wordpress\/ -->\n<title>Filtre \u00e0 eau avec cartouche CHARBON 5&quot; ATLAS FILTRI - CHELIA STORE<\/title>\n<meta name=\"description\" content=\"D\u00e9couvrez le filtre a eau pour maison Charbon Grand mod\u00e8le de ATLAS FILTRI, id\u00e9al pour une purification optimale de l&#039;eau dans votre foyer. Ce filtre...\" \/>\n<meta name=\"robots\" content=\"index, follow, max-snippet:-1, max-image-preview:large, max-video-preview:-1\" \/>\n<link rel=\"canonical\" href=\"https:\/\/cheliastore.dz\/product\/filtre-charbon-5-atlas-filtri\/\" \/>\n<meta property=\"og:locale\" content=\"ar_AR\" \/>\n<meta property=\"og:type\" content=\"article\" \/>\n<meta property=\"og:title\" content=\"Filtre \u00e0 eau avec cartouche CHARBON 5&quot; ATLAS FILTRI\" \/>\n<meta property=\"og:description\" content=\"D\u00e9couvrez le filtre a eau pour maison Charbon Grand mod\u00e8le de ATLAS FILTRI, id\u00e9al pour une purification optimale de l&#039;eau dans votre foyer. Ce filtre...\" \/>\n<meta property=\"og:url\" content=\"https:\/\/cheliastore.dz\/product\/filtre-charbon-5-atlas-filtri\/\" \/>\n<meta property=\"og:site_name\" content=\"CHELIA STORE\" \/>\n<meta property=\"article:publisher\" content=\"https:\/\/web.facebook.com\/cheliastore\" \/>\n<meta property=\"article:modified_time\" content=\"2026-01-11T03:06:38+00:00\" \/>\n<meta property=\"og:image\" content=\"https:\/\/cheliastore.dz\/wp-content\/uploads\/2024\/07\/Copie-de-Ajouter-un-sous-titre-16.jpg\" \/>\n\t<meta property=\"og:image:width\" content=\"1080\" \/>\n\t<meta property=\"og:image:height\" content=\"1080\" \/>\n\t<meta property=\"og:image:type\" content=\"image\/jpeg\" \/>\n<meta name=\"twitter:card\" content=\"summary_large_image\" \/>\n<meta name=\"twitter:label1\" content=\"\u0648\u0642\u062a \u0627\u0644\u0642\u0631\u0627\u0621\u0629 \u0627\u0644\u0645\u064f\u0642\u062f\u0651\u0631\" \/>\n\t<meta name=\"twitter:data1\" content=\"\u062f\u0642\u064a\u0642\u062a\u0627\u0646\" \/>\n<script type=\"application\/ld+json\" class=\"yoast-schema-graph\">{\"@context\":\"https:\\\/\\\/schema.org\",\"@graph\":[{\"@type\":\"WebPage\",\"@id\":\"https:\\\/\\\/cheliastore.dz\\\/product\\\/filtre-charbon-5-atlas-filtri\\\/\",\"url\":\"https:\\\/\\\/cheliastore.dz\\\/product\\\/filtre-charbon-5-atlas-filtri\\\/\",\"name\":\"Filtre \u00e0 eau avec cartouche CHARBON 5\\\" ATLAS FILTRI - CHELIA STORE\",\"isPartOf\":{\"@id\":\"https:\\\/\\\/cheliastore.dz\\\/#website\"},\"primaryImageOfPage\":{\"@id\":\"https:\\\/\\\/cheliastore.dz\\\/product\\\/filtre-charbon-5-atlas-filtri\\\/#primaryimage\"},\"image\":{\"@id\":\"https:\\\/\\\/cheliastore.dz\\\/product\\\/filtre-charbon-5-atlas-filtri\\\/#primaryimage\"},\"thumbnailUrl\":\"https:\\\/\\\/cheliastore.dz\\\/wp-content\\\/uploads\\\/2024\\\/07\\\/Copie-de-Ajouter-un-sous-titre-16.jpg\",\"datePublished\":\"2024-07-29T11:15:48+00:00\",\"dateModified\":\"2026-01-11T03:06:38+00:00\",\"description\":\"D\u00e9couvrez le filtre a eau pour maison Charbon Grand mod\u00e8le de ATLAS FILTRI, id\u00e9al pour une purification optimale de l'eau dans votre foyer. Ce filtre...\",\"breadcrumb\":{\"@id\":\"https:\\\/\\\/cheliastore.dz\\\/product\\\/filtre-charbon-5-atlas-filtri\\\/#breadcrumb\"},\"inLanguage\":\"ar\",\"potentialAction\":[{\"@type\":\"ReadAction\",\"target\":[\"https:\\\/\\\/cheliastore.dz\\\/product\\\/filtre-charbon-5-atlas-filtri\\\/\"]}]},{\"@type\":\"ImageObject\",\"inLanguage\":\"ar\",\"@id\":\"https:\\\/\\\/cheliastore.dz\\\/product\\\/filtre-charbon-5-atlas-filtri\\\/#primaryimage\",\"url\":\"https:\\\/\\\/cheliastore.dz\\\/wp-content\\\/uploads\\\/2024\\\/07\\\/Copie-de-Ajouter-un-sous-titre-16.jpg\",\"contentUrl\":\"https:\\\/\\\/cheliastore.dz\\\/wp-content\\\/uploads\\\/2024\\\/07\\\/Copie-de-Ajouter-un-sous-titre-16.jpg\",\"width\":1080,\"height\":1080,\"caption\":\"Filtre \u00e0 eau avec cartouche CHARBON 5\\\" ATLAS FILTRI\"},{\"@type\":\"BreadcrumbList\",\"@id\":\"https:\\\/\\\/cheliastore.dz\\\/product\\\/filtre-charbon-5-atlas-filtri\\\/#breadcrumb\",\"itemListElement\":[{\"@type\":\"ListItem\",\"position\":1,\"name\":\"\u0627\u0644\u0631\u0626\u064a\u0633\u064a\u0629\",\"item\":\"https:\\\/\\\/cheliastore.dz\\\/ar\\\/\"},{\"@type\":\"ListItem\",\"position\":2,\"name\":\"Boutique\",\"item\":\"https:\\\/\\\/cheliastore.dz\\\/ar\\\/shop\\\/\"},{\"@type\":\"ListItem\",\"position\":3,\"name\":\"Filtre \u00e0 eau avec cartouche CHARBON 5&Prime; ATLAS FILTRI\"}]},{\"@type\":\"WebSite\",\"@id\":\"https:\\\/\\\/cheliastore.dz\\\/#website\",\"url\":\"https:\\\/\\\/cheliastore.dz\\\/\",\"name\":\"CHELIA STORE\",\"description\":\"CHELIA STORE\",\"publisher\":{\"@id\":\"https:\\\/\\\/cheliastore.dz\\\/#organization\"},\"potentialAction\":[{\"@type\":\"SearchAction\",\"target\":{\"@type\":\"EntryPoint\",\"urlTemplate\":\"https:\\\/\\\/cheliastore.dz\\\/?s={search_term_string}\"},\"query-input\":{\"@type\":\"PropertyValueSpecification\",\"valueRequired\":true,\"valueName\":\"search_term_string\"}}],\"inLanguage\":\"ar\"},{\"@type\":\"Organization\",\"@id\":\"https:\\\/\\\/cheliastore.dz\\\/#organization\",\"name\":\"Chelia Store\",\"url\":\"https:\\\/\\\/cheliastore.dz\\\/\",\"logo\":{\"@type\":\"ImageObject\",\"inLanguage\":\"ar\",\"@id\":\"https:\\\/\\\/cheliastore.dz\\\/#\\\/schema\\\/logo\\\/image\\\/\",\"url\":\"https:\\\/\\\/cheliastore.dz\\\/wp-content\\\/uploads\\\/2022\\\/01\\\/logo-final-250.png\",\"contentUrl\":\"https:\\\/\\\/cheliastore.dz\\\/wp-content\\\/uploads\\\/2022\\\/01\\\/logo-final-250.png\",\"width\":250,\"height\":78,\"caption\":\"Chelia Store\"},\"image\":{\"@id\":\"https:\\\/\\\/cheliastore.dz\\\/#\\\/schema\\\/logo\\\/image\\\/\"},\"sameAs\":[\"https:\\\/\\\/web.facebook.com\\\/cheliastore\",\"https:\\\/\\\/www.instagram.com\\\/quincaillerie.chelia\\\/\"]}]}<\/script>\n<!-- \/ Yoast SEO Premium plugin. -->","yoast_head_json":{"title":"Filtre \u00e0 eau avec cartouche CHARBON 5\" ATLAS FILTRI - CHELIA STORE","description":"D\u00e9couvrez le filtre a eau pour maison Charbon Grand mod\u00e8le de ATLAS FILTRI, id\u00e9al pour une purification optimale de l'eau dans votre foyer. Ce filtre...","robots":{"index":"index","follow":"follow","max-snippet":"max-snippet:-1","max-image-preview":"max-image-preview:large","max-video-preview":"max-video-preview:-1"},"canonical":"https:\/\/cheliastore.dz\/product\/filtre-charbon-5-atlas-filtri\/","og_locale":"ar_AR","og_type":"article","og_title":"Filtre \u00e0 eau avec cartouche CHARBON 5\" ATLAS FILTRI","og_description":"D\u00e9couvrez le filtre a eau pour maison Charbon Grand mod\u00e8le de ATLAS FILTRI, id\u00e9al pour une purification optimale de l'eau dans votre foyer. Ce filtre...","og_url":"https:\/\/cheliastore.dz\/product\/filtre-charbon-5-atlas-filtri\/","og_site_name":"CHELIA STORE","article_publisher":"https:\/\/web.facebook.com\/cheliastore","article_modified_time":"2026-01-11T03:06:38+00:00","og_image":[{"width":1080,"height":1080,"url":"https:\/\/cheliastore.dz\/wp-content\/uploads\/2024\/07\/Copie-de-Ajouter-un-sous-titre-16.jpg","type":"image\/jpeg"}],"twitter_card":"summary_large_image","twitter_misc":{"\u0648\u0642\u062a \u0627\u0644\u0642\u0631\u0627\u0621\u0629 \u0627\u0644\u0645\u064f\u0642\u062f\u0651\u0631":"\u062f\u0642\u064a\u0642\u062a\u0627\u0646"},"schema":{"@context":"https:\/\/schema.org","@graph":[{"@type":"WebPage","@id":"https:\/\/cheliastore.dz\/product\/filtre-charbon-5-atlas-filtri\/","url":"https:\/\/cheliastore.dz\/product\/filtre-charbon-5-atlas-filtri\/","name":"Filtre \u00e0 eau avec cartouche CHARBON 5\" ATLAS FILTRI - CHELIA STORE","isPartOf":{"@id":"https:\/\/cheliastore.dz\/#website"},"primaryImageOfPage":{"@id":"https:\/\/cheliastore.dz\/product\/filtre-charbon-5-atlas-filtri\/#primaryimage"},"image":{"@id":"https:\/\/cheliastore.dz\/product\/filtre-charbon-5-atlas-filtri\/#primaryimage"},"thumbnailUrl":"https:\/\/cheliastore.dz\/wp-content\/uploads\/2024\/07\/Copie-de-Ajouter-un-sous-titre-16.jpg","datePublished":"2024-07-29T11:15:48+00:00","dateModified":"2026-01-11T03:06:38+00:00","description":"D\u00e9couvrez le filtre a eau pour maison Charbon Grand mod\u00e8le de ATLAS FILTRI, id\u00e9al pour une purification optimale de l'eau dans votre foyer. Ce filtre...","breadcrumb":{"@id":"https:\/\/cheliastore.dz\/product\/filtre-charbon-5-atlas-filtri\/#breadcrumb"},"inLanguage":"ar","potentialAction":[{"@type":"ReadAction","target":["https:\/\/cheliastore.dz\/product\/filtre-charbon-5-atlas-filtri\/"]}]},{"@type":"ImageObject","inLanguage":"ar","@id":"https:\/\/cheliastore.dz\/product\/filtre-charbon-5-atlas-filtri\/#primaryimage","url":"https:\/\/cheliastore.dz\/wp-content\/uploads\/2024\/07\/Copie-de-Ajouter-un-sous-titre-16.jpg","contentUrl":"https:\/\/cheliastore.dz\/wp-content\/uploads\/2024\/07\/Copie-de-Ajouter-un-sous-titre-16.jpg","width":1080,"height":1080,"caption":"Filtre \u00e0 eau avec cartouche CHARBON 5\" ATLAS FILTRI"},{"@type":"BreadcrumbList","@id":"https:\/\/cheliastore.dz\/product\/filtre-charbon-5-atlas-filtri\/#breadcrumb","itemListElement":[{"@type":"ListItem","position":1,"name":"\u0627\u0644\u0631\u0626\u064a\u0633\u064a\u0629","item":"https:\/\/cheliastore.dz\/ar\/"},{"@type":"ListItem","position":2,"name":"Boutique","item":"https:\/\/cheliastore.dz\/ar\/shop\/"},{"@type":"ListItem","position":3,"name":"Filtre \u00e0 eau avec cartouche CHARBON 5&Prime; ATLAS FILTRI"}]},{"@type":"WebSite","@id":"https:\/\/cheliastore.dz\/#website","url":"https:\/\/cheliastore.dz\/","name":"CHELIA STORE","description":"CHELIA STORE","publisher":{"@id":"https:\/\/cheliastore.dz\/#organization"},"potentialAction":[{"@type":"SearchAction","target":{"@type":"EntryPoint","urlTemplate":"https:\/\/cheliastore.dz\/?s={search_term_string}"},"query-input":{"@type":"PropertyValueSpecification","valueRequired":true,"valueName":"search_term_string"}}],"inLanguage":"ar"},{"@type":"Organization","@id":"https:\/\/cheliastore.dz\/#organization","name":"Chelia Store","url":"https:\/\/cheliastore.dz\/","logo":{"@type":"ImageObject","inLanguage":"ar","@id":"https:\/\/cheliastore.dz\/#\/schema\/logo\/image\/","url":"https:\/\/cheliastore.dz\/wp-content\/uploads\/2022\/01\/logo-final-250.png","contentUrl":"https:\/\/cheliastore.dz\/wp-content\/uploads\/2022\/01\/logo-final-250.png","width":250,"height":78,"caption":"Chelia Store"},"image":{"@id":"https:\/\/cheliastore.dz\/#\/schema\/logo\/image\/"},"sameAs":["https:\/\/web.facebook.com\/cheliastore","https:\/\/www.instagram.com\/quincaillerie.chelia\/"]}]}},"_links":{"self":[{"href":"https:\/\/cheliastore.dz\/ar\/wp-json\/wp\/v2\/product\/45758","targetHints":{"allow":["GET"]}}],"collection":[{"href":"https:\/\/cheliastore.dz\/ar\/wp-json\/wp\/v2\/product"}],"about":[{"href":"https:\/\/cheliastore.dz\/ar\/wp-json\/wp\/v2\/types\/product"}],"replies":[{"embeddable":true,"href":"https:\/\/cheliastore.dz\/ar\/wp-json\/wp\/v2\/comments?post=45758"}],"version-history":[{"count":3,"href":"https:\/\/cheliastore.dz\/ar\/wp-json\/wp\/v2\/product\/45758\/revisions"}],"predecessor-version":[{"id":73094,"href":"https:\/\/cheliastore.dz\/ar\/wp-json\/wp\/v2\/product\/45758\/revisions\/73094"}],"wp:featuredmedia":[{"embeddable":true,"href":"https:\/\/cheliastore.dz\/ar\/wp-json\/wp\/v2\/media\/73091"}],"wp:attachment":[{"href":"https:\/\/cheliastore.dz\/ar\/wp-json\/wp\/v2\/media?parent=45758"}],"wp:term":[{"taxonomy":"product_brand","embeddable":true,"href":"https:\/\/cheliastore.dz\/ar\/wp-json\/wp\/v2\/product_brand?post=45758"},{"taxonomy":"product_cat","embeddable":true,"href":"https:\/\/cheliastore.dz\/ar\/wp-json\/wp\/v2\/product_cat?post=45758"},{"taxonomy":"product_tag","embeddable":true,"href":"https:\/\/cheliastore.dz\/ar\/wp-json\/wp\/v2\/product_tag?post=45758"}],"curies":[{"name":"wp","href":"https:\/\/api.w.org\/{rel}","templated":true}]}}