{"id":45744,"date":"2024-07-29T10:51:44","date_gmt":"2024-07-29T10:51:44","guid":{"rendered":"https:\/\/cheliastore.dz\/?post_type=product&#038;p=45744"},"modified":"2026-01-11T03:30:06","modified_gmt":"2026-01-11T03:30:06","slug":"filtre-charbon-transparant-big-10-40-49-atlas-filtri","status":"publish","type":"product","link":"https:\/\/cheliastore.dz\/ar\/product\/filtre-charbon-transparant-big-10-40-49-atlas-filtri\/","title":{"rendered":"Filtre \u00e0 eau au charbon transparent BIG 10&#8243; 40\/49 ATLAS FILTRI"},"content":{"rendered":"<h4>&#x1f4a7; Commandez votre <strong data-start=\"1981\" data-end=\"2034\">filtre \u00e0 charbon BIG 10&#8243; transparent <span style=\"color: #0000ff;\">ATLAS FILTRI<\/span><\/strong> d\u00e8s aujourd\u2019hui sur <span style=\"color: #ff0000;\"><strong data-start=\"2055\" data-end=\"2070\">CHELIASTORE<\/strong><\/span> et b\u00e9n\u00e9ficiez d\u2019une <strong data-start=\"2091\" data-end=\"2127\">livraison rapide en Alg\u00e9rie <span style=\"color: #008000;\">&#x1f1e9;&#x1f1ff;<\/span><\/strong> !<\/h4>\n<h2 data-start=\"375\" data-end=\"408\">&#x2705;Description d\u00e9taill\u00e9e du Filtre \u00e0 eau au charbon<\/h2>\n<p class=\"\" data-start=\"409\" data-end=\"755\">Le <strong data-start=\"412\" data-end=\"478\">Filtre \u00e0 eau au charbon transparent BIG 10&#8243; 40\/49 ATLAS FILTRI<\/strong> est con\u00e7u pour am\u00e9liorer efficacement la qualit\u00e9 de l\u2019eau domestique ou professionnelle. Il est \u00e9quip\u00e9 d\u2019une <strong data-start=\"588\" data-end=\"618\">cartouche au charbon actif<\/strong> qui r\u00e9duit consid\u00e9rablement les <strong data-start=\"651\" data-end=\"705\">mauvaises odeurs, le go\u00fbt d\u00e9sagr\u00e9able et le chlore<\/strong>, tout en laissant passer les min\u00e9raux b\u00e9n\u00e9fiques.<\/p>\n<blockquote class=\"wp-embedded-content\" data-secret=\"Ip1EZE3OcR\"><p><a href=\"https:\/\/cheliastore.dz\/product\/filtre-a-fil-cotton-transparent-5-atlas-filtri\/\">Filtre \u00e0 eau \u00e0 fil coton transparent 5&Prime; ATLAS FILTRI<\/a><\/p><\/blockquote>\n<p><iframe class=\"wp-embedded-content\" sandbox=\"allow-scripts\" security=\"restricted\" style=\"position: absolute; visibility: hidden;\" title=\"\u00ab\u00a0Filtre \u00e0 eau \u00e0 fil coton transparent 5&Prime; ATLAS FILTRI\u00a0\u00bb &#8212; CHELIA STORE\" src=\"https:\/\/cheliastore.dz\/product\/filtre-a-fil-cotton-transparent-5-atlas-filtri\/embed\/#?secret=JW4LLMKVMO#?secret=Ip1EZE3OcR\" data-secret=\"Ip1EZE3OcR\" width=\"500\" height=\"282\" frameborder=\"0\" marginwidth=\"0\" marginheight=\"0\" scrolling=\"no\"><\/iframe><\/p>\n<p class=\"\" data-start=\"757\" data-end=\"1083\">Gr\u00e2ce \u00e0 son <strong data-start=\"769\" data-end=\"799\">corps transparent renforc\u00e9<\/strong>, ce mod\u00e8le permet un <strong data-start=\"821\" data-end=\"873\">contr\u00f4le visuel rapide de l\u2019\u00e9tat de la cartouche<\/strong>, ce qui facilite l\u2019entretien et le remplacement. Son format <strong data-start=\"934\" data-end=\"951\">BIG 10 pouces<\/strong> garantit un <strong data-start=\"964\" data-end=\"990\">plus grand d\u00e9bit d\u2019eau<\/strong> et une <strong data-start=\"998\" data-end=\"1035\">meilleure long\u00e9vit\u00e9 de filtration<\/strong>, id\u00e9al pour les installations \u00e0 usage intensif.<\/p>\n<p class=\"\" data-start=\"1085\" data-end=\"1255\">Ce filtre s\u2019installe facilement sur l\u2019arriv\u00e9e d\u2019eau g\u00e9n\u00e9rale, en amont de votre r\u00e9seau sanitaire, pour prot\u00e9ger vos appareils et garantir une eau plus saine au quotidien.<\/p>\n<hr class=\"\" data-start=\"1257\" data-end=\"1260\" \/>\n<h3 class=\"\" data-start=\"1262\" data-end=\"1304\">&#x1f527; <strong data-start=\"1269\" data-end=\"1302\">Caract\u00e9ristiques techniques :<\/strong><\/h3>\n<ul data-start=\"1305\" data-end=\"1617\">\n<li class=\"\" data-start=\"1305\" data-end=\"1344\">\n<p class=\"\" data-start=\"1307\" data-end=\"1344\"><strong data-start=\"1307\" data-end=\"1319\">Mod\u00e8le :<\/strong> BIG 10&#8243; (Format large)<\/p>\n<\/li>\n<li class=\"\" data-start=\"1345\" data-end=\"1409\">\n<p class=\"\" data-start=\"1347\" data-end=\"1409\"><strong data-start=\"1347\" data-end=\"1362\">Cartouche :<\/strong> Charbon actif (bloc ou granul\u00e9 selon mod\u00e8le)<\/p>\n<\/li>\n<li class=\"\" data-start=\"1410\" data-end=\"1446\">\n<p class=\"\" data-start=\"1412\" data-end=\"1446\"><strong data-start=\"1412\" data-end=\"1430\">Raccordement :<\/strong> 40\/49 (1&#8243;1\/2)<\/p>\n<\/li>\n<li class=\"\" data-start=\"1447\" data-end=\"1499\">\n<p class=\"\" data-start=\"1449\" data-end=\"1499\"><strong data-start=\"1449\" data-end=\"1460\">Corps :<\/strong> Transparent \u2013 polycarbonate renforc\u00e9<\/p>\n<\/li>\n<li class=\"\" data-start=\"1500\" data-end=\"1529\">\n<p class=\"\" data-start=\"1502\" data-end=\"1529\"><strong data-start=\"1502\" data-end=\"1520\">Pression max :<\/strong> 8 bars<\/p>\n<\/li>\n<li class=\"\" data-start=\"1530\" data-end=\"1560\">\n<p class=\"\" data-start=\"1532\" data-end=\"1560\"><strong data-start=\"1532\" data-end=\"1553\">Temp\u00e9rature max :<\/strong> 45\u00b0C<\/p>\n<\/li>\n<li class=\"\" data-start=\"1561\" data-end=\"1589\">\n<p class=\"\" data-start=\"1563\" data-end=\"1589\"><strong data-start=\"1563\" data-end=\"1580\">Fabrication :<\/strong> Italie<\/p>\n<\/li>\n<li class=\"\" data-start=\"1590\" data-end=\"1617\">\n<p class=\"\" data-start=\"1592\" data-end=\"1617\"><strong data-start=\"1592\" data-end=\"1604\">Marque : <a href=\"https:\/\/www.atlasfiltri.com\/\" target=\"_blank\" rel=\"noopener\"><em><span style=\"color: #0000ff;\">ATLAS FILTRI.<\/span><\/em><\/a><\/strong><\/p>\n<\/li>\n<\/ul>\n<blockquote class=\"wp-embedded-content\" data-secret=\"betyi9cEN8\"><p><a href=\"https:\/\/cheliastore.dz\/product\/filtre-charbon-10-bleu-atlas-filtri\/\">Filtre \u00e0 eau au charbon 10&Prime; BLEU ATLAS FILTRI<\/a><\/p><\/blockquote>\n<p><iframe class=\"wp-embedded-content\" sandbox=\"allow-scripts\" security=\"restricted\" style=\"position: absolute; visibility: hidden;\" title=\"\u00ab\u00a0Filtre \u00e0 eau au charbon 10&Prime; BLEU ATLAS FILTRI\u00a0\u00bb &#8212; CHELIA STORE\" src=\"https:\/\/cheliastore.dz\/product\/filtre-charbon-10-bleu-atlas-filtri\/embed\/#?secret=2skJNrGf9V#?secret=betyi9cEN8\" data-secret=\"betyi9cEN8\" width=\"500\" height=\"282\" frameborder=\"0\" marginwidth=\"0\" marginheight=\"0\" scrolling=\"no\"><\/iframe><\/p>\n<p>&nbsp;<\/p>\n<h3 class=\"\" data-start=\"1624\" data-end=\"1656\">&#x1f4a1; <strong data-start=\"1631\" data-end=\"1654\">Avantages produit :<\/strong><\/h3>\n<ul>\n<li data-start=\"1657\" data-end=\"1955\">\u00c9limine go\u00fbt, odeur et chlore efficacement,<\/li>\n<li data-start=\"1657\" data-end=\"1955\">Corps transparent pour un contr\u00f4le visuel facile,<\/li>\n<li data-start=\"1657\" data-end=\"1955\">D\u00e9bit \u00e9lev\u00e9 gr\u00e2ce au format BIG,<\/li>\n<li data-start=\"1657\" data-end=\"1955\">Id\u00e9al pour les maisons, commerces ou installations techniques,<\/li>\n<li data-start=\"1657\" data-end=\"1955\">Mat\u00e9riaux robustes \u2013 produit certifi\u00e9 de qualit\u00e9,<\/li>\n<li data-start=\"1657\" data-end=\"1955\">Compatible avec toutes cartouches BIG 10&#8243;.<\/li>\n<\/ul>\n","protected":false},"excerpt":{"rendered":"<p>Filtre \u00e0 eau BIG 10&#8243; transparent avec cartouche charbon actif \u2013 \u00e9limine chlore, go\u00fbt et odeur de l\u2019eau. Corps robuste, id\u00e9al pour la maison ou l\u2019industrie.<\/p>\n","protected":false},"featured_media":73134,"comment_status":"open","ping_status":"closed","template":"","meta":{"_editorskit_title_hidden":false,"_editorskit_reading_time":0,"_editorskit_is_block_options_detached":false,"_editorskit_block_options_position":"{}"},"product_brand":[],"product_cat":[97,115],"product_tag":[],"class_list":{"0":"post-45744","1":"product","2":"type-product","3":"status-publish","4":"has-post-thumbnail","6":"product_cat-plomberie","7":"product_cat-filtre-eau","8":"pa_brand-atlas-filtri","10":"first","11":"outofstock","12":"shipping-taxable","13":"purchasable","14":"product-type-simple"},"yoast_head":"<!-- This site is optimized with the Yoast SEO Premium plugin v25.4 (Yoast SEO v27.5) - https:\/\/yoast.com\/product\/yoast-seo-premium-wordpress\/ -->\n<title>Filtre \u00e0 eau au charbon transparent BIG 10&quot; 40\/49 ATLAS FILTRI - CHELIA STORE<\/title>\n<meta name=\"description\" content=\"D\u00e9couvrez le filtre a eau pour maison Charbon Grand mod\u00e8le de ATLAS FILTRI, id\u00e9al pour une purification optimale de l&#039;eau dans votre foyer. Ce filtre...\" \/>\n<meta name=\"robots\" content=\"index, follow, max-snippet:-1, max-image-preview:large, max-video-preview:-1\" \/>\n<link rel=\"canonical\" href=\"https:\/\/cheliastore.dz\/product\/filtre-charbon-transparant-big-10-40-49-atlas-filtri\/\" \/>\n<meta property=\"og:locale\" content=\"ar_AR\" \/>\n<meta property=\"og:type\" content=\"article\" \/>\n<meta property=\"og:title\" content=\"Filtre \u00e0 eau au charbon transparent BIG 10&quot; 40\/49 ATLAS FILTRI\" \/>\n<meta property=\"og:description\" content=\"D\u00e9couvrez le filtre a eau pour maison Charbon Grand mod\u00e8le de ATLAS FILTRI, id\u00e9al pour une purification optimale de l&#039;eau dans votre foyer. Ce filtre...\" \/>\n<meta property=\"og:url\" content=\"https:\/\/cheliastore.dz\/product\/filtre-charbon-transparant-big-10-40-49-atlas-filtri\/\" \/>\n<meta property=\"og:site_name\" content=\"CHELIA STORE\" \/>\n<meta property=\"article:publisher\" content=\"https:\/\/web.facebook.com\/cheliastore\" \/>\n<meta property=\"article:modified_time\" content=\"2026-01-11T03:30:06+00:00\" \/>\n<meta property=\"og:image\" content=\"https:\/\/cheliastore.dz\/wp-content\/uploads\/2024\/07\/Filtre-a-eau-au-charbon-transparent-BIG-10-4049-ATLAS-FILTRI.jpg\" \/>\n\t<meta property=\"og:image:width\" content=\"1080\" \/>\n\t<meta property=\"og:image:height\" content=\"1080\" \/>\n\t<meta property=\"og:image:type\" content=\"image\/jpeg\" \/>\n<meta name=\"twitter:card\" content=\"summary_large_image\" \/>\n<meta name=\"twitter:label1\" content=\"\u0648\u0642\u062a \u0627\u0644\u0642\u0631\u0627\u0621\u0629 \u0627\u0644\u0645\u064f\u0642\u062f\u0651\u0631\" \/>\n\t<meta name=\"twitter:data1\" content=\"\u062f\u0642\u064a\u0642\u062a\u0627\u0646\" \/>\n<script type=\"application\/ld+json\" class=\"yoast-schema-graph\">{\"@context\":\"https:\\\/\\\/schema.org\",\"@graph\":[{\"@type\":\"WebPage\",\"@id\":\"https:\\\/\\\/cheliastore.dz\\\/product\\\/filtre-charbon-transparant-big-10-40-49-atlas-filtri\\\/\",\"url\":\"https:\\\/\\\/cheliastore.dz\\\/product\\\/filtre-charbon-transparant-big-10-40-49-atlas-filtri\\\/\",\"name\":\"Filtre \u00e0 eau au charbon transparent BIG 10\\\" 40\\\/49 ATLAS FILTRI - CHELIA STORE\",\"isPartOf\":{\"@id\":\"https:\\\/\\\/cheliastore.dz\\\/#website\"},\"primaryImageOfPage\":{\"@id\":\"https:\\\/\\\/cheliastore.dz\\\/product\\\/filtre-charbon-transparant-big-10-40-49-atlas-filtri\\\/#primaryimage\"},\"image\":{\"@id\":\"https:\\\/\\\/cheliastore.dz\\\/product\\\/filtre-charbon-transparant-big-10-40-49-atlas-filtri\\\/#primaryimage\"},\"thumbnailUrl\":\"https:\\\/\\\/cheliastore.dz\\\/wp-content\\\/uploads\\\/2024\\\/07\\\/Filtre-a-eau-au-charbon-transparent-BIG-10-4049-ATLAS-FILTRI.jpg\",\"datePublished\":\"2024-07-29T10:51:44+00:00\",\"dateModified\":\"2026-01-11T03:30:06+00:00\",\"description\":\"D\u00e9couvrez le filtre a eau pour maison Charbon Grand mod\u00e8le de ATLAS FILTRI, id\u00e9al pour une purification optimale de l'eau dans votre foyer. Ce filtre...\",\"breadcrumb\":{\"@id\":\"https:\\\/\\\/cheliastore.dz\\\/product\\\/filtre-charbon-transparant-big-10-40-49-atlas-filtri\\\/#breadcrumb\"},\"inLanguage\":\"ar\",\"potentialAction\":[{\"@type\":\"ReadAction\",\"target\":[\"https:\\\/\\\/cheliastore.dz\\\/product\\\/filtre-charbon-transparant-big-10-40-49-atlas-filtri\\\/\"]}]},{\"@type\":\"ImageObject\",\"inLanguage\":\"ar\",\"@id\":\"https:\\\/\\\/cheliastore.dz\\\/product\\\/filtre-charbon-transparant-big-10-40-49-atlas-filtri\\\/#primaryimage\",\"url\":\"https:\\\/\\\/cheliastore.dz\\\/wp-content\\\/uploads\\\/2024\\\/07\\\/Filtre-a-eau-au-charbon-transparent-BIG-10-4049-ATLAS-FILTRI.jpg\",\"contentUrl\":\"https:\\\/\\\/cheliastore.dz\\\/wp-content\\\/uploads\\\/2024\\\/07\\\/Filtre-a-eau-au-charbon-transparent-BIG-10-4049-ATLAS-FILTRI.jpg\",\"width\":1080,\"height\":1080,\"caption\":\"Filtre \u00e0 eau au charbon transparent BIG 10 4049 ATLAS FILTRI\"},{\"@type\":\"BreadcrumbList\",\"@id\":\"https:\\\/\\\/cheliastore.dz\\\/product\\\/filtre-charbon-transparant-big-10-40-49-atlas-filtri\\\/#breadcrumb\",\"itemListElement\":[{\"@type\":\"ListItem\",\"position\":1,\"name\":\"\u0627\u0644\u0631\u0626\u064a\u0633\u064a\u0629\",\"item\":\"https:\\\/\\\/cheliastore.dz\\\/ar\\\/\"},{\"@type\":\"ListItem\",\"position\":2,\"name\":\"Boutique\",\"item\":\"https:\\\/\\\/cheliastore.dz\\\/ar\\\/shop\\\/\"},{\"@type\":\"ListItem\",\"position\":3,\"name\":\"Filtre \u00e0 eau au charbon transparent BIG 10&Prime; 40\\\/49 ATLAS FILTRI\"}]},{\"@type\":\"WebSite\",\"@id\":\"https:\\\/\\\/cheliastore.dz\\\/#website\",\"url\":\"https:\\\/\\\/cheliastore.dz\\\/\",\"name\":\"CHELIA STORE\",\"description\":\"CHELIA STORE\",\"publisher\":{\"@id\":\"https:\\\/\\\/cheliastore.dz\\\/#organization\"},\"potentialAction\":[{\"@type\":\"SearchAction\",\"target\":{\"@type\":\"EntryPoint\",\"urlTemplate\":\"https:\\\/\\\/cheliastore.dz\\\/?s={search_term_string}\"},\"query-input\":{\"@type\":\"PropertyValueSpecification\",\"valueRequired\":true,\"valueName\":\"search_term_string\"}}],\"inLanguage\":\"ar\"},{\"@type\":\"Organization\",\"@id\":\"https:\\\/\\\/cheliastore.dz\\\/#organization\",\"name\":\"Chelia Store\",\"url\":\"https:\\\/\\\/cheliastore.dz\\\/\",\"logo\":{\"@type\":\"ImageObject\",\"inLanguage\":\"ar\",\"@id\":\"https:\\\/\\\/cheliastore.dz\\\/#\\\/schema\\\/logo\\\/image\\\/\",\"url\":\"https:\\\/\\\/cheliastore.dz\\\/wp-content\\\/uploads\\\/2022\\\/01\\\/logo-final-250.png\",\"contentUrl\":\"https:\\\/\\\/cheliastore.dz\\\/wp-content\\\/uploads\\\/2022\\\/01\\\/logo-final-250.png\",\"width\":250,\"height\":78,\"caption\":\"Chelia Store\"},\"image\":{\"@id\":\"https:\\\/\\\/cheliastore.dz\\\/#\\\/schema\\\/logo\\\/image\\\/\"},\"sameAs\":[\"https:\\\/\\\/web.facebook.com\\\/cheliastore\",\"https:\\\/\\\/www.instagram.com\\\/quincaillerie.chelia\\\/\"]}]}<\/script>\n<!-- \/ Yoast SEO Premium plugin. -->","yoast_head_json":{"title":"Filtre \u00e0 eau au charbon transparent BIG 10\" 40\/49 ATLAS FILTRI - CHELIA STORE","description":"D\u00e9couvrez le filtre a eau pour maison Charbon Grand mod\u00e8le de ATLAS FILTRI, id\u00e9al pour une purification optimale de l'eau dans votre foyer. Ce filtre...","robots":{"index":"index","follow":"follow","max-snippet":"max-snippet:-1","max-image-preview":"max-image-preview:large","max-video-preview":"max-video-preview:-1"},"canonical":"https:\/\/cheliastore.dz\/product\/filtre-charbon-transparant-big-10-40-49-atlas-filtri\/","og_locale":"ar_AR","og_type":"article","og_title":"Filtre \u00e0 eau au charbon transparent BIG 10\" 40\/49 ATLAS FILTRI","og_description":"D\u00e9couvrez le filtre a eau pour maison Charbon Grand mod\u00e8le de ATLAS FILTRI, id\u00e9al pour une purification optimale de l'eau dans votre foyer. Ce filtre...","og_url":"https:\/\/cheliastore.dz\/product\/filtre-charbon-transparant-big-10-40-49-atlas-filtri\/","og_site_name":"CHELIA STORE","article_publisher":"https:\/\/web.facebook.com\/cheliastore","article_modified_time":"2026-01-11T03:30:06+00:00","og_image":[{"width":1080,"height":1080,"url":"https:\/\/cheliastore.dz\/wp-content\/uploads\/2024\/07\/Filtre-a-eau-au-charbon-transparent-BIG-10-4049-ATLAS-FILTRI.jpg","type":"image\/jpeg"}],"twitter_card":"summary_large_image","twitter_misc":{"\u0648\u0642\u062a \u0627\u0644\u0642\u0631\u0627\u0621\u0629 \u0627\u0644\u0645\u064f\u0642\u062f\u0651\u0631":"\u062f\u0642\u064a\u0642\u062a\u0627\u0646"},"schema":{"@context":"https:\/\/schema.org","@graph":[{"@type":"WebPage","@id":"https:\/\/cheliastore.dz\/product\/filtre-charbon-transparant-big-10-40-49-atlas-filtri\/","url":"https:\/\/cheliastore.dz\/product\/filtre-charbon-transparant-big-10-40-49-atlas-filtri\/","name":"Filtre \u00e0 eau au charbon transparent BIG 10\" 40\/49 ATLAS FILTRI - CHELIA STORE","isPartOf":{"@id":"https:\/\/cheliastore.dz\/#website"},"primaryImageOfPage":{"@id":"https:\/\/cheliastore.dz\/product\/filtre-charbon-transparant-big-10-40-49-atlas-filtri\/#primaryimage"},"image":{"@id":"https:\/\/cheliastore.dz\/product\/filtre-charbon-transparant-big-10-40-49-atlas-filtri\/#primaryimage"},"thumbnailUrl":"https:\/\/cheliastore.dz\/wp-content\/uploads\/2024\/07\/Filtre-a-eau-au-charbon-transparent-BIG-10-4049-ATLAS-FILTRI.jpg","datePublished":"2024-07-29T10:51:44+00:00","dateModified":"2026-01-11T03:30:06+00:00","description":"D\u00e9couvrez le filtre a eau pour maison Charbon Grand mod\u00e8le de ATLAS FILTRI, id\u00e9al pour une purification optimale de l'eau dans votre foyer. Ce filtre...","breadcrumb":{"@id":"https:\/\/cheliastore.dz\/product\/filtre-charbon-transparant-big-10-40-49-atlas-filtri\/#breadcrumb"},"inLanguage":"ar","potentialAction":[{"@type":"ReadAction","target":["https:\/\/cheliastore.dz\/product\/filtre-charbon-transparant-big-10-40-49-atlas-filtri\/"]}]},{"@type":"ImageObject","inLanguage":"ar","@id":"https:\/\/cheliastore.dz\/product\/filtre-charbon-transparant-big-10-40-49-atlas-filtri\/#primaryimage","url":"https:\/\/cheliastore.dz\/wp-content\/uploads\/2024\/07\/Filtre-a-eau-au-charbon-transparent-BIG-10-4049-ATLAS-FILTRI.jpg","contentUrl":"https:\/\/cheliastore.dz\/wp-content\/uploads\/2024\/07\/Filtre-a-eau-au-charbon-transparent-BIG-10-4049-ATLAS-FILTRI.jpg","width":1080,"height":1080,"caption":"Filtre \u00e0 eau au charbon transparent BIG 10 4049 ATLAS FILTRI"},{"@type":"BreadcrumbList","@id":"https:\/\/cheliastore.dz\/product\/filtre-charbon-transparant-big-10-40-49-atlas-filtri\/#breadcrumb","itemListElement":[{"@type":"ListItem","position":1,"name":"\u0627\u0644\u0631\u0626\u064a\u0633\u064a\u0629","item":"https:\/\/cheliastore.dz\/ar\/"},{"@type":"ListItem","position":2,"name":"Boutique","item":"https:\/\/cheliastore.dz\/ar\/shop\/"},{"@type":"ListItem","position":3,"name":"Filtre \u00e0 eau au charbon transparent BIG 10&Prime; 40\/49 ATLAS FILTRI"}]},{"@type":"WebSite","@id":"https:\/\/cheliastore.dz\/#website","url":"https:\/\/cheliastore.dz\/","name":"CHELIA STORE","description":"CHELIA STORE","publisher":{"@id":"https:\/\/cheliastore.dz\/#organization"},"potentialAction":[{"@type":"SearchAction","target":{"@type":"EntryPoint","urlTemplate":"https:\/\/cheliastore.dz\/?s={search_term_string}"},"query-input":{"@type":"PropertyValueSpecification","valueRequired":true,"valueName":"search_term_string"}}],"inLanguage":"ar"},{"@type":"Organization","@id":"https:\/\/cheliastore.dz\/#organization","name":"Chelia Store","url":"https:\/\/cheliastore.dz\/","logo":{"@type":"ImageObject","inLanguage":"ar","@id":"https:\/\/cheliastore.dz\/#\/schema\/logo\/image\/","url":"https:\/\/cheliastore.dz\/wp-content\/uploads\/2022\/01\/logo-final-250.png","contentUrl":"https:\/\/cheliastore.dz\/wp-content\/uploads\/2022\/01\/logo-final-250.png","width":250,"height":78,"caption":"Chelia Store"},"image":{"@id":"https:\/\/cheliastore.dz\/#\/schema\/logo\/image\/"},"sameAs":["https:\/\/web.facebook.com\/cheliastore","https:\/\/www.instagram.com\/quincaillerie.chelia\/"]}]}},"_links":{"self":[{"href":"https:\/\/cheliastore.dz\/ar\/wp-json\/wp\/v2\/product\/45744","targetHints":{"allow":["GET"]}}],"collection":[{"href":"https:\/\/cheliastore.dz\/ar\/wp-json\/wp\/v2\/product"}],"about":[{"href":"https:\/\/cheliastore.dz\/ar\/wp-json\/wp\/v2\/types\/product"}],"replies":[{"embeddable":true,"href":"https:\/\/cheliastore.dz\/ar\/wp-json\/wp\/v2\/comments?post=45744"}],"version-history":[{"count":3,"href":"https:\/\/cheliastore.dz\/ar\/wp-json\/wp\/v2\/product\/45744\/revisions"}],"predecessor-version":[{"id":73137,"href":"https:\/\/cheliastore.dz\/ar\/wp-json\/wp\/v2\/product\/45744\/revisions\/73137"}],"wp:featuredmedia":[{"embeddable":true,"href":"https:\/\/cheliastore.dz\/ar\/wp-json\/wp\/v2\/media\/73134"}],"wp:attachment":[{"href":"https:\/\/cheliastore.dz\/ar\/wp-json\/wp\/v2\/media?parent=45744"}],"wp:term":[{"taxonomy":"product_brand","embeddable":true,"href":"https:\/\/cheliastore.dz\/ar\/wp-json\/wp\/v2\/product_brand?post=45744"},{"taxonomy":"product_cat","embeddable":true,"href":"https:\/\/cheliastore.dz\/ar\/wp-json\/wp\/v2\/product_cat?post=45744"},{"taxonomy":"product_tag","embeddable":true,"href":"https:\/\/cheliastore.dz\/ar\/wp-json\/wp\/v2\/product_tag?post=45744"}],"curies":[{"name":"wp","href":"https:\/\/api.w.org\/{rel}","templated":true}]}}