{"id":45728,"date":"2024-07-29T10:33:53","date_gmt":"2024-07-29T10:33:53","guid":{"rendered":"https:\/\/cheliastore.dz\/?post_type=product&#038;p=45728"},"modified":"2026-01-11T03:27:09","modified_gmt":"2026-01-11T03:27:09","slug":"filtre-eau-charbon-bleu-big-20-atlas-filtri","status":"publish","type":"product","link":"https:\/\/cheliastore.dz\/ar\/product\/filtre-eau-charbon-bleu-big-20-atlas-filtri\/","title":{"rendered":"Filtre \u00e0 eau au charbon BLEU BIG 20&#8243; ATLAS FILTRI"},"content":{"rendered":"<h2 data-start=\"395\" data-end=\"428\">&#x2705; Description d\u00e9taill\u00e9e :<\/h2>\n<p class=\"\" data-start=\"429\" data-end=\"798\">Le <strong data-start=\"432\" data-end=\"497\">filtre \u00e0 eau bleu avec cartouche charbon BIG 20&#8243; <a href=\"https:\/\/cheliastore.dz\/?s=atlas+filtri&amp;post_type=product&amp;dgwt_wcas=1&amp;lang=fr\"><em><span style=\"color: #0000ff;\">ATLAS FILTRI<\/span><\/em><\/a><\/strong> est une solution performante pour le <strong data-start=\"535\" data-end=\"571\">traitement de l\u2019eau \u00e0 fort d\u00e9bit<\/strong>. Il int\u00e8gre une <strong data-start=\"588\" data-end=\"628\">cartouche charbon actif de 20 pouces<\/strong>, capable de filtrer de grandes quantit\u00e9s d\u2019eau tout en \u00e9liminant efficacement les <strong data-start=\"711\" data-end=\"791\">go\u00fbts d\u00e9sagr\u00e9ables, les odeurs, le chlore et certains contaminants chimiques<\/strong> (COV).<\/p>\n<p class=\"\" data-start=\"800\" data-end=\"1160\">Gr\u00e2ce \u00e0 son <strong data-start=\"812\" data-end=\"852\">corps en polypropyl\u00e8ne bleu renforc\u00e9<\/strong>, ce filtre est con\u00e7u pour durer et supporter des <strong data-start=\"902\" data-end=\"930\">pressions jusqu\u2019\u00e0 8 bars<\/strong>, que ce soit en environnement domestique (entr\u00e9e de maison, forage) ou semi-industriel (ateliers, \u00e9tablissements agricoles ou collectifs). Son <strong data-start=\"1074\" data-end=\"1092\">format BIG 20&#8243;<\/strong> est particuli\u00e8rement adapt\u00e9 aux besoins importants en eau purifi\u00e9e.<\/p>\n<blockquote class=\"wp-embedded-content\" data-secret=\"lGnhISKudl\"><p><a href=\"https:\/\/cheliastore.dz\/product\/filtre-charbon-bleu-big-10-40-49-atlas-filtri\/\">Filtre \u00e0 eau \u00e0 CHARBON BIG 10&Prime; 40\/49 ATLAS FILTRI<\/a><\/p><\/blockquote>\n<p><iframe class=\"wp-embedded-content\" sandbox=\"allow-scripts\" security=\"restricted\" style=\"position: absolute; visibility: hidden;\" title=\"\u00ab\u00a0Filtre \u00e0 eau \u00e0 CHARBON BIG 10&Prime; 40\/49 ATLAS FILTRI\u00a0\u00bb &#8212; CHELIA STORE\" src=\"https:\/\/cheliastore.dz\/product\/filtre-charbon-bleu-big-10-40-49-atlas-filtri\/embed\/#?secret=Wbe8syZDcW#?secret=lGnhISKudl\" data-secret=\"lGnhISKudl\" width=\"500\" height=\"282\" frameborder=\"0\" marginwidth=\"0\" marginheight=\"0\" scrolling=\"no\"><\/iframe><\/p>\n<h3 class=\"\" data-start=\"1167\" data-end=\"1209\">&#x1f527; <strong data-start=\"1174\" data-end=\"1207\">Caract\u00e9ristiques techniques :<\/strong><\/h3>\n<ul data-start=\"1210\" data-end=\"1505\">\n<li class=\"\" data-start=\"1210\" data-end=\"1234\">\n<p class=\"\" data-start=\"1212\" data-end=\"1234\"><strong data-start=\"1212\" data-end=\"1224\">Mod\u00e8le :<\/strong> BIG 20&#8243;<\/p>\n<\/li>\n<li class=\"\" data-start=\"1235\" data-end=\"1276\">\n<p class=\"\" data-start=\"1237\" data-end=\"1276\"><strong data-start=\"1237\" data-end=\"1260\">Cartouche incluse :<\/strong> Charbon actif<\/p>\n<\/li>\n<li class=\"\" data-start=\"1277\" data-end=\"1309\">\n<p class=\"\" data-start=\"1279\" data-end=\"1309\"><strong data-start=\"1279\" data-end=\"1293\">Raccords :<\/strong> 1&#8243;1\/2 (40\/49)<\/p>\n<\/li>\n<li class=\"\" data-start=\"1310\" data-end=\"1373\">\n<p class=\"\" data-start=\"1312\" data-end=\"1373\"><strong data-start=\"1312\" data-end=\"1335\">Mat\u00e9riau du corps :<\/strong> Polypropyl\u00e8ne bleu haute r\u00e9sistance<\/p>\n<\/li>\n<li class=\"\" data-start=\"1374\" data-end=\"1403\">\n<p class=\"\" data-start=\"1376\" data-end=\"1403\"><strong data-start=\"1376\" data-end=\"1394\">Pression max :<\/strong> 8 bars<\/p>\n<\/li>\n<li class=\"\" data-start=\"1404\" data-end=\"1434\">\n<p class=\"\" data-start=\"1406\" data-end=\"1434\"><strong data-start=\"1406\" data-end=\"1427\">Temp\u00e9rature max :<\/strong> 45\u00b0C<\/p>\n<\/li>\n<li class=\"\" data-start=\"1435\" data-end=\"1454\">\n<p class=\"\" data-start=\"1437\" data-end=\"1454\"><strong data-start=\"1437\" data-end=\"1452\">D\u00e9bit \u00e9lev\u00e9<\/strong><\/p>\n<\/li>\n<li class=\"\" data-start=\"1455\" data-end=\"1505\">\n<p class=\"\" data-start=\"1457\" data-end=\"1505\"><strong data-start=\"1457\" data-end=\"1474\">Fabrication :<\/strong> Italie \u2013 Marque : <span style=\"color: #0000ff;\">ATLAS FILTRI<\/span><\/p>\n<\/li>\n<\/ul>\n<blockquote class=\"wp-embedded-content\" data-secret=\"szRjmvGHlm\"><p><a href=\"https:\/\/cheliastore.dz\/product\/filtre-a-fil-bleu-big-20-atlas-filtri\/\">Filtre a Fil Bleu Big 20 ATLAS Filtri<\/a><\/p><\/blockquote>\n<p><iframe class=\"wp-embedded-content\" sandbox=\"allow-scripts\" security=\"restricted\" style=\"position: absolute; visibility: hidden;\" title=\"\u00ab\u00a0Filtre a Fil Bleu Big 20 ATLAS Filtri\u00a0\u00bb &#8212; CHELIA STORE\" src=\"https:\/\/cheliastore.dz\/product\/filtre-a-fil-bleu-big-20-atlas-filtri\/embed\/#?secret=Ezo5hMrVeO#?secret=szRjmvGHlm\" data-secret=\"szRjmvGHlm\" width=\"500\" height=\"282\" frameborder=\"0\" marginwidth=\"0\" marginheight=\"0\" scrolling=\"no\"><\/iframe><\/p>\n<h3 class=\"\" data-start=\"1512\" data-end=\"1544\">&#x1f4a1; <strong data-start=\"1519\" data-end=\"1542\">Avantages produit :<\/strong><\/h3>\n<p class=\"\" data-start=\"1545\" data-end=\"1840\">&#x2714; Filtration puissante des go\u00fbts, odeurs et chlore<br data-start=\"1595\" data-end=\"1598\" \/>&#x2714; Grande capacit\u00e9 de filtration pour maisons, fermes, locaux<br data-start=\"1658\" data-end=\"1661\" \/>&#x2714; Format BIG 20&#8243; = long\u00e9vit\u00e9 accrue de la cartouche<br data-start=\"1712\" data-end=\"1715\" \/>&#x2714; Corps solide et durable<br data-start=\"1740\" data-end=\"1743\" \/>&#x2714; Compatible avec les r\u00e9seaux d\u2019entr\u00e9e ou de pr\u00e9traitement<br data-start=\"1801\" data-end=\"1804\" \/>&#x2714; Marque de confiance : ATLAS FILTRI<\/p>\n<blockquote class=\"wp-embedded-content\" data-secret=\"pEKe699r1V\"><p><a href=\"https:\/\/cheliastore.dz\/product\/filtre-charbon-5-atlas-filtri\/\">Filtre \u00e0 eau avec cartouche CHARBON 5&Prime; ATLAS FILTRI<\/a><\/p><\/blockquote>\n<p><iframe class=\"wp-embedded-content\" sandbox=\"allow-scripts\" security=\"restricted\" style=\"position: absolute; visibility: hidden;\" title=\"\u00ab\u00a0Filtre \u00e0 eau avec cartouche CHARBON 5&Prime; ATLAS FILTRI\u00a0\u00bb &#8212; CHELIA STORE\" src=\"https:\/\/cheliastore.dz\/product\/filtre-charbon-5-atlas-filtri\/embed\/#?secret=OiDG5NdWfD#?secret=pEKe699r1V\" data-secret=\"pEKe699r1V\" width=\"500\" height=\"282\" frameborder=\"0\" marginwidth=\"0\" marginheight=\"0\" scrolling=\"no\"><\/iframe><\/p>\n<p class=\"\" data-start=\"1847\" data-end=\"2049\">&#x1f4a7; <strong data-start=\"1850\" data-end=\"1878\">Commandez d\u00e8s maintenant<\/strong> le <strong data-start=\"1882\" data-end=\"1923\">Filtre \u00e0 charbon BIG 20&#8243; <a href=\"https:\/\/www.atlasfiltri.com\/fr\/produits\" target=\"_blank\" rel=\"noopener\"><span style=\"color: #0000ff;\">ATLAS FILTRI<\/span><\/a><\/strong> sur<span style=\"color: #ff0000;\"><strong data-start=\"1928\" data-end=\"1943\"> CHELIASTORE<\/strong><\/span> pour b\u00e9n\u00e9ficier d\u2019une <strong data-start=\"1966\" data-end=\"2001\">eau plus saine et plus agr\u00e9able<\/strong>, livr\u00e9e rapidement <strong data-start=\"2021\" data-end=\"2048\">partout en Alg\u00e9rie &#x1f1e9;&#x1f1ff;<\/strong>.<\/p>\n","protected":false},"excerpt":{"rendered":"<p>Filtre \u00e0 eau haute capacit\u00e9 BIG 20&#8243; avec cartouche charbon actif \u2013 id\u00e9al pour \u00e9liminer le go\u00fbt, les odeurs et le chlore de l\u2019eau \u00e0 usage domestique ou professionnel. Sign\u00e9 <strong><span style=\"color: #0000ff;\">ATLAS FILTRI<\/span><\/strong>.<\/p>\n","protected":false},"featured_media":73110,"comment_status":"open","ping_status":"closed","template":"","meta":{"_editorskit_title_hidden":false,"_editorskit_reading_time":0,"_editorskit_is_block_options_detached":false,"_editorskit_block_options_position":"{}"},"product_brand":[],"product_cat":[97,115],"product_tag":[],"class_list":{"0":"post-45728","1":"product","2":"type-product","3":"status-publish","4":"has-post-thumbnail","6":"product_cat-plomberie","7":"product_cat-filtre-eau","8":"pa_brand-atlas-filtri","10":"first","11":"outofstock","12":"shipping-taxable","13":"purchasable","14":"product-type-simple"},"yoast_head":"<!-- This site is optimized with the Yoast SEO Premium plugin v25.4 (Yoast SEO v27.5) - https:\/\/yoast.com\/product\/yoast-seo-premium-wordpress\/ -->\n<title>Filtre \u00e0 eau au charbon BLEU BIG 20&quot; ATLAS FILTRI - CHELIA STORE<\/title>\n<meta name=\"description\" content=\"D\u00e9couvrez le filtre a eau pour maison charbon Grand mod\u00e8le de ATLAS FILTRI, Livraison rapide en Alg\u00e9rie chez CHELIASTORE.\" \/>\n<meta name=\"robots\" content=\"index, follow, max-snippet:-1, max-image-preview:large, max-video-preview:-1\" \/>\n<link rel=\"canonical\" href=\"https:\/\/cheliastore.dz\/product\/filtre-eau-charbon-bleu-big-20-atlas-filtri\/\" \/>\n<meta property=\"og:locale\" content=\"ar_AR\" \/>\n<meta property=\"og:type\" content=\"article\" \/>\n<meta property=\"og:title\" content=\"Filtre \u00e0 eau au charbon BLEU BIG 20&quot; ATLAS FILTRI\" \/>\n<meta property=\"og:description\" content=\"D\u00e9couvrez le filtre a eau pour maison charbon Grand mod\u00e8le de ATLAS FILTRI, Livraison rapide en Alg\u00e9rie chez CHELIASTORE.\" \/>\n<meta property=\"og:url\" content=\"https:\/\/cheliastore.dz\/product\/filtre-eau-charbon-bleu-big-20-atlas-filtri\/\" \/>\n<meta property=\"og:site_name\" content=\"CHELIA STORE\" \/>\n<meta property=\"article:publisher\" content=\"https:\/\/web.facebook.com\/cheliastore\" \/>\n<meta property=\"article:modified_time\" content=\"2026-01-11T03:27:09+00:00\" \/>\n<meta property=\"og:image\" content=\"https:\/\/cheliastore.dz\/wp-content\/uploads\/2024\/07\/Filtre-a-eau-au-charbon-BLEU-BIG-20-ATLAS-FILTRI.jpg\" \/>\n\t<meta property=\"og:image:width\" content=\"1080\" \/>\n\t<meta property=\"og:image:height\" content=\"1080\" \/>\n\t<meta property=\"og:image:type\" content=\"image\/jpeg\" \/>\n<meta name=\"twitter:card\" content=\"summary_large_image\" \/>\n<meta name=\"twitter:label1\" content=\"\u0648\u0642\u062a \u0627\u0644\u0642\u0631\u0627\u0621\u0629 \u0627\u0644\u0645\u064f\u0642\u062f\u0651\u0631\" \/>\n\t<meta name=\"twitter:data1\" content=\"\u062f\u0642\u064a\u0642\u062a\u0627\u0646\" \/>\n<script type=\"application\/ld+json\" class=\"yoast-schema-graph\">{\"@context\":\"https:\\\/\\\/schema.org\",\"@graph\":[{\"@type\":\"WebPage\",\"@id\":\"https:\\\/\\\/cheliastore.dz\\\/product\\\/filtre-eau-charbon-bleu-big-20-atlas-filtri\\\/\",\"url\":\"https:\\\/\\\/cheliastore.dz\\\/product\\\/filtre-eau-charbon-bleu-big-20-atlas-filtri\\\/\",\"name\":\"Filtre \u00e0 eau au charbon BLEU BIG 20\\\" ATLAS FILTRI - CHELIA STORE\",\"isPartOf\":{\"@id\":\"https:\\\/\\\/cheliastore.dz\\\/#website\"},\"primaryImageOfPage\":{\"@id\":\"https:\\\/\\\/cheliastore.dz\\\/product\\\/filtre-eau-charbon-bleu-big-20-atlas-filtri\\\/#primaryimage\"},\"image\":{\"@id\":\"https:\\\/\\\/cheliastore.dz\\\/product\\\/filtre-eau-charbon-bleu-big-20-atlas-filtri\\\/#primaryimage\"},\"thumbnailUrl\":\"https:\\\/\\\/cheliastore.dz\\\/wp-content\\\/uploads\\\/2024\\\/07\\\/Filtre-a-eau-au-charbon-BLEU-BIG-20-ATLAS-FILTRI.jpg\",\"datePublished\":\"2024-07-29T10:33:53+00:00\",\"dateModified\":\"2026-01-11T03:27:09+00:00\",\"description\":\"D\u00e9couvrez le filtre a eau pour maison charbon Grand mod\u00e8le de ATLAS FILTRI, Livraison rapide en Alg\u00e9rie chez CHELIASTORE.\",\"breadcrumb\":{\"@id\":\"https:\\\/\\\/cheliastore.dz\\\/product\\\/filtre-eau-charbon-bleu-big-20-atlas-filtri\\\/#breadcrumb\"},\"inLanguage\":\"ar\",\"potentialAction\":[{\"@type\":\"ReadAction\",\"target\":[\"https:\\\/\\\/cheliastore.dz\\\/product\\\/filtre-eau-charbon-bleu-big-20-atlas-filtri\\\/\"]}]},{\"@type\":\"ImageObject\",\"inLanguage\":\"ar\",\"@id\":\"https:\\\/\\\/cheliastore.dz\\\/product\\\/filtre-eau-charbon-bleu-big-20-atlas-filtri\\\/#primaryimage\",\"url\":\"https:\\\/\\\/cheliastore.dz\\\/wp-content\\\/uploads\\\/2024\\\/07\\\/Filtre-a-eau-au-charbon-BLEU-BIG-20-ATLAS-FILTRI.jpg\",\"contentUrl\":\"https:\\\/\\\/cheliastore.dz\\\/wp-content\\\/uploads\\\/2024\\\/07\\\/Filtre-a-eau-au-charbon-BLEU-BIG-20-ATLAS-FILTRI.jpg\",\"width\":1080,\"height\":1080,\"caption\":\"Filtre \u00e0 eau au charbon BLEU BIG 20 ATLAS FILTRI\"},{\"@type\":\"BreadcrumbList\",\"@id\":\"https:\\\/\\\/cheliastore.dz\\\/product\\\/filtre-eau-charbon-bleu-big-20-atlas-filtri\\\/#breadcrumb\",\"itemListElement\":[{\"@type\":\"ListItem\",\"position\":1,\"name\":\"\u0627\u0644\u0631\u0626\u064a\u0633\u064a\u0629\",\"item\":\"https:\\\/\\\/cheliastore.dz\\\/ar\\\/\"},{\"@type\":\"ListItem\",\"position\":2,\"name\":\"Boutique\",\"item\":\"https:\\\/\\\/cheliastore.dz\\\/ar\\\/shop\\\/\"},{\"@type\":\"ListItem\",\"position\":3,\"name\":\"Filtre \u00e0 eau au charbon BLEU BIG 20&Prime; ATLAS FILTRI\"}]},{\"@type\":\"WebSite\",\"@id\":\"https:\\\/\\\/cheliastore.dz\\\/#website\",\"url\":\"https:\\\/\\\/cheliastore.dz\\\/\",\"name\":\"CHELIA STORE\",\"description\":\"CHELIA STORE\",\"publisher\":{\"@id\":\"https:\\\/\\\/cheliastore.dz\\\/#organization\"},\"potentialAction\":[{\"@type\":\"SearchAction\",\"target\":{\"@type\":\"EntryPoint\",\"urlTemplate\":\"https:\\\/\\\/cheliastore.dz\\\/?s={search_term_string}\"},\"query-input\":{\"@type\":\"PropertyValueSpecification\",\"valueRequired\":true,\"valueName\":\"search_term_string\"}}],\"inLanguage\":\"ar\"},{\"@type\":\"Organization\",\"@id\":\"https:\\\/\\\/cheliastore.dz\\\/#organization\",\"name\":\"Chelia Store\",\"url\":\"https:\\\/\\\/cheliastore.dz\\\/\",\"logo\":{\"@type\":\"ImageObject\",\"inLanguage\":\"ar\",\"@id\":\"https:\\\/\\\/cheliastore.dz\\\/#\\\/schema\\\/logo\\\/image\\\/\",\"url\":\"https:\\\/\\\/cheliastore.dz\\\/wp-content\\\/uploads\\\/2022\\\/01\\\/logo-final-250.png\",\"contentUrl\":\"https:\\\/\\\/cheliastore.dz\\\/wp-content\\\/uploads\\\/2022\\\/01\\\/logo-final-250.png\",\"width\":250,\"height\":78,\"caption\":\"Chelia Store\"},\"image\":{\"@id\":\"https:\\\/\\\/cheliastore.dz\\\/#\\\/schema\\\/logo\\\/image\\\/\"},\"sameAs\":[\"https:\\\/\\\/web.facebook.com\\\/cheliastore\",\"https:\\\/\\\/www.instagram.com\\\/quincaillerie.chelia\\\/\"]}]}<\/script>\n<!-- \/ Yoast SEO Premium plugin. -->","yoast_head_json":{"title":"Filtre \u00e0 eau au charbon BLEU BIG 20\" ATLAS FILTRI - CHELIA STORE","description":"D\u00e9couvrez le filtre a eau pour maison charbon Grand mod\u00e8le de ATLAS FILTRI, Livraison rapide en Alg\u00e9rie chez CHELIASTORE.","robots":{"index":"index","follow":"follow","max-snippet":"max-snippet:-1","max-image-preview":"max-image-preview:large","max-video-preview":"max-video-preview:-1"},"canonical":"https:\/\/cheliastore.dz\/product\/filtre-eau-charbon-bleu-big-20-atlas-filtri\/","og_locale":"ar_AR","og_type":"article","og_title":"Filtre \u00e0 eau au charbon BLEU BIG 20\" ATLAS FILTRI","og_description":"D\u00e9couvrez le filtre a eau pour maison charbon Grand mod\u00e8le de ATLAS FILTRI, Livraison rapide en Alg\u00e9rie chez CHELIASTORE.","og_url":"https:\/\/cheliastore.dz\/product\/filtre-eau-charbon-bleu-big-20-atlas-filtri\/","og_site_name":"CHELIA STORE","article_publisher":"https:\/\/web.facebook.com\/cheliastore","article_modified_time":"2026-01-11T03:27:09+00:00","og_image":[{"width":1080,"height":1080,"url":"https:\/\/cheliastore.dz\/wp-content\/uploads\/2024\/07\/Filtre-a-eau-au-charbon-BLEU-BIG-20-ATLAS-FILTRI.jpg","type":"image\/jpeg"}],"twitter_card":"summary_large_image","twitter_misc":{"\u0648\u0642\u062a \u0627\u0644\u0642\u0631\u0627\u0621\u0629 \u0627\u0644\u0645\u064f\u0642\u062f\u0651\u0631":"\u062f\u0642\u064a\u0642\u062a\u0627\u0646"},"schema":{"@context":"https:\/\/schema.org","@graph":[{"@type":"WebPage","@id":"https:\/\/cheliastore.dz\/product\/filtre-eau-charbon-bleu-big-20-atlas-filtri\/","url":"https:\/\/cheliastore.dz\/product\/filtre-eau-charbon-bleu-big-20-atlas-filtri\/","name":"Filtre \u00e0 eau au charbon BLEU BIG 20\" ATLAS FILTRI - CHELIA STORE","isPartOf":{"@id":"https:\/\/cheliastore.dz\/#website"},"primaryImageOfPage":{"@id":"https:\/\/cheliastore.dz\/product\/filtre-eau-charbon-bleu-big-20-atlas-filtri\/#primaryimage"},"image":{"@id":"https:\/\/cheliastore.dz\/product\/filtre-eau-charbon-bleu-big-20-atlas-filtri\/#primaryimage"},"thumbnailUrl":"https:\/\/cheliastore.dz\/wp-content\/uploads\/2024\/07\/Filtre-a-eau-au-charbon-BLEU-BIG-20-ATLAS-FILTRI.jpg","datePublished":"2024-07-29T10:33:53+00:00","dateModified":"2026-01-11T03:27:09+00:00","description":"D\u00e9couvrez le filtre a eau pour maison charbon Grand mod\u00e8le de ATLAS FILTRI, Livraison rapide en Alg\u00e9rie chez CHELIASTORE.","breadcrumb":{"@id":"https:\/\/cheliastore.dz\/product\/filtre-eau-charbon-bleu-big-20-atlas-filtri\/#breadcrumb"},"inLanguage":"ar","potentialAction":[{"@type":"ReadAction","target":["https:\/\/cheliastore.dz\/product\/filtre-eau-charbon-bleu-big-20-atlas-filtri\/"]}]},{"@type":"ImageObject","inLanguage":"ar","@id":"https:\/\/cheliastore.dz\/product\/filtre-eau-charbon-bleu-big-20-atlas-filtri\/#primaryimage","url":"https:\/\/cheliastore.dz\/wp-content\/uploads\/2024\/07\/Filtre-a-eau-au-charbon-BLEU-BIG-20-ATLAS-FILTRI.jpg","contentUrl":"https:\/\/cheliastore.dz\/wp-content\/uploads\/2024\/07\/Filtre-a-eau-au-charbon-BLEU-BIG-20-ATLAS-FILTRI.jpg","width":1080,"height":1080,"caption":"Filtre \u00e0 eau au charbon BLEU BIG 20 ATLAS FILTRI"},{"@type":"BreadcrumbList","@id":"https:\/\/cheliastore.dz\/product\/filtre-eau-charbon-bleu-big-20-atlas-filtri\/#breadcrumb","itemListElement":[{"@type":"ListItem","position":1,"name":"\u0627\u0644\u0631\u0626\u064a\u0633\u064a\u0629","item":"https:\/\/cheliastore.dz\/ar\/"},{"@type":"ListItem","position":2,"name":"Boutique","item":"https:\/\/cheliastore.dz\/ar\/shop\/"},{"@type":"ListItem","position":3,"name":"Filtre \u00e0 eau au charbon BLEU BIG 20&Prime; ATLAS FILTRI"}]},{"@type":"WebSite","@id":"https:\/\/cheliastore.dz\/#website","url":"https:\/\/cheliastore.dz\/","name":"CHELIA STORE","description":"CHELIA STORE","publisher":{"@id":"https:\/\/cheliastore.dz\/#organization"},"potentialAction":[{"@type":"SearchAction","target":{"@type":"EntryPoint","urlTemplate":"https:\/\/cheliastore.dz\/?s={search_term_string}"},"query-input":{"@type":"PropertyValueSpecification","valueRequired":true,"valueName":"search_term_string"}}],"inLanguage":"ar"},{"@type":"Organization","@id":"https:\/\/cheliastore.dz\/#organization","name":"Chelia Store","url":"https:\/\/cheliastore.dz\/","logo":{"@type":"ImageObject","inLanguage":"ar","@id":"https:\/\/cheliastore.dz\/#\/schema\/logo\/image\/","url":"https:\/\/cheliastore.dz\/wp-content\/uploads\/2022\/01\/logo-final-250.png","contentUrl":"https:\/\/cheliastore.dz\/wp-content\/uploads\/2022\/01\/logo-final-250.png","width":250,"height":78,"caption":"Chelia Store"},"image":{"@id":"https:\/\/cheliastore.dz\/#\/schema\/logo\/image\/"},"sameAs":["https:\/\/web.facebook.com\/cheliastore","https:\/\/www.instagram.com\/quincaillerie.chelia\/"]}]}},"_links":{"self":[{"href":"https:\/\/cheliastore.dz\/ar\/wp-json\/wp\/v2\/product\/45728","targetHints":{"allow":["GET"]}}],"collection":[{"href":"https:\/\/cheliastore.dz\/ar\/wp-json\/wp\/v2\/product"}],"about":[{"href":"https:\/\/cheliastore.dz\/ar\/wp-json\/wp\/v2\/types\/product"}],"replies":[{"embeddable":true,"href":"https:\/\/cheliastore.dz\/ar\/wp-json\/wp\/v2\/comments?post=45728"}],"version-history":[{"count":3,"href":"https:\/\/cheliastore.dz\/ar\/wp-json\/wp\/v2\/product\/45728\/revisions"}],"predecessor-version":[{"id":73109,"href":"https:\/\/cheliastore.dz\/ar\/wp-json\/wp\/v2\/product\/45728\/revisions\/73109"}],"wp:featuredmedia":[{"embeddable":true,"href":"https:\/\/cheliastore.dz\/ar\/wp-json\/wp\/v2\/media\/73110"}],"wp:attachment":[{"href":"https:\/\/cheliastore.dz\/ar\/wp-json\/wp\/v2\/media?parent=45728"}],"wp:term":[{"taxonomy":"product_brand","embeddable":true,"href":"https:\/\/cheliastore.dz\/ar\/wp-json\/wp\/v2\/product_brand?post=45728"},{"taxonomy":"product_cat","embeddable":true,"href":"https:\/\/cheliastore.dz\/ar\/wp-json\/wp\/v2\/product_cat?post=45728"},{"taxonomy":"product_tag","embeddable":true,"href":"https:\/\/cheliastore.dz\/ar\/wp-json\/wp\/v2\/product_tag?post=45728"}],"curies":[{"name":"wp","href":"https:\/\/api.w.org\/{rel}","templated":true}]}}