{"id":45718,"date":"2024-07-29T10:22:19","date_gmt":"2024-07-29T10:22:19","guid":{"rendered":"https:\/\/cheliastore.dz\/?post_type=product&#038;p=45718"},"modified":"2026-01-11T03:29:59","modified_gmt":"2026-01-11T03:29:59","slug":"filtre-eau-transparent-10-atlas-filtri-26-34","status":"publish","type":"product","link":"https:\/\/cheliastore.dz\/ar\/product\/filtre-eau-transparent-10-atlas-filtri-26-34\/","title":{"rendered":"Filtre \u00e0 Eau \u00e0 Fil Transparent 10&#8243; 26\/34 ATLAS FILTRI"},"content":{"rendered":"<p data-start=\"258\" data-end=\"593\">Le <strong data-start=\"261\" data-end=\"324\">Filtre \u00e0 eau \u00e0 fil transparent 10 pouces 26\/34 ATLAS FILTRI<\/strong> est une solution performante pour la <strong data-start=\"362\" data-end=\"398\">filtration des impuret\u00e9s solides<\/strong> pr\u00e9sentes dans l\u2019eau domestique. Il est con\u00e7u pour \u00e9liminer efficacement le sable, la rouille, les boues et les particules en suspension gr\u00e2ce \u00e0 sa <strong data-start=\"547\" data-end=\"592\">cartouche en fil de polypropyl\u00e8ne enroul\u00e9<\/strong>.<\/p>\n<p data-start=\"595\" data-end=\"909\">Son <strong data-start=\"599\" data-end=\"620\">corps transparent<\/strong> permet un <strong data-start=\"631\" data-end=\"685\">contr\u00f4le visuel imm\u00e9diat de l\u2019\u00e9tat de la cartouche<\/strong>, facilitant l\u2019entretien et le remplacement au bon moment. Compatible avec les installations standards 10 pouces, ce Syst\u00e8me de filtration est id\u00e9al pour la <strong data-start=\"827\" data-end=\"908\">protection des r\u00e9seaux sanitaires, chaudi\u00e8res, chauffe-eau et \u00e9lectrom\u00e9nagers<\/strong>.<\/p>\n<p data-start=\"911\" data-end=\"1057\">Disponible chez <strong data-start=\"927\" data-end=\"943\">CHELIA STORE<\/strong>, ce filtre ATLAS FILTRI est parfaitement adapt\u00e9 aux <strong data-start=\"996\" data-end=\"1056\">installations domestiques et professionnelles en Alg\u00e9rie<\/strong>.<\/p>\n<hr data-start=\"1059\" data-end=\"1062\" \/>\n<h3 data-start=\"1064\" data-end=\"1129\">\u27a4 <strong data-start=\"1070\" data-end=\"1129\">Caract\u00e9ristiques du filtre \u00e0 eau 10 pouces&#8221; ATLAS FILTRI<\/strong><\/h3>\n<div class=\"TyagGW_tableContainer\">\n<div class=\"group TyagGW_tableWrapper flex w-fit flex-col-reverse\" tabindex=\"-1\">\n<table class=\"w-fit min-w-(--thread-content-width)\" data-start=\"1131\" data-end=\"1532\">\n<thead data-start=\"1131\" data-end=\"1159\">\n<tr data-start=\"1131\" data-end=\"1159\">\n<th data-start=\"1131\" data-end=\"1144\" data-col-size=\"sm\">\u00c9quipement<\/th>\n<th data-start=\"1144\" data-end=\"1159\" data-col-size=\"sm\">Description<\/th>\n<\/tr>\n<\/thead>\n<tbody data-start=\"1186\" data-end=\"1532\">\n<tr data-start=\"1186\" data-end=\"1249\">\n<td data-start=\"1186\" data-end=\"1207\" data-col-size=\"sm\">Type de filtration<\/td>\n<td data-col-size=\"sm\" data-start=\"1207\" data-end=\"1249\">Cartouche en fil polypropyl\u00e8ne enroul\u00e9<\/td>\n<\/tr>\n<tr data-start=\"1250\" data-end=\"1281\">\n<td data-start=\"1250\" data-end=\"1259\" data-col-size=\"sm\">Format<\/td>\n<td data-col-size=\"sm\" data-start=\"1259\" data-end=\"1281\">10 pouces standard<\/td>\n<\/tr>\n<tr data-start=\"1282\" data-end=\"1309\">\n<td data-start=\"1282\" data-end=\"1293\" data-col-size=\"sm\">Raccords<\/td>\n<td data-start=\"1293\" data-end=\"1309\" data-col-size=\"sm\">26\/34 (3\/4&#8243;)<\/td>\n<\/tr>\n<tr data-start=\"1310\" data-end=\"1372\">\n<td data-start=\"1310\" data-end=\"1330\" data-col-size=\"sm\">Corps transparent<\/td>\n<td data-start=\"1330\" data-end=\"1372\" data-col-size=\"sm\">Contr\u00f4le visuel rapide de la cartouche<\/td>\n<\/tr>\n<tr data-start=\"1373\" data-end=\"1430\">\n<td data-start=\"1373\" data-end=\"1394\" data-col-size=\"sm\">Impuret\u00e9s retenues<\/td>\n<td data-col-size=\"sm\" data-start=\"1394\" data-end=\"1430\">Sable, rouille, boues, s\u00e9diments<\/td>\n<\/tr>\n<tr data-start=\"1431\" data-end=\"1470\">\n<td data-start=\"1431\" data-end=\"1445\" data-col-size=\"sm\">Utilisation<\/td>\n<td data-col-size=\"sm\" data-start=\"1445\" data-end=\"1470\">Eau froide domestique<\/td>\n<\/tr>\n<tr data-start=\"1471\" data-end=\"1496\">\n<td data-start=\"1471\" data-end=\"1480\" data-col-size=\"sm\">Marque<\/td>\n<td data-start=\"1480\" data-end=\"1496\" data-col-size=\"sm\">ATLAS FILTRI<\/td>\n<\/tr>\n<tr data-start=\"1497\" data-end=\"1532\">\n<td data-start=\"1497\" data-end=\"1512\" data-col-size=\"sm\">Installation<\/td>\n<td data-col-size=\"sm\" data-start=\"1512\" data-end=\"1532\">Simple et rapide<\/td>\n<\/tr>\n<\/tbody>\n<\/table>\n<\/div>\n<\/div>\n<hr data-start=\"1534\" data-end=\"1537\" \/>\n<h3 data-start=\"1539\" data-end=\"1591\">\u27a4 <strong data-start=\"1545\" data-end=\"1591\">Avantages du filtre ATLAS FILTRI 10 pouces<\/strong><\/h3>\n<p data-start=\"1593\" data-end=\"1902\">&#x1f4a7; Eau plus propre et mieux filtr\u00e9e<br data-start=\"1628\" data-end=\"1631\" \/>&#x1f527; Protection efficace de la plomberie et des appareils<br data-start=\"1686\" data-end=\"1689\" \/>&#x1f441;&#xfe0f; Corps transparent pour un entretien intelligent<br data-start=\"1740\" data-end=\"1743\" \/>&#x1f6bf; Compatible avec installations sanitaires et \u00e9lectrom\u00e9nagers<br data-start=\"1805\" data-end=\"1808\" \/>&#x1f3e0; Usage domestique et professionnel<br data-start=\"1844\" data-end=\"1847\" \/>&#x2699; Produit fiable et durable de la marque ATLAS FILTRI<\/p>\n<hr data-start=\"1904\" data-end=\"1907\" \/>\n<h3 data-start=\"1909\" data-end=\"1945\">&#x2753; <strong data-start=\"1915\" data-end=\"1945\">Questions fr\u00e9quentes (FAQ)<\/strong><\/h3>\n<p data-start=\"1947\" data-end=\"2086\"><strong data-start=\"1947\" data-end=\"2013\">Ce syst\u00e8me de filtration de l\u2019eau est-il compatible avec les installations 10 pouces ?<\/strong><br data-start=\"2013\" data-end=\"2016\" \/>Oui, il est <strong data-start=\"2028\" data-end=\"2048\">100 % compatible<\/strong> avec les porte-filtres standards 10&#8243;.<\/p>\n<p data-start=\"2088\" data-end=\"2221\"><strong data-start=\"2088\" data-end=\"2127\">\u00c0 quoi servent les raccords 26\/34 ?<\/strong><br data-start=\"2127\" data-end=\"2130\" \/>Ils correspondent \u00e0 une taille standard <strong data-start=\"2170\" data-end=\"2178\">3\/4&#8243;<\/strong>, tr\u00e8s courante en plomberie r\u00e9sidentielle.<\/p>\n<p data-start=\"2223\" data-end=\"2359\"><strong data-start=\"2223\" data-end=\"2277\">Peut-il prot\u00e9ger un chauffe-eau ou une chaudi\u00e8re ?<\/strong><br data-start=\"2277\" data-end=\"2280\" \/>Oui, il est id\u00e9al en <strong data-start=\"2301\" data-end=\"2318\">pr\u00e9filtration<\/strong> pour prot\u00e9ger les \u00e9quipements sensibles.<\/p>\n<p data-start=\"2361\" data-end=\"2485\"><strong data-start=\"2361\" data-end=\"2400\">Le corps transparent est-il utile ?<\/strong><br data-start=\"2400\" data-end=\"2403\" \/>Oui, il permet de <strong data-start=\"2421\" data-end=\"2452\">voir l\u2019\u00e9tat de la cartouche<\/strong> et d\u2019anticiper son remplacement.<\/p>\n<hr data-start=\"2487\" data-end=\"2490\" \/>\n<h3 data-start=\"2492\" data-end=\"2559\">&#x1f6d2; <strong data-start=\"2499\" data-end=\"2559\">O\u00f9 acheter le filtre \u00e0 eau ATLAS FILTRI 10&#8243; en Alg\u00e9rie ?<\/strong><\/h3>\n<p data-start=\"2561\" data-end=\"2716\">Le <strong data-start=\"2564\" data-end=\"2621\">Filtre \u00e0 eau \u00e0 fil transparent 10&#8243; 26\/34 ATLAS FILTRI<\/strong> est<span style=\"color: red;\">\u00a0disponible chez\u00a0<\/span><strong> <a href=\"https:\/\/cheliastore.dz\/\">\u00a0CHELIASTORE<\/a><\/strong>, votre sp\u00e9cialiste en filtration et plomberie en Alg\u00e9rie.<\/p>\n<p data-start=\"2718\" data-end=\"2833\">&#x2714; Livraison rapide partout en Alg\u00e9rie &#x1f1e9;&#x1f1ff;<br data-start=\"2760\" data-end=\"2763\" \/>&#x2714; Produits certifi\u00e9s et fiables<br data-start=\"2794\" data-end=\"2797\" \/>&#x2714; Excellent rapport qualit\u00e9 \/ prix<\/p>\n<p data-start=\"2835\" data-end=\"2955\">&#x1f4a7; <strong data-start=\"2838\" data-end=\"2955\">Am\u00e9liorez la qualit\u00e9 de votre eau et prot\u00e9gez vos installations avec<a href=\"https:\/\/www.atlasfiltri.com\/fr\/produits\"> ATLAS FILTRI<\/a><\/strong><\/p>\n","protected":false},"excerpt":{"rendered":"<p>Le Filtre \u00e0 Eau \u00e0 Fil Transparent 10&#8243; 26\/34 ATLAS FILTRI permet une filtration efficace des impuret\u00e9s tout en offrant une visibilit\u00e9 directe sur l\u2019\u00e9tat de la cartouche gr\u00e2ce \u00e0 son corps transparent. &#x1f4a7; Compact, fiable et facile \u00e0 entretenir, il est id\u00e9al pour prot\u00e9ger vos installations domestiques.<\/p>\n","protected":false},"featured_media":45719,"comment_status":"open","ping_status":"closed","template":"","meta":{"_editorskit_title_hidden":false,"_editorskit_reading_time":0,"_editorskit_is_block_options_detached":false,"_editorskit_block_options_position":"{}"},"product_brand":[],"product_cat":[97,115],"product_tag":[],"class_list":{"0":"post-45718","1":"product","2":"type-product","3":"status-publish","4":"has-post-thumbnail","6":"product_cat-plomberie","7":"product_cat-filtre-eau","8":"pa_brand-atlas-filtri","10":"first","11":"outofstock","12":"shipping-taxable","13":"purchasable","14":"product-type-simple"},"yoast_head":"<!-- This site is optimized with the Yoast SEO Premium plugin v25.4 (Yoast SEO v27.5) - https:\/\/yoast.com\/product\/yoast-seo-premium-wordpress\/ -->\n<title>filtre eau transparent 10&quot; ATLAS FILTRI 26\/34 | Chelia Store<\/title>\n<meta name=\"description\" content=\"Achetez le filtre \u00e0 eau transparent 10&quot; 26\/34 ATLAS FILTRI chez Chelia Store. Filtration efficace contre sable et rouille. Livraison partout en Alg\u00e9rie.\" \/>\n<meta name=\"robots\" content=\"index, follow, max-snippet:-1, max-image-preview:large, max-video-preview:-1\" \/>\n<link rel=\"canonical\" href=\"https:\/\/cheliastore.dz\/product\/filtre-eau-transparent-10-atlas-filtri-26-34\/\" \/>\n<meta property=\"og:locale\" content=\"ar_AR\" \/>\n<meta property=\"og:type\" content=\"article\" \/>\n<meta property=\"og:title\" content=\"Filtre \u00e0 Eau \u00e0 Fil Transparent 10&quot; 26\/34 ATLAS FILTRI\" \/>\n<meta property=\"og:description\" content=\"Achetez le filtre \u00e0 eau transparent 10&quot; 26\/34 ATLAS FILTRI chez Chelia Store. Filtration efficace contre sable et rouille. Livraison partout en Alg\u00e9rie.\" \/>\n<meta property=\"og:url\" content=\"https:\/\/cheliastore.dz\/product\/filtre-eau-transparent-10-atlas-filtri-26-34\/\" \/>\n<meta property=\"og:site_name\" content=\"CHELIA STORE\" \/>\n<meta property=\"article:publisher\" content=\"https:\/\/web.facebook.com\/cheliastore\" \/>\n<meta property=\"article:modified_time\" content=\"2026-01-11T03:29:59+00:00\" \/>\n<meta property=\"og:image\" content=\"https:\/\/cheliastore.dz\/wp-content\/uploads\/2024\/07\/555.png\" \/>\n\t<meta property=\"og:image:width\" content=\"433\" \/>\n\t<meta property=\"og:image:height\" content=\"577\" \/>\n\t<meta property=\"og:image:type\" content=\"image\/png\" \/>\n<meta name=\"twitter:card\" content=\"summary_large_image\" \/>\n<meta name=\"twitter:label1\" content=\"\u0648\u0642\u062a \u0627\u0644\u0642\u0631\u0627\u0621\u0629 \u0627\u0644\u0645\u064f\u0642\u062f\u0651\u0631\" \/>\n\t<meta name=\"twitter:data1\" content=\"3 \u062f\u0642\u0627\u0626\u0642\" \/>\n<script type=\"application\/ld+json\" class=\"yoast-schema-graph\">{\"@context\":\"https:\\\/\\\/schema.org\",\"@graph\":[{\"@type\":\"WebPage\",\"@id\":\"https:\\\/\\\/cheliastore.dz\\\/product\\\/filtre-eau-transparent-10-atlas-filtri-26-34\\\/\",\"url\":\"https:\\\/\\\/cheliastore.dz\\\/product\\\/filtre-eau-transparent-10-atlas-filtri-26-34\\\/\",\"name\":\"filtre eau transparent 10\\\" ATLAS FILTRI 26\\\/34 | Chelia Store\",\"isPartOf\":{\"@id\":\"https:\\\/\\\/cheliastore.dz\\\/#website\"},\"primaryImageOfPage\":{\"@id\":\"https:\\\/\\\/cheliastore.dz\\\/product\\\/filtre-eau-transparent-10-atlas-filtri-26-34\\\/#primaryimage\"},\"image\":{\"@id\":\"https:\\\/\\\/cheliastore.dz\\\/product\\\/filtre-eau-transparent-10-atlas-filtri-26-34\\\/#primaryimage\"},\"thumbnailUrl\":\"https:\\\/\\\/cheliastore.dz\\\/wp-content\\\/uploads\\\/2024\\\/07\\\/555.png\",\"datePublished\":\"2024-07-29T10:22:19+00:00\",\"dateModified\":\"2026-01-11T03:29:59+00:00\",\"description\":\"Achetez le filtre \u00e0 eau transparent 10\\\" 26\\\/34 ATLAS FILTRI chez Chelia Store. Filtration efficace contre sable et rouille. Livraison partout en Alg\u00e9rie.\",\"breadcrumb\":{\"@id\":\"https:\\\/\\\/cheliastore.dz\\\/product\\\/filtre-eau-transparent-10-atlas-filtri-26-34\\\/#breadcrumb\"},\"inLanguage\":\"ar\",\"potentialAction\":[{\"@type\":\"ReadAction\",\"target\":[\"https:\\\/\\\/cheliastore.dz\\\/product\\\/filtre-eau-transparent-10-atlas-filtri-26-34\\\/\"]}]},{\"@type\":\"ImageObject\",\"inLanguage\":\"ar\",\"@id\":\"https:\\\/\\\/cheliastore.dz\\\/product\\\/filtre-eau-transparent-10-atlas-filtri-26-34\\\/#primaryimage\",\"url\":\"https:\\\/\\\/cheliastore.dz\\\/wp-content\\\/uploads\\\/2024\\\/07\\\/555.png\",\"contentUrl\":\"https:\\\/\\\/cheliastore.dz\\\/wp-content\\\/uploads\\\/2024\\\/07\\\/555.png\",\"width\":433,\"height\":577,\"caption\":\"FILTRE A FIL TRANSPARANT 10 26\\\/34 ATLAS FILTRI\"},{\"@type\":\"BreadcrumbList\",\"@id\":\"https:\\\/\\\/cheliastore.dz\\\/product\\\/filtre-eau-transparent-10-atlas-filtri-26-34\\\/#breadcrumb\",\"itemListElement\":[{\"@type\":\"ListItem\",\"position\":1,\"name\":\"\u0627\u0644\u0631\u0626\u064a\u0633\u064a\u0629\",\"item\":\"https:\\\/\\\/cheliastore.dz\\\/ar\\\/\"},{\"@type\":\"ListItem\",\"position\":2,\"name\":\"Boutique\",\"item\":\"https:\\\/\\\/cheliastore.dz\\\/ar\\\/shop\\\/\"},{\"@type\":\"ListItem\",\"position\":3,\"name\":\"Filtre \u00e0 Eau \u00e0 Fil Transparent 10&Prime; 26\\\/34 ATLAS FILTRI\"}]},{\"@type\":\"WebSite\",\"@id\":\"https:\\\/\\\/cheliastore.dz\\\/#website\",\"url\":\"https:\\\/\\\/cheliastore.dz\\\/\",\"name\":\"CHELIA STORE\",\"description\":\"CHELIA STORE\",\"publisher\":{\"@id\":\"https:\\\/\\\/cheliastore.dz\\\/#organization\"},\"potentialAction\":[{\"@type\":\"SearchAction\",\"target\":{\"@type\":\"EntryPoint\",\"urlTemplate\":\"https:\\\/\\\/cheliastore.dz\\\/?s={search_term_string}\"},\"query-input\":{\"@type\":\"PropertyValueSpecification\",\"valueRequired\":true,\"valueName\":\"search_term_string\"}}],\"inLanguage\":\"ar\"},{\"@type\":\"Organization\",\"@id\":\"https:\\\/\\\/cheliastore.dz\\\/#organization\",\"name\":\"Chelia Store\",\"url\":\"https:\\\/\\\/cheliastore.dz\\\/\",\"logo\":{\"@type\":\"ImageObject\",\"inLanguage\":\"ar\",\"@id\":\"https:\\\/\\\/cheliastore.dz\\\/#\\\/schema\\\/logo\\\/image\\\/\",\"url\":\"https:\\\/\\\/cheliastore.dz\\\/wp-content\\\/uploads\\\/2022\\\/01\\\/logo-final-250.png\",\"contentUrl\":\"https:\\\/\\\/cheliastore.dz\\\/wp-content\\\/uploads\\\/2022\\\/01\\\/logo-final-250.png\",\"width\":250,\"height\":78,\"caption\":\"Chelia Store\"},\"image\":{\"@id\":\"https:\\\/\\\/cheliastore.dz\\\/#\\\/schema\\\/logo\\\/image\\\/\"},\"sameAs\":[\"https:\\\/\\\/web.facebook.com\\\/cheliastore\",\"https:\\\/\\\/www.instagram.com\\\/quincaillerie.chelia\\\/\"]}]}<\/script>\n<!-- \/ Yoast SEO Premium plugin. -->","yoast_head_json":{"title":"filtre eau transparent 10\" ATLAS FILTRI 26\/34 | Chelia Store","description":"Achetez le filtre \u00e0 eau transparent 10\" 26\/34 ATLAS FILTRI chez Chelia Store. Filtration efficace contre sable et rouille. Livraison partout en Alg\u00e9rie.","robots":{"index":"index","follow":"follow","max-snippet":"max-snippet:-1","max-image-preview":"max-image-preview:large","max-video-preview":"max-video-preview:-1"},"canonical":"https:\/\/cheliastore.dz\/product\/filtre-eau-transparent-10-atlas-filtri-26-34\/","og_locale":"ar_AR","og_type":"article","og_title":"Filtre \u00e0 Eau \u00e0 Fil Transparent 10\" 26\/34 ATLAS FILTRI","og_description":"Achetez le filtre \u00e0 eau transparent 10\" 26\/34 ATLAS FILTRI chez Chelia Store. Filtration efficace contre sable et rouille. Livraison partout en Alg\u00e9rie.","og_url":"https:\/\/cheliastore.dz\/product\/filtre-eau-transparent-10-atlas-filtri-26-34\/","og_site_name":"CHELIA STORE","article_publisher":"https:\/\/web.facebook.com\/cheliastore","article_modified_time":"2026-01-11T03:29:59+00:00","og_image":[{"width":433,"height":577,"url":"https:\/\/cheliastore.dz\/wp-content\/uploads\/2024\/07\/555.png","type":"image\/png"}],"twitter_card":"summary_large_image","twitter_misc":{"\u0648\u0642\u062a \u0627\u0644\u0642\u0631\u0627\u0621\u0629 \u0627\u0644\u0645\u064f\u0642\u062f\u0651\u0631":"3 \u062f\u0642\u0627\u0626\u0642"},"schema":{"@context":"https:\/\/schema.org","@graph":[{"@type":"WebPage","@id":"https:\/\/cheliastore.dz\/product\/filtre-eau-transparent-10-atlas-filtri-26-34\/","url":"https:\/\/cheliastore.dz\/product\/filtre-eau-transparent-10-atlas-filtri-26-34\/","name":"filtre eau transparent 10\" ATLAS FILTRI 26\/34 | Chelia Store","isPartOf":{"@id":"https:\/\/cheliastore.dz\/#website"},"primaryImageOfPage":{"@id":"https:\/\/cheliastore.dz\/product\/filtre-eau-transparent-10-atlas-filtri-26-34\/#primaryimage"},"image":{"@id":"https:\/\/cheliastore.dz\/product\/filtre-eau-transparent-10-atlas-filtri-26-34\/#primaryimage"},"thumbnailUrl":"https:\/\/cheliastore.dz\/wp-content\/uploads\/2024\/07\/555.png","datePublished":"2024-07-29T10:22:19+00:00","dateModified":"2026-01-11T03:29:59+00:00","description":"Achetez le filtre \u00e0 eau transparent 10\" 26\/34 ATLAS FILTRI chez Chelia Store. Filtration efficace contre sable et rouille. Livraison partout en Alg\u00e9rie.","breadcrumb":{"@id":"https:\/\/cheliastore.dz\/product\/filtre-eau-transparent-10-atlas-filtri-26-34\/#breadcrumb"},"inLanguage":"ar","potentialAction":[{"@type":"ReadAction","target":["https:\/\/cheliastore.dz\/product\/filtre-eau-transparent-10-atlas-filtri-26-34\/"]}]},{"@type":"ImageObject","inLanguage":"ar","@id":"https:\/\/cheliastore.dz\/product\/filtre-eau-transparent-10-atlas-filtri-26-34\/#primaryimage","url":"https:\/\/cheliastore.dz\/wp-content\/uploads\/2024\/07\/555.png","contentUrl":"https:\/\/cheliastore.dz\/wp-content\/uploads\/2024\/07\/555.png","width":433,"height":577,"caption":"FILTRE A FIL TRANSPARANT 10 26\/34 ATLAS FILTRI"},{"@type":"BreadcrumbList","@id":"https:\/\/cheliastore.dz\/product\/filtre-eau-transparent-10-atlas-filtri-26-34\/#breadcrumb","itemListElement":[{"@type":"ListItem","position":1,"name":"\u0627\u0644\u0631\u0626\u064a\u0633\u064a\u0629","item":"https:\/\/cheliastore.dz\/ar\/"},{"@type":"ListItem","position":2,"name":"Boutique","item":"https:\/\/cheliastore.dz\/ar\/shop\/"},{"@type":"ListItem","position":3,"name":"Filtre \u00e0 Eau \u00e0 Fil Transparent 10&Prime; 26\/34 ATLAS FILTRI"}]},{"@type":"WebSite","@id":"https:\/\/cheliastore.dz\/#website","url":"https:\/\/cheliastore.dz\/","name":"CHELIA STORE","description":"CHELIA STORE","publisher":{"@id":"https:\/\/cheliastore.dz\/#organization"},"potentialAction":[{"@type":"SearchAction","target":{"@type":"EntryPoint","urlTemplate":"https:\/\/cheliastore.dz\/?s={search_term_string}"},"query-input":{"@type":"PropertyValueSpecification","valueRequired":true,"valueName":"search_term_string"}}],"inLanguage":"ar"},{"@type":"Organization","@id":"https:\/\/cheliastore.dz\/#organization","name":"Chelia Store","url":"https:\/\/cheliastore.dz\/","logo":{"@type":"ImageObject","inLanguage":"ar","@id":"https:\/\/cheliastore.dz\/#\/schema\/logo\/image\/","url":"https:\/\/cheliastore.dz\/wp-content\/uploads\/2022\/01\/logo-final-250.png","contentUrl":"https:\/\/cheliastore.dz\/wp-content\/uploads\/2022\/01\/logo-final-250.png","width":250,"height":78,"caption":"Chelia Store"},"image":{"@id":"https:\/\/cheliastore.dz\/#\/schema\/logo\/image\/"},"sameAs":["https:\/\/web.facebook.com\/cheliastore","https:\/\/www.instagram.com\/quincaillerie.chelia\/"]}]}},"_links":{"self":[{"href":"https:\/\/cheliastore.dz\/ar\/wp-json\/wp\/v2\/product\/45718","targetHints":{"allow":["GET"]}}],"collection":[{"href":"https:\/\/cheliastore.dz\/ar\/wp-json\/wp\/v2\/product"}],"about":[{"href":"https:\/\/cheliastore.dz\/ar\/wp-json\/wp\/v2\/types\/product"}],"replies":[{"embeddable":true,"href":"https:\/\/cheliastore.dz\/ar\/wp-json\/wp\/v2\/comments?post=45718"}],"version-history":[{"count":19,"href":"https:\/\/cheliastore.dz\/ar\/wp-json\/wp\/v2\/product\/45718\/revisions"}],"predecessor-version":[{"id":77806,"href":"https:\/\/cheliastore.dz\/ar\/wp-json\/wp\/v2\/product\/45718\/revisions\/77806"}],"wp:featuredmedia":[{"embeddable":true,"href":"https:\/\/cheliastore.dz\/ar\/wp-json\/wp\/v2\/media\/45719"}],"wp:attachment":[{"href":"https:\/\/cheliastore.dz\/ar\/wp-json\/wp\/v2\/media?parent=45718"}],"wp:term":[{"taxonomy":"product_brand","embeddable":true,"href":"https:\/\/cheliastore.dz\/ar\/wp-json\/wp\/v2\/product_brand?post=45718"},{"taxonomy":"product_cat","embeddable":true,"href":"https:\/\/cheliastore.dz\/ar\/wp-json\/wp\/v2\/product_cat?post=45718"},{"taxonomy":"product_tag","embeddable":true,"href":"https:\/\/cheliastore.dz\/ar\/wp-json\/wp\/v2\/product_tag?post=45718"}],"curies":[{"name":"wp","href":"https:\/\/api.w.org\/{rel}","templated":true}]}}