{"id":28487,"date":"2024-02-22T13:57:26","date_gmt":"2024-02-22T13:57:26","guid":{"rendered":"https:\/\/cheliastore.dz\/?post_type=product&#038;p=28487"},"modified":"2026-01-11T03:24:32","modified_gmt":"2026-01-11T03:24:32","slug":"vanne-pex-fem-16-1-2-visser-cls","status":"publish","type":"product","link":"https:\/\/cheliastore.dz\/ar\/product\/vanne-pex-fem-16-1-2-visser-cls\/","title":{"rendered":"VANNE PEX FEM 16 1\/2 VISSER CLS"},"content":{"rendered":"<h1 data-start=\"289\" data-end=\"322\">VANNE PEX FEM 16 1\/2 VISSER CLS<\/h1>\n<p data-start=\"324\" data-end=\"641\">La <span style=\"color: red;\">vanne PEX femelle 16 1\/2 VISSER CLS<\/span> est un composant essentiel pour le contr\u00f4le et l\u2019arr\u00eat du d\u00e9bit d\u2019eau dans les installations de plomberie et de chauffage.<br data-start=\"489\" data-end=\"492\" \/><strong data-start=\"492\" data-end=\"501\">Ainsi<\/strong>, cette vanne garantit une gestion fiable, pr\u00e9cise et s\u00e9curis\u00e9e des r\u00e9seaux hydrauliques, aussi bien en construction neuve qu\u2019en r\u00e9novation.<\/p>\n<p data-start=\"643\" data-end=\"862\"><strong data-start=\"643\" data-end=\"654\">De plus<\/strong>, compatible avec les tubes multicouches nus de <strong data-start=\"702\" data-end=\"711\">16 mm<\/strong>, elle s\u2019int\u00e8gre parfaitement aux syst\u00e8mes de chauffage radiant par le sol, ainsi qu\u2019aux installations de distribution d\u2019eau sanitaire et de chauffage.<\/p>\n<p data-start=\"864\" data-end=\"1021\"><strong><span style=\"color: blue;\">Disponible chez\u00a0<\/span> <a href=\"https:\/\/cheliastore.dz\/\">CHELIASTORE<\/a>, cette vanne PEX VISSER CLS offre une solution durable, performante et conforme aux exigences des professionnels du b\u00e2timent.<\/strong><\/p>\n<h2 data-start=\"1028\" data-end=\"1082\">\u27a4 Utilisation de la vanne PEX fem 16 1\/2 VISSER CLS<\/h2>\n<h3 data-start=\"1084\" data-end=\"1124\">&#x1f525; Chauffage et chauffage par le sol<\/h3>\n<p data-start=\"1125\" data-end=\"1349\">Dans les syst\u00e8mes de chauffage, cette vanne permet de contr\u00f4ler efficacement la circulation de l\u2019eau chaude.<br data-start=\"1233\" data-end=\"1236\" \/><strong data-start=\"1236\" data-end=\"1254\">Par cons\u00e9quent<\/strong>, elle contribue \u00e0 une meilleure r\u00e9gulation thermique et \u00e0 un fonctionnement optimal du r\u00e9seau.<\/p>\n<h3 data-start=\"1351\" data-end=\"1377\">&#x1f6bf; Plomberie sanitaire<\/h3>\n<p data-start=\"1378\" data-end=\"1573\"><strong data-start=\"1378\" data-end=\"1394\">Par ailleurs<\/strong>, elle s\u2019utilise dans les installations de distribution d\u2019eau potable afin de faciliter l\u2019ouverture ou la fermeture du circuit lors des op\u00e9rations de maintenance ou de r\u00e9paration.<\/p>\n<h3 data-start=\"1575\" data-end=\"1608\">&#x1f3d7; Construction et r\u00e9novation<\/h3>\n<p data-start=\"1609\" data-end=\"1735\">Gr\u00e2ce \u00e0 sa conception robuste, cette vanne convient aussi bien aux projets de construction neuve qu\u2019aux travaux de r\u00e9novation.<\/p>\n<h2 data-start=\"1742\" data-end=\"1801\">\u27a4 Caract\u00e9ristiques techniques de la vanne PEX VISSER CLS<\/h2>\n<div class=\"TyagGW_tableContainer\">\n<div class=\"group TyagGW_tableWrapper flex w-fit flex-col-reverse\" tabindex=\"-1\">\n<table class=\"w-fit min-w-(--thread-content-width)\" data-start=\"1803\" data-end=\"2140\">\n<thead data-start=\"1803\" data-end=\"1836\">\n<tr data-start=\"1803\" data-end=\"1836\">\n<th data-start=\"1803\" data-end=\"1821\" data-col-size=\"sm\">Caract\u00e9ristique<\/th>\n<th data-start=\"1821\" data-end=\"1836\" data-col-size=\"sm\">Description<\/th>\n<\/tr>\n<\/thead>\n<tbody data-start=\"1868\" data-end=\"2140\">\n<tr data-start=\"1868\" data-end=\"1888\">\n<td data-start=\"1868\" data-end=\"1875\" data-col-size=\"sm\">Type<\/td>\n<td data-start=\"1875\" data-end=\"1888\" data-col-size=\"sm\">Vanne PEX<\/td>\n<\/tr>\n<tr data-start=\"1889\" data-end=\"1919\">\n<td data-start=\"1889\" data-end=\"1904\" data-col-size=\"sm\">Raccordement<\/td>\n<td data-start=\"1904\" data-end=\"1919\" data-col-size=\"sm\">Femelle 1\/2<\/td>\n<\/tr>\n<tr data-start=\"1920\" data-end=\"1945\">\n<td data-start=\"1920\" data-end=\"1936\" data-col-size=\"sm\">Diam\u00e8tre tube<\/td>\n<td data-start=\"1936\" data-end=\"1945\" data-col-size=\"sm\">16 mm<\/td>\n<\/tr>\n<tr data-start=\"1946\" data-end=\"1969\">\n<td data-start=\"1946\" data-end=\"1955\" data-col-size=\"sm\">Marque<\/td>\n<td data-start=\"1955\" data-end=\"1969\" data-col-size=\"sm\">VISSER CLS<\/td>\n<\/tr>\n<tr data-start=\"1970\" data-end=\"2010\">\n<td data-start=\"1970\" data-end=\"1986\" data-col-size=\"sm\">Compatibilit\u00e9<\/td>\n<td data-start=\"1986\" data-end=\"2010\" data-col-size=\"sm\">Tube multicouche PEX<\/td>\n<\/tr>\n<tr data-start=\"2011\" data-end=\"2051\">\n<td data-start=\"2011\" data-end=\"2025\" data-col-size=\"sm\">Application<\/td>\n<td data-start=\"2025\" data-end=\"2051\" data-col-size=\"sm\">Plomberie et chauffage<\/td>\n<\/tr>\n<tr data-start=\"2052\" data-end=\"2096\">\n<td data-start=\"2052\" data-end=\"2066\" data-col-size=\"sm\">Utilisation<\/td>\n<td data-start=\"2066\" data-end=\"2096\" data-col-size=\"sm\">Construction et r\u00e9novation<\/td>\n<\/tr>\n<tr data-start=\"2097\" data-end=\"2140\">\n<td data-start=\"2097\" data-end=\"2110\" data-col-size=\"sm\">Durabilit\u00e9<\/td>\n<td data-start=\"2110\" data-end=\"2140\" data-col-size=\"sm\">Haute r\u00e9sistance m\u00e9canique<\/td>\n<\/tr>\n<\/tbody>\n<\/table>\n<\/div>\n<\/div>\n<h2 data-start=\"2147\" data-end=\"2192\">\u27a4 Avantages de la vanne PEX femelle 16 1\/2<\/h2>\n<p data-start=\"2194\" data-end=\"2453\">&#x1f527; Contr\u00f4le pr\u00e9cis du d\u00e9bit d\u2019eau<br data-start=\"2227\" data-end=\"2230\" \/>&#x1f525; Id\u00e9ale pour le chauffage et le plancher chauffant<br data-start=\"2282\" data-end=\"2285\" \/>&#x1f6bf; Adapt\u00e9e aux r\u00e9seaux de plomberie sanitaire<br data-start=\"2330\" data-end=\"2333\" \/>&#x1f6e0; Installation simple et rapide<br data-start=\"2365\" data-end=\"2368\" \/>&#x1f6e1; Excellente r\u00e9sistance et longue dur\u00e9e de vie<br data-start=\"2415\" data-end=\"2418\" \/>&#x1f4a7; \u00c9tanch\u00e9it\u00e9 fiable et s\u00e9curis\u00e9e<\/p>\n<p data-start=\"2455\" data-end=\"2599\"><strong data-start=\"2455\" data-end=\"2464\">Ainsi<\/strong>, la vanne PEX fem 16 1\/2 VISSER CLS constitue un choix s\u00fbr pour garantir la performance et la s\u00e9curit\u00e9 des installations hydrauliques.<\/p>\n<h2 data-start=\"2606\" data-end=\"2636\">\u27a4 Installation et entretien<\/h2>\n<p data-start=\"2638\" data-end=\"2851\">Pour obtenir un fonctionnement optimal, il est recommand\u00e9 de confier l\u2019installation \u00e0 un professionnel qualifi\u00e9.<br data-start=\"2750\" data-end=\"2753\" \/><strong data-start=\"2753\" data-end=\"2765\">En outre<\/strong>, un contr\u00f4le p\u00e9riodique permet de pr\u00e9server l\u2019efficacit\u00e9 et la long\u00e9vit\u00e9 de la vanne.<\/p>\n<h2 data-start=\"2858\" data-end=\"2889\">&#x2753; Questions fr\u00e9quentes (FAQ)<\/h2>\n<p data-start=\"2891\" data-end=\"3036\"><strong data-start=\"2891\" data-end=\"2962\">Cette vanne est-elle compatible avec les tubes multicouches 16 mm ?<\/strong><br data-start=\"2962\" data-end=\"2965\" \/>Oui, elle est parfaitement adapt\u00e9e aux tubes multicouches PEX de 16 mm.<\/p>\n<p data-start=\"3038\" data-end=\"3165\"><strong data-start=\"3038\" data-end=\"3091\">Peut-on l\u2019utiliser pour un chauffage par le sol ?<\/strong><br data-start=\"3091\" data-end=\"3094\" \/>Oui, cette vanne convient aux syst\u00e8mes de chauffage radiant par le sol.<\/p>\n<p data-start=\"3167\" data-end=\"3304\"><strong data-start=\"3167\" data-end=\"3209\">La marque VISSER CLS est-elle fiable ?<\/strong><br data-start=\"3209\" data-end=\"3212\" \/>Oui, VISSER CLS est reconnue pour la qualit\u00e9 et la fiabilit\u00e9 de ses composants hydrauliques.<\/p>\n<h2 data-start=\"3311\" data-end=\"3375\">&#x1f6d2; O\u00f9 acheter la vanne PEX fem 16 1\/2 VISSER CLS en Alg\u00e9rie ?<\/h2>\n<p data-start=\"3377\" data-end=\"3525\">La <strong data-start=\"3380\" data-end=\"3419\">vanne PEX femelle 16 1\/2 VISSER CLS<\/strong> est disponible chez <strong><a href=\"https:\/\/cheliastore.dz\/\">CHELIASTORE<\/a><\/strong>, sp\u00e9cialiste des \u00e9quipements de plomberie et de chauffage en Alg\u00e9rie.<\/p>\n<p data-start=\"3527\" data-end=\"3622\">&#x2714; Produits authentiques<br data-start=\"3550\" data-end=\"3553\" \/>&#x2714; Livraison partout en Alg\u00e9rie<br data-start=\"3583\" data-end=\"3586\" \/>&#x2714; Excellent rapport qualit\u00e9 \/ prix<\/p>\n<p data-start=\"3527\" data-end=\"3622\">&#x1f517; <a href=\"https:\/\/www.tiemme.com\/fra\/index.php#\">TIEMME<\/a> est une marque de r\u00e9f\u00e9rence internationale dans la fabrication de solutions fiables et durables pour les installations de plomberie, de chauffage et de distribution de fluides.<\/p>\n","protected":false},"excerpt":{"rendered":"<p>VANNE PEX FEM 16 1\/2 VISSER CLS La vanne PEX femelle 16 1\/2 VISSER CLS est un composant essentiel pour<\/p>\n","protected":false},"featured_media":28492,"comment_status":"open","ping_status":"closed","template":"","meta":{"_editorskit_title_hidden":false,"_editorskit_reading_time":0,"_editorskit_is_block_options_detached":false,"_editorskit_block_options_position":"{}"},"product_brand":[],"product_cat":[97,109],"product_tag":[],"class_list":{"0":"post-28487","1":"product","2":"type-product","3":"status-publish","4":"has-post-thumbnail","6":"product_cat-plomberie","7":"product_cat-raccordement-multicouche","8":"pa_brand-cls","10":"first","11":"instock","12":"shipping-taxable","13":"purchasable","14":"product-type-simple"},"yoast_head":"<!-- This site is optimized with the Yoast SEO Premium plugin v25.4 (Yoast SEO v27.6) - https:\/\/yoast.com\/product\/yoast-seo-premium-wordpress\/ -->\n<title>vanne PEX 16 1\/2 VISSER CLS | CHELIASTORE<\/title>\n<meta name=\"description\" content=\"Vanne PEX femelle 16 1\/2 VISSER CLS pour plomberie et chauffage. Compatible tube multicouche 16 mm. Disponible chez CHELIASTORE avec livraison en Alg\u00e9rie.\" \/>\n<meta name=\"robots\" content=\"index, follow, max-snippet:-1, max-image-preview:large, max-video-preview:-1\" \/>\n<link rel=\"canonical\" href=\"https:\/\/cheliastore.dz\/product\/vanne-pex-fem-16-1-2-visser-cls\/\" \/>\n<meta property=\"og:locale\" content=\"ar_AR\" \/>\n<meta property=\"og:type\" content=\"article\" \/>\n<meta property=\"og:title\" content=\"VANNE PEX FEM 16 1\/2 VISSER CLS\" \/>\n<meta property=\"og:description\" content=\"Vanne PEX femelle 16 1\/2 VISSER CLS pour plomberie et chauffage. Compatible tube multicouche 16 mm. Disponible chez CHELIASTORE avec livraison en Alg\u00e9rie.\" \/>\n<meta property=\"og:url\" content=\"https:\/\/cheliastore.dz\/product\/vanne-pex-fem-16-1-2-visser-cls\/\" \/>\n<meta property=\"og:site_name\" content=\"CHELIA STORE\" \/>\n<meta property=\"article:publisher\" content=\"https:\/\/web.facebook.com\/cheliastore\" \/>\n<meta property=\"article:modified_time\" content=\"2026-01-11T03:24:32+00:00\" \/>\n<meta property=\"og:image\" content=\"https:\/\/cheliastore.dz\/wp-content\/uploads\/2024\/02\/A1.jpg\" \/>\n\t<meta property=\"og:image:width\" content=\"225\" \/>\n\t<meta property=\"og:image:height\" content=\"225\" \/>\n\t<meta property=\"og:image:type\" content=\"image\/jpeg\" \/>\n<meta name=\"twitter:card\" content=\"summary_large_image\" \/>\n<meta name=\"twitter:label1\" content=\"\u0648\u0642\u062a \u0627\u0644\u0642\u0631\u0627\u0621\u0629 \u0627\u0644\u0645\u064f\u0642\u062f\u0651\u0631\" \/>\n\t<meta name=\"twitter:data1\" content=\"3 \u062f\u0642\u0627\u0626\u0642\" \/>\n<script type=\"application\/ld+json\" class=\"yoast-schema-graph\">{\"@context\":\"https:\\\/\\\/schema.org\",\"@graph\":[{\"@type\":\"WebPage\",\"@id\":\"https:\\\/\\\/cheliastore.dz\\\/product\\\/vanne-pex-fem-16-1-2-visser-cls\\\/\",\"url\":\"https:\\\/\\\/cheliastore.dz\\\/product\\\/vanne-pex-fem-16-1-2-visser-cls\\\/\",\"name\":\"vanne PEX 16 1\\\/2 VISSER CLS | CHELIASTORE\",\"isPartOf\":{\"@id\":\"https:\\\/\\\/cheliastore.dz\\\/#website\"},\"primaryImageOfPage\":{\"@id\":\"https:\\\/\\\/cheliastore.dz\\\/product\\\/vanne-pex-fem-16-1-2-visser-cls\\\/#primaryimage\"},\"image\":{\"@id\":\"https:\\\/\\\/cheliastore.dz\\\/product\\\/vanne-pex-fem-16-1-2-visser-cls\\\/#primaryimage\"},\"thumbnailUrl\":\"https:\\\/\\\/cheliastore.dz\\\/wp-content\\\/uploads\\\/2024\\\/02\\\/A1.jpg\",\"datePublished\":\"2024-02-22T13:57:26+00:00\",\"dateModified\":\"2026-01-11T03:24:32+00:00\",\"description\":\"Vanne PEX femelle 16 1\\\/2 VISSER CLS pour plomberie et chauffage. Compatible tube multicouche 16 mm. Disponible chez CHELIASTORE avec livraison en Alg\u00e9rie.\",\"breadcrumb\":{\"@id\":\"https:\\\/\\\/cheliastore.dz\\\/product\\\/vanne-pex-fem-16-1-2-visser-cls\\\/#breadcrumb\"},\"inLanguage\":\"ar\",\"potentialAction\":[{\"@type\":\"ReadAction\",\"target\":[\"https:\\\/\\\/cheliastore.dz\\\/product\\\/vanne-pex-fem-16-1-2-visser-cls\\\/\"]}]},{\"@type\":\"ImageObject\",\"inLanguage\":\"ar\",\"@id\":\"https:\\\/\\\/cheliastore.dz\\\/product\\\/vanne-pex-fem-16-1-2-visser-cls\\\/#primaryimage\",\"url\":\"https:\\\/\\\/cheliastore.dz\\\/wp-content\\\/uploads\\\/2024\\\/02\\\/A1.jpg\",\"contentUrl\":\"https:\\\/\\\/cheliastore.dz\\\/wp-content\\\/uploads\\\/2024\\\/02\\\/A1.jpg\",\"width\":225,\"height\":225,\"caption\":\"VANNE PEX FEM 16 1\\\/2 VISSER CLS\"},{\"@type\":\"BreadcrumbList\",\"@id\":\"https:\\\/\\\/cheliastore.dz\\\/product\\\/vanne-pex-fem-16-1-2-visser-cls\\\/#breadcrumb\",\"itemListElement\":[{\"@type\":\"ListItem\",\"position\":1,\"name\":\"\u0627\u0644\u0631\u0626\u064a\u0633\u064a\u0629\",\"item\":\"https:\\\/\\\/cheliastore.dz\\\/ar\\\/\"},{\"@type\":\"ListItem\",\"position\":2,\"name\":\"Boutique\",\"item\":\"https:\\\/\\\/cheliastore.dz\\\/ar\\\/shop\\\/\"},{\"@type\":\"ListItem\",\"position\":3,\"name\":\"VANNE PEX FEM 16 1\\\/2 VISSER CLS\"}]},{\"@type\":\"WebSite\",\"@id\":\"https:\\\/\\\/cheliastore.dz\\\/#website\",\"url\":\"https:\\\/\\\/cheliastore.dz\\\/\",\"name\":\"CHELIA STORE\",\"description\":\"CHELIA STORE\",\"publisher\":{\"@id\":\"https:\\\/\\\/cheliastore.dz\\\/#organization\"},\"potentialAction\":[{\"@type\":\"SearchAction\",\"target\":{\"@type\":\"EntryPoint\",\"urlTemplate\":\"https:\\\/\\\/cheliastore.dz\\\/?s={search_term_string}\"},\"query-input\":{\"@type\":\"PropertyValueSpecification\",\"valueRequired\":true,\"valueName\":\"search_term_string\"}}],\"inLanguage\":\"ar\"},{\"@type\":\"Organization\",\"@id\":\"https:\\\/\\\/cheliastore.dz\\\/#organization\",\"name\":\"Chelia Store\",\"url\":\"https:\\\/\\\/cheliastore.dz\\\/\",\"logo\":{\"@type\":\"ImageObject\",\"inLanguage\":\"ar\",\"@id\":\"https:\\\/\\\/cheliastore.dz\\\/#\\\/schema\\\/logo\\\/image\\\/\",\"url\":\"https:\\\/\\\/cheliastore.dz\\\/wp-content\\\/uploads\\\/2022\\\/01\\\/logo-final-250.png\",\"contentUrl\":\"https:\\\/\\\/cheliastore.dz\\\/wp-content\\\/uploads\\\/2022\\\/01\\\/logo-final-250.png\",\"width\":250,\"height\":78,\"caption\":\"Chelia Store\"},\"image\":{\"@id\":\"https:\\\/\\\/cheliastore.dz\\\/#\\\/schema\\\/logo\\\/image\\\/\"},\"sameAs\":[\"https:\\\/\\\/web.facebook.com\\\/cheliastore\",\"https:\\\/\\\/www.instagram.com\\\/quincaillerie.chelia\\\/\"]}]}<\/script>\n<!-- \/ Yoast SEO Premium plugin. -->","yoast_head_json":{"title":"vanne PEX 16 1\/2 VISSER CLS | CHELIASTORE","description":"Vanne PEX femelle 16 1\/2 VISSER CLS pour plomberie et chauffage. Compatible tube multicouche 16 mm. Disponible chez CHELIASTORE avec livraison en Alg\u00e9rie.","robots":{"index":"index","follow":"follow","max-snippet":"max-snippet:-1","max-image-preview":"max-image-preview:large","max-video-preview":"max-video-preview:-1"},"canonical":"https:\/\/cheliastore.dz\/product\/vanne-pex-fem-16-1-2-visser-cls\/","og_locale":"ar_AR","og_type":"article","og_title":"VANNE PEX FEM 16 1\/2 VISSER CLS","og_description":"Vanne PEX femelle 16 1\/2 VISSER CLS pour plomberie et chauffage. Compatible tube multicouche 16 mm. Disponible chez CHELIASTORE avec livraison en Alg\u00e9rie.","og_url":"https:\/\/cheliastore.dz\/product\/vanne-pex-fem-16-1-2-visser-cls\/","og_site_name":"CHELIA STORE","article_publisher":"https:\/\/web.facebook.com\/cheliastore","article_modified_time":"2026-01-11T03:24:32+00:00","og_image":[{"width":225,"height":225,"url":"https:\/\/cheliastore.dz\/wp-content\/uploads\/2024\/02\/A1.jpg","type":"image\/jpeg"}],"twitter_card":"summary_large_image","twitter_misc":{"\u0648\u0642\u062a \u0627\u0644\u0642\u0631\u0627\u0621\u0629 \u0627\u0644\u0645\u064f\u0642\u062f\u0651\u0631":"3 \u062f\u0642\u0627\u0626\u0642"},"schema":{"@context":"https:\/\/schema.org","@graph":[{"@type":"WebPage","@id":"https:\/\/cheliastore.dz\/product\/vanne-pex-fem-16-1-2-visser-cls\/","url":"https:\/\/cheliastore.dz\/product\/vanne-pex-fem-16-1-2-visser-cls\/","name":"vanne PEX 16 1\/2 VISSER CLS | CHELIASTORE","isPartOf":{"@id":"https:\/\/cheliastore.dz\/#website"},"primaryImageOfPage":{"@id":"https:\/\/cheliastore.dz\/product\/vanne-pex-fem-16-1-2-visser-cls\/#primaryimage"},"image":{"@id":"https:\/\/cheliastore.dz\/product\/vanne-pex-fem-16-1-2-visser-cls\/#primaryimage"},"thumbnailUrl":"https:\/\/cheliastore.dz\/wp-content\/uploads\/2024\/02\/A1.jpg","datePublished":"2024-02-22T13:57:26+00:00","dateModified":"2026-01-11T03:24:32+00:00","description":"Vanne PEX femelle 16 1\/2 VISSER CLS pour plomberie et chauffage. Compatible tube multicouche 16 mm. Disponible chez CHELIASTORE avec livraison en Alg\u00e9rie.","breadcrumb":{"@id":"https:\/\/cheliastore.dz\/product\/vanne-pex-fem-16-1-2-visser-cls\/#breadcrumb"},"inLanguage":"ar","potentialAction":[{"@type":"ReadAction","target":["https:\/\/cheliastore.dz\/product\/vanne-pex-fem-16-1-2-visser-cls\/"]}]},{"@type":"ImageObject","inLanguage":"ar","@id":"https:\/\/cheliastore.dz\/product\/vanne-pex-fem-16-1-2-visser-cls\/#primaryimage","url":"https:\/\/cheliastore.dz\/wp-content\/uploads\/2024\/02\/A1.jpg","contentUrl":"https:\/\/cheliastore.dz\/wp-content\/uploads\/2024\/02\/A1.jpg","width":225,"height":225,"caption":"VANNE PEX FEM 16 1\/2 VISSER CLS"},{"@type":"BreadcrumbList","@id":"https:\/\/cheliastore.dz\/product\/vanne-pex-fem-16-1-2-visser-cls\/#breadcrumb","itemListElement":[{"@type":"ListItem","position":1,"name":"\u0627\u0644\u0631\u0626\u064a\u0633\u064a\u0629","item":"https:\/\/cheliastore.dz\/ar\/"},{"@type":"ListItem","position":2,"name":"Boutique","item":"https:\/\/cheliastore.dz\/ar\/shop\/"},{"@type":"ListItem","position":3,"name":"VANNE PEX FEM 16 1\/2 VISSER CLS"}]},{"@type":"WebSite","@id":"https:\/\/cheliastore.dz\/#website","url":"https:\/\/cheliastore.dz\/","name":"CHELIA STORE","description":"CHELIA STORE","publisher":{"@id":"https:\/\/cheliastore.dz\/#organization"},"potentialAction":[{"@type":"SearchAction","target":{"@type":"EntryPoint","urlTemplate":"https:\/\/cheliastore.dz\/?s={search_term_string}"},"query-input":{"@type":"PropertyValueSpecification","valueRequired":true,"valueName":"search_term_string"}}],"inLanguage":"ar"},{"@type":"Organization","@id":"https:\/\/cheliastore.dz\/#organization","name":"Chelia Store","url":"https:\/\/cheliastore.dz\/","logo":{"@type":"ImageObject","inLanguage":"ar","@id":"https:\/\/cheliastore.dz\/#\/schema\/logo\/image\/","url":"https:\/\/cheliastore.dz\/wp-content\/uploads\/2022\/01\/logo-final-250.png","contentUrl":"https:\/\/cheliastore.dz\/wp-content\/uploads\/2022\/01\/logo-final-250.png","width":250,"height":78,"caption":"Chelia Store"},"image":{"@id":"https:\/\/cheliastore.dz\/#\/schema\/logo\/image\/"},"sameAs":["https:\/\/web.facebook.com\/cheliastore","https:\/\/www.instagram.com\/quincaillerie.chelia\/"]}]}},"_links":{"self":[{"href":"https:\/\/cheliastore.dz\/ar\/wp-json\/wp\/v2\/product\/28487","targetHints":{"allow":["GET"]}}],"collection":[{"href":"https:\/\/cheliastore.dz\/ar\/wp-json\/wp\/v2\/product"}],"about":[{"href":"https:\/\/cheliastore.dz\/ar\/wp-json\/wp\/v2\/types\/product"}],"replies":[{"embeddable":true,"href":"https:\/\/cheliastore.dz\/ar\/wp-json\/wp\/v2\/comments?post=28487"}],"version-history":[{"count":3,"href":"https:\/\/cheliastore.dz\/ar\/wp-json\/wp\/v2\/product\/28487\/revisions"}],"predecessor-version":[{"id":77757,"href":"https:\/\/cheliastore.dz\/ar\/wp-json\/wp\/v2\/product\/28487\/revisions\/77757"}],"wp:featuredmedia":[{"embeddable":true,"href":"https:\/\/cheliastore.dz\/ar\/wp-json\/wp\/v2\/media\/28492"}],"wp:attachment":[{"href":"https:\/\/cheliastore.dz\/ar\/wp-json\/wp\/v2\/media?parent=28487"}],"wp:term":[{"taxonomy":"product_brand","embeddable":true,"href":"https:\/\/cheliastore.dz\/ar\/wp-json\/wp\/v2\/product_brand?post=28487"},{"taxonomy":"product_cat","embeddable":true,"href":"https:\/\/cheliastore.dz\/ar\/wp-json\/wp\/v2\/product_cat?post=28487"},{"taxonomy":"product_tag","embeddable":true,"href":"https:\/\/cheliastore.dz\/ar\/wp-json\/wp\/v2\/product_tag?post=28487"}],"curies":[{"name":"wp","href":"https:\/\/api.w.org\/{rel}","templated":true}]}}