{"id":28484,"date":"2024-02-22T13:54:48","date_gmt":"2024-02-22T13:54:48","guid":{"rendered":"https:\/\/cheliastore.dz\/?post_type=product&#038;p=28484"},"modified":"2026-01-11T03:08:03","modified_gmt":"2026-01-11T03:08:03","slug":"vanne-pex-20-visser-xtr","status":"publish","type":"product","link":"https:\/\/cheliastore.dz\/ar\/product\/vanne-pex-20-visser-xtr\/","title":{"rendered":"VANNE PEX 20 VISSER XTR"},"content":{"rendered":"<h1>VANNE PEX 20 VISSER XTR<\/h1>\n<p data-start=\"434\" data-end=\"725\">La<strong> \u00a0<span style=\"color: red;\">vanne PEX 20 XTR <\/span><\/strong>constitue un \u00e9l\u00e9ment essentiel pour les installations de <strong data-start=\"515\" data-end=\"544\">plomberie et de chauffage<\/strong> utilisant des <strong data-start=\"559\" data-end=\"581\">tubes multicouches<\/strong>.<br data-start=\"582\" data-end=\"585\" \/>Ainsi, elle permet une coupure fiable du circuit tout en assurant un contr\u00f4le pr\u00e9cis du d\u00e9bit dans les r\u00e9seaux d\u2019eau chaude et d\u2019eau froide.<\/p>\n<p data-start=\"727\" data-end=\"978\">De plus, gr\u00e2ce \u00e0 sa conception robuste, ce type de <strong data-start=\"778\" data-end=\"796\">vanne \u00e0 visser<\/strong> garantit une utilisation durable, m\u00eame dans des conditions d\u2019installation exigeantes. Par cons\u00e9quent, elle r\u00e9pond parfaitement aux besoins des professionnels comme des particuliers.<\/p>\n<p data-start=\"980\" data-end=\"1299\">Compatible avec le <strong data-start=\"999\" data-end=\"1028\">tube multicouche nu 16 mm<\/strong>, cette <strong data-start=\"1036\" data-end=\"1058\">vanne PEX \u00e0 visser<\/strong> s\u2019utilise aussi bien en <strong data-start=\"1083\" data-end=\"1105\">construction neuve<\/strong> qu\u2019en <strong data-start=\"1112\" data-end=\"1126\">r\u00e9novation<\/strong>. En effet, elle s\u2019int\u00e8gre facilement aux syst\u00e8mes de <strong data-start=\"1180\" data-end=\"1212\">chauffage radiant par le sol<\/strong>, aux installations de distribution sanitaire et aux circuits de chauffage domestiques.<\/p>\n<p data-start=\"1301\" data-end=\"1504\">Enfin<strong>, disponible chez <a href=\"https:\/\/cheliastore.dz\/\">CHELIASTORE<\/a>\u00a0<\/strong>, ce <strong data-start=\"1344\" data-end=\"1365\">robinet PEX 20 mm<\/strong> b\u00e9n\u00e9ficie du savoir-faire de la marque <strong data-start=\"1405\" data-end=\"1415\">TIEMME<\/strong>, reconnue pour la fiabilit\u00e9 et la long\u00e9vit\u00e9 de ses raccords et accessoires de plomberie.<\/p>\n<h2 data-start=\"1511\" data-end=\"1553\"><span style=\"color: red;\">\u27a4 <\/span>Caract\u00e9ristiques de la vanne PEX 20 XTR<\/h2>\n<div class=\"TyagGW_tableContainer\">\n<div class=\"group TyagGW_tableWrapper flex w-fit flex-col-reverse\" tabindex=\"-1\">\n<table class=\"w-fit min-w-(--thread-content-width)\" data-start=\"1555\" data-end=\"1903\">\n<thead data-start=\"1555\" data-end=\"1588\">\n<tr data-start=\"1555\" data-end=\"1588\">\n<th data-start=\"1555\" data-end=\"1573\" data-col-size=\"sm\">Caract\u00e9ristique<\/th>\n<th data-start=\"1573\" data-end=\"1588\" data-col-size=\"sm\">Description<\/th>\n<\/tr>\n<\/thead>\n<tbody data-start=\"1621\" data-end=\"1903\">\n<tr data-start=\"1621\" data-end=\"1652\">\n<td data-start=\"1621\" data-end=\"1639\" data-col-size=\"sm\">Type de produit<\/td>\n<td data-col-size=\"sm\" data-start=\"1639\" data-end=\"1652\">Vanne PEX<\/td>\n<\/tr>\n<tr data-start=\"1653\" data-end=\"1673\">\n<td data-start=\"1653\" data-end=\"1664\" data-col-size=\"sm\">Diam\u00e8tre<\/td>\n<td data-start=\"1664\" data-end=\"1673\" data-col-size=\"sm\">20 mm<\/td>\n<\/tr>\n<tr data-start=\"1674\" data-end=\"1701\">\n<td data-start=\"1674\" data-end=\"1689\" data-col-size=\"sm\">Raccordement<\/td>\n<td data-col-size=\"sm\" data-start=\"1689\" data-end=\"1701\">\u00c0 visser<\/td>\n<\/tr>\n<tr data-start=\"1702\" data-end=\"1744\">\n<td data-start=\"1702\" data-end=\"1718\" data-col-size=\"sm\">Compatibilit\u00e9<\/td>\n<td data-col-size=\"sm\" data-start=\"1718\" data-end=\"1744\">Tube multicouche 16 mm<\/td>\n<\/tr>\n<tr data-start=\"1745\" data-end=\"1795\">\n<td data-start=\"1745\" data-end=\"1759\" data-col-size=\"sm\">Utilisation<\/td>\n<td data-col-size=\"sm\" data-start=\"1759\" data-end=\"1795\">Plomberie sanitaire et chauffage<\/td>\n<\/tr>\n<tr data-start=\"1796\" data-end=\"1851\">\n<td data-start=\"1796\" data-end=\"1811\" data-col-size=\"sm\">Applications<\/td>\n<td data-col-size=\"sm\" data-start=\"1811\" data-end=\"1851\">Chauffage au sol, distribution d\u2019eau<\/td>\n<\/tr>\n<tr data-start=\"1852\" data-end=\"1871\">\n<td data-start=\"1852\" data-end=\"1861\" data-col-size=\"sm\">Marque<\/td>\n<td data-col-size=\"sm\" data-start=\"1861\" data-end=\"1871\">TIEMME<\/td>\n<\/tr>\n<tr data-start=\"1872\" data-end=\"1903\">\n<td data-start=\"1872\" data-end=\"1888\" data-col-size=\"sm\">Disponibilit\u00e9<\/td>\n<td data-start=\"1888\" data-end=\"1903\" data-col-size=\"sm\">CHELIASTORE<\/td>\n<\/tr>\n<\/tbody>\n<\/table>\n<\/div>\n<\/div>\n<h2 data-start=\"1910\" data-end=\"1946\"><span style=\"color: red;\">\u27a4<\/span> Avantages du robinet PEX \u00e0 visser<\/h2>\n<p data-start=\"1948\" data-end=\"2331\">&#x1f527; Tout d\u2019abord, installation simple et rapide du <strong data-start=\"1998\" data-end=\"2027\">syst\u00e8me de vanne \u00e0 visser<\/strong><br data-start=\"2027\" data-end=\"2030\" \/>&#x1f4a7; Ensuite, \u00e9tanch\u00e9it\u00e9 fiable garantissant une utilisation durable<br data-start=\"2096\" data-end=\"2099\" \/>&#x1f525; De plus, compatibilit\u00e9 avec les circuits de chauffage et les planchers chauffants<br data-start=\"2183\" data-end=\"2186\" \/>&#x1f3e0; Ainsi, adaptation id\u00e9ale aux projets de construction comme de r\u00e9novation<br data-start=\"2261\" data-end=\"2264\" \/>&#x2699; Enfin, int\u00e9gration parfaite aux syst\u00e8mes multicouches standards<\/p>\n<h2 data-start=\"1804\" data-end=\"1835\">&#x2753; Questions fr\u00e9quentes (FAQ)<\/h2>\n<p data-start=\"2369\" data-end=\"2575\"><strong data-start=\"2369\" data-end=\"2443\">Cette vanne multicouche 20 mm est-elle compatible avec un tube 16 mm ?<\/strong><br data-start=\"2443\" data-end=\"2446\" \/>Oui, ce <strong data-start=\"2454\" data-end=\"2478\">raccord PEX \u00e0 visser<\/strong> fonctionne parfaitement avec les tubes multicouches 16 mm utilis\u00e9s en plomberie et en chauffage.<\/p>\n<p data-start=\"2577\" data-end=\"2773\"><strong data-start=\"2577\" data-end=\"2638\">Peut-on utiliser ce mod\u00e8le pour un chauffage par le sol ?<\/strong><br data-start=\"2638\" data-end=\"2641\" \/>Oui, cette <strong data-start=\"2652\" data-end=\"2669\">vanne PEX XTR<\/strong> convient aux syst\u00e8mes de chauffage radiant par le sol ainsi qu\u2019aux circuits de chauffage traditionnels.<\/p>\n<h2 data-start=\"2227\" data-end=\"2282\">&#x1f6d2;\u00a0O\u00f9 acheter la vanne PEX 20 XTR en Alg\u00e9rie ?<\/h2>\n<p data-start=\"2828\" data-end=\"3053\">La <strong data-start=\"2831\" data-end=\"2860\">vanne PEX 20 XTR \u2013 TIEMME<\/strong> est disponible chez <strong><a href=\"https:\/\/cheliastore.dz\/\">CHELIASTORE<\/a><\/strong> \u00a0votre sp\u00e9cialiste en \u00e9quipements de plomberie et de chauffage en Alg\u00e9rie. Ainsi, vous b\u00e9n\u00e9ficiez d\u2019un produit fiable, conforme .<\/p>\n<p data-start=\"2602\" data-end=\"2706\">&#x2714; Livraison partout en Alg\u00e9rie<br data-start=\"2632\" data-end=\"2635\" \/>&#x2714; Produits certifi\u00e9s et durables<br data-start=\"2667\" data-end=\"2670\" \/>&#x2714; Excellent rapport qualit\u00e9 \/ prix<\/p>\n<p data-start=\"2602\" data-end=\"2706\">&#x1f310; Produits TIEMME : visitez le site officiel\u00a0\u00a0<a href=\"https:\/\/m.tiemme.com\/fra\/index.phphttps:\/\/m.tiemme.com\/fra\/index.php\">tiemme\u00a0<\/a><\/p>\n","protected":false},"excerpt":{"rendered":"<p>Vanne PEX 20 \u00e0 visser XTR con\u00e7ue pour les installations de plomberie et de chauffage. Compatible avec tube multicouche 16 mm, elle assure une coupure fiable du circuit et une excellente \u00e9tanch\u00e9it\u00e9, aussi bien en construction neuve qu\u2019en r\u00e9novation.<\/p>\n","protected":false},"featured_media":28490,"comment_status":"open","ping_status":"closed","template":"","meta":{"_editorskit_title_hidden":false,"_editorskit_reading_time":0,"_editorskit_is_block_options_detached":false,"_editorskit_block_options_position":"{}"},"product_brand":[],"product_cat":[97],"product_tag":[],"class_list":{"0":"post-28484","1":"product","2":"type-product","3":"status-publish","4":"has-post-thumbnail","6":"product_cat-plomberie","7":"pa_brand-xtr","9":"first","10":"instock","11":"shipping-taxable","12":"purchasable","13":"product-type-simple"},"yoast_head":"<!-- This site is optimized with the Yoast SEO Premium plugin v25.4 (Yoast SEO v27.6) - https:\/\/yoast.com\/product\/yoast-seo-premium-wordpress\/ -->\n<title>Vanne PEX 20 XTR \u2013 TIEMME | CHELIASTORE<\/title>\n<meta name=\"description\" content=\"Vanne PEX 20 \u00e0 visser XTR TIEMME pour plomberie et chauffage. Compatible tube multicouche 16 mm. Disponible chez CHELIASTORE Alg\u00e9rie.\" \/>\n<meta name=\"robots\" content=\"index, follow, max-snippet:-1, max-image-preview:large, max-video-preview:-1\" \/>\n<link rel=\"canonical\" href=\"https:\/\/cheliastore.dz\/product\/vanne-pex-20-visser-xtr\/\" \/>\n<meta property=\"og:locale\" content=\"ar_AR\" \/>\n<meta property=\"og:type\" content=\"article\" \/>\n<meta property=\"og:title\" content=\"VANNE PEX 20 VISSER XTR\" \/>\n<meta property=\"og:description\" content=\"Vanne PEX 20 \u00e0 visser XTR TIEMME pour plomberie et chauffage. Compatible tube multicouche 16 mm. Disponible chez CHELIASTORE Alg\u00e9rie.\" \/>\n<meta property=\"og:url\" content=\"https:\/\/cheliastore.dz\/product\/vanne-pex-20-visser-xtr\/\" \/>\n<meta property=\"og:site_name\" content=\"CHELIA STORE\" \/>\n<meta property=\"article:publisher\" content=\"https:\/\/web.facebook.com\/cheliastore\" \/>\n<meta property=\"article:modified_time\" content=\"2026-01-11T03:08:03+00:00\" \/>\n<meta property=\"og:image\" content=\"https:\/\/cheliastore.dz\/wp-content\/uploads\/2024\/02\/AAAA.jpg\" \/>\n\t<meta property=\"og:image:width\" content=\"225\" \/>\n\t<meta property=\"og:image:height\" content=\"225\" \/>\n\t<meta property=\"og:image:type\" content=\"image\/jpeg\" \/>\n<meta name=\"twitter:card\" content=\"summary_large_image\" \/>\n<meta name=\"twitter:label1\" content=\"\u0648\u0642\u062a \u0627\u0644\u0642\u0631\u0627\u0621\u0629 \u0627\u0644\u0645\u064f\u0642\u062f\u0651\u0631\" \/>\n\t<meta name=\"twitter:data1\" content=\"3 \u062f\u0642\u0627\u0626\u0642\" \/>\n<script type=\"application\/ld+json\" class=\"yoast-schema-graph\">{\"@context\":\"https:\\\/\\\/schema.org\",\"@graph\":[{\"@type\":\"WebPage\",\"@id\":\"https:\\\/\\\/cheliastore.dz\\\/product\\\/vanne-pex-20-visser-xtr\\\/\",\"url\":\"https:\\\/\\\/cheliastore.dz\\\/product\\\/vanne-pex-20-visser-xtr\\\/\",\"name\":\"Vanne PEX 20 XTR \u2013 TIEMME | CHELIASTORE\",\"isPartOf\":{\"@id\":\"https:\\\/\\\/cheliastore.dz\\\/#website\"},\"primaryImageOfPage\":{\"@id\":\"https:\\\/\\\/cheliastore.dz\\\/product\\\/vanne-pex-20-visser-xtr\\\/#primaryimage\"},\"image\":{\"@id\":\"https:\\\/\\\/cheliastore.dz\\\/product\\\/vanne-pex-20-visser-xtr\\\/#primaryimage\"},\"thumbnailUrl\":\"https:\\\/\\\/cheliastore.dz\\\/wp-content\\\/uploads\\\/2024\\\/02\\\/AAAA.jpg\",\"datePublished\":\"2024-02-22T13:54:48+00:00\",\"dateModified\":\"2026-01-11T03:08:03+00:00\",\"description\":\"Vanne PEX 20 \u00e0 visser XTR TIEMME pour plomberie et chauffage. Compatible tube multicouche 16 mm. Disponible chez CHELIASTORE Alg\u00e9rie.\",\"breadcrumb\":{\"@id\":\"https:\\\/\\\/cheliastore.dz\\\/product\\\/vanne-pex-20-visser-xtr\\\/#breadcrumb\"},\"inLanguage\":\"ar\",\"potentialAction\":[{\"@type\":\"ReadAction\",\"target\":[\"https:\\\/\\\/cheliastore.dz\\\/product\\\/vanne-pex-20-visser-xtr\\\/\"]}]},{\"@type\":\"ImageObject\",\"inLanguage\":\"ar\",\"@id\":\"https:\\\/\\\/cheliastore.dz\\\/product\\\/vanne-pex-20-visser-xtr\\\/#primaryimage\",\"url\":\"https:\\\/\\\/cheliastore.dz\\\/wp-content\\\/uploads\\\/2024\\\/02\\\/AAAA.jpg\",\"contentUrl\":\"https:\\\/\\\/cheliastore.dz\\\/wp-content\\\/uploads\\\/2024\\\/02\\\/AAAA.jpg\",\"width\":225,\"height\":225,\"caption\":\"VANNE PEX 20 VISSER XTR\"},{\"@type\":\"BreadcrumbList\",\"@id\":\"https:\\\/\\\/cheliastore.dz\\\/product\\\/vanne-pex-20-visser-xtr\\\/#breadcrumb\",\"itemListElement\":[{\"@type\":\"ListItem\",\"position\":1,\"name\":\"\u0627\u0644\u0631\u0626\u064a\u0633\u064a\u0629\",\"item\":\"https:\\\/\\\/cheliastore.dz\\\/ar\\\/\"},{\"@type\":\"ListItem\",\"position\":2,\"name\":\"Boutique\",\"item\":\"https:\\\/\\\/cheliastore.dz\\\/ar\\\/shop\\\/\"},{\"@type\":\"ListItem\",\"position\":3,\"name\":\"VANNE PEX 20 VISSER XTR\"}]},{\"@type\":\"WebSite\",\"@id\":\"https:\\\/\\\/cheliastore.dz\\\/#website\",\"url\":\"https:\\\/\\\/cheliastore.dz\\\/\",\"name\":\"CHELIA STORE\",\"description\":\"CHELIA STORE\",\"publisher\":{\"@id\":\"https:\\\/\\\/cheliastore.dz\\\/#organization\"},\"potentialAction\":[{\"@type\":\"SearchAction\",\"target\":{\"@type\":\"EntryPoint\",\"urlTemplate\":\"https:\\\/\\\/cheliastore.dz\\\/?s={search_term_string}\"},\"query-input\":{\"@type\":\"PropertyValueSpecification\",\"valueRequired\":true,\"valueName\":\"search_term_string\"}}],\"inLanguage\":\"ar\"},{\"@type\":\"Organization\",\"@id\":\"https:\\\/\\\/cheliastore.dz\\\/#organization\",\"name\":\"Chelia Store\",\"url\":\"https:\\\/\\\/cheliastore.dz\\\/\",\"logo\":{\"@type\":\"ImageObject\",\"inLanguage\":\"ar\",\"@id\":\"https:\\\/\\\/cheliastore.dz\\\/#\\\/schema\\\/logo\\\/image\\\/\",\"url\":\"https:\\\/\\\/cheliastore.dz\\\/wp-content\\\/uploads\\\/2022\\\/01\\\/logo-final-250.png\",\"contentUrl\":\"https:\\\/\\\/cheliastore.dz\\\/wp-content\\\/uploads\\\/2022\\\/01\\\/logo-final-250.png\",\"width\":250,\"height\":78,\"caption\":\"Chelia Store\"},\"image\":{\"@id\":\"https:\\\/\\\/cheliastore.dz\\\/#\\\/schema\\\/logo\\\/image\\\/\"},\"sameAs\":[\"https:\\\/\\\/web.facebook.com\\\/cheliastore\",\"https:\\\/\\\/www.instagram.com\\\/quincaillerie.chelia\\\/\"]}]}<\/script>\n<!-- \/ Yoast SEO Premium plugin. -->","yoast_head_json":{"title":"Vanne PEX 20 XTR \u2013 TIEMME | CHELIASTORE","description":"Vanne PEX 20 \u00e0 visser XTR TIEMME pour plomberie et chauffage. Compatible tube multicouche 16 mm. Disponible chez CHELIASTORE Alg\u00e9rie.","robots":{"index":"index","follow":"follow","max-snippet":"max-snippet:-1","max-image-preview":"max-image-preview:large","max-video-preview":"max-video-preview:-1"},"canonical":"https:\/\/cheliastore.dz\/product\/vanne-pex-20-visser-xtr\/","og_locale":"ar_AR","og_type":"article","og_title":"VANNE PEX 20 VISSER XTR","og_description":"Vanne PEX 20 \u00e0 visser XTR TIEMME pour plomberie et chauffage. Compatible tube multicouche 16 mm. Disponible chez CHELIASTORE Alg\u00e9rie.","og_url":"https:\/\/cheliastore.dz\/product\/vanne-pex-20-visser-xtr\/","og_site_name":"CHELIA STORE","article_publisher":"https:\/\/web.facebook.com\/cheliastore","article_modified_time":"2026-01-11T03:08:03+00:00","og_image":[{"width":225,"height":225,"url":"https:\/\/cheliastore.dz\/wp-content\/uploads\/2024\/02\/AAAA.jpg","type":"image\/jpeg"}],"twitter_card":"summary_large_image","twitter_misc":{"\u0648\u0642\u062a \u0627\u0644\u0642\u0631\u0627\u0621\u0629 \u0627\u0644\u0645\u064f\u0642\u062f\u0651\u0631":"3 \u062f\u0642\u0627\u0626\u0642"},"schema":{"@context":"https:\/\/schema.org","@graph":[{"@type":"WebPage","@id":"https:\/\/cheliastore.dz\/product\/vanne-pex-20-visser-xtr\/","url":"https:\/\/cheliastore.dz\/product\/vanne-pex-20-visser-xtr\/","name":"Vanne PEX 20 XTR \u2013 TIEMME | CHELIASTORE","isPartOf":{"@id":"https:\/\/cheliastore.dz\/#website"},"primaryImageOfPage":{"@id":"https:\/\/cheliastore.dz\/product\/vanne-pex-20-visser-xtr\/#primaryimage"},"image":{"@id":"https:\/\/cheliastore.dz\/product\/vanne-pex-20-visser-xtr\/#primaryimage"},"thumbnailUrl":"https:\/\/cheliastore.dz\/wp-content\/uploads\/2024\/02\/AAAA.jpg","datePublished":"2024-02-22T13:54:48+00:00","dateModified":"2026-01-11T03:08:03+00:00","description":"Vanne PEX 20 \u00e0 visser XTR TIEMME pour plomberie et chauffage. Compatible tube multicouche 16 mm. Disponible chez CHELIASTORE Alg\u00e9rie.","breadcrumb":{"@id":"https:\/\/cheliastore.dz\/product\/vanne-pex-20-visser-xtr\/#breadcrumb"},"inLanguage":"ar","potentialAction":[{"@type":"ReadAction","target":["https:\/\/cheliastore.dz\/product\/vanne-pex-20-visser-xtr\/"]}]},{"@type":"ImageObject","inLanguage":"ar","@id":"https:\/\/cheliastore.dz\/product\/vanne-pex-20-visser-xtr\/#primaryimage","url":"https:\/\/cheliastore.dz\/wp-content\/uploads\/2024\/02\/AAAA.jpg","contentUrl":"https:\/\/cheliastore.dz\/wp-content\/uploads\/2024\/02\/AAAA.jpg","width":225,"height":225,"caption":"VANNE PEX 20 VISSER XTR"},{"@type":"BreadcrumbList","@id":"https:\/\/cheliastore.dz\/product\/vanne-pex-20-visser-xtr\/#breadcrumb","itemListElement":[{"@type":"ListItem","position":1,"name":"\u0627\u0644\u0631\u0626\u064a\u0633\u064a\u0629","item":"https:\/\/cheliastore.dz\/ar\/"},{"@type":"ListItem","position":2,"name":"Boutique","item":"https:\/\/cheliastore.dz\/ar\/shop\/"},{"@type":"ListItem","position":3,"name":"VANNE PEX 20 VISSER XTR"}]},{"@type":"WebSite","@id":"https:\/\/cheliastore.dz\/#website","url":"https:\/\/cheliastore.dz\/","name":"CHELIA STORE","description":"CHELIA STORE","publisher":{"@id":"https:\/\/cheliastore.dz\/#organization"},"potentialAction":[{"@type":"SearchAction","target":{"@type":"EntryPoint","urlTemplate":"https:\/\/cheliastore.dz\/?s={search_term_string}"},"query-input":{"@type":"PropertyValueSpecification","valueRequired":true,"valueName":"search_term_string"}}],"inLanguage":"ar"},{"@type":"Organization","@id":"https:\/\/cheliastore.dz\/#organization","name":"Chelia Store","url":"https:\/\/cheliastore.dz\/","logo":{"@type":"ImageObject","inLanguage":"ar","@id":"https:\/\/cheliastore.dz\/#\/schema\/logo\/image\/","url":"https:\/\/cheliastore.dz\/wp-content\/uploads\/2022\/01\/logo-final-250.png","contentUrl":"https:\/\/cheliastore.dz\/wp-content\/uploads\/2022\/01\/logo-final-250.png","width":250,"height":78,"caption":"Chelia Store"},"image":{"@id":"https:\/\/cheliastore.dz\/#\/schema\/logo\/image\/"},"sameAs":["https:\/\/web.facebook.com\/cheliastore","https:\/\/www.instagram.com\/quincaillerie.chelia\/"]}]}},"_links":{"self":[{"href":"https:\/\/cheliastore.dz\/ar\/wp-json\/wp\/v2\/product\/28484","targetHints":{"allow":["GET"]}}],"collection":[{"href":"https:\/\/cheliastore.dz\/ar\/wp-json\/wp\/v2\/product"}],"about":[{"href":"https:\/\/cheliastore.dz\/ar\/wp-json\/wp\/v2\/types\/product"}],"replies":[{"embeddable":true,"href":"https:\/\/cheliastore.dz\/ar\/wp-json\/wp\/v2\/comments?post=28484"}],"version-history":[{"count":3,"href":"https:\/\/cheliastore.dz\/ar\/wp-json\/wp\/v2\/product\/28484\/revisions"}],"predecessor-version":[{"id":77773,"href":"https:\/\/cheliastore.dz\/ar\/wp-json\/wp\/v2\/product\/28484\/revisions\/77773"}],"wp:featuredmedia":[{"embeddable":true,"href":"https:\/\/cheliastore.dz\/ar\/wp-json\/wp\/v2\/media\/28490"}],"wp:attachment":[{"href":"https:\/\/cheliastore.dz\/ar\/wp-json\/wp\/v2\/media?parent=28484"}],"wp:term":[{"taxonomy":"product_brand","embeddable":true,"href":"https:\/\/cheliastore.dz\/ar\/wp-json\/wp\/v2\/product_brand?post=28484"},{"taxonomy":"product_cat","embeddable":true,"href":"https:\/\/cheliastore.dz\/ar\/wp-json\/wp\/v2\/product_cat?post=28484"},{"taxonomy":"product_tag","embeddable":true,"href":"https:\/\/cheliastore.dz\/ar\/wp-json\/wp\/v2\/product_tag?post=28484"}],"curies":[{"name":"wp","href":"https:\/\/api.w.org\/{rel}","templated":true}]}}