{"id":28479,"date":"2024-02-22T13:18:34","date_gmt":"2024-02-22T13:18:34","guid":{"rendered":"https:\/\/cheliastore.dz\/?post_type=product&#038;p=28479"},"modified":"2026-01-11T03:16:08","modified_gmt":"2026-01-11T03:16:08","slug":"vanne-pex-16-visser-energical","status":"publish","type":"product","link":"https:\/\/cheliastore.dz\/ar\/product\/vanne-pex-16-visser-energical\/","title":{"rendered":"VANNE PEX 16 VISSER ENERGICAL"},"content":{"rendered":"<h1>VANNE PEX 16 VISSER ENERGICAL<\/h1>\n<p data-start=\"199\" data-end=\"509\">La <strong data-start=\"202\" data-end=\"237\">vanne PEX 16 \u00e0 visser ENERGICAL<\/strong> constitue un \u00e9l\u00e9ment essentiel pour les installations de <strong data-start=\"295\" data-end=\"324\">plomberie et de chauffage<\/strong> utilisant des <strong data-start=\"339\" data-end=\"361\">tubes multicouches<\/strong>.<br data-start=\"362\" data-end=\"365\" \/>Ainsi, elle permet une <strong data-start=\"388\" data-end=\"417\">coupure fiable du circuit<\/strong> tout en assurant un contr\u00f4le pr\u00e9cis du d\u00e9bit dans les r\u00e9seaux d\u2019eau chaude et d\u2019eau froide.<\/p>\n<p data-start=\"511\" data-end=\"773\">De plus, gr\u00e2ce \u00e0 sa conception robuste, cette <strong data-start=\"557\" data-end=\"579\">vanne PEX \u00e0 visser<\/strong> garantit une <strong data-start=\"593\" data-end=\"616\">utilisation durable<\/strong>, m\u00eame dans des conditions d\u2019installation exigeantes. Par cons\u00e9quent, elle r\u00e9pond parfaitement aux besoins des <strong data-start=\"727\" data-end=\"745\">professionnels<\/strong> comme des <strong data-start=\"756\" data-end=\"772\">particuliers<\/strong>.<\/p>\n<p data-start=\"775\" data-end=\"1102\">Compatible avec le <strong data-start=\"794\" data-end=\"823\">tube multicouche nu 16 mm<\/strong>, cette <strong data-start=\"831\" data-end=\"857\">vanne PEX 16 ENERGICAL<\/strong> s\u2019utilise aussi bien en <strong data-start=\"882\" data-end=\"904\">construction neuve<\/strong> qu\u2019en <strong data-start=\"911\" data-end=\"925\">r\u00e9novation<\/strong>. En effet, elle s\u2019int\u00e8gre facilement aux syst\u00e8mes de <strong data-start=\"979\" data-end=\"1011\">chauffage radiant par le sol<\/strong>, aux installations de <strong data-start=\"1034\" data-end=\"1060\">distribution sanitaire<\/strong> et aux circuits de chauffage domestiques.<\/p>\n<p data-start=\"1104\" data-end=\"1296\">Enfin, disponible chez <strong><a href=\"https:\/\/cheliastore.dz\/\">CHELIASTORE<\/a><\/strong> , ce <strong data-start=\"1147\" data-end=\"1168\">robinet PEX 16 mm<\/strong> b\u00e9n\u00e9ficie du savoir-faire de la marque <strong data-start=\"1208\" data-end=\"1221\">ENERGICAL<\/strong>, reconnue pour la fiabilit\u00e9 et la qualit\u00e9 de ses \u00e9quipements de plomberie.<\/p>\n<h2 data-start=\"1303\" data-end=\"1351\"><span style=\"color: red;\">\u27a4 <\/span>Caract\u00e9ristiques techniques du raccord PEX 16 mm ENERGICAL<\/h2>\n<div class=\"TyagGW_tableContainer\">\n<div class=\"group TyagGW_tableWrapper flex w-fit flex-col-reverse\" tabindex=\"-1\">\n<table class=\"w-fit min-w-(--thread-content-width)\" data-start=\"1353\" data-end=\"1704\">\n<thead data-start=\"1353\" data-end=\"1386\">\n<tr data-start=\"1353\" data-end=\"1386\">\n<th data-start=\"1353\" data-end=\"1371\" data-col-size=\"sm\">Caract\u00e9ristique<\/th>\n<th data-start=\"1371\" data-end=\"1386\" data-col-size=\"sm\">Description<\/th>\n<\/tr>\n<\/thead>\n<tbody data-start=\"1419\" data-end=\"1704\">\n<tr data-start=\"1419\" data-end=\"1450\">\n<td data-start=\"1419\" data-end=\"1437\" data-col-size=\"sm\">Type de produit<\/td>\n<td data-col-size=\"sm\" data-start=\"1437\" data-end=\"1450\">Vanne PEX<\/td>\n<\/tr>\n<tr data-start=\"1451\" data-end=\"1471\">\n<td data-start=\"1451\" data-end=\"1462\" data-col-size=\"sm\">Diam\u00e8tre<\/td>\n<td data-start=\"1462\" data-end=\"1471\" data-col-size=\"sm\">16 mm<\/td>\n<\/tr>\n<tr data-start=\"1472\" data-end=\"1499\">\n<td data-start=\"1472\" data-end=\"1487\" data-col-size=\"sm\">Raccordement<\/td>\n<td data-col-size=\"sm\" data-start=\"1487\" data-end=\"1499\">\u00c0 visser<\/td>\n<\/tr>\n<tr data-start=\"1500\" data-end=\"1542\">\n<td data-start=\"1500\" data-end=\"1516\" data-col-size=\"sm\">Compatibilit\u00e9<\/td>\n<td data-start=\"1516\" data-end=\"1542\" data-col-size=\"sm\">Tube multicouche 16 mm<\/td>\n<\/tr>\n<tr data-start=\"1543\" data-end=\"1593\">\n<td data-start=\"1543\" data-end=\"1557\" data-col-size=\"sm\">Utilisation<\/td>\n<td data-col-size=\"sm\" data-start=\"1557\" data-end=\"1593\">Plomberie sanitaire et chauffage<\/td>\n<\/tr>\n<tr data-start=\"1594\" data-end=\"1649\">\n<td data-start=\"1594\" data-end=\"1609\" data-col-size=\"sm\">Applications<\/td>\n<td data-col-size=\"sm\" data-start=\"1609\" data-end=\"1649\">Chauffage au sol, distribution d\u2019eau<\/td>\n<\/tr>\n<tr data-start=\"1650\" data-end=\"1672\">\n<td data-start=\"1650\" data-end=\"1659\" data-col-size=\"sm\">Marque<\/td>\n<td data-start=\"1659\" data-end=\"1672\" data-col-size=\"sm\">ENERGICAL<\/td>\n<\/tr>\n<tr data-start=\"1673\" data-end=\"1704\">\n<td data-start=\"1673\" data-end=\"1689\" data-col-size=\"sm\">Disponibilit\u00e9<\/td>\n<td data-start=\"1689\" data-end=\"1704\" data-col-size=\"sm\">CHELIASTORE<\/td>\n<\/tr>\n<\/tbody>\n<\/table>\n<\/div>\n<\/div>\n<h2 data-start=\"1910\" data-end=\"1946\"><span style=\"color: red;\">\u27a4 <\/span>Avantages du robinet PEX \u00e0 visser<\/h2>\n<p data-start=\"1749\" data-end=\"2099\">&#x1f527; Tout d\u2019abord, installation simple et rapide<br data-start=\"1795\" data-end=\"1798\" \/>&#x1f4a7; Ensuite, \u00e9tanch\u00e9it\u00e9 fiable garantissant une utilisation durable<br data-start=\"1864\" data-end=\"1867\" \/>&#x1f525; De plus, compatibilit\u00e9 avec les circuits de chauffage et les planchers chauffants<br data-start=\"1951\" data-end=\"1954\" \/>&#x1f3e0; Ainsi, adaptation id\u00e9ale aux projets de construction comme de r\u00e9novation<br data-start=\"2029\" data-end=\"2032\" \/>&#x2699; Enfin, int\u00e9gration parfaite aux syst\u00e8mes multicouches standards<\/p>\n<h2 data-start=\"1804\" data-end=\"1835\">&#x2753; Questions fr\u00e9quentes (FAQ)<\/h2>\n<p data-start=\"2137\" data-end=\"2350\"><strong data-start=\"2137\" data-end=\"2212\">Cette vanne PEX 16 est-elle compatible avec un tube multicouche 16 mm ?<\/strong><br data-start=\"2212\" data-end=\"2215\" \/>Oui, ce <strong data-start=\"2223\" data-end=\"2253\">raccord PEX \u00e0 visser 16 mm<\/strong> fonctionne parfaitement avec les tubes multicouches 16 mm utilis\u00e9s en plomberie et en chauffage.<\/p>\n<p data-start=\"2352\" data-end=\"2559\"><strong data-start=\"2352\" data-end=\"2415\">Peut-on utiliser cette vanne pour un chauffage par le sol ?<\/strong><br data-start=\"2415\" data-end=\"2418\" \/>Oui, la <strong data-start=\"2426\" data-end=\"2455\">vanne PEX ENERGICAL 16 mm<\/strong> convient aux syst\u00e8mes de chauffage radiant par le sol ainsi qu\u2019aux circuits de chauffage traditionnels.<\/p>\n<h2 data-start=\"2227\" data-end=\"2282\">&#x1f6d2;\u00a0O\u00f9 acheter la vanne PEX 16 ENERGICAL en Alg\u00e9rie ?<\/h2>\n<p data-start=\"2620\" data-end=\"2769\">La la vanne PEX \u00e0 visser<strong data-start=\"2623\" data-end=\"2658\">\u00a0ENERGICAL<\/strong> est disponible chez <strong><a href=\"https:\/\/cheliastore.dz\/\">CHELIASTORE<\/a><\/strong> , votre sp\u00e9cialiste en \u00e9quipements de plomberie et de chauffage en Alg\u00e9rie.<\/p>\n<p data-start=\"2771\" data-end=\"2875\">&#x2714; Livraison partout en Alg\u00e9rie<br data-start=\"2801\" data-end=\"2804\" \/>&#x2714; Produits certifi\u00e9s et durables<br data-start=\"2836\" data-end=\"2839\" \/>&#x2714; Excellent rapport qualit\u00e9 \/ prix<\/p>\n<p data-start=\"2566\" data-end=\"2618\"><a href=\"https:\/\/energical.com\/fr\/?srsltid=AfmBOop-zmMYuIg_OZJkSUPAccALa-2-GxP1NPY95jpiPnZUhiM64G-r\">ENERGICAL<\/a> <strong data-start=\"143\" data-end=\"389\">est une marque alg\u00e9rienne reconnue pour la qualit\u00e9, la fiabilit\u00e9 et la performance de ses solutions de chauffage, plomberie et \u00e9lectricit\u00e9, appr\u00e9ci\u00e9e par les installateurs et les utilisateurs pour son excellent rapport qualit\u00e9-prix.<\/strong><\/p>\n<p data-start=\"2771\" data-end=\"2875\">\n","protected":false},"excerpt":{"rendered":"<p>La vanne PEX 16 \u00e0 visser ENERGICAL permet une coupure fiable et un contr\u00f4le pr\u00e9cis du d\u00e9bit dans les installations de plomberie et de chauffage. Compatible avec les tubes multicouches 16 mm, elle offre une installation simple, une excellente \u00e9tanch\u00e9it\u00e9 et une grande durabilit\u00e9.<\/p>\n","protected":false},"featured_media":30039,"comment_status":"open","ping_status":"closed","template":"","meta":{"_editorskit_title_hidden":false,"_editorskit_reading_time":0,"_editorskit_is_block_options_detached":false,"_editorskit_block_options_position":"{}"},"product_brand":[],"product_cat":[97,109],"product_tag":[],"class_list":{"0":"post-28479","1":"product","2":"type-product","3":"status-publish","4":"has-post-thumbnail","6":"product_cat-plomberie","7":"product_cat-raccordement-multicouche","9":"first","10":"outofstock","11":"shipping-taxable","12":"purchasable","13":"product-type-simple"},"yoast_head":"<!-- This site is optimized with the Yoast SEO Premium plugin v25.4 (Yoast SEO v27.6) - https:\/\/yoast.com\/product\/yoast-seo-premium-wordpress\/ -->\n<title>Vanne PEX 16 ENERGICAL \u2013 Vanne \u00e0 Visser Multicouche<\/title>\n<meta name=\"description\" content=\"Vanne PEX 16 \u00e0 visser ENERGICAL pour plomberie et chauffage. Compatible tube multicouche 16 mm. Disponible chez CHELIASTORE Alg\u00e9rie.\" \/>\n<meta name=\"robots\" content=\"index, follow, max-snippet:-1, max-image-preview:large, max-video-preview:-1\" \/>\n<link rel=\"canonical\" href=\"https:\/\/cheliastore.dz\/product\/vanne-pex-16-visser-energical\/\" \/>\n<meta property=\"og:locale\" content=\"ar_AR\" \/>\n<meta property=\"og:type\" content=\"article\" \/>\n<meta property=\"og:title\" content=\"VANNE PEX 16 VISSER ENERGICAL\" \/>\n<meta property=\"og:description\" content=\"Vanne PEX 16 \u00e0 visser ENERGICAL pour plomberie et chauffage. Compatible tube multicouche 16 mm. Disponible chez CHELIASTORE Alg\u00e9rie.\" \/>\n<meta property=\"og:url\" content=\"https:\/\/cheliastore.dz\/product\/vanne-pex-16-visser-energical\/\" \/>\n<meta property=\"og:site_name\" content=\"CHELIA STORE\" \/>\n<meta property=\"article:publisher\" content=\"https:\/\/web.facebook.com\/cheliastore\" \/>\n<meta property=\"article:modified_time\" content=\"2026-01-11T03:16:08+00:00\" \/>\n<meta property=\"og:image\" content=\"https:\/\/cheliastore.dz\/wp-content\/uploads\/2024\/02\/IMG_2682.jpg\" \/>\n\t<meta property=\"og:image:width\" content=\"1000\" \/>\n\t<meta property=\"og:image:height\" content=\"1000\" \/>\n\t<meta property=\"og:image:type\" content=\"image\/jpeg\" \/>\n<meta name=\"twitter:card\" content=\"summary_large_image\" \/>\n<meta name=\"twitter:label1\" content=\"\u0648\u0642\u062a \u0627\u0644\u0642\u0631\u0627\u0621\u0629 \u0627\u0644\u0645\u064f\u0642\u062f\u0651\u0631\" \/>\n\t<meta name=\"twitter:data1\" content=\"3 \u062f\u0642\u0627\u0626\u0642\" \/>\n<script type=\"application\/ld+json\" class=\"yoast-schema-graph\">{\"@context\":\"https:\\\/\\\/schema.org\",\"@graph\":[{\"@type\":\"WebPage\",\"@id\":\"https:\\\/\\\/cheliastore.dz\\\/product\\\/vanne-pex-16-visser-energical\\\/\",\"url\":\"https:\\\/\\\/cheliastore.dz\\\/product\\\/vanne-pex-16-visser-energical\\\/\",\"name\":\"Vanne PEX 16 ENERGICAL \u2013 Vanne \u00e0 Visser Multicouche\",\"isPartOf\":{\"@id\":\"https:\\\/\\\/cheliastore.dz\\\/#website\"},\"primaryImageOfPage\":{\"@id\":\"https:\\\/\\\/cheliastore.dz\\\/product\\\/vanne-pex-16-visser-energical\\\/#primaryimage\"},\"image\":{\"@id\":\"https:\\\/\\\/cheliastore.dz\\\/product\\\/vanne-pex-16-visser-energical\\\/#primaryimage\"},\"thumbnailUrl\":\"https:\\\/\\\/cheliastore.dz\\\/wp-content\\\/uploads\\\/2024\\\/02\\\/IMG_2682.jpg\",\"datePublished\":\"2024-02-22T13:18:34+00:00\",\"dateModified\":\"2026-01-11T03:16:08+00:00\",\"description\":\"Vanne PEX 16 \u00e0 visser ENERGICAL pour plomberie et chauffage. Compatible tube multicouche 16 mm. Disponible chez CHELIASTORE Alg\u00e9rie.\",\"breadcrumb\":{\"@id\":\"https:\\\/\\\/cheliastore.dz\\\/product\\\/vanne-pex-16-visser-energical\\\/#breadcrumb\"},\"inLanguage\":\"ar\",\"potentialAction\":[{\"@type\":\"ReadAction\",\"target\":[\"https:\\\/\\\/cheliastore.dz\\\/product\\\/vanne-pex-16-visser-energical\\\/\"]}]},{\"@type\":\"ImageObject\",\"inLanguage\":\"ar\",\"@id\":\"https:\\\/\\\/cheliastore.dz\\\/product\\\/vanne-pex-16-visser-energical\\\/#primaryimage\",\"url\":\"https:\\\/\\\/cheliastore.dz\\\/wp-content\\\/uploads\\\/2024\\\/02\\\/IMG_2682.jpg\",\"contentUrl\":\"https:\\\/\\\/cheliastore.dz\\\/wp-content\\\/uploads\\\/2024\\\/02\\\/IMG_2682.jpg\",\"width\":1000,\"height\":1000,\"caption\":\"VANNE PEX 16 VISSER ENERGICAL\"},{\"@type\":\"BreadcrumbList\",\"@id\":\"https:\\\/\\\/cheliastore.dz\\\/product\\\/vanne-pex-16-visser-energical\\\/#breadcrumb\",\"itemListElement\":[{\"@type\":\"ListItem\",\"position\":1,\"name\":\"\u0627\u0644\u0631\u0626\u064a\u0633\u064a\u0629\",\"item\":\"https:\\\/\\\/cheliastore.dz\\\/ar\\\/\"},{\"@type\":\"ListItem\",\"position\":2,\"name\":\"Boutique\",\"item\":\"https:\\\/\\\/cheliastore.dz\\\/ar\\\/shop\\\/\"},{\"@type\":\"ListItem\",\"position\":3,\"name\":\"VANNE PEX 16 VISSER ENERGICAL\"}]},{\"@type\":\"WebSite\",\"@id\":\"https:\\\/\\\/cheliastore.dz\\\/#website\",\"url\":\"https:\\\/\\\/cheliastore.dz\\\/\",\"name\":\"CHELIA STORE\",\"description\":\"CHELIA STORE\",\"publisher\":{\"@id\":\"https:\\\/\\\/cheliastore.dz\\\/#organization\"},\"potentialAction\":[{\"@type\":\"SearchAction\",\"target\":{\"@type\":\"EntryPoint\",\"urlTemplate\":\"https:\\\/\\\/cheliastore.dz\\\/?s={search_term_string}\"},\"query-input\":{\"@type\":\"PropertyValueSpecification\",\"valueRequired\":true,\"valueName\":\"search_term_string\"}}],\"inLanguage\":\"ar\"},{\"@type\":\"Organization\",\"@id\":\"https:\\\/\\\/cheliastore.dz\\\/#organization\",\"name\":\"Chelia Store\",\"url\":\"https:\\\/\\\/cheliastore.dz\\\/\",\"logo\":{\"@type\":\"ImageObject\",\"inLanguage\":\"ar\",\"@id\":\"https:\\\/\\\/cheliastore.dz\\\/#\\\/schema\\\/logo\\\/image\\\/\",\"url\":\"https:\\\/\\\/cheliastore.dz\\\/wp-content\\\/uploads\\\/2022\\\/01\\\/logo-final-250.png\",\"contentUrl\":\"https:\\\/\\\/cheliastore.dz\\\/wp-content\\\/uploads\\\/2022\\\/01\\\/logo-final-250.png\",\"width\":250,\"height\":78,\"caption\":\"Chelia Store\"},\"image\":{\"@id\":\"https:\\\/\\\/cheliastore.dz\\\/#\\\/schema\\\/logo\\\/image\\\/\"},\"sameAs\":[\"https:\\\/\\\/web.facebook.com\\\/cheliastore\",\"https:\\\/\\\/www.instagram.com\\\/quincaillerie.chelia\\\/\"]}]}<\/script>\n<!-- \/ Yoast SEO Premium plugin. -->","yoast_head_json":{"title":"Vanne PEX 16 ENERGICAL \u2013 Vanne \u00e0 Visser Multicouche","description":"Vanne PEX 16 \u00e0 visser ENERGICAL pour plomberie et chauffage. Compatible tube multicouche 16 mm. Disponible chez CHELIASTORE Alg\u00e9rie.","robots":{"index":"index","follow":"follow","max-snippet":"max-snippet:-1","max-image-preview":"max-image-preview:large","max-video-preview":"max-video-preview:-1"},"canonical":"https:\/\/cheliastore.dz\/product\/vanne-pex-16-visser-energical\/","og_locale":"ar_AR","og_type":"article","og_title":"VANNE PEX 16 VISSER ENERGICAL","og_description":"Vanne PEX 16 \u00e0 visser ENERGICAL pour plomberie et chauffage. Compatible tube multicouche 16 mm. Disponible chez CHELIASTORE Alg\u00e9rie.","og_url":"https:\/\/cheliastore.dz\/product\/vanne-pex-16-visser-energical\/","og_site_name":"CHELIA STORE","article_publisher":"https:\/\/web.facebook.com\/cheliastore","article_modified_time":"2026-01-11T03:16:08+00:00","og_image":[{"width":1000,"height":1000,"url":"https:\/\/cheliastore.dz\/wp-content\/uploads\/2024\/02\/IMG_2682.jpg","type":"image\/jpeg"}],"twitter_card":"summary_large_image","twitter_misc":{"\u0648\u0642\u062a \u0627\u0644\u0642\u0631\u0627\u0621\u0629 \u0627\u0644\u0645\u064f\u0642\u062f\u0651\u0631":"3 \u062f\u0642\u0627\u0626\u0642"},"schema":{"@context":"https:\/\/schema.org","@graph":[{"@type":"WebPage","@id":"https:\/\/cheliastore.dz\/product\/vanne-pex-16-visser-energical\/","url":"https:\/\/cheliastore.dz\/product\/vanne-pex-16-visser-energical\/","name":"Vanne PEX 16 ENERGICAL \u2013 Vanne \u00e0 Visser Multicouche","isPartOf":{"@id":"https:\/\/cheliastore.dz\/#website"},"primaryImageOfPage":{"@id":"https:\/\/cheliastore.dz\/product\/vanne-pex-16-visser-energical\/#primaryimage"},"image":{"@id":"https:\/\/cheliastore.dz\/product\/vanne-pex-16-visser-energical\/#primaryimage"},"thumbnailUrl":"https:\/\/cheliastore.dz\/wp-content\/uploads\/2024\/02\/IMG_2682.jpg","datePublished":"2024-02-22T13:18:34+00:00","dateModified":"2026-01-11T03:16:08+00:00","description":"Vanne PEX 16 \u00e0 visser ENERGICAL pour plomberie et chauffage. Compatible tube multicouche 16 mm. Disponible chez CHELIASTORE Alg\u00e9rie.","breadcrumb":{"@id":"https:\/\/cheliastore.dz\/product\/vanne-pex-16-visser-energical\/#breadcrumb"},"inLanguage":"ar","potentialAction":[{"@type":"ReadAction","target":["https:\/\/cheliastore.dz\/product\/vanne-pex-16-visser-energical\/"]}]},{"@type":"ImageObject","inLanguage":"ar","@id":"https:\/\/cheliastore.dz\/product\/vanne-pex-16-visser-energical\/#primaryimage","url":"https:\/\/cheliastore.dz\/wp-content\/uploads\/2024\/02\/IMG_2682.jpg","contentUrl":"https:\/\/cheliastore.dz\/wp-content\/uploads\/2024\/02\/IMG_2682.jpg","width":1000,"height":1000,"caption":"VANNE PEX 16 VISSER ENERGICAL"},{"@type":"BreadcrumbList","@id":"https:\/\/cheliastore.dz\/product\/vanne-pex-16-visser-energical\/#breadcrumb","itemListElement":[{"@type":"ListItem","position":1,"name":"\u0627\u0644\u0631\u0626\u064a\u0633\u064a\u0629","item":"https:\/\/cheliastore.dz\/ar\/"},{"@type":"ListItem","position":2,"name":"Boutique","item":"https:\/\/cheliastore.dz\/ar\/shop\/"},{"@type":"ListItem","position":3,"name":"VANNE PEX 16 VISSER ENERGICAL"}]},{"@type":"WebSite","@id":"https:\/\/cheliastore.dz\/#website","url":"https:\/\/cheliastore.dz\/","name":"CHELIA STORE","description":"CHELIA STORE","publisher":{"@id":"https:\/\/cheliastore.dz\/#organization"},"potentialAction":[{"@type":"SearchAction","target":{"@type":"EntryPoint","urlTemplate":"https:\/\/cheliastore.dz\/?s={search_term_string}"},"query-input":{"@type":"PropertyValueSpecification","valueRequired":true,"valueName":"search_term_string"}}],"inLanguage":"ar"},{"@type":"Organization","@id":"https:\/\/cheliastore.dz\/#organization","name":"Chelia Store","url":"https:\/\/cheliastore.dz\/","logo":{"@type":"ImageObject","inLanguage":"ar","@id":"https:\/\/cheliastore.dz\/#\/schema\/logo\/image\/","url":"https:\/\/cheliastore.dz\/wp-content\/uploads\/2022\/01\/logo-final-250.png","contentUrl":"https:\/\/cheliastore.dz\/wp-content\/uploads\/2022\/01\/logo-final-250.png","width":250,"height":78,"caption":"Chelia Store"},"image":{"@id":"https:\/\/cheliastore.dz\/#\/schema\/logo\/image\/"},"sameAs":["https:\/\/web.facebook.com\/cheliastore","https:\/\/www.instagram.com\/quincaillerie.chelia\/"]}]}},"_links":{"self":[{"href":"https:\/\/cheliastore.dz\/ar\/wp-json\/wp\/v2\/product\/28479","targetHints":{"allow":["GET"]}}],"collection":[{"href":"https:\/\/cheliastore.dz\/ar\/wp-json\/wp\/v2\/product"}],"about":[{"href":"https:\/\/cheliastore.dz\/ar\/wp-json\/wp\/v2\/types\/product"}],"replies":[{"embeddable":true,"href":"https:\/\/cheliastore.dz\/ar\/wp-json\/wp\/v2\/comments?post=28479"}],"version-history":[{"count":3,"href":"https:\/\/cheliastore.dz\/ar\/wp-json\/wp\/v2\/product\/28479\/revisions"}],"predecessor-version":[{"id":77776,"href":"https:\/\/cheliastore.dz\/ar\/wp-json\/wp\/v2\/product\/28479\/revisions\/77776"}],"wp:featuredmedia":[{"embeddable":true,"href":"https:\/\/cheliastore.dz\/ar\/wp-json\/wp\/v2\/media\/30039"}],"wp:attachment":[{"href":"https:\/\/cheliastore.dz\/ar\/wp-json\/wp\/v2\/media?parent=28479"}],"wp:term":[{"taxonomy":"product_brand","embeddable":true,"href":"https:\/\/cheliastore.dz\/ar\/wp-json\/wp\/v2\/product_brand?post=28479"},{"taxonomy":"product_cat","embeddable":true,"href":"https:\/\/cheliastore.dz\/ar\/wp-json\/wp\/v2\/product_cat?post=28479"},{"taxonomy":"product_tag","embeddable":true,"href":"https:\/\/cheliastore.dz\/ar\/wp-json\/wp\/v2\/product_tag?post=28479"}],"curies":[{"name":"wp","href":"https:\/\/api.w.org\/{rel}","templated":true}]}}