{"id":28403,"date":"2024-02-22T10:36:53","date_gmt":"2024-02-22T10:36:53","guid":{"rendered":"https:\/\/cheliastore.dz\/?post_type=product&#038;p=28403"},"modified":"2026-01-11T03:04:10","modified_gmt":"2026-01-11T03:04:10","slug":"tes-reduit-32-20-32-sertir-tiemme","status":"publish","type":"product","link":"https:\/\/cheliastore.dz\/ar\/product\/tes-reduit-32-20-32-sertir-tiemme\/","title":{"rendered":"TES REDUIT 32\/20\/32 SERTIR TIEMME"},"content":{"rendered":"<h1>TES REDUIT 32\/20\/32 SERTIR TIEMME<\/h1>\n<p>TES REDUIT 32\/20\/32 SERTIR TIEMME. La gamme de produits Tiemme, un des plus gros fabriquant de raccords en Italie propose une gamme de produits pro \u00e0 des prix discount. La qualit\u00e9 \u00e0 petit prix. Ces produits sont tr\u00e8s utilis\u00e9s dans le monde du pro.<br \/>\nSertissage CSTB en Mors (TH), Sertissage garantie en U, H, F, B et RF Temp\u00e9rature Max. Fonctionnement = 95\u00b0C, Pic max = 110\u00b0C, Max. Pression de service = 10bar,Comptabilble avec les pinces \u00e0 sertir vendues en grande surface de bricolage \u2013 CSTB 14\/14-1978<br \/>\nLes diff\u00e9rents composants des raccords sont en laiton de matri\u00e7age conforme \u00e0 la norme NF EN 12165 (CuZn40Pb2, r\u00e9f\u00e9rence CW 617 N). La bague de sertissage est en acier inoxydable AISI 304. Le joint plat est en polyamide PA 6.6 et les joints toriques en EPDM 70 shore<\/p>\n<p>Lus de produit veuillez visiter notre site web <a href=\"http:\/\/www.cheliastore.dz\/\">chelia<\/a><\/p>\n<p>plus de produit tiemme veuillez visiter le site web <a href=\"https:\/\/m.tiemme.com\/fra\/index.phphttps:\/\/m.tiemme.com\/fra\/index.php\">tiemme<\/a><\/p>\n","protected":false},"excerpt":{"rendered":"<p>TES REDUIT 32\/20\/32 SERTIR TIEMME TES REDUIT 32\/20\/32 SERTIR TIEMME. La gamme de produits Tiemme, un des plus gros fabriquant<\/p>\n","protected":false},"featured_media":28311,"comment_status":"open","ping_status":"open","template":"","meta":{"_editorskit_title_hidden":false,"_editorskit_reading_time":0,"_editorskit_is_block_options_detached":false,"_editorskit_block_options_position":"{}"},"product_brand":[],"product_cat":[97,109,986],"product_tag":[],"class_list":{"0":"post-28403","1":"product","2":"type-product","3":"status-publish","4":"has-post-thumbnail","6":"product_cat-plomberie","7":"product_cat-raccordement-multicouche","8":"product_cat-te-reduit","10":"first","11":"outofstock","12":"shipping-taxable","13":"purchasable","14":"product-type-simple"},"yoast_head":"<!-- This site is optimized with the Yoast SEO Premium plugin v25.4 (Yoast SEO v27.6) - https:\/\/yoast.com\/product\/yoast-seo-premium-wordpress\/ -->\n<title>TES REDUIT 32\/20\/32 SERTIR TIEMME - CHELIA STORE<\/title>\n<meta name=\"description\" content=\"TES REDUIT 32\/20\/32 SERTIR TIEMME. La gamme de produits Tiemme, un des plus gros fabriquant de raccords en Italie propose une gamme de produits pro\" \/>\n<meta name=\"robots\" content=\"index, follow, max-snippet:-1, max-image-preview:large, max-video-preview:-1\" \/>\n<link rel=\"canonical\" href=\"https:\/\/cheliastore.dz\/product\/tes-reduit-32-20-32-sertir-tiemme\/\" \/>\n<meta property=\"og:locale\" content=\"ar_AR\" \/>\n<meta property=\"og:type\" content=\"article\" \/>\n<meta property=\"og:title\" content=\"TES REDUIT 32\/20\/32 SERTIR TIEMME\" \/>\n<meta property=\"og:description\" content=\"TES REDUIT 32\/20\/32 SERTIR TIEMME. La gamme de produits Tiemme, un des plus gros fabriquant de raccords en Italie propose une gamme de produits pro\" \/>\n<meta property=\"og:url\" content=\"https:\/\/cheliastore.dz\/product\/tes-reduit-32-20-32-sertir-tiemme\/\" \/>\n<meta property=\"og:site_name\" content=\"CHELIA STORE\" \/>\n<meta property=\"article:publisher\" content=\"https:\/\/web.facebook.com\/cheliastore\" \/>\n<meta property=\"article:modified_time\" content=\"2026-01-11T03:04:10+00:00\" \/>\n<meta property=\"og:image\" content=\"https:\/\/cheliastore.dz\/wp-content\/uploads\/2024\/02\/418036728_903061454897260_1228009311939338547_n.png\" \/>\n\t<meta property=\"og:image:width\" content=\"206\" \/>\n\t<meta property=\"og:image:height\" content=\"206\" \/>\n\t<meta property=\"og:image:type\" content=\"image\/png\" \/>\n<meta name=\"twitter:card\" content=\"summary_large_image\" \/>\n<meta name=\"twitter:label1\" content=\"\u0648\u0642\u062a \u0627\u0644\u0642\u0631\u0627\u0621\u0629 \u0627\u0644\u0645\u064f\u0642\u062f\u0651\u0631\" \/>\n\t<meta name=\"twitter:data1\" content=\"1 \u062f\u0642\u064a\u0642\u0629\" \/>\n<script type=\"application\/ld+json\" class=\"yoast-schema-graph\">{\"@context\":\"https:\\\/\\\/schema.org\",\"@graph\":[{\"@type\":\"WebPage\",\"@id\":\"https:\\\/\\\/cheliastore.dz\\\/product\\\/tes-reduit-32-20-32-sertir-tiemme\\\/\",\"url\":\"https:\\\/\\\/cheliastore.dz\\\/product\\\/tes-reduit-32-20-32-sertir-tiemme\\\/\",\"name\":\"TES REDUIT 32\\\/20\\\/32 SERTIR TIEMME - CHELIA STORE\",\"isPartOf\":{\"@id\":\"https:\\\/\\\/cheliastore.dz\\\/#website\"},\"primaryImageOfPage\":{\"@id\":\"https:\\\/\\\/cheliastore.dz\\\/product\\\/tes-reduit-32-20-32-sertir-tiemme\\\/#primaryimage\"},\"image\":{\"@id\":\"https:\\\/\\\/cheliastore.dz\\\/product\\\/tes-reduit-32-20-32-sertir-tiemme\\\/#primaryimage\"},\"thumbnailUrl\":\"https:\\\/\\\/cheliastore.dz\\\/wp-content\\\/uploads\\\/2024\\\/02\\\/418036728_903061454897260_1228009311939338547_n.png\",\"datePublished\":\"2024-02-22T10:36:53+00:00\",\"dateModified\":\"2026-01-11T03:04:10+00:00\",\"description\":\"TES REDUIT 32\\\/20\\\/32 SERTIR TIEMME. La gamme de produits Tiemme, un des plus gros fabriquant de raccords en Italie propose une gamme de produits pro\",\"breadcrumb\":{\"@id\":\"https:\\\/\\\/cheliastore.dz\\\/product\\\/tes-reduit-32-20-32-sertir-tiemme\\\/#breadcrumb\"},\"inLanguage\":\"ar\",\"potentialAction\":[{\"@type\":\"ReadAction\",\"target\":[\"https:\\\/\\\/cheliastore.dz\\\/product\\\/tes-reduit-32-20-32-sertir-tiemme\\\/\"]}]},{\"@type\":\"ImageObject\",\"inLanguage\":\"ar\",\"@id\":\"https:\\\/\\\/cheliastore.dz\\\/product\\\/tes-reduit-32-20-32-sertir-tiemme\\\/#primaryimage\",\"url\":\"https:\\\/\\\/cheliastore.dz\\\/wp-content\\\/uploads\\\/2024\\\/02\\\/418036728_903061454897260_1228009311939338547_n.png\",\"contentUrl\":\"https:\\\/\\\/cheliastore.dz\\\/wp-content\\\/uploads\\\/2024\\\/02\\\/418036728_903061454897260_1228009311939338547_n.png\",\"width\":206,\"height\":206,\"caption\":\"TES REDUIT 16\\\/26\\\/16 SERTIR TIEMME\"},{\"@type\":\"BreadcrumbList\",\"@id\":\"https:\\\/\\\/cheliastore.dz\\\/product\\\/tes-reduit-32-20-32-sertir-tiemme\\\/#breadcrumb\",\"itemListElement\":[{\"@type\":\"ListItem\",\"position\":1,\"name\":\"\u0627\u0644\u0631\u0626\u064a\u0633\u064a\u0629\",\"item\":\"https:\\\/\\\/cheliastore.dz\\\/ar\\\/\"},{\"@type\":\"ListItem\",\"position\":2,\"name\":\"Boutique\",\"item\":\"https:\\\/\\\/cheliastore.dz\\\/ar\\\/shop\\\/\"},{\"@type\":\"ListItem\",\"position\":3,\"name\":\"TES REDUIT 32\\\/20\\\/32 SERTIR TIEMME\"}]},{\"@type\":\"WebSite\",\"@id\":\"https:\\\/\\\/cheliastore.dz\\\/#website\",\"url\":\"https:\\\/\\\/cheliastore.dz\\\/\",\"name\":\"CHELIA STORE\",\"description\":\"CHELIA STORE\",\"publisher\":{\"@id\":\"https:\\\/\\\/cheliastore.dz\\\/#organization\"},\"potentialAction\":[{\"@type\":\"SearchAction\",\"target\":{\"@type\":\"EntryPoint\",\"urlTemplate\":\"https:\\\/\\\/cheliastore.dz\\\/?s={search_term_string}\"},\"query-input\":{\"@type\":\"PropertyValueSpecification\",\"valueRequired\":true,\"valueName\":\"search_term_string\"}}],\"inLanguage\":\"ar\"},{\"@type\":\"Organization\",\"@id\":\"https:\\\/\\\/cheliastore.dz\\\/#organization\",\"name\":\"Chelia Store\",\"url\":\"https:\\\/\\\/cheliastore.dz\\\/\",\"logo\":{\"@type\":\"ImageObject\",\"inLanguage\":\"ar\",\"@id\":\"https:\\\/\\\/cheliastore.dz\\\/#\\\/schema\\\/logo\\\/image\\\/\",\"url\":\"https:\\\/\\\/cheliastore.dz\\\/wp-content\\\/uploads\\\/2022\\\/01\\\/logo-final-250.png\",\"contentUrl\":\"https:\\\/\\\/cheliastore.dz\\\/wp-content\\\/uploads\\\/2022\\\/01\\\/logo-final-250.png\",\"width\":250,\"height\":78,\"caption\":\"Chelia Store\"},\"image\":{\"@id\":\"https:\\\/\\\/cheliastore.dz\\\/#\\\/schema\\\/logo\\\/image\\\/\"},\"sameAs\":[\"https:\\\/\\\/web.facebook.com\\\/cheliastore\",\"https:\\\/\\\/www.instagram.com\\\/quincaillerie.chelia\\\/\"]}]}<\/script>\n<!-- \/ Yoast SEO Premium plugin. -->","yoast_head_json":{"title":"TES REDUIT 32\/20\/32 SERTIR TIEMME - CHELIA STORE","description":"TES REDUIT 32\/20\/32 SERTIR TIEMME. La gamme de produits Tiemme, un des plus gros fabriquant de raccords en Italie propose une gamme de produits pro","robots":{"index":"index","follow":"follow","max-snippet":"max-snippet:-1","max-image-preview":"max-image-preview:large","max-video-preview":"max-video-preview:-1"},"canonical":"https:\/\/cheliastore.dz\/product\/tes-reduit-32-20-32-sertir-tiemme\/","og_locale":"ar_AR","og_type":"article","og_title":"TES REDUIT 32\/20\/32 SERTIR TIEMME","og_description":"TES REDUIT 32\/20\/32 SERTIR TIEMME. La gamme de produits Tiemme, un des plus gros fabriquant de raccords en Italie propose une gamme de produits pro","og_url":"https:\/\/cheliastore.dz\/product\/tes-reduit-32-20-32-sertir-tiemme\/","og_site_name":"CHELIA STORE","article_publisher":"https:\/\/web.facebook.com\/cheliastore","article_modified_time":"2026-01-11T03:04:10+00:00","og_image":[{"width":206,"height":206,"url":"https:\/\/cheliastore.dz\/wp-content\/uploads\/2024\/02\/418036728_903061454897260_1228009311939338547_n.png","type":"image\/png"}],"twitter_card":"summary_large_image","twitter_misc":{"\u0648\u0642\u062a \u0627\u0644\u0642\u0631\u0627\u0621\u0629 \u0627\u0644\u0645\u064f\u0642\u062f\u0651\u0631":"1 \u062f\u0642\u064a\u0642\u0629"},"schema":{"@context":"https:\/\/schema.org","@graph":[{"@type":"WebPage","@id":"https:\/\/cheliastore.dz\/product\/tes-reduit-32-20-32-sertir-tiemme\/","url":"https:\/\/cheliastore.dz\/product\/tes-reduit-32-20-32-sertir-tiemme\/","name":"TES REDUIT 32\/20\/32 SERTIR TIEMME - CHELIA STORE","isPartOf":{"@id":"https:\/\/cheliastore.dz\/#website"},"primaryImageOfPage":{"@id":"https:\/\/cheliastore.dz\/product\/tes-reduit-32-20-32-sertir-tiemme\/#primaryimage"},"image":{"@id":"https:\/\/cheliastore.dz\/product\/tes-reduit-32-20-32-sertir-tiemme\/#primaryimage"},"thumbnailUrl":"https:\/\/cheliastore.dz\/wp-content\/uploads\/2024\/02\/418036728_903061454897260_1228009311939338547_n.png","datePublished":"2024-02-22T10:36:53+00:00","dateModified":"2026-01-11T03:04:10+00:00","description":"TES REDUIT 32\/20\/32 SERTIR TIEMME. La gamme de produits Tiemme, un des plus gros fabriquant de raccords en Italie propose une gamme de produits pro","breadcrumb":{"@id":"https:\/\/cheliastore.dz\/product\/tes-reduit-32-20-32-sertir-tiemme\/#breadcrumb"},"inLanguage":"ar","potentialAction":[{"@type":"ReadAction","target":["https:\/\/cheliastore.dz\/product\/tes-reduit-32-20-32-sertir-tiemme\/"]}]},{"@type":"ImageObject","inLanguage":"ar","@id":"https:\/\/cheliastore.dz\/product\/tes-reduit-32-20-32-sertir-tiemme\/#primaryimage","url":"https:\/\/cheliastore.dz\/wp-content\/uploads\/2024\/02\/418036728_903061454897260_1228009311939338547_n.png","contentUrl":"https:\/\/cheliastore.dz\/wp-content\/uploads\/2024\/02\/418036728_903061454897260_1228009311939338547_n.png","width":206,"height":206,"caption":"TES REDUIT 16\/26\/16 SERTIR TIEMME"},{"@type":"BreadcrumbList","@id":"https:\/\/cheliastore.dz\/product\/tes-reduit-32-20-32-sertir-tiemme\/#breadcrumb","itemListElement":[{"@type":"ListItem","position":1,"name":"\u0627\u0644\u0631\u0626\u064a\u0633\u064a\u0629","item":"https:\/\/cheliastore.dz\/ar\/"},{"@type":"ListItem","position":2,"name":"Boutique","item":"https:\/\/cheliastore.dz\/ar\/shop\/"},{"@type":"ListItem","position":3,"name":"TES REDUIT 32\/20\/32 SERTIR TIEMME"}]},{"@type":"WebSite","@id":"https:\/\/cheliastore.dz\/#website","url":"https:\/\/cheliastore.dz\/","name":"CHELIA STORE","description":"CHELIA STORE","publisher":{"@id":"https:\/\/cheliastore.dz\/#organization"},"potentialAction":[{"@type":"SearchAction","target":{"@type":"EntryPoint","urlTemplate":"https:\/\/cheliastore.dz\/?s={search_term_string}"},"query-input":{"@type":"PropertyValueSpecification","valueRequired":true,"valueName":"search_term_string"}}],"inLanguage":"ar"},{"@type":"Organization","@id":"https:\/\/cheliastore.dz\/#organization","name":"Chelia Store","url":"https:\/\/cheliastore.dz\/","logo":{"@type":"ImageObject","inLanguage":"ar","@id":"https:\/\/cheliastore.dz\/#\/schema\/logo\/image\/","url":"https:\/\/cheliastore.dz\/wp-content\/uploads\/2022\/01\/logo-final-250.png","contentUrl":"https:\/\/cheliastore.dz\/wp-content\/uploads\/2022\/01\/logo-final-250.png","width":250,"height":78,"caption":"Chelia Store"},"image":{"@id":"https:\/\/cheliastore.dz\/#\/schema\/logo\/image\/"},"sameAs":["https:\/\/web.facebook.com\/cheliastore","https:\/\/www.instagram.com\/quincaillerie.chelia\/"]}]}},"_links":{"self":[{"href":"https:\/\/cheliastore.dz\/ar\/wp-json\/wp\/v2\/product\/28403","targetHints":{"allow":["GET"]}}],"collection":[{"href":"https:\/\/cheliastore.dz\/ar\/wp-json\/wp\/v2\/product"}],"about":[{"href":"https:\/\/cheliastore.dz\/ar\/wp-json\/wp\/v2\/types\/product"}],"replies":[{"embeddable":true,"href":"https:\/\/cheliastore.dz\/ar\/wp-json\/wp\/v2\/comments?post=28403"}],"version-history":[{"count":1,"href":"https:\/\/cheliastore.dz\/ar\/wp-json\/wp\/v2\/product\/28403\/revisions"}],"predecessor-version":[{"id":56932,"href":"https:\/\/cheliastore.dz\/ar\/wp-json\/wp\/v2\/product\/28403\/revisions\/56932"}],"wp:featuredmedia":[{"embeddable":true,"href":"https:\/\/cheliastore.dz\/ar\/wp-json\/wp\/v2\/media\/28311"}],"wp:attachment":[{"href":"https:\/\/cheliastore.dz\/ar\/wp-json\/wp\/v2\/media?parent=28403"}],"wp:term":[{"taxonomy":"product_brand","embeddable":true,"href":"https:\/\/cheliastore.dz\/ar\/wp-json\/wp\/v2\/product_brand?post=28403"},{"taxonomy":"product_cat","embeddable":true,"href":"https:\/\/cheliastore.dz\/ar\/wp-json\/wp\/v2\/product_cat?post=28403"},{"taxonomy":"product_tag","embeddable":true,"href":"https:\/\/cheliastore.dz\/ar\/wp-json\/wp\/v2\/product_tag?post=28403"}],"curies":[{"name":"wp","href":"https:\/\/api.w.org\/{rel}","templated":true}]}}