{"id":28255,"date":"2024-02-22T07:30:07","date_gmt":"2024-02-22T07:30:07","guid":{"rendered":"https:\/\/cheliastore.dz\/?post_type=product&#038;p=28255"},"modified":"2026-01-11T03:23:18","modified_gmt":"2026-01-11T03:23:18","slug":"rac-mal-16-1-2-a-visser-glr","status":"publish","type":"product","link":"https:\/\/cheliastore.dz\/ar\/product\/rac-mal-16-1-2-a-visser-glr\/","title":{"rendered":"RAC MAL  16 1\/2 A VISSER GLR"},"content":{"rendered":"<h1>RAC MAL 16 1\/2 A VISSER GLR<\/h1>\n<p>RAC MAL 16 1\/2 A VISSER GLR<\/p>\n<p>La gamme de produits Tiemme, un des plus gros fabriquant de raccords en Italie propose une gamme de produits pro \u00e0 des prix discount. La qualit\u00e9 \u00e0 petit prix. Ces produits sont tr\u00e8s utilis\u00e9s dans le monde du pro.<br \/>\nSertissage CSTB en Mors (TH), Sertissage garantie en U, H, F, B et RF Temp\u00e9rature Max. Fonctionnement = 95\u00b0C, Pic max = 110\u00b0C, Max. Pression de service = 10bar,Comptabilble avec les pinces \u00e0 sertir vendues en grande surface de bricolage \u2013 CSTB 14\/14-1978<br \/>\nLes diff\u00e9rents composants des raccords sont en laiton de matri\u00e7age conforme \u00e0 la norme NF EN 12165 (CuZn40Pb2, r\u00e9f\u00e9rence CW 617 N). La bague de sertissage est en acier inoxydable AISI 304. Le joint plat est en polyamide PA 6.6 et les joints toriques en EPDM 70 shore<\/p>\n<p>Lus de produit veuillez visiter notre site web <a href=\"http:\/\/www.cheliastore.dz\/\">chelia<\/a><\/p>\n<p>plus de produit tiemme veuillez visiter le site web <a href=\"https:\/\/m.tiemme.com\/fra\/index.phphttps:\/\/m.tiemme.com\/fra\/index.php\">tiemme<\/a><\/p>\n","protected":false},"excerpt":{"rendered":"<p>RAC MAL 16 1\/2 A VISSER GLR RAC MAL 16 1\/2 A VISSER GLR La gamme de produits Tiemme, un<\/p>\n","protected":false},"featured_media":28259,"comment_status":"open","ping_status":"open","template":"","meta":{"_editorskit_title_hidden":false,"_editorskit_reading_time":0,"_editorskit_is_block_options_detached":false,"_editorskit_block_options_position":"{}"},"product_brand":[],"product_cat":[97,109,982],"product_tag":[],"class_list":{"0":"post-28255","1":"product","2":"type-product","3":"status-publish","4":"has-post-thumbnail","6":"product_cat-plomberie","7":"product_cat-raccordement-multicouche","8":"product_cat-raccord-male","10":"first","11":"outofstock","12":"shipping-taxable","13":"purchasable","14":"product-type-simple"},"yoast_head":"<!-- This site is optimized with the Yoast SEO Premium plugin v25.4 (Yoast SEO v27.5) - https:\/\/yoast.com\/product\/yoast-seo-premium-wordpress\/ -->\n<title>RAC MAL 16 1\/2 A VISSER GLR - CHELIA STORE<\/title>\n<meta name=\"description\" content=\"RAC MAL 16 1\/2 A VISSER GLR La qualit\u00e9 \u00e0 petit prix. Ces produits sont tr\u00e8s utilis\u00e9s dans le monde du pro.\" \/>\n<meta name=\"robots\" content=\"index, follow, max-snippet:-1, max-image-preview:large, max-video-preview:-1\" \/>\n<link rel=\"canonical\" href=\"https:\/\/cheliastore.dz\/product\/rac-mal-16-1-2-a-visser-glr\/\" \/>\n<meta property=\"og:locale\" content=\"ar_AR\" \/>\n<meta property=\"og:type\" content=\"article\" \/>\n<meta property=\"og:title\" content=\"RAC MAL 16 1\/2 A VISSER GLR\" \/>\n<meta property=\"og:description\" content=\"RAC MAL 16 1\/2 A VISSER GLR La qualit\u00e9 \u00e0 petit prix. Ces produits sont tr\u00e8s utilis\u00e9s dans le monde du pro.\" \/>\n<meta property=\"og:url\" content=\"https:\/\/cheliastore.dz\/product\/rac-mal-16-1-2-a-visser-glr\/\" \/>\n<meta property=\"og:site_name\" content=\"CHELIA STORE\" \/>\n<meta property=\"article:publisher\" content=\"https:\/\/web.facebook.com\/cheliastore\" \/>\n<meta property=\"article:modified_time\" content=\"2026-01-11T03:23:18+00:00\" \/>\n<meta property=\"og:image\" content=\"https:\/\/cheliastore.dz\/wp-content\/uploads\/2024\/02\/r.jpg\" \/>\n\t<meta property=\"og:image:width\" content=\"272\" \/>\n\t<meta property=\"og:image:height\" content=\"186\" \/>\n\t<meta property=\"og:image:type\" content=\"image\/jpeg\" \/>\n<meta name=\"twitter:card\" content=\"summary_large_image\" \/>\n<meta name=\"twitter:label1\" content=\"\u0648\u0642\u062a \u0627\u0644\u0642\u0631\u0627\u0621\u0629 \u0627\u0644\u0645\u064f\u0642\u062f\u0651\u0631\" \/>\n\t<meta name=\"twitter:data1\" content=\"1 \u062f\u0642\u064a\u0642\u0629\" \/>\n<script type=\"application\/ld+json\" class=\"yoast-schema-graph\">{\"@context\":\"https:\\\/\\\/schema.org\",\"@graph\":[{\"@type\":\"WebPage\",\"@id\":\"https:\\\/\\\/cheliastore.dz\\\/product\\\/rac-mal-16-1-2-a-visser-glr\\\/\",\"url\":\"https:\\\/\\\/cheliastore.dz\\\/product\\\/rac-mal-16-1-2-a-visser-glr\\\/\",\"name\":\"RAC MAL 16 1\\\/2 A VISSER GLR - CHELIA STORE\",\"isPartOf\":{\"@id\":\"https:\\\/\\\/cheliastore.dz\\\/#website\"},\"primaryImageOfPage\":{\"@id\":\"https:\\\/\\\/cheliastore.dz\\\/product\\\/rac-mal-16-1-2-a-visser-glr\\\/#primaryimage\"},\"image\":{\"@id\":\"https:\\\/\\\/cheliastore.dz\\\/product\\\/rac-mal-16-1-2-a-visser-glr\\\/#primaryimage\"},\"thumbnailUrl\":\"https:\\\/\\\/cheliastore.dz\\\/wp-content\\\/uploads\\\/2024\\\/02\\\/r.jpg\",\"datePublished\":\"2024-02-22T07:30:07+00:00\",\"dateModified\":\"2026-01-11T03:23:18+00:00\",\"description\":\"RAC MAL 16 1\\\/2 A VISSER GLR La qualit\u00e9 \u00e0 petit prix. Ces produits sont tr\u00e8s utilis\u00e9s dans le monde du pro.\",\"breadcrumb\":{\"@id\":\"https:\\\/\\\/cheliastore.dz\\\/product\\\/rac-mal-16-1-2-a-visser-glr\\\/#breadcrumb\"},\"inLanguage\":\"ar\",\"potentialAction\":[{\"@type\":\"ReadAction\",\"target\":[\"https:\\\/\\\/cheliastore.dz\\\/product\\\/rac-mal-16-1-2-a-visser-glr\\\/\"]}]},{\"@type\":\"ImageObject\",\"inLanguage\":\"ar\",\"@id\":\"https:\\\/\\\/cheliastore.dz\\\/product\\\/rac-mal-16-1-2-a-visser-glr\\\/#primaryimage\",\"url\":\"https:\\\/\\\/cheliastore.dz\\\/wp-content\\\/uploads\\\/2024\\\/02\\\/r.jpg\",\"contentUrl\":\"https:\\\/\\\/cheliastore.dz\\\/wp-content\\\/uploads\\\/2024\\\/02\\\/r.jpg\",\"width\":272,\"height\":186,\"caption\":\"RAC MAL 16 3\\\/4 A VISSER CLS\"},{\"@type\":\"BreadcrumbList\",\"@id\":\"https:\\\/\\\/cheliastore.dz\\\/product\\\/rac-mal-16-1-2-a-visser-glr\\\/#breadcrumb\",\"itemListElement\":[{\"@type\":\"ListItem\",\"position\":1,\"name\":\"\u0627\u0644\u0631\u0626\u064a\u0633\u064a\u0629\",\"item\":\"https:\\\/\\\/cheliastore.dz\\\/ar\\\/\"},{\"@type\":\"ListItem\",\"position\":2,\"name\":\"Boutique\",\"item\":\"https:\\\/\\\/cheliastore.dz\\\/ar\\\/shop\\\/\"},{\"@type\":\"ListItem\",\"position\":3,\"name\":\"RAC MAL 16 1\\\/2 A VISSER GLR\"}]},{\"@type\":\"WebSite\",\"@id\":\"https:\\\/\\\/cheliastore.dz\\\/#website\",\"url\":\"https:\\\/\\\/cheliastore.dz\\\/\",\"name\":\"CHELIA STORE\",\"description\":\"CHELIA STORE\",\"publisher\":{\"@id\":\"https:\\\/\\\/cheliastore.dz\\\/#organization\"},\"potentialAction\":[{\"@type\":\"SearchAction\",\"target\":{\"@type\":\"EntryPoint\",\"urlTemplate\":\"https:\\\/\\\/cheliastore.dz\\\/?s={search_term_string}\"},\"query-input\":{\"@type\":\"PropertyValueSpecification\",\"valueRequired\":true,\"valueName\":\"search_term_string\"}}],\"inLanguage\":\"ar\"},{\"@type\":\"Organization\",\"@id\":\"https:\\\/\\\/cheliastore.dz\\\/#organization\",\"name\":\"Chelia Store\",\"url\":\"https:\\\/\\\/cheliastore.dz\\\/\",\"logo\":{\"@type\":\"ImageObject\",\"inLanguage\":\"ar\",\"@id\":\"https:\\\/\\\/cheliastore.dz\\\/#\\\/schema\\\/logo\\\/image\\\/\",\"url\":\"https:\\\/\\\/cheliastore.dz\\\/wp-content\\\/uploads\\\/2022\\\/01\\\/logo-final-250.png\",\"contentUrl\":\"https:\\\/\\\/cheliastore.dz\\\/wp-content\\\/uploads\\\/2022\\\/01\\\/logo-final-250.png\",\"width\":250,\"height\":78,\"caption\":\"Chelia Store\"},\"image\":{\"@id\":\"https:\\\/\\\/cheliastore.dz\\\/#\\\/schema\\\/logo\\\/image\\\/\"},\"sameAs\":[\"https:\\\/\\\/web.facebook.com\\\/cheliastore\",\"https:\\\/\\\/www.instagram.com\\\/quincaillerie.chelia\\\/\"]}]}<\/script>\n<!-- \/ Yoast SEO Premium plugin. -->","yoast_head_json":{"title":"RAC MAL 16 1\/2 A VISSER GLR - CHELIA STORE","description":"RAC MAL 16 1\/2 A VISSER GLR La qualit\u00e9 \u00e0 petit prix. Ces produits sont tr\u00e8s utilis\u00e9s dans le monde du pro.","robots":{"index":"index","follow":"follow","max-snippet":"max-snippet:-1","max-image-preview":"max-image-preview:large","max-video-preview":"max-video-preview:-1"},"canonical":"https:\/\/cheliastore.dz\/product\/rac-mal-16-1-2-a-visser-glr\/","og_locale":"ar_AR","og_type":"article","og_title":"RAC MAL 16 1\/2 A VISSER GLR","og_description":"RAC MAL 16 1\/2 A VISSER GLR La qualit\u00e9 \u00e0 petit prix. Ces produits sont tr\u00e8s utilis\u00e9s dans le monde du pro.","og_url":"https:\/\/cheliastore.dz\/product\/rac-mal-16-1-2-a-visser-glr\/","og_site_name":"CHELIA STORE","article_publisher":"https:\/\/web.facebook.com\/cheliastore","article_modified_time":"2026-01-11T03:23:18+00:00","og_image":[{"width":272,"height":186,"url":"https:\/\/cheliastore.dz\/wp-content\/uploads\/2024\/02\/r.jpg","type":"image\/jpeg"}],"twitter_card":"summary_large_image","twitter_misc":{"\u0648\u0642\u062a \u0627\u0644\u0642\u0631\u0627\u0621\u0629 \u0627\u0644\u0645\u064f\u0642\u062f\u0651\u0631":"1 \u062f\u0642\u064a\u0642\u0629"},"schema":{"@context":"https:\/\/schema.org","@graph":[{"@type":"WebPage","@id":"https:\/\/cheliastore.dz\/product\/rac-mal-16-1-2-a-visser-glr\/","url":"https:\/\/cheliastore.dz\/product\/rac-mal-16-1-2-a-visser-glr\/","name":"RAC MAL 16 1\/2 A VISSER GLR - CHELIA STORE","isPartOf":{"@id":"https:\/\/cheliastore.dz\/#website"},"primaryImageOfPage":{"@id":"https:\/\/cheliastore.dz\/product\/rac-mal-16-1-2-a-visser-glr\/#primaryimage"},"image":{"@id":"https:\/\/cheliastore.dz\/product\/rac-mal-16-1-2-a-visser-glr\/#primaryimage"},"thumbnailUrl":"https:\/\/cheliastore.dz\/wp-content\/uploads\/2024\/02\/r.jpg","datePublished":"2024-02-22T07:30:07+00:00","dateModified":"2026-01-11T03:23:18+00:00","description":"RAC MAL 16 1\/2 A VISSER GLR La qualit\u00e9 \u00e0 petit prix. Ces produits sont tr\u00e8s utilis\u00e9s dans le monde du pro.","breadcrumb":{"@id":"https:\/\/cheliastore.dz\/product\/rac-mal-16-1-2-a-visser-glr\/#breadcrumb"},"inLanguage":"ar","potentialAction":[{"@type":"ReadAction","target":["https:\/\/cheliastore.dz\/product\/rac-mal-16-1-2-a-visser-glr\/"]}]},{"@type":"ImageObject","inLanguage":"ar","@id":"https:\/\/cheliastore.dz\/product\/rac-mal-16-1-2-a-visser-glr\/#primaryimage","url":"https:\/\/cheliastore.dz\/wp-content\/uploads\/2024\/02\/r.jpg","contentUrl":"https:\/\/cheliastore.dz\/wp-content\/uploads\/2024\/02\/r.jpg","width":272,"height":186,"caption":"RAC MAL 16 3\/4 A VISSER CLS"},{"@type":"BreadcrumbList","@id":"https:\/\/cheliastore.dz\/product\/rac-mal-16-1-2-a-visser-glr\/#breadcrumb","itemListElement":[{"@type":"ListItem","position":1,"name":"\u0627\u0644\u0631\u0626\u064a\u0633\u064a\u0629","item":"https:\/\/cheliastore.dz\/ar\/"},{"@type":"ListItem","position":2,"name":"Boutique","item":"https:\/\/cheliastore.dz\/ar\/shop\/"},{"@type":"ListItem","position":3,"name":"RAC MAL 16 1\/2 A VISSER GLR"}]},{"@type":"WebSite","@id":"https:\/\/cheliastore.dz\/#website","url":"https:\/\/cheliastore.dz\/","name":"CHELIA STORE","description":"CHELIA STORE","publisher":{"@id":"https:\/\/cheliastore.dz\/#organization"},"potentialAction":[{"@type":"SearchAction","target":{"@type":"EntryPoint","urlTemplate":"https:\/\/cheliastore.dz\/?s={search_term_string}"},"query-input":{"@type":"PropertyValueSpecification","valueRequired":true,"valueName":"search_term_string"}}],"inLanguage":"ar"},{"@type":"Organization","@id":"https:\/\/cheliastore.dz\/#organization","name":"Chelia Store","url":"https:\/\/cheliastore.dz\/","logo":{"@type":"ImageObject","inLanguage":"ar","@id":"https:\/\/cheliastore.dz\/#\/schema\/logo\/image\/","url":"https:\/\/cheliastore.dz\/wp-content\/uploads\/2022\/01\/logo-final-250.png","contentUrl":"https:\/\/cheliastore.dz\/wp-content\/uploads\/2022\/01\/logo-final-250.png","width":250,"height":78,"caption":"Chelia Store"},"image":{"@id":"https:\/\/cheliastore.dz\/#\/schema\/logo\/image\/"},"sameAs":["https:\/\/web.facebook.com\/cheliastore","https:\/\/www.instagram.com\/quincaillerie.chelia\/"]}]}},"_links":{"self":[{"href":"https:\/\/cheliastore.dz\/ar\/wp-json\/wp\/v2\/product\/28255","targetHints":{"allow":["GET"]}}],"collection":[{"href":"https:\/\/cheliastore.dz\/ar\/wp-json\/wp\/v2\/product"}],"about":[{"href":"https:\/\/cheliastore.dz\/ar\/wp-json\/wp\/v2\/types\/product"}],"replies":[{"embeddable":true,"href":"https:\/\/cheliastore.dz\/ar\/wp-json\/wp\/v2\/comments?post=28255"}],"version-history":[{"count":1,"href":"https:\/\/cheliastore.dz\/ar\/wp-json\/wp\/v2\/product\/28255\/revisions"}],"predecessor-version":[{"id":58387,"href":"https:\/\/cheliastore.dz\/ar\/wp-json\/wp\/v2\/product\/28255\/revisions\/58387"}],"wp:featuredmedia":[{"embeddable":true,"href":"https:\/\/cheliastore.dz\/ar\/wp-json\/wp\/v2\/media\/28259"}],"wp:attachment":[{"href":"https:\/\/cheliastore.dz\/ar\/wp-json\/wp\/v2\/media?parent=28255"}],"wp:term":[{"taxonomy":"product_brand","embeddable":true,"href":"https:\/\/cheliastore.dz\/ar\/wp-json\/wp\/v2\/product_brand?post=28255"},{"taxonomy":"product_cat","embeddable":true,"href":"https:\/\/cheliastore.dz\/ar\/wp-json\/wp\/v2\/product_cat?post=28255"},{"taxonomy":"product_tag","embeddable":true,"href":"https:\/\/cheliastore.dz\/ar\/wp-json\/wp\/v2\/product_tag?post=28255"}],"curies":[{"name":"wp","href":"https:\/\/api.w.org\/{rel}","templated":true}]}}