{"id":28186,"date":"2024-02-21T14:57:33","date_gmt":"2024-02-21T14:57:33","guid":{"rendered":"https:\/\/cheliastore.dz\/?post_type=product&#038;p=28186"},"modified":"2026-01-11T03:24:41","modified_gmt":"2026-01-11T03:24:41","slug":"multicouche-chauffage-au-sol-rouge-16-unidelta","status":"publish","type":"product","link":"https:\/\/cheliastore.dz\/ar\/product\/multicouche-chauffage-au-sol-rouge-16-unidelta\/","title":{"rendered":"MULTICOUCHE CHAUFFAGE AU SOL ROUGE 16 UNIDELTA"},"content":{"rendered":"<h1>MULTICOUCHE CHAUFFAGE AU SOL ROUGE 16 UNIDELTA<\/h1>\n<p>MULTICOUCHE CHAUFFAGE AU SOL ROUGE 16 UNIDELTA<\/p>\n<p>notre tube multicouche nu 16mm vous apportera enti\u00e8re satisfaction dans vos installations de plomberie : syst\u00e8me de chauffage radiant par le sol, installation de distribution en plomberie et chauffage\u2026 Il pourra \u00eatre utilis\u00e9 en construction comme en r\u00e9novation. Lus de produit veuillez visiter notre site web <a href=\"http:\/\/www.cheliastore.dz\/\">chelia<\/a><\/p>\n<p>plus de produit tiemme veuillez visiter le site web <a href=\"https:\/\/m.tiemme.com\/fra\/index.phphttps:\/\/m.tiemme.com\/fra\/index.php\">tiemme\u00a0<\/a><\/p>\n<p><a href=\"http:\/\/www.cheliastore.com\/\">www.cheliastore.com<\/a><\/p>\n","protected":false},"excerpt":{"rendered":"<p>MULTICOUCHE CHAUFFAGE AU SOL ROUGE 16 UNIDELTA MULTICOUCHE CHAUFFAGE AU SOL ROUGE 16 UNIDELTA notre tube multicouche nu 16mm vous<\/p>\n","protected":false},"featured_media":28205,"comment_status":"open","ping_status":"open","template":"","meta":{"_editorskit_title_hidden":false,"_editorskit_reading_time":0,"_editorskit_is_block_options_detached":false,"_editorskit_block_options_position":"{}"},"product_brand":[],"product_cat":[97,109,979],"product_tag":[],"class_list":{"0":"post-28186","1":"product","2":"type-product","3":"status-publish","4":"has-post-thumbnail","6":"product_cat-plomberie","7":"product_cat-raccordement-multicouche","8":"product_cat-multicouche","10":"first","11":"outofstock","12":"shipping-taxable","13":"purchasable","14":"product-type-simple"},"yoast_head":"<!-- This site is optimized with the Yoast SEO Premium plugin v25.4 (Yoast SEO v27.6) - https:\/\/yoast.com\/product\/yoast-seo-premium-wordpress\/ -->\n<title>MULTICOUCHE CHAUFFAGE AU SOL ROUGE 16 UNIDELTA - CHELIA STORE<\/title>\n<meta name=\"description\" content=\"MULTICOUCHE CHAUFFAGE AU SOL ROUGE 16 UNIDELTA\" \/>\n<meta name=\"robots\" content=\"index, follow, max-snippet:-1, max-image-preview:large, max-video-preview:-1\" \/>\n<link rel=\"canonical\" href=\"https:\/\/cheliastore.dz\/product\/multicouche-chauffage-au-sol-rouge-16-unidelta\/\" \/>\n<meta property=\"og:locale\" content=\"ar_AR\" \/>\n<meta property=\"og:type\" content=\"article\" \/>\n<meta property=\"og:title\" content=\"MULTICOUCHE CHAUFFAGE AU SOL ROUGE 16 UNIDELTA\" \/>\n<meta property=\"og:description\" content=\"MULTICOUCHE CHAUFFAGE AU SOL ROUGE 16 UNIDELTA\" \/>\n<meta property=\"og:url\" content=\"https:\/\/cheliastore.dz\/product\/multicouche-chauffage-au-sol-rouge-16-unidelta\/\" \/>\n<meta property=\"og:site_name\" content=\"CHELIA STORE\" \/>\n<meta property=\"article:publisher\" content=\"https:\/\/web.facebook.com\/cheliastore\" \/>\n<meta property=\"article:modified_time\" content=\"2026-01-11T03:24:41+00:00\" \/>\n<meta property=\"og:image\" content=\"https:\/\/cheliastore.dz\/wp-content\/uploads\/2024\/02\/rrr.jpg\" \/>\n\t<meta property=\"og:image:width\" content=\"229\" \/>\n\t<meta property=\"og:image:height\" content=\"148\" \/>\n\t<meta property=\"og:image:type\" content=\"image\/jpeg\" \/>\n<meta name=\"twitter:card\" content=\"summary_large_image\" \/>\n<script type=\"application\/ld+json\" class=\"yoast-schema-graph\">{\"@context\":\"https:\\\/\\\/schema.org\",\"@graph\":[{\"@type\":\"WebPage\",\"@id\":\"https:\\\/\\\/cheliastore.dz\\\/product\\\/multicouche-chauffage-au-sol-rouge-16-unidelta\\\/\",\"url\":\"https:\\\/\\\/cheliastore.dz\\\/product\\\/multicouche-chauffage-au-sol-rouge-16-unidelta\\\/\",\"name\":\"MULTICOUCHE CHAUFFAGE AU SOL ROUGE 16 UNIDELTA - CHELIA STORE\",\"isPartOf\":{\"@id\":\"https:\\\/\\\/cheliastore.dz\\\/#website\"},\"primaryImageOfPage\":{\"@id\":\"https:\\\/\\\/cheliastore.dz\\\/product\\\/multicouche-chauffage-au-sol-rouge-16-unidelta\\\/#primaryimage\"},\"image\":{\"@id\":\"https:\\\/\\\/cheliastore.dz\\\/product\\\/multicouche-chauffage-au-sol-rouge-16-unidelta\\\/#primaryimage\"},\"thumbnailUrl\":\"https:\\\/\\\/cheliastore.dz\\\/wp-content\\\/uploads\\\/2024\\\/02\\\/rrr.jpg\",\"datePublished\":\"2024-02-21T14:57:33+00:00\",\"dateModified\":\"2026-01-11T03:24:41+00:00\",\"description\":\"MULTICOUCHE CHAUFFAGE AU SOL ROUGE 16 UNIDELTA\",\"breadcrumb\":{\"@id\":\"https:\\\/\\\/cheliastore.dz\\\/product\\\/multicouche-chauffage-au-sol-rouge-16-unidelta\\\/#breadcrumb\"},\"inLanguage\":\"ar\",\"potentialAction\":[{\"@type\":\"ReadAction\",\"target\":[\"https:\\\/\\\/cheliastore.dz\\\/product\\\/multicouche-chauffage-au-sol-rouge-16-unidelta\\\/\"]}]},{\"@type\":\"ImageObject\",\"inLanguage\":\"ar\",\"@id\":\"https:\\\/\\\/cheliastore.dz\\\/product\\\/multicouche-chauffage-au-sol-rouge-16-unidelta\\\/#primaryimage\",\"url\":\"https:\\\/\\\/cheliastore.dz\\\/wp-content\\\/uploads\\\/2024\\\/02\\\/rrr.jpg\",\"contentUrl\":\"https:\\\/\\\/cheliastore.dz\\\/wp-content\\\/uploads\\\/2024\\\/02\\\/rrr.jpg\",\"width\":229,\"height\":148},{\"@type\":\"BreadcrumbList\",\"@id\":\"https:\\\/\\\/cheliastore.dz\\\/product\\\/multicouche-chauffage-au-sol-rouge-16-unidelta\\\/#breadcrumb\",\"itemListElement\":[{\"@type\":\"ListItem\",\"position\":1,\"name\":\"\u0627\u0644\u0631\u0626\u064a\u0633\u064a\u0629\",\"item\":\"https:\\\/\\\/cheliastore.dz\\\/ar\\\/\"},{\"@type\":\"ListItem\",\"position\":2,\"name\":\"Boutique\",\"item\":\"https:\\\/\\\/cheliastore.dz\\\/ar\\\/shop\\\/\"},{\"@type\":\"ListItem\",\"position\":3,\"name\":\"MULTICOUCHE CHAUFFAGE AU SOL ROUGE 16 UNIDELTA\"}]},{\"@type\":\"WebSite\",\"@id\":\"https:\\\/\\\/cheliastore.dz\\\/#website\",\"url\":\"https:\\\/\\\/cheliastore.dz\\\/\",\"name\":\"CHELIA STORE\",\"description\":\"CHELIA STORE\",\"publisher\":{\"@id\":\"https:\\\/\\\/cheliastore.dz\\\/#organization\"},\"potentialAction\":[{\"@type\":\"SearchAction\",\"target\":{\"@type\":\"EntryPoint\",\"urlTemplate\":\"https:\\\/\\\/cheliastore.dz\\\/?s={search_term_string}\"},\"query-input\":{\"@type\":\"PropertyValueSpecification\",\"valueRequired\":true,\"valueName\":\"search_term_string\"}}],\"inLanguage\":\"ar\"},{\"@type\":\"Organization\",\"@id\":\"https:\\\/\\\/cheliastore.dz\\\/#organization\",\"name\":\"Chelia Store\",\"url\":\"https:\\\/\\\/cheliastore.dz\\\/\",\"logo\":{\"@type\":\"ImageObject\",\"inLanguage\":\"ar\",\"@id\":\"https:\\\/\\\/cheliastore.dz\\\/#\\\/schema\\\/logo\\\/image\\\/\",\"url\":\"https:\\\/\\\/cheliastore.dz\\\/wp-content\\\/uploads\\\/2022\\\/01\\\/logo-final-250.png\",\"contentUrl\":\"https:\\\/\\\/cheliastore.dz\\\/wp-content\\\/uploads\\\/2022\\\/01\\\/logo-final-250.png\",\"width\":250,\"height\":78,\"caption\":\"Chelia Store\"},\"image\":{\"@id\":\"https:\\\/\\\/cheliastore.dz\\\/#\\\/schema\\\/logo\\\/image\\\/\"},\"sameAs\":[\"https:\\\/\\\/web.facebook.com\\\/cheliastore\",\"https:\\\/\\\/www.instagram.com\\\/quincaillerie.chelia\\\/\"]}]}<\/script>\n<!-- \/ Yoast SEO Premium plugin. -->","yoast_head_json":{"title":"MULTICOUCHE CHAUFFAGE AU SOL ROUGE 16 UNIDELTA - CHELIA STORE","description":"MULTICOUCHE CHAUFFAGE AU SOL ROUGE 16 UNIDELTA","robots":{"index":"index","follow":"follow","max-snippet":"max-snippet:-1","max-image-preview":"max-image-preview:large","max-video-preview":"max-video-preview:-1"},"canonical":"https:\/\/cheliastore.dz\/product\/multicouche-chauffage-au-sol-rouge-16-unidelta\/","og_locale":"ar_AR","og_type":"article","og_title":"MULTICOUCHE CHAUFFAGE AU SOL ROUGE 16 UNIDELTA","og_description":"MULTICOUCHE CHAUFFAGE AU SOL ROUGE 16 UNIDELTA","og_url":"https:\/\/cheliastore.dz\/product\/multicouche-chauffage-au-sol-rouge-16-unidelta\/","og_site_name":"CHELIA STORE","article_publisher":"https:\/\/web.facebook.com\/cheliastore","article_modified_time":"2026-01-11T03:24:41+00:00","og_image":[{"width":229,"height":148,"url":"https:\/\/cheliastore.dz\/wp-content\/uploads\/2024\/02\/rrr.jpg","type":"image\/jpeg"}],"twitter_card":"summary_large_image","schema":{"@context":"https:\/\/schema.org","@graph":[{"@type":"WebPage","@id":"https:\/\/cheliastore.dz\/product\/multicouche-chauffage-au-sol-rouge-16-unidelta\/","url":"https:\/\/cheliastore.dz\/product\/multicouche-chauffage-au-sol-rouge-16-unidelta\/","name":"MULTICOUCHE CHAUFFAGE AU SOL ROUGE 16 UNIDELTA - CHELIA STORE","isPartOf":{"@id":"https:\/\/cheliastore.dz\/#website"},"primaryImageOfPage":{"@id":"https:\/\/cheliastore.dz\/product\/multicouche-chauffage-au-sol-rouge-16-unidelta\/#primaryimage"},"image":{"@id":"https:\/\/cheliastore.dz\/product\/multicouche-chauffage-au-sol-rouge-16-unidelta\/#primaryimage"},"thumbnailUrl":"https:\/\/cheliastore.dz\/wp-content\/uploads\/2024\/02\/rrr.jpg","datePublished":"2024-02-21T14:57:33+00:00","dateModified":"2026-01-11T03:24:41+00:00","description":"MULTICOUCHE CHAUFFAGE AU SOL ROUGE 16 UNIDELTA","breadcrumb":{"@id":"https:\/\/cheliastore.dz\/product\/multicouche-chauffage-au-sol-rouge-16-unidelta\/#breadcrumb"},"inLanguage":"ar","potentialAction":[{"@type":"ReadAction","target":["https:\/\/cheliastore.dz\/product\/multicouche-chauffage-au-sol-rouge-16-unidelta\/"]}]},{"@type":"ImageObject","inLanguage":"ar","@id":"https:\/\/cheliastore.dz\/product\/multicouche-chauffage-au-sol-rouge-16-unidelta\/#primaryimage","url":"https:\/\/cheliastore.dz\/wp-content\/uploads\/2024\/02\/rrr.jpg","contentUrl":"https:\/\/cheliastore.dz\/wp-content\/uploads\/2024\/02\/rrr.jpg","width":229,"height":148},{"@type":"BreadcrumbList","@id":"https:\/\/cheliastore.dz\/product\/multicouche-chauffage-au-sol-rouge-16-unidelta\/#breadcrumb","itemListElement":[{"@type":"ListItem","position":1,"name":"\u0627\u0644\u0631\u0626\u064a\u0633\u064a\u0629","item":"https:\/\/cheliastore.dz\/ar\/"},{"@type":"ListItem","position":2,"name":"Boutique","item":"https:\/\/cheliastore.dz\/ar\/shop\/"},{"@type":"ListItem","position":3,"name":"MULTICOUCHE CHAUFFAGE AU SOL ROUGE 16 UNIDELTA"}]},{"@type":"WebSite","@id":"https:\/\/cheliastore.dz\/#website","url":"https:\/\/cheliastore.dz\/","name":"CHELIA STORE","description":"CHELIA STORE","publisher":{"@id":"https:\/\/cheliastore.dz\/#organization"},"potentialAction":[{"@type":"SearchAction","target":{"@type":"EntryPoint","urlTemplate":"https:\/\/cheliastore.dz\/?s={search_term_string}"},"query-input":{"@type":"PropertyValueSpecification","valueRequired":true,"valueName":"search_term_string"}}],"inLanguage":"ar"},{"@type":"Organization","@id":"https:\/\/cheliastore.dz\/#organization","name":"Chelia Store","url":"https:\/\/cheliastore.dz\/","logo":{"@type":"ImageObject","inLanguage":"ar","@id":"https:\/\/cheliastore.dz\/#\/schema\/logo\/image\/","url":"https:\/\/cheliastore.dz\/wp-content\/uploads\/2022\/01\/logo-final-250.png","contentUrl":"https:\/\/cheliastore.dz\/wp-content\/uploads\/2022\/01\/logo-final-250.png","width":250,"height":78,"caption":"Chelia Store"},"image":{"@id":"https:\/\/cheliastore.dz\/#\/schema\/logo\/image\/"},"sameAs":["https:\/\/web.facebook.com\/cheliastore","https:\/\/www.instagram.com\/quincaillerie.chelia\/"]}]}},"_links":{"self":[{"href":"https:\/\/cheliastore.dz\/ar\/wp-json\/wp\/v2\/product\/28186","targetHints":{"allow":["GET"]}}],"collection":[{"href":"https:\/\/cheliastore.dz\/ar\/wp-json\/wp\/v2\/product"}],"about":[{"href":"https:\/\/cheliastore.dz\/ar\/wp-json\/wp\/v2\/types\/product"}],"replies":[{"embeddable":true,"href":"https:\/\/cheliastore.dz\/ar\/wp-json\/wp\/v2\/comments?post=28186"}],"version-history":[{"count":1,"href":"https:\/\/cheliastore.dz\/ar\/wp-json\/wp\/v2\/product\/28186\/revisions"}],"predecessor-version":[{"id":58498,"href":"https:\/\/cheliastore.dz\/ar\/wp-json\/wp\/v2\/product\/28186\/revisions\/58498"}],"wp:featuredmedia":[{"embeddable":true,"href":"https:\/\/cheliastore.dz\/ar\/wp-json\/wp\/v2\/media\/28205"}],"wp:attachment":[{"href":"https:\/\/cheliastore.dz\/ar\/wp-json\/wp\/v2\/media?parent=28186"}],"wp:term":[{"taxonomy":"product_brand","embeddable":true,"href":"https:\/\/cheliastore.dz\/ar\/wp-json\/wp\/v2\/product_brand?post=28186"},{"taxonomy":"product_cat","embeddable":true,"href":"https:\/\/cheliastore.dz\/ar\/wp-json\/wp\/v2\/product_cat?post=28186"},{"taxonomy":"product_tag","embeddable":true,"href":"https:\/\/cheliastore.dz\/ar\/wp-json\/wp\/v2\/product_tag?post=28186"}],"curies":[{"name":"wp","href":"https:\/\/api.w.org\/{rel}","templated":true}]}}