{"id":27973,"date":"2024-02-21T09:43:02","date_gmt":"2024-02-21T09:43:02","guid":{"rendered":"https:\/\/cheliastore.dz\/?post_type=product&#038;p=27973"},"modified":"2026-01-11T03:25:40","modified_gmt":"2026-01-11T03:25:40","slug":"coude-ecrou-libre-16-1-2-visser-xtr","status":"publish","type":"product","link":"https:\/\/cheliastore.dz\/ar\/product\/coude-ecrou-libre-16-1-2-visser-xtr\/","title":{"rendered":"COUDE ECROU LIBRE 16 1\/2 VISSER XTR"},"content":{"rendered":"<h1>COUDE ECROU LIBRE 16 1\/2 VISSER XTR<\/h1>\n<p>COUDE ECROU LIBRE 16 1\/2 VISSER XTR<\/p>\n<p>Multicouche <span role=\"gridcell\"><a class=\"x1i10hfl xjbqb8w x1ejq31n xd10rxx x1sy0etr x17r0tee x972fbf xcfux6l x1qhh985 xm0m39n x9f619 x1ypdohk xt0psk2 xe8uvvx xdj266r x11i5rnm xat24cr x1mh8g0r xexx8yu x4uap5 x18d9i69 xkhd6sd x16tdsg8 xggy1nq x1a2a7pz xt0b8zv x1heor9g x1bvjpef\" tabindex=\"-1\" role=\"link\" href=\"http:\/\/16.20.26.32\/?fbclid=IwAR0V3Q_otikLpBMOOtT-qyrlj3EoMbaTbq5p42ePNqc2AF1c6bqtx-zxsDI\" target=\"_blank\" rel=\"nofollow noopener noreferrer\">16.20.26.32<\/a><\/span> jusqu\u2019\u00e0 63 mm pour raccordement eau et installation , facile \u00e0 utilis\u00e9 souple et solide Propos\u00e9 en couronnes de 25m ou de 100m, notre tube multicouche nu 16mm vous apportera enti\u00e8re satisfaction dans vos installations de plomberie : syst\u00e8me de chauffage radiant par le sol, installation de distribution en plomberie et chauffage\u2026 Il pourra \u00eatre utilis\u00e9 en construction comme en r\u00e9novation .lus de produit veuillez visiter notre site web <a href=\"http:\/\/www.cheliastore.dz\/\">chelia<\/a><\/p>\n<p>plus de produit adara veuillez visiter le site web <a href=\"https:\/\/m.tiemme.com\/fra\/index.phphttps:\/\/m.tiemme.com\/fra\/index.php\">tiemme\u00a0<\/a><\/p>\n<p><a href=\"http:\/\/www.cheliastore.com\/\">www.cheliastore.com<\/a><\/p>\n","protected":false},"excerpt":{"rendered":"<p>COUDE ECROU LIBRE 16 1\/2 VISSER XTR COUDE ECROU LIBRE 16 1\/2 VISSER XTR Multicouche 16.20.26.32 jusqu\u2019\u00e0 63 mm pour<\/p>\n","protected":false},"featured_media":30068,"comment_status":"open","ping_status":"open","template":"","meta":{"_editorskit_title_hidden":false,"_editorskit_reading_time":0,"_editorskit_is_block_options_detached":false,"_editorskit_block_options_position":"{}"},"product_brand":[],"product_cat":[97,109,971],"product_tag":[],"class_list":{"0":"post-27973","1":"product","2":"type-product","3":"status-publish","4":"has-post-thumbnail","6":"product_cat-plomberie","7":"product_cat-raccordement-multicouche","8":"product_cat-coude-ecrou","10":"first","11":"outofstock","12":"shipping-taxable","13":"purchasable","14":"product-type-simple"},"yoast_head":"<!-- This site is optimized with the Yoast SEO Premium plugin v25.4 (Yoast SEO v27.6) - https:\/\/yoast.com\/product\/yoast-seo-premium-wordpress\/ -->\n<title>COUDE ECROU LIBRE 16 1\/2 VISSER XTR - CHELIA STORE<\/title>\n<meta name=\"description\" content=\"COUDE ECROU LIBRE 16 1\/2 VISSER XTR Multicouche 16.20.26.32 jusqu\u2019\u00e0 63 mm pour raccordement eau et installation , facile \u00e0 utilis\u00e9 souple et solide Propos\u00e9 en couronnes de 25m ou de 100m\" \/>\n<meta name=\"robots\" content=\"index, follow, max-snippet:-1, max-image-preview:large, max-video-preview:-1\" \/>\n<link rel=\"canonical\" href=\"https:\/\/cheliastore.dz\/product\/coude-ecrou-libre-16-1-2-visser-xtr\/\" \/>\n<meta property=\"og:locale\" content=\"ar_AR\" \/>\n<meta property=\"og:type\" content=\"article\" \/>\n<meta property=\"og:title\" content=\"COUDE ECROU LIBRE 16 1\/2 VISSER XTR\" \/>\n<meta property=\"og:description\" content=\"COUDE ECROU LIBRE 16 1\/2 VISSER XTR Multicouche 16.20.26.32 jusqu\u2019\u00e0 63 mm pour raccordement eau et installation , facile \u00e0 utilis\u00e9 souple et solide Propos\u00e9 en couronnes de 25m ou de 100m\" \/>\n<meta property=\"og:url\" content=\"https:\/\/cheliastore.dz\/product\/coude-ecrou-libre-16-1-2-visser-xtr\/\" \/>\n<meta property=\"og:site_name\" content=\"CHELIA STORE\" \/>\n<meta property=\"article:publisher\" content=\"https:\/\/web.facebook.com\/cheliastore\" \/>\n<meta property=\"article:modified_time\" content=\"2026-01-11T03:25:40+00:00\" \/>\n<meta property=\"og:image\" content=\"https:\/\/cheliastore.dz\/wp-content\/uploads\/2024\/02\/IMG_2650.jpg\" \/>\n\t<meta property=\"og:image:width\" content=\"1000\" \/>\n\t<meta property=\"og:image:height\" content=\"1000\" \/>\n\t<meta property=\"og:image:type\" content=\"image\/jpeg\" \/>\n<meta name=\"twitter:card\" content=\"summary_large_image\" \/>\n<script type=\"application\/ld+json\" class=\"yoast-schema-graph\">{\"@context\":\"https:\\\/\\\/schema.org\",\"@graph\":[{\"@type\":\"WebPage\",\"@id\":\"https:\\\/\\\/cheliastore.dz\\\/product\\\/coude-ecrou-libre-16-1-2-visser-xtr\\\/\",\"url\":\"https:\\\/\\\/cheliastore.dz\\\/product\\\/coude-ecrou-libre-16-1-2-visser-xtr\\\/\",\"name\":\"COUDE ECROU LIBRE 16 1\\\/2 VISSER XTR - CHELIA STORE\",\"isPartOf\":{\"@id\":\"https:\\\/\\\/cheliastore.dz\\\/#website\"},\"primaryImageOfPage\":{\"@id\":\"https:\\\/\\\/cheliastore.dz\\\/product\\\/coude-ecrou-libre-16-1-2-visser-xtr\\\/#primaryimage\"},\"image\":{\"@id\":\"https:\\\/\\\/cheliastore.dz\\\/product\\\/coude-ecrou-libre-16-1-2-visser-xtr\\\/#primaryimage\"},\"thumbnailUrl\":\"https:\\\/\\\/cheliastore.dz\\\/wp-content\\\/uploads\\\/2024\\\/02\\\/IMG_2650.jpg\",\"datePublished\":\"2024-02-21T09:43:02+00:00\",\"dateModified\":\"2026-01-11T03:25:40+00:00\",\"description\":\"COUDE ECROU LIBRE 16 1\\\/2 VISSER XTR Multicouche 16.20.26.32 jusqu\u2019\u00e0 63 mm pour raccordement eau et installation , facile \u00e0 utilis\u00e9 souple et solide Propos\u00e9 en couronnes de 25m ou de 100m\",\"breadcrumb\":{\"@id\":\"https:\\\/\\\/cheliastore.dz\\\/product\\\/coude-ecrou-libre-16-1-2-visser-xtr\\\/#breadcrumb\"},\"inLanguage\":\"ar\",\"potentialAction\":[{\"@type\":\"ReadAction\",\"target\":[\"https:\\\/\\\/cheliastore.dz\\\/product\\\/coude-ecrou-libre-16-1-2-visser-xtr\\\/\"]}]},{\"@type\":\"ImageObject\",\"inLanguage\":\"ar\",\"@id\":\"https:\\\/\\\/cheliastore.dz\\\/product\\\/coude-ecrou-libre-16-1-2-visser-xtr\\\/#primaryimage\",\"url\":\"https:\\\/\\\/cheliastore.dz\\\/wp-content\\\/uploads\\\/2024\\\/02\\\/IMG_2650.jpg\",\"contentUrl\":\"https:\\\/\\\/cheliastore.dz\\\/wp-content\\\/uploads\\\/2024\\\/02\\\/IMG_2650.jpg\",\"width\":1000,\"height\":1000,\"caption\":\"COUDE ECROU LIBRE 20 3\\\/4 VISSER MB\"},{\"@type\":\"BreadcrumbList\",\"@id\":\"https:\\\/\\\/cheliastore.dz\\\/product\\\/coude-ecrou-libre-16-1-2-visser-xtr\\\/#breadcrumb\",\"itemListElement\":[{\"@type\":\"ListItem\",\"position\":1,\"name\":\"\u0627\u0644\u0631\u0626\u064a\u0633\u064a\u0629\",\"item\":\"https:\\\/\\\/cheliastore.dz\\\/ar\\\/\"},{\"@type\":\"ListItem\",\"position\":2,\"name\":\"Boutique\",\"item\":\"https:\\\/\\\/cheliastore.dz\\\/ar\\\/shop\\\/\"},{\"@type\":\"ListItem\",\"position\":3,\"name\":\"COUDE ECROU LIBRE 16 1\\\/2 VISSER XTR\"}]},{\"@type\":\"WebSite\",\"@id\":\"https:\\\/\\\/cheliastore.dz\\\/#website\",\"url\":\"https:\\\/\\\/cheliastore.dz\\\/\",\"name\":\"CHELIA STORE\",\"description\":\"CHELIA STORE\",\"publisher\":{\"@id\":\"https:\\\/\\\/cheliastore.dz\\\/#organization\"},\"potentialAction\":[{\"@type\":\"SearchAction\",\"target\":{\"@type\":\"EntryPoint\",\"urlTemplate\":\"https:\\\/\\\/cheliastore.dz\\\/?s={search_term_string}\"},\"query-input\":{\"@type\":\"PropertyValueSpecification\",\"valueRequired\":true,\"valueName\":\"search_term_string\"}}],\"inLanguage\":\"ar\"},{\"@type\":\"Organization\",\"@id\":\"https:\\\/\\\/cheliastore.dz\\\/#organization\",\"name\":\"Chelia Store\",\"url\":\"https:\\\/\\\/cheliastore.dz\\\/\",\"logo\":{\"@type\":\"ImageObject\",\"inLanguage\":\"ar\",\"@id\":\"https:\\\/\\\/cheliastore.dz\\\/#\\\/schema\\\/logo\\\/image\\\/\",\"url\":\"https:\\\/\\\/cheliastore.dz\\\/wp-content\\\/uploads\\\/2022\\\/01\\\/logo-final-250.png\",\"contentUrl\":\"https:\\\/\\\/cheliastore.dz\\\/wp-content\\\/uploads\\\/2022\\\/01\\\/logo-final-250.png\",\"width\":250,\"height\":78,\"caption\":\"Chelia Store\"},\"image\":{\"@id\":\"https:\\\/\\\/cheliastore.dz\\\/#\\\/schema\\\/logo\\\/image\\\/\"},\"sameAs\":[\"https:\\\/\\\/web.facebook.com\\\/cheliastore\",\"https:\\\/\\\/www.instagram.com\\\/quincaillerie.chelia\\\/\"]}]}<\/script>\n<!-- \/ Yoast SEO Premium plugin. -->","yoast_head_json":{"title":"COUDE ECROU LIBRE 16 1\/2 VISSER XTR - CHELIA STORE","description":"COUDE ECROU LIBRE 16 1\/2 VISSER XTR Multicouche 16.20.26.32 jusqu\u2019\u00e0 63 mm pour raccordement eau et installation , facile \u00e0 utilis\u00e9 souple et solide Propos\u00e9 en couronnes de 25m ou de 100m","robots":{"index":"index","follow":"follow","max-snippet":"max-snippet:-1","max-image-preview":"max-image-preview:large","max-video-preview":"max-video-preview:-1"},"canonical":"https:\/\/cheliastore.dz\/product\/coude-ecrou-libre-16-1-2-visser-xtr\/","og_locale":"ar_AR","og_type":"article","og_title":"COUDE ECROU LIBRE 16 1\/2 VISSER XTR","og_description":"COUDE ECROU LIBRE 16 1\/2 VISSER XTR Multicouche 16.20.26.32 jusqu\u2019\u00e0 63 mm pour raccordement eau et installation , facile \u00e0 utilis\u00e9 souple et solide Propos\u00e9 en couronnes de 25m ou de 100m","og_url":"https:\/\/cheliastore.dz\/product\/coude-ecrou-libre-16-1-2-visser-xtr\/","og_site_name":"CHELIA STORE","article_publisher":"https:\/\/web.facebook.com\/cheliastore","article_modified_time":"2026-01-11T03:25:40+00:00","og_image":[{"width":1000,"height":1000,"url":"https:\/\/cheliastore.dz\/wp-content\/uploads\/2024\/02\/IMG_2650.jpg","type":"image\/jpeg"}],"twitter_card":"summary_large_image","schema":{"@context":"https:\/\/schema.org","@graph":[{"@type":"WebPage","@id":"https:\/\/cheliastore.dz\/product\/coude-ecrou-libre-16-1-2-visser-xtr\/","url":"https:\/\/cheliastore.dz\/product\/coude-ecrou-libre-16-1-2-visser-xtr\/","name":"COUDE ECROU LIBRE 16 1\/2 VISSER XTR - CHELIA STORE","isPartOf":{"@id":"https:\/\/cheliastore.dz\/#website"},"primaryImageOfPage":{"@id":"https:\/\/cheliastore.dz\/product\/coude-ecrou-libre-16-1-2-visser-xtr\/#primaryimage"},"image":{"@id":"https:\/\/cheliastore.dz\/product\/coude-ecrou-libre-16-1-2-visser-xtr\/#primaryimage"},"thumbnailUrl":"https:\/\/cheliastore.dz\/wp-content\/uploads\/2024\/02\/IMG_2650.jpg","datePublished":"2024-02-21T09:43:02+00:00","dateModified":"2026-01-11T03:25:40+00:00","description":"COUDE ECROU LIBRE 16 1\/2 VISSER XTR Multicouche 16.20.26.32 jusqu\u2019\u00e0 63 mm pour raccordement eau et installation , facile \u00e0 utilis\u00e9 souple et solide Propos\u00e9 en couronnes de 25m ou de 100m","breadcrumb":{"@id":"https:\/\/cheliastore.dz\/product\/coude-ecrou-libre-16-1-2-visser-xtr\/#breadcrumb"},"inLanguage":"ar","potentialAction":[{"@type":"ReadAction","target":["https:\/\/cheliastore.dz\/product\/coude-ecrou-libre-16-1-2-visser-xtr\/"]}]},{"@type":"ImageObject","inLanguage":"ar","@id":"https:\/\/cheliastore.dz\/product\/coude-ecrou-libre-16-1-2-visser-xtr\/#primaryimage","url":"https:\/\/cheliastore.dz\/wp-content\/uploads\/2024\/02\/IMG_2650.jpg","contentUrl":"https:\/\/cheliastore.dz\/wp-content\/uploads\/2024\/02\/IMG_2650.jpg","width":1000,"height":1000,"caption":"COUDE ECROU LIBRE 20 3\/4 VISSER MB"},{"@type":"BreadcrumbList","@id":"https:\/\/cheliastore.dz\/product\/coude-ecrou-libre-16-1-2-visser-xtr\/#breadcrumb","itemListElement":[{"@type":"ListItem","position":1,"name":"\u0627\u0644\u0631\u0626\u064a\u0633\u064a\u0629","item":"https:\/\/cheliastore.dz\/ar\/"},{"@type":"ListItem","position":2,"name":"Boutique","item":"https:\/\/cheliastore.dz\/ar\/shop\/"},{"@type":"ListItem","position":3,"name":"COUDE ECROU LIBRE 16 1\/2 VISSER XTR"}]},{"@type":"WebSite","@id":"https:\/\/cheliastore.dz\/#website","url":"https:\/\/cheliastore.dz\/","name":"CHELIA STORE","description":"CHELIA STORE","publisher":{"@id":"https:\/\/cheliastore.dz\/#organization"},"potentialAction":[{"@type":"SearchAction","target":{"@type":"EntryPoint","urlTemplate":"https:\/\/cheliastore.dz\/?s={search_term_string}"},"query-input":{"@type":"PropertyValueSpecification","valueRequired":true,"valueName":"search_term_string"}}],"inLanguage":"ar"},{"@type":"Organization","@id":"https:\/\/cheliastore.dz\/#organization","name":"Chelia Store","url":"https:\/\/cheliastore.dz\/","logo":{"@type":"ImageObject","inLanguage":"ar","@id":"https:\/\/cheliastore.dz\/#\/schema\/logo\/image\/","url":"https:\/\/cheliastore.dz\/wp-content\/uploads\/2022\/01\/logo-final-250.png","contentUrl":"https:\/\/cheliastore.dz\/wp-content\/uploads\/2022\/01\/logo-final-250.png","width":250,"height":78,"caption":"Chelia Store"},"image":{"@id":"https:\/\/cheliastore.dz\/#\/schema\/logo\/image\/"},"sameAs":["https:\/\/web.facebook.com\/cheliastore","https:\/\/www.instagram.com\/quincaillerie.chelia\/"]}]}},"_links":{"self":[{"href":"https:\/\/cheliastore.dz\/ar\/wp-json\/wp\/v2\/product\/27973","targetHints":{"allow":["GET"]}}],"collection":[{"href":"https:\/\/cheliastore.dz\/ar\/wp-json\/wp\/v2\/product"}],"about":[{"href":"https:\/\/cheliastore.dz\/ar\/wp-json\/wp\/v2\/types\/product"}],"replies":[{"embeddable":true,"href":"https:\/\/cheliastore.dz\/ar\/wp-json\/wp\/v2\/comments?post=27973"}],"version-history":[{"count":1,"href":"https:\/\/cheliastore.dz\/ar\/wp-json\/wp\/v2\/product\/27973\/revisions"}],"predecessor-version":[{"id":58586,"href":"https:\/\/cheliastore.dz\/ar\/wp-json\/wp\/v2\/product\/27973\/revisions\/58586"}],"wp:featuredmedia":[{"embeddable":true,"href":"https:\/\/cheliastore.dz\/ar\/wp-json\/wp\/v2\/media\/30068"}],"wp:attachment":[{"href":"https:\/\/cheliastore.dz\/ar\/wp-json\/wp\/v2\/media?parent=27973"}],"wp:term":[{"taxonomy":"product_brand","embeddable":true,"href":"https:\/\/cheliastore.dz\/ar\/wp-json\/wp\/v2\/product_brand?post=27973"},{"taxonomy":"product_cat","embeddable":true,"href":"https:\/\/cheliastore.dz\/ar\/wp-json\/wp\/v2\/product_cat?post=27973"},{"taxonomy":"product_tag","embeddable":true,"href":"https:\/\/cheliastore.dz\/ar\/wp-json\/wp\/v2\/product_tag?post=27973"}],"curies":[{"name":"wp","href":"https:\/\/api.w.org\/{rel}","templated":true}]}}