{"id":25403,"date":"2024-02-02T09:48:31","date_gmt":"2024-02-02T09:48:31","guid":{"rendered":"https:\/\/cheliastore.dz\/?post_type=product&#038;p=25403"},"modified":"2026-01-11T03:24:29","modified_gmt":"2026-01-11T03:24:29","slug":"tube-pvc-125-pn16-6ml-ghardia-plast","status":"publish","type":"product","link":"https:\/\/cheliastore.dz\/ar\/product\/tube-pvc-125-pn16-6ml-ghardia-plast\/","title":{"rendered":"tube pvc 125 pn16 6ml   ghardia plast"},"content":{"rendered":"<h1>tube pvc 125 pn16 6ml ghardia plast<\/h1>\n<p>tube pvc 125 pn16 6ml ghardia plast<\/p>\n<p>l&#8217;assinisement et drainage des eaux us\u00e9e tres bonne marque fiable et robuste<\/p>\n<h2><strong>Tube PVC assainissement : pour la r\u00e9alisation de r\u00e9seaux d&#8217;assainissement gravitaires enterr\u00e9s, pour les eaux us\u00e9es et les eaux pluviales, sans pression.\u00a0<\/strong><\/h2>\n<p>Les Tubes PVC CR 8 NF sont utilis\u00e9s pour l&#8217;assainissement, pour les Travaux publiques, les travaux de VRD (voiries et r\u00e9seaux divers), les usages agricoles&#8230; Ils sont par cons\u00e9quent utilisables en ext\u00e9rieur des b\u00e2timents, \u00e0 enterrer \u00e0 partir de 40 cm si passage de v\u00e9hicules, r\u00e9sistance m\u00e9canique SN8 (ex CR8).<\/p>\n<h2 id=\"XUPY2FY\"><strong>Tube PVC assainissement : pour la r\u00e9alisation de r\u00e9seaux enterr\u00e9s.\u00a0<\/strong><\/h2>\n<p>Les Tubes PVC SN4 (ex CR4) sont \u00e0 destination des ma\u00e7ons, TP, terrassiers, particuliers, usage agricole, utilisables en ext\u00e9rieur des b\u00e2timents et assainissement individuel ou collectif \u00e0 enterrer, \u00e0 partir de 80 cm si passage de v\u00e9hicules, r\u00e9sistance m\u00e9canique SN4 (ex CR4).<\/p>\n<p>Ils se posent enterr\u00e9s sur un lit de sable avec un grillage avertisseur marron pour signaler l&#8217;\u00e9coulement des eaux us\u00e9es.<\/p>\n<h2><strong>Tube PVC assainissement \u00e0 joint : pour la r\u00e9alisation de r\u00e9seaux enterr\u00e9s, fosse septique et micro-station.\u00a0<\/strong><\/h2>\n<p>Les Tubes PVC CR 8 \/ SN 8, sont \u00e0 destination des ma\u00e7ons, TP, terrassiers, particuliers, usage agricole, utilisables en ext\u00e9rieur des b\u00e2timents et assainissement individuel ou collectif, \u00e0 enterrer \u00e0 partir de 40 cm si passage de v\u00e9hicules, r\u00e9sistance m\u00e9canique SN8 (ex CR8).<\/p>\n<p>Ils se posent enterr\u00e9s sur un lit de sable avec un grillage avertisseur marron pour signaler l&#8217;\u00e9coulement des eaux us\u00e9es.<\/p>\n<p>Ils se posent enterr\u00e9s sur un lit de sable avec un grillage avertisseur marron : pour l&#8217;\u00e9coulement des eaux us\u00e9es.<\/p>\n<p>vous trouverez tous les produit de pvc dans notre site web <a href=\"http:\/\/www.cheliastore.dz\">chelia\u00a0<\/a><\/p>\n<p>&nbsp;<\/p>\n","protected":false},"excerpt":{"rendered":"<p>tube pvc 125 pn16 6ml ghardia plast tube pvc 125 pn16 6ml ghardia plast l&#8217;assinisement et drainage des eaux us\u00e9e<\/p>\n","protected":false},"featured_media":25404,"comment_status":"open","ping_status":"open","template":"","meta":{"_editorskit_title_hidden":false,"_editorskit_reading_time":0,"_editorskit_is_block_options_detached":false,"_editorskit_block_options_position":"{}"},"product_brand":[],"product_cat":[97],"product_tag":[],"class_list":{"0":"post-25403","1":"product","2":"type-product","3":"status-publish","4":"has-post-thumbnail","6":"product_cat-plomberie","8":"first","9":"instock","10":"shipping-taxable","11":"purchasable","12":"product-type-simple"},"yoast_head":"<!-- This site is optimized with the Yoast SEO Premium plugin v25.4 (Yoast SEO v27.6) - https:\/\/yoast.com\/product\/yoast-seo-premium-wordpress\/ -->\n<title>tube pvc 125 pn16 6ml  ghardia plast - CHELIA STORE<\/title>\n<meta name=\"description\" content=\"tube pvc 125 pn16 6ml ghardia plast sont des tubes distin\u00e9e a\u00a0 l&#039;assinisement et drainage des eaux us\u00e9e tres bonne marque fiable\" \/>\n<meta name=\"robots\" content=\"index, follow, max-snippet:-1, max-image-preview:large, max-video-preview:-1\" \/>\n<link rel=\"canonical\" href=\"https:\/\/cheliastore.dz\/product\/tube-pvc-125-pn16-6ml-ghardia-plast\/\" \/>\n<meta property=\"og:locale\" content=\"ar_AR\" \/>\n<meta property=\"og:type\" content=\"article\" \/>\n<meta property=\"og:title\" content=\"tube pvc 125 pn16 6ml  ghardia plast\" \/>\n<meta property=\"og:description\" content=\"tube pvc 125 pn16 6ml ghardia plast sont des tubes distin\u00e9e a\u00a0 l&#039;assinisement et drainage des eaux us\u00e9e tres bonne marque fiable\" \/>\n<meta property=\"og:url\" content=\"https:\/\/cheliastore.dz\/product\/tube-pvc-125-pn16-6ml-ghardia-plast\/\" \/>\n<meta property=\"og:site_name\" content=\"CHELIA STORE\" \/>\n<meta property=\"article:publisher\" content=\"https:\/\/web.facebook.com\/cheliastore\" \/>\n<meta property=\"article:modified_time\" content=\"2026-01-11T03:24:29+00:00\" \/>\n<meta property=\"og:image\" content=\"https:\/\/cheliastore.dz\/wp-content\/uploads\/2024\/02\/05.jpg\" \/>\n\t<meta property=\"og:image:width\" content=\"225\" \/>\n\t<meta property=\"og:image:height\" content=\"225\" \/>\n\t<meta property=\"og:image:type\" content=\"image\/jpeg\" \/>\n<meta name=\"twitter:card\" content=\"summary_large_image\" \/>\n<meta name=\"twitter:label1\" content=\"\u0648\u0642\u062a \u0627\u0644\u0642\u0631\u0627\u0621\u0629 \u0627\u0644\u0645\u064f\u0642\u062f\u0651\u0631\" \/>\n\t<meta name=\"twitter:data1\" content=\"\u062f\u0642\u064a\u0642\u062a\u0627\u0646\" \/>\n<script type=\"application\/ld+json\" class=\"yoast-schema-graph\">{\"@context\":\"https:\\\/\\\/schema.org\",\"@graph\":[{\"@type\":\"WebPage\",\"@id\":\"https:\\\/\\\/cheliastore.dz\\\/product\\\/tube-pvc-125-pn16-6ml-ghardia-plast\\\/\",\"url\":\"https:\\\/\\\/cheliastore.dz\\\/product\\\/tube-pvc-125-pn16-6ml-ghardia-plast\\\/\",\"name\":\"tube pvc 125 pn16 6ml ghardia plast - CHELIA STORE\",\"isPartOf\":{\"@id\":\"https:\\\/\\\/cheliastore.dz\\\/#website\"},\"primaryImageOfPage\":{\"@id\":\"https:\\\/\\\/cheliastore.dz\\\/product\\\/tube-pvc-125-pn16-6ml-ghardia-plast\\\/#primaryimage\"},\"image\":{\"@id\":\"https:\\\/\\\/cheliastore.dz\\\/product\\\/tube-pvc-125-pn16-6ml-ghardia-plast\\\/#primaryimage\"},\"thumbnailUrl\":\"https:\\\/\\\/cheliastore.dz\\\/wp-content\\\/uploads\\\/2024\\\/02\\\/05.jpg\",\"datePublished\":\"2024-02-02T09:48:31+00:00\",\"dateModified\":\"2026-01-11T03:24:29+00:00\",\"description\":\"tube pvc 125 pn16 6ml ghardia plast sont des tubes distin\u00e9e a\u00a0 l'assinisement et drainage des eaux us\u00e9e tres bonne marque fiable\",\"breadcrumb\":{\"@id\":\"https:\\\/\\\/cheliastore.dz\\\/product\\\/tube-pvc-125-pn16-6ml-ghardia-plast\\\/#breadcrumb\"},\"inLanguage\":\"ar\",\"potentialAction\":[{\"@type\":\"ReadAction\",\"target\":[\"https:\\\/\\\/cheliastore.dz\\\/product\\\/tube-pvc-125-pn16-6ml-ghardia-plast\\\/\"]}]},{\"@type\":\"ImageObject\",\"inLanguage\":\"ar\",\"@id\":\"https:\\\/\\\/cheliastore.dz\\\/product\\\/tube-pvc-125-pn16-6ml-ghardia-plast\\\/#primaryimage\",\"url\":\"https:\\\/\\\/cheliastore.dz\\\/wp-content\\\/uploads\\\/2024\\\/02\\\/05.jpg\",\"contentUrl\":\"https:\\\/\\\/cheliastore.dz\\\/wp-content\\\/uploads\\\/2024\\\/02\\\/05.jpg\",\"width\":225,\"height\":225,\"caption\":\"tube pvc 125 pn16 6ml ghardia plast\"},{\"@type\":\"BreadcrumbList\",\"@id\":\"https:\\\/\\\/cheliastore.dz\\\/product\\\/tube-pvc-125-pn16-6ml-ghardia-plast\\\/#breadcrumb\",\"itemListElement\":[{\"@type\":\"ListItem\",\"position\":1,\"name\":\"\u0627\u0644\u0631\u0626\u064a\u0633\u064a\u0629\",\"item\":\"https:\\\/\\\/cheliastore.dz\\\/ar\\\/\"},{\"@type\":\"ListItem\",\"position\":2,\"name\":\"Boutique\",\"item\":\"https:\\\/\\\/cheliastore.dz\\\/ar\\\/shop\\\/\"},{\"@type\":\"ListItem\",\"position\":3,\"name\":\"tube pvc 125 pn16 6ml ghardia plast\"}]},{\"@type\":\"WebSite\",\"@id\":\"https:\\\/\\\/cheliastore.dz\\\/#website\",\"url\":\"https:\\\/\\\/cheliastore.dz\\\/\",\"name\":\"CHELIA STORE\",\"description\":\"CHELIA STORE\",\"publisher\":{\"@id\":\"https:\\\/\\\/cheliastore.dz\\\/#organization\"},\"potentialAction\":[{\"@type\":\"SearchAction\",\"target\":{\"@type\":\"EntryPoint\",\"urlTemplate\":\"https:\\\/\\\/cheliastore.dz\\\/?s={search_term_string}\"},\"query-input\":{\"@type\":\"PropertyValueSpecification\",\"valueRequired\":true,\"valueName\":\"search_term_string\"}}],\"inLanguage\":\"ar\"},{\"@type\":\"Organization\",\"@id\":\"https:\\\/\\\/cheliastore.dz\\\/#organization\",\"name\":\"Chelia Store\",\"url\":\"https:\\\/\\\/cheliastore.dz\\\/\",\"logo\":{\"@type\":\"ImageObject\",\"inLanguage\":\"ar\",\"@id\":\"https:\\\/\\\/cheliastore.dz\\\/#\\\/schema\\\/logo\\\/image\\\/\",\"url\":\"https:\\\/\\\/cheliastore.dz\\\/wp-content\\\/uploads\\\/2022\\\/01\\\/logo-final-250.png\",\"contentUrl\":\"https:\\\/\\\/cheliastore.dz\\\/wp-content\\\/uploads\\\/2022\\\/01\\\/logo-final-250.png\",\"width\":250,\"height\":78,\"caption\":\"Chelia Store\"},\"image\":{\"@id\":\"https:\\\/\\\/cheliastore.dz\\\/#\\\/schema\\\/logo\\\/image\\\/\"},\"sameAs\":[\"https:\\\/\\\/web.facebook.com\\\/cheliastore\",\"https:\\\/\\\/www.instagram.com\\\/quincaillerie.chelia\\\/\"]}]}<\/script>\n<!-- \/ Yoast SEO Premium plugin. -->","yoast_head_json":{"title":"tube pvc 125 pn16 6ml  ghardia plast - CHELIA STORE","description":"tube pvc 125 pn16 6ml ghardia plast sont des tubes distin\u00e9e a\u00a0 l'assinisement et drainage des eaux us\u00e9e tres bonne marque fiable","robots":{"index":"index","follow":"follow","max-snippet":"max-snippet:-1","max-image-preview":"max-image-preview:large","max-video-preview":"max-video-preview:-1"},"canonical":"https:\/\/cheliastore.dz\/product\/tube-pvc-125-pn16-6ml-ghardia-plast\/","og_locale":"ar_AR","og_type":"article","og_title":"tube pvc 125 pn16 6ml  ghardia plast","og_description":"tube pvc 125 pn16 6ml ghardia plast sont des tubes distin\u00e9e a\u00a0 l'assinisement et drainage des eaux us\u00e9e tres bonne marque fiable","og_url":"https:\/\/cheliastore.dz\/product\/tube-pvc-125-pn16-6ml-ghardia-plast\/","og_site_name":"CHELIA STORE","article_publisher":"https:\/\/web.facebook.com\/cheliastore","article_modified_time":"2026-01-11T03:24:29+00:00","og_image":[{"width":225,"height":225,"url":"https:\/\/cheliastore.dz\/wp-content\/uploads\/2024\/02\/05.jpg","type":"image\/jpeg"}],"twitter_card":"summary_large_image","twitter_misc":{"\u0648\u0642\u062a \u0627\u0644\u0642\u0631\u0627\u0621\u0629 \u0627\u0644\u0645\u064f\u0642\u062f\u0651\u0631":"\u062f\u0642\u064a\u0642\u062a\u0627\u0646"},"schema":{"@context":"https:\/\/schema.org","@graph":[{"@type":"WebPage","@id":"https:\/\/cheliastore.dz\/product\/tube-pvc-125-pn16-6ml-ghardia-plast\/","url":"https:\/\/cheliastore.dz\/product\/tube-pvc-125-pn16-6ml-ghardia-plast\/","name":"tube pvc 125 pn16 6ml ghardia plast - CHELIA STORE","isPartOf":{"@id":"https:\/\/cheliastore.dz\/#website"},"primaryImageOfPage":{"@id":"https:\/\/cheliastore.dz\/product\/tube-pvc-125-pn16-6ml-ghardia-plast\/#primaryimage"},"image":{"@id":"https:\/\/cheliastore.dz\/product\/tube-pvc-125-pn16-6ml-ghardia-plast\/#primaryimage"},"thumbnailUrl":"https:\/\/cheliastore.dz\/wp-content\/uploads\/2024\/02\/05.jpg","datePublished":"2024-02-02T09:48:31+00:00","dateModified":"2026-01-11T03:24:29+00:00","description":"tube pvc 125 pn16 6ml ghardia plast sont des tubes distin\u00e9e a\u00a0 l'assinisement et drainage des eaux us\u00e9e tres bonne marque fiable","breadcrumb":{"@id":"https:\/\/cheliastore.dz\/product\/tube-pvc-125-pn16-6ml-ghardia-plast\/#breadcrumb"},"inLanguage":"ar","potentialAction":[{"@type":"ReadAction","target":["https:\/\/cheliastore.dz\/product\/tube-pvc-125-pn16-6ml-ghardia-plast\/"]}]},{"@type":"ImageObject","inLanguage":"ar","@id":"https:\/\/cheliastore.dz\/product\/tube-pvc-125-pn16-6ml-ghardia-plast\/#primaryimage","url":"https:\/\/cheliastore.dz\/wp-content\/uploads\/2024\/02\/05.jpg","contentUrl":"https:\/\/cheliastore.dz\/wp-content\/uploads\/2024\/02\/05.jpg","width":225,"height":225,"caption":"tube pvc 125 pn16 6ml ghardia plast"},{"@type":"BreadcrumbList","@id":"https:\/\/cheliastore.dz\/product\/tube-pvc-125-pn16-6ml-ghardia-plast\/#breadcrumb","itemListElement":[{"@type":"ListItem","position":1,"name":"\u0627\u0644\u0631\u0626\u064a\u0633\u064a\u0629","item":"https:\/\/cheliastore.dz\/ar\/"},{"@type":"ListItem","position":2,"name":"Boutique","item":"https:\/\/cheliastore.dz\/ar\/shop\/"},{"@type":"ListItem","position":3,"name":"tube pvc 125 pn16 6ml ghardia plast"}]},{"@type":"WebSite","@id":"https:\/\/cheliastore.dz\/#website","url":"https:\/\/cheliastore.dz\/","name":"CHELIA STORE","description":"CHELIA STORE","publisher":{"@id":"https:\/\/cheliastore.dz\/#organization"},"potentialAction":[{"@type":"SearchAction","target":{"@type":"EntryPoint","urlTemplate":"https:\/\/cheliastore.dz\/?s={search_term_string}"},"query-input":{"@type":"PropertyValueSpecification","valueRequired":true,"valueName":"search_term_string"}}],"inLanguage":"ar"},{"@type":"Organization","@id":"https:\/\/cheliastore.dz\/#organization","name":"Chelia Store","url":"https:\/\/cheliastore.dz\/","logo":{"@type":"ImageObject","inLanguage":"ar","@id":"https:\/\/cheliastore.dz\/#\/schema\/logo\/image\/","url":"https:\/\/cheliastore.dz\/wp-content\/uploads\/2022\/01\/logo-final-250.png","contentUrl":"https:\/\/cheliastore.dz\/wp-content\/uploads\/2022\/01\/logo-final-250.png","width":250,"height":78,"caption":"Chelia Store"},"image":{"@id":"https:\/\/cheliastore.dz\/#\/schema\/logo\/image\/"},"sameAs":["https:\/\/web.facebook.com\/cheliastore","https:\/\/www.instagram.com\/quincaillerie.chelia\/"]}]}},"_links":{"self":[{"href":"https:\/\/cheliastore.dz\/ar\/wp-json\/wp\/v2\/product\/25403","targetHints":{"allow":["GET"]}}],"collection":[{"href":"https:\/\/cheliastore.dz\/ar\/wp-json\/wp\/v2\/product"}],"about":[{"href":"https:\/\/cheliastore.dz\/ar\/wp-json\/wp\/v2\/types\/product"}],"replies":[{"embeddable":true,"href":"https:\/\/cheliastore.dz\/ar\/wp-json\/wp\/v2\/comments?post=25403"}],"version-history":[{"count":1,"href":"https:\/\/cheliastore.dz\/ar\/wp-json\/wp\/v2\/product\/25403\/revisions"}],"predecessor-version":[{"id":58482,"href":"https:\/\/cheliastore.dz\/ar\/wp-json\/wp\/v2\/product\/25403\/revisions\/58482"}],"wp:featuredmedia":[{"embeddable":true,"href":"https:\/\/cheliastore.dz\/ar\/wp-json\/wp\/v2\/media\/25404"}],"wp:attachment":[{"href":"https:\/\/cheliastore.dz\/ar\/wp-json\/wp\/v2\/media?parent=25403"}],"wp:term":[{"taxonomy":"product_brand","embeddable":true,"href":"https:\/\/cheliastore.dz\/ar\/wp-json\/wp\/v2\/product_brand?post=25403"},{"taxonomy":"product_cat","embeddable":true,"href":"https:\/\/cheliastore.dz\/ar\/wp-json\/wp\/v2\/product_cat?post=25403"},{"taxonomy":"product_tag","embeddable":true,"href":"https:\/\/cheliastore.dz\/ar\/wp-json\/wp\/v2\/product_tag?post=25403"}],"curies":[{"name":"wp","href":"https:\/\/api.w.org\/{rel}","templated":true}]}}