{"id":22300,"date":"2023-08-02T13:53:49","date_gmt":"2023-08-02T13:53:49","guid":{"rendered":"https:\/\/cheliastore.com\/?post_type=product&#038;p=22300"},"modified":"2026-01-11T03:24:50","modified_gmt":"2026-01-11T03:24:50","slug":"manchon-16-sertir-slr","status":"publish","type":"product","link":"https:\/\/cheliastore.dz\/ar\/product\/manchon-16-sertir-slr\/","title":{"rendered":"Manchon 16 sertir SLR"},"content":{"rendered":"<h1>Manchon 16 sertir SLR<\/h1>\n<p>Manchon 16 sertir SLR sont choix de qualit\u00e9 pour toutes vos installations multicouche en apparent comme en encastr\u00e9. fiable et robuste<\/p>\n<p>SLR Robinetterie de luxe est une entreprise familiale cr\u00e9e il y a plus de 12 ans, cette marque 100% alg\u00e9rienne propose des solutions compl\u00e8tes et adapt\u00e9es pour salles de bains, cuisines et sanitaire avec une excellent rapport qualit\u00e9 prix. La fiabilit\u00e9, un design raffin\u00e9 sont les piliers de nos gammes de produits (Anis , Rostom, Diamant , \u2026etc). Le succ\u00e8s de notre marque r\u00e9side dans la diversit\u00e9 et la haute performance de nos produits avec une gamme extensive de robinets mitigeur, avec poignet et tous les accessoires et pi\u00e8ces de rechanges n\u00e9cessaires. La robinetterie SLR est contr\u00f4l\u00e9e et certifi\u00e9e au normes internationales garantissant ainsi des produits de qualit\u00e9 sur le march\u00e9 local et international.<\/p>\n<ul>\n<li>\u00a0Fabrication de tr\u00e8s haute qualit\u00e9 et mat\u00e9riaux choisis avec pr\u00e9cision pour assurer un produit fabriqu\u00e9 de la meilleure fa\u00e7on. Produits 100% Made in Algeria.<\/li>\n<li>Les produits SLR sont concus afin de permettre d&#8217;\u00e9conomiser au maximum l&#8217;eau tout en pr\u00e9servant le confort et la convivialit\u00e9.<\/li>\n<li>SLR met un point d&#8217;honneur \u00e0 vous fournir un service irr\u00e9prochable.Notre objectif est de vous accompagner au mieux pour vos projets individuels en \u00e9tant pour vous un partenaire comp\u00e9tent et fiable. S\u00fbrs, robustes, durables et \u00e9l\u00e9gants : quelles que soient vos exigences en mati\u00e8re de robinet ou de douche, nous avons la solution dont vous avez besoin.<\/li>\n<li>veuillez vister notre site web\u00a0<a href=\"http:\/\/www.cheliastore.com\"> chelia<\/a><\/li>\n<li>et visitez aussi le site web\u00a0<a href=\"https:\/\/dz.linkedin.com\/company\/slr-robinetterie\">https:\/\/dz.linkedin.com\/company\/slr<\/a><\/li>\n<\/ul>\n","protected":false},"excerpt":{"rendered":"<p>Manchon 16 sertir SLR Manchon 16 sertir SLR sont choix de qualit\u00e9 pour toutes vos installations multicouche en apparent comme<\/p>\n","protected":false},"featured_media":22302,"comment_status":"open","ping_status":"open","template":"","meta":{"_editorskit_title_hidden":false,"_editorskit_reading_time":0,"_editorskit_is_block_options_detached":false,"_editorskit_block_options_position":"{}"},"product_brand":[],"product_cat":[97,109,976],"product_tag":[],"class_list":{"0":"post-22300","1":"product","2":"type-product","3":"status-publish","4":"has-post-thumbnail","6":"product_cat-plomberie","7":"product_cat-raccordement-multicouche","8":"product_cat-manchon","9":"product_shipping_class-livraison-58-wilayas","10":"pa_brand-slr","12":"first","13":"outofstock","14":"shipping-taxable","15":"purchasable","16":"product-type-simple"},"yoast_head":"<!-- This site is optimized with the Yoast SEO Premium plugin v25.4 (Yoast SEO v27.3) - https:\/\/yoast.com\/product\/yoast-seo-premium-wordpress\/ -->\n<title>Manchon 16 sertir SLR - CHELIA STORE<\/title>\n<meta name=\"description\" content=\"Manchon 16 sertir SLR sont choix de qualit\u00e9 pour toutes vos installations multicouche en apparent comme en encastr\u00e9. fiable et robuste\" \/>\n<meta name=\"robots\" content=\"index, follow, max-snippet:-1, max-image-preview:large, max-video-preview:-1\" \/>\n<link rel=\"canonical\" href=\"https:\/\/cheliastore.dz\/product\/manchon-16-sertir-slr\/\" \/>\n<meta property=\"og:locale\" content=\"ar_AR\" \/>\n<meta property=\"og:type\" content=\"article\" \/>\n<meta property=\"og:title\" content=\"Manchon 16 sertir SLR\" \/>\n<meta property=\"og:description\" content=\"Manchon 16 sertir SLR sont choix de qualit\u00e9 pour toutes vos installations multicouche en apparent comme en encastr\u00e9. fiable et robuste\" \/>\n<meta property=\"og:url\" content=\"https:\/\/cheliastore.dz\/product\/manchon-16-sertir-slr\/\" \/>\n<meta property=\"og:site_name\" content=\"CHELIA STORE\" \/>\n<meta property=\"article:publisher\" content=\"https:\/\/web.facebook.com\/cheliastore\" \/>\n<meta property=\"article:modified_time\" content=\"2026-01-11T03:24:50+00:00\" \/>\n<meta property=\"og:image\" content=\"https:\/\/cheliastore.dz\/wp-content\/uploads\/2023\/08\/IMG_2859.jpg\" \/>\n\t<meta property=\"og:image:width\" content=\"1000\" \/>\n\t<meta property=\"og:image:height\" content=\"1000\" \/>\n\t<meta property=\"og:image:type\" content=\"image\/jpeg\" \/>\n<meta name=\"twitter:card\" content=\"summary_large_image\" \/>\n<meta name=\"twitter:label1\" content=\"\u0648\u0642\u062a \u0627\u0644\u0642\u0631\u0627\u0621\u0629 \u0627\u0644\u0645\u064f\u0642\u062f\u0651\u0631\" \/>\n\t<meta name=\"twitter:data1\" content=\"1 \u062f\u0642\u064a\u0642\u0629\" \/>\n<script type=\"application\/ld+json\" class=\"yoast-schema-graph\">{\"@context\":\"https:\\\/\\\/schema.org\",\"@graph\":[{\"@type\":\"WebPage\",\"@id\":\"https:\\\/\\\/cheliastore.dz\\\/product\\\/manchon-16-sertir-slr\\\/\",\"url\":\"https:\\\/\\\/cheliastore.dz\\\/product\\\/manchon-16-sertir-slr\\\/\",\"name\":\"Manchon 16 sertir SLR - CHELIA STORE\",\"isPartOf\":{\"@id\":\"https:\\\/\\\/cheliastore.dz\\\/#website\"},\"primaryImageOfPage\":{\"@id\":\"https:\\\/\\\/cheliastore.dz\\\/product\\\/manchon-16-sertir-slr\\\/#primaryimage\"},\"image\":{\"@id\":\"https:\\\/\\\/cheliastore.dz\\\/product\\\/manchon-16-sertir-slr\\\/#primaryimage\"},\"thumbnailUrl\":\"https:\\\/\\\/cheliastore.dz\\\/wp-content\\\/uploads\\\/2023\\\/08\\\/IMG_2859.jpg\",\"datePublished\":\"2023-08-02T13:53:49+00:00\",\"dateModified\":\"2026-01-11T03:24:50+00:00\",\"description\":\"Manchon 16 sertir SLR sont choix de qualit\u00e9 pour toutes vos installations multicouche en apparent comme en encastr\u00e9. fiable et robuste\",\"breadcrumb\":{\"@id\":\"https:\\\/\\\/cheliastore.dz\\\/product\\\/manchon-16-sertir-slr\\\/#breadcrumb\"},\"inLanguage\":\"ar\",\"potentialAction\":[{\"@type\":\"ReadAction\",\"target\":[\"https:\\\/\\\/cheliastore.dz\\\/product\\\/manchon-16-sertir-slr\\\/\"]}]},{\"@type\":\"ImageObject\",\"inLanguage\":\"ar\",\"@id\":\"https:\\\/\\\/cheliastore.dz\\\/product\\\/manchon-16-sertir-slr\\\/#primaryimage\",\"url\":\"https:\\\/\\\/cheliastore.dz\\\/wp-content\\\/uploads\\\/2023\\\/08\\\/IMG_2859.jpg\",\"contentUrl\":\"https:\\\/\\\/cheliastore.dz\\\/wp-content\\\/uploads\\\/2023\\\/08\\\/IMG_2859.jpg\",\"width\":1000,\"height\":1000,\"caption\":\"Manchon 16 sertir SLR\"},{\"@type\":\"BreadcrumbList\",\"@id\":\"https:\\\/\\\/cheliastore.dz\\\/product\\\/manchon-16-sertir-slr\\\/#breadcrumb\",\"itemListElement\":[{\"@type\":\"ListItem\",\"position\":1,\"name\":\"\u0627\u0644\u0631\u0626\u064a\u0633\u064a\u0629\",\"item\":\"https:\\\/\\\/cheliastore.dz\\\/ar\\\/\"},{\"@type\":\"ListItem\",\"position\":2,\"name\":\"Boutique\",\"item\":\"https:\\\/\\\/cheliastore.dz\\\/ar\\\/shop\\\/\"},{\"@type\":\"ListItem\",\"position\":3,\"name\":\"Manchon 16 sertir SLR\"}]},{\"@type\":\"WebSite\",\"@id\":\"https:\\\/\\\/cheliastore.dz\\\/#website\",\"url\":\"https:\\\/\\\/cheliastore.dz\\\/\",\"name\":\"CHELIA STORE\",\"description\":\"CHELIA STORE\",\"publisher\":{\"@id\":\"https:\\\/\\\/cheliastore.dz\\\/#organization\"},\"potentialAction\":[{\"@type\":\"SearchAction\",\"target\":{\"@type\":\"EntryPoint\",\"urlTemplate\":\"https:\\\/\\\/cheliastore.dz\\\/?s={search_term_string}\"},\"query-input\":{\"@type\":\"PropertyValueSpecification\",\"valueRequired\":true,\"valueName\":\"search_term_string\"}}],\"inLanguage\":\"ar\"},{\"@type\":\"Organization\",\"@id\":\"https:\\\/\\\/cheliastore.dz\\\/#organization\",\"name\":\"Chelia Store\",\"url\":\"https:\\\/\\\/cheliastore.dz\\\/\",\"logo\":{\"@type\":\"ImageObject\",\"inLanguage\":\"ar\",\"@id\":\"https:\\\/\\\/cheliastore.dz\\\/#\\\/schema\\\/logo\\\/image\\\/\",\"url\":\"https:\\\/\\\/cheliastore.dz\\\/wp-content\\\/uploads\\\/2022\\\/01\\\/logo-final-250.png\",\"contentUrl\":\"https:\\\/\\\/cheliastore.dz\\\/wp-content\\\/uploads\\\/2022\\\/01\\\/logo-final-250.png\",\"width\":250,\"height\":78,\"caption\":\"Chelia Store\"},\"image\":{\"@id\":\"https:\\\/\\\/cheliastore.dz\\\/#\\\/schema\\\/logo\\\/image\\\/\"},\"sameAs\":[\"https:\\\/\\\/web.facebook.com\\\/cheliastore\",\"https:\\\/\\\/www.instagram.com\\\/quincaillerie.chelia\\\/\"]}]}<\/script>\n<!-- \/ Yoast SEO Premium plugin. -->","yoast_head_json":{"title":"Manchon 16 sertir SLR - CHELIA STORE","description":"Manchon 16 sertir SLR sont choix de qualit\u00e9 pour toutes vos installations multicouche en apparent comme en encastr\u00e9. fiable et robuste","robots":{"index":"index","follow":"follow","max-snippet":"max-snippet:-1","max-image-preview":"max-image-preview:large","max-video-preview":"max-video-preview:-1"},"canonical":"https:\/\/cheliastore.dz\/product\/manchon-16-sertir-slr\/","og_locale":"ar_AR","og_type":"article","og_title":"Manchon 16 sertir SLR","og_description":"Manchon 16 sertir SLR sont choix de qualit\u00e9 pour toutes vos installations multicouche en apparent comme en encastr\u00e9. fiable et robuste","og_url":"https:\/\/cheliastore.dz\/product\/manchon-16-sertir-slr\/","og_site_name":"CHELIA STORE","article_publisher":"https:\/\/web.facebook.com\/cheliastore","article_modified_time":"2026-01-11T03:24:50+00:00","og_image":[{"width":1000,"height":1000,"url":"https:\/\/cheliastore.dz\/wp-content\/uploads\/2023\/08\/IMG_2859.jpg","type":"image\/jpeg"}],"twitter_card":"summary_large_image","twitter_misc":{"\u0648\u0642\u062a \u0627\u0644\u0642\u0631\u0627\u0621\u0629 \u0627\u0644\u0645\u064f\u0642\u062f\u0651\u0631":"1 \u062f\u0642\u064a\u0642\u0629"},"schema":{"@context":"https:\/\/schema.org","@graph":[{"@type":"WebPage","@id":"https:\/\/cheliastore.dz\/product\/manchon-16-sertir-slr\/","url":"https:\/\/cheliastore.dz\/product\/manchon-16-sertir-slr\/","name":"Manchon 16 sertir SLR - CHELIA STORE","isPartOf":{"@id":"https:\/\/cheliastore.dz\/#website"},"primaryImageOfPage":{"@id":"https:\/\/cheliastore.dz\/product\/manchon-16-sertir-slr\/#primaryimage"},"image":{"@id":"https:\/\/cheliastore.dz\/product\/manchon-16-sertir-slr\/#primaryimage"},"thumbnailUrl":"https:\/\/cheliastore.dz\/wp-content\/uploads\/2023\/08\/IMG_2859.jpg","datePublished":"2023-08-02T13:53:49+00:00","dateModified":"2026-01-11T03:24:50+00:00","description":"Manchon 16 sertir SLR sont choix de qualit\u00e9 pour toutes vos installations multicouche en apparent comme en encastr\u00e9. fiable et robuste","breadcrumb":{"@id":"https:\/\/cheliastore.dz\/product\/manchon-16-sertir-slr\/#breadcrumb"},"inLanguage":"ar","potentialAction":[{"@type":"ReadAction","target":["https:\/\/cheliastore.dz\/product\/manchon-16-sertir-slr\/"]}]},{"@type":"ImageObject","inLanguage":"ar","@id":"https:\/\/cheliastore.dz\/product\/manchon-16-sertir-slr\/#primaryimage","url":"https:\/\/cheliastore.dz\/wp-content\/uploads\/2023\/08\/IMG_2859.jpg","contentUrl":"https:\/\/cheliastore.dz\/wp-content\/uploads\/2023\/08\/IMG_2859.jpg","width":1000,"height":1000,"caption":"Manchon 16 sertir SLR"},{"@type":"BreadcrumbList","@id":"https:\/\/cheliastore.dz\/product\/manchon-16-sertir-slr\/#breadcrumb","itemListElement":[{"@type":"ListItem","position":1,"name":"\u0627\u0644\u0631\u0626\u064a\u0633\u064a\u0629","item":"https:\/\/cheliastore.dz\/ar\/"},{"@type":"ListItem","position":2,"name":"Boutique","item":"https:\/\/cheliastore.dz\/ar\/shop\/"},{"@type":"ListItem","position":3,"name":"Manchon 16 sertir SLR"}]},{"@type":"WebSite","@id":"https:\/\/cheliastore.dz\/#website","url":"https:\/\/cheliastore.dz\/","name":"CHELIA STORE","description":"CHELIA STORE","publisher":{"@id":"https:\/\/cheliastore.dz\/#organization"},"potentialAction":[{"@type":"SearchAction","target":{"@type":"EntryPoint","urlTemplate":"https:\/\/cheliastore.dz\/?s={search_term_string}"},"query-input":{"@type":"PropertyValueSpecification","valueRequired":true,"valueName":"search_term_string"}}],"inLanguage":"ar"},{"@type":"Organization","@id":"https:\/\/cheliastore.dz\/#organization","name":"Chelia Store","url":"https:\/\/cheliastore.dz\/","logo":{"@type":"ImageObject","inLanguage":"ar","@id":"https:\/\/cheliastore.dz\/#\/schema\/logo\/image\/","url":"https:\/\/cheliastore.dz\/wp-content\/uploads\/2022\/01\/logo-final-250.png","contentUrl":"https:\/\/cheliastore.dz\/wp-content\/uploads\/2022\/01\/logo-final-250.png","width":250,"height":78,"caption":"Chelia Store"},"image":{"@id":"https:\/\/cheliastore.dz\/#\/schema\/logo\/image\/"},"sameAs":["https:\/\/web.facebook.com\/cheliastore","https:\/\/www.instagram.com\/quincaillerie.chelia\/"]}]}},"_links":{"self":[{"href":"https:\/\/cheliastore.dz\/ar\/wp-json\/wp\/v2\/product\/22300","targetHints":{"allow":["GET"]}}],"collection":[{"href":"https:\/\/cheliastore.dz\/ar\/wp-json\/wp\/v2\/product"}],"about":[{"href":"https:\/\/cheliastore.dz\/ar\/wp-json\/wp\/v2\/types\/product"}],"replies":[{"embeddable":true,"href":"https:\/\/cheliastore.dz\/ar\/wp-json\/wp\/v2\/comments?post=22300"}],"version-history":[{"count":1,"href":"https:\/\/cheliastore.dz\/ar\/wp-json\/wp\/v2\/product\/22300\/revisions"}],"predecessor-version":[{"id":58510,"href":"https:\/\/cheliastore.dz\/ar\/wp-json\/wp\/v2\/product\/22300\/revisions\/58510"}],"wp:featuredmedia":[{"embeddable":true,"href":"https:\/\/cheliastore.dz\/ar\/wp-json\/wp\/v2\/media\/22302"}],"wp:attachment":[{"href":"https:\/\/cheliastore.dz\/ar\/wp-json\/wp\/v2\/media?parent=22300"}],"wp:term":[{"taxonomy":"product_brand","embeddable":true,"href":"https:\/\/cheliastore.dz\/ar\/wp-json\/wp\/v2\/product_brand?post=22300"},{"taxonomy":"product_cat","embeddable":true,"href":"https:\/\/cheliastore.dz\/ar\/wp-json\/wp\/v2\/product_cat?post=22300"},{"taxonomy":"product_tag","embeddable":true,"href":"https:\/\/cheliastore.dz\/ar\/wp-json\/wp\/v2\/product_tag?post=22300"}],"curies":[{"name":"wp","href":"https:\/\/api.w.org\/{rel}","templated":true}]}}