{"id":22280,"date":"2023-08-02T13:12:16","date_gmt":"2023-08-02T13:12:16","guid":{"rendered":"https:\/\/cheliastore.com\/?post_type=product&#038;p=22280"},"modified":"2026-01-11T03:21:37","modified_gmt":"2026-01-11T03:21:37","slug":"distributeur-4-vois-16-3-4-energical","status":"publish","type":"product","link":"https:\/\/cheliastore.dz\/ar\/product\/distributeur-4-vois-16-3-4-energical\/","title":{"rendered":"Distributeur 4 vois 16 3\/4 ENERGICAL"},"content":{"rendered":"<h1>Distributeur 4 vois 16 3\/4 ENERGICAL<\/h1>\n<p>Distributeur 4 vois 16 3\/4 ENERGICAL pour raccordement multicouche, distributeur pour chauffage central.<\/p>\n<p>ENERGICAL robinettrie est une soci\u00e9t\u00e9 alg\u00e9rienne cr\u00e9\u00e9e en 2006. Elle est localis\u00e9e \u00e0 Gharda\u00efa en Alg\u00e9rie et offre des solutions compl\u00e8tes et int\u00e9gr\u00e9es pour le bien \u00eatre \u00e0 domicile<\/p>\n<p>Depuis sa cr\u00e9ation la qualit\u00e9 du produit Energical est devenue la r\u00e9f\u00e9rence sur le march\u00e9 en termes de qualit\u00e9 et de prix abordable<\/p>\n<p>L&#8217;am\u00e9lioration continue du syst\u00e8me de gestion et la qualit\u00e9 du produit ont \u00e9t\u00e9 r\u00e9compens\u00e9es par le march\u00e9 ann\u00e9e apr\u00e8s ann\u00e9e.<\/p>\n<p>Energical a gagn\u00e9 une position forte sur le march\u00e9, gr\u00e2ce \u00e0 sa large gamme de produits qu&#8217;elle offre \u00e0 l&#8217;installateur et l&#8217;utilisateur.<\/p>\n<p>Les produits Energical sont concus afin de permettre d&#8217;\u00e9conomiser au maximum l&#8217;eau tout en pr\u00e9servant le confort et la convivialit\u00e9.<\/p>\n<ul>\n<li>Fabrication de tr\u00e8s haute qualit\u00e9 et mat\u00e9riaux choisis avec pr\u00e9cision pour assurer un produit fabriqu\u00e9 de la meilleure fa\u00e7on. Produits 100% Made in Algeria.<\/li>\n<li>Les produits ENERGICAL sont concus afin de permettre d&#8217;\u00e9conomiser au maximum l&#8217;eau tout en pr\u00e9servant le confort et la convivialit\u00e9.<\/li>\n<\/ul>\n<p><strong>Caract\u00e9ristiques<\/strong>:<\/p>\n<table class=\"woocommerce-product-attributes shop_attributes\">\n<tbody>\n<tr class=\"woocommerce-product-attributes-item woocommerce-product-attributes-item--weight\">\n<th class=\"woocommerce-product-attributes-item__label\">Poids<\/th>\n<td class=\"woocommerce-product-attributes-item__value\">0,852 kg<\/td>\n<\/tr>\n<tr class=\"woocommerce-product-attributes-item woocommerce-product-attributes-item--dimensions\">\n<th class=\"woocommerce-product-attributes-item__label\">Dimensions<\/th>\n<td class=\"woocommerce-product-attributes-item__value\">215 \u00d7 190 \u00d7 105 cm<\/td>\n<\/tr>\n<tr class=\"woocommerce-product-attributes-item woocommerce-product-attributes-item--attribute_poidskg\">\n<th class=\"woocommerce-product-attributes-item__label\">Poids(kg)<\/th>\n<td class=\"woocommerce-product-attributes-item__value\">0.852<\/td>\n<\/tr>\n<tr class=\"woocommerce-product-attributes-item woocommerce-product-attributes-item--attribute_nombre-des-pi%c3%a8ces-dans-la-bo%c3%aete\">\n<th class=\"woocommerce-product-attributes-item__label\">Nombre des pi\u00e8ces dans la Bo\u00eete<\/th>\n<td class=\"woocommerce-product-attributes-item__value\">4<\/td>\n<\/tr>\n<tr class=\"woocommerce-product-attributes-item woocommerce-product-attributes-item--attribute_nombre-des-pi%c3%a8ces-dans-le-carton\">\n<th class=\"woocommerce-product-attributes-item__label\"><\/th>\n<td class=\"woocommerce-product-attributes-item__value\"><\/td>\n<\/tr>\n<\/tbody>\n<\/table>\n<ul>\n<li>Pour plus d\u2019information veuillez visiter le site web officiel <a href=\"http:\/\/www.cheliastore.com\"> chelia<\/a><\/li>\n<li>Vous pouvez aussi visiter le rubrique chaudi\u00e8re mural de notre site web\u00a0<a href=\"https:\/\/energical.com\/produit\/distributeur\">https:\/\/energical.com\/produit\/distributeur<\/a><\/li>\n<\/ul>\n","protected":false},"excerpt":{"rendered":"<p>Distributeur 4 vois 16 3\/4 ENERGICAL Distributeur 4 vois 16 3\/4 ENERGICAL pour raccordement multicouche, distributeur pour chauffage central. ENERGICAL<\/p>\n","protected":false},"featured_media":22287,"comment_status":"open","ping_status":"open","template":"","meta":{"_editorskit_title_hidden":false,"_editorskit_reading_time":0,"_editorskit_is_block_options_detached":false,"_editorskit_block_options_position":"{}"},"product_brand":[],"product_cat":[97,109,975],"product_tag":[],"class_list":{"0":"post-22280","1":"product","2":"type-product","3":"status-publish","4":"has-post-thumbnail","6":"product_cat-plomberie","7":"product_cat-raccordement-multicouche","8":"product_cat-distrubuteur","9":"product_shipping_class-livraison-58-wilayas","10":"pa_brand-tiemme","12":"first","13":"instock","14":"shipping-taxable","15":"purchasable","16":"product-type-simple"},"yoast_head":"<!-- This site is optimized with the Yoast SEO Premium plugin v25.4 (Yoast SEO v27.5) - https:\/\/yoast.com\/product\/yoast-seo-premium-wordpress\/ -->\n<title>Distributeur 4 vois 16 3\/4 ENERGICAL - CHELIA STORE<\/title>\n<meta name=\"description\" content=\"Distributeur 4 vois 16 3\/4 ENERGICAL pour raccordement multicouche, distributeur pour chauffage central.fiable et robuste .\" \/>\n<meta name=\"robots\" content=\"index, follow, max-snippet:-1, max-image-preview:large, max-video-preview:-1\" \/>\n<link rel=\"canonical\" href=\"https:\/\/cheliastore.dz\/product\/distributeur-4-vois-16-3-4-energical\/\" \/>\n<meta property=\"og:locale\" content=\"ar_AR\" \/>\n<meta property=\"og:type\" content=\"article\" \/>\n<meta property=\"og:title\" content=\"Distributeur 4 vois 16 3\/4 ENERGICAL\" \/>\n<meta property=\"og:description\" content=\"Distributeur 4 vois 16 3\/4 ENERGICAL pour raccordement multicouche, distributeur pour chauffage central.fiable et robuste .\" \/>\n<meta property=\"og:url\" content=\"https:\/\/cheliastore.dz\/product\/distributeur-4-vois-16-3-4-energical\/\" \/>\n<meta property=\"og:site_name\" content=\"CHELIA STORE\" \/>\n<meta property=\"article:publisher\" content=\"https:\/\/web.facebook.com\/cheliastore\" \/>\n<meta property=\"article:modified_time\" content=\"2026-01-11T03:21:37+00:00\" \/>\n<meta property=\"og:image\" content=\"https:\/\/cheliastore.dz\/wp-content\/uploads\/2023\/08\/4.png\" \/>\n\t<meta property=\"og:image:width\" content=\"206\" \/>\n\t<meta property=\"og:image:height\" content=\"206\" \/>\n\t<meta property=\"og:image:type\" content=\"image\/png\" \/>\n<meta name=\"twitter:card\" content=\"summary_large_image\" \/>\n<meta name=\"twitter:label1\" content=\"\u0648\u0642\u062a \u0627\u0644\u0642\u0631\u0627\u0621\u0629 \u0627\u0644\u0645\u064f\u0642\u062f\u0651\u0631\" \/>\n\t<meta name=\"twitter:data1\" content=\"1 \u062f\u0642\u064a\u0642\u0629\" \/>\n<script type=\"application\/ld+json\" class=\"yoast-schema-graph\">{\"@context\":\"https:\\\/\\\/schema.org\",\"@graph\":[{\"@type\":\"WebPage\",\"@id\":\"https:\\\/\\\/cheliastore.dz\\\/product\\\/distributeur-4-vois-16-3-4-energical\\\/\",\"url\":\"https:\\\/\\\/cheliastore.dz\\\/product\\\/distributeur-4-vois-16-3-4-energical\\\/\",\"name\":\"Distributeur 4 vois 16 3\\\/4 ENERGICAL - CHELIA STORE\",\"isPartOf\":{\"@id\":\"https:\\\/\\\/cheliastore.dz\\\/#website\"},\"primaryImageOfPage\":{\"@id\":\"https:\\\/\\\/cheliastore.dz\\\/product\\\/distributeur-4-vois-16-3-4-energical\\\/#primaryimage\"},\"image\":{\"@id\":\"https:\\\/\\\/cheliastore.dz\\\/product\\\/distributeur-4-vois-16-3-4-energical\\\/#primaryimage\"},\"thumbnailUrl\":\"https:\\\/\\\/cheliastore.dz\\\/wp-content\\\/uploads\\\/2023\\\/08\\\/4.png\",\"datePublished\":\"2023-08-02T13:12:16+00:00\",\"dateModified\":\"2026-01-11T03:21:37+00:00\",\"description\":\"Distributeur 4 vois 16 3\\\/4 ENERGICAL pour raccordement multicouche, distributeur pour chauffage central.fiable et robuste .\",\"breadcrumb\":{\"@id\":\"https:\\\/\\\/cheliastore.dz\\\/product\\\/distributeur-4-vois-16-3-4-energical\\\/#breadcrumb\"},\"inLanguage\":\"ar\",\"potentialAction\":[{\"@type\":\"ReadAction\",\"target\":[\"https:\\\/\\\/cheliastore.dz\\\/product\\\/distributeur-4-vois-16-3-4-energical\\\/\"]}]},{\"@type\":\"ImageObject\",\"inLanguage\":\"ar\",\"@id\":\"https:\\\/\\\/cheliastore.dz\\\/product\\\/distributeur-4-vois-16-3-4-energical\\\/#primaryimage\",\"url\":\"https:\\\/\\\/cheliastore.dz\\\/wp-content\\\/uploads\\\/2023\\\/08\\\/4.png\",\"contentUrl\":\"https:\\\/\\\/cheliastore.dz\\\/wp-content\\\/uploads\\\/2023\\\/08\\\/4.png\",\"width\":206,\"height\":206,\"caption\":\"Distributeur 4 vois 16 3\\\/4 ENERGICAL\"},{\"@type\":\"BreadcrumbList\",\"@id\":\"https:\\\/\\\/cheliastore.dz\\\/product\\\/distributeur-4-vois-16-3-4-energical\\\/#breadcrumb\",\"itemListElement\":[{\"@type\":\"ListItem\",\"position\":1,\"name\":\"\u0627\u0644\u0631\u0626\u064a\u0633\u064a\u0629\",\"item\":\"https:\\\/\\\/cheliastore.dz\\\/ar\\\/\"},{\"@type\":\"ListItem\",\"position\":2,\"name\":\"Boutique\",\"item\":\"https:\\\/\\\/cheliastore.dz\\\/ar\\\/shop\\\/\"},{\"@type\":\"ListItem\",\"position\":3,\"name\":\"Distributeur 4 vois 16 3\\\/4 ENERGICAL\"}]},{\"@type\":\"WebSite\",\"@id\":\"https:\\\/\\\/cheliastore.dz\\\/#website\",\"url\":\"https:\\\/\\\/cheliastore.dz\\\/\",\"name\":\"CHELIA STORE\",\"description\":\"CHELIA STORE\",\"publisher\":{\"@id\":\"https:\\\/\\\/cheliastore.dz\\\/#organization\"},\"potentialAction\":[{\"@type\":\"SearchAction\",\"target\":{\"@type\":\"EntryPoint\",\"urlTemplate\":\"https:\\\/\\\/cheliastore.dz\\\/?s={search_term_string}\"},\"query-input\":{\"@type\":\"PropertyValueSpecification\",\"valueRequired\":true,\"valueName\":\"search_term_string\"}}],\"inLanguage\":\"ar\"},{\"@type\":\"Organization\",\"@id\":\"https:\\\/\\\/cheliastore.dz\\\/#organization\",\"name\":\"Chelia Store\",\"url\":\"https:\\\/\\\/cheliastore.dz\\\/\",\"logo\":{\"@type\":\"ImageObject\",\"inLanguage\":\"ar\",\"@id\":\"https:\\\/\\\/cheliastore.dz\\\/#\\\/schema\\\/logo\\\/image\\\/\",\"url\":\"https:\\\/\\\/cheliastore.dz\\\/wp-content\\\/uploads\\\/2022\\\/01\\\/logo-final-250.png\",\"contentUrl\":\"https:\\\/\\\/cheliastore.dz\\\/wp-content\\\/uploads\\\/2022\\\/01\\\/logo-final-250.png\",\"width\":250,\"height\":78,\"caption\":\"Chelia Store\"},\"image\":{\"@id\":\"https:\\\/\\\/cheliastore.dz\\\/#\\\/schema\\\/logo\\\/image\\\/\"},\"sameAs\":[\"https:\\\/\\\/web.facebook.com\\\/cheliastore\",\"https:\\\/\\\/www.instagram.com\\\/quincaillerie.chelia\\\/\"]}]}<\/script>\n<!-- \/ Yoast SEO Premium plugin. -->","yoast_head_json":{"title":"Distributeur 4 vois 16 3\/4 ENERGICAL - CHELIA STORE","description":"Distributeur 4 vois 16 3\/4 ENERGICAL pour raccordement multicouche, distributeur pour chauffage central.fiable et robuste .","robots":{"index":"index","follow":"follow","max-snippet":"max-snippet:-1","max-image-preview":"max-image-preview:large","max-video-preview":"max-video-preview:-1"},"canonical":"https:\/\/cheliastore.dz\/product\/distributeur-4-vois-16-3-4-energical\/","og_locale":"ar_AR","og_type":"article","og_title":"Distributeur 4 vois 16 3\/4 ENERGICAL","og_description":"Distributeur 4 vois 16 3\/4 ENERGICAL pour raccordement multicouche, distributeur pour chauffage central.fiable et robuste .","og_url":"https:\/\/cheliastore.dz\/product\/distributeur-4-vois-16-3-4-energical\/","og_site_name":"CHELIA STORE","article_publisher":"https:\/\/web.facebook.com\/cheliastore","article_modified_time":"2026-01-11T03:21:37+00:00","og_image":[{"width":206,"height":206,"url":"https:\/\/cheliastore.dz\/wp-content\/uploads\/2023\/08\/4.png","type":"image\/png"}],"twitter_card":"summary_large_image","twitter_misc":{"\u0648\u0642\u062a \u0627\u0644\u0642\u0631\u0627\u0621\u0629 \u0627\u0644\u0645\u064f\u0642\u062f\u0651\u0631":"1 \u062f\u0642\u064a\u0642\u0629"},"schema":{"@context":"https:\/\/schema.org","@graph":[{"@type":"WebPage","@id":"https:\/\/cheliastore.dz\/product\/distributeur-4-vois-16-3-4-energical\/","url":"https:\/\/cheliastore.dz\/product\/distributeur-4-vois-16-3-4-energical\/","name":"Distributeur 4 vois 16 3\/4 ENERGICAL - CHELIA STORE","isPartOf":{"@id":"https:\/\/cheliastore.dz\/#website"},"primaryImageOfPage":{"@id":"https:\/\/cheliastore.dz\/product\/distributeur-4-vois-16-3-4-energical\/#primaryimage"},"image":{"@id":"https:\/\/cheliastore.dz\/product\/distributeur-4-vois-16-3-4-energical\/#primaryimage"},"thumbnailUrl":"https:\/\/cheliastore.dz\/wp-content\/uploads\/2023\/08\/4.png","datePublished":"2023-08-02T13:12:16+00:00","dateModified":"2026-01-11T03:21:37+00:00","description":"Distributeur 4 vois 16 3\/4 ENERGICAL pour raccordement multicouche, distributeur pour chauffage central.fiable et robuste .","breadcrumb":{"@id":"https:\/\/cheliastore.dz\/product\/distributeur-4-vois-16-3-4-energical\/#breadcrumb"},"inLanguage":"ar","potentialAction":[{"@type":"ReadAction","target":["https:\/\/cheliastore.dz\/product\/distributeur-4-vois-16-3-4-energical\/"]}]},{"@type":"ImageObject","inLanguage":"ar","@id":"https:\/\/cheliastore.dz\/product\/distributeur-4-vois-16-3-4-energical\/#primaryimage","url":"https:\/\/cheliastore.dz\/wp-content\/uploads\/2023\/08\/4.png","contentUrl":"https:\/\/cheliastore.dz\/wp-content\/uploads\/2023\/08\/4.png","width":206,"height":206,"caption":"Distributeur 4 vois 16 3\/4 ENERGICAL"},{"@type":"BreadcrumbList","@id":"https:\/\/cheliastore.dz\/product\/distributeur-4-vois-16-3-4-energical\/#breadcrumb","itemListElement":[{"@type":"ListItem","position":1,"name":"\u0627\u0644\u0631\u0626\u064a\u0633\u064a\u0629","item":"https:\/\/cheliastore.dz\/ar\/"},{"@type":"ListItem","position":2,"name":"Boutique","item":"https:\/\/cheliastore.dz\/ar\/shop\/"},{"@type":"ListItem","position":3,"name":"Distributeur 4 vois 16 3\/4 ENERGICAL"}]},{"@type":"WebSite","@id":"https:\/\/cheliastore.dz\/#website","url":"https:\/\/cheliastore.dz\/","name":"CHELIA STORE","description":"CHELIA STORE","publisher":{"@id":"https:\/\/cheliastore.dz\/#organization"},"potentialAction":[{"@type":"SearchAction","target":{"@type":"EntryPoint","urlTemplate":"https:\/\/cheliastore.dz\/?s={search_term_string}"},"query-input":{"@type":"PropertyValueSpecification","valueRequired":true,"valueName":"search_term_string"}}],"inLanguage":"ar"},{"@type":"Organization","@id":"https:\/\/cheliastore.dz\/#organization","name":"Chelia Store","url":"https:\/\/cheliastore.dz\/","logo":{"@type":"ImageObject","inLanguage":"ar","@id":"https:\/\/cheliastore.dz\/#\/schema\/logo\/image\/","url":"https:\/\/cheliastore.dz\/wp-content\/uploads\/2022\/01\/logo-final-250.png","contentUrl":"https:\/\/cheliastore.dz\/wp-content\/uploads\/2022\/01\/logo-final-250.png","width":250,"height":78,"caption":"Chelia Store"},"image":{"@id":"https:\/\/cheliastore.dz\/#\/schema\/logo\/image\/"},"sameAs":["https:\/\/web.facebook.com\/cheliastore","https:\/\/www.instagram.com\/quincaillerie.chelia\/"]}]}},"_links":{"self":[{"href":"https:\/\/cheliastore.dz\/ar\/wp-json\/wp\/v2\/product\/22280","targetHints":{"allow":["GET"]}}],"collection":[{"href":"https:\/\/cheliastore.dz\/ar\/wp-json\/wp\/v2\/product"}],"about":[{"href":"https:\/\/cheliastore.dz\/ar\/wp-json\/wp\/v2\/types\/product"}],"replies":[{"embeddable":true,"href":"https:\/\/cheliastore.dz\/ar\/wp-json\/wp\/v2\/comments?post=22280"}],"version-history":[{"count":1,"href":"https:\/\/cheliastore.dz\/ar\/wp-json\/wp\/v2\/product\/22280\/revisions"}],"predecessor-version":[{"id":58225,"href":"https:\/\/cheliastore.dz\/ar\/wp-json\/wp\/v2\/product\/22280\/revisions\/58225"}],"wp:featuredmedia":[{"embeddable":true,"href":"https:\/\/cheliastore.dz\/ar\/wp-json\/wp\/v2\/media\/22287"}],"wp:attachment":[{"href":"https:\/\/cheliastore.dz\/ar\/wp-json\/wp\/v2\/media?parent=22280"}],"wp:term":[{"taxonomy":"product_brand","embeddable":true,"href":"https:\/\/cheliastore.dz\/ar\/wp-json\/wp\/v2\/product_brand?post=22280"},{"taxonomy":"product_cat","embeddable":true,"href":"https:\/\/cheliastore.dz\/ar\/wp-json\/wp\/v2\/product_cat?post=22280"},{"taxonomy":"product_tag","embeddable":true,"href":"https:\/\/cheliastore.dz\/ar\/wp-json\/wp\/v2\/product_tag?post=22280"}],"curies":[{"name":"wp","href":"https:\/\/api.w.org\/{rel}","templated":true}]}}