{"id":21781,"date":"2023-07-29T11:40:28","date_gmt":"2023-07-29T11:40:28","guid":{"rendered":"https:\/\/cheliastore.com\/?post_type=product&#038;p=21781"},"modified":"2026-01-11T03:05:41","modified_gmt":"2026-01-11T03:05:41","slug":"filtre-eau-tamis-gm-atlas-filtri","status":"publish","type":"product","link":"https:\/\/cheliastore.dz\/ar\/product\/filtre-eau-tamis-gm-atlas-filtri\/","title":{"rendered":"Filtre \u00e0 eau \u00e0 tamis 10&#8243; ATLAS FILTRI"},"content":{"rendered":"<h1>Filtre \u00e0 eau Tamis GM ATLAS FILTRI<\/h1>\n<p>Filtre \u00e0 eau Tamis GM de la marque <strong>Italienne ATLAS FILTRI<\/strong>, dispose d\u2019une bonne qualit\u00e9 de fabrication. <strong>Mat\u00e9riaux atoxiques<\/strong> polypropyl\u00e8ne et PET, adapt\u00e9s \u00e0 l\u2019eau potable..<\/p>\n<p>Ils sont commercialis\u00e9s sur le march\u00e9 en version simple, DUPLEX et TRIPLEX avec cuve transparente et opaque. Les raccords ENTR\u00c9E \/ SORTIE sont disponibles avec des filetages en laiton BSP 1\/2 , 3\/4 et 1 ou des filetages en plastique BSP ou NPT. Les corps PLUS 3P SX peuvent recevoir des cartouches d\u2019une hauteur allant de 5\u201d \u00e0 20\u201d.<\/p>\n<blockquote class=\"wp-embedded-content\" data-secret=\"u8WBxp2soP\"><p><a href=\"https:\/\/cheliastore.dz\/product\/cartouche-filtre-10-a-tamis-atlas-filtri\/\">Cartouche Filtre 10 a Tamis ATLAS Filtri<\/a><\/p><\/blockquote>\n<p><iframe class=\"wp-embedded-content\" sandbox=\"allow-scripts\" security=\"restricted\" style=\"position: absolute; visibility: hidden;\" title=\"\u00ab\u00a0Cartouche Filtre 10 a Tamis ATLAS Filtri\u00a0\u00bb &#8212; CHELIA STORE\" src=\"https:\/\/cheliastore.dz\/product\/cartouche-filtre-10-a-tamis-atlas-filtri\/embed\/#?secret=25aVNuv6Ua#?secret=u8WBxp2soP\" data-secret=\"u8WBxp2soP\" width=\"500\" height=\"282\" frameborder=\"0\" marginwidth=\"0\" marginheight=\"0\" scrolling=\"no\"><\/iframe><\/p>\n<p>Atlas Filtri tient \u00e0 prot\u00e9ger l\u2019environnement : c\u2019est pourquoi nous investissons dans des technologies de production modernes pour fabriquer nos<strong> filtres \u00e0 eau<\/strong> et n\u2019utilisons que des mati\u00e8res premi\u00e8res ayant un impact faible sur l\u2019environnement. Gr\u00e2ce \u00e0 la technique innovante de conception des mod\u00e8les doubles et triples, caract\u00e9ris\u00e9s par une t\u00eate <strong>monobloc<\/strong>, les filtres \u00e0 cartouches PLUS 3P SX \u00a0offrent d\u2019excellentes performances en termes de s\u00e9curit\u00e9 ainsi qu\u2019une installation facile et rapide. Pour un contr\u00f4le int\u00e9gral des conditions de fonctionnement, ces filtres \u00e0 eau simples sont disponibles en version M avec 2 manom\u00e8tres.<br \/>\nUne large gamme d\u2019accessoires et de pi\u00e8ces de rechange est disponible sur demande.<\/p>\n<ul>\n<li>Cuve transparente.<\/li>\n<li>Rechange de filtre fabriqu\u00e9 en polypropyl\u00e8ne par surmoulage (sans colle).<\/li>\n<li>Boitier bleu avec<strong> fixation de support mural.<\/strong><\/li>\n<li>Soupape d\u2019\u00e9vacuation pour lib\u00e9rer la pression.<\/li>\n<li><strong>Filetage<\/strong> en laiton.<\/li>\n<li>Temp\u00e9rature de service : maximale 45\u00b0, minimale 4\u00b0<\/li>\n<li>Pression de service : maximale 8 bar, minimale 0.5 bar.<\/li>\n<li>Cl\u00e9 en plastique pour serrer et desserrer la cuve une fois le filtre \u00e0 eau est fix\u00e9 sur le mur.<\/li>\n<li><strong>Hauteur<\/strong> 33cm.<\/li>\n<\/ul>\n<blockquote class=\"wp-embedded-content\" data-secret=\"HsvAVGWaCW\"><p><a href=\"https:\/\/cheliastore.dz\/product\/filtre-a-eau-a-fil-bleu-big-10-40-49-atlas-filtri\/\">Filtre \u00e0 eau \u00e0 fil bleu BIG 10&Prime; 40\/49 ATLAS FILTRI<\/a><\/p><\/blockquote>\n<p><iframe class=\"wp-embedded-content\" sandbox=\"allow-scripts\" security=\"restricted\" style=\"position: absolute; visibility: hidden;\" title=\"&#8220;Filtre \u00e0 eau \u00e0 fil bleu BIG 10&Prime; 40\/49 ATLAS FILTRI&#8221; &#8212; CHELIA STORE\" src=\"https:\/\/cheliastore.dz\/product\/filtre-a-eau-a-fil-bleu-big-10-40-49-atlas-filtri\/embed\/#?secret=3CpSwoMQa9#?secret=HsvAVGWaCW\" data-secret=\"HsvAVGWaCW\" width=\"500\" height=\"282\" frameborder=\"0\" marginwidth=\"0\" marginheight=\"0\" scrolling=\"no\"><\/iframe><\/p>\n<div class=\"field field-name-body field-type-text-with-summary field-label-hidden clearfix\">\n<h3><strong>Les Avantages du filtre a eau Tamis<\/strong><\/h3>\n<\/div>\n<ul>\n<li class=\"field field-name-field-testo field-type-text field-label-hidden clearfix\">Mat\u00e9riaux atoxiques, adapt\u00e9s \u00e0 l\u2019eau potable<\/li>\n<li class=\"field field-name-field-testo field-type-text field-label-hidden clearfix\">Ouverture et fermeture faciles, \u00e9tanch\u00e9it\u00e9 par bague<\/li>\n<li class=\"field field-name-field-testo field-type-text field-label-hidden clearfix\">Fiabilit\u00e9 et commodit\u00e9 des syst\u00e8mes doubles et des syst\u00e8mes triples<\/li>\n<li class=\"field field-name-field-testo field-type-text field-label-hidden clearfix\">Installation rapide et sure<\/li>\n<li class=\"field field-name-field-testo field-type-text field-label-hidden clearfix\">Contr\u00f4le maximum gr\u00e2ce aux manom\u00e8tres<\/li>\n<li class=\"field field-name-field-testo field-type-text field-label-hidden clearfix\">Large gamme d&#8217;accessoires.<\/li>\n<\/ul>\n<blockquote><p>Pour plus d&#8217;informations, visitez notre site web <a href=\"http:\/\/www.cheliastore.com\">http:\/\/www.cheliastore.com<\/a><\/p>\n<p>Vous pouvez aussi visiter le site officiel de la marque ATLAS FILTRI <a href=\"https:\/\/www.atlasfiltri.com\/fr\/produits\/corps-de-filtres-a-eau\">https:\/\/www.atlasfiltri.com\/fr\/produits\/corps-de-filtres-a-eau<\/a><\/p><\/blockquote>\n","protected":false},"excerpt":{"rendered":"<p>Filtre \u00e0 Tamis GM ATLAS de la marque <strong>Italienne ATLAS FILTRI<\/strong>, dispose d\u2019une bonne qualit\u00e9 de fabrication. Mat\u00e9riaux atoxiques polypropyl\u00e8ne et PET, adapt\u00e9s \u00e0 l\u2019eau potable. .<\/p>\n","protected":false},"featured_media":21782,"comment_status":"open","ping_status":"closed","template":"","meta":{"_editorskit_title_hidden":false,"_editorskit_reading_time":0,"_editorskit_is_block_options_detached":false,"_editorskit_block_options_position":"{}"},"product_brand":[],"product_cat":[97,115],"product_tag":[],"class_list":{"0":"post-21781","1":"product","2":"type-product","3":"status-publish","4":"has-post-thumbnail","6":"product_cat-plomberie","7":"product_cat-filtre-eau","8":"pa_brand-atlas-filtri","10":"first","11":"outofstock","12":"shipping-taxable","13":"purchasable","14":"product-type-simple"},"yoast_head":"<!-- This site is optimized with the Yoast SEO Premium plugin v25.4 (Yoast SEO v27.5) - https:\/\/yoast.com\/product\/yoast-seo-premium-wordpress\/ -->\n<title>Filtre \u00e0 eau Tamis GM ATLAS FILTRI - LIVRAISON en ALGERIE<\/title>\n<meta name=\"description\" content=\"D\u00e9couvrez le filtre \u00e0 eau Tamis GM de ATLAS FILTRI, sp\u00e9cialement con\u00e7u pour les foyers alg\u00e9riens. Assurez-vous une eau propre et filtr\u00e9e efficacement\" \/>\n<meta name=\"robots\" content=\"index, follow, max-snippet:-1, max-image-preview:large, max-video-preview:-1\" \/>\n<link rel=\"canonical\" href=\"https:\/\/cheliastore.dz\/product\/filtre-eau-tamis-gm-atlas-filtri\/\" \/>\n<meta property=\"og:locale\" content=\"ar_AR\" \/>\n<meta property=\"og:type\" content=\"article\" \/>\n<meta property=\"og:title\" content=\"Filtre \u00e0 eau \u00e0 tamis 10&quot; ATLAS FILTRI\" \/>\n<meta property=\"og:description\" content=\"D\u00e9couvrez le filtre \u00e0 eau Tamis GM de ATLAS FILTRI, sp\u00e9cialement con\u00e7u pour les foyers alg\u00e9riens. Assurez-vous une eau propre et filtr\u00e9e efficacement\" \/>\n<meta property=\"og:url\" content=\"https:\/\/cheliastore.dz\/product\/filtre-eau-tamis-gm-atlas-filtri\/\" \/>\n<meta property=\"og:site_name\" content=\"CHELIA STORE\" \/>\n<meta property=\"article:publisher\" content=\"https:\/\/web.facebook.com\/cheliastore\" \/>\n<meta property=\"article:modified_time\" content=\"2026-01-11T03:05:41+00:00\" \/>\n<meta property=\"og:image\" content=\"https:\/\/cheliastore.dz\/wp-content\/uploads\/2023\/07\/Filtre-a-Tamis-GM-ATLAS.png\" \/>\n\t<meta property=\"og:image:width\" content=\"433\" \/>\n\t<meta property=\"og:image:height\" content=\"577\" \/>\n\t<meta property=\"og:image:type\" content=\"image\/png\" \/>\n<meta name=\"twitter:card\" content=\"summary_large_image\" \/>\n<meta name=\"twitter:label1\" content=\"\u0648\u0642\u062a \u0627\u0644\u0642\u0631\u0627\u0621\u0629 \u0627\u0644\u0645\u064f\u0642\u062f\u0651\u0631\" \/>\n\t<meta name=\"twitter:data1\" content=\"\u062f\u0642\u064a\u0642\u062a\u0627\u0646\" \/>\n<script type=\"application\/ld+json\" class=\"yoast-schema-graph\">{\"@context\":\"https:\\\/\\\/schema.org\",\"@graph\":[{\"@type\":\"WebPage\",\"@id\":\"https:\\\/\\\/cheliastore.dz\\\/product\\\/filtre-eau-tamis-gm-atlas-filtri\\\/\",\"url\":\"https:\\\/\\\/cheliastore.dz\\\/product\\\/filtre-eau-tamis-gm-atlas-filtri\\\/\",\"name\":\"Filtre \u00e0 eau Tamis GM ATLAS FILTRI - LIVRAISON en ALGERIE\",\"isPartOf\":{\"@id\":\"https:\\\/\\\/cheliastore.dz\\\/#website\"},\"primaryImageOfPage\":{\"@id\":\"https:\\\/\\\/cheliastore.dz\\\/product\\\/filtre-eau-tamis-gm-atlas-filtri\\\/#primaryimage\"},\"image\":{\"@id\":\"https:\\\/\\\/cheliastore.dz\\\/product\\\/filtre-eau-tamis-gm-atlas-filtri\\\/#primaryimage\"},\"thumbnailUrl\":\"https:\\\/\\\/cheliastore.dz\\\/wp-content\\\/uploads\\\/2023\\\/07\\\/Filtre-a-Tamis-GM-ATLAS.png\",\"datePublished\":\"2023-07-29T11:40:28+00:00\",\"dateModified\":\"2026-01-11T03:05:41+00:00\",\"description\":\"D\u00e9couvrez le filtre \u00e0 eau Tamis GM de ATLAS FILTRI, sp\u00e9cialement con\u00e7u pour les foyers alg\u00e9riens. Assurez-vous une eau propre et filtr\u00e9e efficacement\",\"breadcrumb\":{\"@id\":\"https:\\\/\\\/cheliastore.dz\\\/product\\\/filtre-eau-tamis-gm-atlas-filtri\\\/#breadcrumb\"},\"inLanguage\":\"ar\",\"potentialAction\":[{\"@type\":\"ReadAction\",\"target\":[\"https:\\\/\\\/cheliastore.dz\\\/product\\\/filtre-eau-tamis-gm-atlas-filtri\\\/\"]}]},{\"@type\":\"ImageObject\",\"inLanguage\":\"ar\",\"@id\":\"https:\\\/\\\/cheliastore.dz\\\/product\\\/filtre-eau-tamis-gm-atlas-filtri\\\/#primaryimage\",\"url\":\"https:\\\/\\\/cheliastore.dz\\\/wp-content\\\/uploads\\\/2023\\\/07\\\/Filtre-a-Tamis-GM-ATLAS.png\",\"contentUrl\":\"https:\\\/\\\/cheliastore.dz\\\/wp-content\\\/uploads\\\/2023\\\/07\\\/Filtre-a-Tamis-GM-ATLAS.png\",\"width\":433,\"height\":577,\"caption\":\"Filtre \u00e0 Tamis GM ATLAS\"},{\"@type\":\"BreadcrumbList\",\"@id\":\"https:\\\/\\\/cheliastore.dz\\\/product\\\/filtre-eau-tamis-gm-atlas-filtri\\\/#breadcrumb\",\"itemListElement\":[{\"@type\":\"ListItem\",\"position\":1,\"name\":\"\u0627\u0644\u0631\u0626\u064a\u0633\u064a\u0629\",\"item\":\"https:\\\/\\\/cheliastore.dz\\\/ar\\\/\"},{\"@type\":\"ListItem\",\"position\":2,\"name\":\"Boutique\",\"item\":\"https:\\\/\\\/cheliastore.dz\\\/ar\\\/shop\\\/\"},{\"@type\":\"ListItem\",\"position\":3,\"name\":\"Filtre \u00e0 eau \u00e0 tamis 10&Prime; ATLAS FILTRI\"}]},{\"@type\":\"WebSite\",\"@id\":\"https:\\\/\\\/cheliastore.dz\\\/#website\",\"url\":\"https:\\\/\\\/cheliastore.dz\\\/\",\"name\":\"CHELIA STORE\",\"description\":\"CHELIA STORE\",\"publisher\":{\"@id\":\"https:\\\/\\\/cheliastore.dz\\\/#organization\"},\"potentialAction\":[{\"@type\":\"SearchAction\",\"target\":{\"@type\":\"EntryPoint\",\"urlTemplate\":\"https:\\\/\\\/cheliastore.dz\\\/?s={search_term_string}\"},\"query-input\":{\"@type\":\"PropertyValueSpecification\",\"valueRequired\":true,\"valueName\":\"search_term_string\"}}],\"inLanguage\":\"ar\"},{\"@type\":\"Organization\",\"@id\":\"https:\\\/\\\/cheliastore.dz\\\/#organization\",\"name\":\"Chelia Store\",\"url\":\"https:\\\/\\\/cheliastore.dz\\\/\",\"logo\":{\"@type\":\"ImageObject\",\"inLanguage\":\"ar\",\"@id\":\"https:\\\/\\\/cheliastore.dz\\\/#\\\/schema\\\/logo\\\/image\\\/\",\"url\":\"https:\\\/\\\/cheliastore.dz\\\/wp-content\\\/uploads\\\/2022\\\/01\\\/logo-final-250.png\",\"contentUrl\":\"https:\\\/\\\/cheliastore.dz\\\/wp-content\\\/uploads\\\/2022\\\/01\\\/logo-final-250.png\",\"width\":250,\"height\":78,\"caption\":\"Chelia Store\"},\"image\":{\"@id\":\"https:\\\/\\\/cheliastore.dz\\\/#\\\/schema\\\/logo\\\/image\\\/\"},\"sameAs\":[\"https:\\\/\\\/web.facebook.com\\\/cheliastore\",\"https:\\\/\\\/www.instagram.com\\\/quincaillerie.chelia\\\/\"]}]}<\/script>\n<!-- \/ Yoast SEO Premium plugin. -->","yoast_head_json":{"title":"Filtre \u00e0 eau Tamis GM ATLAS FILTRI - LIVRAISON en ALGERIE","description":"D\u00e9couvrez le filtre \u00e0 eau Tamis GM de ATLAS FILTRI, sp\u00e9cialement con\u00e7u pour les foyers alg\u00e9riens. Assurez-vous une eau propre et filtr\u00e9e efficacement","robots":{"index":"index","follow":"follow","max-snippet":"max-snippet:-1","max-image-preview":"max-image-preview:large","max-video-preview":"max-video-preview:-1"},"canonical":"https:\/\/cheliastore.dz\/product\/filtre-eau-tamis-gm-atlas-filtri\/","og_locale":"ar_AR","og_type":"article","og_title":"Filtre \u00e0 eau \u00e0 tamis 10\" ATLAS FILTRI","og_description":"D\u00e9couvrez le filtre \u00e0 eau Tamis GM de ATLAS FILTRI, sp\u00e9cialement con\u00e7u pour les foyers alg\u00e9riens. Assurez-vous une eau propre et filtr\u00e9e efficacement","og_url":"https:\/\/cheliastore.dz\/product\/filtre-eau-tamis-gm-atlas-filtri\/","og_site_name":"CHELIA STORE","article_publisher":"https:\/\/web.facebook.com\/cheliastore","article_modified_time":"2026-01-11T03:05:41+00:00","og_image":[{"width":433,"height":577,"url":"https:\/\/cheliastore.dz\/wp-content\/uploads\/2023\/07\/Filtre-a-Tamis-GM-ATLAS.png","type":"image\/png"}],"twitter_card":"summary_large_image","twitter_misc":{"\u0648\u0642\u062a \u0627\u0644\u0642\u0631\u0627\u0621\u0629 \u0627\u0644\u0645\u064f\u0642\u062f\u0651\u0631":"\u062f\u0642\u064a\u0642\u062a\u0627\u0646"},"schema":{"@context":"https:\/\/schema.org","@graph":[{"@type":"WebPage","@id":"https:\/\/cheliastore.dz\/product\/filtre-eau-tamis-gm-atlas-filtri\/","url":"https:\/\/cheliastore.dz\/product\/filtre-eau-tamis-gm-atlas-filtri\/","name":"Filtre \u00e0 eau Tamis GM ATLAS FILTRI - LIVRAISON en ALGERIE","isPartOf":{"@id":"https:\/\/cheliastore.dz\/#website"},"primaryImageOfPage":{"@id":"https:\/\/cheliastore.dz\/product\/filtre-eau-tamis-gm-atlas-filtri\/#primaryimage"},"image":{"@id":"https:\/\/cheliastore.dz\/product\/filtre-eau-tamis-gm-atlas-filtri\/#primaryimage"},"thumbnailUrl":"https:\/\/cheliastore.dz\/wp-content\/uploads\/2023\/07\/Filtre-a-Tamis-GM-ATLAS.png","datePublished":"2023-07-29T11:40:28+00:00","dateModified":"2026-01-11T03:05:41+00:00","description":"D\u00e9couvrez le filtre \u00e0 eau Tamis GM de ATLAS FILTRI, sp\u00e9cialement con\u00e7u pour les foyers alg\u00e9riens. Assurez-vous une eau propre et filtr\u00e9e efficacement","breadcrumb":{"@id":"https:\/\/cheliastore.dz\/product\/filtre-eau-tamis-gm-atlas-filtri\/#breadcrumb"},"inLanguage":"ar","potentialAction":[{"@type":"ReadAction","target":["https:\/\/cheliastore.dz\/product\/filtre-eau-tamis-gm-atlas-filtri\/"]}]},{"@type":"ImageObject","inLanguage":"ar","@id":"https:\/\/cheliastore.dz\/product\/filtre-eau-tamis-gm-atlas-filtri\/#primaryimage","url":"https:\/\/cheliastore.dz\/wp-content\/uploads\/2023\/07\/Filtre-a-Tamis-GM-ATLAS.png","contentUrl":"https:\/\/cheliastore.dz\/wp-content\/uploads\/2023\/07\/Filtre-a-Tamis-GM-ATLAS.png","width":433,"height":577,"caption":"Filtre \u00e0 Tamis GM ATLAS"},{"@type":"BreadcrumbList","@id":"https:\/\/cheliastore.dz\/product\/filtre-eau-tamis-gm-atlas-filtri\/#breadcrumb","itemListElement":[{"@type":"ListItem","position":1,"name":"\u0627\u0644\u0631\u0626\u064a\u0633\u064a\u0629","item":"https:\/\/cheliastore.dz\/ar\/"},{"@type":"ListItem","position":2,"name":"Boutique","item":"https:\/\/cheliastore.dz\/ar\/shop\/"},{"@type":"ListItem","position":3,"name":"Filtre \u00e0 eau \u00e0 tamis 10&Prime; ATLAS FILTRI"}]},{"@type":"WebSite","@id":"https:\/\/cheliastore.dz\/#website","url":"https:\/\/cheliastore.dz\/","name":"CHELIA STORE","description":"CHELIA STORE","publisher":{"@id":"https:\/\/cheliastore.dz\/#organization"},"potentialAction":[{"@type":"SearchAction","target":{"@type":"EntryPoint","urlTemplate":"https:\/\/cheliastore.dz\/?s={search_term_string}"},"query-input":{"@type":"PropertyValueSpecification","valueRequired":true,"valueName":"search_term_string"}}],"inLanguage":"ar"},{"@type":"Organization","@id":"https:\/\/cheliastore.dz\/#organization","name":"Chelia Store","url":"https:\/\/cheliastore.dz\/","logo":{"@type":"ImageObject","inLanguage":"ar","@id":"https:\/\/cheliastore.dz\/#\/schema\/logo\/image\/","url":"https:\/\/cheliastore.dz\/wp-content\/uploads\/2022\/01\/logo-final-250.png","contentUrl":"https:\/\/cheliastore.dz\/wp-content\/uploads\/2022\/01\/logo-final-250.png","width":250,"height":78,"caption":"Chelia Store"},"image":{"@id":"https:\/\/cheliastore.dz\/#\/schema\/logo\/image\/"},"sameAs":["https:\/\/web.facebook.com\/cheliastore","https:\/\/www.instagram.com\/quincaillerie.chelia\/"]}]}},"_links":{"self":[{"href":"https:\/\/cheliastore.dz\/ar\/wp-json\/wp\/v2\/product\/21781","targetHints":{"allow":["GET"]}}],"collection":[{"href":"https:\/\/cheliastore.dz\/ar\/wp-json\/wp\/v2\/product"}],"about":[{"href":"https:\/\/cheliastore.dz\/ar\/wp-json\/wp\/v2\/types\/product"}],"replies":[{"embeddable":true,"href":"https:\/\/cheliastore.dz\/ar\/wp-json\/wp\/v2\/comments?post=21781"}],"version-history":[{"count":4,"href":"https:\/\/cheliastore.dz\/ar\/wp-json\/wp\/v2\/product\/21781\/revisions"}],"predecessor-version":[{"id":73050,"href":"https:\/\/cheliastore.dz\/ar\/wp-json\/wp\/v2\/product\/21781\/revisions\/73050"}],"wp:featuredmedia":[{"embeddable":true,"href":"https:\/\/cheliastore.dz\/ar\/wp-json\/wp\/v2\/media\/21782"}],"wp:attachment":[{"href":"https:\/\/cheliastore.dz\/ar\/wp-json\/wp\/v2\/media?parent=21781"}],"wp:term":[{"taxonomy":"product_brand","embeddable":true,"href":"https:\/\/cheliastore.dz\/ar\/wp-json\/wp\/v2\/product_brand?post=21781"},{"taxonomy":"product_cat","embeddable":true,"href":"https:\/\/cheliastore.dz\/ar\/wp-json\/wp\/v2\/product_cat?post=21781"},{"taxonomy":"product_tag","embeddable":true,"href":"https:\/\/cheliastore.dz\/ar\/wp-json\/wp\/v2\/product_tag?post=21781"}],"curies":[{"name":"wp","href":"https:\/\/api.w.org\/{rel}","templated":true}]}}