{"id":21777,"date":"2023-07-29T11:24:23","date_gmt":"2023-07-29T11:24:23","guid":{"rendered":"https:\/\/cheliastore.com\/?post_type=product&#038;p=21777"},"modified":"2026-01-11T03:07:45","modified_gmt":"2026-01-11T03:07:45","slug":"filtre-eau-tamis-pm-atlas-filtri","status":"publish","type":"product","link":"https:\/\/cheliastore.dz\/ar\/product\/filtre-eau-tamis-pm-atlas-filtri\/","title":{"rendered":"FILTRE A TAMIS TRANSPARANT 5 ATLAS FILTRI"},"content":{"rendered":"<h1>Filtre \u00e0 eau Tamis PM ATLAS FILTRI<\/h1>\n<p>Filtre \u00e0 eau Tamis PM ATLAS de la marque <strong>Italienne ATLAS FILTRI<\/strong>, dispose d\u2019une bonne qualit\u00e9 de fabrication. Mat\u00e9riaux atoxiques polypropyl\u00e8ne et PET, adapt\u00e9s \u00e0 l\u2019eau potable\u2026<\/p>\n<p>Ils sont commercialis\u00e9s sur le march\u00e9 en version simple,<strong> DUPLEX et TRIPLEX<\/strong> avec cuve transparente et opaque. Les raccords ENTR\u00c9E \/ SORTIE sont disponibles avec des filetages en laiton BSP 1\/2 , 3\/4 et 1 ou des filetages en plastique BSP ou NPT. Les corps PLUS 3P SX peuvent recevoir des cartouches d\u2019une hauteur allant de 5\u201d \u00e0 20\u201d. Atlas Filtri tient \u00e0 prot\u00e9ger l\u2019environnement : c\u2019est pourquoi nous investissons dans des technologies de production modernes pour fabriquer nos <strong>filtres \u00e0 eau<\/strong> et n\u2019utilisons que des mati\u00e8res premi\u00e8res ayant un impact faible sur l\u2019environnement.<\/p>\n<p>Gr\u00e2ce \u00e0 la technique innovante de conception des mod\u00e8les doubles et triples, caract\u00e9ris\u00e9s par une t\u00eate monobloc, les filtres \u00e0 cartouches PLUS 3P SX \u00a0offrent d\u2019excellentes performances en termes de s\u00e9curit\u00e9 ainsi qu\u2019une installation facile et rapide. Pour un contr\u00f4le int\u00e9gral des conditions de fonctionnement, ces filtres \u00e0 eau simples sont disponibles en version M avec<strong> 2 manom\u00e8tres<\/strong>.<br \/>\nUne large gamme d\u2019accessoires et de<strong> pi\u00e8ces de rechange<\/strong> est disponible sur demande.<\/p>\n<ul>\n<li>Cuve transparente.<\/li>\n<li>Rechange de filtre fabriqu\u00e9 en polypropyl\u00e8ne par surmoulage (sans colle).<\/li>\n<li><strong>Boitier bleu<\/strong> avec fixation de support mural.<\/li>\n<li>Soupape d\u2019\u00e9vacuation pour lib\u00e9rer la pression.<\/li>\n<li>Filetage en laiton.<\/li>\n<li>Temp\u00e9rateur de service : maximale 45\u00b0, minimale 4\u00b0<\/li>\n<li>Pression de service: maximale 8 bar, minimale 0.5 bar.<\/li>\n<li>Cl\u00e9 en plastique pour serrer et desserer la cuve une fois le filtre \u00e0 eau est fix\u00e9 sur le mur.<\/li>\n<li><strong>Hauteur : 20 cm.<\/strong><\/li>\n<\/ul>\n<div class=\"field field-name-body field-type-text-with-summary field-label-hidden clearfix\">\n<h3><strong>Les Avantages du filtre a eau Tamis<\/strong><\/h3>\n<\/div>\n<ul>\n<li class=\"field field-name-field-testo field-type-text field-label-hidden clearfix\">Mat\u00e9riaux atoxiques, adapt\u00e9s \u00e0 l\u2019eau potable<\/li>\n<li class=\"field field-name-field-testo field-type-text field-label-hidden clearfix\">Ouverture et fermeture faciles, \u00e9tanch\u00e9it\u00e9 par bague<\/li>\n<li class=\"field field-name-field-testo field-type-text field-label-hidden clearfix\">Fiabilit\u00e9 et commodit\u00e9 des syst\u00e8mes doubles et des syst\u00e8mes triples<\/li>\n<li class=\"field field-name-field-testo field-type-text field-label-hidden clearfix\">Installation rapide et s\u00fbre<\/li>\n<li class=\"field field-name-field-testo field-type-text field-label-hidden clearfix\">Contr\u00f4le maximum gr\u00e2ce aux manom\u00e8tres<\/li>\n<li class=\"field field-name-field-testo field-type-text field-label-hidden clearfix\">Large gamme d&#8217;accessoires.<\/li>\n<\/ul>\n<blockquote><p>Pour plus d&#8217;informations, visitez notre site web <a href=\"http:\/\/www.cheliastore.com\">http:\/\/www.cheliastore.com<\/a><\/p>\n<p>Vous pouvez aussi visiter le site officiel de la marque ATLAS FILTRI <a href=\"https:\/\/www.atlasfiltri.com\/fr\/produits\/corps-de-filtres-a-eau\">https:\/\/www.atlasfiltri.com\/fr\/produits\/corps-de-filtres-a-eau<\/a><\/p><\/blockquote>\n","protected":false},"excerpt":{"rendered":"<p>Filtre \u00e0 eau Tamis PM ATLAS de la marque <strong>Italienne ATLAS FILTRI<\/strong>, dispose d\u2019une bonne qualit\u00e9 de fabrication. Mat\u00e9riaux atoxiques polypropyl\u00e8ne et PET, adapt\u00e9s \u00e0 l\u2019eau potable\u2026<\/p>\n","protected":false},"featured_media":21778,"comment_status":"open","ping_status":"closed","template":"","meta":{"_editorskit_title_hidden":false,"_editorskit_reading_time":0,"_editorskit_is_block_options_detached":false,"_editorskit_block_options_position":"{}"},"product_brand":[],"product_cat":[97,115],"product_tag":[],"class_list":{"0":"post-21777","1":"product","2":"type-product","3":"status-publish","4":"has-post-thumbnail","6":"product_cat-plomberie","7":"product_cat-filtre-eau","8":"pa_brand-atlas-filtri","10":"first","11":"outofstock","12":"shipping-taxable","13":"purchasable","14":"product-type-simple"},"yoast_head":"<!-- This site is optimized with the Yoast SEO Premium plugin v25.4 (Yoast SEO v27.5) - https:\/\/yoast.com\/product\/yoast-seo-premium-wordpress\/ -->\n<title>FILTRE A TAMIS TRANSPARANT 5 ATLAS FILTRI - Achat en ligne Alg\u00e9rie<\/title>\n<meta name=\"description\" content=\"Commandez le filtre \u00e0 eau Tamis Petit mod\u00e8le de ATLAS FILTRI \u00e0 un prix unique en Alg\u00e9rie, parfait pour une filtration efficace et compacte...\" \/>\n<meta name=\"robots\" content=\"index, follow, max-snippet:-1, max-image-preview:large, max-video-preview:-1\" \/>\n<link rel=\"canonical\" href=\"https:\/\/cheliastore.dz\/product\/filtre-eau-tamis-pm-atlas-filtri\/\" \/>\n<meta property=\"og:locale\" content=\"ar_AR\" \/>\n<meta property=\"og:type\" content=\"article\" \/>\n<meta property=\"og:title\" content=\"FILTRE A TAMIS TRANSPARANT 5 ATLAS FILTRI\" \/>\n<meta property=\"og:description\" content=\"Commandez le filtre \u00e0 eau Tamis Petit mod\u00e8le de ATLAS FILTRI \u00e0 un prix unique en Alg\u00e9rie, parfait pour une filtration efficace et compacte...\" \/>\n<meta property=\"og:url\" content=\"https:\/\/cheliastore.dz\/product\/filtre-eau-tamis-pm-atlas-filtri\/\" \/>\n<meta property=\"og:site_name\" content=\"CHELIA STORE\" \/>\n<meta property=\"article:publisher\" content=\"https:\/\/web.facebook.com\/cheliastore\" \/>\n<meta property=\"article:modified_time\" content=\"2026-01-11T03:07:45+00:00\" \/>\n<meta property=\"og:image\" content=\"https:\/\/cheliastore.dz\/wp-content\/uploads\/2023\/07\/Filtre-a-Tamis-PM-ATLAS.png\" \/>\n\t<meta property=\"og:image:width\" content=\"600\" \/>\n\t<meta property=\"og:image:height\" content=\"503\" \/>\n\t<meta property=\"og:image:type\" content=\"image\/png\" \/>\n<meta name=\"twitter:card\" content=\"summary_large_image\" \/>\n<meta name=\"twitter:label1\" content=\"\u0648\u0642\u062a \u0627\u0644\u0642\u0631\u0627\u0621\u0629 \u0627\u0644\u0645\u064f\u0642\u062f\u0651\u0631\" \/>\n\t<meta name=\"twitter:data1\" content=\"\u062f\u0642\u064a\u0642\u062a\u0627\u0646\" \/>\n<script type=\"application\/ld+json\" class=\"yoast-schema-graph\">{\"@context\":\"https:\\\/\\\/schema.org\",\"@graph\":[{\"@type\":\"WebPage\",\"@id\":\"https:\\\/\\\/cheliastore.dz\\\/product\\\/filtre-eau-tamis-pm-atlas-filtri\\\/\",\"url\":\"https:\\\/\\\/cheliastore.dz\\\/product\\\/filtre-eau-tamis-pm-atlas-filtri\\\/\",\"name\":\"FILTRE A TAMIS TRANSPARANT 5 ATLAS FILTRI - Achat en ligne Alg\u00e9rie\",\"isPartOf\":{\"@id\":\"https:\\\/\\\/cheliastore.dz\\\/#website\"},\"primaryImageOfPage\":{\"@id\":\"https:\\\/\\\/cheliastore.dz\\\/product\\\/filtre-eau-tamis-pm-atlas-filtri\\\/#primaryimage\"},\"image\":{\"@id\":\"https:\\\/\\\/cheliastore.dz\\\/product\\\/filtre-eau-tamis-pm-atlas-filtri\\\/#primaryimage\"},\"thumbnailUrl\":\"https:\\\/\\\/cheliastore.dz\\\/wp-content\\\/uploads\\\/2023\\\/07\\\/Filtre-a-Tamis-PM-ATLAS.png\",\"datePublished\":\"2023-07-29T11:24:23+00:00\",\"dateModified\":\"2026-01-11T03:07:45+00:00\",\"description\":\"Commandez le filtre \u00e0 eau Tamis Petit mod\u00e8le de ATLAS FILTRI \u00e0 un prix unique en Alg\u00e9rie, parfait pour une filtration efficace et compacte...\",\"breadcrumb\":{\"@id\":\"https:\\\/\\\/cheliastore.dz\\\/product\\\/filtre-eau-tamis-pm-atlas-filtri\\\/#breadcrumb\"},\"inLanguage\":\"ar\",\"potentialAction\":[{\"@type\":\"ReadAction\",\"target\":[\"https:\\\/\\\/cheliastore.dz\\\/product\\\/filtre-eau-tamis-pm-atlas-filtri\\\/\"]}]},{\"@type\":\"ImageObject\",\"inLanguage\":\"ar\",\"@id\":\"https:\\\/\\\/cheliastore.dz\\\/product\\\/filtre-eau-tamis-pm-atlas-filtri\\\/#primaryimage\",\"url\":\"https:\\\/\\\/cheliastore.dz\\\/wp-content\\\/uploads\\\/2023\\\/07\\\/Filtre-a-Tamis-PM-ATLAS.png\",\"contentUrl\":\"https:\\\/\\\/cheliastore.dz\\\/wp-content\\\/uploads\\\/2023\\\/07\\\/Filtre-a-Tamis-PM-ATLAS.png\",\"width\":600,\"height\":503,\"caption\":\"Filtre \u00e0 Tamis PM ATLAS.\"},{\"@type\":\"BreadcrumbList\",\"@id\":\"https:\\\/\\\/cheliastore.dz\\\/product\\\/filtre-eau-tamis-pm-atlas-filtri\\\/#breadcrumb\",\"itemListElement\":[{\"@type\":\"ListItem\",\"position\":1,\"name\":\"\u0627\u0644\u0631\u0626\u064a\u0633\u064a\u0629\",\"item\":\"https:\\\/\\\/cheliastore.dz\\\/ar\\\/\"},{\"@type\":\"ListItem\",\"position\":2,\"name\":\"Boutique\",\"item\":\"https:\\\/\\\/cheliastore.dz\\\/ar\\\/shop\\\/\"},{\"@type\":\"ListItem\",\"position\":3,\"name\":\"FILTRE A TAMIS TRANSPARANT 5 ATLAS FILTRI\"}]},{\"@type\":\"WebSite\",\"@id\":\"https:\\\/\\\/cheliastore.dz\\\/#website\",\"url\":\"https:\\\/\\\/cheliastore.dz\\\/\",\"name\":\"CHELIA STORE\",\"description\":\"CHELIA STORE\",\"publisher\":{\"@id\":\"https:\\\/\\\/cheliastore.dz\\\/#organization\"},\"potentialAction\":[{\"@type\":\"SearchAction\",\"target\":{\"@type\":\"EntryPoint\",\"urlTemplate\":\"https:\\\/\\\/cheliastore.dz\\\/?s={search_term_string}\"},\"query-input\":{\"@type\":\"PropertyValueSpecification\",\"valueRequired\":true,\"valueName\":\"search_term_string\"}}],\"inLanguage\":\"ar\"},{\"@type\":\"Organization\",\"@id\":\"https:\\\/\\\/cheliastore.dz\\\/#organization\",\"name\":\"Chelia Store\",\"url\":\"https:\\\/\\\/cheliastore.dz\\\/\",\"logo\":{\"@type\":\"ImageObject\",\"inLanguage\":\"ar\",\"@id\":\"https:\\\/\\\/cheliastore.dz\\\/#\\\/schema\\\/logo\\\/image\\\/\",\"url\":\"https:\\\/\\\/cheliastore.dz\\\/wp-content\\\/uploads\\\/2022\\\/01\\\/logo-final-250.png\",\"contentUrl\":\"https:\\\/\\\/cheliastore.dz\\\/wp-content\\\/uploads\\\/2022\\\/01\\\/logo-final-250.png\",\"width\":250,\"height\":78,\"caption\":\"Chelia Store\"},\"image\":{\"@id\":\"https:\\\/\\\/cheliastore.dz\\\/#\\\/schema\\\/logo\\\/image\\\/\"},\"sameAs\":[\"https:\\\/\\\/web.facebook.com\\\/cheliastore\",\"https:\\\/\\\/www.instagram.com\\\/quincaillerie.chelia\\\/\"]}]}<\/script>\n<!-- \/ Yoast SEO Premium plugin. -->","yoast_head_json":{"title":"FILTRE A TAMIS TRANSPARANT 5 ATLAS FILTRI - Achat en ligne Alg\u00e9rie","description":"Commandez le filtre \u00e0 eau Tamis Petit mod\u00e8le de ATLAS FILTRI \u00e0 un prix unique en Alg\u00e9rie, parfait pour une filtration efficace et compacte...","robots":{"index":"index","follow":"follow","max-snippet":"max-snippet:-1","max-image-preview":"max-image-preview:large","max-video-preview":"max-video-preview:-1"},"canonical":"https:\/\/cheliastore.dz\/product\/filtre-eau-tamis-pm-atlas-filtri\/","og_locale":"ar_AR","og_type":"article","og_title":"FILTRE A TAMIS TRANSPARANT 5 ATLAS FILTRI","og_description":"Commandez le filtre \u00e0 eau Tamis Petit mod\u00e8le de ATLAS FILTRI \u00e0 un prix unique en Alg\u00e9rie, parfait pour une filtration efficace et compacte...","og_url":"https:\/\/cheliastore.dz\/product\/filtre-eau-tamis-pm-atlas-filtri\/","og_site_name":"CHELIA STORE","article_publisher":"https:\/\/web.facebook.com\/cheliastore","article_modified_time":"2026-01-11T03:07:45+00:00","og_image":[{"width":600,"height":503,"url":"https:\/\/cheliastore.dz\/wp-content\/uploads\/2023\/07\/Filtre-a-Tamis-PM-ATLAS.png","type":"image\/png"}],"twitter_card":"summary_large_image","twitter_misc":{"\u0648\u0642\u062a \u0627\u0644\u0642\u0631\u0627\u0621\u0629 \u0627\u0644\u0645\u064f\u0642\u062f\u0651\u0631":"\u062f\u0642\u064a\u0642\u062a\u0627\u0646"},"schema":{"@context":"https:\/\/schema.org","@graph":[{"@type":"WebPage","@id":"https:\/\/cheliastore.dz\/product\/filtre-eau-tamis-pm-atlas-filtri\/","url":"https:\/\/cheliastore.dz\/product\/filtre-eau-tamis-pm-atlas-filtri\/","name":"FILTRE A TAMIS TRANSPARANT 5 ATLAS FILTRI - Achat en ligne Alg\u00e9rie","isPartOf":{"@id":"https:\/\/cheliastore.dz\/#website"},"primaryImageOfPage":{"@id":"https:\/\/cheliastore.dz\/product\/filtre-eau-tamis-pm-atlas-filtri\/#primaryimage"},"image":{"@id":"https:\/\/cheliastore.dz\/product\/filtre-eau-tamis-pm-atlas-filtri\/#primaryimage"},"thumbnailUrl":"https:\/\/cheliastore.dz\/wp-content\/uploads\/2023\/07\/Filtre-a-Tamis-PM-ATLAS.png","datePublished":"2023-07-29T11:24:23+00:00","dateModified":"2026-01-11T03:07:45+00:00","description":"Commandez le filtre \u00e0 eau Tamis Petit mod\u00e8le de ATLAS FILTRI \u00e0 un prix unique en Alg\u00e9rie, parfait pour une filtration efficace et compacte...","breadcrumb":{"@id":"https:\/\/cheliastore.dz\/product\/filtre-eau-tamis-pm-atlas-filtri\/#breadcrumb"},"inLanguage":"ar","potentialAction":[{"@type":"ReadAction","target":["https:\/\/cheliastore.dz\/product\/filtre-eau-tamis-pm-atlas-filtri\/"]}]},{"@type":"ImageObject","inLanguage":"ar","@id":"https:\/\/cheliastore.dz\/product\/filtre-eau-tamis-pm-atlas-filtri\/#primaryimage","url":"https:\/\/cheliastore.dz\/wp-content\/uploads\/2023\/07\/Filtre-a-Tamis-PM-ATLAS.png","contentUrl":"https:\/\/cheliastore.dz\/wp-content\/uploads\/2023\/07\/Filtre-a-Tamis-PM-ATLAS.png","width":600,"height":503,"caption":"Filtre \u00e0 Tamis PM ATLAS."},{"@type":"BreadcrumbList","@id":"https:\/\/cheliastore.dz\/product\/filtre-eau-tamis-pm-atlas-filtri\/#breadcrumb","itemListElement":[{"@type":"ListItem","position":1,"name":"\u0627\u0644\u0631\u0626\u064a\u0633\u064a\u0629","item":"https:\/\/cheliastore.dz\/ar\/"},{"@type":"ListItem","position":2,"name":"Boutique","item":"https:\/\/cheliastore.dz\/ar\/shop\/"},{"@type":"ListItem","position":3,"name":"FILTRE A TAMIS TRANSPARANT 5 ATLAS FILTRI"}]},{"@type":"WebSite","@id":"https:\/\/cheliastore.dz\/#website","url":"https:\/\/cheliastore.dz\/","name":"CHELIA STORE","description":"CHELIA STORE","publisher":{"@id":"https:\/\/cheliastore.dz\/#organization"},"potentialAction":[{"@type":"SearchAction","target":{"@type":"EntryPoint","urlTemplate":"https:\/\/cheliastore.dz\/?s={search_term_string}"},"query-input":{"@type":"PropertyValueSpecification","valueRequired":true,"valueName":"search_term_string"}}],"inLanguage":"ar"},{"@type":"Organization","@id":"https:\/\/cheliastore.dz\/#organization","name":"Chelia Store","url":"https:\/\/cheliastore.dz\/","logo":{"@type":"ImageObject","inLanguage":"ar","@id":"https:\/\/cheliastore.dz\/#\/schema\/logo\/image\/","url":"https:\/\/cheliastore.dz\/wp-content\/uploads\/2022\/01\/logo-final-250.png","contentUrl":"https:\/\/cheliastore.dz\/wp-content\/uploads\/2022\/01\/logo-final-250.png","width":250,"height":78,"caption":"Chelia Store"},"image":{"@id":"https:\/\/cheliastore.dz\/#\/schema\/logo\/image\/"},"sameAs":["https:\/\/web.facebook.com\/cheliastore","https:\/\/www.instagram.com\/quincaillerie.chelia\/"]}]}},"_links":{"self":[{"href":"https:\/\/cheliastore.dz\/ar\/wp-json\/wp\/v2\/product\/21777","targetHints":{"allow":["GET"]}}],"collection":[{"href":"https:\/\/cheliastore.dz\/ar\/wp-json\/wp\/v2\/product"}],"about":[{"href":"https:\/\/cheliastore.dz\/ar\/wp-json\/wp\/v2\/types\/product"}],"replies":[{"embeddable":true,"href":"https:\/\/cheliastore.dz\/ar\/wp-json\/wp\/v2\/comments?post=21777"}],"version-history":[{"count":1,"href":"https:\/\/cheliastore.dz\/ar\/wp-json\/wp\/v2\/product\/21777\/revisions"}],"predecessor-version":[{"id":57192,"href":"https:\/\/cheliastore.dz\/ar\/wp-json\/wp\/v2\/product\/21777\/revisions\/57192"}],"wp:featuredmedia":[{"embeddable":true,"href":"https:\/\/cheliastore.dz\/ar\/wp-json\/wp\/v2\/media\/21778"}],"wp:attachment":[{"href":"https:\/\/cheliastore.dz\/ar\/wp-json\/wp\/v2\/media?parent=21777"}],"wp:term":[{"taxonomy":"product_brand","embeddable":true,"href":"https:\/\/cheliastore.dz\/ar\/wp-json\/wp\/v2\/product_brand?post=21777"},{"taxonomy":"product_cat","embeddable":true,"href":"https:\/\/cheliastore.dz\/ar\/wp-json\/wp\/v2\/product_cat?post=21777"},{"taxonomy":"product_tag","embeddable":true,"href":"https:\/\/cheliastore.dz\/ar\/wp-json\/wp\/v2\/product_tag?post=21777"}],"curies":[{"name":"wp","href":"https:\/\/api.w.org\/{rel}","templated":true}]}}