{"id":21764,"date":"2023-07-27T14:57:30","date_gmt":"2023-07-27T14:57:30","guid":{"rendered":"https:\/\/cheliastore.com\/?post_type=product&#038;p=21764"},"modified":"2026-01-11T03:09:17","modified_gmt":"2026-01-11T03:09:17","slug":"filtre-double-charbon-cristaux-pm-atlas","status":"publish","type":"product","link":"https:\/\/cheliastore.dz\/ar\/product\/filtre-double-charbon-cristaux-pm-atlas\/","title":{"rendered":"FILTRE DOUBLE CHARBON CRISTAUX 5 ATLAS FILTRI"},"content":{"rendered":"<h1>Filtre \u00e0 eau Double Charbon+Cristaux PM ATLAS FILTRI<\/h1>\n<div class=\"blockSub up\">\n<div class=\"field field-name-field-sottotitolo field-type-text field-label-hidden clearfix\">Filtre \u00e0 eau Double Charbon+Cristaux PM ATLAS PLUS \u00a0D\u2019ATLAS FILTRI SONT DES CORPS ADAPT\u00c9S AUX CARTOUCHES EXCLUSIVES M SX (DOE) D\u2019UNE TAILLE DE 5\u201d AVEC UN DIAM\u00c8TRE DE 50 MM ET 5\u201d DE HAUTEUR.<\/div>\n<\/div>\n<div class=\"field field-name-body field-type-text-with-summary field-label-hidden clearfix\">\n<p>Ils existent en versions simple ou DUPLEX et sont disponibles dans les versions 3P (\u00e9quip\u00e9s d\u2019une bague, d\u2019une t\u00eate et d\u2019une cuve) ou 2P (sans bague), avec une cuve transparente ou opaque.<br \/>\nLes filtres \u00e0 cartouche MIGNON PLUS s\u2019adaptent \u00e0 de nombreux besoins gr\u00e2ce \u00e0 leurs 3 diff\u00e9rentes configurations pour les raccords ENTR\u00c9E\/SORTIE en laiton : L avec raccords lin\u00e9aires 1\/2 et 3\/4 ; S avec raccords 1\/2\u201d \u00e0 90\u00b0 ; SL \u00e0 triple raccord 1\/2&#8243;.<\/p>\n<p>Les corps pour filtres \u00e0 eau MIGNON PLUS disposent d\u2019accessoires et de pi\u00e8ces de rechange multiples destin\u00e9s \u00e0 assurer une installation et un entretien appropri\u00e9s. Atlas Filtri utilise une technologie et des mat\u00e9riaux d\u2019excellence pour fabriquer toute sa gamme de <a href=\"https:\/\/cheliastore.dz\/?s=filtre&amp;post_type=product&amp;product_cat=0\" target=\"_blank\" rel=\"noopener\"><em><strong>filtres \u00e0 eau<\/strong><\/em><\/a>, en proc\u00e9dant \u00e0 des contr\u00f4les constants afin de garantir la conformit\u00e9 de ses produits aux crit\u00e8res de qualit\u00e9 des normes internationales les plus strictes.<\/p>\n<h3><strong>Les Avantages <\/strong><\/h3>\n<ul>\n<li>Mat\u00e9riaux atoxiques, adapt\u00e9s \u00e0 l\u2019eau potable,<\/li>\n<li class=\"field field-name-field-testo field-type-text field-label-hidden clearfix\">Installation pratique et rapide,<\/li>\n<li class=\"field field-name-field-testo field-type-text field-label-hidden clearfix\">Flexibilit\u00e9 totale gr\u00e2ce aux diff\u00e9rentes configurations,<\/li>\n<li class=\"field field-name-field-testo field-type-text field-label-hidden clearfix\">S\u00e9curit\u00e9 et confort optimaux avec le mod\u00e8le DUPLEX,<\/li>\n<li class=\"field field-name-field-testo field-type-text field-label-hidden clearfix\">Large gamme d&#8217;accessoires.<\/li>\n<\/ul>\n<h3><strong>Caract\u00e9ristiques<\/strong><\/h3>\n<div>\n<ul>\n<li class=\"field field-name-field-testo field-type-text field-label-hidden clearfix\">Filtres \u00e0 eau con\u00e7us pour les POU<\/li>\n<li class=\"field field-name-field-testo field-type-text field-label-hidden clearfix\">Mod\u00e8le MIGNON PLUS \u00e0 2 ou 3 pi\u00e8ces<\/li>\n<li class=\"field field-name-field-testo field-type-text field-label-hidden clearfix\">Versions simple ou DUPLEX<\/li>\n<li class=\"field field-name-field-testo field-type-text field-label-hidden clearfix\">Convient aux cartouches SX (DOE)<\/li>\n<li class=\"field field-name-field-testo field-type-text field-label-hidden clearfix\">Raccords ENTR\u00c9E\/SORTIE femelles 1\/2\u201d et 3\/4&#8243; (L) mod\u00e8les L\u201d, \u201cS\u201d, \u201cSL<\/li>\n<li class=\"field field-name-field-testo field-type-text field-label-hidden clearfix\">Filetage m\u00e9tallique BSP<\/li>\n<li class=\"field field-name-field-testo field-type-text field-label-hidden clearfix\">Cuves transparentes (TS) ou opaques (AB)<\/li>\n<li class=\"field field-name-field-testo field-type-text field-label-hidden clearfix\">Hauteurs de cartouches qui peuvent \u00eatre install\u00e9es : 5\u201d<\/li>\n<li class=\"field field-name-field-testo field-type-text field-label-hidden clearfix\">Diam\u00e8tre externe des cartouches pouvant \u00eatre install\u00e9es : 50 mm<\/li>\n<li class=\"field field-name-field-testo field-type-text field-label-hidden clearfix\">Mat\u00e9riaux : &#8211; polypropyl\u00e8ne renforc\u00e9, SAN<\/li>\n<li class=\"field field-name-field-testo field-type-text field-label-hidden clearfix\">Temp\u00e9rature de service maximale\u00a0: 45 \u00b0C (113 \u00b0 F)<\/li>\n<li class=\"field field-name-field-testo field-type-text field-label-hidden clearfix\">Pression de service maximale: 8\u00a0bars (116\u00a0psi)<\/li>\n<\/ul>\n<\/div>\n<blockquote><p>Pour plus d&#8217;informations, visitez notre site web <a href=\"http:\/\/www.cheliastore.com\">http:\/\/www.cheliastore.com<\/a><\/p>\n<p>Vous pouvez aussi visiter le site officiel de la marque\u00a0 <a href=\"https:\/\/www.atlasfiltri.com\/fr\/produits\/corps-de-filtres-a-eau\">https:\/\/www.atlasfiltri.com\/fr\/produits\/corps-de-filtres-a-eau<\/a><\/p><\/blockquote>\n<\/div>\n","protected":false},"excerpt":{"rendered":"<p>Filtre \u00e0 eau Double Charbon+Cristaux PM ATLAS PLUS \u00a0D\u2019ATLAS FILTRI SONT DES CORPS ADAPT\u00c9S AUX CARTOUCHES EXCLUSIVES M SX (DOE) D\u2019UNE TAILLE DE 5\u201d AVEC UN DIAM\u00c8TRE DE 50 MM ET 5\u201d DE HAUTEUR.<\/p>\n","protected":false},"featured_media":21765,"comment_status":"open","ping_status":"closed","template":"","meta":{"_editorskit_title_hidden":false,"_editorskit_reading_time":0,"_editorskit_is_block_options_detached":false,"_editorskit_block_options_position":"{}"},"product_brand":[],"product_cat":[97,115],"product_tag":[],"class_list":{"0":"post-21764","1":"product","2":"type-product","3":"status-publish","4":"has-post-thumbnail","6":"product_cat-plomberie","7":"product_cat-filtre-eau","8":"pa_brand-atlas-filtri","10":"first","11":"outofstock","12":"shipping-taxable","13":"purchasable","14":"product-type-simple"},"yoast_head":"<!-- This site is optimized with the Yoast SEO Premium plugin v25.4 (Yoast SEO v27.5) - https:\/\/yoast.com\/product\/yoast-seo-premium-wordpress\/ -->\n<title>FILTRE DOUBLE CHARBON CRISTAUX 5 ATLAS FILTRI - CHELIA STORE<\/title>\n<meta name=\"description\" content=\"Commandez en Alg\u00e9rie le Filtre \u00e0 eau Double Charbon+Cristaux PM ATLAS PLUS \u00a0D\u2019ATLAS FILTRI SONT DES CORPS ADAPT\u00c9S AUX CARTOUCHES EXCLUSIVES M SX (DOE)...\" \/>\n<meta name=\"robots\" content=\"index, follow, max-snippet:-1, max-image-preview:large, max-video-preview:-1\" \/>\n<link rel=\"canonical\" href=\"https:\/\/cheliastore.dz\/product\/filtre-double-charbon-cristaux-pm-atlas\/\" \/>\n<meta property=\"og:locale\" content=\"ar_AR\" \/>\n<meta property=\"og:type\" content=\"article\" \/>\n<meta property=\"og:title\" content=\"FILTRE DOUBLE CHARBON CRISTAUX 5 ATLAS FILTRI\" \/>\n<meta property=\"og:description\" content=\"Commandez en Alg\u00e9rie le Filtre \u00e0 eau Double Charbon+Cristaux PM ATLAS PLUS \u00a0D\u2019ATLAS FILTRI SONT DES CORPS ADAPT\u00c9S AUX CARTOUCHES EXCLUSIVES M SX (DOE)...\" \/>\n<meta property=\"og:url\" content=\"https:\/\/cheliastore.dz\/product\/filtre-double-charbon-cristaux-pm-atlas\/\" \/>\n<meta property=\"og:site_name\" content=\"CHELIA STORE\" \/>\n<meta property=\"article:publisher\" content=\"https:\/\/web.facebook.com\/cheliastore\" \/>\n<meta property=\"article:modified_time\" content=\"2026-01-11T03:09:17+00:00\" \/>\n<meta property=\"og:image\" content=\"https:\/\/cheliastore.dz\/wp-content\/uploads\/2023\/07\/Filtre-Double-CharbonCristaux-PM-ATLAS.jpg\" \/>\n\t<meta property=\"og:image:width\" content=\"270\" \/>\n\t<meta property=\"og:image:height\" content=\"220\" \/>\n\t<meta property=\"og:image:type\" content=\"image\/jpeg\" \/>\n<meta name=\"twitter:card\" content=\"summary_large_image\" \/>\n<meta name=\"twitter:label1\" content=\"\u0648\u0642\u062a \u0627\u0644\u0642\u0631\u0627\u0621\u0629 \u0627\u0644\u0645\u064f\u0642\u062f\u0651\u0631\" \/>\n\t<meta name=\"twitter:data1\" content=\"\u062f\u0642\u064a\u0642\u062a\u0627\u0646\" \/>\n<script type=\"application\/ld+json\" class=\"yoast-schema-graph\">{\"@context\":\"https:\\\/\\\/schema.org\",\"@graph\":[{\"@type\":\"WebPage\",\"@id\":\"https:\\\/\\\/cheliastore.dz\\\/product\\\/filtre-double-charbon-cristaux-pm-atlas\\\/\",\"url\":\"https:\\\/\\\/cheliastore.dz\\\/product\\\/filtre-double-charbon-cristaux-pm-atlas\\\/\",\"name\":\"FILTRE DOUBLE CHARBON CRISTAUX 5 ATLAS FILTRI - CHELIA STORE\",\"isPartOf\":{\"@id\":\"https:\\\/\\\/cheliastore.dz\\\/#website\"},\"primaryImageOfPage\":{\"@id\":\"https:\\\/\\\/cheliastore.dz\\\/product\\\/filtre-double-charbon-cristaux-pm-atlas\\\/#primaryimage\"},\"image\":{\"@id\":\"https:\\\/\\\/cheliastore.dz\\\/product\\\/filtre-double-charbon-cristaux-pm-atlas\\\/#primaryimage\"},\"thumbnailUrl\":\"https:\\\/\\\/cheliastore.dz\\\/wp-content\\\/uploads\\\/2023\\\/07\\\/Filtre-Double-CharbonCristaux-PM-ATLAS.jpg\",\"datePublished\":\"2023-07-27T14:57:30+00:00\",\"dateModified\":\"2026-01-11T03:09:17+00:00\",\"description\":\"Commandez en Alg\u00e9rie le Filtre \u00e0 eau Double Charbon+Cristaux PM ATLAS PLUS \u00a0D\u2019ATLAS FILTRI SONT DES CORPS ADAPT\u00c9S AUX CARTOUCHES EXCLUSIVES M SX (DOE)...\",\"breadcrumb\":{\"@id\":\"https:\\\/\\\/cheliastore.dz\\\/product\\\/filtre-double-charbon-cristaux-pm-atlas\\\/#breadcrumb\"},\"inLanguage\":\"ar\",\"potentialAction\":[{\"@type\":\"ReadAction\",\"target\":[\"https:\\\/\\\/cheliastore.dz\\\/product\\\/filtre-double-charbon-cristaux-pm-atlas\\\/\"]}]},{\"@type\":\"ImageObject\",\"inLanguage\":\"ar\",\"@id\":\"https:\\\/\\\/cheliastore.dz\\\/product\\\/filtre-double-charbon-cristaux-pm-atlas\\\/#primaryimage\",\"url\":\"https:\\\/\\\/cheliastore.dz\\\/wp-content\\\/uploads\\\/2023\\\/07\\\/Filtre-Double-CharbonCristaux-PM-ATLAS.jpg\",\"contentUrl\":\"https:\\\/\\\/cheliastore.dz\\\/wp-content\\\/uploads\\\/2023\\\/07\\\/Filtre-Double-CharbonCristaux-PM-ATLAS.jpg\",\"width\":270,\"height\":220,\"caption\":\"Filtre Double Charbon+Cristaux PM ATLAS\"},{\"@type\":\"BreadcrumbList\",\"@id\":\"https:\\\/\\\/cheliastore.dz\\\/product\\\/filtre-double-charbon-cristaux-pm-atlas\\\/#breadcrumb\",\"itemListElement\":[{\"@type\":\"ListItem\",\"position\":1,\"name\":\"\u0627\u0644\u0631\u0626\u064a\u0633\u064a\u0629\",\"item\":\"https:\\\/\\\/cheliastore.dz\\\/ar\\\/\"},{\"@type\":\"ListItem\",\"position\":2,\"name\":\"Boutique\",\"item\":\"https:\\\/\\\/cheliastore.dz\\\/ar\\\/shop\\\/\"},{\"@type\":\"ListItem\",\"position\":3,\"name\":\"FILTRE DOUBLE CHARBON CRISTAUX 5 ATLAS FILTRI\"}]},{\"@type\":\"WebSite\",\"@id\":\"https:\\\/\\\/cheliastore.dz\\\/#website\",\"url\":\"https:\\\/\\\/cheliastore.dz\\\/\",\"name\":\"CHELIA STORE\",\"description\":\"CHELIA STORE\",\"publisher\":{\"@id\":\"https:\\\/\\\/cheliastore.dz\\\/#organization\"},\"potentialAction\":[{\"@type\":\"SearchAction\",\"target\":{\"@type\":\"EntryPoint\",\"urlTemplate\":\"https:\\\/\\\/cheliastore.dz\\\/?s={search_term_string}\"},\"query-input\":{\"@type\":\"PropertyValueSpecification\",\"valueRequired\":true,\"valueName\":\"search_term_string\"}}],\"inLanguage\":\"ar\"},{\"@type\":\"Organization\",\"@id\":\"https:\\\/\\\/cheliastore.dz\\\/#organization\",\"name\":\"Chelia Store\",\"url\":\"https:\\\/\\\/cheliastore.dz\\\/\",\"logo\":{\"@type\":\"ImageObject\",\"inLanguage\":\"ar\",\"@id\":\"https:\\\/\\\/cheliastore.dz\\\/#\\\/schema\\\/logo\\\/image\\\/\",\"url\":\"https:\\\/\\\/cheliastore.dz\\\/wp-content\\\/uploads\\\/2022\\\/01\\\/logo-final-250.png\",\"contentUrl\":\"https:\\\/\\\/cheliastore.dz\\\/wp-content\\\/uploads\\\/2022\\\/01\\\/logo-final-250.png\",\"width\":250,\"height\":78,\"caption\":\"Chelia Store\"},\"image\":{\"@id\":\"https:\\\/\\\/cheliastore.dz\\\/#\\\/schema\\\/logo\\\/image\\\/\"},\"sameAs\":[\"https:\\\/\\\/web.facebook.com\\\/cheliastore\",\"https:\\\/\\\/www.instagram.com\\\/quincaillerie.chelia\\\/\"]}]}<\/script>\n<!-- \/ Yoast SEO Premium plugin. -->","yoast_head_json":{"title":"FILTRE DOUBLE CHARBON CRISTAUX 5 ATLAS FILTRI - CHELIA STORE","description":"Commandez en Alg\u00e9rie le Filtre \u00e0 eau Double Charbon+Cristaux PM ATLAS PLUS \u00a0D\u2019ATLAS FILTRI SONT DES CORPS ADAPT\u00c9S AUX CARTOUCHES EXCLUSIVES M SX (DOE)...","robots":{"index":"index","follow":"follow","max-snippet":"max-snippet:-1","max-image-preview":"max-image-preview:large","max-video-preview":"max-video-preview:-1"},"canonical":"https:\/\/cheliastore.dz\/product\/filtre-double-charbon-cristaux-pm-atlas\/","og_locale":"ar_AR","og_type":"article","og_title":"FILTRE DOUBLE CHARBON CRISTAUX 5 ATLAS FILTRI","og_description":"Commandez en Alg\u00e9rie le Filtre \u00e0 eau Double Charbon+Cristaux PM ATLAS PLUS \u00a0D\u2019ATLAS FILTRI SONT DES CORPS ADAPT\u00c9S AUX CARTOUCHES EXCLUSIVES M SX (DOE)...","og_url":"https:\/\/cheliastore.dz\/product\/filtre-double-charbon-cristaux-pm-atlas\/","og_site_name":"CHELIA STORE","article_publisher":"https:\/\/web.facebook.com\/cheliastore","article_modified_time":"2026-01-11T03:09:17+00:00","og_image":[{"width":270,"height":220,"url":"https:\/\/cheliastore.dz\/wp-content\/uploads\/2023\/07\/Filtre-Double-CharbonCristaux-PM-ATLAS.jpg","type":"image\/jpeg"}],"twitter_card":"summary_large_image","twitter_misc":{"\u0648\u0642\u062a \u0627\u0644\u0642\u0631\u0627\u0621\u0629 \u0627\u0644\u0645\u064f\u0642\u062f\u0651\u0631":"\u062f\u0642\u064a\u0642\u062a\u0627\u0646"},"schema":{"@context":"https:\/\/schema.org","@graph":[{"@type":"WebPage","@id":"https:\/\/cheliastore.dz\/product\/filtre-double-charbon-cristaux-pm-atlas\/","url":"https:\/\/cheliastore.dz\/product\/filtre-double-charbon-cristaux-pm-atlas\/","name":"FILTRE DOUBLE CHARBON CRISTAUX 5 ATLAS FILTRI - CHELIA STORE","isPartOf":{"@id":"https:\/\/cheliastore.dz\/#website"},"primaryImageOfPage":{"@id":"https:\/\/cheliastore.dz\/product\/filtre-double-charbon-cristaux-pm-atlas\/#primaryimage"},"image":{"@id":"https:\/\/cheliastore.dz\/product\/filtre-double-charbon-cristaux-pm-atlas\/#primaryimage"},"thumbnailUrl":"https:\/\/cheliastore.dz\/wp-content\/uploads\/2023\/07\/Filtre-Double-CharbonCristaux-PM-ATLAS.jpg","datePublished":"2023-07-27T14:57:30+00:00","dateModified":"2026-01-11T03:09:17+00:00","description":"Commandez en Alg\u00e9rie le Filtre \u00e0 eau Double Charbon+Cristaux PM ATLAS PLUS \u00a0D\u2019ATLAS FILTRI SONT DES CORPS ADAPT\u00c9S AUX CARTOUCHES EXCLUSIVES M SX (DOE)...","breadcrumb":{"@id":"https:\/\/cheliastore.dz\/product\/filtre-double-charbon-cristaux-pm-atlas\/#breadcrumb"},"inLanguage":"ar","potentialAction":[{"@type":"ReadAction","target":["https:\/\/cheliastore.dz\/product\/filtre-double-charbon-cristaux-pm-atlas\/"]}]},{"@type":"ImageObject","inLanguage":"ar","@id":"https:\/\/cheliastore.dz\/product\/filtre-double-charbon-cristaux-pm-atlas\/#primaryimage","url":"https:\/\/cheliastore.dz\/wp-content\/uploads\/2023\/07\/Filtre-Double-CharbonCristaux-PM-ATLAS.jpg","contentUrl":"https:\/\/cheliastore.dz\/wp-content\/uploads\/2023\/07\/Filtre-Double-CharbonCristaux-PM-ATLAS.jpg","width":270,"height":220,"caption":"Filtre Double Charbon+Cristaux PM ATLAS"},{"@type":"BreadcrumbList","@id":"https:\/\/cheliastore.dz\/product\/filtre-double-charbon-cristaux-pm-atlas\/#breadcrumb","itemListElement":[{"@type":"ListItem","position":1,"name":"\u0627\u0644\u0631\u0626\u064a\u0633\u064a\u0629","item":"https:\/\/cheliastore.dz\/ar\/"},{"@type":"ListItem","position":2,"name":"Boutique","item":"https:\/\/cheliastore.dz\/ar\/shop\/"},{"@type":"ListItem","position":3,"name":"FILTRE DOUBLE CHARBON CRISTAUX 5 ATLAS FILTRI"}]},{"@type":"WebSite","@id":"https:\/\/cheliastore.dz\/#website","url":"https:\/\/cheliastore.dz\/","name":"CHELIA STORE","description":"CHELIA STORE","publisher":{"@id":"https:\/\/cheliastore.dz\/#organization"},"potentialAction":[{"@type":"SearchAction","target":{"@type":"EntryPoint","urlTemplate":"https:\/\/cheliastore.dz\/?s={search_term_string}"},"query-input":{"@type":"PropertyValueSpecification","valueRequired":true,"valueName":"search_term_string"}}],"inLanguage":"ar"},{"@type":"Organization","@id":"https:\/\/cheliastore.dz\/#organization","name":"Chelia Store","url":"https:\/\/cheliastore.dz\/","logo":{"@type":"ImageObject","inLanguage":"ar","@id":"https:\/\/cheliastore.dz\/#\/schema\/logo\/image\/","url":"https:\/\/cheliastore.dz\/wp-content\/uploads\/2022\/01\/logo-final-250.png","contentUrl":"https:\/\/cheliastore.dz\/wp-content\/uploads\/2022\/01\/logo-final-250.png","width":250,"height":78,"caption":"Chelia Store"},"image":{"@id":"https:\/\/cheliastore.dz\/#\/schema\/logo\/image\/"},"sameAs":["https:\/\/web.facebook.com\/cheliastore","https:\/\/www.instagram.com\/quincaillerie.chelia\/"]}]}},"_links":{"self":[{"href":"https:\/\/cheliastore.dz\/ar\/wp-json\/wp\/v2\/product\/21764","targetHints":{"allow":["GET"]}}],"collection":[{"href":"https:\/\/cheliastore.dz\/ar\/wp-json\/wp\/v2\/product"}],"about":[{"href":"https:\/\/cheliastore.dz\/ar\/wp-json\/wp\/v2\/types\/product"}],"replies":[{"embeddable":true,"href":"https:\/\/cheliastore.dz\/ar\/wp-json\/wp\/v2\/comments?post=21764"}],"version-history":[{"count":1,"href":"https:\/\/cheliastore.dz\/ar\/wp-json\/wp\/v2\/product\/21764\/revisions"}],"predecessor-version":[{"id":57297,"href":"https:\/\/cheliastore.dz\/ar\/wp-json\/wp\/v2\/product\/21764\/revisions\/57297"}],"wp:featuredmedia":[{"embeddable":true,"href":"https:\/\/cheliastore.dz\/ar\/wp-json\/wp\/v2\/media\/21765"}],"wp:attachment":[{"href":"https:\/\/cheliastore.dz\/ar\/wp-json\/wp\/v2\/media?parent=21764"}],"wp:term":[{"taxonomy":"product_brand","embeddable":true,"href":"https:\/\/cheliastore.dz\/ar\/wp-json\/wp\/v2\/product_brand?post=21764"},{"taxonomy":"product_cat","embeddable":true,"href":"https:\/\/cheliastore.dz\/ar\/wp-json\/wp\/v2\/product_cat?post=21764"},{"taxonomy":"product_tag","embeddable":true,"href":"https:\/\/cheliastore.dz\/ar\/wp-json\/wp\/v2\/product_tag?post=21764"}],"curies":[{"name":"wp","href":"https:\/\/api.w.org\/{rel}","templated":true}]}}