{"id":21761,"date":"2023-07-27T14:48:06","date_gmt":"2023-07-27T14:48:06","guid":{"rendered":"https:\/\/cheliastore.com\/?post_type=product&#038;p=21761"},"modified":"2026-01-11T03:08:25","modified_gmt":"2026-01-11T03:08:25","slug":"filtre-double-transparent-10-atlas-filtri","status":"publish","type":"product","link":"https:\/\/cheliastore.dz\/ar\/product\/filtre-double-transparent-10-atlas-filtri\/","title":{"rendered":"FILTRE DOUBLE TRANSPARANT 10 ATLAS FILTRI"},"content":{"rendered":"<blockquote>\n<h2 data-start=\"228\" data-end=\"313\"><strong data-start=\"231\" data-end=\"313\">Filtre double transparent 10\u201d ATLAS Filtri \u2013 Filtration domestique performante<\/strong><\/h2>\n<p data-start=\"315\" data-end=\"845\">Le <strong data-start=\"318\" data-end=\"364\">filtre double transparent 10\u201d ATLAS Filtri<\/strong> est une solution efficace pour am\u00e9liorer durablement la qualit\u00e9 de l\u2019eau domestique. \u00c9quip\u00e9 de <strong data-start=\"460\" data-end=\"507\">deux cartouches (charbon actif et cristaux)<\/strong>, il retient les impuret\u00e9s, r\u00e9duit les mauvaises odeurs et contribue \u00e0 une eau plus propre et plus saine.<br data-start=\"612\" data-end=\"615\" \/>Gr\u00e2ce \u00e0 ses <strong data-start=\"627\" data-end=\"650\">cuves transparentes<\/strong>, le contr\u00f4le visuel de l\u2019\u00e9tat des cartouches est simple et rapide. Id\u00e9al pour une installation <strong data-start=\"746\" data-end=\"764\">apr\u00e8s compteur<\/strong>, ce syst\u00e8me prot\u00e8ge l\u2019ensemble de vos \u00e9quipements sanitaires et \u00e9lectrom\u00e9nagers.<\/p>\n<hr data-start=\"847\" data-end=\"850\" \/>\n<h2 data-start=\"852\" data-end=\"932\">&#x2699;&#xfe0f; <strong data-start=\"858\" data-end=\"932\">Caract\u00e9ristiques du filtre double \u2013 Syst\u00e8me de filtration ATLAS Filtri<\/strong><\/h2>\n<p data-start=\"934\" data-end=\"1052\">Ce syst\u00e8me de filtration domestique ATLAS Filtri est con\u00e7u pour offrir fiabilit\u00e9, s\u00e9curit\u00e9 et facilit\u00e9 d\u2019installation.<\/p>\n<div class=\"TyagGW_tableContainer\">\n<div class=\"group TyagGW_tableWrapper flex w-fit flex-col-reverse\" tabindex=\"-1\">\n<table class=\"w-fit min-w-(--thread-content-width)\" data-start=\"1054\" data-end=\"1537\">\n<thead data-start=\"1054\" data-end=\"1087\">\n<tr data-start=\"1054\" data-end=\"1087\">\n<th data-start=\"1054\" data-end=\"1076\" data-col-size=\"sm\">&#x2699;&#xfe0f; Caract\u00e9ristiques<\/th>\n<th data-start=\"1076\" data-end=\"1087\" data-col-size=\"sm\">D\u00e9tails<\/th>\n<\/tr>\n<\/thead>\n<tbody data-start=\"1098\" data-end=\"1537\">\n<tr data-start=\"1098\" data-end=\"1139\">\n<td data-start=\"1098\" data-end=\"1105\" data-col-size=\"sm\">Type<\/td>\n<td data-col-size=\"sm\" data-start=\"1105\" data-end=\"1139\">Filtre \u00e0 eau double domestique<\/td>\n<\/tr>\n<tr data-start=\"1140\" data-end=\"1165\">\n<td data-start=\"1140\" data-end=\"1149\" data-col-size=\"sm\">Marque<\/td>\n<td data-col-size=\"sm\" data-start=\"1149\" data-end=\"1165\">ATLAS Filtri<\/td>\n<\/tr>\n<tr data-start=\"1166\" data-end=\"1189\">\n<td data-start=\"1166\" data-end=\"1175\" data-col-size=\"sm\">Mod\u00e8le<\/td>\n<td data-col-size=\"sm\" data-start=\"1175\" data-end=\"1189\">PLUS 3P SX<\/td>\n<\/tr>\n<tr data-start=\"1190\" data-end=\"1220\">\n<td data-start=\"1190\" data-end=\"1198\" data-col-size=\"sm\">Cuves<\/td>\n<td data-start=\"1198\" data-end=\"1220\" data-col-size=\"sm\">Transparentes (TS)<\/td>\n<\/tr>\n<tr data-start=\"1221\" data-end=\"1268\">\n<td data-start=\"1221\" data-end=\"1246\" data-col-size=\"sm\">Cartouches compatibles<\/td>\n<td data-col-size=\"sm\" data-start=\"1246\" data-end=\"1268\">SX (DOE) standards<\/td>\n<\/tr>\n<tr data-start=\"1269\" data-end=\"1317\">\n<td data-start=\"1269\" data-end=\"1294\" data-col-size=\"sm\">Hauteur des cartouches<\/td>\n<td data-col-size=\"sm\" data-start=\"1294\" data-end=\"1317\">5\u201d \u2013 7\u201d \u2013 10\u201d \u2013 20\u201d<\/td>\n<\/tr>\n<tr data-start=\"1318\" data-end=\"1362\">\n<td data-start=\"1318\" data-end=\"1333\" data-col-size=\"sm\">Raccordement<\/td>\n<td data-col-size=\"sm\" data-start=\"1333\" data-end=\"1362\">1\/2\u201d, 3\/4\u201d, 1\u201d BSP ou NPT<\/td>\n<\/tr>\n<tr data-start=\"1363\" data-end=\"1397\">\n<td data-start=\"1363\" data-end=\"1374\" data-col-size=\"sm\">Filetage<\/td>\n<td data-col-size=\"sm\" data-start=\"1374\" data-end=\"1397\">Laiton ou plastique<\/td>\n<\/tr>\n<tr data-start=\"1398\" data-end=\"1428\">\n<td data-start=\"1398\" data-end=\"1418\" data-col-size=\"sm\">Pression maximale<\/td>\n<td data-start=\"1418\" data-end=\"1428\" data-col-size=\"sm\">8 bars<\/td>\n<\/tr>\n<tr data-start=\"1429\" data-end=\"1461\">\n<td data-start=\"1429\" data-end=\"1452\" data-col-size=\"sm\">Temp\u00e9rature maximale<\/td>\n<td data-col-size=\"sm\" data-start=\"1452\" data-end=\"1461\">45 \u00b0C<\/td>\n<\/tr>\n<tr data-start=\"1462\" data-end=\"1497\">\n<td data-start=\"1462\" data-end=\"1474\" data-col-size=\"sm\">Mat\u00e9riaux<\/td>\n<td data-col-size=\"sm\" data-start=\"1474\" data-end=\"1497\">PP et PET renforc\u00e9s<\/td>\n<\/tr>\n<tr data-start=\"1498\" data-end=\"1537\">\n<td data-start=\"1498\" data-end=\"1507\" data-col-size=\"sm\">Option<\/td>\n<td data-start=\"1507\" data-end=\"1537\" data-col-size=\"sm\">Mod\u00e8le M avec 2 manom\u00e8tres<\/td>\n<\/tr>\n<\/tbody>\n<\/table>\n<\/div>\n<\/div>\n<hr data-start=\"1539\" data-end=\"1542\" \/>\n<h2 data-start=\"1544\" data-end=\"1614\">&#x2705; <strong data-start=\"1549\" data-end=\"1614\">Avantages du filtre double \u2013 Station de filtration domestique<\/strong><\/h2>\n<ul data-start=\"1616\" data-end=\"2011\">\n<li data-start=\"1616\" data-end=\"1676\">\n<p data-start=\"1618\" data-end=\"1676\">Filtration efficace des impuret\u00e9s et particules de l\u2019eau<\/p>\n<\/li>\n<li data-start=\"1677\" data-end=\"1733\">\n<p data-start=\"1679\" data-end=\"1733\">Cuves transparentes pour un contr\u00f4le visuel imm\u00e9diat<\/p>\n<\/li>\n<li data-start=\"1734\" data-end=\"1794\">\n<p data-start=\"1736\" data-end=\"1794\">Compatible avec cartouches charbon, cristaux ou s\u00e9diment<\/p>\n<\/li>\n<li data-start=\"1795\" data-end=\"1853\">\n<p data-start=\"1797\" data-end=\"1853\">Installation rapide et s\u00e9curis\u00e9e sur r\u00e9seau domestique<\/p>\n<\/li>\n<li data-start=\"1854\" data-end=\"1905\">\n<p data-start=\"1856\" data-end=\"1905\">\u00c9tanch\u00e9it\u00e9 fiable gr\u00e2ce \u00e0 la bague de fermeture<\/p>\n<\/li>\n<li data-start=\"1906\" data-end=\"1957\">\n<p data-start=\"1908\" data-end=\"1957\">Protection durable des installations sanitaires<\/p>\n<\/li>\n<li data-start=\"1958\" data-end=\"2011\">\n<p data-start=\"1960\" data-end=\"2011\">Large compatibilit\u00e9 avec accessoires ATLAS Filtri<\/p>\n<\/li>\n<\/ul>\n<p data-start=\"2013\" data-end=\"2133\">Cette <strong data-start=\"2019\" data-end=\"2068\">station de filtration domestique ATLAS Filtri<\/strong> garantit une eau plus saine et un meilleur confort au quotidien.<\/p>\n<hr data-start=\"2135\" data-end=\"2138\" \/>\n<h2 data-start=\"2140\" data-end=\"2181\">&#x2753; <strong data-start=\"2145\" data-end=\"2181\">FAQ \u2013 Filtre double ATLAS Filtri<\/strong><\/h2>\n<p data-start=\"2183\" data-end=\"2299\"><strong data-start=\"2183\" data-end=\"2218\">O\u00f9 installer ce filtre double ?<\/strong><br data-start=\"2218\" data-end=\"2221\" \/>Il s\u2019installe apr\u00e8s le compteur pour filtrer l\u2019ensemble de l\u2019eau de la maison.<\/p>\n<p data-start=\"2301\" data-end=\"2425\"><strong data-start=\"2301\" data-end=\"2342\">Quelles cartouches sont compatibles ?<\/strong><br data-start=\"2342\" data-end=\"2345\" \/>Toutes les cartouches SX (DOE) standards selon le niveau de filtration souhait\u00e9.<\/p>\n<p data-start=\"2427\" data-end=\"2556\"><strong data-start=\"2427\" data-end=\"2479\">Supporte-t-il la pression du r\u00e9seau domestique ?<\/strong><br data-start=\"2479\" data-end=\"2482\" \/>Oui, jusqu\u2019\u00e0 8 bars, parfaitement adapt\u00e9 aux installations r\u00e9sidentielles.<\/p>\n<p data-start=\"2558\" data-end=\"2704\"><strong data-start=\"2558\" data-end=\"2602\">Comment se fait l\u2019entretien du syst\u00e8me ?<\/strong><br data-start=\"2602\" data-end=\"2605\" \/>L\u2019ouverture est simple et le remplacement des cartouches rapide gr\u00e2ce \u00e0 la conception ATLAS Filtri.<\/p>\n<h2 data-start=\"2968\" data-end=\"2986\">&#x1f6d2; O\u00f9 acheter ?<\/h2>\n<p data-start=\"2987\" data-end=\"3138\">Disponible chez <a class=\"decorated-link\" href=\"https:\/\/cheliastore.dz\/\" target=\"_new\" rel=\"noopener\" data-start=\"2871\" data-end=\"2909\">Cheliastore<\/a>, votre sp\u00e9cialiste en \u00e9quipements de plomberie et filtration d\u2019eau.<br data-start=\"3087\" data-end=\"3090\" \/>Commande en ligne avec <strong data-start=\"3113\" data-end=\"3137\">livraison en Alg\u00e9rie<\/strong>.<\/p>\n<p data-start=\"2987\" data-end=\"3138\">&#x1f517; Pour plus d\u2019informations techniques ou pour consulter des mod\u00e8les similaires, visitez notre site ou contactez notre \u00e9quipe !<\/p>\n<p data-start=\"2987\" data-end=\"3138\">&#x1f4cd; Pour plus d\u2019informations, visitez le site officiel :<a href=\"https:\/\/www.atlasfiltri.com\/fr\/produits\"><strong> ATLAS FILTRI<\/strong><\/a><\/p>\n<\/blockquote>\n","protected":false},"excerpt":{"rendered":"<p>Le <strong data-start=\"1467\" data-end=\"1513\">filtre double transparent 10\u201d ATLAS Filtri<\/strong> est une station de filtration domestique con\u00e7ue pour am\u00e9liorer la qualit\u00e9 de l\u2019eau potable. Compatible avec les cartouches <strong data-start=\"1637\" data-end=\"1649\">SX (DOE)<\/strong>, il permet l\u2019installation de cartouches <strong data-start=\"1690\" data-end=\"1719\">charbon actif et cristaux<\/strong>, offrant une filtration efficace des impuret\u00e9s. Sa cuve transparente facilite le contr\u00f4le visuel, tandis que sa conception robuste garantit une installation s\u00fbre et durable.<\/p>\n","protected":false},"featured_media":77562,"comment_status":"open","ping_status":"closed","template":"","meta":{"_editorskit_title_hidden":false,"_editorskit_reading_time":0,"_editorskit_is_block_options_detached":false,"_editorskit_block_options_position":"{}"},"product_brand":[],"product_cat":[97,115],"product_tag":[],"class_list":{"0":"post-21761","1":"product","2":"type-product","3":"status-publish","4":"has-post-thumbnail","6":"product_cat-plomberie","7":"product_cat-filtre-eau","8":"pa_brand-atlas-filtri","10":"first","11":"outofstock","12":"shipping-taxable","13":"purchasable","14":"product-type-simple"},"yoast_head":"<!-- This site is optimized with the Yoast SEO Premium plugin v25.4 (Yoast SEO v27.5) - https:\/\/yoast.com\/product\/yoast-seo-premium-wordpress\/ -->\n<title>Filtre double transparent 10\u201d ATLAS Filtri \u2013 Charbon &amp; Cristaux<\/title>\n<meta name=\"description\" content=\"Filtre \u00e0 eau double transparent 10\u201d ATLAS Filtri avec cartouches charbon et cristaux. Solution fiable pour la filtration de l\u2019eau potable domestique.\" \/>\n<meta name=\"robots\" content=\"index, follow, max-snippet:-1, max-image-preview:large, max-video-preview:-1\" \/>\n<link rel=\"canonical\" href=\"https:\/\/cheliastore.dz\/product\/filtre-double-transparent-10-atlas-filtri\/\" \/>\n<meta property=\"og:locale\" content=\"ar_AR\" \/>\n<meta property=\"og:type\" content=\"article\" \/>\n<meta property=\"og:title\" content=\"FILTRE DOUBLE TRANSPARANT 10 ATLAS FILTRI\" \/>\n<meta property=\"og:description\" content=\"Filtre \u00e0 eau double transparent 10\u201d ATLAS Filtri avec cartouches charbon et cristaux. Solution fiable pour la filtration de l\u2019eau potable domestique.\" \/>\n<meta property=\"og:url\" content=\"https:\/\/cheliastore.dz\/product\/filtre-double-transparent-10-atlas-filtri\/\" \/>\n<meta property=\"og:site_name\" content=\"CHELIA STORE\" \/>\n<meta property=\"article:publisher\" content=\"https:\/\/web.facebook.com\/cheliastore\" \/>\n<meta property=\"article:modified_time\" content=\"2026-01-11T03:08:25+00:00\" \/>\n<meta property=\"og:image\" content=\"https:\/\/cheliastore.dz\/wp-content\/uploads\/2023\/07\/photo_5933804066448280725_y.jpg\" \/>\n\t<meta property=\"og:image:width\" content=\"1080\" \/>\n\t<meta property=\"og:image:height\" content=\"1080\" \/>\n\t<meta property=\"og:image:type\" content=\"image\/jpeg\" \/>\n<meta name=\"twitter:card\" content=\"summary_large_image\" \/>\n<meta name=\"twitter:label1\" content=\"\u0648\u0642\u062a \u0627\u0644\u0642\u0631\u0627\u0621\u0629 \u0627\u0644\u0645\u064f\u0642\u062f\u0651\u0631\" \/>\n\t<meta name=\"twitter:data1\" content=\"1 \u062f\u0642\u064a\u0642\u0629\" \/>\n<script type=\"application\/ld+json\" class=\"yoast-schema-graph\">{\"@context\":\"https:\\\/\\\/schema.org\",\"@graph\":[{\"@type\":\"WebPage\",\"@id\":\"https:\\\/\\\/cheliastore.dz\\\/product\\\/filtre-double-transparent-10-atlas-filtri\\\/\",\"url\":\"https:\\\/\\\/cheliastore.dz\\\/product\\\/filtre-double-transparent-10-atlas-filtri\\\/\",\"name\":\"Filtre double transparent 10\u201d ATLAS Filtri \u2013 Charbon & Cristaux\",\"isPartOf\":{\"@id\":\"https:\\\/\\\/cheliastore.dz\\\/#website\"},\"primaryImageOfPage\":{\"@id\":\"https:\\\/\\\/cheliastore.dz\\\/product\\\/filtre-double-transparent-10-atlas-filtri\\\/#primaryimage\"},\"image\":{\"@id\":\"https:\\\/\\\/cheliastore.dz\\\/product\\\/filtre-double-transparent-10-atlas-filtri\\\/#primaryimage\"},\"thumbnailUrl\":\"https:\\\/\\\/cheliastore.dz\\\/wp-content\\\/uploads\\\/2023\\\/07\\\/photo_5933804066448280725_y.jpg\",\"datePublished\":\"2023-07-27T14:48:06+00:00\",\"dateModified\":\"2026-01-11T03:08:25+00:00\",\"description\":\"Filtre \u00e0 eau double transparent 10\u201d ATLAS Filtri avec cartouches charbon et cristaux. Solution fiable pour la filtration de l\u2019eau potable domestique.\",\"breadcrumb\":{\"@id\":\"https:\\\/\\\/cheliastore.dz\\\/product\\\/filtre-double-transparent-10-atlas-filtri\\\/#breadcrumb\"},\"inLanguage\":\"ar\",\"potentialAction\":[{\"@type\":\"ReadAction\",\"target\":[\"https:\\\/\\\/cheliastore.dz\\\/product\\\/filtre-double-transparent-10-atlas-filtri\\\/\"]}]},{\"@type\":\"ImageObject\",\"inLanguage\":\"ar\",\"@id\":\"https:\\\/\\\/cheliastore.dz\\\/product\\\/filtre-double-transparent-10-atlas-filtri\\\/#primaryimage\",\"url\":\"https:\\\/\\\/cheliastore.dz\\\/wp-content\\\/uploads\\\/2023\\\/07\\\/photo_5933804066448280725_y.jpg\",\"contentUrl\":\"https:\\\/\\\/cheliastore.dz\\\/wp-content\\\/uploads\\\/2023\\\/07\\\/photo_5933804066448280725_y.jpg\",\"width\":1080,\"height\":1080,\"caption\":\"FILTRE DOUBLE TRANSPARANT 10 ATLAS FILTRI\"},{\"@type\":\"BreadcrumbList\",\"@id\":\"https:\\\/\\\/cheliastore.dz\\\/product\\\/filtre-double-transparent-10-atlas-filtri\\\/#breadcrumb\",\"itemListElement\":[{\"@type\":\"ListItem\",\"position\":1,\"name\":\"\u0627\u0644\u0631\u0626\u064a\u0633\u064a\u0629\",\"item\":\"https:\\\/\\\/cheliastore.dz\\\/ar\\\/\"},{\"@type\":\"ListItem\",\"position\":2,\"name\":\"Boutique\",\"item\":\"https:\\\/\\\/cheliastore.dz\\\/ar\\\/shop\\\/\"},{\"@type\":\"ListItem\",\"position\":3,\"name\":\"FILTRE DOUBLE TRANSPARANT 10 ATLAS FILTRI\"}]},{\"@type\":\"WebSite\",\"@id\":\"https:\\\/\\\/cheliastore.dz\\\/#website\",\"url\":\"https:\\\/\\\/cheliastore.dz\\\/\",\"name\":\"CHELIA STORE\",\"description\":\"CHELIA STORE\",\"publisher\":{\"@id\":\"https:\\\/\\\/cheliastore.dz\\\/#organization\"},\"potentialAction\":[{\"@type\":\"SearchAction\",\"target\":{\"@type\":\"EntryPoint\",\"urlTemplate\":\"https:\\\/\\\/cheliastore.dz\\\/?s={search_term_string}\"},\"query-input\":{\"@type\":\"PropertyValueSpecification\",\"valueRequired\":true,\"valueName\":\"search_term_string\"}}],\"inLanguage\":\"ar\"},{\"@type\":\"Organization\",\"@id\":\"https:\\\/\\\/cheliastore.dz\\\/#organization\",\"name\":\"Chelia Store\",\"url\":\"https:\\\/\\\/cheliastore.dz\\\/\",\"logo\":{\"@type\":\"ImageObject\",\"inLanguage\":\"ar\",\"@id\":\"https:\\\/\\\/cheliastore.dz\\\/#\\\/schema\\\/logo\\\/image\\\/\",\"url\":\"https:\\\/\\\/cheliastore.dz\\\/wp-content\\\/uploads\\\/2022\\\/01\\\/logo-final-250.png\",\"contentUrl\":\"https:\\\/\\\/cheliastore.dz\\\/wp-content\\\/uploads\\\/2022\\\/01\\\/logo-final-250.png\",\"width\":250,\"height\":78,\"caption\":\"Chelia Store\"},\"image\":{\"@id\":\"https:\\\/\\\/cheliastore.dz\\\/#\\\/schema\\\/logo\\\/image\\\/\"},\"sameAs\":[\"https:\\\/\\\/web.facebook.com\\\/cheliastore\",\"https:\\\/\\\/www.instagram.com\\\/quincaillerie.chelia\\\/\"]}]}<\/script>\n<!-- \/ Yoast SEO Premium plugin. -->","yoast_head_json":{"title":"Filtre double transparent 10\u201d ATLAS Filtri \u2013 Charbon & Cristaux","description":"Filtre \u00e0 eau double transparent 10\u201d ATLAS Filtri avec cartouches charbon et cristaux. Solution fiable pour la filtration de l\u2019eau potable domestique.","robots":{"index":"index","follow":"follow","max-snippet":"max-snippet:-1","max-image-preview":"max-image-preview:large","max-video-preview":"max-video-preview:-1"},"canonical":"https:\/\/cheliastore.dz\/product\/filtre-double-transparent-10-atlas-filtri\/","og_locale":"ar_AR","og_type":"article","og_title":"FILTRE DOUBLE TRANSPARANT 10 ATLAS FILTRI","og_description":"Filtre \u00e0 eau double transparent 10\u201d ATLAS Filtri avec cartouches charbon et cristaux. Solution fiable pour la filtration de l\u2019eau potable domestique.","og_url":"https:\/\/cheliastore.dz\/product\/filtre-double-transparent-10-atlas-filtri\/","og_site_name":"CHELIA STORE","article_publisher":"https:\/\/web.facebook.com\/cheliastore","article_modified_time":"2026-01-11T03:08:25+00:00","og_image":[{"width":1080,"height":1080,"url":"https:\/\/cheliastore.dz\/wp-content\/uploads\/2023\/07\/photo_5933804066448280725_y.jpg","type":"image\/jpeg"}],"twitter_card":"summary_large_image","twitter_misc":{"\u0648\u0642\u062a \u0627\u0644\u0642\u0631\u0627\u0621\u0629 \u0627\u0644\u0645\u064f\u0642\u062f\u0651\u0631":"1 \u062f\u0642\u064a\u0642\u0629"},"schema":{"@context":"https:\/\/schema.org","@graph":[{"@type":"WebPage","@id":"https:\/\/cheliastore.dz\/product\/filtre-double-transparent-10-atlas-filtri\/","url":"https:\/\/cheliastore.dz\/product\/filtre-double-transparent-10-atlas-filtri\/","name":"Filtre double transparent 10\u201d ATLAS Filtri \u2013 Charbon & Cristaux","isPartOf":{"@id":"https:\/\/cheliastore.dz\/#website"},"primaryImageOfPage":{"@id":"https:\/\/cheliastore.dz\/product\/filtre-double-transparent-10-atlas-filtri\/#primaryimage"},"image":{"@id":"https:\/\/cheliastore.dz\/product\/filtre-double-transparent-10-atlas-filtri\/#primaryimage"},"thumbnailUrl":"https:\/\/cheliastore.dz\/wp-content\/uploads\/2023\/07\/photo_5933804066448280725_y.jpg","datePublished":"2023-07-27T14:48:06+00:00","dateModified":"2026-01-11T03:08:25+00:00","description":"Filtre \u00e0 eau double transparent 10\u201d ATLAS Filtri avec cartouches charbon et cristaux. Solution fiable pour la filtration de l\u2019eau potable domestique.","breadcrumb":{"@id":"https:\/\/cheliastore.dz\/product\/filtre-double-transparent-10-atlas-filtri\/#breadcrumb"},"inLanguage":"ar","potentialAction":[{"@type":"ReadAction","target":["https:\/\/cheliastore.dz\/product\/filtre-double-transparent-10-atlas-filtri\/"]}]},{"@type":"ImageObject","inLanguage":"ar","@id":"https:\/\/cheliastore.dz\/product\/filtre-double-transparent-10-atlas-filtri\/#primaryimage","url":"https:\/\/cheliastore.dz\/wp-content\/uploads\/2023\/07\/photo_5933804066448280725_y.jpg","contentUrl":"https:\/\/cheliastore.dz\/wp-content\/uploads\/2023\/07\/photo_5933804066448280725_y.jpg","width":1080,"height":1080,"caption":"FILTRE DOUBLE TRANSPARANT 10 ATLAS FILTRI"},{"@type":"BreadcrumbList","@id":"https:\/\/cheliastore.dz\/product\/filtre-double-transparent-10-atlas-filtri\/#breadcrumb","itemListElement":[{"@type":"ListItem","position":1,"name":"\u0627\u0644\u0631\u0626\u064a\u0633\u064a\u0629","item":"https:\/\/cheliastore.dz\/ar\/"},{"@type":"ListItem","position":2,"name":"Boutique","item":"https:\/\/cheliastore.dz\/ar\/shop\/"},{"@type":"ListItem","position":3,"name":"FILTRE DOUBLE TRANSPARANT 10 ATLAS FILTRI"}]},{"@type":"WebSite","@id":"https:\/\/cheliastore.dz\/#website","url":"https:\/\/cheliastore.dz\/","name":"CHELIA STORE","description":"CHELIA STORE","publisher":{"@id":"https:\/\/cheliastore.dz\/#organization"},"potentialAction":[{"@type":"SearchAction","target":{"@type":"EntryPoint","urlTemplate":"https:\/\/cheliastore.dz\/?s={search_term_string}"},"query-input":{"@type":"PropertyValueSpecification","valueRequired":true,"valueName":"search_term_string"}}],"inLanguage":"ar"},{"@type":"Organization","@id":"https:\/\/cheliastore.dz\/#organization","name":"Chelia Store","url":"https:\/\/cheliastore.dz\/","logo":{"@type":"ImageObject","inLanguage":"ar","@id":"https:\/\/cheliastore.dz\/#\/schema\/logo\/image\/","url":"https:\/\/cheliastore.dz\/wp-content\/uploads\/2022\/01\/logo-final-250.png","contentUrl":"https:\/\/cheliastore.dz\/wp-content\/uploads\/2022\/01\/logo-final-250.png","width":250,"height":78,"caption":"Chelia Store"},"image":{"@id":"https:\/\/cheliastore.dz\/#\/schema\/logo\/image\/"},"sameAs":["https:\/\/web.facebook.com\/cheliastore","https:\/\/www.instagram.com\/quincaillerie.chelia\/"]}]}},"_links":{"self":[{"href":"https:\/\/cheliastore.dz\/ar\/wp-json\/wp\/v2\/product\/21761","targetHints":{"allow":["GET"]}}],"collection":[{"href":"https:\/\/cheliastore.dz\/ar\/wp-json\/wp\/v2\/product"}],"about":[{"href":"https:\/\/cheliastore.dz\/ar\/wp-json\/wp\/v2\/types\/product"}],"replies":[{"embeddable":true,"href":"https:\/\/cheliastore.dz\/ar\/wp-json\/wp\/v2\/comments?post=21761"}],"version-history":[{"count":4,"href":"https:\/\/cheliastore.dz\/ar\/wp-json\/wp\/v2\/product\/21761\/revisions"}],"predecessor-version":[{"id":77537,"href":"https:\/\/cheliastore.dz\/ar\/wp-json\/wp\/v2\/product\/21761\/revisions\/77537"}],"wp:featuredmedia":[{"embeddable":true,"href":"https:\/\/cheliastore.dz\/ar\/wp-json\/wp\/v2\/media\/77562"}],"wp:attachment":[{"href":"https:\/\/cheliastore.dz\/ar\/wp-json\/wp\/v2\/media?parent=21761"}],"wp:term":[{"taxonomy":"product_brand","embeddable":true,"href":"https:\/\/cheliastore.dz\/ar\/wp-json\/wp\/v2\/product_brand?post=21761"},{"taxonomy":"product_cat","embeddable":true,"href":"https:\/\/cheliastore.dz\/ar\/wp-json\/wp\/v2\/product_cat?post=21761"},{"taxonomy":"product_tag","embeddable":true,"href":"https:\/\/cheliastore.dz\/ar\/wp-json\/wp\/v2\/product_tag?post=21761"}],"curies":[{"name":"wp","href":"https:\/\/api.w.org\/{rel}","templated":true}]}}