{"id":21758,"date":"2023-07-27T14:33:07","date_gmt":"2023-07-27T14:33:07","guid":{"rendered":"https:\/\/cheliastore.com\/?post_type=product&#038;p=21758"},"modified":"2026-01-11T03:04:57","modified_gmt":"2026-01-11T03:04:57","slug":"filtre-eau-maison-cristaux-atlas-filtri","status":"publish","type":"product","link":"https:\/\/cheliastore.dz\/ar\/product\/filtre-eau-maison-cristaux-atlas-filtri\/","title":{"rendered":"FILTRE CRISTAUX 10 ATLAS FILTRI"},"content":{"rendered":"<h1 data-start=\"247\" data-end=\"281\">Filtre Cristaux 10 ATLAS FILTRI<\/h1>\n<p data-start=\"283\" data-end=\"586\">Le <span style=\"color: red;\">Filtre Cristaux 10 ATLAS FILTRI<\/span>\u00a0est un <strong data-start=\"330\" data-end=\"358\">filtre \u00e0 eau pour maison<\/strong> con\u00e7u pour le traitement pr\u00e9ventif de l\u2019eau potable et la protection des installations domestiques. Il s\u2019agit d\u2019un <strong data-start=\"474\" data-end=\"511\">corps de filtre standard SX (DOE)<\/strong>, compatible avec une large gamme de cartouches de filtration de 10 pouces.<\/p>\n<p data-start=\"588\" data-end=\"882\">Gr\u00e2ce \u00e0 sa conception robuste et \u00e0 l\u2019utilisation de <strong data-start=\"640\" data-end=\"687\">mat\u00e9riaux atoxiques adapt\u00e9s \u00e0 l\u2019eau potable<\/strong>, ce filtre garantit une utilisation s\u00fbre et durable. Il est parfaitement adapt\u00e9 aux installations domestiques souhaitant am\u00e9liorer la qualit\u00e9 de l\u2019eau tout en prot\u00e9geant les \u00e9quipements en aval.<\/p>\n<p data-start=\"884\" data-end=\"1259\">Le filtre est disponible en <strong data-start=\"912\" data-end=\"949\">version simple, duplex ou triplex<\/strong>, avec <strong data-start=\"956\" data-end=\"987\">cuve transparente ou opaque<\/strong>, permettant un contr\u00f4le visuel rapide de l\u2019\u00e9tat des cartouches lorsque la cuve est transparente. Les raccords d\u2019entr\u00e9e et de sortie sont propos\u00e9s en <strong data-start=\"1137\" data-end=\"1171\">filetages BSP 1\/2&#8243;, 3\/4&#8243; et 1&#8243;<\/strong>, en laiton ou en plastique (BSP ou NPT), offrant une grande flexibilit\u00e9 d\u2019installation.<\/p>\n<p data-start=\"1261\" data-end=\"1616\">Gr\u00e2ce \u00e0 la <strong data-start=\"1272\" data-end=\"1298\">technologie PLUS 3P SX<\/strong> et \u00e0 la <strong data-start=\"1307\" data-end=\"1334\">t\u00eate monobloc innovante<\/strong>, les mod\u00e8les doubles et triples offrent d\u2019excellentes performances hydrauliques, une fiabilit\u00e9 accrue et une grande facilit\u00e9 d\u2019entretien. Les corps de filtres ATLAS FILTRI peuvent accueillir des cartouches d\u2019une hauteur allant de <strong data-start=\"1565\" data-end=\"1582\">5 \u00e0 20 pouces<\/strong>, selon les besoins de filtration.<\/p>\n<p data-start=\"1618\" data-end=\"1783\">Engag\u00e9e dans une d\u00e9marche \u00e9coresponsable, <strong data-start=\"1660\" data-end=\"1676\">ATLAS FILTRI<\/strong> utilise des technologies de production modernes et des mati\u00e8res premi\u00e8res \u00e0 faible impact environnemental.<\/p>\n<p data-start=\"1785\" data-end=\"1952\"><strong>&#x1f449; \u00a0<a href=\"https:\/\/cheliastore.dz\/\">CHELIA STORE<\/a> Alg\u00e9rie vous propose le Filtre Cristaux 10&#8243; ATLAS FILTRI, une solution fiable et \u00e9volutive pour une eau plus propre et des installations prot\u00e9g\u00e9es.<\/strong><\/p>\n<h2 data-start=\"1959\" data-end=\"1992\">&#x2699;&#xfe0f; Fonctionnalit\u00e9s principales<\/h2>\n<p data-start=\"1994\" data-end=\"2096\">&#x1f4a7; <strong data-start=\"1997\" data-end=\"2034\">Corps de filtre standard SX (DOE)<\/strong><br data-start=\"2034\" data-end=\"2037\" \/>Compatible avec de nombreuses cartouches de filtration 10&#8243;.<\/p>\n<p data-start=\"2098\" data-end=\"2209\">&#x1f50d; <strong data-start=\"2101\" data-end=\"2139\">Versions simple, duplex et triplex<\/strong><br data-start=\"2139\" data-end=\"2142\" \/>Adapt\u00e9 aux besoins domestiques et aux installations plus complexes.<\/p>\n<p data-start=\"2211\" data-end=\"2303\">&#x1f9f4; <strong data-start=\"2214\" data-end=\"2245\">Cuve transparente ou opaque<\/strong><br data-start=\"2245\" data-end=\"2248\" \/>Contr\u00f4le visuel rapide ou protection contre la lumi\u00e8re.<\/p>\n<p data-start=\"2305\" data-end=\"2409\">&#x1f529; <strong data-start=\"2308\" data-end=\"2342\">Raccords multiples disponibles<\/strong><br data-start=\"2342\" data-end=\"2345\" \/>Filetages BSP 1\/2&#8243;, 3\/4&#8243;, 1&#8243; en laiton ou plastique (BSP \/ NPT).<\/p>\n<p data-start=\"2411\" data-end=\"2495\">&#x1f6e1; <strong data-start=\"2414\" data-end=\"2447\">Mat\u00e9riaux atoxiques certifi\u00e9s<\/strong><br data-start=\"2447\" data-end=\"2450\" \/>Conformes \u00e0 l\u2019utilisation avec l\u2019eau potable.<\/p>\n<p data-start=\"2497\" data-end=\"2585\">&#x1f331; <strong data-start=\"2500\" data-end=\"2529\">Conception \u00e9coresponsable<\/strong><br data-start=\"2529\" data-end=\"2532\" \/>Faible impact environnemental et fabrication durable.<\/p>\n<h2 data-start=\"2592\" data-end=\"2659\"><span style=\"color: red;\">&#x25b6; <\/span>Caract\u00e9ristiques techniques \u2013 Filtre Cristaux 10&#8243; ATLAS FILTRI<\/h2>\n<div class=\"TyagGW_tableContainer\">\n<div class=\"group TyagGW_tableWrapper flex w-fit flex-col-reverse\" tabindex=\"-1\">\n<table class=\"w-fit min-w-(--thread-content-width)\" data-start=\"2661\" data-end=\"3152\">\n<thead data-start=\"2661\" data-end=\"2694\">\n<tr data-start=\"2661\" data-end=\"2694\">\n<th data-start=\"2661\" data-end=\"2679\" data-col-size=\"sm\">Caract\u00e9ristique<\/th>\n<th data-start=\"2679\" data-end=\"2694\" data-col-size=\"sm\">Description<\/th>\n<\/tr>\n<\/thead>\n<tbody data-start=\"2727\" data-end=\"3152\">\n<tr data-start=\"2727\" data-end=\"2770\">\n<td data-start=\"2727\" data-end=\"2745\" data-col-size=\"sm\">Type de produit<\/td>\n<td data-col-size=\"sm\" data-start=\"2745\" data-end=\"2770\">Corps de filtre \u00e0 eau<\/td>\n<\/tr>\n<tr data-start=\"2771\" data-end=\"2796\">\n<td data-start=\"2771\" data-end=\"2780\" data-col-size=\"sm\">Marque<\/td>\n<td data-col-size=\"sm\" data-start=\"2780\" data-end=\"2796\">ATLAS FILTRI<\/td>\n<\/tr>\n<tr data-start=\"2797\" data-end=\"2821\">\n<td data-start=\"2797\" data-end=\"2806\" data-col-size=\"sm\">Mod\u00e8le<\/td>\n<td data-col-size=\"sm\" data-start=\"2806\" data-end=\"2821\">Cristaux GM<\/td>\n<\/tr>\n<tr data-start=\"2822\" data-end=\"2855\">\n<td data-start=\"2822\" data-end=\"2843\" data-col-size=\"sm\">Standard cartouche<\/td>\n<td data-col-size=\"sm\" data-start=\"2843\" data-end=\"2855\">SX (DOE)<\/td>\n<\/tr>\n<tr data-start=\"2856\" data-end=\"2889\">\n<td data-start=\"2856\" data-end=\"2877\" data-col-size=\"sm\">Hauteur compatible<\/td>\n<td data-col-size=\"sm\" data-start=\"2877\" data-end=\"2889\">5&#8243; \u00e0 20&#8243;<\/td>\n<\/tr>\n<tr data-start=\"2890\" data-end=\"2928\">\n<td data-start=\"2890\" data-end=\"2901\" data-col-size=\"sm\">Versions<\/td>\n<td data-col-size=\"sm\" data-start=\"2901\" data-end=\"2928\">Simple, Duplex, Triplex<\/td>\n<\/tr>\n<tr data-start=\"2929\" data-end=\"2962\">\n<td data-start=\"2929\" data-end=\"2936\" data-col-size=\"sm\">Cuve<\/td>\n<td data-col-size=\"sm\" data-start=\"2936\" data-end=\"2962\">Transparente ou opaque<\/td>\n<\/tr>\n<tr data-start=\"2963\" data-end=\"2996\">\n<td data-start=\"2963\" data-end=\"2974\" data-col-size=\"sm\">Raccords<\/td>\n<td data-col-size=\"sm\" data-start=\"2974\" data-end=\"2996\">BSP 1\/2&#8243;, 3\/4&#8243;, 1&#8243;<\/td>\n<\/tr>\n<tr data-start=\"2997\" data-end=\"3033\">\n<td data-start=\"2997\" data-end=\"3009\" data-col-size=\"sm\">Mat\u00e9riaux<\/td>\n<td data-col-size=\"sm\" data-start=\"3009\" data-end=\"3033\">Plastiques atoxiques<\/td>\n<\/tr>\n<tr data-start=\"3034\" data-end=\"3072\">\n<td data-start=\"3034\" data-end=\"3048\" data-col-size=\"sm\">Utilisation<\/td>\n<td data-col-size=\"sm\" data-start=\"3048\" data-end=\"3072\">Eau potable \u2013 maison<\/td>\n<\/tr>\n<tr data-start=\"3073\" data-end=\"3111\">\n<td data-start=\"3073\" data-end=\"3088\" data-col-size=\"sm\">Installation<\/td>\n<td data-col-size=\"sm\" data-start=\"3088\" data-end=\"3111\">Rapide et s\u00e9curis\u00e9e<\/td>\n<\/tr>\n<tr data-start=\"3112\" data-end=\"3152\">\n<td data-start=\"3112\" data-end=\"3128\" data-col-size=\"sm\">Disponibilit\u00e9<\/td>\n<td data-start=\"3128\" data-end=\"3152\" data-col-size=\"sm\">CHELIA STORE Alg\u00e9rie<\/td>\n<\/tr>\n<\/tbody>\n<\/table>\n<\/div>\n<\/div>\n<h2 data-start=\"3159\" data-end=\"3197\"><span style=\"color: red;\">&#x25b6; <\/span>Avantages pour votre installation<\/h2>\n<p data-start=\"3199\" data-end=\"3455\">&#x2714; Compatible avec de nombreuses cartouches<br data-start=\"3241\" data-end=\"3244\" \/>&#x2714; Protection efficace du r\u00e9seau d\u2019eau<br data-start=\"3281\" data-end=\"3284\" \/>&#x2714; Installation simple et rapide<br data-start=\"3315\" data-end=\"3318\" \/>&#x2714; Maintenance facilit\u00e9e<br data-start=\"3341\" data-end=\"3344\" \/>&#x2714; Excellente fiabilit\u00e9 hydraulique<br data-start=\"3378\" data-end=\"3381\" \/>&#x2714; Solution \u00e9volutive selon les besoins<br data-start=\"3419\" data-end=\"3422\" \/>&#x2714; Qualit\u00e9 reconnue ATLAS FILTRI<\/p>\n<h2 data-start=\"3462\" data-end=\"3505\">&#x2753; FAQ \u2013 Filtre Cristaux 10&#8243; ATLAS FILTRI<\/h2>\n<p data-start=\"3507\" data-end=\"3666\"><strong data-start=\"3507\" data-end=\"3546\">\u00c0 quoi sert un corps de filtre SX ?<\/strong><br data-start=\"3546\" data-end=\"3549\" \/>Il permet d\u2019installer diff\u00e9rentes cartouches de filtration selon le besoin (s\u00e9diments, charbon, anti-calcaire, etc.).<\/p>\n<p data-start=\"3668\" data-end=\"3779\"><strong data-start=\"3668\" data-end=\"3714\">Convient-il pour une maison individuelle ?<\/strong><br data-start=\"3714\" data-end=\"3717\" \/>Oui, il est parfaitement adapt\u00e9 aux installations domestiques.<\/p>\n<p data-start=\"3781\" data-end=\"3914\"><strong data-start=\"3781\" data-end=\"3834\">Peut-on l\u2019utiliser en version duplex ou triplex ?<\/strong><br data-start=\"3834\" data-end=\"3837\" \/>Oui, il existe en versions double et triple pour une filtration multi-\u00e9tapes.<\/p>\n<p data-start=\"3916\" data-end=\"4025\"><strong data-start=\"3916\" data-end=\"3957\">La cuve transparente est-elle utile ?<\/strong><br data-start=\"3957\" data-end=\"3960\" \/>Oui, elle permet de contr\u00f4ler visuellement l\u2019\u00e9tat des cartouches.<\/p>\n<h2 data-start=\"4032\" data-end=\"4097\">&#x1f6d2; O\u00f9 acheter le Filtre Cristaux 10&#8243; ATLAS FILTRI en Alg\u00e9rie ?<\/h2>\n<p data-start=\"4099\" data-end=\"4240\">Le <strong data-start=\"4102\" data-end=\"4138\"><span style=\"color: red;\">Filtre Cristaux 10 ATLAS FILTRI<\/span><br \/>\n<\/strong> est disponible chez <strong data-start=\"3580\" data-end=\"3596\"><a href=\"https:\/\/cheliastore.dz\/\">CHELIA STORE<\/a><\/strong>, votre sp\u00e9cialiste des solutions de filtration d\u2019eau en Alg\u00e9rie.<\/p>\n<p data-start=\"4242\" data-end=\"4347\">&#x2714; Produits d\u2019origine ATLAS FILTRI<br data-start=\"4275\" data-end=\"4278\" \/>&#x2714; Livraison partout en Alg\u00e9rie<br data-start=\"4308\" data-end=\"4311\" \/>&#x2714; Excellent rapport qualit\u00e9 \/ prix<\/p>\n<p data-start=\"4349\" data-end=\"4445\">&#x1f449; Consultez \u00e9galement la documentation officielle <strong data-start=\"3985\" data-end=\"4001\"><a href=\"https:\/\/www.atlasfiltri.com\/fr\/produits\">ATLAS FILTRI<\/a><\/strong> pour plus de d\u00e9tails techniques.<\/p>\n","protected":false},"excerpt":{"rendered":"<p><strong data-start=\"83\" data-end=\"119\">Filtre Cristaux 10&#8243; ATLAS FILTRI<\/strong> est un corps de filtre standard SX (DOE) con\u00e7u pour la filtration de l\u2019eau potable en milieu domestique. Disponible en version simple, duplex ou triplex, il offre une installation fiable, une grande compatibilit\u00e9 avec les cartouches 10 pouces et une protection efficace des installations. Fabrication robuste, mat\u00e9riaux atoxiques et qualit\u00e9 ATLAS FILTRI.<\/p>\n","protected":false},"featured_media":21759,"comment_status":"open","ping_status":"closed","template":"","meta":{"_editorskit_title_hidden":false,"_editorskit_reading_time":0,"_editorskit_is_block_options_detached":false,"_editorskit_block_options_position":"{}"},"product_brand":[],"product_cat":[97,115],"product_tag":[],"class_list":{"0":"post-21758","1":"product","2":"type-product","3":"status-publish","4":"has-post-thumbnail","6":"product_cat-plomberie","7":"product_cat-filtre-eau","8":"pa_brand-atlas-filtri","10":"first","11":"instock","12":"shipping-taxable","13":"purchasable","14":"product-type-simple"},"yoast_head":"<!-- This site is optimized with the Yoast SEO Premium plugin v25.4 (Yoast SEO v27.5) - https:\/\/yoast.com\/product\/yoast-seo-premium-wordpress\/ -->\n<title>Filtre Cristaux ATLAS FILTRI \u2013 Chelia Store<\/title>\n<meta name=\"description\" content=\"Filtre Cristaux 10&quot; ATLAS FILTRI pour eau potable. Corps de filtre SX simple, duplex ou triplex. Disponible chez Chelia Store Alg\u00e9rie.\" \/>\n<meta name=\"robots\" content=\"index, follow, max-snippet:-1, max-image-preview:large, max-video-preview:-1\" \/>\n<link rel=\"canonical\" href=\"https:\/\/cheliastore.dz\/product\/filtre-eau-maison-cristaux-atlas-filtri\/\" \/>\n<meta property=\"og:locale\" content=\"ar_AR\" \/>\n<meta property=\"og:type\" content=\"article\" \/>\n<meta property=\"og:title\" content=\"FILTRE CRISTAUX 10 ATLAS FILTRI\" \/>\n<meta property=\"og:description\" content=\"Filtre Cristaux 10&quot; ATLAS FILTRI pour eau potable. Corps de filtre SX simple, duplex ou triplex. Disponible chez Chelia Store Alg\u00e9rie.\" \/>\n<meta property=\"og:url\" content=\"https:\/\/cheliastore.dz\/product\/filtre-eau-maison-cristaux-atlas-filtri\/\" \/>\n<meta property=\"og:site_name\" content=\"CHELIA STORE\" \/>\n<meta property=\"article:publisher\" content=\"https:\/\/web.facebook.com\/cheliastore\" \/>\n<meta property=\"article:modified_time\" content=\"2026-01-11T03:04:57+00:00\" \/>\n<meta property=\"og:image\" content=\"https:\/\/cheliastore.dz\/wp-content\/uploads\/2023\/07\/Filtre-Cristaux-GM-ATLAS-FILTRI.jpg\" \/>\n\t<meta property=\"og:image:width\" content=\"1170\" \/>\n\t<meta property=\"og:image:height\" content=\"500\" \/>\n\t<meta property=\"og:image:type\" content=\"image\/jpeg\" \/>\n<meta name=\"twitter:card\" content=\"summary_large_image\" \/>\n<meta name=\"twitter:label1\" content=\"\u0648\u0642\u062a \u0627\u0644\u0642\u0631\u0627\u0621\u0629 \u0627\u0644\u0645\u064f\u0642\u062f\u0651\u0631\" \/>\n\t<meta name=\"twitter:data1\" content=\"4 \u062f\u0642\u0627\u0626\u0642\" \/>\n<script type=\"application\/ld+json\" class=\"yoast-schema-graph\">{\"@context\":\"https:\\\/\\\/schema.org\",\"@graph\":[{\"@type\":\"WebPage\",\"@id\":\"https:\\\/\\\/cheliastore.dz\\\/product\\\/filtre-eau-maison-cristaux-atlas-filtri\\\/\",\"url\":\"https:\\\/\\\/cheliastore.dz\\\/product\\\/filtre-eau-maison-cristaux-atlas-filtri\\\/\",\"name\":\"Filtre Cristaux ATLAS FILTRI \u2013 Chelia Store\",\"isPartOf\":{\"@id\":\"https:\\\/\\\/cheliastore.dz\\\/#website\"},\"primaryImageOfPage\":{\"@id\":\"https:\\\/\\\/cheliastore.dz\\\/product\\\/filtre-eau-maison-cristaux-atlas-filtri\\\/#primaryimage\"},\"image\":{\"@id\":\"https:\\\/\\\/cheliastore.dz\\\/product\\\/filtre-eau-maison-cristaux-atlas-filtri\\\/#primaryimage\"},\"thumbnailUrl\":\"https:\\\/\\\/cheliastore.dz\\\/wp-content\\\/uploads\\\/2023\\\/07\\\/Filtre-Cristaux-GM-ATLAS-FILTRI.jpg\",\"datePublished\":\"2023-07-27T14:33:07+00:00\",\"dateModified\":\"2026-01-11T03:04:57+00:00\",\"description\":\"Filtre Cristaux 10\\\" ATLAS FILTRI pour eau potable. Corps de filtre SX simple, duplex ou triplex. Disponible chez Chelia Store Alg\u00e9rie.\",\"breadcrumb\":{\"@id\":\"https:\\\/\\\/cheliastore.dz\\\/product\\\/filtre-eau-maison-cristaux-atlas-filtri\\\/#breadcrumb\"},\"inLanguage\":\"ar\",\"potentialAction\":[{\"@type\":\"ReadAction\",\"target\":[\"https:\\\/\\\/cheliastore.dz\\\/product\\\/filtre-eau-maison-cristaux-atlas-filtri\\\/\"]}]},{\"@type\":\"ImageObject\",\"inLanguage\":\"ar\",\"@id\":\"https:\\\/\\\/cheliastore.dz\\\/product\\\/filtre-eau-maison-cristaux-atlas-filtri\\\/#primaryimage\",\"url\":\"https:\\\/\\\/cheliastore.dz\\\/wp-content\\\/uploads\\\/2023\\\/07\\\/Filtre-Cristaux-GM-ATLAS-FILTRI.jpg\",\"contentUrl\":\"https:\\\/\\\/cheliastore.dz\\\/wp-content\\\/uploads\\\/2023\\\/07\\\/Filtre-Cristaux-GM-ATLAS-FILTRI.jpg\",\"width\":1170,\"height\":500,\"caption\":\"Filtre a eau pour maison\"},{\"@type\":\"BreadcrumbList\",\"@id\":\"https:\\\/\\\/cheliastore.dz\\\/product\\\/filtre-eau-maison-cristaux-atlas-filtri\\\/#breadcrumb\",\"itemListElement\":[{\"@type\":\"ListItem\",\"position\":1,\"name\":\"\u0627\u0644\u0631\u0626\u064a\u0633\u064a\u0629\",\"item\":\"https:\\\/\\\/cheliastore.dz\\\/ar\\\/\"},{\"@type\":\"ListItem\",\"position\":2,\"name\":\"Boutique\",\"item\":\"https:\\\/\\\/cheliastore.dz\\\/ar\\\/shop\\\/\"},{\"@type\":\"ListItem\",\"position\":3,\"name\":\"FILTRE CRISTAUX 10 ATLAS FILTRI\"}]},{\"@type\":\"WebSite\",\"@id\":\"https:\\\/\\\/cheliastore.dz\\\/#website\",\"url\":\"https:\\\/\\\/cheliastore.dz\\\/\",\"name\":\"CHELIA STORE\",\"description\":\"CHELIA STORE\",\"publisher\":{\"@id\":\"https:\\\/\\\/cheliastore.dz\\\/#organization\"},\"potentialAction\":[{\"@type\":\"SearchAction\",\"target\":{\"@type\":\"EntryPoint\",\"urlTemplate\":\"https:\\\/\\\/cheliastore.dz\\\/?s={search_term_string}\"},\"query-input\":{\"@type\":\"PropertyValueSpecification\",\"valueRequired\":true,\"valueName\":\"search_term_string\"}}],\"inLanguage\":\"ar\"},{\"@type\":\"Organization\",\"@id\":\"https:\\\/\\\/cheliastore.dz\\\/#organization\",\"name\":\"Chelia Store\",\"url\":\"https:\\\/\\\/cheliastore.dz\\\/\",\"logo\":{\"@type\":\"ImageObject\",\"inLanguage\":\"ar\",\"@id\":\"https:\\\/\\\/cheliastore.dz\\\/#\\\/schema\\\/logo\\\/image\\\/\",\"url\":\"https:\\\/\\\/cheliastore.dz\\\/wp-content\\\/uploads\\\/2022\\\/01\\\/logo-final-250.png\",\"contentUrl\":\"https:\\\/\\\/cheliastore.dz\\\/wp-content\\\/uploads\\\/2022\\\/01\\\/logo-final-250.png\",\"width\":250,\"height\":78,\"caption\":\"Chelia Store\"},\"image\":{\"@id\":\"https:\\\/\\\/cheliastore.dz\\\/#\\\/schema\\\/logo\\\/image\\\/\"},\"sameAs\":[\"https:\\\/\\\/web.facebook.com\\\/cheliastore\",\"https:\\\/\\\/www.instagram.com\\\/quincaillerie.chelia\\\/\"]}]}<\/script>\n<!-- \/ Yoast SEO Premium plugin. -->","yoast_head_json":{"title":"Filtre Cristaux ATLAS FILTRI \u2013 Chelia Store","description":"Filtre Cristaux 10\" ATLAS FILTRI pour eau potable. Corps de filtre SX simple, duplex ou triplex. Disponible chez Chelia Store Alg\u00e9rie.","robots":{"index":"index","follow":"follow","max-snippet":"max-snippet:-1","max-image-preview":"max-image-preview:large","max-video-preview":"max-video-preview:-1"},"canonical":"https:\/\/cheliastore.dz\/product\/filtre-eau-maison-cristaux-atlas-filtri\/","og_locale":"ar_AR","og_type":"article","og_title":"FILTRE CRISTAUX 10 ATLAS FILTRI","og_description":"Filtre Cristaux 10\" ATLAS FILTRI pour eau potable. Corps de filtre SX simple, duplex ou triplex. Disponible chez Chelia Store Alg\u00e9rie.","og_url":"https:\/\/cheliastore.dz\/product\/filtre-eau-maison-cristaux-atlas-filtri\/","og_site_name":"CHELIA STORE","article_publisher":"https:\/\/web.facebook.com\/cheliastore","article_modified_time":"2026-01-11T03:04:57+00:00","og_image":[{"width":1170,"height":500,"url":"https:\/\/cheliastore.dz\/wp-content\/uploads\/2023\/07\/Filtre-Cristaux-GM-ATLAS-FILTRI.jpg","type":"image\/jpeg"}],"twitter_card":"summary_large_image","twitter_misc":{"\u0648\u0642\u062a \u0627\u0644\u0642\u0631\u0627\u0621\u0629 \u0627\u0644\u0645\u064f\u0642\u062f\u0651\u0631":"4 \u062f\u0642\u0627\u0626\u0642"},"schema":{"@context":"https:\/\/schema.org","@graph":[{"@type":"WebPage","@id":"https:\/\/cheliastore.dz\/product\/filtre-eau-maison-cristaux-atlas-filtri\/","url":"https:\/\/cheliastore.dz\/product\/filtre-eau-maison-cristaux-atlas-filtri\/","name":"Filtre Cristaux ATLAS FILTRI \u2013 Chelia Store","isPartOf":{"@id":"https:\/\/cheliastore.dz\/#website"},"primaryImageOfPage":{"@id":"https:\/\/cheliastore.dz\/product\/filtre-eau-maison-cristaux-atlas-filtri\/#primaryimage"},"image":{"@id":"https:\/\/cheliastore.dz\/product\/filtre-eau-maison-cristaux-atlas-filtri\/#primaryimage"},"thumbnailUrl":"https:\/\/cheliastore.dz\/wp-content\/uploads\/2023\/07\/Filtre-Cristaux-GM-ATLAS-FILTRI.jpg","datePublished":"2023-07-27T14:33:07+00:00","dateModified":"2026-01-11T03:04:57+00:00","description":"Filtre Cristaux 10\" ATLAS FILTRI pour eau potable. Corps de filtre SX simple, duplex ou triplex. Disponible chez Chelia Store Alg\u00e9rie.","breadcrumb":{"@id":"https:\/\/cheliastore.dz\/product\/filtre-eau-maison-cristaux-atlas-filtri\/#breadcrumb"},"inLanguage":"ar","potentialAction":[{"@type":"ReadAction","target":["https:\/\/cheliastore.dz\/product\/filtre-eau-maison-cristaux-atlas-filtri\/"]}]},{"@type":"ImageObject","inLanguage":"ar","@id":"https:\/\/cheliastore.dz\/product\/filtre-eau-maison-cristaux-atlas-filtri\/#primaryimage","url":"https:\/\/cheliastore.dz\/wp-content\/uploads\/2023\/07\/Filtre-Cristaux-GM-ATLAS-FILTRI.jpg","contentUrl":"https:\/\/cheliastore.dz\/wp-content\/uploads\/2023\/07\/Filtre-Cristaux-GM-ATLAS-FILTRI.jpg","width":1170,"height":500,"caption":"Filtre a eau pour maison"},{"@type":"BreadcrumbList","@id":"https:\/\/cheliastore.dz\/product\/filtre-eau-maison-cristaux-atlas-filtri\/#breadcrumb","itemListElement":[{"@type":"ListItem","position":1,"name":"\u0627\u0644\u0631\u0626\u064a\u0633\u064a\u0629","item":"https:\/\/cheliastore.dz\/ar\/"},{"@type":"ListItem","position":2,"name":"Boutique","item":"https:\/\/cheliastore.dz\/ar\/shop\/"},{"@type":"ListItem","position":3,"name":"FILTRE CRISTAUX 10 ATLAS FILTRI"}]},{"@type":"WebSite","@id":"https:\/\/cheliastore.dz\/#website","url":"https:\/\/cheliastore.dz\/","name":"CHELIA STORE","description":"CHELIA STORE","publisher":{"@id":"https:\/\/cheliastore.dz\/#organization"},"potentialAction":[{"@type":"SearchAction","target":{"@type":"EntryPoint","urlTemplate":"https:\/\/cheliastore.dz\/?s={search_term_string}"},"query-input":{"@type":"PropertyValueSpecification","valueRequired":true,"valueName":"search_term_string"}}],"inLanguage":"ar"},{"@type":"Organization","@id":"https:\/\/cheliastore.dz\/#organization","name":"Chelia Store","url":"https:\/\/cheliastore.dz\/","logo":{"@type":"ImageObject","inLanguage":"ar","@id":"https:\/\/cheliastore.dz\/#\/schema\/logo\/image\/","url":"https:\/\/cheliastore.dz\/wp-content\/uploads\/2022\/01\/logo-final-250.png","contentUrl":"https:\/\/cheliastore.dz\/wp-content\/uploads\/2022\/01\/logo-final-250.png","width":250,"height":78,"caption":"Chelia Store"},"image":{"@id":"https:\/\/cheliastore.dz\/#\/schema\/logo\/image\/"},"sameAs":["https:\/\/web.facebook.com\/cheliastore","https:\/\/www.instagram.com\/quincaillerie.chelia\/"]}]}},"_links":{"self":[{"href":"https:\/\/cheliastore.dz\/ar\/wp-json\/wp\/v2\/product\/21758","targetHints":{"allow":["GET"]}}],"collection":[{"href":"https:\/\/cheliastore.dz\/ar\/wp-json\/wp\/v2\/product"}],"about":[{"href":"https:\/\/cheliastore.dz\/ar\/wp-json\/wp\/v2\/types\/product"}],"replies":[{"embeddable":true,"href":"https:\/\/cheliastore.dz\/ar\/wp-json\/wp\/v2\/comments?post=21758"}],"version-history":[{"count":14,"href":"https:\/\/cheliastore.dz\/ar\/wp-json\/wp\/v2\/product\/21758\/revisions"}],"predecessor-version":[{"id":78032,"href":"https:\/\/cheliastore.dz\/ar\/wp-json\/wp\/v2\/product\/21758\/revisions\/78032"}],"wp:featuredmedia":[{"embeddable":true,"href":"https:\/\/cheliastore.dz\/ar\/wp-json\/wp\/v2\/media\/21759"}],"wp:attachment":[{"href":"https:\/\/cheliastore.dz\/ar\/wp-json\/wp\/v2\/media?parent=21758"}],"wp:term":[{"taxonomy":"product_brand","embeddable":true,"href":"https:\/\/cheliastore.dz\/ar\/wp-json\/wp\/v2\/product_brand?post=21758"},{"taxonomy":"product_cat","embeddable":true,"href":"https:\/\/cheliastore.dz\/ar\/wp-json\/wp\/v2\/product_cat?post=21758"},{"taxonomy":"product_tag","embeddable":true,"href":"https:\/\/cheliastore.dz\/ar\/wp-json\/wp\/v2\/product_tag?post=21758"}],"curies":[{"name":"wp","href":"https:\/\/api.w.org\/{rel}","templated":true}]}}