{"id":21751,"date":"2023-07-27T13:57:52","date_gmt":"2023-07-27T13:57:52","guid":{"rendered":"https:\/\/cheliastore.com\/?post_type=product&#038;p=21751"},"modified":"2026-01-11T03:20:30","modified_gmt":"2026-01-11T03:20:30","slug":"filtre-eau-chaude-gm-atlas-filtri","status":"publish","type":"product","link":"https:\/\/cheliastore.dz\/ar\/product\/filtre-eau-chaude-gm-atlas-filtri\/","title":{"rendered":"Filtre \u00e0 eau \u00e0 fil Rouge 10&#8243; ATLAS FILTRI"},"content":{"rendered":"<h1>Filtre \u00e0 eau chaude ROUGE GM ATLAS FILTRI<\/h1>\n<p>Filtre \u00e0 eau chaude ROUGE GM ATLAS FILTRI : les meilleurs corps pour tous les types de cartouches, soit de nombreuses solutions disponibles pour vous. Id\u00e9aux, pour le point d&#8217;utilisation et le point d\u2019entr\u00e9e, parfaits pour le traitement de l&#8217;eau dans des applications techniques et industrielles. Combinez le corps et la cartouche la mieux adapt\u00e9e parmi celles propos\u00e9es dans notre gamme, et b\u00e9n\u00e9ficiez de tous les avantages de la qualit\u00e9 Atlas Filtri.<\/p>\n<blockquote class=\"wp-embedded-content\" data-secret=\"qFzkrk3jpU\"><p><a href=\"https:\/\/cheliastore.dz\/product\/cartouche-filtre-10-cristaux-atlas-filtri\/\">Cartouche Filtre 10 Cristaux ATLAS Filtri<\/a><\/p><\/blockquote>\n<p><iframe class=\"wp-embedded-content\" sandbox=\"allow-scripts\" security=\"restricted\" style=\"position: absolute; visibility: hidden;\" title=\"\u00ab\u00a0Cartouche Filtre 10 Cristaux ATLAS Filtri\u00a0\u00bb &#8212; CHELIA STORE\" src=\"https:\/\/cheliastore.dz\/product\/cartouche-filtre-10-cristaux-atlas-filtri\/embed\/#?secret=IaxLaewsQ1#?secret=qFzkrk3jpU\" data-secret=\"qFzkrk3jpU\" width=\"500\" height=\"282\" frameborder=\"0\" marginwidth=\"0\" marginheight=\"0\" scrolling=\"no\"><\/iframe><\/p>\n<div class=\"blockSub up\">\n<div class=\"field field-name-field-sottotitolo field-type-text field-label-hidden clearfix\">LES FILTRES \u00c0 EAU CHAUDE PLUS HOT 3P SX \u00c0 3 PI\u00c8CES SONT DES CORPS DE FILTRATION ET DE TRAITEMENT DE L\u2019EAU CHAUDE JUSQU\u2019\u00c0 80\u00b0C, COMPATIBLES AVEC LES CARTOUCHES SP\u00c9CIFIQUES SX (DOE).<\/div>\n<\/div>\n<div class=\"field field-name-body field-type-text-with-summary field-label-hidden clearfix\">\n<p>Ils disposent de raccords 1\/2\u201d, 3\/4\u201d \u00e0 1\u201d filetage BSP ou 3\/4\u201d, 1\u201d \u00e0 filetage NPT. Les corps PLUS HOT 3P SX peuvent accueillir des cartouches d\u2019une hauteur allant de 5\u201d \u00e0 20\u201d et garantissent une r\u00e9sistance maximale gr\u00e2ce au nylon renforc\u00e9 qui les compose. Atlas Filtri utilise des technologies et des syst\u00e8mes de pointe pour garantir une pr\u00e9cision, une fiabilit\u00e9 et une s\u00e9curit\u00e9 accrues des proc\u00e9d\u00e9s de production en d\u00e9veloppant des solutions uniques en leur genre.<\/p>\n<blockquote class=\"wp-embedded-content\" data-secret=\"doWYr9LAtA\"><p><a href=\"https:\/\/cheliastore.dz\/product\/cartouche-filtre-10-charbon-bloc-atlas-filtri\/\">Cartouche Filtre 10 Charbon Bloc ATLAS Filtri<\/a><\/p><\/blockquote>\n<p><iframe class=\"wp-embedded-content\" sandbox=\"allow-scripts\" security=\"restricted\" style=\"position: absolute; visibility: hidden;\" title=\"\u00ab\u00a0Cartouche Filtre 10 Charbon Bloc ATLAS Filtri\u00a0\u00bb &#8212; CHELIA STORE\" src=\"https:\/\/cheliastore.dz\/product\/cartouche-filtre-10-charbon-bloc-atlas-filtri\/embed\/#?secret=H40mB5rWnh#?secret=doWYr9LAtA\" data-secret=\"doWYr9LAtA\" width=\"500\" height=\"282\" frameborder=\"0\" marginwidth=\"0\" marginheight=\"0\" scrolling=\"no\"><\/iframe><\/p>\n<h3><strong>Les Avantages<\/strong><\/h3>\n<ul>\n<li class=\"field field-name-field-testo field-type-text field-label-hidden clearfix\">Mat\u00e9riaux atoxiques, adapt\u00e9s \u00e0 l\u2019eau potable<\/li>\n<li class=\"field field-name-field-testo field-type-text field-label-hidden clearfix\">Adapt\u00e9 \u00e0 des temp\u00e9ratures \u00e9lev\u00e9es, jusqu\u2019\u00e0 80 \u00b0C<\/li>\n<li class=\"field field-name-field-testo field-type-text field-label-hidden clearfix\">Facile \u00e0 ouvrir, \u00e0 fermer, \u00e9tanch\u00e9it\u00e9 par bague<\/li>\n<li class=\"field field-name-field-testo field-type-text field-label-hidden clearfix\">Fiabilit\u00e9 et haut niveau de performance<\/li>\n<li class=\"field field-name-field-testo field-type-text field-label-hidden clearfix\">Large gamme d&#8217;accessoires<\/li>\n<\/ul>\n<h3><strong>Caract\u00e9ristiques<\/strong><\/h3>\n<ul>\n<li class=\"field field-name-field-testo field-type-text field-label-hidden clearfix\">Filtres \u00e0 eau con\u00e7us pour filtrer l\u2019eau chaude<\/li>\n<li class=\"field field-name-field-testo field-type-text field-label-hidden clearfix\">Mod\u00e8les PLUS HOT 3P SX \u00e0 3 pi\u00e8ces<\/li>\n<li class=\"field field-name-field-testo field-type-text field-label-hidden clearfix\">Adapt\u00e9s aux cartouches pour eau chaude sp\u00e9ciales SX (DOE)<\/li>\n<li class=\"field field-name-field-testo field-type-text field-label-hidden clearfix\">Raccords femelles ENTR\u00c9E \/ SORTIE 1\/2&#8243;, 3\/4&#8243;, 1\u201d<\/li>\n<li class=\"field field-name-field-testo field-type-text field-label-hidden clearfix\">Filetage plastique BSP ou NPT<\/li>\n<li class=\"field field-name-field-testo field-type-text field-label-hidden clearfix\">Cuve opaque (AB)<\/li>\n<li class=\"field field-name-field-testo field-type-text field-label-hidden clearfix\">Hauteurs de cartouches qui peuvent \u00eatre install\u00e9es : 5\u201d, 7\u201d, 10\u201d, 20\u201d<\/li>\n<li class=\"field field-name-field-testo field-type-text field-label-hidden clearfix\">Mati\u00e8re : nylon renforc\u00e9<\/li>\n<li class=\"field field-name-field-testo field-type-text field-label-hidden clearfix\">Temp\u00e9rature de service maximale\u00a0: 80 \u00b0C (176 \u00b0F)<\/li>\n<li class=\"field field-name-field-testo field-type-text field-label-hidden clearfix\">Pression de service maximale\u00a0: 8\u00a0bars (116\u00a0psi)<\/li>\n<\/ul>\n<p>&nbsp;<\/p>\n<\/div>\n<blockquote><p>Pour plus d&#8217;informations, visitez notre site web <a href=\"http:\/\/www.cheliastore.com\">http:\/\/www.cheliastore.com<\/a><\/p>\n<p>Vous pouvez aussi visiter le site officiel de la marque ATLAS FILTRI <a href=\"https:\/\/www.atlasfiltri.com\/fr\/produits\/corps-de-filtres-a-eau\">https:\/\/www.atlasfiltri.com\/fr\/produits\/corps-de-filtres-a-eau<\/a><\/p><\/blockquote>\n","protected":false},"excerpt":{"rendered":"<p><strong>Filtre \u00e0 eau chaude<\/strong> de la marque italienne ATLAS FILTRI; bo\u00eetiers de filtres sp\u00e9cialement con\u00e7us pour r\u00e9sister \u00e0 des temp\u00e9ratures \u00e9lev\u00e9es. Disponibles en <strong>grand mod\u00e8le de couleur Rouge<\/strong>, compatible avec les cartouches con\u00e7ues pour l&#8217;eau chaude.<\/p>\n","protected":false},"featured_media":73036,"comment_status":"open","ping_status":"closed","template":"","meta":{"_editorskit_title_hidden":false,"_editorskit_reading_time":0,"_editorskit_is_block_options_detached":false,"_editorskit_block_options_position":"{}"},"product_brand":[],"product_cat":[97,115],"product_tag":[],"class_list":{"0":"post-21751","1":"product","2":"type-product","3":"status-publish","4":"has-post-thumbnail","6":"product_cat-plomberie","7":"product_cat-filtre-eau","8":"pa_brand-atlas-filtri","10":"first","11":"outofstock","12":"shipping-taxable","13":"purchasable","14":"product-type-simple"},"yoast_head":"<!-- This site is optimized with the Yoast SEO Premium plugin v25.4 (Yoast SEO v27.5) - https:\/\/yoast.com\/product\/yoast-seo-premium-wordpress\/ -->\n<title>Filtre \u00e0 eau \u00e0 fil Rouge 10&quot; ATLAS FILTRI - CHELIA STORE<\/title>\n<meta name=\"description\" content=\"D\u00e9couvrez le filtre a eau chaude GM ATLAS FILTRI, id\u00e9al pour purifier l&#039;eau de votre maison en Alg\u00e9rie. Profitez d&#039;une eau propre et saine \u00e0 un prix...\" \/>\n<meta name=\"robots\" content=\"index, follow, max-snippet:-1, max-image-preview:large, max-video-preview:-1\" \/>\n<link rel=\"canonical\" href=\"https:\/\/cheliastore.dz\/product\/filtre-eau-chaude-gm-atlas-filtri\/\" \/>\n<meta property=\"og:locale\" content=\"ar_AR\" \/>\n<meta property=\"og:type\" content=\"article\" \/>\n<meta property=\"og:title\" content=\"Filtre \u00e0 eau \u00e0 fil Rouge 10&quot; ATLAS FILTRI\" \/>\n<meta property=\"og:description\" content=\"D\u00e9couvrez le filtre a eau chaude GM ATLAS FILTRI, id\u00e9al pour purifier l&#039;eau de votre maison en Alg\u00e9rie. Profitez d&#039;une eau propre et saine \u00e0 un prix...\" \/>\n<meta property=\"og:url\" content=\"https:\/\/cheliastore.dz\/product\/filtre-eau-chaude-gm-atlas-filtri\/\" \/>\n<meta property=\"og:site_name\" content=\"CHELIA STORE\" \/>\n<meta property=\"article:publisher\" content=\"https:\/\/web.facebook.com\/cheliastore\" \/>\n<meta property=\"article:modified_time\" content=\"2026-01-11T03:20:30+00:00\" \/>\n<meta property=\"og:image\" content=\"https:\/\/cheliastore.dz\/wp-content\/uploads\/2023\/07\/Copie-de-Ajouter-un-sous-titre-13.jpg\" \/>\n\t<meta property=\"og:image:width\" content=\"1080\" \/>\n\t<meta property=\"og:image:height\" content=\"1080\" \/>\n\t<meta property=\"og:image:type\" content=\"image\/jpeg\" \/>\n<meta name=\"twitter:card\" content=\"summary_large_image\" \/>\n<meta name=\"twitter:label1\" content=\"\u0648\u0642\u062a \u0627\u0644\u0642\u0631\u0627\u0621\u0629 \u0627\u0644\u0645\u064f\u0642\u062f\u0651\u0631\" \/>\n\t<meta name=\"twitter:data1\" content=\"\u062f\u0642\u064a\u0642\u062a\u0627\u0646\" \/>\n<script type=\"application\/ld+json\" class=\"yoast-schema-graph\">{\"@context\":\"https:\\\/\\\/schema.org\",\"@graph\":[{\"@type\":\"WebPage\",\"@id\":\"https:\\\/\\\/cheliastore.dz\\\/product\\\/filtre-eau-chaude-gm-atlas-filtri\\\/\",\"url\":\"https:\\\/\\\/cheliastore.dz\\\/product\\\/filtre-eau-chaude-gm-atlas-filtri\\\/\",\"name\":\"Filtre \u00e0 eau \u00e0 fil Rouge 10\\\" ATLAS FILTRI - CHELIA STORE\",\"isPartOf\":{\"@id\":\"https:\\\/\\\/cheliastore.dz\\\/#website\"},\"primaryImageOfPage\":{\"@id\":\"https:\\\/\\\/cheliastore.dz\\\/product\\\/filtre-eau-chaude-gm-atlas-filtri\\\/#primaryimage\"},\"image\":{\"@id\":\"https:\\\/\\\/cheliastore.dz\\\/product\\\/filtre-eau-chaude-gm-atlas-filtri\\\/#primaryimage\"},\"thumbnailUrl\":\"https:\\\/\\\/cheliastore.dz\\\/wp-content\\\/uploads\\\/2023\\\/07\\\/Copie-de-Ajouter-un-sous-titre-13.jpg\",\"datePublished\":\"2023-07-27T13:57:52+00:00\",\"dateModified\":\"2026-01-11T03:20:30+00:00\",\"description\":\"D\u00e9couvrez le filtre a eau chaude GM ATLAS FILTRI, id\u00e9al pour purifier l'eau de votre maison en Alg\u00e9rie. Profitez d'une eau propre et saine \u00e0 un prix...\",\"breadcrumb\":{\"@id\":\"https:\\\/\\\/cheliastore.dz\\\/product\\\/filtre-eau-chaude-gm-atlas-filtri\\\/#breadcrumb\"},\"inLanguage\":\"ar\",\"potentialAction\":[{\"@type\":\"ReadAction\",\"target\":[\"https:\\\/\\\/cheliastore.dz\\\/product\\\/filtre-eau-chaude-gm-atlas-filtri\\\/\"]}]},{\"@type\":\"ImageObject\",\"inLanguage\":\"ar\",\"@id\":\"https:\\\/\\\/cheliastore.dz\\\/product\\\/filtre-eau-chaude-gm-atlas-filtri\\\/#primaryimage\",\"url\":\"https:\\\/\\\/cheliastore.dz\\\/wp-content\\\/uploads\\\/2023\\\/07\\\/Copie-de-Ajouter-un-sous-titre-13.jpg\",\"contentUrl\":\"https:\\\/\\\/cheliastore.dz\\\/wp-content\\\/uploads\\\/2023\\\/07\\\/Copie-de-Ajouter-un-sous-titre-13.jpg\",\"width\":1080,\"height\":1080,\"caption\":\"Filtre \u00e0 eau \u00e0 fil Rouge 10\\\" ATLAS FILTRI\"},{\"@type\":\"BreadcrumbList\",\"@id\":\"https:\\\/\\\/cheliastore.dz\\\/product\\\/filtre-eau-chaude-gm-atlas-filtri\\\/#breadcrumb\",\"itemListElement\":[{\"@type\":\"ListItem\",\"position\":1,\"name\":\"\u0627\u0644\u0631\u0626\u064a\u0633\u064a\u0629\",\"item\":\"https:\\\/\\\/cheliastore.dz\\\/ar\\\/\"},{\"@type\":\"ListItem\",\"position\":2,\"name\":\"Boutique\",\"item\":\"https:\\\/\\\/cheliastore.dz\\\/ar\\\/shop\\\/\"},{\"@type\":\"ListItem\",\"position\":3,\"name\":\"Filtre \u00e0 eau \u00e0 fil Rouge 10&Prime; ATLAS FILTRI\"}]},{\"@type\":\"WebSite\",\"@id\":\"https:\\\/\\\/cheliastore.dz\\\/#website\",\"url\":\"https:\\\/\\\/cheliastore.dz\\\/\",\"name\":\"CHELIA STORE\",\"description\":\"CHELIA STORE\",\"publisher\":{\"@id\":\"https:\\\/\\\/cheliastore.dz\\\/#organization\"},\"potentialAction\":[{\"@type\":\"SearchAction\",\"target\":{\"@type\":\"EntryPoint\",\"urlTemplate\":\"https:\\\/\\\/cheliastore.dz\\\/?s={search_term_string}\"},\"query-input\":{\"@type\":\"PropertyValueSpecification\",\"valueRequired\":true,\"valueName\":\"search_term_string\"}}],\"inLanguage\":\"ar\"},{\"@type\":\"Organization\",\"@id\":\"https:\\\/\\\/cheliastore.dz\\\/#organization\",\"name\":\"Chelia Store\",\"url\":\"https:\\\/\\\/cheliastore.dz\\\/\",\"logo\":{\"@type\":\"ImageObject\",\"inLanguage\":\"ar\",\"@id\":\"https:\\\/\\\/cheliastore.dz\\\/#\\\/schema\\\/logo\\\/image\\\/\",\"url\":\"https:\\\/\\\/cheliastore.dz\\\/wp-content\\\/uploads\\\/2022\\\/01\\\/logo-final-250.png\",\"contentUrl\":\"https:\\\/\\\/cheliastore.dz\\\/wp-content\\\/uploads\\\/2022\\\/01\\\/logo-final-250.png\",\"width\":250,\"height\":78,\"caption\":\"Chelia Store\"},\"image\":{\"@id\":\"https:\\\/\\\/cheliastore.dz\\\/#\\\/schema\\\/logo\\\/image\\\/\"},\"sameAs\":[\"https:\\\/\\\/web.facebook.com\\\/cheliastore\",\"https:\\\/\\\/www.instagram.com\\\/quincaillerie.chelia\\\/\"]}]}<\/script>\n<!-- \/ Yoast SEO Premium plugin. -->","yoast_head_json":{"title":"Filtre \u00e0 eau \u00e0 fil Rouge 10\" ATLAS FILTRI - CHELIA STORE","description":"D\u00e9couvrez le filtre a eau chaude GM ATLAS FILTRI, id\u00e9al pour purifier l'eau de votre maison en Alg\u00e9rie. Profitez d'une eau propre et saine \u00e0 un prix...","robots":{"index":"index","follow":"follow","max-snippet":"max-snippet:-1","max-image-preview":"max-image-preview:large","max-video-preview":"max-video-preview:-1"},"canonical":"https:\/\/cheliastore.dz\/product\/filtre-eau-chaude-gm-atlas-filtri\/","og_locale":"ar_AR","og_type":"article","og_title":"Filtre \u00e0 eau \u00e0 fil Rouge 10\" ATLAS FILTRI","og_description":"D\u00e9couvrez le filtre a eau chaude GM ATLAS FILTRI, id\u00e9al pour purifier l'eau de votre maison en Alg\u00e9rie. Profitez d'une eau propre et saine \u00e0 un prix...","og_url":"https:\/\/cheliastore.dz\/product\/filtre-eau-chaude-gm-atlas-filtri\/","og_site_name":"CHELIA STORE","article_publisher":"https:\/\/web.facebook.com\/cheliastore","article_modified_time":"2026-01-11T03:20:30+00:00","og_image":[{"width":1080,"height":1080,"url":"https:\/\/cheliastore.dz\/wp-content\/uploads\/2023\/07\/Copie-de-Ajouter-un-sous-titre-13.jpg","type":"image\/jpeg"}],"twitter_card":"summary_large_image","twitter_misc":{"\u0648\u0642\u062a \u0627\u0644\u0642\u0631\u0627\u0621\u0629 \u0627\u0644\u0645\u064f\u0642\u062f\u0651\u0631":"\u062f\u0642\u064a\u0642\u062a\u0627\u0646"},"schema":{"@context":"https:\/\/schema.org","@graph":[{"@type":"WebPage","@id":"https:\/\/cheliastore.dz\/product\/filtre-eau-chaude-gm-atlas-filtri\/","url":"https:\/\/cheliastore.dz\/product\/filtre-eau-chaude-gm-atlas-filtri\/","name":"Filtre \u00e0 eau \u00e0 fil Rouge 10\" ATLAS FILTRI - CHELIA STORE","isPartOf":{"@id":"https:\/\/cheliastore.dz\/#website"},"primaryImageOfPage":{"@id":"https:\/\/cheliastore.dz\/product\/filtre-eau-chaude-gm-atlas-filtri\/#primaryimage"},"image":{"@id":"https:\/\/cheliastore.dz\/product\/filtre-eau-chaude-gm-atlas-filtri\/#primaryimage"},"thumbnailUrl":"https:\/\/cheliastore.dz\/wp-content\/uploads\/2023\/07\/Copie-de-Ajouter-un-sous-titre-13.jpg","datePublished":"2023-07-27T13:57:52+00:00","dateModified":"2026-01-11T03:20:30+00:00","description":"D\u00e9couvrez le filtre a eau chaude GM ATLAS FILTRI, id\u00e9al pour purifier l'eau de votre maison en Alg\u00e9rie. Profitez d'une eau propre et saine \u00e0 un prix...","breadcrumb":{"@id":"https:\/\/cheliastore.dz\/product\/filtre-eau-chaude-gm-atlas-filtri\/#breadcrumb"},"inLanguage":"ar","potentialAction":[{"@type":"ReadAction","target":["https:\/\/cheliastore.dz\/product\/filtre-eau-chaude-gm-atlas-filtri\/"]}]},{"@type":"ImageObject","inLanguage":"ar","@id":"https:\/\/cheliastore.dz\/product\/filtre-eau-chaude-gm-atlas-filtri\/#primaryimage","url":"https:\/\/cheliastore.dz\/wp-content\/uploads\/2023\/07\/Copie-de-Ajouter-un-sous-titre-13.jpg","contentUrl":"https:\/\/cheliastore.dz\/wp-content\/uploads\/2023\/07\/Copie-de-Ajouter-un-sous-titre-13.jpg","width":1080,"height":1080,"caption":"Filtre \u00e0 eau \u00e0 fil Rouge 10\" ATLAS FILTRI"},{"@type":"BreadcrumbList","@id":"https:\/\/cheliastore.dz\/product\/filtre-eau-chaude-gm-atlas-filtri\/#breadcrumb","itemListElement":[{"@type":"ListItem","position":1,"name":"\u0627\u0644\u0631\u0626\u064a\u0633\u064a\u0629","item":"https:\/\/cheliastore.dz\/ar\/"},{"@type":"ListItem","position":2,"name":"Boutique","item":"https:\/\/cheliastore.dz\/ar\/shop\/"},{"@type":"ListItem","position":3,"name":"Filtre \u00e0 eau \u00e0 fil Rouge 10&Prime; ATLAS FILTRI"}]},{"@type":"WebSite","@id":"https:\/\/cheliastore.dz\/#website","url":"https:\/\/cheliastore.dz\/","name":"CHELIA STORE","description":"CHELIA STORE","publisher":{"@id":"https:\/\/cheliastore.dz\/#organization"},"potentialAction":[{"@type":"SearchAction","target":{"@type":"EntryPoint","urlTemplate":"https:\/\/cheliastore.dz\/?s={search_term_string}"},"query-input":{"@type":"PropertyValueSpecification","valueRequired":true,"valueName":"search_term_string"}}],"inLanguage":"ar"},{"@type":"Organization","@id":"https:\/\/cheliastore.dz\/#organization","name":"Chelia Store","url":"https:\/\/cheliastore.dz\/","logo":{"@type":"ImageObject","inLanguage":"ar","@id":"https:\/\/cheliastore.dz\/#\/schema\/logo\/image\/","url":"https:\/\/cheliastore.dz\/wp-content\/uploads\/2022\/01\/logo-final-250.png","contentUrl":"https:\/\/cheliastore.dz\/wp-content\/uploads\/2022\/01\/logo-final-250.png","width":250,"height":78,"caption":"Chelia Store"},"image":{"@id":"https:\/\/cheliastore.dz\/#\/schema\/logo\/image\/"},"sameAs":["https:\/\/web.facebook.com\/cheliastore","https:\/\/www.instagram.com\/quincaillerie.chelia\/"]}]}},"_links":{"self":[{"href":"https:\/\/cheliastore.dz\/ar\/wp-json\/wp\/v2\/product\/21751","targetHints":{"allow":["GET"]}}],"collection":[{"href":"https:\/\/cheliastore.dz\/ar\/wp-json\/wp\/v2\/product"}],"about":[{"href":"https:\/\/cheliastore.dz\/ar\/wp-json\/wp\/v2\/types\/product"}],"replies":[{"embeddable":true,"href":"https:\/\/cheliastore.dz\/ar\/wp-json\/wp\/v2\/comments?post=21751"}],"version-history":[{"count":3,"href":"https:\/\/cheliastore.dz\/ar\/wp-json\/wp\/v2\/product\/21751\/revisions"}],"predecessor-version":[{"id":73035,"href":"https:\/\/cheliastore.dz\/ar\/wp-json\/wp\/v2\/product\/21751\/revisions\/73035"}],"wp:featuredmedia":[{"embeddable":true,"href":"https:\/\/cheliastore.dz\/ar\/wp-json\/wp\/v2\/media\/73036"}],"wp:attachment":[{"href":"https:\/\/cheliastore.dz\/ar\/wp-json\/wp\/v2\/media?parent=21751"}],"wp:term":[{"taxonomy":"product_brand","embeddable":true,"href":"https:\/\/cheliastore.dz\/ar\/wp-json\/wp\/v2\/product_brand?post=21751"},{"taxonomy":"product_cat","embeddable":true,"href":"https:\/\/cheliastore.dz\/ar\/wp-json\/wp\/v2\/product_cat?post=21751"},{"taxonomy":"product_tag","embeddable":true,"href":"https:\/\/cheliastore.dz\/ar\/wp-json\/wp\/v2\/product_tag?post=21751"}],"curies":[{"name":"wp","href":"https:\/\/api.w.org\/{rel}","templated":true}]}}