{"id":21400,"date":"2023-07-22T15:17:07","date_gmt":"2023-07-22T15:17:07","guid":{"rendered":"https:\/\/cheliastore.com\/?post_type=product&#038;p=21400"},"modified":"2026-01-11T03:25:43","modified_gmt":"2026-01-11T03:25:43","slug":"osmos-filtration-simple-75-gpd-regent","status":"publish","type":"product","link":"https:\/\/cheliastore.dz\/ar\/product\/osmos-filtration-simple-75-gpd-regent\/","title":{"rendered":"OSMOS FILTRATION SIMPLE 75 REGENT"},"content":{"rendered":"<h1 data-start=\"281\" data-end=\"321\">OSMOS Filtration Simple 75 GPD REGENT<\/h1>\n<p data-start=\"323\" data-end=\"689\">L\u2019<strong data-start=\"325\" data-end=\"366\"><span style=\"color: red;\">OSMOS Filtration Simple 75 GPD REGENT <\/span><\/strong>est un syst\u00e8me de purification d\u2019eau domestique haute performance fonctionnant selon le principe de <strong data-start=\"467\" data-end=\"487\">l\u2019osmose inverse<\/strong>. Con\u00e7u pour offrir une eau d\u2019une qualit\u00e9 exceptionnelle, il \u00e9limine efficacement la majorit\u00e9 des contaminants pr\u00e9sents dans l\u2019eau du r\u00e9seau, tout en garantissant une eau saine, au go\u00fbt pur et agr\u00e9able.<\/p>\n<p data-start=\"691\" data-end=\"1011\">Gr\u00e2ce \u00e0 sa <strong data-start=\"702\" data-end=\"728\">filtration \u00e0 5 niveaux<\/strong>, cet osmoseur inverse ne laisse passer que les mol\u00e9cules d\u2019eau, bloquant jusqu\u2019\u00e0 <strong data-start=\"810\" data-end=\"828\">99 % du chlore<\/strong>, des m\u00e9taux lourds, des pesticides, des antibiotiques, des bact\u00e9ries et des virus. Il constitue une solution id\u00e9ale pour am\u00e9liorer durablement la qualit\u00e9 de l\u2019eau potable \u00e0 domicile.<\/p>\n<p data-start=\"1013\" data-end=\"1290\">Adapt\u00e9 \u00e0 une utilisation familiale, l\u2019osmoseur <strong data-start=\"1060\" data-end=\"1077\">REGENT 75 GPD<\/strong> permet de produire une eau pure directement au robinet, sans recours aux bouteilles en plastique. Il contribue ainsi \u00e0 une meilleure sant\u00e9, \u00e0 des \u00e9conomies sur le long terme et \u00e0 la protection de l\u2019environnement.<\/p>\n<p data-start=\"1292\" data-end=\"1510\">Avec une capacit\u00e9 de <strong data-start=\"1313\" data-end=\"1342\">75 GPD (gallons par jour)<\/strong>, ce syst\u00e8me assure une production suffisante pour la boisson, la cuisine et la pr\u00e9paration des aliments, tout en am\u00e9liorant le go\u00fbt de vos boissons chaudes et froides.<\/p>\n<p data-start=\"1512\" data-end=\"1641\">&#x1f449; <strong data-start=\"3580\" data-end=\"3596\"><a href=\"https:\/\/cheliastore.dz\/\">CHELIA STORE<\/a><\/strong><strong data-start=\"1515\" data-end=\"1539\">\u00a0<\/strong> vous propose une solution fiable, durable et performante pour b\u00e9n\u00e9ficier d\u2019une eau pure au quotidien.<\/p>\n<h2 data-start=\"1648\" data-end=\"1720\"><span style=\"color: red;\">&#x25b6;<\/span> Caract\u00e9ristiques techniques \u2013 OSMOS Filtration Simple 75 GPD REGENT<\/h2>\n<div class=\"TyagGW_tableContainer\">\n<div class=\"group TyagGW_tableWrapper flex w-fit flex-col-reverse\" tabindex=\"-1\">\n<table class=\"w-fit min-w-(--thread-content-width)\" data-start=\"1722\" data-end=\"2279\">\n<thead data-start=\"1722\" data-end=\"1755\">\n<tr data-start=\"1722\" data-end=\"1755\">\n<th data-start=\"1722\" data-end=\"1740\" data-col-size=\"sm\">Caract\u00e9ristique<\/th>\n<th data-start=\"1740\" data-end=\"1755\" data-col-size=\"sm\">Description<\/th>\n<\/tr>\n<\/thead>\n<tbody data-start=\"1788\" data-end=\"2279\">\n<tr data-start=\"1788\" data-end=\"1837\">\n<td data-start=\"1788\" data-end=\"1806\" data-col-size=\"sm\">Type de produit<\/td>\n<td data-col-size=\"sm\" data-start=\"1806\" data-end=\"1837\">Osmoseur inverse domestique<\/td>\n<\/tr>\n<tr data-start=\"1838\" data-end=\"1863\">\n<td data-start=\"1838\" data-end=\"1847\" data-col-size=\"sm\">Marque<\/td>\n<td data-col-size=\"sm\" data-start=\"1847\" data-end=\"1863\">Ideal Regent<\/td>\n<\/tr>\n<tr data-start=\"1864\" data-end=\"1900\">\n<td data-start=\"1864\" data-end=\"1873\" data-col-size=\"sm\">Mod\u00e8le<\/td>\n<td data-col-size=\"sm\" data-start=\"1873\" data-end=\"1900\">OSMOS Filtration Simple<\/td>\n<\/tr>\n<tr data-start=\"1901\" data-end=\"1922\">\n<td data-start=\"1901\" data-end=\"1912\" data-col-size=\"sm\">Capacit\u00e9<\/td>\n<td data-col-size=\"sm\" data-start=\"1912\" data-end=\"1922\">75 GPD<\/td>\n<\/tr>\n<tr data-start=\"1923\" data-end=\"1955\">\n<td data-start=\"1923\" data-end=\"1937\" data-col-size=\"sm\">Technologie<\/td>\n<td data-col-size=\"sm\" data-start=\"1937\" data-end=\"1955\">Osmose inverse<\/td>\n<\/tr>\n<tr data-start=\"1956\" data-end=\"2000\">\n<td data-start=\"1956\" data-end=\"1974\" data-col-size=\"sm\">Nombre d\u2019\u00e9tapes<\/td>\n<td data-col-size=\"sm\" data-start=\"1974\" data-end=\"2000\">Filtration \u00e0 5 niveaux<\/td>\n<\/tr>\n<tr data-start=\"2001\" data-end=\"2055\">\n<td data-start=\"2001\" data-end=\"2022\" data-col-size=\"sm\">Taux de filtration<\/td>\n<td data-col-size=\"sm\" data-start=\"2022\" data-end=\"2055\">Jusqu\u2019\u00e0 99 % des contaminants<\/td>\n<\/tr>\n<tr data-start=\"2056\" data-end=\"2104\">\n<td data-start=\"2056\" data-end=\"2070\" data-col-size=\"sm\">Utilisation<\/td>\n<td data-col-size=\"sm\" data-start=\"2070\" data-end=\"2104\">Eau potable, cuisine, boissons<\/td>\n<\/tr>\n<tr data-start=\"2105\" data-end=\"2162\">\n<td data-start=\"2105\" data-end=\"2124\" data-col-size=\"sm\">Qualit\u00e9 de l\u2019eau<\/td>\n<td data-col-size=\"sm\" data-start=\"2124\" data-end=\"2162\">Tr\u00e8s haute qualit\u00e9 \u2013 go\u00fbt am\u00e9lior\u00e9<\/td>\n<\/tr>\n<tr data-start=\"2163\" data-end=\"2187\">\n<td data-start=\"2163\" data-end=\"2174\" data-col-size=\"sm\">Min\u00e9raux<\/td>\n<td data-col-size=\"sm\" data-start=\"2174\" data-end=\"2187\">Pr\u00e9serv\u00e9s<\/td>\n<\/tr>\n<tr data-start=\"2188\" data-end=\"2208\">\n<td data-start=\"2188\" data-end=\"2199\" data-col-size=\"sm\">Garantie<\/td>\n<td data-col-size=\"sm\" data-start=\"2199\" data-end=\"2208\">2 ans<\/td>\n<\/tr>\n<tr data-start=\"2209\" data-end=\"2238\">\n<td data-start=\"2209\" data-end=\"2224\" data-col-size=\"sm\">Installation<\/td>\n<td data-col-size=\"sm\" data-start=\"2224\" data-end=\"2238\">Domestique<\/td>\n<\/tr>\n<tr data-start=\"2239\" data-end=\"2279\">\n<td data-start=\"2239\" data-end=\"2255\" data-col-size=\"sm\">Disponibilit\u00e9<\/td>\n<td data-col-size=\"sm\" data-start=\"2255\" data-end=\"2279\">CHELIA STORE Alg\u00e9rie<\/td>\n<\/tr>\n<\/tbody>\n<\/table>\n<\/div>\n<\/div>\n<h2 data-start=\"2286\" data-end=\"2317\"><span style=\"color: red;\">&#x25b6; <\/span>Avantages pour votre foyer<\/h2>\n<p data-start=\"2319\" data-end=\"2639\">&#x2714; Eau potable pure et saine<br data-start=\"2346\" data-end=\"2349\" \/>&#x2714; \u00c9limination efficace du chlore, bact\u00e9ries et m\u00e9taux lourds<br data-start=\"2409\" data-end=\"2412\" \/>&#x2714; Am\u00e9lioration notable du go\u00fbt de l\u2019eau<br data-start=\"2451\" data-end=\"2454\" \/>&#x2714; Fini la corv\u00e9e des bouteilles d\u2019eau<br data-start=\"2491\" data-end=\"2494\" \/>&#x2714; Solution \u00e9cologique et \u00e9conomique<br data-start=\"2529\" data-end=\"2532\" \/>&#x2714; Syst\u00e8me fiable pour un usage quotidien<br data-start=\"2572\" data-end=\"2575\" \/>&#x2714; Id\u00e9al pour toute la famille<br data-start=\"2604\" data-end=\"2607\" \/>&#x2714; Marque reconnue Ideal Regent<\/p>\n<h2 data-start=\"2646\" data-end=\"2694\">&#x2753; FAQ \u2013 OSMOS Filtration Simple 75 GPD REGENT<\/h2>\n<p data-start=\"2696\" data-end=\"2848\"><strong data-start=\"2696\" data-end=\"2733\">\u00c0 quoi sert un osmoseur inverse ?<\/strong><br data-start=\"2733\" data-end=\"2736\" \/>Il permet d\u2019obtenir une eau tr\u00e8s pure en \u00e9liminant les contaminants dissous gr\u00e2ce \u00e0 une membrane semi-perm\u00e9able.<\/p>\n<p data-start=\"2850\" data-end=\"2977\"><strong data-start=\"2850\" data-end=\"2899\">Convient-il pour une utilisation domestique ?<\/strong><br data-start=\"2899\" data-end=\"2902\" \/>Oui, ce mod\u00e8le est sp\u00e9cialement con\u00e7u pour les foyers et l\u2019usage quotidien.<\/p>\n<p data-start=\"2979\" data-end=\"3106\"><strong data-start=\"2979\" data-end=\"3015\">Am\u00e9liore-t-il le go\u00fbt de l\u2019eau ?<\/strong><br data-start=\"3015\" data-end=\"3018\" \/>Oui, l\u2019\u00e9limination des impuret\u00e9s rend l\u2019eau plus agr\u00e9able pour la boisson et la cuisine.<\/p>\n<p data-start=\"3108\" data-end=\"3244\"><strong data-start=\"3108\" data-end=\"3157\">Est-ce une alternative \u00e0 l\u2019eau en bouteille ?<\/strong><br data-start=\"3157\" data-end=\"3160\" \/>Oui, il permet de consommer une eau filtr\u00e9e directement \u00e0 domicile, sans bouteilles.<\/p>\n<h2 data-start=\"3251\" data-end=\"3320\">&#x1f6d2; Disponibilit\u00e9 en Alg\u00e9rie<\/h2>\n<p data-start=\"3322\" data-end=\"3471\">L\u2019<strong data-start=\"3324\" data-end=\"3365\"><span style=\"color: red;\">OSMOS Filtration Simple 75 GPD REGENT <\/span><\/strong>est disponible chez <strong data-start=\"3580\" data-end=\"3596\"><a href=\"https:\/\/cheliastore.dz\/\">CHELIA STORE<\/a><\/strong>, votre sp\u00e9cialiste des solutions de filtration d\u2019eau en Alg\u00e9rie &#x1f1e9;&#x1f1ff;<\/p>\n<p data-start=\"3473\" data-end=\"3615\">&#x2714; Livraison rapide partout en Alg\u00e9rie<br data-start=\"3510\" data-end=\"3513\" \/>&#x2714; Produits d\u2019origine certifi\u00e9s<br data-start=\"3543\" data-end=\"3546\" \/>&#x2714; Excellent rapport qualit\u00e9 \/ prix<br data-start=\"3580\" data-end=\"3583\" \/>&#x2714; Service client professionnel<\/p>\n<p data-start=\"3473\" data-end=\"3615\">&#x1f449; Pour plus de d\u00e9tails techniques, consultez la documentation officielle <a href=\"https:\/\/technosat-dz.com\/\"><strong data-start=\"3324\" data-end=\"3365\">REGENT<\/strong><\/a><\/p>\n","protected":false},"excerpt":{"rendered":"<p>OSMOS Filtration Simple 75 GPD REGENT est un dispositif permettant de produire de l&#8217;eau consid\u00e9r\u00e9e comme pure selon le principe de l&#8217;osmose inverse.<\/p>\n","protected":false},"featured_media":21401,"comment_status":"open","ping_status":"closed","template":"","meta":{"_editorskit_title_hidden":false,"_editorskit_reading_time":0,"_editorskit_is_block_options_detached":false,"_editorskit_block_options_position":"{}"},"product_brand":[],"product_cat":[97,115],"product_tag":[],"class_list":{"0":"post-21400","1":"product","2":"type-product","3":"status-publish","4":"has-post-thumbnail","6":"product_cat-plomberie","7":"product_cat-filtre-eau","9":"first","10":"instock","11":"shipping-taxable","12":"purchasable","13":"product-type-simple"},"yoast_head":"<!-- This site is optimized with the Yoast SEO Premium plugin v25.4 (Yoast SEO v27.6) - https:\/\/yoast.com\/product\/yoast-seo-premium-wordpress\/ -->\n<title>OSMOS Filtration Simple 75 GPD REGENT | Chelia Store<\/title>\n<meta name=\"description\" content=\"Achetez l\u2019OSMOS Filtration Simple 75 GPD REGENT chez Chelia Store. Osmoseur inverse 5 niveaux pour une eau pure. Livraison en Alg\u00e9rie.\" \/>\n<meta name=\"robots\" content=\"index, follow, max-snippet:-1, max-image-preview:large, max-video-preview:-1\" \/>\n<link rel=\"canonical\" href=\"https:\/\/cheliastore.dz\/product\/osmos-filtration-simple-75-gpd-regent\/\" \/>\n<meta property=\"og:locale\" content=\"ar_AR\" \/>\n<meta property=\"og:type\" content=\"article\" \/>\n<meta property=\"og:title\" content=\"OSMOS FILTRATION SIMPLE 75 REGENT\" \/>\n<meta property=\"og:description\" content=\"Achetez l\u2019OSMOS Filtration Simple 75 GPD REGENT chez Chelia Store. Osmoseur inverse 5 niveaux pour une eau pure. Livraison en Alg\u00e9rie.\" \/>\n<meta property=\"og:url\" content=\"https:\/\/cheliastore.dz\/product\/osmos-filtration-simple-75-gpd-regent\/\" \/>\n<meta property=\"og:site_name\" content=\"CHELIA STORE\" \/>\n<meta property=\"article:publisher\" content=\"https:\/\/web.facebook.com\/cheliastore\" \/>\n<meta property=\"article:modified_time\" content=\"2026-01-11T03:25:43+00:00\" \/>\n<meta property=\"og:image\" content=\"https:\/\/cheliastore.dz\/wp-content\/uploads\/2023\/07\/OSMOS-Filtration-Simple-75-GPD-REGENT.jpg\" \/>\n\t<meta property=\"og:image:width\" content=\"600\" \/>\n\t<meta property=\"og:image:height\" content=\"600\" \/>\n\t<meta property=\"og:image:type\" content=\"image\/jpeg\" \/>\n<meta name=\"twitter:card\" content=\"summary_large_image\" \/>\n<meta name=\"twitter:label1\" content=\"\u0648\u0642\u062a \u0627\u0644\u0642\u0631\u0627\u0621\u0629 \u0627\u0644\u0645\u064f\u0642\u062f\u0651\u0631\" \/>\n\t<meta name=\"twitter:data1\" content=\"3 \u062f\u0642\u0627\u0626\u0642\" \/>\n<script type=\"application\/ld+json\" class=\"yoast-schema-graph\">{\"@context\":\"https:\\\/\\\/schema.org\",\"@graph\":[{\"@type\":\"WebPage\",\"@id\":\"https:\\\/\\\/cheliastore.dz\\\/product\\\/osmos-filtration-simple-75-gpd-regent\\\/\",\"url\":\"https:\\\/\\\/cheliastore.dz\\\/product\\\/osmos-filtration-simple-75-gpd-regent\\\/\",\"name\":\"OSMOS Filtration Simple 75 GPD REGENT | Chelia Store\",\"isPartOf\":{\"@id\":\"https:\\\/\\\/cheliastore.dz\\\/#website\"},\"primaryImageOfPage\":{\"@id\":\"https:\\\/\\\/cheliastore.dz\\\/product\\\/osmos-filtration-simple-75-gpd-regent\\\/#primaryimage\"},\"image\":{\"@id\":\"https:\\\/\\\/cheliastore.dz\\\/product\\\/osmos-filtration-simple-75-gpd-regent\\\/#primaryimage\"},\"thumbnailUrl\":\"https:\\\/\\\/cheliastore.dz\\\/wp-content\\\/uploads\\\/2023\\\/07\\\/OSMOS-Filtration-Simple-75-GPD-REGENT.jpg\",\"datePublished\":\"2023-07-22T15:17:07+00:00\",\"dateModified\":\"2026-01-11T03:25:43+00:00\",\"description\":\"Achetez l\u2019OSMOS Filtration Simple 75 GPD REGENT chez Chelia Store. Osmoseur inverse 5 niveaux pour une eau pure. Livraison en Alg\u00e9rie.\",\"breadcrumb\":{\"@id\":\"https:\\\/\\\/cheliastore.dz\\\/product\\\/osmos-filtration-simple-75-gpd-regent\\\/#breadcrumb\"},\"inLanguage\":\"ar\",\"potentialAction\":[{\"@type\":\"ReadAction\",\"target\":[\"https:\\\/\\\/cheliastore.dz\\\/product\\\/osmos-filtration-simple-75-gpd-regent\\\/\"]}]},{\"@type\":\"ImageObject\",\"inLanguage\":\"ar\",\"@id\":\"https:\\\/\\\/cheliastore.dz\\\/product\\\/osmos-filtration-simple-75-gpd-regent\\\/#primaryimage\",\"url\":\"https:\\\/\\\/cheliastore.dz\\\/wp-content\\\/uploads\\\/2023\\\/07\\\/OSMOS-Filtration-Simple-75-GPD-REGENT.jpg\",\"contentUrl\":\"https:\\\/\\\/cheliastore.dz\\\/wp-content\\\/uploads\\\/2023\\\/07\\\/OSMOS-Filtration-Simple-75-GPD-REGENT.jpg\",\"width\":600,\"height\":600,\"caption\":\"OSMOS Filtration Simple 75 GPD REGENT\"},{\"@type\":\"BreadcrumbList\",\"@id\":\"https:\\\/\\\/cheliastore.dz\\\/product\\\/osmos-filtration-simple-75-gpd-regent\\\/#breadcrumb\",\"itemListElement\":[{\"@type\":\"ListItem\",\"position\":1,\"name\":\"\u0627\u0644\u0631\u0626\u064a\u0633\u064a\u0629\",\"item\":\"https:\\\/\\\/cheliastore.dz\\\/ar\\\/\"},{\"@type\":\"ListItem\",\"position\":2,\"name\":\"Boutique\",\"item\":\"https:\\\/\\\/cheliastore.dz\\\/ar\\\/shop\\\/\"},{\"@type\":\"ListItem\",\"position\":3,\"name\":\"OSMOS FILTRATION SIMPLE 75 REGENT\"}]},{\"@type\":\"WebSite\",\"@id\":\"https:\\\/\\\/cheliastore.dz\\\/#website\",\"url\":\"https:\\\/\\\/cheliastore.dz\\\/\",\"name\":\"CHELIA STORE\",\"description\":\"CHELIA STORE\",\"publisher\":{\"@id\":\"https:\\\/\\\/cheliastore.dz\\\/#organization\"},\"potentialAction\":[{\"@type\":\"SearchAction\",\"target\":{\"@type\":\"EntryPoint\",\"urlTemplate\":\"https:\\\/\\\/cheliastore.dz\\\/?s={search_term_string}\"},\"query-input\":{\"@type\":\"PropertyValueSpecification\",\"valueRequired\":true,\"valueName\":\"search_term_string\"}}],\"inLanguage\":\"ar\"},{\"@type\":\"Organization\",\"@id\":\"https:\\\/\\\/cheliastore.dz\\\/#organization\",\"name\":\"Chelia Store\",\"url\":\"https:\\\/\\\/cheliastore.dz\\\/\",\"logo\":{\"@type\":\"ImageObject\",\"inLanguage\":\"ar\",\"@id\":\"https:\\\/\\\/cheliastore.dz\\\/#\\\/schema\\\/logo\\\/image\\\/\",\"url\":\"https:\\\/\\\/cheliastore.dz\\\/wp-content\\\/uploads\\\/2022\\\/01\\\/logo-final-250.png\",\"contentUrl\":\"https:\\\/\\\/cheliastore.dz\\\/wp-content\\\/uploads\\\/2022\\\/01\\\/logo-final-250.png\",\"width\":250,\"height\":78,\"caption\":\"Chelia Store\"},\"image\":{\"@id\":\"https:\\\/\\\/cheliastore.dz\\\/#\\\/schema\\\/logo\\\/image\\\/\"},\"sameAs\":[\"https:\\\/\\\/web.facebook.com\\\/cheliastore\",\"https:\\\/\\\/www.instagram.com\\\/quincaillerie.chelia\\\/\"]}]}<\/script>\n<!-- \/ Yoast SEO Premium plugin. -->","yoast_head_json":{"title":"OSMOS Filtration Simple 75 GPD REGENT | Chelia Store","description":"Achetez l\u2019OSMOS Filtration Simple 75 GPD REGENT chez Chelia Store. Osmoseur inverse 5 niveaux pour une eau pure. Livraison en Alg\u00e9rie.","robots":{"index":"index","follow":"follow","max-snippet":"max-snippet:-1","max-image-preview":"max-image-preview:large","max-video-preview":"max-video-preview:-1"},"canonical":"https:\/\/cheliastore.dz\/product\/osmos-filtration-simple-75-gpd-regent\/","og_locale":"ar_AR","og_type":"article","og_title":"OSMOS FILTRATION SIMPLE 75 REGENT","og_description":"Achetez l\u2019OSMOS Filtration Simple 75 GPD REGENT chez Chelia Store. Osmoseur inverse 5 niveaux pour une eau pure. Livraison en Alg\u00e9rie.","og_url":"https:\/\/cheliastore.dz\/product\/osmos-filtration-simple-75-gpd-regent\/","og_site_name":"CHELIA STORE","article_publisher":"https:\/\/web.facebook.com\/cheliastore","article_modified_time":"2026-01-11T03:25:43+00:00","og_image":[{"width":600,"height":600,"url":"https:\/\/cheliastore.dz\/wp-content\/uploads\/2023\/07\/OSMOS-Filtration-Simple-75-GPD-REGENT.jpg","type":"image\/jpeg"}],"twitter_card":"summary_large_image","twitter_misc":{"\u0648\u0642\u062a \u0627\u0644\u0642\u0631\u0627\u0621\u0629 \u0627\u0644\u0645\u064f\u0642\u062f\u0651\u0631":"3 \u062f\u0642\u0627\u0626\u0642"},"schema":{"@context":"https:\/\/schema.org","@graph":[{"@type":"WebPage","@id":"https:\/\/cheliastore.dz\/product\/osmos-filtration-simple-75-gpd-regent\/","url":"https:\/\/cheliastore.dz\/product\/osmos-filtration-simple-75-gpd-regent\/","name":"OSMOS Filtration Simple 75 GPD REGENT | Chelia Store","isPartOf":{"@id":"https:\/\/cheliastore.dz\/#website"},"primaryImageOfPage":{"@id":"https:\/\/cheliastore.dz\/product\/osmos-filtration-simple-75-gpd-regent\/#primaryimage"},"image":{"@id":"https:\/\/cheliastore.dz\/product\/osmos-filtration-simple-75-gpd-regent\/#primaryimage"},"thumbnailUrl":"https:\/\/cheliastore.dz\/wp-content\/uploads\/2023\/07\/OSMOS-Filtration-Simple-75-GPD-REGENT.jpg","datePublished":"2023-07-22T15:17:07+00:00","dateModified":"2026-01-11T03:25:43+00:00","description":"Achetez l\u2019OSMOS Filtration Simple 75 GPD REGENT chez Chelia Store. Osmoseur inverse 5 niveaux pour une eau pure. Livraison en Alg\u00e9rie.","breadcrumb":{"@id":"https:\/\/cheliastore.dz\/product\/osmos-filtration-simple-75-gpd-regent\/#breadcrumb"},"inLanguage":"ar","potentialAction":[{"@type":"ReadAction","target":["https:\/\/cheliastore.dz\/product\/osmos-filtration-simple-75-gpd-regent\/"]}]},{"@type":"ImageObject","inLanguage":"ar","@id":"https:\/\/cheliastore.dz\/product\/osmos-filtration-simple-75-gpd-regent\/#primaryimage","url":"https:\/\/cheliastore.dz\/wp-content\/uploads\/2023\/07\/OSMOS-Filtration-Simple-75-GPD-REGENT.jpg","contentUrl":"https:\/\/cheliastore.dz\/wp-content\/uploads\/2023\/07\/OSMOS-Filtration-Simple-75-GPD-REGENT.jpg","width":600,"height":600,"caption":"OSMOS Filtration Simple 75 GPD REGENT"},{"@type":"BreadcrumbList","@id":"https:\/\/cheliastore.dz\/product\/osmos-filtration-simple-75-gpd-regent\/#breadcrumb","itemListElement":[{"@type":"ListItem","position":1,"name":"\u0627\u0644\u0631\u0626\u064a\u0633\u064a\u0629","item":"https:\/\/cheliastore.dz\/ar\/"},{"@type":"ListItem","position":2,"name":"Boutique","item":"https:\/\/cheliastore.dz\/ar\/shop\/"},{"@type":"ListItem","position":3,"name":"OSMOS FILTRATION SIMPLE 75 REGENT"}]},{"@type":"WebSite","@id":"https:\/\/cheliastore.dz\/#website","url":"https:\/\/cheliastore.dz\/","name":"CHELIA STORE","description":"CHELIA STORE","publisher":{"@id":"https:\/\/cheliastore.dz\/#organization"},"potentialAction":[{"@type":"SearchAction","target":{"@type":"EntryPoint","urlTemplate":"https:\/\/cheliastore.dz\/?s={search_term_string}"},"query-input":{"@type":"PropertyValueSpecification","valueRequired":true,"valueName":"search_term_string"}}],"inLanguage":"ar"},{"@type":"Organization","@id":"https:\/\/cheliastore.dz\/#organization","name":"Chelia Store","url":"https:\/\/cheliastore.dz\/","logo":{"@type":"ImageObject","inLanguage":"ar","@id":"https:\/\/cheliastore.dz\/#\/schema\/logo\/image\/","url":"https:\/\/cheliastore.dz\/wp-content\/uploads\/2022\/01\/logo-final-250.png","contentUrl":"https:\/\/cheliastore.dz\/wp-content\/uploads\/2022\/01\/logo-final-250.png","width":250,"height":78,"caption":"Chelia Store"},"image":{"@id":"https:\/\/cheliastore.dz\/#\/schema\/logo\/image\/"},"sameAs":["https:\/\/web.facebook.com\/cheliastore","https:\/\/www.instagram.com\/quincaillerie.chelia\/"]}]}},"_links":{"self":[{"href":"https:\/\/cheliastore.dz\/ar\/wp-json\/wp\/v2\/product\/21400","targetHints":{"allow":["GET"]}}],"collection":[{"href":"https:\/\/cheliastore.dz\/ar\/wp-json\/wp\/v2\/product"}],"about":[{"href":"https:\/\/cheliastore.dz\/ar\/wp-json\/wp\/v2\/types\/product"}],"replies":[{"embeddable":true,"href":"https:\/\/cheliastore.dz\/ar\/wp-json\/wp\/v2\/comments?post=21400"}],"version-history":[{"count":5,"href":"https:\/\/cheliastore.dz\/ar\/wp-json\/wp\/v2\/product\/21400\/revisions"}],"predecessor-version":[{"id":78036,"href":"https:\/\/cheliastore.dz\/ar\/wp-json\/wp\/v2\/product\/21400\/revisions\/78036"}],"wp:featuredmedia":[{"embeddable":true,"href":"https:\/\/cheliastore.dz\/ar\/wp-json\/wp\/v2\/media\/21401"}],"wp:attachment":[{"href":"https:\/\/cheliastore.dz\/ar\/wp-json\/wp\/v2\/media?parent=21400"}],"wp:term":[{"taxonomy":"product_brand","embeddable":true,"href":"https:\/\/cheliastore.dz\/ar\/wp-json\/wp\/v2\/product_brand?post=21400"},{"taxonomy":"product_cat","embeddable":true,"href":"https:\/\/cheliastore.dz\/ar\/wp-json\/wp\/v2\/product_cat?post=21400"},{"taxonomy":"product_tag","embeddable":true,"href":"https:\/\/cheliastore.dz\/ar\/wp-json\/wp\/v2\/product_tag?post=21400"}],"curies":[{"name":"wp","href":"https:\/\/api.w.org\/{rel}","templated":true}]}}