{"id":18455,"date":"2022-05-09T13:45:22","date_gmt":"2022-05-09T13:45:22","guid":{"rendered":"https:\/\/cheliastore.com\/?post_type=product&#038;p=18455"},"modified":"2026-01-11T03:21:59","modified_gmt":"2026-01-11T03:21:59","slug":"pompe-silencieuse-5-turbine-espa","status":"publish","type":"product","link":"https:\/\/cheliastore.dz\/ar\/product\/pompe-silencieuse-5-turbine-espa\/","title":{"rendered":"pompe \u00e0 eau silencieuse 5 turbine ESPA"},"content":{"rendered":"<div class=\"flex-1 overflow-hidden\">\n<div class=\"h-full\">\n<div class=\"react-scroll-to-bottom--css-ykmfk-79elbk h-full\">\n<div class=\"react-scroll-to-bottom--css-ykmfk-1n7m0yu\">\n<div class=\"flex flex-col text-sm md:pb-9\">\n<article class=\"w-full text-token-text-primary focus-visible:outline-2 focus-visible:outline-offset-[-4px]\" dir=\"auto\" tabindex=\"0\" data-testid=\"conversation-turn-539\" data-scroll-anchor=\"true\">\n<div class=\"text-base py-[18px] px-3 md:px-4 m-auto md:px-5\">\n<div class=\"mx-auto flex flex-1 gap-4 text-base md:gap-5 lg:gap-6 md:max-w-3xl lg:max-w-[40rem] xl:max-w-[48rem]\">\n<div class=\"group\/conversation-turn relative flex w-full min-w-0 flex-col agent-turn\">\n<div class=\"flex-col gap-1 md:gap-3\">\n<div class=\"flex max-w-full flex-col flex-grow\">\n<div class=\"min-h-[20px] text-message flex w-full flex-col items-end gap-2 break-words [.text-message+&amp;]:mt-5 overflow-x-auto whitespace-pre-wrap\" dir=\"auto\" data-message-author-role=\"assistant\" data-message-id=\"4cba27c5-c5c7-4394-9d0f-51996bd0047a\">\n<div class=\"flex w-full flex-col gap-1 empty:hidden first:pt-[3px]\">\n<div class=\"markdown prose w-full break-words dark:prose-invert light\">\n<h1>Pompe silencieuse 5 turbine ESPA<\/h1>\n<p>La pompe silencieuse 5 turbine ESPA\u00a0est une solution de haute technologie con\u00e7ue pour les applications n\u00e9cessitant une pression d&#8217;eau \u00e9lev\u00e9e et un fonctionnement silencieux. \u00c9quip\u00e9e de cinq turbines, cette pompe est capable de g\u00e9n\u00e9rer une pression et un d\u00e9bit d&#8217;eau exceptionnels, adapt\u00e9s aux besoins des syst\u00e8mes de surpression complexes ou des installations n\u00e9cessitant un apport en eau soutenu. Le syst\u00e8me de contr\u00f4le intelligent, ou &#8220;cerveau&#8221;, permet une gestion automatique et optimis\u00e9e de la pompe, assurant un fonctionnement efficace tout en r\u00e9duisant les interventions manuelles.<\/p>\n<blockquote class=\"wp-embedded-content\" data-secret=\"hawVyXp8bt\"><p><a href=\"https:\/\/cheliastore.dz\/product\/pompe-a-eau-espa-2-turbine-prisma-15\/\">Pompe silencieuse 2 turbines ESPA<\/a><\/p><\/blockquote>\n<p><iframe class=\"wp-embedded-content\" sandbox=\"allow-scripts\" security=\"restricted\" style=\"position: absolute; visibility: hidden;\" title=\"\u00ab\u00a0Pompe silencieuse 2 turbines ESPA\u00a0\u00bb &#8212; CHELIA STORE\" src=\"https:\/\/cheliastore.dz\/product\/pompe-a-eau-espa-2-turbine-prisma-15\/embed\/#?secret=ywmhEALKLz#?secret=hawVyXp8bt\" data-secret=\"hawVyXp8bt\" width=\"500\" height=\"282\" frameborder=\"0\" marginwidth=\"0\" marginheight=\"0\" scrolling=\"no\"><\/iframe><\/p>\n<h2><strong>Sp\u00e9cifications Techniques<\/strong><\/h2>\n<ul>\n<li><strong>Nombre de Turbines<\/strong>: 5, pour une pression maximale et un d\u00e9bit \u00e9lev\u00e9.<\/li>\n<li><strong>Type de Cerveau<\/strong>: Syst\u00e8me de contr\u00f4le intelligent int\u00e9gr\u00e9 pour une gestion automatique et efficace.<\/li>\n<li><strong>Niveau de Bruit<\/strong>: Fonctionnement ultra-silencieux, id\u00e9al pour les environnements sensibles au bruit.<\/li>\n<li><strong>Construction<\/strong>: Mat\u00e9riaux r\u00e9sistants \u00e0 la corrosion, offrant une durabilit\u00e9 exceptionnelle.<\/li>\n<li><strong>Puissance<\/strong>: Con\u00e7ue pour fournir une puissance adapt\u00e9e aux applications \u00e0 haute demande en eau.<\/li>\n<\/ul>\n<h3><strong>Utilisation<\/strong><\/h3>\n<p>La pompe est id\u00e9ale pour des applications domestiques et industrielles o\u00f9 une pression d&#8217;eau \u00e9lev\u00e9e est n\u00e9cessaire. Elle est particuli\u00e8rement adapt\u00e9e pour les syst\u00e8mes de surpression de grande envergure, les r\u00e9seaux d&#8217;irrigation \u00e0 grande \u00e9chelle, et les installations industrielles n\u00e9cessitant un d\u00e9bit d&#8217;eau important tout en maintenant un faible niveau de bruit.<\/p>\n<blockquote class=\"wp-embedded-content\" data-secret=\"1Ut0z1UCmf\"><p><a href=\"https:\/\/cheliastore.dz\/product\/pompe-silencieuse-3-turbines-espa\/\">Pompe silencieuse 3 turbines ESPA<\/a><\/p><\/blockquote>\n<p><iframe class=\"wp-embedded-content\" sandbox=\"allow-scripts\" security=\"restricted\" style=\"position: absolute; visibility: hidden;\" title=\"\u00ab\u00a0Pompe silencieuse 3 turbines ESPA\u00a0\u00bb &#8212; CHELIA STORE\" src=\"https:\/\/cheliastore.dz\/product\/pompe-silencieuse-3-turbines-espa\/embed\/#?secret=PkirhWbfZh#?secret=1Ut0z1UCmf\" data-secret=\"1Ut0z1UCmf\" width=\"500\" height=\"282\" frameborder=\"0\" marginwidth=\"0\" marginheight=\"0\" scrolling=\"no\"><\/iframe><\/p>\n<h3><strong>Caract\u00e9ristiques Sp\u00e9ciales<\/strong><\/h3>\n<ul>\n<li><strong>Fonctionnement Silencieux<\/strong>: Con\u00e7ue pour offrir un fonctionnement silencieux tout en maintenant une performance optimale, parfaite pour les environnements r\u00e9sidentiels et industriels.<\/li>\n<li><strong>Contr\u00f4le Intelligent<\/strong>: Le cerveau int\u00e9gr\u00e9 assure une gestion automatique, optimisant l&#8217;efficacit\u00e9 \u00e9nerg\u00e9tique et r\u00e9duisant les besoins en maintenance.<\/li>\n<li><strong>Cinq Turbines<\/strong>: Avec cinq turbines, cette pompe garantit une pression constante et un d\u00e9bit \u00e9lev\u00e9, m\u00eame dans les conditions les plus exigeantes.<\/li>\n<li><strong>Durabilit\u00e9 Accrue<\/strong>: Construite avec des mat\u00e9riaux de haute qualit\u00e9 pour une r\u00e9sistance accrue \u00e0 l&#8217;usure et une longue dur\u00e9e de vie.<\/li>\n<\/ul>\n<\/div>\n<\/div>\n<\/div>\n<\/div>\n<\/div>\n<\/div>\n<\/div>\n<\/div>\n<\/article>\n<\/div>\n<\/div>\n<\/div>\n<\/div>\n<\/div>\n<div class=\"md:pt-0 dark:border-white\/20 md:border-transparent md:dark:border-transparent w-full\">\n<div class=\"text-base px-3 md:px-4 m-auto md:px-5\">\n<div class=\"mx-auto flex flex-1 gap-4 text-base md:gap-5 lg:gap-6 md:max-w-3xl lg:max-w-[40rem] xl:max-w-[48rem]\">\n<form class=\"w-full\" aria-haspopup=\"dialog\" aria-expanded=\"false\" aria-controls=\"radix-:r44:\" data-state=\"closed\">\n<div class=\"relative flex h-full max-w-full flex-1 flex-col\">\n<div class=\"group relative flex w-full items-center\">\n<div class=\"flex w-full flex-col gap-1.5 rounded-[26px] p-1.5 transition-colors bg-[#f4f4f4] dark:bg-token-main-surface-secondary\">\n<div class=\"flex items-end gap-1.5 md:gap-2\">\n<div class=\"flex min-w-0 flex-1 flex-col\">\n<blockquote><p><span style=\"font-weight: 400;\">Vous pouvez trouver des produits similaires sur notre site Web<\/span><a href=\"https:\/\/cheliastore.dz\/\"><span style=\"font-weight: 400;\"> chelia store<\/span><\/a><\/p><\/blockquote>\n<\/div>\n<\/div>\n<\/div>\n<\/div>\n<\/div>\n<\/form>\n<\/div>\n<\/div>\n<\/div>\n","protected":false},"excerpt":{"rendered":"<p><span style=\"font-weight: 400;\">D\u00e9couvrez la pompe silencieuse 5 turbine ESPA au meilleur prix en Algerie. <\/span>Une pompe hautement performante, offrant un fonctionnement silencieux et une pression d&#8217;eau maximale pour les applications domestiques et industrielles, gr\u00e2ce \u00e0 son syst\u00e8me de contr\u00f4le intelligent et ses cinq turbines puissantes.<\/p>\n","protected":false},"featured_media":49734,"comment_status":"open","ping_status":"closed","template":"","meta":{"_editorskit_title_hidden":false,"_editorskit_reading_time":0,"_editorskit_is_block_options_detached":false,"_editorskit_block_options_position":"{}"},"product_brand":[],"product_cat":[97,118],"product_tag":[],"class_list":{"0":"post-18455","1":"product","2":"type-product","3":"status-publish","4":"has-post-thumbnail","6":"product_cat-plomberie","7":"product_cat-pompe-eau-surpresseur","8":"pa_brand-espa","10":"first","11":"outofstock","12":"shipping-taxable","13":"purchasable","14":"product-type-simple"},"yoast_head":"<!-- This site is optimized with the Yoast SEO Premium plugin v25.4 (Yoast SEO v27.3) - https:\/\/yoast.com\/product\/yoast-seo-premium-wordpress\/ -->\n<title>pompe \u00e0 eau silencieuse 5 turbine ESPA - CHELIA STORE<\/title>\n<meta name=\"description\" content=\"D\u00e9couvrez la pompe silencieuse 5 turbine ESPA au meilleur prix en Algerie. fonctionnement silence et une pression d&#039;eau maximale.\" \/>\n<meta name=\"robots\" content=\"index, follow, max-snippet:-1, max-image-preview:large, max-video-preview:-1\" \/>\n<link rel=\"canonical\" href=\"https:\/\/cheliastore.dz\/product\/pompe-silencieuse-5-turbine-espa\/\" \/>\n<meta property=\"og:locale\" content=\"ar_AR\" \/>\n<meta property=\"og:type\" content=\"article\" \/>\n<meta property=\"og:title\" content=\"pompe \u00e0 eau silencieuse 5 turbine ESPA\" \/>\n<meta property=\"og:description\" content=\"D\u00e9couvrez la pompe silencieuse 5 turbine ESPA au meilleur prix en Algerie. fonctionnement silence et une pression d&#039;eau maximale.\" \/>\n<meta property=\"og:url\" content=\"https:\/\/cheliastore.dz\/product\/pompe-silencieuse-5-turbine-espa\/\" \/>\n<meta property=\"og:site_name\" content=\"CHELIA STORE\" \/>\n<meta property=\"article:publisher\" content=\"https:\/\/web.facebook.com\/cheliastore\" \/>\n<meta property=\"article:modified_time\" content=\"2026-01-11T03:21:59+00:00\" \/>\n<meta property=\"og:image\" content=\"https:\/\/cheliastore.dz\/wp-content\/uploads\/2022\/05\/pompe-silencieuse-5-turbine-ESPA.jpg\" \/>\n\t<meta property=\"og:image:width\" content=\"1000\" \/>\n\t<meta property=\"og:image:height\" content=\"1000\" \/>\n\t<meta property=\"og:image:type\" content=\"image\/jpeg\" \/>\n<meta name=\"twitter:card\" content=\"summary_large_image\" \/>\n<meta name=\"twitter:label1\" content=\"\u0648\u0642\u062a \u0627\u0644\u0642\u0631\u0627\u0621\u0629 \u0627\u0644\u0645\u064f\u0642\u062f\u0651\u0631\" \/>\n\t<meta name=\"twitter:data1\" content=\"\u062f\u0642\u064a\u0642\u062a\u0627\u0646\" \/>\n<script type=\"application\/ld+json\" class=\"yoast-schema-graph\">{\"@context\":\"https:\\\/\\\/schema.org\",\"@graph\":[{\"@type\":\"WebPage\",\"@id\":\"https:\\\/\\\/cheliastore.dz\\\/product\\\/pompe-silencieuse-5-turbine-espa\\\/\",\"url\":\"https:\\\/\\\/cheliastore.dz\\\/product\\\/pompe-silencieuse-5-turbine-espa\\\/\",\"name\":\"pompe \u00e0 eau silencieuse 5 turbine ESPA - CHELIA STORE\",\"isPartOf\":{\"@id\":\"https:\\\/\\\/cheliastore.dz\\\/#website\"},\"primaryImageOfPage\":{\"@id\":\"https:\\\/\\\/cheliastore.dz\\\/product\\\/pompe-silencieuse-5-turbine-espa\\\/#primaryimage\"},\"image\":{\"@id\":\"https:\\\/\\\/cheliastore.dz\\\/product\\\/pompe-silencieuse-5-turbine-espa\\\/#primaryimage\"},\"thumbnailUrl\":\"https:\\\/\\\/cheliastore.dz\\\/wp-content\\\/uploads\\\/2022\\\/05\\\/pompe-silencieuse-5-turbine-ESPA.jpg\",\"datePublished\":\"2022-05-09T13:45:22+00:00\",\"dateModified\":\"2026-01-11T03:21:59+00:00\",\"description\":\"D\u00e9couvrez la pompe silencieuse 5 turbine ESPA au meilleur prix en Algerie. fonctionnement silence et une pression d'eau maximale.\",\"breadcrumb\":{\"@id\":\"https:\\\/\\\/cheliastore.dz\\\/product\\\/pompe-silencieuse-5-turbine-espa\\\/#breadcrumb\"},\"inLanguage\":\"ar\",\"potentialAction\":[{\"@type\":\"ReadAction\",\"target\":[\"https:\\\/\\\/cheliastore.dz\\\/product\\\/pompe-silencieuse-5-turbine-espa\\\/\"]}]},{\"@type\":\"ImageObject\",\"inLanguage\":\"ar\",\"@id\":\"https:\\\/\\\/cheliastore.dz\\\/product\\\/pompe-silencieuse-5-turbine-espa\\\/#primaryimage\",\"url\":\"https:\\\/\\\/cheliastore.dz\\\/wp-content\\\/uploads\\\/2022\\\/05\\\/pompe-silencieuse-5-turbine-ESPA.jpg\",\"contentUrl\":\"https:\\\/\\\/cheliastore.dz\\\/wp-content\\\/uploads\\\/2022\\\/05\\\/pompe-silencieuse-5-turbine-ESPA.jpg\",\"width\":1000,\"height\":1000,\"caption\":\"pompe silencieuse 5 turbine ESPA\"},{\"@type\":\"BreadcrumbList\",\"@id\":\"https:\\\/\\\/cheliastore.dz\\\/product\\\/pompe-silencieuse-5-turbine-espa\\\/#breadcrumb\",\"itemListElement\":[{\"@type\":\"ListItem\",\"position\":1,\"name\":\"\u0627\u0644\u0631\u0626\u064a\u0633\u064a\u0629\",\"item\":\"https:\\\/\\\/cheliastore.dz\\\/ar\\\/\"},{\"@type\":\"ListItem\",\"position\":2,\"name\":\"Boutique\",\"item\":\"https:\\\/\\\/cheliastore.dz\\\/ar\\\/shop\\\/\"},{\"@type\":\"ListItem\",\"position\":3,\"name\":\"pompe \u00e0 eau silencieuse 5 turbine ESPA\"}]},{\"@type\":\"WebSite\",\"@id\":\"https:\\\/\\\/cheliastore.dz\\\/#website\",\"url\":\"https:\\\/\\\/cheliastore.dz\\\/\",\"name\":\"CHELIA STORE\",\"description\":\"CHELIA STORE\",\"publisher\":{\"@id\":\"https:\\\/\\\/cheliastore.dz\\\/#organization\"},\"potentialAction\":[{\"@type\":\"SearchAction\",\"target\":{\"@type\":\"EntryPoint\",\"urlTemplate\":\"https:\\\/\\\/cheliastore.dz\\\/?s={search_term_string}\"},\"query-input\":{\"@type\":\"PropertyValueSpecification\",\"valueRequired\":true,\"valueName\":\"search_term_string\"}}],\"inLanguage\":\"ar\"},{\"@type\":\"Organization\",\"@id\":\"https:\\\/\\\/cheliastore.dz\\\/#organization\",\"name\":\"Chelia Store\",\"url\":\"https:\\\/\\\/cheliastore.dz\\\/\",\"logo\":{\"@type\":\"ImageObject\",\"inLanguage\":\"ar\",\"@id\":\"https:\\\/\\\/cheliastore.dz\\\/#\\\/schema\\\/logo\\\/image\\\/\",\"url\":\"https:\\\/\\\/cheliastore.dz\\\/wp-content\\\/uploads\\\/2022\\\/01\\\/logo-final-250.png\",\"contentUrl\":\"https:\\\/\\\/cheliastore.dz\\\/wp-content\\\/uploads\\\/2022\\\/01\\\/logo-final-250.png\",\"width\":250,\"height\":78,\"caption\":\"Chelia Store\"},\"image\":{\"@id\":\"https:\\\/\\\/cheliastore.dz\\\/#\\\/schema\\\/logo\\\/image\\\/\"},\"sameAs\":[\"https:\\\/\\\/web.facebook.com\\\/cheliastore\",\"https:\\\/\\\/www.instagram.com\\\/quincaillerie.chelia\\\/\"]}]}<\/script>\n<!-- \/ Yoast SEO Premium plugin. -->","yoast_head_json":{"title":"pompe \u00e0 eau silencieuse 5 turbine ESPA - CHELIA STORE","description":"D\u00e9couvrez la pompe silencieuse 5 turbine ESPA au meilleur prix en Algerie. fonctionnement silence et une pression d'eau maximale.","robots":{"index":"index","follow":"follow","max-snippet":"max-snippet:-1","max-image-preview":"max-image-preview:large","max-video-preview":"max-video-preview:-1"},"canonical":"https:\/\/cheliastore.dz\/product\/pompe-silencieuse-5-turbine-espa\/","og_locale":"ar_AR","og_type":"article","og_title":"pompe \u00e0 eau silencieuse 5 turbine ESPA","og_description":"D\u00e9couvrez la pompe silencieuse 5 turbine ESPA au meilleur prix en Algerie. fonctionnement silence et une pression d'eau maximale.","og_url":"https:\/\/cheliastore.dz\/product\/pompe-silencieuse-5-turbine-espa\/","og_site_name":"CHELIA STORE","article_publisher":"https:\/\/web.facebook.com\/cheliastore","article_modified_time":"2026-01-11T03:21:59+00:00","og_image":[{"width":1000,"height":1000,"url":"https:\/\/cheliastore.dz\/wp-content\/uploads\/2022\/05\/pompe-silencieuse-5-turbine-ESPA.jpg","type":"image\/jpeg"}],"twitter_card":"summary_large_image","twitter_misc":{"\u0648\u0642\u062a \u0627\u0644\u0642\u0631\u0627\u0621\u0629 \u0627\u0644\u0645\u064f\u0642\u062f\u0651\u0631":"\u062f\u0642\u064a\u0642\u062a\u0627\u0646"},"schema":{"@context":"https:\/\/schema.org","@graph":[{"@type":"WebPage","@id":"https:\/\/cheliastore.dz\/product\/pompe-silencieuse-5-turbine-espa\/","url":"https:\/\/cheliastore.dz\/product\/pompe-silencieuse-5-turbine-espa\/","name":"pompe \u00e0 eau silencieuse 5 turbine ESPA - CHELIA STORE","isPartOf":{"@id":"https:\/\/cheliastore.dz\/#website"},"primaryImageOfPage":{"@id":"https:\/\/cheliastore.dz\/product\/pompe-silencieuse-5-turbine-espa\/#primaryimage"},"image":{"@id":"https:\/\/cheliastore.dz\/product\/pompe-silencieuse-5-turbine-espa\/#primaryimage"},"thumbnailUrl":"https:\/\/cheliastore.dz\/wp-content\/uploads\/2022\/05\/pompe-silencieuse-5-turbine-ESPA.jpg","datePublished":"2022-05-09T13:45:22+00:00","dateModified":"2026-01-11T03:21:59+00:00","description":"D\u00e9couvrez la pompe silencieuse 5 turbine ESPA au meilleur prix en Algerie. fonctionnement silence et une pression d'eau maximale.","breadcrumb":{"@id":"https:\/\/cheliastore.dz\/product\/pompe-silencieuse-5-turbine-espa\/#breadcrumb"},"inLanguage":"ar","potentialAction":[{"@type":"ReadAction","target":["https:\/\/cheliastore.dz\/product\/pompe-silencieuse-5-turbine-espa\/"]}]},{"@type":"ImageObject","inLanguage":"ar","@id":"https:\/\/cheliastore.dz\/product\/pompe-silencieuse-5-turbine-espa\/#primaryimage","url":"https:\/\/cheliastore.dz\/wp-content\/uploads\/2022\/05\/pompe-silencieuse-5-turbine-ESPA.jpg","contentUrl":"https:\/\/cheliastore.dz\/wp-content\/uploads\/2022\/05\/pompe-silencieuse-5-turbine-ESPA.jpg","width":1000,"height":1000,"caption":"pompe silencieuse 5 turbine ESPA"},{"@type":"BreadcrumbList","@id":"https:\/\/cheliastore.dz\/product\/pompe-silencieuse-5-turbine-espa\/#breadcrumb","itemListElement":[{"@type":"ListItem","position":1,"name":"\u0627\u0644\u0631\u0626\u064a\u0633\u064a\u0629","item":"https:\/\/cheliastore.dz\/ar\/"},{"@type":"ListItem","position":2,"name":"Boutique","item":"https:\/\/cheliastore.dz\/ar\/shop\/"},{"@type":"ListItem","position":3,"name":"pompe \u00e0 eau silencieuse 5 turbine ESPA"}]},{"@type":"WebSite","@id":"https:\/\/cheliastore.dz\/#website","url":"https:\/\/cheliastore.dz\/","name":"CHELIA STORE","description":"CHELIA STORE","publisher":{"@id":"https:\/\/cheliastore.dz\/#organization"},"potentialAction":[{"@type":"SearchAction","target":{"@type":"EntryPoint","urlTemplate":"https:\/\/cheliastore.dz\/?s={search_term_string}"},"query-input":{"@type":"PropertyValueSpecification","valueRequired":true,"valueName":"search_term_string"}}],"inLanguage":"ar"},{"@type":"Organization","@id":"https:\/\/cheliastore.dz\/#organization","name":"Chelia Store","url":"https:\/\/cheliastore.dz\/","logo":{"@type":"ImageObject","inLanguage":"ar","@id":"https:\/\/cheliastore.dz\/#\/schema\/logo\/image\/","url":"https:\/\/cheliastore.dz\/wp-content\/uploads\/2022\/01\/logo-final-250.png","contentUrl":"https:\/\/cheliastore.dz\/wp-content\/uploads\/2022\/01\/logo-final-250.png","width":250,"height":78,"caption":"Chelia Store"},"image":{"@id":"https:\/\/cheliastore.dz\/#\/schema\/logo\/image\/"},"sameAs":["https:\/\/web.facebook.com\/cheliastore","https:\/\/www.instagram.com\/quincaillerie.chelia\/"]}]}},"_links":{"self":[{"href":"https:\/\/cheliastore.dz\/ar\/wp-json\/wp\/v2\/product\/18455","targetHints":{"allow":["GET"]}}],"collection":[{"href":"https:\/\/cheliastore.dz\/ar\/wp-json\/wp\/v2\/product"}],"about":[{"href":"https:\/\/cheliastore.dz\/ar\/wp-json\/wp\/v2\/types\/product"}],"replies":[{"embeddable":true,"href":"https:\/\/cheliastore.dz\/ar\/wp-json\/wp\/v2\/comments?post=18455"}],"version-history":[{"count":2,"href":"https:\/\/cheliastore.dz\/ar\/wp-json\/wp\/v2\/product\/18455\/revisions"}],"predecessor-version":[{"id":73624,"href":"https:\/\/cheliastore.dz\/ar\/wp-json\/wp\/v2\/product\/18455\/revisions\/73624"}],"wp:featuredmedia":[{"embeddable":true,"href":"https:\/\/cheliastore.dz\/ar\/wp-json\/wp\/v2\/media\/49734"}],"wp:attachment":[{"href":"https:\/\/cheliastore.dz\/ar\/wp-json\/wp\/v2\/media?parent=18455"}],"wp:term":[{"taxonomy":"product_brand","embeddable":true,"href":"https:\/\/cheliastore.dz\/ar\/wp-json\/wp\/v2\/product_brand?post=18455"},{"taxonomy":"product_cat","embeddable":true,"href":"https:\/\/cheliastore.dz\/ar\/wp-json\/wp\/v2\/product_cat?post=18455"},{"taxonomy":"product_tag","embeddable":true,"href":"https:\/\/cheliastore.dz\/ar\/wp-json\/wp\/v2\/product_tag?post=18455"}],"curies":[{"name":"wp","href":"https:\/\/api.w.org\/{rel}","templated":true}]}}