{"id":16032,"date":"2022-03-10T13:17:30","date_gmt":"2022-03-10T13:17:30","guid":{"rendered":"https:\/\/cheliastore.com\/?post_type=product&#038;p=16032"},"modified":"2026-01-11T03:02:17","modified_gmt":"2026-01-11T03:02:17","slug":"pompe-de-relevage-0-75kw-leo-qdx6-18-0-75a","status":"publish","type":"product","link":"https:\/\/cheliastore.dz\/ar\/product\/pompe-de-relevage-0-75kw-leo-qdx6-18-0-75a\/","title":{"rendered":"Pompe de relevage 0.75kW LEO | Q(D)X6-18-0.75(A)"},"content":{"rendered":"<div class=\"names\">\n<div class=\"flex-1 overflow-hidden\">\n<div class=\"h-full\">\n<div class=\"react-scroll-to-bottom--css-ydyca-79elbk h-full\">\n<div class=\"react-scroll-to-bottom--css-ydyca-1n7m0yu\">\n<div class=\"flex flex-col text-sm md:pb-9\">\n<article class=\"w-full text-token-text-primary focus-visible:outline-2 focus-visible:outline-offset-[-4px]\" dir=\"auto\" tabindex=\"0\" data-testid=\"conversation-turn-479\" data-scroll-anchor=\"true\">\n<div class=\"text-base py-[18px] px-3 md:px-4 m-auto md:px-5\">\n<div class=\"mx-auto flex flex-1 gap-4 text-base md:gap-5 lg:gap-6 md:max-w-3xl lg:max-w-[40rem] xl:max-w-[48rem]\">\n<div class=\"group\/conversation-turn relative flex w-full min-w-0 flex-col agent-turn\">\n<div class=\"flex-col gap-1 md:gap-3\">\n<div class=\"flex max-w-full flex-col flex-grow\">\n<div class=\"min-h-[20px] text-message flex w-full flex-col items-end gap-2 whitespace-pre-wrap break-words [.text-message+&amp;]:mt-5 overflow-x-auto\" dir=\"auto\" data-message-author-role=\"assistant\" data-message-id=\"fe504538-9d40-41c1-a0b0-dce99f393a8f\">\n<div class=\"flex w-full flex-col gap-1 empty:hidden first:pt-[3px]\">\n<div class=\"markdown prose w-full break-words dark:prose-invert light\">\n<h1>Pompe de relevage 0.75kW LEO | Q(D)X6-18-0.75(A)<\/h1>\n<p>La Pompe de relevage 0.75kW LEO | Q(D)X6-18-0.75(A) est une pompe submersible polyvalente, capable de g\u00e9rer un d\u00e9bit de 6 m\u00b3\/h et de relever l&#8217;eau jusqu&#8217;\u00e0 18 m\u00e8tres de hauteur. Avec une puissance de 0.75 kW, elle est particuli\u00e8rement adapt\u00e9e aux t\u00e2ches n\u00e9cessitant une hauteur de relevage plus \u00e9lev\u00e9e. Elle est id\u00e9ale pour l&#8217;irrigation de jardins, le drainage des sous-sols, et d&#8217;autres applications similaires.<\/p>\n<p>Sp\u00e9cifiquement con\u00e7ue pour des situations n\u00e9cessitant une hauteur de relevage \u00e9lev\u00e9e avec un d\u00e9bit mod\u00e9r\u00e9. Id\u00e9ale pour l\u2019irrigation de jardins ou le drainage de petites surfaces.<\/p>\n<h2><strong>Caract\u00e9ristiques de la Pompe de relevage<\/strong><\/h2>\n<ul>\n<li><strong>Type :<\/strong> Pompe de relevage<\/li>\n<li><strong>Applications : <\/strong>Sp\u00e9cifiquement con\u00e7ue pour des situations n\u00e9cessitant une hauteur de relevage \u00e9lev\u00e9e avec un d\u00e9bit mod\u00e9r\u00e9. Id\u00e9ale pour l\u2019irrigation de jardins ou le drainage de petites surfaces.<\/li>\n<li><strong>Construction :<\/strong> Robustesse et fiabilit\u00e9, adapt\u00e9e aux conditions de fonctionnement s\u00e9v\u00e8res avec une construction en mat\u00e9riaux r\u00e9sistants \u00e0 la corrosion.<\/li>\n<\/ul>\n<h3><strong>Sp\u00e9cifications Techniques\u00a0<\/strong><\/h3>\n<ul>\n<li><strong>D\u00e9bit Maximal :<\/strong> 6 m\u00b3\/h<\/li>\n<li><strong>Hauteur de Relevage Maximal :<\/strong> 18 m\u00e8tres<\/li>\n<li><strong>Puissance :<\/strong> 0.75 kW<\/li>\n<\/ul>\n<p><strong style=\"color: #1b1919; font-size: 22px;\">Conditions de Fonctionnement\u00a0<\/strong><\/p>\n<ul>\n<li><strong>Temp\u00e9rature du Liquide :<\/strong> G\u00e9n\u00e9ralement adapt\u00e9e aux temp\u00e9ratures jusqu\u2019\u00e0 40\u00b0C, mais cela peut varier selon le mod\u00e8le sp\u00e9cifique.<\/li>\n<li><strong>Type de Liquide :<\/strong> Convient pour les eaux us\u00e9es contenant des solides et des fibres. Certains mod\u00e8les peuvent traiter des liquides avec des particules solides.<\/li>\n<\/ul>\n<\/div>\n<\/div>\n<\/div>\n<\/div>\n<\/div>\n<\/div>\n<\/div>\n<\/div>\n<\/article>\n<\/div>\n<\/div>\n<\/div>\n<\/div>\n<\/div>\n<div class=\"md:pt-0 dark:border-white\/20 md:border-transparent md:dark:border-transparent w-full\">\n<div class=\"text-base px-3 md:px-4 m-auto md:px-5\">\n<div class=\"mx-auto flex flex-1 gap-4 text-base md:gap-5 lg:gap-6 md:max-w-3xl lg:max-w-[40rem] xl:max-w-[48rem]\">\n<form class=\"w-full\" aria-haspopup=\"dialog\" aria-expanded=\"false\" aria-controls=\"radix-:r44:\" data-state=\"closed\">\n<div class=\"relative flex h-full max-w-full flex-1 flex-col\">\n<div class=\"flex w-full items-center\">\n<div class=\"flex w-full flex-col gap-1.5 rounded-[26px] p-1.5 transition-colors bg-[#f4f4f4] dark:bg-token-main-surface-secondary\">\n<div class=\"flex items-end gap-1.5 md:gap-2\">\n<div class=\"flex min-w-0 flex-1 flex-col\">\n<blockquote><p><span style=\"font-weight: 400;\">Vous pouvez trouver des produits similaires sur notre site Web<\/span><a href=\"https:\/\/cheliastore.dz\/\"><span style=\"font-weight: 400;\"> chelia store<\/span><\/a><\/p><\/blockquote>\n<\/div>\n<\/div>\n<\/div>\n<\/div>\n<\/div>\n<\/form>\n<\/div>\n<\/div>\n<\/div>\n<\/div>\n<div dir=\"auto\">\n<div class=\"alllightgallery\">\n<div class=\"table-responsive\"><\/div>\n<\/div>\n<\/div>\n","protected":false},"excerpt":{"rendered":"<p>Cette pompe est une solution fiable pour les situations n\u00e9cessitant un relevage efficace et rapide des eaux charg\u00e9es, que ce soit dans des contextes industriels, agricoles ou municipaux.\u00a0 \u00a0Sp\u00e9cifiquement con\u00e7ue pour des situations n\u00e9cessitant une hauteur de relevage \u00e9lev\u00e9e avec un d\u00e9bit mod\u00e9r\u00e9. Id\u00e9ale pour l\u2019irrigation de jardins ou le drainage de petites surfaces.<\/p>\n","protected":false},"featured_media":49911,"comment_status":"open","ping_status":"closed","template":"","meta":{"_editorskit_title_hidden":false,"_editorskit_reading_time":0,"_editorskit_is_block_options_detached":false,"_editorskit_block_options_position":"{}"},"product_brand":[],"product_cat":[97,118],"product_tag":[],"class_list":{"0":"post-16032","1":"product","2":"type-product","3":"status-publish","4":"has-post-thumbnail","6":"product_cat-plomberie","7":"product_cat-pompe-eau-surpresseur","8":"pa_brand-leo","10":"first","11":"outofstock","12":"shipping-taxable","13":"purchasable","14":"product-type-simple"},"yoast_head":"<!-- This site is optimized with the Yoast SEO Premium plugin v25.4 (Yoast SEO v27.5) - https:\/\/yoast.com\/product\/yoast-seo-premium-wordpress\/ -->\n<title>Pompe de relevage 0.75kW LEO | Q(D)X6-18-0.75(A) - CHELIA STORE<\/title>\n<meta name=\"description\" content=\"D\u00e9couvrez la Pompe de relevage 0.75kW LEO | Q(D)X6-18-0.75(A) au meilleur prix en Algerie. Con\u00e7ue pour des situations n\u00e9cessitant une hauteur \u00e9lev\u00e9e.\" \/>\n<meta name=\"robots\" content=\"index, follow, max-snippet:-1, max-image-preview:large, max-video-preview:-1\" \/>\n<link rel=\"canonical\" href=\"https:\/\/cheliastore.dz\/product\/pompe-de-relevage-0-75kw-leo-qdx6-18-0-75a\/\" \/>\n<meta property=\"og:locale\" content=\"ar_AR\" \/>\n<meta property=\"og:type\" content=\"article\" \/>\n<meta property=\"og:title\" content=\"Pompe de relevage 0.75kW LEO | Q(D)X6-18-0.75(A)\" \/>\n<meta property=\"og:description\" content=\"D\u00e9couvrez la Pompe de relevage 0.75kW LEO | Q(D)X6-18-0.75(A) au meilleur prix en Algerie. Con\u00e7ue pour des situations n\u00e9cessitant une hauteur \u00e9lev\u00e9e.\" \/>\n<meta property=\"og:url\" content=\"https:\/\/cheliastore.dz\/product\/pompe-de-relevage-0-75kw-leo-qdx6-18-0-75a\/\" \/>\n<meta property=\"og:site_name\" content=\"CHELIA STORE\" \/>\n<meta property=\"article:publisher\" content=\"https:\/\/web.facebook.com\/cheliastore\" \/>\n<meta property=\"article:modified_time\" content=\"2026-01-11T03:02:17+00:00\" \/>\n<meta property=\"og:image\" content=\"https:\/\/cheliastore.dz\/wp-content\/uploads\/2022\/03\/Pompe-de-relevage-0.75kW-LEO.png\" \/>\n\t<meta property=\"og:image:width\" content=\"1000\" \/>\n\t<meta property=\"og:image:height\" content=\"1000\" \/>\n\t<meta property=\"og:image:type\" content=\"image\/png\" \/>\n<meta name=\"twitter:card\" content=\"summary_large_image\" \/>\n<meta name=\"twitter:label1\" content=\"\u0648\u0642\u062a \u0627\u0644\u0642\u0631\u0627\u0621\u0629 \u0627\u0644\u0645\u064f\u0642\u062f\u0651\u0631\" \/>\n\t<meta name=\"twitter:data1\" content=\"1 \u062f\u0642\u064a\u0642\u0629\" \/>\n<script type=\"application\/ld+json\" class=\"yoast-schema-graph\">{\"@context\":\"https:\\\/\\\/schema.org\",\"@graph\":[{\"@type\":\"WebPage\",\"@id\":\"https:\\\/\\\/cheliastore.dz\\\/product\\\/pompe-de-relevage-0-75kw-leo-qdx6-18-0-75a\\\/\",\"url\":\"https:\\\/\\\/cheliastore.dz\\\/product\\\/pompe-de-relevage-0-75kw-leo-qdx6-18-0-75a\\\/\",\"name\":\"Pompe de relevage 0.75kW LEO | Q(D)X6-18-0.75(A) - CHELIA STORE\",\"isPartOf\":{\"@id\":\"https:\\\/\\\/cheliastore.dz\\\/#website\"},\"primaryImageOfPage\":{\"@id\":\"https:\\\/\\\/cheliastore.dz\\\/product\\\/pompe-de-relevage-0-75kw-leo-qdx6-18-0-75a\\\/#primaryimage\"},\"image\":{\"@id\":\"https:\\\/\\\/cheliastore.dz\\\/product\\\/pompe-de-relevage-0-75kw-leo-qdx6-18-0-75a\\\/#primaryimage\"},\"thumbnailUrl\":\"https:\\\/\\\/cheliastore.dz\\\/wp-content\\\/uploads\\\/2022\\\/03\\\/Pompe-de-relevage-0.75kW-LEO.png\",\"datePublished\":\"2022-03-10T13:17:30+00:00\",\"dateModified\":\"2026-01-11T03:02:17+00:00\",\"description\":\"D\u00e9couvrez la Pompe de relevage 0.75kW LEO | Q(D)X6-18-0.75(A) au meilleur prix en Algerie. Con\u00e7ue pour des situations n\u00e9cessitant une hauteur \u00e9lev\u00e9e.\",\"breadcrumb\":{\"@id\":\"https:\\\/\\\/cheliastore.dz\\\/product\\\/pompe-de-relevage-0-75kw-leo-qdx6-18-0-75a\\\/#breadcrumb\"},\"inLanguage\":\"ar\",\"potentialAction\":[{\"@type\":\"ReadAction\",\"target\":[\"https:\\\/\\\/cheliastore.dz\\\/product\\\/pompe-de-relevage-0-75kw-leo-qdx6-18-0-75a\\\/\"]}]},{\"@type\":\"ImageObject\",\"inLanguage\":\"ar\",\"@id\":\"https:\\\/\\\/cheliastore.dz\\\/product\\\/pompe-de-relevage-0-75kw-leo-qdx6-18-0-75a\\\/#primaryimage\",\"url\":\"https:\\\/\\\/cheliastore.dz\\\/wp-content\\\/uploads\\\/2022\\\/03\\\/Pompe-de-relevage-0.75kW-LEO.png\",\"contentUrl\":\"https:\\\/\\\/cheliastore.dz\\\/wp-content\\\/uploads\\\/2022\\\/03\\\/Pompe-de-relevage-0.75kW-LEO.png\",\"width\":1000,\"height\":1000,\"caption\":\"Pompe de relevage 0.75kW LEO | Q(D)X6-18-0.75(A)\"},{\"@type\":\"BreadcrumbList\",\"@id\":\"https:\\\/\\\/cheliastore.dz\\\/product\\\/pompe-de-relevage-0-75kw-leo-qdx6-18-0-75a\\\/#breadcrumb\",\"itemListElement\":[{\"@type\":\"ListItem\",\"position\":1,\"name\":\"\u0627\u0644\u0631\u0626\u064a\u0633\u064a\u0629\",\"item\":\"https:\\\/\\\/cheliastore.dz\\\/ar\\\/\"},{\"@type\":\"ListItem\",\"position\":2,\"name\":\"Boutique\",\"item\":\"https:\\\/\\\/cheliastore.dz\\\/ar\\\/shop\\\/\"},{\"@type\":\"ListItem\",\"position\":3,\"name\":\"Pompe de relevage 0.75kW LEO | Q(D)X6-18-0.75(A)\"}]},{\"@type\":\"WebSite\",\"@id\":\"https:\\\/\\\/cheliastore.dz\\\/#website\",\"url\":\"https:\\\/\\\/cheliastore.dz\\\/\",\"name\":\"CHELIA STORE\",\"description\":\"CHELIA STORE\",\"publisher\":{\"@id\":\"https:\\\/\\\/cheliastore.dz\\\/#organization\"},\"potentialAction\":[{\"@type\":\"SearchAction\",\"target\":{\"@type\":\"EntryPoint\",\"urlTemplate\":\"https:\\\/\\\/cheliastore.dz\\\/?s={search_term_string}\"},\"query-input\":{\"@type\":\"PropertyValueSpecification\",\"valueRequired\":true,\"valueName\":\"search_term_string\"}}],\"inLanguage\":\"ar\"},{\"@type\":\"Organization\",\"@id\":\"https:\\\/\\\/cheliastore.dz\\\/#organization\",\"name\":\"Chelia Store\",\"url\":\"https:\\\/\\\/cheliastore.dz\\\/\",\"logo\":{\"@type\":\"ImageObject\",\"inLanguage\":\"ar\",\"@id\":\"https:\\\/\\\/cheliastore.dz\\\/#\\\/schema\\\/logo\\\/image\\\/\",\"url\":\"https:\\\/\\\/cheliastore.dz\\\/wp-content\\\/uploads\\\/2022\\\/01\\\/logo-final-250.png\",\"contentUrl\":\"https:\\\/\\\/cheliastore.dz\\\/wp-content\\\/uploads\\\/2022\\\/01\\\/logo-final-250.png\",\"width\":250,\"height\":78,\"caption\":\"Chelia Store\"},\"image\":{\"@id\":\"https:\\\/\\\/cheliastore.dz\\\/#\\\/schema\\\/logo\\\/image\\\/\"},\"sameAs\":[\"https:\\\/\\\/web.facebook.com\\\/cheliastore\",\"https:\\\/\\\/www.instagram.com\\\/quincaillerie.chelia\\\/\"]}]}<\/script>\n<!-- \/ Yoast SEO Premium plugin. -->","yoast_head_json":{"title":"Pompe de relevage 0.75kW LEO | Q(D)X6-18-0.75(A) - CHELIA STORE","description":"D\u00e9couvrez la Pompe de relevage 0.75kW LEO | Q(D)X6-18-0.75(A) au meilleur prix en Algerie. Con\u00e7ue pour des situations n\u00e9cessitant une hauteur \u00e9lev\u00e9e.","robots":{"index":"index","follow":"follow","max-snippet":"max-snippet:-1","max-image-preview":"max-image-preview:large","max-video-preview":"max-video-preview:-1"},"canonical":"https:\/\/cheliastore.dz\/product\/pompe-de-relevage-0-75kw-leo-qdx6-18-0-75a\/","og_locale":"ar_AR","og_type":"article","og_title":"Pompe de relevage 0.75kW LEO | Q(D)X6-18-0.75(A)","og_description":"D\u00e9couvrez la Pompe de relevage 0.75kW LEO | Q(D)X6-18-0.75(A) au meilleur prix en Algerie. Con\u00e7ue pour des situations n\u00e9cessitant une hauteur \u00e9lev\u00e9e.","og_url":"https:\/\/cheliastore.dz\/product\/pompe-de-relevage-0-75kw-leo-qdx6-18-0-75a\/","og_site_name":"CHELIA STORE","article_publisher":"https:\/\/web.facebook.com\/cheliastore","article_modified_time":"2026-01-11T03:02:17+00:00","og_image":[{"width":1000,"height":1000,"url":"https:\/\/cheliastore.dz\/wp-content\/uploads\/2022\/03\/Pompe-de-relevage-0.75kW-LEO.png","type":"image\/png"}],"twitter_card":"summary_large_image","twitter_misc":{"\u0648\u0642\u062a \u0627\u0644\u0642\u0631\u0627\u0621\u0629 \u0627\u0644\u0645\u064f\u0642\u062f\u0651\u0631":"1 \u062f\u0642\u064a\u0642\u0629"},"schema":{"@context":"https:\/\/schema.org","@graph":[{"@type":"WebPage","@id":"https:\/\/cheliastore.dz\/product\/pompe-de-relevage-0-75kw-leo-qdx6-18-0-75a\/","url":"https:\/\/cheliastore.dz\/product\/pompe-de-relevage-0-75kw-leo-qdx6-18-0-75a\/","name":"Pompe de relevage 0.75kW LEO | Q(D)X6-18-0.75(A) - CHELIA STORE","isPartOf":{"@id":"https:\/\/cheliastore.dz\/#website"},"primaryImageOfPage":{"@id":"https:\/\/cheliastore.dz\/product\/pompe-de-relevage-0-75kw-leo-qdx6-18-0-75a\/#primaryimage"},"image":{"@id":"https:\/\/cheliastore.dz\/product\/pompe-de-relevage-0-75kw-leo-qdx6-18-0-75a\/#primaryimage"},"thumbnailUrl":"https:\/\/cheliastore.dz\/wp-content\/uploads\/2022\/03\/Pompe-de-relevage-0.75kW-LEO.png","datePublished":"2022-03-10T13:17:30+00:00","dateModified":"2026-01-11T03:02:17+00:00","description":"D\u00e9couvrez la Pompe de relevage 0.75kW LEO | Q(D)X6-18-0.75(A) au meilleur prix en Algerie. Con\u00e7ue pour des situations n\u00e9cessitant une hauteur \u00e9lev\u00e9e.","breadcrumb":{"@id":"https:\/\/cheliastore.dz\/product\/pompe-de-relevage-0-75kw-leo-qdx6-18-0-75a\/#breadcrumb"},"inLanguage":"ar","potentialAction":[{"@type":"ReadAction","target":["https:\/\/cheliastore.dz\/product\/pompe-de-relevage-0-75kw-leo-qdx6-18-0-75a\/"]}]},{"@type":"ImageObject","inLanguage":"ar","@id":"https:\/\/cheliastore.dz\/product\/pompe-de-relevage-0-75kw-leo-qdx6-18-0-75a\/#primaryimage","url":"https:\/\/cheliastore.dz\/wp-content\/uploads\/2022\/03\/Pompe-de-relevage-0.75kW-LEO.png","contentUrl":"https:\/\/cheliastore.dz\/wp-content\/uploads\/2022\/03\/Pompe-de-relevage-0.75kW-LEO.png","width":1000,"height":1000,"caption":"Pompe de relevage 0.75kW LEO | Q(D)X6-18-0.75(A)"},{"@type":"BreadcrumbList","@id":"https:\/\/cheliastore.dz\/product\/pompe-de-relevage-0-75kw-leo-qdx6-18-0-75a\/#breadcrumb","itemListElement":[{"@type":"ListItem","position":1,"name":"\u0627\u0644\u0631\u0626\u064a\u0633\u064a\u0629","item":"https:\/\/cheliastore.dz\/ar\/"},{"@type":"ListItem","position":2,"name":"Boutique","item":"https:\/\/cheliastore.dz\/ar\/shop\/"},{"@type":"ListItem","position":3,"name":"Pompe de relevage 0.75kW LEO | Q(D)X6-18-0.75(A)"}]},{"@type":"WebSite","@id":"https:\/\/cheliastore.dz\/#website","url":"https:\/\/cheliastore.dz\/","name":"CHELIA STORE","description":"CHELIA STORE","publisher":{"@id":"https:\/\/cheliastore.dz\/#organization"},"potentialAction":[{"@type":"SearchAction","target":{"@type":"EntryPoint","urlTemplate":"https:\/\/cheliastore.dz\/?s={search_term_string}"},"query-input":{"@type":"PropertyValueSpecification","valueRequired":true,"valueName":"search_term_string"}}],"inLanguage":"ar"},{"@type":"Organization","@id":"https:\/\/cheliastore.dz\/#organization","name":"Chelia Store","url":"https:\/\/cheliastore.dz\/","logo":{"@type":"ImageObject","inLanguage":"ar","@id":"https:\/\/cheliastore.dz\/#\/schema\/logo\/image\/","url":"https:\/\/cheliastore.dz\/wp-content\/uploads\/2022\/01\/logo-final-250.png","contentUrl":"https:\/\/cheliastore.dz\/wp-content\/uploads\/2022\/01\/logo-final-250.png","width":250,"height":78,"caption":"Chelia Store"},"image":{"@id":"https:\/\/cheliastore.dz\/#\/schema\/logo\/image\/"},"sameAs":["https:\/\/web.facebook.com\/cheliastore","https:\/\/www.instagram.com\/quincaillerie.chelia\/"]}]}},"_links":{"self":[{"href":"https:\/\/cheliastore.dz\/ar\/wp-json\/wp\/v2\/product\/16032","targetHints":{"allow":["GET"]}}],"collection":[{"href":"https:\/\/cheliastore.dz\/ar\/wp-json\/wp\/v2\/product"}],"about":[{"href":"https:\/\/cheliastore.dz\/ar\/wp-json\/wp\/v2\/types\/product"}],"replies":[{"embeddable":true,"href":"https:\/\/cheliastore.dz\/ar\/wp-json\/wp\/v2\/comments?post=16032"}],"version-history":[{"count":1,"href":"https:\/\/cheliastore.dz\/ar\/wp-json\/wp\/v2\/product\/16032\/revisions"}],"predecessor-version":[{"id":56801,"href":"https:\/\/cheliastore.dz\/ar\/wp-json\/wp\/v2\/product\/16032\/revisions\/56801"}],"wp:featuredmedia":[{"embeddable":true,"href":"https:\/\/cheliastore.dz\/ar\/wp-json\/wp\/v2\/media\/49911"}],"wp:attachment":[{"href":"https:\/\/cheliastore.dz\/ar\/wp-json\/wp\/v2\/media?parent=16032"}],"wp:term":[{"taxonomy":"product_brand","embeddable":true,"href":"https:\/\/cheliastore.dz\/ar\/wp-json\/wp\/v2\/product_brand?post=16032"},{"taxonomy":"product_cat","embeddable":true,"href":"https:\/\/cheliastore.dz\/ar\/wp-json\/wp\/v2\/product_cat?post=16032"},{"taxonomy":"product_tag","embeddable":true,"href":"https:\/\/cheliastore.dz\/ar\/wp-json\/wp\/v2\/product_tag?post=16032"}],"curies":[{"name":"wp","href":"https:\/\/api.w.org\/{rel}","templated":true}]}}