{"id":14348,"date":"2022-02-17T09:58:38","date_gmt":"2022-02-17T09:58:38","guid":{"rendered":"https:\/\/cheliastore.com\/?post_type=product&#038;p=14348"},"modified":"2026-05-04T15:55:40","modified_gmt":"2026-05-04T15:55:40","slug":"te-reduit-63-32-63-pprc-vert","status":"publish","type":"product","link":"https:\/\/cheliastore.dz\/ar\/product\/te-reduit-63-32-63-pprc-vert\/","title":{"rendered":"T\u00e9 r\u00e9duit 63\/32\/63 pprc vert"},"content":{"rendered":"<h1><strong><span style=\"color: red;\">T\u00e9 r\u00e9duit 63\/32\/63 PPRC vert<\/span><\/strong><\/h1>\n<p><strong><span style=\"color: red;\">Le T\u00e9 r\u00e9duit 63\/32\/63 PPRC vert<\/span><\/strong> est un raccord indispensable pour les installations de plomberie n\u00e9cessitant une d\u00e9rivation avec r\u00e9duction de diam\u00e8tre. Il permet de connecter efficacement trois conduites tout en adaptant le d\u00e9bit gr\u00e2ce \u00e0 une sortie centrale r\u00e9duite.<\/p>\n<p>Con\u00e7u en polypropyl\u00e8ne copolym\u00e8re de haute qualit\u00e9, ce <strong>raccord de d\u00e9rivation PPRC<\/strong> assure une excellente r\u00e9sistance \u00e0 la pression, aux temp\u00e9ratures \u00e9lev\u00e9es et \u00e0 la corrosion. Ce <strong>t\u00e9 de r\u00e9duction sanitaire<\/strong> est parfaitement adapt\u00e9 aux r\u00e9seaux d\u2019eau chaude et froide, en usage domestique comme industriel.<\/p>\n<h2><span style=\"color: red;\">\u27a4<\/span> Caract\u00e9ristiques techniques<\/h2>\n<table style=\"width: 100%; border-collapse: collapse;\">\n<tbody>\n<tr style=\"background-color: #f9f9f9;\">\n<td style=\"padding: 10px; width: 40%;\"><strong>Type de produit<\/strong><\/td>\n<td style=\"padding: 10px;\">T\u00e9 r\u00e9duit PPRC<\/td>\n<\/tr>\n<tr>\n<td style=\"padding: 10px;\"><strong>Diam\u00e8tres<\/strong><\/td>\n<td style=\"padding: 10px;\">63 \/ 32 \/ 63 mm<\/td>\n<\/tr>\n<tr style=\"background-color: #f9f9f9;\">\n<td style=\"padding: 10px;\"><strong>Configuration<\/strong><\/td>\n<td style=\"padding: 10px;\">R\u00e9duction centrale<\/td>\n<\/tr>\n<tr>\n<td style=\"padding: 10px;\"><strong>Mat\u00e9riau<\/strong><\/td>\n<td style=\"padding: 10px;\">Polypropyl\u00e8ne copolym\u00e8re (PPRC)<\/td>\n<\/tr>\n<tr style=\"background-color: #f9f9f9;\">\n<td style=\"padding: 10px;\"><strong>R\u00e9sistance<\/strong><\/td>\n<td style=\"padding: 10px;\">Haute pression et temp\u00e9rature<\/td>\n<\/tr>\n<tr>\n<td style=\"padding: 10px;\"><strong>Utilisation<\/strong><\/td>\n<td style=\"padding: 10px;\">R\u00e9seaux d\u2019eau sanitaire et chauffage<\/td>\n<\/tr>\n<\/tbody>\n<\/table>\n<h2><span style=\"color: red;\">\u27a4<\/span> Avantages du t\u00e9 r\u00e9duit PPRC<\/h2>\n<ul>\n<li>Adaptation efficace entre diff\u00e9rents diam\u00e8tres<\/li>\n<li>Distribution ma\u00eetris\u00e9e du d\u00e9bit<\/li>\n<li>R\u00e9sistance \u00e9lev\u00e9e \u00e0 la corrosion et au tartre<\/li>\n<li>Installation simple par soudure thermique<\/li>\n<li>Longue dur\u00e9e de vie<\/li>\n<\/ul>\n<h2><span style=\"color: red;\">\u25c6<\/span> Utilisations recommand\u00e9es<\/h2>\n<ul>\n<li>Installations de plomberie domestique<\/li>\n<li>R\u00e9seaux hydrauliques industriels<\/li>\n<li>Syst\u00e8mes de chauffage<\/li>\n<li>Distribution d\u2019eau potable<\/li>\n<\/ul>\n<h2>&#x2753; FAQ<\/h2>\n<ul>\n<li><strong>Ce raccord permet-il de r\u00e9duire le d\u00e9bit ?<\/strong><\/li>\n<\/ul>\n<p>Oui, ce <strong>raccord de r\u00e9duction PPRC<\/strong> permet d\u2019adapter efficacement le d\u00e9bit entre diff\u00e9rentes conduites.<\/p>\n<ul>\n<li><strong>Est-il compatible avec l\u2019eau chaude ?<\/strong><\/li>\n<\/ul>\n<p>Oui, ce <strong>t\u00e9 sanitaire PPRC<\/strong> r\u00e9siste aux hautes temp\u00e9ratures.<\/p>\n<ul>\n<li><strong>Comment s\u2019installe-t-il ?<\/strong><\/li>\n<\/ul>\n<p>Ce <strong>t\u00e9 \u00e0 souder PPRC<\/strong> s\u2019installe facilement avec une machine de soudure thermique.<\/p>\n<ul>\n<li><strong>Est-il durable ?<\/strong><\/li>\n<\/ul>\n<p>Oui, ce <strong>raccord en polypropyl\u00e8ne<\/strong> assure une excellente long\u00e9vit\u00e9 sans corrosion.<\/p>\n<h3><strong>&#x1f6d2; O\u00f9 acheter le raccord r\u00e9duit 63\/32\/63 PPRC vert en Alg\u00e9rie ?<\/strong><\/h3>\n<p>Commandez votre <strong><span style=\"color: red;\">T\u00e9 r\u00e9duit 63\/32\/63 PPRC vert<\/span><\/strong> sur <a href=\"https:\/\/cheliastore.dz\/\"><strong><span style=\"color: red;\">Chelia Store<\/span><\/strong><\/a>, votre sp\u00e9cialiste en raccords PPRC et solutions de plomberie en Alg\u00e9rie.<\/p>\n<p>&#x2714; Qualit\u00e9 professionnelle<br \/>\n&#x2714; Installation facile<br \/>\n&#x2714; Livraison rapide en Alg\u00e9rie<br \/>\n&#x2714; Prix comp\u00e9titifs<\/p>\n","protected":false},"excerpt":{"rendered":"<p>Le T\u00e9 r\u00e9duit 63\/32\/63 PPRC vert est un raccord id\u00e9al pour connecter des tuyaux de diff\u00e9rents diam\u00e8tres tout en contr\u00f4lant le d\u00e9bit. R\u00e9sistant \u00e0 la pression, \u00e0 la chaleur et \u00e0 la corrosion, il garantit une installation fiable et durable pour les r\u00e9seaux d\u2019eau chaude et froide.<\/p>\n","protected":false},"featured_media":14403,"comment_status":"open","ping_status":"closed","template":"","meta":{"_editorskit_title_hidden":false,"_editorskit_reading_time":0,"_editorskit_is_block_options_detached":false,"_editorskit_block_options_position":"{}"},"product_brand":[],"product_cat":[97,249],"product_tag":[],"class_list":{"0":"post-14348","1":"product","2":"type-product","3":"status-publish","4":"has-post-thumbnail","6":"product_cat-plomberie","7":"product_cat-raccordement-pprc-vert","9":"first","10":"instock","11":"shipping-taxable","12":"purchasable","13":"product-type-simple"},"yoast_head":"<!-- This site is optimized with the Yoast SEO Premium plugin v25.4 (Yoast SEO v27.6) - https:\/\/yoast.com\/product\/yoast-seo-premium-wordpress\/ -->\n<title>T\u00e9 r\u00e9duit 63\/32\/63 pprc vert - CHELIA STORE<\/title>\n<meta name=\"description\" content=\"T\u00e9 r\u00e9duit 63\/32\/63 PPRC vert pour plomberie fiable. R\u00e9siste pression et chaleur. Disponible chez Chelia Store Alg\u00e9rie au meilleur prix.\" \/>\n<meta name=\"robots\" content=\"index, follow, max-snippet:-1, max-image-preview:large, max-video-preview:-1\" \/>\n<link rel=\"canonical\" href=\"https:\/\/cheliastore.dz\/product\/te-reduit-63-32-63-pprc-vert\/\" \/>\n<meta property=\"og:locale\" content=\"ar_AR\" \/>\n<meta property=\"og:type\" content=\"article\" \/>\n<meta property=\"og:title\" content=\"T\u00e9 r\u00e9duit 63\/32\/63 pprc vert\" \/>\n<meta property=\"og:description\" content=\"T\u00e9 r\u00e9duit 63\/32\/63 PPRC vert pour plomberie fiable. R\u00e9siste pression et chaleur. Disponible chez Chelia Store Alg\u00e9rie au meilleur prix.\" \/>\n<meta property=\"og:url\" content=\"https:\/\/cheliastore.dz\/product\/te-reduit-63-32-63-pprc-vert\/\" \/>\n<meta property=\"og:site_name\" content=\"CHELIA STORE\" \/>\n<meta property=\"article:publisher\" content=\"https:\/\/web.facebook.com\/cheliastore\" \/>\n<meta property=\"article:modified_time\" content=\"2026-05-04T15:55:40+00:00\" \/>\n<meta property=\"og:image\" content=\"https:\/\/cheliastore.dz\/wp-content\/uploads\/2022\/02\/IMG_6327.jpg\" \/>\n\t<meta property=\"og:image:width\" content=\"1000\" \/>\n\t<meta property=\"og:image:height\" content=\"1000\" \/>\n\t<meta property=\"og:image:type\" content=\"image\/jpeg\" \/>\n<meta name=\"twitter:card\" content=\"summary_large_image\" \/>\n<meta name=\"twitter:label1\" content=\"\u0648\u0642\u062a \u0627\u0644\u0642\u0631\u0627\u0621\u0629 \u0627\u0644\u0645\u064f\u0642\u062f\u0651\u0631\" \/>\n\t<meta name=\"twitter:data1\" content=\"\u062f\u0642\u064a\u0642\u062a\u0627\u0646\" \/>\n<script type=\"application\/ld+json\" class=\"yoast-schema-graph\">{\"@context\":\"https:\\\/\\\/schema.org\",\"@graph\":[{\"@type\":\"WebPage\",\"@id\":\"https:\\\/\\\/cheliastore.dz\\\/product\\\/te-reduit-63-32-63-pprc-vert\\\/\",\"url\":\"https:\\\/\\\/cheliastore.dz\\\/product\\\/te-reduit-63-32-63-pprc-vert\\\/\",\"name\":\"T\u00e9 r\u00e9duit 63\\\/32\\\/63 pprc vert - CHELIA STORE\",\"isPartOf\":{\"@id\":\"https:\\\/\\\/cheliastore.dz\\\/#website\"},\"primaryImageOfPage\":{\"@id\":\"https:\\\/\\\/cheliastore.dz\\\/product\\\/te-reduit-63-32-63-pprc-vert\\\/#primaryimage\"},\"image\":{\"@id\":\"https:\\\/\\\/cheliastore.dz\\\/product\\\/te-reduit-63-32-63-pprc-vert\\\/#primaryimage\"},\"thumbnailUrl\":\"https:\\\/\\\/cheliastore.dz\\\/wp-content\\\/uploads\\\/2022\\\/02\\\/IMG_6327.jpg\",\"datePublished\":\"2022-02-17T09:58:38+00:00\",\"dateModified\":\"2026-05-04T15:55:40+00:00\",\"description\":\"T\u00e9 r\u00e9duit 63\\\/32\\\/63 PPRC vert pour plomberie fiable. R\u00e9siste pression et chaleur. Disponible chez Chelia Store Alg\u00e9rie au meilleur prix.\",\"breadcrumb\":{\"@id\":\"https:\\\/\\\/cheliastore.dz\\\/product\\\/te-reduit-63-32-63-pprc-vert\\\/#breadcrumb\"},\"inLanguage\":\"ar\",\"potentialAction\":[{\"@type\":\"ReadAction\",\"target\":[\"https:\\\/\\\/cheliastore.dz\\\/product\\\/te-reduit-63-32-63-pprc-vert\\\/\"]}]},{\"@type\":\"ImageObject\",\"inLanguage\":\"ar\",\"@id\":\"https:\\\/\\\/cheliastore.dz\\\/product\\\/te-reduit-63-32-63-pprc-vert\\\/#primaryimage\",\"url\":\"https:\\\/\\\/cheliastore.dz\\\/wp-content\\\/uploads\\\/2022\\\/02\\\/IMG_6327.jpg\",\"contentUrl\":\"https:\\\/\\\/cheliastore.dz\\\/wp-content\\\/uploads\\\/2022\\\/02\\\/IMG_6327.jpg\",\"width\":1000,\"height\":1000,\"caption\":\"T\u00e9 r\u00e9duit 63\\\/32\\\/63 PPRC vert\"},{\"@type\":\"BreadcrumbList\",\"@id\":\"https:\\\/\\\/cheliastore.dz\\\/product\\\/te-reduit-63-32-63-pprc-vert\\\/#breadcrumb\",\"itemListElement\":[{\"@type\":\"ListItem\",\"position\":1,\"name\":\"\u0627\u0644\u0631\u0626\u064a\u0633\u064a\u0629\",\"item\":\"https:\\\/\\\/cheliastore.dz\\\/ar\\\/\"},{\"@type\":\"ListItem\",\"position\":2,\"name\":\"Boutique\",\"item\":\"https:\\\/\\\/cheliastore.dz\\\/ar\\\/shop\\\/\"},{\"@type\":\"ListItem\",\"position\":3,\"name\":\"T\u00e9 r\u00e9duit 63\\\/32\\\/63 pprc vert\"}]},{\"@type\":\"WebSite\",\"@id\":\"https:\\\/\\\/cheliastore.dz\\\/#website\",\"url\":\"https:\\\/\\\/cheliastore.dz\\\/\",\"name\":\"CHELIA STORE\",\"description\":\"CHELIA STORE\",\"publisher\":{\"@id\":\"https:\\\/\\\/cheliastore.dz\\\/#organization\"},\"potentialAction\":[{\"@type\":\"SearchAction\",\"target\":{\"@type\":\"EntryPoint\",\"urlTemplate\":\"https:\\\/\\\/cheliastore.dz\\\/?s={search_term_string}\"},\"query-input\":{\"@type\":\"PropertyValueSpecification\",\"valueRequired\":true,\"valueName\":\"search_term_string\"}}],\"inLanguage\":\"ar\"},{\"@type\":\"Organization\",\"@id\":\"https:\\\/\\\/cheliastore.dz\\\/#organization\",\"name\":\"Chelia Store\",\"url\":\"https:\\\/\\\/cheliastore.dz\\\/\",\"logo\":{\"@type\":\"ImageObject\",\"inLanguage\":\"ar\",\"@id\":\"https:\\\/\\\/cheliastore.dz\\\/#\\\/schema\\\/logo\\\/image\\\/\",\"url\":\"https:\\\/\\\/cheliastore.dz\\\/wp-content\\\/uploads\\\/2022\\\/01\\\/logo-final-250.png\",\"contentUrl\":\"https:\\\/\\\/cheliastore.dz\\\/wp-content\\\/uploads\\\/2022\\\/01\\\/logo-final-250.png\",\"width\":250,\"height\":78,\"caption\":\"Chelia Store\"},\"image\":{\"@id\":\"https:\\\/\\\/cheliastore.dz\\\/#\\\/schema\\\/logo\\\/image\\\/\"},\"sameAs\":[\"https:\\\/\\\/web.facebook.com\\\/cheliastore\",\"https:\\\/\\\/www.instagram.com\\\/quincaillerie.chelia\\\/\"]}]}<\/script>\n<!-- \/ Yoast SEO Premium plugin. -->","yoast_head_json":{"title":"T\u00e9 r\u00e9duit 63\/32\/63 pprc vert - CHELIA STORE","description":"T\u00e9 r\u00e9duit 63\/32\/63 PPRC vert pour plomberie fiable. R\u00e9siste pression et chaleur. Disponible chez Chelia Store Alg\u00e9rie au meilleur prix.","robots":{"index":"index","follow":"follow","max-snippet":"max-snippet:-1","max-image-preview":"max-image-preview:large","max-video-preview":"max-video-preview:-1"},"canonical":"https:\/\/cheliastore.dz\/product\/te-reduit-63-32-63-pprc-vert\/","og_locale":"ar_AR","og_type":"article","og_title":"T\u00e9 r\u00e9duit 63\/32\/63 pprc vert","og_description":"T\u00e9 r\u00e9duit 63\/32\/63 PPRC vert pour plomberie fiable. R\u00e9siste pression et chaleur. Disponible chez Chelia Store Alg\u00e9rie au meilleur prix.","og_url":"https:\/\/cheliastore.dz\/product\/te-reduit-63-32-63-pprc-vert\/","og_site_name":"CHELIA STORE","article_publisher":"https:\/\/web.facebook.com\/cheliastore","article_modified_time":"2026-05-04T15:55:40+00:00","og_image":[{"width":1000,"height":1000,"url":"https:\/\/cheliastore.dz\/wp-content\/uploads\/2022\/02\/IMG_6327.jpg","type":"image\/jpeg"}],"twitter_card":"summary_large_image","twitter_misc":{"\u0648\u0642\u062a \u0627\u0644\u0642\u0631\u0627\u0621\u0629 \u0627\u0644\u0645\u064f\u0642\u062f\u0651\u0631":"\u062f\u0642\u064a\u0642\u062a\u0627\u0646"},"schema":{"@context":"https:\/\/schema.org","@graph":[{"@type":"WebPage","@id":"https:\/\/cheliastore.dz\/product\/te-reduit-63-32-63-pprc-vert\/","url":"https:\/\/cheliastore.dz\/product\/te-reduit-63-32-63-pprc-vert\/","name":"T\u00e9 r\u00e9duit 63\/32\/63 pprc vert - CHELIA STORE","isPartOf":{"@id":"https:\/\/cheliastore.dz\/#website"},"primaryImageOfPage":{"@id":"https:\/\/cheliastore.dz\/product\/te-reduit-63-32-63-pprc-vert\/#primaryimage"},"image":{"@id":"https:\/\/cheliastore.dz\/product\/te-reduit-63-32-63-pprc-vert\/#primaryimage"},"thumbnailUrl":"https:\/\/cheliastore.dz\/wp-content\/uploads\/2022\/02\/IMG_6327.jpg","datePublished":"2022-02-17T09:58:38+00:00","dateModified":"2026-05-04T15:55:40+00:00","description":"T\u00e9 r\u00e9duit 63\/32\/63 PPRC vert pour plomberie fiable. R\u00e9siste pression et chaleur. Disponible chez Chelia Store Alg\u00e9rie au meilleur prix.","breadcrumb":{"@id":"https:\/\/cheliastore.dz\/product\/te-reduit-63-32-63-pprc-vert\/#breadcrumb"},"inLanguage":"ar","potentialAction":[{"@type":"ReadAction","target":["https:\/\/cheliastore.dz\/product\/te-reduit-63-32-63-pprc-vert\/"]}]},{"@type":"ImageObject","inLanguage":"ar","@id":"https:\/\/cheliastore.dz\/product\/te-reduit-63-32-63-pprc-vert\/#primaryimage","url":"https:\/\/cheliastore.dz\/wp-content\/uploads\/2022\/02\/IMG_6327.jpg","contentUrl":"https:\/\/cheliastore.dz\/wp-content\/uploads\/2022\/02\/IMG_6327.jpg","width":1000,"height":1000,"caption":"T\u00e9 r\u00e9duit 63\/32\/63 PPRC vert"},{"@type":"BreadcrumbList","@id":"https:\/\/cheliastore.dz\/product\/te-reduit-63-32-63-pprc-vert\/#breadcrumb","itemListElement":[{"@type":"ListItem","position":1,"name":"\u0627\u0644\u0631\u0626\u064a\u0633\u064a\u0629","item":"https:\/\/cheliastore.dz\/ar\/"},{"@type":"ListItem","position":2,"name":"Boutique","item":"https:\/\/cheliastore.dz\/ar\/shop\/"},{"@type":"ListItem","position":3,"name":"T\u00e9 r\u00e9duit 63\/32\/63 pprc vert"}]},{"@type":"WebSite","@id":"https:\/\/cheliastore.dz\/#website","url":"https:\/\/cheliastore.dz\/","name":"CHELIA STORE","description":"CHELIA STORE","publisher":{"@id":"https:\/\/cheliastore.dz\/#organization"},"potentialAction":[{"@type":"SearchAction","target":{"@type":"EntryPoint","urlTemplate":"https:\/\/cheliastore.dz\/?s={search_term_string}"},"query-input":{"@type":"PropertyValueSpecification","valueRequired":true,"valueName":"search_term_string"}}],"inLanguage":"ar"},{"@type":"Organization","@id":"https:\/\/cheliastore.dz\/#organization","name":"Chelia Store","url":"https:\/\/cheliastore.dz\/","logo":{"@type":"ImageObject","inLanguage":"ar","@id":"https:\/\/cheliastore.dz\/#\/schema\/logo\/image\/","url":"https:\/\/cheliastore.dz\/wp-content\/uploads\/2022\/01\/logo-final-250.png","contentUrl":"https:\/\/cheliastore.dz\/wp-content\/uploads\/2022\/01\/logo-final-250.png","width":250,"height":78,"caption":"Chelia Store"},"image":{"@id":"https:\/\/cheliastore.dz\/#\/schema\/logo\/image\/"},"sameAs":["https:\/\/web.facebook.com\/cheliastore","https:\/\/www.instagram.com\/quincaillerie.chelia\/"]}]}},"_links":{"self":[{"href":"https:\/\/cheliastore.dz\/ar\/wp-json\/wp\/v2\/product\/14348","targetHints":{"allow":["GET"]}}],"collection":[{"href":"https:\/\/cheliastore.dz\/ar\/wp-json\/wp\/v2\/product"}],"about":[{"href":"https:\/\/cheliastore.dz\/ar\/wp-json\/wp\/v2\/types\/product"}],"replies":[{"embeddable":true,"href":"https:\/\/cheliastore.dz\/ar\/wp-json\/wp\/v2\/comments?post=14348"}],"version-history":[{"count":3,"href":"https:\/\/cheliastore.dz\/ar\/wp-json\/wp\/v2\/product\/14348\/revisions"}],"predecessor-version":[{"id":81451,"href":"https:\/\/cheliastore.dz\/ar\/wp-json\/wp\/v2\/product\/14348\/revisions\/81451"}],"wp:featuredmedia":[{"embeddable":true,"href":"https:\/\/cheliastore.dz\/ar\/wp-json\/wp\/v2\/media\/14403"}],"wp:attachment":[{"href":"https:\/\/cheliastore.dz\/ar\/wp-json\/wp\/v2\/media?parent=14348"}],"wp:term":[{"taxonomy":"product_brand","embeddable":true,"href":"https:\/\/cheliastore.dz\/ar\/wp-json\/wp\/v2\/product_brand?post=14348"},{"taxonomy":"product_cat","embeddable":true,"href":"https:\/\/cheliastore.dz\/ar\/wp-json\/wp\/v2\/product_cat?post=14348"},{"taxonomy":"product_tag","embeddable":true,"href":"https:\/\/cheliastore.dz\/ar\/wp-json\/wp\/v2\/product_tag?post=14348"}],"curies":[{"name":"wp","href":"https:\/\/api.w.org\/{rel}","templated":true}]}}