{"id":13751,"date":"2022-02-14T15:12:18","date_gmt":"2022-02-14T15:12:18","guid":{"rendered":"https:\/\/cheliastore.com\/?post_type=product&#038;p=13751"},"modified":"2026-01-11T03:12:07","modified_gmt":"2026-01-11T03:12:07","slug":"manchon-reduit-75-x-50-pehd","status":"publish","type":"product","link":"https:\/\/cheliastore.dz\/ar\/product\/manchon-reduit-75-x-50-pehd\/","title":{"rendered":"Manchon r\u00e9duit 75\/50 PEHD"},"content":{"rendered":"<h1>Manchon r\u00e9duit 75*50 PEHD<\/h1>\n<p>Manchon r\u00e9duit 75*50 PEHD est un type de raccord utilise pour joindre des tuyaux en PEHD.<\/p>\n<p>Le PEHD est un materiau en plastique resistant a la corration et a la degradation, ce qui en fait un choix\u00a0 populaire pour les systemes de tuyauterie dans diverses applications industrielles et commerciales.<\/p>\n<p>Pour pouvoir effectuer le raccordement des\u00a0<a title=\"Tubes PEHD\" href=\"https:\/\/www.anjou-connectique.com\/plomberie\/tube-polyethylene-pehd-et-raccords\/tube-pehd.html\" target=\"_self\" rel=\"noopener\">tubes PEHD<\/a>, il a \u00e9t\u00e9 n\u00e9cessaire de d\u00e9velopper des raccords plastiques permettant de monter des vannes, robinets n\u00e9cessaires \u00e0 l\u2019adduction d\u2019eau.<\/p>\n<p>Pour r\u00e9sister aux agressions du milieu industriel ou agricole, le mat\u00e9riau r\u00e9pondant le mieux au cahier des charges qui a \u00e9t\u00e9 d\u00e9fini par les industriels est le polypropyl\u00e8ne. Le\u00a0<strong>raccord plastique pour tube PE<\/strong>\u00a0est n\u00e9.<\/p>\n<p>Il trouve naturellement son utilisation dans le raccordement d\u2019alimentation de votre piscine (d\u2019eau douce ou d\u2019eau de mer), de votre r\u00e9seau d\u2019arrosage, de votre r\u00e9seau industriel.<\/p>\n<p>Il se\u00a0raccorde simplement sur votre tube PE ou PEHD\u00a0gr\u00e2ce \u00e0 un principe ing\u00e9nieux alliant joint d\u2019\u00e9tanch\u00e9it\u00e9 et serrage qui lui assurent une \u00e9tanch\u00e9it\u00e9 parfaite.<\/p>\n<p><strong>Un conseil<\/strong>\u00a0: vous allez effectuer un r\u00e9seau d\u2019arrosage enterr\u00e9 alors apr\u00e8s avoir r\u00e9alis\u00e9 le montage de votre raccord sur le tube PE ou PEHD, mettez en pression votre canalisation pour v\u00e9rifier qu\u2019aucune fuite n\u2019existe, ensuite seulement vous pourrez effectuer le remblaiement de votre canalisation.<\/p>\n<ul>\n<li>veuillez vister notre site web\u00a0<a href=\"http:\/\/www.cheliastore.com\"> chelia<\/a><\/li>\n<li>et visitez aussi le site web\u00a0<a href=\"https:\/\/www.anjou-connectique.com\/plomberie\/tube-polyethylene-pehd-et-raccords\/raccords-plastiques-tubes-pehd.html\">https:\/\/www.anjou-connectique.com\/plomberie\/tube-polyethylene-pehd-et-raccords\/raccords-plastiques-tubes-pehd.html<\/a><\/li>\n<\/ul>\n","protected":false},"excerpt":{"rendered":"<p>Manchon r\u00e9duit 75 \u00d7 50 PEHD<\/p>\n","protected":false},"featured_media":13752,"comment_status":"open","ping_status":"open","template":"","meta":{"_editorskit_title_hidden":false,"_editorskit_reading_time":0,"_editorskit_is_block_options_detached":false,"_editorskit_block_options_position":"{}"},"product_brand":[],"product_cat":[97,106],"product_tag":[],"class_list":{"0":"post-13751","1":"product","2":"type-product","3":"status-publish","4":"has-post-thumbnail","6":"product_cat-plomberie","7":"product_cat-raccordement-pehd","8":"product_shipping_class-livraison-58-wilayas","10":"first","11":"outofstock","12":"shipping-taxable","13":"purchasable","14":"product-type-simple"},"yoast_head":"<!-- This site is optimized with the Yoast SEO Premium plugin v25.4 (Yoast SEO v27.3) - https:\/\/yoast.com\/product\/yoast-seo-premium-wordpress\/ -->\n<title>Manchon r\u00e9duit 75\/50 PEHD - CHELIA STORE<\/title>\n<meta name=\"description\" content=\"Manchon r\u00e9duit 75 50 PEHD est un type de raccord utilise pour joindre des tuyaux en PEHD. il a \u00e9t\u00e9 n\u00e9cessaire de d\u00e9velopper des raccords plastiques\" \/>\n<meta name=\"robots\" content=\"index, follow, max-snippet:-1, max-image-preview:large, max-video-preview:-1\" \/>\n<link rel=\"canonical\" href=\"https:\/\/cheliastore.dz\/product\/manchon-reduit-75-x-50-pehd\/\" \/>\n<meta property=\"og:locale\" content=\"ar_AR\" \/>\n<meta property=\"og:type\" content=\"article\" \/>\n<meta property=\"og:title\" content=\"Manchon r\u00e9duit 75\/50 PEHD\" \/>\n<meta property=\"og:description\" content=\"Manchon r\u00e9duit 75 50 PEHD est un type de raccord utilise pour joindre des tuyaux en PEHD. il a \u00e9t\u00e9 n\u00e9cessaire de d\u00e9velopper des raccords plastiques\" \/>\n<meta property=\"og:url\" content=\"https:\/\/cheliastore.dz\/product\/manchon-reduit-75-x-50-pehd\/\" \/>\n<meta property=\"og:site_name\" content=\"CHELIA STORE\" \/>\n<meta property=\"article:publisher\" content=\"https:\/\/web.facebook.com\/cheliastore\" \/>\n<meta property=\"article:modified_time\" content=\"2026-01-11T03:12:07+00:00\" \/>\n<meta property=\"og:image\" content=\"https:\/\/cheliastore.dz\/wp-content\/uploads\/2022\/02\/IMG_7307.jpg\" \/>\n\t<meta property=\"og:image:width\" content=\"1000\" \/>\n\t<meta property=\"og:image:height\" content=\"1000\" \/>\n\t<meta property=\"og:image:type\" content=\"image\/jpeg\" \/>\n<meta name=\"twitter:card\" content=\"summary_large_image\" \/>\n<meta name=\"twitter:label1\" content=\"\u0648\u0642\u062a \u0627\u0644\u0642\u0631\u0627\u0621\u0629 \u0627\u0644\u0645\u064f\u0642\u062f\u0651\u0631\" \/>\n\t<meta name=\"twitter:data1\" content=\"1 \u062f\u0642\u064a\u0642\u0629\" \/>\n<script type=\"application\/ld+json\" class=\"yoast-schema-graph\">{\"@context\":\"https:\\\/\\\/schema.org\",\"@graph\":[{\"@type\":\"WebPage\",\"@id\":\"https:\\\/\\\/cheliastore.dz\\\/product\\\/manchon-reduit-75-x-50-pehd\\\/\",\"url\":\"https:\\\/\\\/cheliastore.dz\\\/product\\\/manchon-reduit-75-x-50-pehd\\\/\",\"name\":\"Manchon r\u00e9duit 75\\\/50 PEHD - CHELIA STORE\",\"isPartOf\":{\"@id\":\"https:\\\/\\\/cheliastore.dz\\\/#website\"},\"primaryImageOfPage\":{\"@id\":\"https:\\\/\\\/cheliastore.dz\\\/product\\\/manchon-reduit-75-x-50-pehd\\\/#primaryimage\"},\"image\":{\"@id\":\"https:\\\/\\\/cheliastore.dz\\\/product\\\/manchon-reduit-75-x-50-pehd\\\/#primaryimage\"},\"thumbnailUrl\":\"https:\\\/\\\/cheliastore.dz\\\/wp-content\\\/uploads\\\/2022\\\/02\\\/IMG_7307.jpg\",\"datePublished\":\"2022-02-14T15:12:18+00:00\",\"dateModified\":\"2026-01-11T03:12:07+00:00\",\"description\":\"Manchon r\u00e9duit 75 50 PEHD est un type de raccord utilise pour joindre des tuyaux en PEHD. il a \u00e9t\u00e9 n\u00e9cessaire de d\u00e9velopper des raccords plastiques\",\"breadcrumb\":{\"@id\":\"https:\\\/\\\/cheliastore.dz\\\/product\\\/manchon-reduit-75-x-50-pehd\\\/#breadcrumb\"},\"inLanguage\":\"ar\",\"potentialAction\":[{\"@type\":\"ReadAction\",\"target\":[\"https:\\\/\\\/cheliastore.dz\\\/product\\\/manchon-reduit-75-x-50-pehd\\\/\"]}]},{\"@type\":\"ImageObject\",\"inLanguage\":\"ar\",\"@id\":\"https:\\\/\\\/cheliastore.dz\\\/product\\\/manchon-reduit-75-x-50-pehd\\\/#primaryimage\",\"url\":\"https:\\\/\\\/cheliastore.dz\\\/wp-content\\\/uploads\\\/2022\\\/02\\\/IMG_7307.jpg\",\"contentUrl\":\"https:\\\/\\\/cheliastore.dz\\\/wp-content\\\/uploads\\\/2022\\\/02\\\/IMG_7307.jpg\",\"width\":1000,\"height\":1000,\"caption\":\"Manchon r\u00e9duit 75*50 PEHD\"},{\"@type\":\"BreadcrumbList\",\"@id\":\"https:\\\/\\\/cheliastore.dz\\\/product\\\/manchon-reduit-75-x-50-pehd\\\/#breadcrumb\",\"itemListElement\":[{\"@type\":\"ListItem\",\"position\":1,\"name\":\"\u0627\u0644\u0631\u0626\u064a\u0633\u064a\u0629\",\"item\":\"https:\\\/\\\/cheliastore.dz\\\/ar\\\/\"},{\"@type\":\"ListItem\",\"position\":2,\"name\":\"Boutique\",\"item\":\"https:\\\/\\\/cheliastore.dz\\\/ar\\\/shop\\\/\"},{\"@type\":\"ListItem\",\"position\":3,\"name\":\"Manchon r\u00e9duit 75\\\/50 PEHD\"}]},{\"@type\":\"WebSite\",\"@id\":\"https:\\\/\\\/cheliastore.dz\\\/#website\",\"url\":\"https:\\\/\\\/cheliastore.dz\\\/\",\"name\":\"CHELIA STORE\",\"description\":\"CHELIA STORE\",\"publisher\":{\"@id\":\"https:\\\/\\\/cheliastore.dz\\\/#organization\"},\"potentialAction\":[{\"@type\":\"SearchAction\",\"target\":{\"@type\":\"EntryPoint\",\"urlTemplate\":\"https:\\\/\\\/cheliastore.dz\\\/?s={search_term_string}\"},\"query-input\":{\"@type\":\"PropertyValueSpecification\",\"valueRequired\":true,\"valueName\":\"search_term_string\"}}],\"inLanguage\":\"ar\"},{\"@type\":\"Organization\",\"@id\":\"https:\\\/\\\/cheliastore.dz\\\/#organization\",\"name\":\"Chelia Store\",\"url\":\"https:\\\/\\\/cheliastore.dz\\\/\",\"logo\":{\"@type\":\"ImageObject\",\"inLanguage\":\"ar\",\"@id\":\"https:\\\/\\\/cheliastore.dz\\\/#\\\/schema\\\/logo\\\/image\\\/\",\"url\":\"https:\\\/\\\/cheliastore.dz\\\/wp-content\\\/uploads\\\/2022\\\/01\\\/logo-final-250.png\",\"contentUrl\":\"https:\\\/\\\/cheliastore.dz\\\/wp-content\\\/uploads\\\/2022\\\/01\\\/logo-final-250.png\",\"width\":250,\"height\":78,\"caption\":\"Chelia Store\"},\"image\":{\"@id\":\"https:\\\/\\\/cheliastore.dz\\\/#\\\/schema\\\/logo\\\/image\\\/\"},\"sameAs\":[\"https:\\\/\\\/web.facebook.com\\\/cheliastore\",\"https:\\\/\\\/www.instagram.com\\\/quincaillerie.chelia\\\/\"]}]}<\/script>\n<!-- \/ Yoast SEO Premium plugin. -->","yoast_head_json":{"title":"Manchon r\u00e9duit 75\/50 PEHD - CHELIA STORE","description":"Manchon r\u00e9duit 75 50 PEHD est un type de raccord utilise pour joindre des tuyaux en PEHD. il a \u00e9t\u00e9 n\u00e9cessaire de d\u00e9velopper des raccords plastiques","robots":{"index":"index","follow":"follow","max-snippet":"max-snippet:-1","max-image-preview":"max-image-preview:large","max-video-preview":"max-video-preview:-1"},"canonical":"https:\/\/cheliastore.dz\/product\/manchon-reduit-75-x-50-pehd\/","og_locale":"ar_AR","og_type":"article","og_title":"Manchon r\u00e9duit 75\/50 PEHD","og_description":"Manchon r\u00e9duit 75 50 PEHD est un type de raccord utilise pour joindre des tuyaux en PEHD. il a \u00e9t\u00e9 n\u00e9cessaire de d\u00e9velopper des raccords plastiques","og_url":"https:\/\/cheliastore.dz\/product\/manchon-reduit-75-x-50-pehd\/","og_site_name":"CHELIA STORE","article_publisher":"https:\/\/web.facebook.com\/cheliastore","article_modified_time":"2026-01-11T03:12:07+00:00","og_image":[{"width":1000,"height":1000,"url":"https:\/\/cheliastore.dz\/wp-content\/uploads\/2022\/02\/IMG_7307.jpg","type":"image\/jpeg"}],"twitter_card":"summary_large_image","twitter_misc":{"\u0648\u0642\u062a \u0627\u0644\u0642\u0631\u0627\u0621\u0629 \u0627\u0644\u0645\u064f\u0642\u062f\u0651\u0631":"1 \u062f\u0642\u064a\u0642\u0629"},"schema":{"@context":"https:\/\/schema.org","@graph":[{"@type":"WebPage","@id":"https:\/\/cheliastore.dz\/product\/manchon-reduit-75-x-50-pehd\/","url":"https:\/\/cheliastore.dz\/product\/manchon-reduit-75-x-50-pehd\/","name":"Manchon r\u00e9duit 75\/50 PEHD - CHELIA STORE","isPartOf":{"@id":"https:\/\/cheliastore.dz\/#website"},"primaryImageOfPage":{"@id":"https:\/\/cheliastore.dz\/product\/manchon-reduit-75-x-50-pehd\/#primaryimage"},"image":{"@id":"https:\/\/cheliastore.dz\/product\/manchon-reduit-75-x-50-pehd\/#primaryimage"},"thumbnailUrl":"https:\/\/cheliastore.dz\/wp-content\/uploads\/2022\/02\/IMG_7307.jpg","datePublished":"2022-02-14T15:12:18+00:00","dateModified":"2026-01-11T03:12:07+00:00","description":"Manchon r\u00e9duit 75 50 PEHD est un type de raccord utilise pour joindre des tuyaux en PEHD. il a \u00e9t\u00e9 n\u00e9cessaire de d\u00e9velopper des raccords plastiques","breadcrumb":{"@id":"https:\/\/cheliastore.dz\/product\/manchon-reduit-75-x-50-pehd\/#breadcrumb"},"inLanguage":"ar","potentialAction":[{"@type":"ReadAction","target":["https:\/\/cheliastore.dz\/product\/manchon-reduit-75-x-50-pehd\/"]}]},{"@type":"ImageObject","inLanguage":"ar","@id":"https:\/\/cheliastore.dz\/product\/manchon-reduit-75-x-50-pehd\/#primaryimage","url":"https:\/\/cheliastore.dz\/wp-content\/uploads\/2022\/02\/IMG_7307.jpg","contentUrl":"https:\/\/cheliastore.dz\/wp-content\/uploads\/2022\/02\/IMG_7307.jpg","width":1000,"height":1000,"caption":"Manchon r\u00e9duit 75*50 PEHD"},{"@type":"BreadcrumbList","@id":"https:\/\/cheliastore.dz\/product\/manchon-reduit-75-x-50-pehd\/#breadcrumb","itemListElement":[{"@type":"ListItem","position":1,"name":"\u0627\u0644\u0631\u0626\u064a\u0633\u064a\u0629","item":"https:\/\/cheliastore.dz\/ar\/"},{"@type":"ListItem","position":2,"name":"Boutique","item":"https:\/\/cheliastore.dz\/ar\/shop\/"},{"@type":"ListItem","position":3,"name":"Manchon r\u00e9duit 75\/50 PEHD"}]},{"@type":"WebSite","@id":"https:\/\/cheliastore.dz\/#website","url":"https:\/\/cheliastore.dz\/","name":"CHELIA STORE","description":"CHELIA STORE","publisher":{"@id":"https:\/\/cheliastore.dz\/#organization"},"potentialAction":[{"@type":"SearchAction","target":{"@type":"EntryPoint","urlTemplate":"https:\/\/cheliastore.dz\/?s={search_term_string}"},"query-input":{"@type":"PropertyValueSpecification","valueRequired":true,"valueName":"search_term_string"}}],"inLanguage":"ar"},{"@type":"Organization","@id":"https:\/\/cheliastore.dz\/#organization","name":"Chelia Store","url":"https:\/\/cheliastore.dz\/","logo":{"@type":"ImageObject","inLanguage":"ar","@id":"https:\/\/cheliastore.dz\/#\/schema\/logo\/image\/","url":"https:\/\/cheliastore.dz\/wp-content\/uploads\/2022\/01\/logo-final-250.png","contentUrl":"https:\/\/cheliastore.dz\/wp-content\/uploads\/2022\/01\/logo-final-250.png","width":250,"height":78,"caption":"Chelia Store"},"image":{"@id":"https:\/\/cheliastore.dz\/#\/schema\/logo\/image\/"},"sameAs":["https:\/\/web.facebook.com\/cheliastore","https:\/\/www.instagram.com\/quincaillerie.chelia\/"]}]}},"_links":{"self":[{"href":"https:\/\/cheliastore.dz\/ar\/wp-json\/wp\/v2\/product\/13751","targetHints":{"allow":["GET"]}}],"collection":[{"href":"https:\/\/cheliastore.dz\/ar\/wp-json\/wp\/v2\/product"}],"about":[{"href":"https:\/\/cheliastore.dz\/ar\/wp-json\/wp\/v2\/types\/product"}],"replies":[{"embeddable":true,"href":"https:\/\/cheliastore.dz\/ar\/wp-json\/wp\/v2\/comments?post=13751"}],"version-history":[{"count":1,"href":"https:\/\/cheliastore.dz\/ar\/wp-json\/wp\/v2\/product\/13751\/revisions"}],"predecessor-version":[{"id":57519,"href":"https:\/\/cheliastore.dz\/ar\/wp-json\/wp\/v2\/product\/13751\/revisions\/57519"}],"wp:featuredmedia":[{"embeddable":true,"href":"https:\/\/cheliastore.dz\/ar\/wp-json\/wp\/v2\/media\/13752"}],"wp:attachment":[{"href":"https:\/\/cheliastore.dz\/ar\/wp-json\/wp\/v2\/media?parent=13751"}],"wp:term":[{"taxonomy":"product_brand","embeddable":true,"href":"https:\/\/cheliastore.dz\/ar\/wp-json\/wp\/v2\/product_brand?post=13751"},{"taxonomy":"product_cat","embeddable":true,"href":"https:\/\/cheliastore.dz\/ar\/wp-json\/wp\/v2\/product_cat?post=13751"},{"taxonomy":"product_tag","embeddable":true,"href":"https:\/\/cheliastore.dz\/ar\/wp-json\/wp\/v2\/product_tag?post=13751"}],"curies":[{"name":"wp","href":"https:\/\/api.w.org\/{rel}","templated":true}]}}