{"id":12257,"date":"2022-01-09T14:30:53","date_gmt":"2022-01-09T14:30:53","guid":{"rendered":"https:\/\/cheliastore.com\/?post_type=product&#038;p=12257"},"modified":"2026-01-11T03:17:44","modified_gmt":"2026-01-11T03:17:44","slug":"raccord-mixte-20-15-bronze-slr","status":"publish","type":"product","link":"https:\/\/cheliastore.dz\/ar\/product\/raccord-mixte-20-15-bronze-slr\/","title":{"rendered":"Raccord mixte 20\/15 bronze SLR"},"content":{"rendered":"<h1>Raccord mixte 20\/15 bronze SLR<\/h1>\n<p>Raccord mixte 20\/15 bronze SLR est un composant utilis\u00e9 dans les syst\u00e8mes de plomberie pour leur r\u00e9sistance \u00e0 la corrosion et leur durabilit\u00e9. Parmi les pi\u00e8ces de plomberie en bronze couramment utilis\u00e9e.<\/p>\n<h5><strong>Les Avantages:\u00a0<\/strong><\/h5>\n<ul>\n<li>\u00a0Durabilit\u00e9 : Le bronze est un mat\u00e9riau tr\u00e8s durable et r\u00e9sistant \u00e0 la corrosion, ce qui en fait un choix id\u00e9al pour les pi\u00e8ces de plomberie. Il est moins susceptible de se corroder ou de se d\u00e9t\u00e9riorer avec le temps, ce qui garantit une plus longue dur\u00e9e de vie.<\/li>\n<li>R\u00e9sistance \u00e0 la chaleur et \u00e0 la pression : Le bronze supporte bien les temp\u00e9ratures \u00e9lev\u00e9es et la pression, ce qui en fait un mat\u00e9riau appropri\u00e9 pour les syst\u00e8mes de plomberie qui sont soumis \u00e0 ces contraintes.<\/li>\n<li>\u00a0Facilit\u00e9 d&#8217;installation : Les pi\u00e8ces en bronze sont faciles \u00e0 installer, car elles sont g\u00e9n\u00e9ralement con\u00e7ues pour s&#8217;adapter aux normes de plomberie courantes. Elles sont \u00e9galement souvent disponibles dans une large gamme de tailles et de formes, ce qui facilite l&#8217;installation dans diff\u00e9rents types de syst\u00e8mes de plomberie.<\/li>\n<li>Esth\u00e9tique : Le bronze a une apparence attrayante et un fini lisse, ce qui en fait un choix populaire pour les pi\u00e8ces de plomberie. Il ajoute une touche d&#8217;\u00e9l\u00e9gance et de sophistication \u00e0 n&#8217;importe quelle salle de bains ou cuisine.<\/li>\n<li>Meilleure r\u00e9sistance aux chocs : Le bronze est plus r\u00e9sistant aux chocs et aux vibrations que certains autres mat\u00e9riaux de plomberie, ce qui minimise les risques de fuites ou de ruptures.<\/li>\n<li>\u00a0Moins de maintenance : Gr\u00e2ce \u00e0 sa durabilit\u00e9 et \u00e0 sa r\u00e9sistance \u00e0 la corrosion, le bronze n\u00e9cessite moins d&#8217;entretien et de maintenance r\u00e9guli\u00e8re par rapport \u00e0 d&#8217;autres mat\u00e9riaux de plomberie.<\/li>\n<\/ul>\n<p>pour plus d&#8217;informations veuillez visitez notre site <a href=\"http:\/\/www.cheliastore.com\">chelia<\/a><\/p>\n<p>et veuillez visitez aussi \u00a0<a href=\"http:\/\/et visitez aussi le site web\u00a0https:\/\/dz.linkedin.com\/company\/slr\">http:\/\/et visitez aussi le site web\u00a0https:\/\/dz.linkedin.com\/company\/slr<\/a><\/p>\n","protected":false},"excerpt":{"rendered":"<p>Raccord mixte 20\/15 bronze SLR<\/p>\n","protected":false},"featured_media":12960,"comment_status":"open","ping_status":"open","template":"","meta":{"_editorskit_title_hidden":false,"_editorskit_reading_time":0,"_editorskit_is_block_options_detached":false,"_editorskit_block_options_position":"{}"},"product_brand":[],"product_cat":[97,239],"product_tag":[],"class_list":{"0":"post-12257","1":"product","2":"type-product","3":"status-publish","4":"has-post-thumbnail","6":"product_cat-plomberie","7":"product_cat-piece-bronze","8":"product_shipping_class-livraison-58-wilayas","9":"pa_brand-slr","11":"first","12":"outofstock","13":"shipping-taxable","14":"purchasable","15":"product-type-simple"},"yoast_head":"<!-- This site is optimized with the Yoast SEO Premium plugin v25.4 (Yoast SEO v27.4) - https:\/\/yoast.com\/product\/yoast-seo-premium-wordpress\/ -->\n<title>Raccord mixte 20\/15 bronze SLR - CHELIA STORE<\/title>\n<meta name=\"description\" content=\"Raccord mixte 20\/15 bronze SLR est un composant utilis\u00e9 dans les syst\u00e8mes de plomberie pour leur r\u00e9sistance \u00e0 la corrosion et leur durabilit\u00e9.\" \/>\n<meta name=\"robots\" content=\"index, follow, max-snippet:-1, max-image-preview:large, max-video-preview:-1\" \/>\n<link rel=\"canonical\" href=\"https:\/\/cheliastore.dz\/product\/raccord-mixte-20-15-bronze-slr\/\" \/>\n<meta property=\"og:locale\" content=\"ar_AR\" \/>\n<meta property=\"og:type\" content=\"article\" \/>\n<meta property=\"og:title\" content=\"Raccord mixte 20\/15 bronze SLR\" \/>\n<meta property=\"og:description\" content=\"Raccord mixte 20\/15 bronze SLR est un composant utilis\u00e9 dans les syst\u00e8mes de plomberie pour leur r\u00e9sistance \u00e0 la corrosion et leur durabilit\u00e9.\" \/>\n<meta property=\"og:url\" content=\"https:\/\/cheliastore.dz\/product\/raccord-mixte-20-15-bronze-slr\/\" \/>\n<meta property=\"og:site_name\" content=\"CHELIA STORE\" \/>\n<meta property=\"article:publisher\" content=\"https:\/\/web.facebook.com\/cheliastore\" \/>\n<meta property=\"article:modified_time\" content=\"2026-01-11T03:17:44+00:00\" \/>\n<meta property=\"og:image\" content=\"https:\/\/cheliastore.dz\/wp-content\/uploads\/2022\/01\/IMG_3216-2.jpg\" \/>\n\t<meta property=\"og:image:width\" content=\"2000\" \/>\n\t<meta property=\"og:image:height\" content=\"2000\" \/>\n\t<meta property=\"og:image:type\" content=\"image\/jpeg\" \/>\n<meta name=\"twitter:card\" content=\"summary_large_image\" \/>\n<meta name=\"twitter:label1\" content=\"\u0648\u0642\u062a \u0627\u0644\u0642\u0631\u0627\u0621\u0629 \u0627\u0644\u0645\u064f\u0642\u062f\u0651\u0631\" \/>\n\t<meta name=\"twitter:data1\" content=\"\u062f\u0642\u064a\u0642\u062a\u0627\u0646\" \/>\n<script type=\"application\/ld+json\" class=\"yoast-schema-graph\">{\"@context\":\"https:\\\/\\\/schema.org\",\"@graph\":[{\"@type\":\"WebPage\",\"@id\":\"https:\\\/\\\/cheliastore.dz\\\/product\\\/raccord-mixte-20-15-bronze-slr\\\/\",\"url\":\"https:\\\/\\\/cheliastore.dz\\\/product\\\/raccord-mixte-20-15-bronze-slr\\\/\",\"name\":\"Raccord mixte 20\\\/15 bronze SLR - CHELIA STORE\",\"isPartOf\":{\"@id\":\"https:\\\/\\\/cheliastore.dz\\\/#website\"},\"primaryImageOfPage\":{\"@id\":\"https:\\\/\\\/cheliastore.dz\\\/product\\\/raccord-mixte-20-15-bronze-slr\\\/#primaryimage\"},\"image\":{\"@id\":\"https:\\\/\\\/cheliastore.dz\\\/product\\\/raccord-mixte-20-15-bronze-slr\\\/#primaryimage\"},\"thumbnailUrl\":\"https:\\\/\\\/cheliastore.dz\\\/wp-content\\\/uploads\\\/2022\\\/01\\\/IMG_3216-2.jpg\",\"datePublished\":\"2022-01-09T14:30:53+00:00\",\"dateModified\":\"2026-01-11T03:17:44+00:00\",\"description\":\"Raccord mixte 20\\\/15 bronze SLR est un composant utilis\u00e9 dans les syst\u00e8mes de plomberie pour leur r\u00e9sistance \u00e0 la corrosion et leur durabilit\u00e9.\",\"breadcrumb\":{\"@id\":\"https:\\\/\\\/cheliastore.dz\\\/product\\\/raccord-mixte-20-15-bronze-slr\\\/#breadcrumb\"},\"inLanguage\":\"ar\",\"potentialAction\":[{\"@type\":\"ReadAction\",\"target\":[\"https:\\\/\\\/cheliastore.dz\\\/product\\\/raccord-mixte-20-15-bronze-slr\\\/\"]}]},{\"@type\":\"ImageObject\",\"inLanguage\":\"ar\",\"@id\":\"https:\\\/\\\/cheliastore.dz\\\/product\\\/raccord-mixte-20-15-bronze-slr\\\/#primaryimage\",\"url\":\"https:\\\/\\\/cheliastore.dz\\\/wp-content\\\/uploads\\\/2022\\\/01\\\/IMG_3216-2.jpg\",\"contentUrl\":\"https:\\\/\\\/cheliastore.dz\\\/wp-content\\\/uploads\\\/2022\\\/01\\\/IMG_3216-2.jpg\",\"width\":2000,\"height\":2000,\"caption\":\"Raccord mixte 20\\\/15 bronze SLR\"},{\"@type\":\"BreadcrumbList\",\"@id\":\"https:\\\/\\\/cheliastore.dz\\\/product\\\/raccord-mixte-20-15-bronze-slr\\\/#breadcrumb\",\"itemListElement\":[{\"@type\":\"ListItem\",\"position\":1,\"name\":\"\u0627\u0644\u0631\u0626\u064a\u0633\u064a\u0629\",\"item\":\"https:\\\/\\\/cheliastore.dz\\\/ar\\\/\"},{\"@type\":\"ListItem\",\"position\":2,\"name\":\"Boutique\",\"item\":\"https:\\\/\\\/cheliastore.dz\\\/ar\\\/shop\\\/\"},{\"@type\":\"ListItem\",\"position\":3,\"name\":\"Raccord mixte 20\\\/15 bronze SLR\"}]},{\"@type\":\"WebSite\",\"@id\":\"https:\\\/\\\/cheliastore.dz\\\/#website\",\"url\":\"https:\\\/\\\/cheliastore.dz\\\/\",\"name\":\"CHELIA STORE\",\"description\":\"CHELIA STORE\",\"publisher\":{\"@id\":\"https:\\\/\\\/cheliastore.dz\\\/#organization\"},\"potentialAction\":[{\"@type\":\"SearchAction\",\"target\":{\"@type\":\"EntryPoint\",\"urlTemplate\":\"https:\\\/\\\/cheliastore.dz\\\/?s={search_term_string}\"},\"query-input\":{\"@type\":\"PropertyValueSpecification\",\"valueRequired\":true,\"valueName\":\"search_term_string\"}}],\"inLanguage\":\"ar\"},{\"@type\":\"Organization\",\"@id\":\"https:\\\/\\\/cheliastore.dz\\\/#organization\",\"name\":\"Chelia Store\",\"url\":\"https:\\\/\\\/cheliastore.dz\\\/\",\"logo\":{\"@type\":\"ImageObject\",\"inLanguage\":\"ar\",\"@id\":\"https:\\\/\\\/cheliastore.dz\\\/#\\\/schema\\\/logo\\\/image\\\/\",\"url\":\"https:\\\/\\\/cheliastore.dz\\\/wp-content\\\/uploads\\\/2022\\\/01\\\/logo-final-250.png\",\"contentUrl\":\"https:\\\/\\\/cheliastore.dz\\\/wp-content\\\/uploads\\\/2022\\\/01\\\/logo-final-250.png\",\"width\":250,\"height\":78,\"caption\":\"Chelia Store\"},\"image\":{\"@id\":\"https:\\\/\\\/cheliastore.dz\\\/#\\\/schema\\\/logo\\\/image\\\/\"},\"sameAs\":[\"https:\\\/\\\/web.facebook.com\\\/cheliastore\",\"https:\\\/\\\/www.instagram.com\\\/quincaillerie.chelia\\\/\"]}]}<\/script>\n<!-- \/ Yoast SEO Premium plugin. -->","yoast_head_json":{"title":"Raccord mixte 20\/15 bronze SLR - CHELIA STORE","description":"Raccord mixte 20\/15 bronze SLR est un composant utilis\u00e9 dans les syst\u00e8mes de plomberie pour leur r\u00e9sistance \u00e0 la corrosion et leur durabilit\u00e9.","robots":{"index":"index","follow":"follow","max-snippet":"max-snippet:-1","max-image-preview":"max-image-preview:large","max-video-preview":"max-video-preview:-1"},"canonical":"https:\/\/cheliastore.dz\/product\/raccord-mixte-20-15-bronze-slr\/","og_locale":"ar_AR","og_type":"article","og_title":"Raccord mixte 20\/15 bronze SLR","og_description":"Raccord mixte 20\/15 bronze SLR est un composant utilis\u00e9 dans les syst\u00e8mes de plomberie pour leur r\u00e9sistance \u00e0 la corrosion et leur durabilit\u00e9.","og_url":"https:\/\/cheliastore.dz\/product\/raccord-mixte-20-15-bronze-slr\/","og_site_name":"CHELIA STORE","article_publisher":"https:\/\/web.facebook.com\/cheliastore","article_modified_time":"2026-01-11T03:17:44+00:00","og_image":[{"width":2000,"height":2000,"url":"https:\/\/cheliastore.dz\/wp-content\/uploads\/2022\/01\/IMG_3216-2.jpg","type":"image\/jpeg"}],"twitter_card":"summary_large_image","twitter_misc":{"\u0648\u0642\u062a \u0627\u0644\u0642\u0631\u0627\u0621\u0629 \u0627\u0644\u0645\u064f\u0642\u062f\u0651\u0631":"\u062f\u0642\u064a\u0642\u062a\u0627\u0646"},"schema":{"@context":"https:\/\/schema.org","@graph":[{"@type":"WebPage","@id":"https:\/\/cheliastore.dz\/product\/raccord-mixte-20-15-bronze-slr\/","url":"https:\/\/cheliastore.dz\/product\/raccord-mixte-20-15-bronze-slr\/","name":"Raccord mixte 20\/15 bronze SLR - CHELIA STORE","isPartOf":{"@id":"https:\/\/cheliastore.dz\/#website"},"primaryImageOfPage":{"@id":"https:\/\/cheliastore.dz\/product\/raccord-mixte-20-15-bronze-slr\/#primaryimage"},"image":{"@id":"https:\/\/cheliastore.dz\/product\/raccord-mixte-20-15-bronze-slr\/#primaryimage"},"thumbnailUrl":"https:\/\/cheliastore.dz\/wp-content\/uploads\/2022\/01\/IMG_3216-2.jpg","datePublished":"2022-01-09T14:30:53+00:00","dateModified":"2026-01-11T03:17:44+00:00","description":"Raccord mixte 20\/15 bronze SLR est un composant utilis\u00e9 dans les syst\u00e8mes de plomberie pour leur r\u00e9sistance \u00e0 la corrosion et leur durabilit\u00e9.","breadcrumb":{"@id":"https:\/\/cheliastore.dz\/product\/raccord-mixte-20-15-bronze-slr\/#breadcrumb"},"inLanguage":"ar","potentialAction":[{"@type":"ReadAction","target":["https:\/\/cheliastore.dz\/product\/raccord-mixte-20-15-bronze-slr\/"]}]},{"@type":"ImageObject","inLanguage":"ar","@id":"https:\/\/cheliastore.dz\/product\/raccord-mixte-20-15-bronze-slr\/#primaryimage","url":"https:\/\/cheliastore.dz\/wp-content\/uploads\/2022\/01\/IMG_3216-2.jpg","contentUrl":"https:\/\/cheliastore.dz\/wp-content\/uploads\/2022\/01\/IMG_3216-2.jpg","width":2000,"height":2000,"caption":"Raccord mixte 20\/15 bronze SLR"},{"@type":"BreadcrumbList","@id":"https:\/\/cheliastore.dz\/product\/raccord-mixte-20-15-bronze-slr\/#breadcrumb","itemListElement":[{"@type":"ListItem","position":1,"name":"\u0627\u0644\u0631\u0626\u064a\u0633\u064a\u0629","item":"https:\/\/cheliastore.dz\/ar\/"},{"@type":"ListItem","position":2,"name":"Boutique","item":"https:\/\/cheliastore.dz\/ar\/shop\/"},{"@type":"ListItem","position":3,"name":"Raccord mixte 20\/15 bronze SLR"}]},{"@type":"WebSite","@id":"https:\/\/cheliastore.dz\/#website","url":"https:\/\/cheliastore.dz\/","name":"CHELIA STORE","description":"CHELIA STORE","publisher":{"@id":"https:\/\/cheliastore.dz\/#organization"},"potentialAction":[{"@type":"SearchAction","target":{"@type":"EntryPoint","urlTemplate":"https:\/\/cheliastore.dz\/?s={search_term_string}"},"query-input":{"@type":"PropertyValueSpecification","valueRequired":true,"valueName":"search_term_string"}}],"inLanguage":"ar"},{"@type":"Organization","@id":"https:\/\/cheliastore.dz\/#organization","name":"Chelia Store","url":"https:\/\/cheliastore.dz\/","logo":{"@type":"ImageObject","inLanguage":"ar","@id":"https:\/\/cheliastore.dz\/#\/schema\/logo\/image\/","url":"https:\/\/cheliastore.dz\/wp-content\/uploads\/2022\/01\/logo-final-250.png","contentUrl":"https:\/\/cheliastore.dz\/wp-content\/uploads\/2022\/01\/logo-final-250.png","width":250,"height":78,"caption":"Chelia Store"},"image":{"@id":"https:\/\/cheliastore.dz\/#\/schema\/logo\/image\/"},"sameAs":["https:\/\/web.facebook.com\/cheliastore","https:\/\/www.instagram.com\/quincaillerie.chelia\/"]}]}},"_links":{"self":[{"href":"https:\/\/cheliastore.dz\/ar\/wp-json\/wp\/v2\/product\/12257","targetHints":{"allow":["GET"]}}],"collection":[{"href":"https:\/\/cheliastore.dz\/ar\/wp-json\/wp\/v2\/product"}],"about":[{"href":"https:\/\/cheliastore.dz\/ar\/wp-json\/wp\/v2\/types\/product"}],"replies":[{"embeddable":true,"href":"https:\/\/cheliastore.dz\/ar\/wp-json\/wp\/v2\/comments?post=12257"}],"version-history":[{"count":1,"href":"https:\/\/cheliastore.dz\/ar\/wp-json\/wp\/v2\/product\/12257\/revisions"}],"predecessor-version":[{"id":57913,"href":"https:\/\/cheliastore.dz\/ar\/wp-json\/wp\/v2\/product\/12257\/revisions\/57913"}],"wp:featuredmedia":[{"embeddable":true,"href":"https:\/\/cheliastore.dz\/ar\/wp-json\/wp\/v2\/media\/12960"}],"wp:attachment":[{"href":"https:\/\/cheliastore.dz\/ar\/wp-json\/wp\/v2\/media?parent=12257"}],"wp:term":[{"taxonomy":"product_brand","embeddable":true,"href":"https:\/\/cheliastore.dz\/ar\/wp-json\/wp\/v2\/product_brand?post=12257"},{"taxonomy":"product_cat","embeddable":true,"href":"https:\/\/cheliastore.dz\/ar\/wp-json\/wp\/v2\/product_cat?post=12257"},{"taxonomy":"product_tag","embeddable":true,"href":"https:\/\/cheliastore.dz\/ar\/wp-json\/wp\/v2\/product_tag?post=12257"}],"curies":[{"name":"wp","href":"https:\/\/api.w.org\/{rel}","templated":true}]}}