{"id":11509,"date":"2022-01-08T09:13:24","date_gmt":"2022-01-08T09:13:24","guid":{"rendered":"https:\/\/cheliastore.com\/?post_type=product&#038;p=11509"},"modified":"2026-01-11T03:05:04","modified_gmt":"2026-01-11T03:05:04","slug":"manchon-32-visser-tiemme","status":"publish","type":"product","link":"https:\/\/cheliastore.dz\/ar\/product\/manchon-32-visser-tiemme\/","title":{"rendered":"Manchon 32 \u00e0 visser TIEMME"},"content":{"rendered":"<h1>Manchon 32 \u00e0 visser TIEMME<\/h1>\n<p>Manchon 32 \u00e0 visser TIEMME sont choix de qualit\u00e9 pour toutes vos installations multicouche en apparent comme en encastr\u00e9. fiable et robuste<\/p>\n<p><strong>Les Avantages :<\/strong><\/p>\n<ul>\n<li>La gamme de produits Tiemme, un des plus gros fabriquant de raccords en Italie propose une gamme de produits pro \u00e0 des prix discount. La qualit\u00e9 \u00e0 petit prix. Ces produits sont tr\u00e8s utilis\u00e9s dans le monde du pro.<\/li>\n<li>Le sertissage des raccords est un \u00e9norme gain de temps de pose sur les chantiers par rapport \u00e0 la soudure des raccords cuivre. De plus, gr\u00e2ce \u00e0 un manchon inoxydable et un corps en laiton, ces raccords \u00e0 sertir sont parfaitement fiables et r\u00e9sistants dans le temps.<\/li>\n<li>Les raccords Tiemme repr\u00e9sentent\u00a0<span class=\"bold-weight\">un des meilleurs rapport qualit\u00e9 prix du march\u00e9<\/span>.<\/li>\n<li>Leur r\u00e9sistance \u00e0 la pression et aux temp\u00e9ratures hautes (<span class=\"bold-weight\">90\u00b0C en permanence, 110\u00b0C en pointe<\/span>) fait qu&#8217;ils peuvent tr\u00e8s bien \u00eatre utilis\u00e9s \u00e0 la fois en chauffage, en climatisation ou en plomberie sanitaire.<\/li>\n<li>Les tubes Tiemme en PE-Xb sont parfaits pour une utilisation sanitaire, chauffage basse et haute temp\u00e9rature.La dur\u00e9e de vie de ces produits est pratiquement la m\u00eame quelle que soit la marque. Vous pourrez aussi retrouver pour certains de ces produits un fichier PDF \u00e0 t\u00e9l\u00e9charger pour comprendre au mieux leur fonctionnement.<\/li>\n<\/ul>\n<p>Pour plus d&#8217;informations visitez le site officiel <a href=\"https:\/\/www.tiemme.com\/\">tiemme<\/a><\/p>\n<p>et visitez notre site web <a href=\"http:\/\/www.cheliastore.com\">chelia<\/a><\/p>\n","protected":false},"excerpt":{"rendered":"<p>Manchon 32 \u00e0 visser TIEMME<\/p>\n","protected":false},"featured_media":12957,"comment_status":"open","ping_status":"open","template":"","meta":{"_editorskit_title_hidden":false,"_editorskit_reading_time":0,"_editorskit_is_block_options_detached":false,"_editorskit_block_options_position":"{}"},"product_brand":[],"product_cat":[97,109],"product_tag":[],"class_list":{"0":"post-11509","1":"product","2":"type-product","3":"status-publish","4":"has-post-thumbnail","6":"product_cat-plomberie","7":"product_cat-raccordement-multicouche","8":"product_shipping_class-livraison-58-wilayas","9":"pa_brand-tiemme","11":"first","12":"instock","13":"shipping-taxable","14":"purchasable","15":"product-type-simple"},"yoast_head":"<!-- This site is optimized with the Yoast SEO Premium plugin v25.4 (Yoast SEO v27.3) - https:\/\/yoast.com\/product\/yoast-seo-premium-wordpress\/ -->\n<title>Manchon 32 \u00e0 visser TIEMME - CHELIA STORE<\/title>\n<meta name=\"description\" content=\"Manchon 32 \u00e0 visser TIEMME sont choix de qualit\u00e9 pour toutes vos installations multicouche en apparent comme en encastr\u00e9. fiable et robuste\" \/>\n<meta name=\"robots\" content=\"index, follow, max-snippet:-1, max-image-preview:large, max-video-preview:-1\" \/>\n<link rel=\"canonical\" href=\"https:\/\/cheliastore.dz\/product\/manchon-32-visser-tiemme\/\" \/>\n<meta property=\"og:locale\" content=\"ar_AR\" \/>\n<meta property=\"og:type\" content=\"article\" \/>\n<meta property=\"og:title\" content=\"Manchon 32 \u00e0 visser TIEMME\" \/>\n<meta property=\"og:description\" content=\"Manchon 32 \u00e0 visser TIEMME sont choix de qualit\u00e9 pour toutes vos installations multicouche en apparent comme en encastr\u00e9. fiable et robuste\" \/>\n<meta property=\"og:url\" content=\"https:\/\/cheliastore.dz\/product\/manchon-32-visser-tiemme\/\" \/>\n<meta property=\"og:site_name\" content=\"CHELIA STORE\" \/>\n<meta property=\"article:publisher\" content=\"https:\/\/web.facebook.com\/cheliastore\" \/>\n<meta property=\"article:modified_time\" content=\"2026-01-11T03:05:04+00:00\" \/>\n<meta property=\"og:image\" content=\"https:\/\/cheliastore.dz\/wp-content\/uploads\/2022\/01\/IMG_2741.jpg\" \/>\n\t<meta property=\"og:image:width\" content=\"1000\" \/>\n\t<meta property=\"og:image:height\" content=\"1000\" \/>\n\t<meta property=\"og:image:type\" content=\"image\/jpeg\" \/>\n<meta name=\"twitter:card\" content=\"summary_large_image\" \/>\n<meta name=\"twitter:label1\" content=\"\u0648\u0642\u062a \u0627\u0644\u0642\u0631\u0627\u0621\u0629 \u0627\u0644\u0645\u064f\u0642\u062f\u0651\u0631\" \/>\n\t<meta name=\"twitter:data1\" content=\"1 \u062f\u0642\u064a\u0642\u0629\" \/>\n<script type=\"application\/ld+json\" class=\"yoast-schema-graph\">{\"@context\":\"https:\\\/\\\/schema.org\",\"@graph\":[{\"@type\":\"WebPage\",\"@id\":\"https:\\\/\\\/cheliastore.dz\\\/product\\\/manchon-32-visser-tiemme\\\/\",\"url\":\"https:\\\/\\\/cheliastore.dz\\\/product\\\/manchon-32-visser-tiemme\\\/\",\"name\":\"Manchon 32 \u00e0 visser TIEMME - CHELIA STORE\",\"isPartOf\":{\"@id\":\"https:\\\/\\\/cheliastore.dz\\\/#website\"},\"primaryImageOfPage\":{\"@id\":\"https:\\\/\\\/cheliastore.dz\\\/product\\\/manchon-32-visser-tiemme\\\/#primaryimage\"},\"image\":{\"@id\":\"https:\\\/\\\/cheliastore.dz\\\/product\\\/manchon-32-visser-tiemme\\\/#primaryimage\"},\"thumbnailUrl\":\"https:\\\/\\\/cheliastore.dz\\\/wp-content\\\/uploads\\\/2022\\\/01\\\/IMG_2741.jpg\",\"datePublished\":\"2022-01-08T09:13:24+00:00\",\"dateModified\":\"2026-01-11T03:05:04+00:00\",\"description\":\"Manchon 32 \u00e0 visser TIEMME sont choix de qualit\u00e9 pour toutes vos installations multicouche en apparent comme en encastr\u00e9. fiable et robuste\",\"breadcrumb\":{\"@id\":\"https:\\\/\\\/cheliastore.dz\\\/product\\\/manchon-32-visser-tiemme\\\/#breadcrumb\"},\"inLanguage\":\"ar\",\"potentialAction\":[{\"@type\":\"ReadAction\",\"target\":[\"https:\\\/\\\/cheliastore.dz\\\/product\\\/manchon-32-visser-tiemme\\\/\"]}]},{\"@type\":\"ImageObject\",\"inLanguage\":\"ar\",\"@id\":\"https:\\\/\\\/cheliastore.dz\\\/product\\\/manchon-32-visser-tiemme\\\/#primaryimage\",\"url\":\"https:\\\/\\\/cheliastore.dz\\\/wp-content\\\/uploads\\\/2022\\\/01\\\/IMG_2741.jpg\",\"contentUrl\":\"https:\\\/\\\/cheliastore.dz\\\/wp-content\\\/uploads\\\/2022\\\/01\\\/IMG_2741.jpg\",\"width\":1000,\"height\":1000,\"caption\":\"Manchon 26 \u00e0 visser TIEMME\"},{\"@type\":\"BreadcrumbList\",\"@id\":\"https:\\\/\\\/cheliastore.dz\\\/product\\\/manchon-32-visser-tiemme\\\/#breadcrumb\",\"itemListElement\":[{\"@type\":\"ListItem\",\"position\":1,\"name\":\"\u0627\u0644\u0631\u0626\u064a\u0633\u064a\u0629\",\"item\":\"https:\\\/\\\/cheliastore.dz\\\/ar\\\/\"},{\"@type\":\"ListItem\",\"position\":2,\"name\":\"Boutique\",\"item\":\"https:\\\/\\\/cheliastore.dz\\\/ar\\\/shop\\\/\"},{\"@type\":\"ListItem\",\"position\":3,\"name\":\"Manchon 32 \u00e0 visser TIEMME\"}]},{\"@type\":\"WebSite\",\"@id\":\"https:\\\/\\\/cheliastore.dz\\\/#website\",\"url\":\"https:\\\/\\\/cheliastore.dz\\\/\",\"name\":\"CHELIA STORE\",\"description\":\"CHELIA STORE\",\"publisher\":{\"@id\":\"https:\\\/\\\/cheliastore.dz\\\/#organization\"},\"potentialAction\":[{\"@type\":\"SearchAction\",\"target\":{\"@type\":\"EntryPoint\",\"urlTemplate\":\"https:\\\/\\\/cheliastore.dz\\\/?s={search_term_string}\"},\"query-input\":{\"@type\":\"PropertyValueSpecification\",\"valueRequired\":true,\"valueName\":\"search_term_string\"}}],\"inLanguage\":\"ar\"},{\"@type\":\"Organization\",\"@id\":\"https:\\\/\\\/cheliastore.dz\\\/#organization\",\"name\":\"Chelia Store\",\"url\":\"https:\\\/\\\/cheliastore.dz\\\/\",\"logo\":{\"@type\":\"ImageObject\",\"inLanguage\":\"ar\",\"@id\":\"https:\\\/\\\/cheliastore.dz\\\/#\\\/schema\\\/logo\\\/image\\\/\",\"url\":\"https:\\\/\\\/cheliastore.dz\\\/wp-content\\\/uploads\\\/2022\\\/01\\\/logo-final-250.png\",\"contentUrl\":\"https:\\\/\\\/cheliastore.dz\\\/wp-content\\\/uploads\\\/2022\\\/01\\\/logo-final-250.png\",\"width\":250,\"height\":78,\"caption\":\"Chelia Store\"},\"image\":{\"@id\":\"https:\\\/\\\/cheliastore.dz\\\/#\\\/schema\\\/logo\\\/image\\\/\"},\"sameAs\":[\"https:\\\/\\\/web.facebook.com\\\/cheliastore\",\"https:\\\/\\\/www.instagram.com\\\/quincaillerie.chelia\\\/\"]}]}<\/script>\n<!-- \/ Yoast SEO Premium plugin. -->","yoast_head_json":{"title":"Manchon 32 \u00e0 visser TIEMME - CHELIA STORE","description":"Manchon 32 \u00e0 visser TIEMME sont choix de qualit\u00e9 pour toutes vos installations multicouche en apparent comme en encastr\u00e9. fiable et robuste","robots":{"index":"index","follow":"follow","max-snippet":"max-snippet:-1","max-image-preview":"max-image-preview:large","max-video-preview":"max-video-preview:-1"},"canonical":"https:\/\/cheliastore.dz\/product\/manchon-32-visser-tiemme\/","og_locale":"ar_AR","og_type":"article","og_title":"Manchon 32 \u00e0 visser TIEMME","og_description":"Manchon 32 \u00e0 visser TIEMME sont choix de qualit\u00e9 pour toutes vos installations multicouche en apparent comme en encastr\u00e9. fiable et robuste","og_url":"https:\/\/cheliastore.dz\/product\/manchon-32-visser-tiemme\/","og_site_name":"CHELIA STORE","article_publisher":"https:\/\/web.facebook.com\/cheliastore","article_modified_time":"2026-01-11T03:05:04+00:00","og_image":[{"width":1000,"height":1000,"url":"https:\/\/cheliastore.dz\/wp-content\/uploads\/2022\/01\/IMG_2741.jpg","type":"image\/jpeg"}],"twitter_card":"summary_large_image","twitter_misc":{"\u0648\u0642\u062a \u0627\u0644\u0642\u0631\u0627\u0621\u0629 \u0627\u0644\u0645\u064f\u0642\u062f\u0651\u0631":"1 \u062f\u0642\u064a\u0642\u0629"},"schema":{"@context":"https:\/\/schema.org","@graph":[{"@type":"WebPage","@id":"https:\/\/cheliastore.dz\/product\/manchon-32-visser-tiemme\/","url":"https:\/\/cheliastore.dz\/product\/manchon-32-visser-tiemme\/","name":"Manchon 32 \u00e0 visser TIEMME - CHELIA STORE","isPartOf":{"@id":"https:\/\/cheliastore.dz\/#website"},"primaryImageOfPage":{"@id":"https:\/\/cheliastore.dz\/product\/manchon-32-visser-tiemme\/#primaryimage"},"image":{"@id":"https:\/\/cheliastore.dz\/product\/manchon-32-visser-tiemme\/#primaryimage"},"thumbnailUrl":"https:\/\/cheliastore.dz\/wp-content\/uploads\/2022\/01\/IMG_2741.jpg","datePublished":"2022-01-08T09:13:24+00:00","dateModified":"2026-01-11T03:05:04+00:00","description":"Manchon 32 \u00e0 visser TIEMME sont choix de qualit\u00e9 pour toutes vos installations multicouche en apparent comme en encastr\u00e9. fiable et robuste","breadcrumb":{"@id":"https:\/\/cheliastore.dz\/product\/manchon-32-visser-tiemme\/#breadcrumb"},"inLanguage":"ar","potentialAction":[{"@type":"ReadAction","target":["https:\/\/cheliastore.dz\/product\/manchon-32-visser-tiemme\/"]}]},{"@type":"ImageObject","inLanguage":"ar","@id":"https:\/\/cheliastore.dz\/product\/manchon-32-visser-tiemme\/#primaryimage","url":"https:\/\/cheliastore.dz\/wp-content\/uploads\/2022\/01\/IMG_2741.jpg","contentUrl":"https:\/\/cheliastore.dz\/wp-content\/uploads\/2022\/01\/IMG_2741.jpg","width":1000,"height":1000,"caption":"Manchon 26 \u00e0 visser TIEMME"},{"@type":"BreadcrumbList","@id":"https:\/\/cheliastore.dz\/product\/manchon-32-visser-tiemme\/#breadcrumb","itemListElement":[{"@type":"ListItem","position":1,"name":"\u0627\u0644\u0631\u0626\u064a\u0633\u064a\u0629","item":"https:\/\/cheliastore.dz\/ar\/"},{"@type":"ListItem","position":2,"name":"Boutique","item":"https:\/\/cheliastore.dz\/ar\/shop\/"},{"@type":"ListItem","position":3,"name":"Manchon 32 \u00e0 visser TIEMME"}]},{"@type":"WebSite","@id":"https:\/\/cheliastore.dz\/#website","url":"https:\/\/cheliastore.dz\/","name":"CHELIA STORE","description":"CHELIA STORE","publisher":{"@id":"https:\/\/cheliastore.dz\/#organization"},"potentialAction":[{"@type":"SearchAction","target":{"@type":"EntryPoint","urlTemplate":"https:\/\/cheliastore.dz\/?s={search_term_string}"},"query-input":{"@type":"PropertyValueSpecification","valueRequired":true,"valueName":"search_term_string"}}],"inLanguage":"ar"},{"@type":"Organization","@id":"https:\/\/cheliastore.dz\/#organization","name":"Chelia Store","url":"https:\/\/cheliastore.dz\/","logo":{"@type":"ImageObject","inLanguage":"ar","@id":"https:\/\/cheliastore.dz\/#\/schema\/logo\/image\/","url":"https:\/\/cheliastore.dz\/wp-content\/uploads\/2022\/01\/logo-final-250.png","contentUrl":"https:\/\/cheliastore.dz\/wp-content\/uploads\/2022\/01\/logo-final-250.png","width":250,"height":78,"caption":"Chelia Store"},"image":{"@id":"https:\/\/cheliastore.dz\/#\/schema\/logo\/image\/"},"sameAs":["https:\/\/web.facebook.com\/cheliastore","https:\/\/www.instagram.com\/quincaillerie.chelia\/"]}]}},"_links":{"self":[{"href":"https:\/\/cheliastore.dz\/ar\/wp-json\/wp\/v2\/product\/11509","targetHints":{"allow":["GET"]}}],"collection":[{"href":"https:\/\/cheliastore.dz\/ar\/wp-json\/wp\/v2\/product"}],"about":[{"href":"https:\/\/cheliastore.dz\/ar\/wp-json\/wp\/v2\/types\/product"}],"replies":[{"embeddable":true,"href":"https:\/\/cheliastore.dz\/ar\/wp-json\/wp\/v2\/comments?post=11509"}],"version-history":[{"count":1,"href":"https:\/\/cheliastore.dz\/ar\/wp-json\/wp\/v2\/product\/11509\/revisions"}],"predecessor-version":[{"id":56990,"href":"https:\/\/cheliastore.dz\/ar\/wp-json\/wp\/v2\/product\/11509\/revisions\/56990"}],"wp:featuredmedia":[{"embeddable":true,"href":"https:\/\/cheliastore.dz\/ar\/wp-json\/wp\/v2\/media\/12957"}],"wp:attachment":[{"href":"https:\/\/cheliastore.dz\/ar\/wp-json\/wp\/v2\/media?parent=11509"}],"wp:term":[{"taxonomy":"product_brand","embeddable":true,"href":"https:\/\/cheliastore.dz\/ar\/wp-json\/wp\/v2\/product_brand?post=11509"},{"taxonomy":"product_cat","embeddable":true,"href":"https:\/\/cheliastore.dz\/ar\/wp-json\/wp\/v2\/product_cat?post=11509"},{"taxonomy":"product_tag","embeddable":true,"href":"https:\/\/cheliastore.dz\/ar\/wp-json\/wp\/v2\/product_tag?post=11509"}],"curies":[{"name":"wp","href":"https:\/\/api.w.org\/{rel}","templated":true}]}}