{"id":11443,"date":"2022-01-08T08:09:55","date_gmt":"2022-01-08T08:09:55","guid":{"rendered":"https:\/\/cheliastore.com\/?post_type=product&#038;p=11443"},"modified":"2026-01-11T03:09:54","modified_gmt":"2026-01-11T03:09:54","slug":"applique-patte-mal-16-3-4-visser-tiemme","status":"publish","type":"product","link":"https:\/\/cheliastore.dz\/ar\/product\/applique-patte-mal-16-3-4-visser-tiemme\/","title":{"rendered":"Applique patte mal 16 3\/4 visser SLR"},"content":{"rendered":"<h1>Applique patte mal 16 3\/4 visser SLR<\/h1>\n<p>Applique patte mal 16 3\/4 visser SLR sont choix de qualit\u00e9 pour toutes vos installations multicouche en apparent comme en encastr\u00e9. fiable et robuste<\/p>\n<ul class=\"a-unordered-list a-vertical a-spacing-none\">\n<li>Les savoirs faire de SLR, recouvrent les m\u00e9tiers de la m\u00e9canique, l\u2019usinage, la fonderie et le traitement de surface.D\u2019autre part, un contr\u00f4le de qualit\u00e9 est r\u00e9alis\u00e9 \u00e0 tous les niveaux de la production ; les tests en ateliers et contr\u00f4les garantissent la conformit\u00e9 des produits aux normes de qualit\u00e9 et de s\u00e9curit\u00e9 exig\u00e9es.Aujourd\u2019hui, SLR pr\u00e9sente sur le march\u00e9 plusieurs gammes de m\u00e9langeurs, mitigeurs et de robinetteries sanitaires ainsi qu\u2019une s\u00e9rie de robinets de gaz<\/li>\n<li>Depuis sa cr\u00e9ation, SLR a su b\u00e2tir jour apr\u00e8s jour des fondations solides pour assurer une qualit\u00e9 durable pour une client\u00e8le toujours plus s\u00e9lective et exigeante.Pour atteindre ses objectifs, SLR continue \u00e0 investir dans la formation de son personnel et dans le d\u00e9veloppement et la mise \u00e0 jour de son parc de machines performants associ\u00e9 \u00e0 un processus flexible pour mieux renforcer sa r\u00e9activit\u00e9 et optimiser sa production.<\/li>\n<li>SLR met un point d&#8217;honneur \u00e0 vous fournir un service irr\u00e9prochable.Notre objectif est de vous accompagner au mieux pour vos projets individuels en \u00e9tant pour vous un partenaire comp\u00e9tent et fiable. S\u00fbrs, robustes, durables et \u00e9l\u00e9gants : quelles que soient vos exigences en mati\u00e8re de robinet ou de douche, nous avons la solution dont vous avez besoin.<\/li>\n<\/ul>\n<ul>\n<li>veuillez vister notre site web <a href=\"http:\/\/www.cheliastore.com\">chelia<\/a>visitez aussi le site web \u00a0<a href=\"http:\/\/www.cheliastore.com\">cheliastore<\/a><a href=\"https:\/\/cheliastore.com\/wp-admin\/post.php?post=8983&amp;action=edit\">cheliastoreflr<\/a><\/li>\n<\/ul>\n","protected":false},"excerpt":{"rendered":"<p>Applique patte mal 16 3\/4 visser TIEMME<\/p>\n","protected":false},"featured_media":22240,"comment_status":"open","ping_status":"open","template":"","meta":{"_editorskit_title_hidden":false,"_editorskit_reading_time":0,"_editorskit_is_block_options_detached":false,"_editorskit_block_options_position":"{}"},"product_brand":[],"product_cat":[97,109],"product_tag":[],"class_list":{"0":"post-11443","1":"product","2":"type-product","3":"status-publish","4":"has-post-thumbnail","6":"product_cat-plomberie","7":"product_cat-raccordement-multicouche","8":"product_shipping_class-livraison-58-wilayas","9":"pa_brand-slr","11":"first","12":"instock","13":"shipping-taxable","14":"purchasable","15":"product-type-simple"},"yoast_head":"<!-- This site is optimized with the Yoast SEO Premium plugin v25.4 (Yoast SEO v27.4) - https:\/\/yoast.com\/product\/yoast-seo-premium-wordpress\/ -->\n<title>Applique patte mal 16 3\/4 visser SLR - CHELIA STORE<\/title>\n<meta name=\"description\" content=\"Applique patte mal 16 3\/4 visser SLR sont choix de qualit\u00e9 pour toutes vos installations multicouche en apparent comme en encastr\u00e9. fiable et robuste\" \/>\n<meta name=\"robots\" content=\"index, follow, max-snippet:-1, max-image-preview:large, max-video-preview:-1\" \/>\n<link rel=\"canonical\" href=\"https:\/\/cheliastore.dz\/product\/applique-patte-mal-16-3-4-visser-tiemme\/\" \/>\n<meta property=\"og:locale\" content=\"ar_AR\" \/>\n<meta property=\"og:type\" content=\"article\" \/>\n<meta property=\"og:title\" content=\"Applique patte mal 16 3\/4 visser SLR\" \/>\n<meta property=\"og:description\" content=\"Applique patte mal 16 3\/4 visser SLR sont choix de qualit\u00e9 pour toutes vos installations multicouche en apparent comme en encastr\u00e9. fiable et robuste\" \/>\n<meta property=\"og:url\" content=\"https:\/\/cheliastore.dz\/product\/applique-patte-mal-16-3-4-visser-tiemme\/\" \/>\n<meta property=\"og:site_name\" content=\"CHELIA STORE\" \/>\n<meta property=\"article:publisher\" content=\"https:\/\/web.facebook.com\/cheliastore\" \/>\n<meta property=\"article:modified_time\" content=\"2026-01-11T03:09:54+00:00\" \/>\n<meta property=\"og:image\" content=\"https:\/\/cheliastore.dz\/wp-content\/uploads\/2022\/01\/4.png\" \/>\n\t<meta property=\"og:image:width\" content=\"225\" \/>\n\t<meta property=\"og:image:height\" content=\"225\" \/>\n\t<meta property=\"og:image:type\" content=\"image\/png\" \/>\n<meta name=\"twitter:card\" content=\"summary_large_image\" \/>\n<meta name=\"twitter:label1\" content=\"\u0648\u0642\u062a \u0627\u0644\u0642\u0631\u0627\u0621\u0629 \u0627\u0644\u0645\u064f\u0642\u062f\u0651\u0631\" \/>\n\t<meta name=\"twitter:data1\" content=\"1 \u062f\u0642\u064a\u0642\u0629\" \/>\n<script type=\"application\/ld+json\" class=\"yoast-schema-graph\">{\"@context\":\"https:\\\/\\\/schema.org\",\"@graph\":[{\"@type\":\"WebPage\",\"@id\":\"https:\\\/\\\/cheliastore.dz\\\/product\\\/applique-patte-mal-16-3-4-visser-tiemme\\\/\",\"url\":\"https:\\\/\\\/cheliastore.dz\\\/product\\\/applique-patte-mal-16-3-4-visser-tiemme\\\/\",\"name\":\"Applique patte mal 16 3\\\/4 visser SLR - CHELIA STORE\",\"isPartOf\":{\"@id\":\"https:\\\/\\\/cheliastore.dz\\\/#website\"},\"primaryImageOfPage\":{\"@id\":\"https:\\\/\\\/cheliastore.dz\\\/product\\\/applique-patte-mal-16-3-4-visser-tiemme\\\/#primaryimage\"},\"image\":{\"@id\":\"https:\\\/\\\/cheliastore.dz\\\/product\\\/applique-patte-mal-16-3-4-visser-tiemme\\\/#primaryimage\"},\"thumbnailUrl\":\"https:\\\/\\\/cheliastore.dz\\\/wp-content\\\/uploads\\\/2022\\\/01\\\/4.png\",\"datePublished\":\"2022-01-08T08:09:55+00:00\",\"dateModified\":\"2026-01-11T03:09:54+00:00\",\"description\":\"Applique patte mal 16 3\\\/4 visser SLR sont choix de qualit\u00e9 pour toutes vos installations multicouche en apparent comme en encastr\u00e9. fiable et robuste\",\"breadcrumb\":{\"@id\":\"https:\\\/\\\/cheliastore.dz\\\/product\\\/applique-patte-mal-16-3-4-visser-tiemme\\\/#breadcrumb\"},\"inLanguage\":\"ar\",\"potentialAction\":[{\"@type\":\"ReadAction\",\"target\":[\"https:\\\/\\\/cheliastore.dz\\\/product\\\/applique-patte-mal-16-3-4-visser-tiemme\\\/\"]}]},{\"@type\":\"ImageObject\",\"inLanguage\":\"ar\",\"@id\":\"https:\\\/\\\/cheliastore.dz\\\/product\\\/applique-patte-mal-16-3-4-visser-tiemme\\\/#primaryimage\",\"url\":\"https:\\\/\\\/cheliastore.dz\\\/wp-content\\\/uploads\\\/2022\\\/01\\\/4.png\",\"contentUrl\":\"https:\\\/\\\/cheliastore.dz\\\/wp-content\\\/uploads\\\/2022\\\/01\\\/4.png\",\"width\":225,\"height\":225,\"caption\":\"APPLIQUE 16 3\\\/4 A VISSER SLR\"},{\"@type\":\"BreadcrumbList\",\"@id\":\"https:\\\/\\\/cheliastore.dz\\\/product\\\/applique-patte-mal-16-3-4-visser-tiemme\\\/#breadcrumb\",\"itemListElement\":[{\"@type\":\"ListItem\",\"position\":1,\"name\":\"\u0627\u0644\u0631\u0626\u064a\u0633\u064a\u0629\",\"item\":\"https:\\\/\\\/cheliastore.dz\\\/ar\\\/\"},{\"@type\":\"ListItem\",\"position\":2,\"name\":\"Boutique\",\"item\":\"https:\\\/\\\/cheliastore.dz\\\/ar\\\/shop\\\/\"},{\"@type\":\"ListItem\",\"position\":3,\"name\":\"Applique patte mal 16 3\\\/4 visser SLR\"}]},{\"@type\":\"WebSite\",\"@id\":\"https:\\\/\\\/cheliastore.dz\\\/#website\",\"url\":\"https:\\\/\\\/cheliastore.dz\\\/\",\"name\":\"CHELIA STORE\",\"description\":\"CHELIA STORE\",\"publisher\":{\"@id\":\"https:\\\/\\\/cheliastore.dz\\\/#organization\"},\"potentialAction\":[{\"@type\":\"SearchAction\",\"target\":{\"@type\":\"EntryPoint\",\"urlTemplate\":\"https:\\\/\\\/cheliastore.dz\\\/?s={search_term_string}\"},\"query-input\":{\"@type\":\"PropertyValueSpecification\",\"valueRequired\":true,\"valueName\":\"search_term_string\"}}],\"inLanguage\":\"ar\"},{\"@type\":\"Organization\",\"@id\":\"https:\\\/\\\/cheliastore.dz\\\/#organization\",\"name\":\"Chelia Store\",\"url\":\"https:\\\/\\\/cheliastore.dz\\\/\",\"logo\":{\"@type\":\"ImageObject\",\"inLanguage\":\"ar\",\"@id\":\"https:\\\/\\\/cheliastore.dz\\\/#\\\/schema\\\/logo\\\/image\\\/\",\"url\":\"https:\\\/\\\/cheliastore.dz\\\/wp-content\\\/uploads\\\/2022\\\/01\\\/logo-final-250.png\",\"contentUrl\":\"https:\\\/\\\/cheliastore.dz\\\/wp-content\\\/uploads\\\/2022\\\/01\\\/logo-final-250.png\",\"width\":250,\"height\":78,\"caption\":\"Chelia Store\"},\"image\":{\"@id\":\"https:\\\/\\\/cheliastore.dz\\\/#\\\/schema\\\/logo\\\/image\\\/\"},\"sameAs\":[\"https:\\\/\\\/web.facebook.com\\\/cheliastore\",\"https:\\\/\\\/www.instagram.com\\\/quincaillerie.chelia\\\/\"]}]}<\/script>\n<!-- \/ Yoast SEO Premium plugin. -->","yoast_head_json":{"title":"Applique patte mal 16 3\/4 visser SLR - CHELIA STORE","description":"Applique patte mal 16 3\/4 visser SLR sont choix de qualit\u00e9 pour toutes vos installations multicouche en apparent comme en encastr\u00e9. fiable et robuste","robots":{"index":"index","follow":"follow","max-snippet":"max-snippet:-1","max-image-preview":"max-image-preview:large","max-video-preview":"max-video-preview:-1"},"canonical":"https:\/\/cheliastore.dz\/product\/applique-patte-mal-16-3-4-visser-tiemme\/","og_locale":"ar_AR","og_type":"article","og_title":"Applique patte mal 16 3\/4 visser SLR","og_description":"Applique patte mal 16 3\/4 visser SLR sont choix de qualit\u00e9 pour toutes vos installations multicouche en apparent comme en encastr\u00e9. fiable et robuste","og_url":"https:\/\/cheliastore.dz\/product\/applique-patte-mal-16-3-4-visser-tiemme\/","og_site_name":"CHELIA STORE","article_publisher":"https:\/\/web.facebook.com\/cheliastore","article_modified_time":"2026-01-11T03:09:54+00:00","og_image":[{"width":225,"height":225,"url":"https:\/\/cheliastore.dz\/wp-content\/uploads\/2022\/01\/4.png","type":"image\/png"}],"twitter_card":"summary_large_image","twitter_misc":{"\u0648\u0642\u062a \u0627\u0644\u0642\u0631\u0627\u0621\u0629 \u0627\u0644\u0645\u064f\u0642\u062f\u0651\u0631":"1 \u062f\u0642\u064a\u0642\u0629"},"schema":{"@context":"https:\/\/schema.org","@graph":[{"@type":"WebPage","@id":"https:\/\/cheliastore.dz\/product\/applique-patte-mal-16-3-4-visser-tiemme\/","url":"https:\/\/cheliastore.dz\/product\/applique-patte-mal-16-3-4-visser-tiemme\/","name":"Applique patte mal 16 3\/4 visser SLR - CHELIA STORE","isPartOf":{"@id":"https:\/\/cheliastore.dz\/#website"},"primaryImageOfPage":{"@id":"https:\/\/cheliastore.dz\/product\/applique-patte-mal-16-3-4-visser-tiemme\/#primaryimage"},"image":{"@id":"https:\/\/cheliastore.dz\/product\/applique-patte-mal-16-3-4-visser-tiemme\/#primaryimage"},"thumbnailUrl":"https:\/\/cheliastore.dz\/wp-content\/uploads\/2022\/01\/4.png","datePublished":"2022-01-08T08:09:55+00:00","dateModified":"2026-01-11T03:09:54+00:00","description":"Applique patte mal 16 3\/4 visser SLR sont choix de qualit\u00e9 pour toutes vos installations multicouche en apparent comme en encastr\u00e9. fiable et robuste","breadcrumb":{"@id":"https:\/\/cheliastore.dz\/product\/applique-patte-mal-16-3-4-visser-tiemme\/#breadcrumb"},"inLanguage":"ar","potentialAction":[{"@type":"ReadAction","target":["https:\/\/cheliastore.dz\/product\/applique-patte-mal-16-3-4-visser-tiemme\/"]}]},{"@type":"ImageObject","inLanguage":"ar","@id":"https:\/\/cheliastore.dz\/product\/applique-patte-mal-16-3-4-visser-tiemme\/#primaryimage","url":"https:\/\/cheliastore.dz\/wp-content\/uploads\/2022\/01\/4.png","contentUrl":"https:\/\/cheliastore.dz\/wp-content\/uploads\/2022\/01\/4.png","width":225,"height":225,"caption":"APPLIQUE 16 3\/4 A VISSER SLR"},{"@type":"BreadcrumbList","@id":"https:\/\/cheliastore.dz\/product\/applique-patte-mal-16-3-4-visser-tiemme\/#breadcrumb","itemListElement":[{"@type":"ListItem","position":1,"name":"\u0627\u0644\u0631\u0626\u064a\u0633\u064a\u0629","item":"https:\/\/cheliastore.dz\/ar\/"},{"@type":"ListItem","position":2,"name":"Boutique","item":"https:\/\/cheliastore.dz\/ar\/shop\/"},{"@type":"ListItem","position":3,"name":"Applique patte mal 16 3\/4 visser SLR"}]},{"@type":"WebSite","@id":"https:\/\/cheliastore.dz\/#website","url":"https:\/\/cheliastore.dz\/","name":"CHELIA STORE","description":"CHELIA STORE","publisher":{"@id":"https:\/\/cheliastore.dz\/#organization"},"potentialAction":[{"@type":"SearchAction","target":{"@type":"EntryPoint","urlTemplate":"https:\/\/cheliastore.dz\/?s={search_term_string}"},"query-input":{"@type":"PropertyValueSpecification","valueRequired":true,"valueName":"search_term_string"}}],"inLanguage":"ar"},{"@type":"Organization","@id":"https:\/\/cheliastore.dz\/#organization","name":"Chelia Store","url":"https:\/\/cheliastore.dz\/","logo":{"@type":"ImageObject","inLanguage":"ar","@id":"https:\/\/cheliastore.dz\/#\/schema\/logo\/image\/","url":"https:\/\/cheliastore.dz\/wp-content\/uploads\/2022\/01\/logo-final-250.png","contentUrl":"https:\/\/cheliastore.dz\/wp-content\/uploads\/2022\/01\/logo-final-250.png","width":250,"height":78,"caption":"Chelia Store"},"image":{"@id":"https:\/\/cheliastore.dz\/#\/schema\/logo\/image\/"},"sameAs":["https:\/\/web.facebook.com\/cheliastore","https:\/\/www.instagram.com\/quincaillerie.chelia\/"]}]}},"_links":{"self":[{"href":"https:\/\/cheliastore.dz\/ar\/wp-json\/wp\/v2\/product\/11443","targetHints":{"allow":["GET"]}}],"collection":[{"href":"https:\/\/cheliastore.dz\/ar\/wp-json\/wp\/v2\/product"}],"about":[{"href":"https:\/\/cheliastore.dz\/ar\/wp-json\/wp\/v2\/types\/product"}],"replies":[{"embeddable":true,"href":"https:\/\/cheliastore.dz\/ar\/wp-json\/wp\/v2\/comments?post=11443"}],"version-history":[{"count":1,"href":"https:\/\/cheliastore.dz\/ar\/wp-json\/wp\/v2\/product\/11443\/revisions"}],"predecessor-version":[{"id":57347,"href":"https:\/\/cheliastore.dz\/ar\/wp-json\/wp\/v2\/product\/11443\/revisions\/57347"}],"wp:featuredmedia":[{"embeddable":true,"href":"https:\/\/cheliastore.dz\/ar\/wp-json\/wp\/v2\/media\/22240"}],"wp:attachment":[{"href":"https:\/\/cheliastore.dz\/ar\/wp-json\/wp\/v2\/media?parent=11443"}],"wp:term":[{"taxonomy":"product_brand","embeddable":true,"href":"https:\/\/cheliastore.dz\/ar\/wp-json\/wp\/v2\/product_brand?post=11443"},{"taxonomy":"product_cat","embeddable":true,"href":"https:\/\/cheliastore.dz\/ar\/wp-json\/wp\/v2\/product_cat?post=11443"},{"taxonomy":"product_tag","embeddable":true,"href":"https:\/\/cheliastore.dz\/ar\/wp-json\/wp\/v2\/product_tag?post=11443"}],"curies":[{"name":"wp","href":"https:\/\/api.w.org\/{rel}","templated":true}]}}