{"id":11306,"date":"2022-01-04T12:47:05","date_gmt":"2022-01-04T12:47:05","guid":{"rendered":"https:\/\/cheliastore.com\/?post_type=product&#038;p=11306"},"modified":"2026-01-11T03:12:09","modified_gmt":"2026-01-11T03:12:09","slug":"filtre-eau-triple-cartouche-gm-atlas-filtri","status":"publish","type":"product","link":"https:\/\/cheliastore.dz\/ar\/product\/filtre-eau-triple-cartouche-gm-atlas-filtri\/","title":{"rendered":"FILTRE TRIPLE TRANPARANT 10 ATLAS FILTRI"},"content":{"rendered":"<h1>Filtre \u00e0 eau Triple Cartouche GM ATLAS FILTRI<\/h1>\n<div class=\"blockSub up\">\n<div class=\"field field-name-field-sottotitolo field-type-text field-label-hidden clearfix\">\n<p>Filtre \u00e0 eau Triple Cartouche GM SONT DES CORPS POUR CARTOUCHES SX (DOE) STANDARDS.<\/p>\n<\/div>\n<\/div>\n<div class=\"field field-name-body field-type-text-with-summary field-label-hidden clearfix\">\n<p>Ils sont commercialis\u00e9s sur le march\u00e9 en version simple, DUPLEX et TRIPLEX avec cuve transparente et opaque. Les raccords ENTR\u00c9E \/ SORTIE sont disponibles avec des filetages en laiton BSP 1\/2 &#8220;, 3\/4&#8243; et 1&#8221; ou des filetages en plastique BSP ou NPT. Les corps PLUS 3P SX peuvent recevoir des cartouches d\u2019une hauteur allant de 5\u201d \u00e0 20\u201d.<\/p>\n<p>Gr\u00e2ce \u00e0 la technique innovante de conception des mod\u00e8les doubles et triples, caract\u00e9ris\u00e9s par une t\u00eate monobloc, les filtres \u00e0 cartouches PLUS 3P SX \u00a0offrent d\u2019excellentes performances en termes de s\u00e9curit\u00e9 ainsi qu\u2019une installation facile et rapide. Pour un contr\u00f4le int\u00e9gral des conditions de fonctionnement, ces filtres \u00e0 eau simples sont disponibles en version M avec 2 manom\u00e8tres.<\/p>\n<\/div>\n<h3>Les Avantages du filtre \u00e0 eau triple cartouches<\/h3>\n<ul>\n<li class=\"field field-name-field-testo field-type-text field-label-hidden clearfix\">Mat\u00e9riaux atoxiques, adapt\u00e9s \u00e0 l\u2019eau potable<\/li>\n<li class=\"field field-name-field-testo field-type-text field-label-hidden clearfix\">Ouverture et fermeture faciles, \u00e9tanch\u00e9it\u00e9 par bague<\/li>\n<li class=\"field field-name-field-testo field-type-text field-label-hidden clearfix\">Fiabilit\u00e9 et commodit\u00e9 des syst\u00e8mes doubles et des syst\u00e8mes triples<\/li>\n<li class=\"field field-name-field-testo field-type-text field-label-hidden clearfix\">Installation rapide et s\u00fbre<\/li>\n<li class=\"field field-name-field-testo field-type-text field-label-hidden clearfix\">Contr\u00f4le maximum gr\u00e2ce aux manom\u00e8tres<\/li>\n<li class=\"field field-name-field-testo field-type-text field-label-hidden clearfix\">Large gamme d&#8217;accessoires.<\/li>\n<\/ul>\n<blockquote><p>Pour plus d&#8217;informations, visitez notre site web <a href=\"http:\/\/www.cheliastore.com\">http:\/\/www.cheliastore.com<\/a><\/p>\n<p>Vous pouvez aussi voir nos produits similaires en <a href=\"https:\/\/cheliastore.dz\/product-category\/plomberie\/filtre-eau\/?filter_stock_status=instock\"><em><strong>suivant ce lien\u00a0<\/strong><\/em><\/a><\/p>\n<p>Vous pouvez aussi visiter le site officiel de la marque ATLAS FILTRI <a href=\"https:\/\/www.atlasfiltri.com\/fr\/produits\/corps-de-filtres-a-eau\">https:\/\/www.atlasfiltri.com\/fr\/produits\/corps-de-filtres-a-eau<\/a><\/p><\/blockquote>\n","protected":false},"excerpt":{"rendered":"<p>Filtre \u00a0Triple Cartouche grand mod\u00e8le\u00a0de la marque italienne ATLAS FILTRI..<\/p>\n","protected":false},"featured_media":11307,"comment_status":"open","ping_status":"closed","template":"","meta":{"_editorskit_title_hidden":false,"_editorskit_reading_time":0,"_editorskit_is_block_options_detached":false,"_editorskit_block_options_position":"{}"},"product_brand":[],"product_cat":[97,115],"product_tag":[],"class_list":{"0":"post-11306","1":"product","2":"type-product","3":"status-publish","4":"has-post-thumbnail","6":"product_cat-plomberie","7":"product_cat-filtre-eau","9":"first","10":"outofstock","11":"shipping-taxable","12":"purchasable","13":"product-type-simple"},"yoast_head":"<!-- This site is optimized with the Yoast SEO Premium plugin v25.4 (Yoast SEO v27.6) - https:\/\/yoast.com\/product\/yoast-seo-premium-wordpress\/ -->\n<title>FILTRE TRIPLE TRANPARANT 10 ATLAS FILTRI - CHELIA STORE ALGERIE<\/title>\n<meta name=\"description\" content=\"Commandez d\u00e8s maintenant en Alg\u00e9rie ce filtre \u00e0 eau Triple cartouche \u00e0 un prix imbattable et b\u00e9n\u00e9ficiez d&#039;une livraison rapide vers les 58 wilayas...\" \/>\n<meta name=\"robots\" content=\"index, follow, max-snippet:-1, max-image-preview:large, max-video-preview:-1\" \/>\n<link rel=\"canonical\" href=\"https:\/\/cheliastore.dz\/product\/filtre-eau-triple-cartouche-gm-atlas-filtri\/\" \/>\n<meta property=\"og:locale\" content=\"ar_AR\" \/>\n<meta property=\"og:type\" content=\"article\" \/>\n<meta property=\"og:title\" content=\"FILTRE TRIPLE TRANPARANT 10 ATLAS FILTRI\" \/>\n<meta property=\"og:description\" content=\"Commandez d\u00e8s maintenant en Alg\u00e9rie ce filtre \u00e0 eau Triple cartouche \u00e0 un prix imbattable et b\u00e9n\u00e9ficiez d&#039;une livraison rapide vers les 58 wilayas...\" \/>\n<meta property=\"og:url\" content=\"https:\/\/cheliastore.dz\/product\/filtre-eau-triple-cartouche-gm-atlas-filtri\/\" \/>\n<meta property=\"og:site_name\" content=\"CHELIA STORE\" \/>\n<meta property=\"article:publisher\" content=\"https:\/\/web.facebook.com\/cheliastore\" \/>\n<meta property=\"article:modified_time\" content=\"2026-01-11T03:12:09+00:00\" \/>\n<meta property=\"og:image\" content=\"https:\/\/cheliastore.dz\/wp-content\/uploads\/2022\/01\/Filtre-Trible-Cartouche-gm.jpg\" \/>\n\t<meta property=\"og:image:width\" content=\"458\" \/>\n\t<meta property=\"og:image:height\" content=\"395\" \/>\n\t<meta property=\"og:image:type\" content=\"image\/jpeg\" \/>\n<meta name=\"twitter:card\" content=\"summary_large_image\" \/>\n<meta name=\"twitter:label1\" content=\"\u0648\u0642\u062a \u0627\u0644\u0642\u0631\u0627\u0621\u0629 \u0627\u0644\u0645\u064f\u0642\u062f\u0651\u0631\" \/>\n\t<meta name=\"twitter:data1\" content=\"1 \u062f\u0642\u064a\u0642\u0629\" \/>\n<script type=\"application\/ld+json\" class=\"yoast-schema-graph\">{\"@context\":\"https:\\\/\\\/schema.org\",\"@graph\":[{\"@type\":\"WebPage\",\"@id\":\"https:\\\/\\\/cheliastore.dz\\\/product\\\/filtre-eau-triple-cartouche-gm-atlas-filtri\\\/\",\"url\":\"https:\\\/\\\/cheliastore.dz\\\/product\\\/filtre-eau-triple-cartouche-gm-atlas-filtri\\\/\",\"name\":\"FILTRE TRIPLE TRANPARANT 10 ATLAS FILTRI - CHELIA STORE ALGERIE\",\"isPartOf\":{\"@id\":\"https:\\\/\\\/cheliastore.dz\\\/#website\"},\"primaryImageOfPage\":{\"@id\":\"https:\\\/\\\/cheliastore.dz\\\/product\\\/filtre-eau-triple-cartouche-gm-atlas-filtri\\\/#primaryimage\"},\"image\":{\"@id\":\"https:\\\/\\\/cheliastore.dz\\\/product\\\/filtre-eau-triple-cartouche-gm-atlas-filtri\\\/#primaryimage\"},\"thumbnailUrl\":\"https:\\\/\\\/cheliastore.dz\\\/wp-content\\\/uploads\\\/2022\\\/01\\\/Filtre-Trible-Cartouche-gm.jpg\",\"datePublished\":\"2022-01-04T12:47:05+00:00\",\"dateModified\":\"2026-01-11T03:12:09+00:00\",\"description\":\"Commandez d\u00e8s maintenant en Alg\u00e9rie ce filtre \u00e0 eau Triple cartouche \u00e0 un prix imbattable et b\u00e9n\u00e9ficiez d'une livraison rapide vers les 58 wilayas...\",\"breadcrumb\":{\"@id\":\"https:\\\/\\\/cheliastore.dz\\\/product\\\/filtre-eau-triple-cartouche-gm-atlas-filtri\\\/#breadcrumb\"},\"inLanguage\":\"ar\",\"potentialAction\":[{\"@type\":\"ReadAction\",\"target\":[\"https:\\\/\\\/cheliastore.dz\\\/product\\\/filtre-eau-triple-cartouche-gm-atlas-filtri\\\/\"]}]},{\"@type\":\"ImageObject\",\"inLanguage\":\"ar\",\"@id\":\"https:\\\/\\\/cheliastore.dz\\\/product\\\/filtre-eau-triple-cartouche-gm-atlas-filtri\\\/#primaryimage\",\"url\":\"https:\\\/\\\/cheliastore.dz\\\/wp-content\\\/uploads\\\/2022\\\/01\\\/Filtre-Trible-Cartouche-gm.jpg\",\"contentUrl\":\"https:\\\/\\\/cheliastore.dz\\\/wp-content\\\/uploads\\\/2022\\\/01\\\/Filtre-Trible-Cartouche-gm.jpg\",\"width\":458,\"height\":395,\"caption\":\"Filtre Triple Cartouche GM\"},{\"@type\":\"BreadcrumbList\",\"@id\":\"https:\\\/\\\/cheliastore.dz\\\/product\\\/filtre-eau-triple-cartouche-gm-atlas-filtri\\\/#breadcrumb\",\"itemListElement\":[{\"@type\":\"ListItem\",\"position\":1,\"name\":\"\u0627\u0644\u0631\u0626\u064a\u0633\u064a\u0629\",\"item\":\"https:\\\/\\\/cheliastore.dz\\\/ar\\\/\"},{\"@type\":\"ListItem\",\"position\":2,\"name\":\"Boutique\",\"item\":\"https:\\\/\\\/cheliastore.dz\\\/ar\\\/shop\\\/\"},{\"@type\":\"ListItem\",\"position\":3,\"name\":\"FILTRE TRIPLE TRANPARANT 10 ATLAS FILTRI\"}]},{\"@type\":\"WebSite\",\"@id\":\"https:\\\/\\\/cheliastore.dz\\\/#website\",\"url\":\"https:\\\/\\\/cheliastore.dz\\\/\",\"name\":\"CHELIA STORE\",\"description\":\"CHELIA STORE\",\"publisher\":{\"@id\":\"https:\\\/\\\/cheliastore.dz\\\/#organization\"},\"potentialAction\":[{\"@type\":\"SearchAction\",\"target\":{\"@type\":\"EntryPoint\",\"urlTemplate\":\"https:\\\/\\\/cheliastore.dz\\\/?s={search_term_string}\"},\"query-input\":{\"@type\":\"PropertyValueSpecification\",\"valueRequired\":true,\"valueName\":\"search_term_string\"}}],\"inLanguage\":\"ar\"},{\"@type\":\"Organization\",\"@id\":\"https:\\\/\\\/cheliastore.dz\\\/#organization\",\"name\":\"Chelia Store\",\"url\":\"https:\\\/\\\/cheliastore.dz\\\/\",\"logo\":{\"@type\":\"ImageObject\",\"inLanguage\":\"ar\",\"@id\":\"https:\\\/\\\/cheliastore.dz\\\/#\\\/schema\\\/logo\\\/image\\\/\",\"url\":\"https:\\\/\\\/cheliastore.dz\\\/wp-content\\\/uploads\\\/2022\\\/01\\\/logo-final-250.png\",\"contentUrl\":\"https:\\\/\\\/cheliastore.dz\\\/wp-content\\\/uploads\\\/2022\\\/01\\\/logo-final-250.png\",\"width\":250,\"height\":78,\"caption\":\"Chelia Store\"},\"image\":{\"@id\":\"https:\\\/\\\/cheliastore.dz\\\/#\\\/schema\\\/logo\\\/image\\\/\"},\"sameAs\":[\"https:\\\/\\\/web.facebook.com\\\/cheliastore\",\"https:\\\/\\\/www.instagram.com\\\/quincaillerie.chelia\\\/\"]}]}<\/script>\n<!-- \/ Yoast SEO Premium plugin. -->","yoast_head_json":{"title":"FILTRE TRIPLE TRANPARANT 10 ATLAS FILTRI - CHELIA STORE ALGERIE","description":"Commandez d\u00e8s maintenant en Alg\u00e9rie ce filtre \u00e0 eau Triple cartouche \u00e0 un prix imbattable et b\u00e9n\u00e9ficiez d'une livraison rapide vers les 58 wilayas...","robots":{"index":"index","follow":"follow","max-snippet":"max-snippet:-1","max-image-preview":"max-image-preview:large","max-video-preview":"max-video-preview:-1"},"canonical":"https:\/\/cheliastore.dz\/product\/filtre-eau-triple-cartouche-gm-atlas-filtri\/","og_locale":"ar_AR","og_type":"article","og_title":"FILTRE TRIPLE TRANPARANT 10 ATLAS FILTRI","og_description":"Commandez d\u00e8s maintenant en Alg\u00e9rie ce filtre \u00e0 eau Triple cartouche \u00e0 un prix imbattable et b\u00e9n\u00e9ficiez d'une livraison rapide vers les 58 wilayas...","og_url":"https:\/\/cheliastore.dz\/product\/filtre-eau-triple-cartouche-gm-atlas-filtri\/","og_site_name":"CHELIA STORE","article_publisher":"https:\/\/web.facebook.com\/cheliastore","article_modified_time":"2026-01-11T03:12:09+00:00","og_image":[{"width":458,"height":395,"url":"https:\/\/cheliastore.dz\/wp-content\/uploads\/2022\/01\/Filtre-Trible-Cartouche-gm.jpg","type":"image\/jpeg"}],"twitter_card":"summary_large_image","twitter_misc":{"\u0648\u0642\u062a \u0627\u0644\u0642\u0631\u0627\u0621\u0629 \u0627\u0644\u0645\u064f\u0642\u062f\u0651\u0631":"1 \u062f\u0642\u064a\u0642\u0629"},"schema":{"@context":"https:\/\/schema.org","@graph":[{"@type":"WebPage","@id":"https:\/\/cheliastore.dz\/product\/filtre-eau-triple-cartouche-gm-atlas-filtri\/","url":"https:\/\/cheliastore.dz\/product\/filtre-eau-triple-cartouche-gm-atlas-filtri\/","name":"FILTRE TRIPLE TRANPARANT 10 ATLAS FILTRI - CHELIA STORE ALGERIE","isPartOf":{"@id":"https:\/\/cheliastore.dz\/#website"},"primaryImageOfPage":{"@id":"https:\/\/cheliastore.dz\/product\/filtre-eau-triple-cartouche-gm-atlas-filtri\/#primaryimage"},"image":{"@id":"https:\/\/cheliastore.dz\/product\/filtre-eau-triple-cartouche-gm-atlas-filtri\/#primaryimage"},"thumbnailUrl":"https:\/\/cheliastore.dz\/wp-content\/uploads\/2022\/01\/Filtre-Trible-Cartouche-gm.jpg","datePublished":"2022-01-04T12:47:05+00:00","dateModified":"2026-01-11T03:12:09+00:00","description":"Commandez d\u00e8s maintenant en Alg\u00e9rie ce filtre \u00e0 eau Triple cartouche \u00e0 un prix imbattable et b\u00e9n\u00e9ficiez d'une livraison rapide vers les 58 wilayas...","breadcrumb":{"@id":"https:\/\/cheliastore.dz\/product\/filtre-eau-triple-cartouche-gm-atlas-filtri\/#breadcrumb"},"inLanguage":"ar","potentialAction":[{"@type":"ReadAction","target":["https:\/\/cheliastore.dz\/product\/filtre-eau-triple-cartouche-gm-atlas-filtri\/"]}]},{"@type":"ImageObject","inLanguage":"ar","@id":"https:\/\/cheliastore.dz\/product\/filtre-eau-triple-cartouche-gm-atlas-filtri\/#primaryimage","url":"https:\/\/cheliastore.dz\/wp-content\/uploads\/2022\/01\/Filtre-Trible-Cartouche-gm.jpg","contentUrl":"https:\/\/cheliastore.dz\/wp-content\/uploads\/2022\/01\/Filtre-Trible-Cartouche-gm.jpg","width":458,"height":395,"caption":"Filtre Triple Cartouche GM"},{"@type":"BreadcrumbList","@id":"https:\/\/cheliastore.dz\/product\/filtre-eau-triple-cartouche-gm-atlas-filtri\/#breadcrumb","itemListElement":[{"@type":"ListItem","position":1,"name":"\u0627\u0644\u0631\u0626\u064a\u0633\u064a\u0629","item":"https:\/\/cheliastore.dz\/ar\/"},{"@type":"ListItem","position":2,"name":"Boutique","item":"https:\/\/cheliastore.dz\/ar\/shop\/"},{"@type":"ListItem","position":3,"name":"FILTRE TRIPLE TRANPARANT 10 ATLAS FILTRI"}]},{"@type":"WebSite","@id":"https:\/\/cheliastore.dz\/#website","url":"https:\/\/cheliastore.dz\/","name":"CHELIA STORE","description":"CHELIA STORE","publisher":{"@id":"https:\/\/cheliastore.dz\/#organization"},"potentialAction":[{"@type":"SearchAction","target":{"@type":"EntryPoint","urlTemplate":"https:\/\/cheliastore.dz\/?s={search_term_string}"},"query-input":{"@type":"PropertyValueSpecification","valueRequired":true,"valueName":"search_term_string"}}],"inLanguage":"ar"},{"@type":"Organization","@id":"https:\/\/cheliastore.dz\/#organization","name":"Chelia Store","url":"https:\/\/cheliastore.dz\/","logo":{"@type":"ImageObject","inLanguage":"ar","@id":"https:\/\/cheliastore.dz\/#\/schema\/logo\/image\/","url":"https:\/\/cheliastore.dz\/wp-content\/uploads\/2022\/01\/logo-final-250.png","contentUrl":"https:\/\/cheliastore.dz\/wp-content\/uploads\/2022\/01\/logo-final-250.png","width":250,"height":78,"caption":"Chelia Store"},"image":{"@id":"https:\/\/cheliastore.dz\/#\/schema\/logo\/image\/"},"sameAs":["https:\/\/web.facebook.com\/cheliastore","https:\/\/www.instagram.com\/quincaillerie.chelia\/"]}]}},"_links":{"self":[{"href":"https:\/\/cheliastore.dz\/ar\/wp-json\/wp\/v2\/product\/11306","targetHints":{"allow":["GET"]}}],"collection":[{"href":"https:\/\/cheliastore.dz\/ar\/wp-json\/wp\/v2\/product"}],"about":[{"href":"https:\/\/cheliastore.dz\/ar\/wp-json\/wp\/v2\/types\/product"}],"replies":[{"embeddable":true,"href":"https:\/\/cheliastore.dz\/ar\/wp-json\/wp\/v2\/comments?post=11306"}],"version-history":[{"count":1,"href":"https:\/\/cheliastore.dz\/ar\/wp-json\/wp\/v2\/product\/11306\/revisions"}],"predecessor-version":[{"id":57522,"href":"https:\/\/cheliastore.dz\/ar\/wp-json\/wp\/v2\/product\/11306\/revisions\/57522"}],"wp:featuredmedia":[{"embeddable":true,"href":"https:\/\/cheliastore.dz\/ar\/wp-json\/wp\/v2\/media\/11307"}],"wp:attachment":[{"href":"https:\/\/cheliastore.dz\/ar\/wp-json\/wp\/v2\/media?parent=11306"}],"wp:term":[{"taxonomy":"product_brand","embeddable":true,"href":"https:\/\/cheliastore.dz\/ar\/wp-json\/wp\/v2\/product_brand?post=11306"},{"taxonomy":"product_cat","embeddable":true,"href":"https:\/\/cheliastore.dz\/ar\/wp-json\/wp\/v2\/product_cat?post=11306"},{"taxonomy":"product_tag","embeddable":true,"href":"https:\/\/cheliastore.dz\/ar\/wp-json\/wp\/v2\/product_tag?post=11306"}],"curies":[{"name":"wp","href":"https:\/\/api.w.org\/{rel}","templated":true}]}}