{"id":11245,"date":"2022-01-03T14:38:45","date_gmt":"2022-01-03T14:38:45","guid":{"rendered":"https:\/\/cheliastore.com\/?post_type=product&#038;p=11245"},"modified":"2026-01-11T03:15:38","modified_gmt":"2026-01-11T03:15:38","slug":"adoucisseur-eau-dropson-4000","status":"publish","type":"product","link":"https:\/\/cheliastore.dz\/ar\/product\/adoucisseur-eau-dropson-4000\/","title":{"rendered":"FILTRE ANTI CALCAIRE EMI 4000 DROPSON"},"content":{"rendered":"<h2>Filtre Adoucisseur DROPSON 4000<\/h2>\n<p>L&#8217;adoucisseur eau de Dropson, utilisant la technologie E.M.I., est \u00e9quip\u00e9 d&#8217;un connecteur m\u00e2le de 1\u2033. Il permet un <strong>d\u00e9bit maximal de 4,5 m\u00b3\/h<\/strong> gr\u00e2ce \u00e0 une cellule de traitement vortex \u00e0 flux turbulent en acier inoxydable <strong>316L<\/strong> de qualit\u00e9 alimentaire. Son ch\u00e2ssis de protection est \u00e9galement en acier inoxydable <strong>304L<\/strong>, garantissant robustesse et durabilit\u00e9.<\/p>\n<h3>Principe de fonctionnement de l&#8217;adoucisseur eau DROPSON<\/h3>\n<ul>\n<li><strong>Entr\u00e9e d\u2019eau<\/strong> : Les ions de calcium (CA) et les ions de carbonate (CO3)<strong>, responsables de la formation du tartre<\/strong>, se trouvent en suspension dans l\u2019eau.<\/li>\n<li>Effet vortex : Le flux laminaire de l\u2019installation est transform\u00e9 en flux turbulent par un syst\u00e8me vortex.<\/li>\n<li>Module \u00e9lectronique : Contr\u00f4le en multi-zones les diff\u00e9rents <strong>g\u00e9n\u00e9rateurs d\u2019impacts magn\u00e9tiques<\/strong>,<\/li>\n<li>G\u00e9n\u00e9rateurs d\u2019impacts magn\u00e9tiques : Les impacts sont cadenc\u00e9s \u00e0 des fr\u00e9quences sp\u00e9cifiques et agissent directement sur le d\u00e9bit d\u2019eau turbulent.<\/li>\n<li><strong>Cristallisation<\/strong> : L\u2019association des impacts magn\u00e9tiques et de l\u2019\u00e9nergie cin\u00e9tique du vortex g\u00e9n\u00e8re ainsi une cristallisation entre les ions de calcium et les ions de carbonate en suspension dans l\u2019eau.<\/li>\n<li>Microcristaux : Les microcristaux ainsi cr\u00e9\u00e9s poss\u00e8dent une structure non incrustante. Ils ne peuvent adh\u00e9rer sur aucun support puisqu\u2019ils sont d\u00e9j\u00e0 cristallis\u00e9s. Ils vont traverser l\u2019installation sans s\u2019incruster et s\u2019\u00e9vacuer par <strong>les robinets et les sorties d\u2019eau<\/strong>.<\/li>\n<\/ul>\n<p><img decoding=\"async\" src=\"https:\/\/dropson.fr\/wp-content\/uploads\/2021\/05\/logo-dropson-retina-wp.png\" \/><\/p>\n<p>Les appareils sont con\u00e7us pour une utilisation \u00e0 d\u00e9bit variable et sont sp\u00e9cialement indiqu\u00e9s pour des applications domestiques.<br \/>\nLes syst\u00e8mes antitartre Dropson offrent l\u2019une des meilleures relations qualit\u00e9-prix du march\u00e9.<\/p>\n<blockquote><p>Pour plus d&#8217;informations, visitez notre site web <a href=\"http:\/\/www.cheliastore.com\">http:\/\/www.cheliastore.com<\/a><\/p>\n<p>Vous pouvez aussi visiter le site officiel de la marque Dropson\u00a0<a href=\"https:\/\/dropson.fr\/gamme-anti-calcaire\/\">https:\/\/dropson.fr\/gamme-anti-calcaire\/<\/a><\/p><\/blockquote>\n","protected":false},"excerpt":{"rendered":"<p>Le syst\u00e8me anti-calcaire Dropson, utilisant la technologie E.M.I., est \u00e9quip\u00e9 d&#8217;un connecteur m\u00e2le de 1\u2033. Il permet un d\u00e9bit maximal de 4,5 m\u00b3\/h gr\u00e2ce \u00e0 une cellule de traitement vortex \u00e0 flux turbulent en acier inoxydable 316L de qualit\u00e9 alimentaire. Son ch\u00e2ssis de protection est \u00e9galement en acier inoxydable 304L, garantissant robustesse et durabilit\u00e9.<\/p>\n","protected":false},"featured_media":11239,"comment_status":"open","ping_status":"closed","template":"","meta":{"_editorskit_title_hidden":false,"_editorskit_reading_time":0,"_editorskit_is_block_options_detached":false,"_editorskit_block_options_position":"{}"},"product_brand":[],"product_cat":[97,115],"product_tag":[],"class_list":{"0":"post-11245","1":"product","2":"type-product","3":"status-publish","4":"has-post-thumbnail","6":"product_cat-plomberie","7":"product_cat-filtre-eau","8":"pa_brand-dropson","10":"first","11":"outofstock","12":"shipping-taxable","13":"purchasable","14":"product-type-simple"},"yoast_head":"<!-- This site is optimized with the Yoast SEO Premium plugin v25.4 (Yoast SEO v27.5) - https:\/\/yoast.com\/product\/yoast-seo-premium-wordpress\/ -->\n<title>Adoucisseur eau anti calcaire DROPSON |EMI4000 - Prix &amp; livraison<\/title>\n<meta name=\"description\" content=\"Commandez le filtre adoucisseur eau anti-calcaire de DROPSON \u00e0 un prix unique en Alg\u00e9rie. Profitez d&#039;une eau pure et sans calcaire pour prot\u00e9ger votre sant\u00e9\" \/>\n<meta name=\"robots\" content=\"index, follow, max-snippet:-1, max-image-preview:large, max-video-preview:-1\" \/>\n<link rel=\"canonical\" href=\"https:\/\/cheliastore.dz\/product\/adoucisseur-eau-dropson-4000\/\" \/>\n<meta property=\"og:locale\" content=\"ar_AR\" \/>\n<meta property=\"og:type\" content=\"article\" \/>\n<meta property=\"og:title\" content=\"FILTRE ANTI CALCAIRE EMI 4000 DROPSON\" \/>\n<meta property=\"og:description\" content=\"Commandez le filtre adoucisseur eau anti-calcaire de DROPSON \u00e0 un prix unique en Alg\u00e9rie. Profitez d&#039;une eau pure et sans calcaire pour prot\u00e9ger votre sant\u00e9\" \/>\n<meta property=\"og:url\" content=\"https:\/\/cheliastore.dz\/product\/adoucisseur-eau-dropson-4000\/\" \/>\n<meta property=\"og:site_name\" content=\"CHELIA STORE\" \/>\n<meta property=\"article:publisher\" content=\"https:\/\/web.facebook.com\/cheliastore\" \/>\n<meta property=\"article:modified_time\" content=\"2026-01-11T03:15:38+00:00\" \/>\n<meta property=\"og:image\" content=\"https:\/\/cheliastore.dz\/wp-content\/uploads\/2022\/01\/dropson2.jpg\" \/>\n\t<meta property=\"og:image:width\" content=\"2560\" \/>\n\t<meta property=\"og:image:height\" content=\"1888\" \/>\n\t<meta property=\"og:image:type\" content=\"image\/jpeg\" \/>\n<meta name=\"twitter:card\" content=\"summary_large_image\" \/>\n<meta name=\"twitter:label1\" content=\"\u0648\u0642\u062a \u0627\u0644\u0642\u0631\u0627\u0621\u0629 \u0627\u0644\u0645\u064f\u0642\u062f\u0651\u0631\" \/>\n\t<meta name=\"twitter:data1\" content=\"\u062f\u0642\u064a\u0642\u062a\u0627\u0646\" \/>\n<script type=\"application\/ld+json\" class=\"yoast-schema-graph\">{\"@context\":\"https:\\\/\\\/schema.org\",\"@graph\":[{\"@type\":\"WebPage\",\"@id\":\"https:\\\/\\\/cheliastore.dz\\\/product\\\/adoucisseur-eau-dropson-4000\\\/\",\"url\":\"https:\\\/\\\/cheliastore.dz\\\/product\\\/adoucisseur-eau-dropson-4000\\\/\",\"name\":\"Adoucisseur eau anti calcaire DROPSON |EMI4000 - Prix & livraison\",\"isPartOf\":{\"@id\":\"https:\\\/\\\/cheliastore.dz\\\/#website\"},\"primaryImageOfPage\":{\"@id\":\"https:\\\/\\\/cheliastore.dz\\\/product\\\/adoucisseur-eau-dropson-4000\\\/#primaryimage\"},\"image\":{\"@id\":\"https:\\\/\\\/cheliastore.dz\\\/product\\\/adoucisseur-eau-dropson-4000\\\/#primaryimage\"},\"thumbnailUrl\":\"https:\\\/\\\/cheliastore.dz\\\/wp-content\\\/uploads\\\/2022\\\/01\\\/dropson2.jpg\",\"datePublished\":\"2022-01-03T14:38:45+00:00\",\"dateModified\":\"2026-01-11T03:15:38+00:00\",\"description\":\"Commandez le filtre adoucisseur eau anti-calcaire de DROPSON \u00e0 un prix unique en Alg\u00e9rie. Profitez d'une eau pure et sans calcaire pour prot\u00e9ger votre sant\u00e9\",\"breadcrumb\":{\"@id\":\"https:\\\/\\\/cheliastore.dz\\\/product\\\/adoucisseur-eau-dropson-4000\\\/#breadcrumb\"},\"inLanguage\":\"ar\",\"potentialAction\":[{\"@type\":\"ReadAction\",\"target\":[\"https:\\\/\\\/cheliastore.dz\\\/product\\\/adoucisseur-eau-dropson-4000\\\/\"]}]},{\"@type\":\"ImageObject\",\"inLanguage\":\"ar\",\"@id\":\"https:\\\/\\\/cheliastore.dz\\\/product\\\/adoucisseur-eau-dropson-4000\\\/#primaryimage\",\"url\":\"https:\\\/\\\/cheliastore.dz\\\/wp-content\\\/uploads\\\/2022\\\/01\\\/dropson2.jpg\",\"contentUrl\":\"https:\\\/\\\/cheliastore.dz\\\/wp-content\\\/uploads\\\/2022\\\/01\\\/dropson2.jpg\",\"width\":2560,\"height\":1888},{\"@type\":\"BreadcrumbList\",\"@id\":\"https:\\\/\\\/cheliastore.dz\\\/product\\\/adoucisseur-eau-dropson-4000\\\/#breadcrumb\",\"itemListElement\":[{\"@type\":\"ListItem\",\"position\":1,\"name\":\"\u0627\u0644\u0631\u0626\u064a\u0633\u064a\u0629\",\"item\":\"https:\\\/\\\/cheliastore.dz\\\/ar\\\/\"},{\"@type\":\"ListItem\",\"position\":2,\"name\":\"Boutique\",\"item\":\"https:\\\/\\\/cheliastore.dz\\\/ar\\\/shop\\\/\"},{\"@type\":\"ListItem\",\"position\":3,\"name\":\"FILTRE ANTI CALCAIRE EMI 4000 DROPSON\"}]},{\"@type\":\"WebSite\",\"@id\":\"https:\\\/\\\/cheliastore.dz\\\/#website\",\"url\":\"https:\\\/\\\/cheliastore.dz\\\/\",\"name\":\"CHELIA STORE\",\"description\":\"CHELIA STORE\",\"publisher\":{\"@id\":\"https:\\\/\\\/cheliastore.dz\\\/#organization\"},\"potentialAction\":[{\"@type\":\"SearchAction\",\"target\":{\"@type\":\"EntryPoint\",\"urlTemplate\":\"https:\\\/\\\/cheliastore.dz\\\/?s={search_term_string}\"},\"query-input\":{\"@type\":\"PropertyValueSpecification\",\"valueRequired\":true,\"valueName\":\"search_term_string\"}}],\"inLanguage\":\"ar\"},{\"@type\":\"Organization\",\"@id\":\"https:\\\/\\\/cheliastore.dz\\\/#organization\",\"name\":\"Chelia Store\",\"url\":\"https:\\\/\\\/cheliastore.dz\\\/\",\"logo\":{\"@type\":\"ImageObject\",\"inLanguage\":\"ar\",\"@id\":\"https:\\\/\\\/cheliastore.dz\\\/#\\\/schema\\\/logo\\\/image\\\/\",\"url\":\"https:\\\/\\\/cheliastore.dz\\\/wp-content\\\/uploads\\\/2022\\\/01\\\/logo-final-250.png\",\"contentUrl\":\"https:\\\/\\\/cheliastore.dz\\\/wp-content\\\/uploads\\\/2022\\\/01\\\/logo-final-250.png\",\"width\":250,\"height\":78,\"caption\":\"Chelia Store\"},\"image\":{\"@id\":\"https:\\\/\\\/cheliastore.dz\\\/#\\\/schema\\\/logo\\\/image\\\/\"},\"sameAs\":[\"https:\\\/\\\/web.facebook.com\\\/cheliastore\",\"https:\\\/\\\/www.instagram.com\\\/quincaillerie.chelia\\\/\"]}]}<\/script>\n<!-- \/ Yoast SEO Premium plugin. -->","yoast_head_json":{"title":"Adoucisseur eau anti calcaire DROPSON |EMI4000 - Prix & livraison","description":"Commandez le filtre adoucisseur eau anti-calcaire de DROPSON \u00e0 un prix unique en Alg\u00e9rie. Profitez d'une eau pure et sans calcaire pour prot\u00e9ger votre sant\u00e9","robots":{"index":"index","follow":"follow","max-snippet":"max-snippet:-1","max-image-preview":"max-image-preview:large","max-video-preview":"max-video-preview:-1"},"canonical":"https:\/\/cheliastore.dz\/product\/adoucisseur-eau-dropson-4000\/","og_locale":"ar_AR","og_type":"article","og_title":"FILTRE ANTI CALCAIRE EMI 4000 DROPSON","og_description":"Commandez le filtre adoucisseur eau anti-calcaire de DROPSON \u00e0 un prix unique en Alg\u00e9rie. Profitez d'une eau pure et sans calcaire pour prot\u00e9ger votre sant\u00e9","og_url":"https:\/\/cheliastore.dz\/product\/adoucisseur-eau-dropson-4000\/","og_site_name":"CHELIA STORE","article_publisher":"https:\/\/web.facebook.com\/cheliastore","article_modified_time":"2026-01-11T03:15:38+00:00","og_image":[{"width":2560,"height":1888,"url":"https:\/\/cheliastore.dz\/wp-content\/uploads\/2022\/01\/dropson2.jpg","type":"image\/jpeg"}],"twitter_card":"summary_large_image","twitter_misc":{"\u0648\u0642\u062a \u0627\u0644\u0642\u0631\u0627\u0621\u0629 \u0627\u0644\u0645\u064f\u0642\u062f\u0651\u0631":"\u062f\u0642\u064a\u0642\u062a\u0627\u0646"},"schema":{"@context":"https:\/\/schema.org","@graph":[{"@type":"WebPage","@id":"https:\/\/cheliastore.dz\/product\/adoucisseur-eau-dropson-4000\/","url":"https:\/\/cheliastore.dz\/product\/adoucisseur-eau-dropson-4000\/","name":"Adoucisseur eau anti calcaire DROPSON |EMI4000 - Prix & livraison","isPartOf":{"@id":"https:\/\/cheliastore.dz\/#website"},"primaryImageOfPage":{"@id":"https:\/\/cheliastore.dz\/product\/adoucisseur-eau-dropson-4000\/#primaryimage"},"image":{"@id":"https:\/\/cheliastore.dz\/product\/adoucisseur-eau-dropson-4000\/#primaryimage"},"thumbnailUrl":"https:\/\/cheliastore.dz\/wp-content\/uploads\/2022\/01\/dropson2.jpg","datePublished":"2022-01-03T14:38:45+00:00","dateModified":"2026-01-11T03:15:38+00:00","description":"Commandez le filtre adoucisseur eau anti-calcaire de DROPSON \u00e0 un prix unique en Alg\u00e9rie. Profitez d'une eau pure et sans calcaire pour prot\u00e9ger votre sant\u00e9","breadcrumb":{"@id":"https:\/\/cheliastore.dz\/product\/adoucisseur-eau-dropson-4000\/#breadcrumb"},"inLanguage":"ar","potentialAction":[{"@type":"ReadAction","target":["https:\/\/cheliastore.dz\/product\/adoucisseur-eau-dropson-4000\/"]}]},{"@type":"ImageObject","inLanguage":"ar","@id":"https:\/\/cheliastore.dz\/product\/adoucisseur-eau-dropson-4000\/#primaryimage","url":"https:\/\/cheliastore.dz\/wp-content\/uploads\/2022\/01\/dropson2.jpg","contentUrl":"https:\/\/cheliastore.dz\/wp-content\/uploads\/2022\/01\/dropson2.jpg","width":2560,"height":1888},{"@type":"BreadcrumbList","@id":"https:\/\/cheliastore.dz\/product\/adoucisseur-eau-dropson-4000\/#breadcrumb","itemListElement":[{"@type":"ListItem","position":1,"name":"\u0627\u0644\u0631\u0626\u064a\u0633\u064a\u0629","item":"https:\/\/cheliastore.dz\/ar\/"},{"@type":"ListItem","position":2,"name":"Boutique","item":"https:\/\/cheliastore.dz\/ar\/shop\/"},{"@type":"ListItem","position":3,"name":"FILTRE ANTI CALCAIRE EMI 4000 DROPSON"}]},{"@type":"WebSite","@id":"https:\/\/cheliastore.dz\/#website","url":"https:\/\/cheliastore.dz\/","name":"CHELIA STORE","description":"CHELIA STORE","publisher":{"@id":"https:\/\/cheliastore.dz\/#organization"},"potentialAction":[{"@type":"SearchAction","target":{"@type":"EntryPoint","urlTemplate":"https:\/\/cheliastore.dz\/?s={search_term_string}"},"query-input":{"@type":"PropertyValueSpecification","valueRequired":true,"valueName":"search_term_string"}}],"inLanguage":"ar"},{"@type":"Organization","@id":"https:\/\/cheliastore.dz\/#organization","name":"Chelia Store","url":"https:\/\/cheliastore.dz\/","logo":{"@type":"ImageObject","inLanguage":"ar","@id":"https:\/\/cheliastore.dz\/#\/schema\/logo\/image\/","url":"https:\/\/cheliastore.dz\/wp-content\/uploads\/2022\/01\/logo-final-250.png","contentUrl":"https:\/\/cheliastore.dz\/wp-content\/uploads\/2022\/01\/logo-final-250.png","width":250,"height":78,"caption":"Chelia Store"},"image":{"@id":"https:\/\/cheliastore.dz\/#\/schema\/logo\/image\/"},"sameAs":["https:\/\/web.facebook.com\/cheliastore","https:\/\/www.instagram.com\/quincaillerie.chelia\/"]}]}},"_links":{"self":[{"href":"https:\/\/cheliastore.dz\/ar\/wp-json\/wp\/v2\/product\/11245","targetHints":{"allow":["GET"]}}],"collection":[{"href":"https:\/\/cheliastore.dz\/ar\/wp-json\/wp\/v2\/product"}],"about":[{"href":"https:\/\/cheliastore.dz\/ar\/wp-json\/wp\/v2\/types\/product"}],"replies":[{"embeddable":true,"href":"https:\/\/cheliastore.dz\/ar\/wp-json\/wp\/v2\/comments?post=11245"}],"version-history":[{"count":1,"href":"https:\/\/cheliastore.dz\/ar\/wp-json\/wp\/v2\/product\/11245\/revisions"}],"predecessor-version":[{"id":57764,"href":"https:\/\/cheliastore.dz\/ar\/wp-json\/wp\/v2\/product\/11245\/revisions\/57764"}],"wp:featuredmedia":[{"embeddable":true,"href":"https:\/\/cheliastore.dz\/ar\/wp-json\/wp\/v2\/media\/11239"}],"wp:attachment":[{"href":"https:\/\/cheliastore.dz\/ar\/wp-json\/wp\/v2\/media?parent=11245"}],"wp:term":[{"taxonomy":"product_brand","embeddable":true,"href":"https:\/\/cheliastore.dz\/ar\/wp-json\/wp\/v2\/product_brand?post=11245"},{"taxonomy":"product_cat","embeddable":true,"href":"https:\/\/cheliastore.dz\/ar\/wp-json\/wp\/v2\/product_cat?post=11245"},{"taxonomy":"product_tag","embeddable":true,"href":"https:\/\/cheliastore.dz\/ar\/wp-json\/wp\/v2\/product_tag?post=11245"}],"curies":[{"name":"wp","href":"https:\/\/api.w.org\/{rel}","templated":true}]}}